{"id":234256,"date":"2025-05-28T09:54:03","date_gmt":"2025-05-28T07:54:03","guid":{"rendered":"https:\/\/www.csj-emballages.com\/produit\/1000-bolsas-de-103-croissants-neutros-14-7-x-21-cm\/"},"modified":"2026-05-13T12:01:49","modified_gmt":"2026-05-13T10:01:49","slug":"1000-bolsas-de-103-croissants-neutros-14-7-x-21-cm","status":"publish","type":"product","link":"https:\/\/www.csj-emballages.com\/es\/produit\/1000-bolsas-de-103-croissants-neutros-14-7-x-21-cm\/","title":{"rendered":"Bolsa media luna lisa 103 14 + 6 x 19 cm por 1000"},"content":{"rendered":"<h2><strong>Bolsa neutra para croissants<\/strong><\/h2>\n<hr>\n<h3>Descripci\u00f3n de nuestra bolsa neutra para croissants 103 14 + 6 x 19 cm por 1000<\/h3>\n<p><!--more--><\/p>\n<p data-start=\"283\" data-end=\"691\">Imprescindible para panader\u00edas, pasteler\u00edas, bocadiller\u00edas y bares de aperitivos, esta <strong data-start=\"372\" data-end=\"412\">bolsa neutra para cruasanes fabricada en papel kraft<\/strong> est\u00e1 dise\u00f1ada para <strong data-start=\"428\" data-end=\"465\">envasar de forma r\u00e1pida y sencilla<\/strong> boller\u00eda, panecillos, rebanadas de quiche y bocadillos fr\u00edos. Fabricada en <strong data-start=\"564\" data-end=\"581\">kraft natural<\/strong>, es <strong data-start=\"600\" data-end=\"639\">resistente, pr\u00e1ctica y ecorresponsable<\/strong>, por lo que resulta ideal para un uso diario intensivo. <\/p>\n<p data-start=\"693\" data-end=\"1008\">Con <strong>unas dimensiones<\/strong> de <strong data-start=\"716\" data-end=\"734\">14 + 6 x 19 cm<\/strong>, esta <strong>bolsa<\/strong> puede contener una gran variedad de productos, al tiempo que garantiza un buen agarre y una presentaci\u00f3n sobria pero cuidada. Su color <strong>neutro<\/strong> combinar\u00e1 a la perfecci\u00f3n con cualquier tipo de establecimiento, ya sea un panadero artesano o un proveedor de comida para llevar. <\/p>\n<p data-start=\"1010\" data-end=\"1269\">En t\u00e9rminos de higiene, cumple su funci\u00f3n: protege eficazmente el producto al tiempo que permite una manipulaci\u00f3n limpia. Y como se vende <strong data-start=\"1142\" data-end=\"1161\">en paquetes de 1.000 unidades<\/strong>, tendr\u00e1 tranquilidad durante mucho tiempo, con existencias suficientes para cubrir los periodos punta. <\/p>\n<p data-start=\"1271\" data-end=\"1495\">Este tipo de <strong>sobre<\/strong> tambi\u00e9n es muy apreciado por los profesionales que quieren evitar envases demasiado recargados visualmente o plastificados. En resumen, sencillo, fiable y econ\u00f3mico: es un <strong data-start=\"1448\" data-end=\"1471\">cl\u00e1sico<\/strong> probado <strong data-start=\"1448\" data-end=\"1471\">.<\/strong>  <\/p>\n<p data-start=\"1550\" data-end=\"1767\"><!--more--><\/p>\n<h4>Sus ventajas:<\/h4>\n<ul>\n<li>Papel kraft natural, sin imprimir, 100% reciclable.<\/li>\n<li>Robusto e ideal para boller\u00eda y peque\u00f1os tentempi\u00e9s.<\/li>\n<li><strong>Formato pr\u00e1ctico<\/strong>: 14 + 6 x 19 cm.<\/li>\n<li>Se vende en grandes cantidades: lotes de 1000.<\/li>\n<li><strong>Neutro y sobrio<\/strong>: adecuado para todos los entornos visuales.<\/li>\n<\/ul>\n<p>&nbsp;<\/p>\n<p><!--more--><\/p>\n<h4>Informaci\u00f3n adicional :<\/h4>\n<ul>\n<li><strong>Embalaje<\/strong>: Caja de 1000<\/li>\n<li><strong>Dimensiones<\/strong>: 14 + 6 x 19 cm<\/li>\n<li><strong>Material<\/strong>: Papel<\/li>\n<li><strong>Color<\/strong>: Marr\u00f3n<\/li>\n<\/ul>\n<p>&nbsp;<\/p>\n<p><!--more--><\/p>\n<p>Esta bolsa de media luna est\u00e1 disponible en un tama\u00f1o m\u00e1s grande: <span style=\"color: #d12727;\"><a style=\"color: #d12727;\" href=\"https:\/\/www.csj-emballages.com\/es\/produit\/1000-bolsas-105-kraft-17-7-x-31-cm-tamano-105\/\"><span style=\"color: #d62727;\">17 + 7 x 31 cm<\/span><\/a><\/span><\/p>\n<p>&nbsp;<\/p>\n<p><!--more--><\/p>\n<p><a href=\"https:\/\/www.csj-emballages.com\/es\/categorie-produit\/envasado-de-alimentos\/panaderia-y-pasteleria\/bolsas-sobres-y-papel\/sacheries-es\/bolsas-para-cruasanes\/\">Ver el resto de nuestra gama de bolsas para croissants<\/a><\/p>\n","protected":false},"excerpt":{"rendered":"<p>Bolsa neutra para croissants Descripci\u00f3n de nuestra bolsa neutra para croissants 103 14 + 6 x 19 cm por 1000<\/p>\n","protected":false},"featured_media":234264,"template":"","meta":{"_acf_changed":false},"product_brand":[],"product_cat":[1150,1145,3871,1654,3352],"product_tag":[],"class_list":{"0":"post-234256","1":"product","2":"type-product","3":"status-publish","4":"has-post-thumbnail","6":"product_cat-envasado-de-alimentos","7":"product_cat-panaderia-y-pasteleria","8":"product_cat-bolsas-sobres-y-papel","9":"product_cat-sacheries-es","10":"product_cat-bolsas-para-cruasanes","12":"first","13":"instock","14":"taxable","15":"shipping-taxable","16":"purchasable","17":"product-type-simple"},"acf":[],"yoast_head":"<!-- This site is optimized with the Yoast SEO Premium plugin v26.6 (Yoast SEO v26.6) - https:\/\/yoast.com\/wordpress\/plugins\/seo\/ -->\n<title>Bolsa Croissant Neutre - 103 14 + 6 x 19 cm por 1000<\/title>\n<meta name=\"description\" content=\"Bolsa kraft lisa para croissants 14+7x21 cm - paquete de 1000. Resistente, ecol\u00f3gico y pr\u00e1ctico para llevar boller\u00eda y aperitivos.\" \/>\n<meta name=\"robots\" content=\"index, follow, max-snippet:-1, max-image-preview:large, max-video-preview:-1\" \/>\n<link rel=\"canonical\" href=\"https:\/\/www.csj-emballages.com\/es\/produit\/1000-bolsas-de-103-croissants-neutros-14-7-x-21-cm\/\" \/>\n<meta property=\"og:locale\" content=\"es_ES\" \/>\n<meta property=\"og:type\" content=\"article\" \/>\n<meta property=\"og:title\" content=\"Bolsa media luna lisa 103 14 + 6 x 19 cm por 1000\" \/>\n<meta property=\"og:description\" content=\"Bolsa kraft lisa para croissants 14+7x21 cm - paquete de 1000. Resistente, ecol\u00f3gico y pr\u00e1ctico para llevar boller\u00eda y aperitivos.\" \/>\n<meta property=\"og:url\" content=\"https:\/\/www.csj-emballages.com\/es\/produit\/1000-bolsas-de-103-croissants-neutros-14-7-x-21-cm\/\" \/>\n<meta property=\"og:site_name\" content=\"CSJ Emballages\" \/>\n<meta property=\"article:publisher\" content=\"https:\/\/www.facebook.com\/csjemballages\" \/>\n<meta property=\"article:modified_time\" content=\"2026-05-13T10:01:49+00:00\" \/>\n<meta property=\"og:image\" content=\"https:\/\/www.csj-emballages.com\/wp-content\/uploads\/2025\/05\/SNR3-1.webp\" \/>\n\t<meta property=\"og:image:width\" content=\"800\" \/>\n\t<meta property=\"og:image:height\" content=\"800\" \/>\n\t<meta property=\"og:image:type\" content=\"image\/webp\" \/>\n<meta name=\"twitter:card\" content=\"summary_large_image\" \/>\n<meta name=\"twitter:label1\" content=\"Tiempo de lectura\" \/>\n\t<meta name=\"twitter:data1\" content=\"1 minuto\" \/>\n<script type=\"application\/ld+json\" class=\"yoast-schema-graph\">{\"@context\":\"https:\/\/schema.org\",\"@graph\":[{\"@type\":\"WebPage\",\"@id\":\"https:\/\/www.csj-emballages.com\/es\/produit\/1000-bolsas-de-103-croissants-neutros-14-7-x-21-cm\/\",\"url\":\"https:\/\/www.csj-emballages.com\/es\/produit\/1000-bolsas-de-103-croissants-neutros-14-7-x-21-cm\/\",\"name\":\"Bolsa Croissant Neutre - 103 14 + 6 x 19 cm por 1000\",\"isPartOf\":{\"@id\":\"https:\/\/www.csj-emballages.com\/es\/#website\"},\"primaryImageOfPage\":{\"@id\":\"https:\/\/www.csj-emballages.com\/es\/produit\/1000-bolsas-de-103-croissants-neutros-14-7-x-21-cm\/#primaryimage\"},\"image\":{\"@id\":\"https:\/\/www.csj-emballages.com\/es\/produit\/1000-bolsas-de-103-croissants-neutros-14-7-x-21-cm\/#primaryimage\"},\"thumbnailUrl\":\"https:\/\/www.csj-emballages.com\/wp-content\/uploads\/2025\/05\/SNR3-1.webp\",\"datePublished\":\"2025-05-28T07:54:03+00:00\",\"dateModified\":\"2026-05-13T10:01:49+00:00\",\"description\":\"Bolsa kraft lisa para croissants 14+7x21 cm - paquete de 1000. Resistente, ecol\u00f3gico y pr\u00e1ctico para llevar boller\u00eda y aperitivos.\",\"breadcrumb\":{\"@id\":\"https:\/\/www.csj-emballages.com\/es\/produit\/1000-bolsas-de-103-croissants-neutros-14-7-x-21-cm\/#breadcrumb\"},\"inLanguage\":\"es\",\"potentialAction\":[{\"@type\":\"ReadAction\",\"target\":[\"https:\/\/www.csj-emballages.com\/es\/produit\/1000-bolsas-de-103-croissants-neutros-14-7-x-21-cm\/\"]}]},{\"@type\":\"ImageObject\",\"inLanguage\":\"es\",\"@id\":\"https:\/\/www.csj-emballages.com\/es\/produit\/1000-bolsas-de-103-croissants-neutros-14-7-x-21-cm\/#primaryimage\",\"url\":\"https:\/\/www.csj-emballages.com\/wp-content\/uploads\/2025\/05\/SNR3-1.webp\",\"contentUrl\":\"https:\/\/www.csj-emballages.com\/wp-content\/uploads\/2025\/05\/SNR3-1.webp\",\"width\":800,\"height\":800,\"caption\":\"Sac croissant neutre\"},{\"@type\":\"BreadcrumbList\",\"@id\":\"https:\/\/www.csj-emballages.com\/es\/produit\/1000-bolsas-de-103-croissants-neutros-14-7-x-21-cm\/#breadcrumb\",\"itemListElement\":[{\"@type\":\"ListItem\",\"position\":1,\"name\":\"Accueil\",\"item\":\"https:\/\/www.csj-emballages.com\/es\/universo-del-envasado-alimentario\/\"},{\"@type\":\"ListItem\",\"position\":2,\"name\":\"Tienda\",\"item\":\"https:\/\/www.csj-emballages.com\/tienda\/\"},{\"@type\":\"ListItem\",\"position\":3,\"name\":\"Bolsa media luna lisa 103 14 + 6 x 19 cm por 1000\"}]},{\"@type\":\"WebSite\",\"@id\":\"https:\/\/www.csj-emballages.com\/es\/#website\",\"url\":\"https:\/\/www.csj-emballages.com\/es\/\",\"name\":\"CSJ Emballages\",\"description\":\"\",\"publisher\":{\"@id\":\"https:\/\/www.csj-emballages.com\/es\/#organization\"},\"potentialAction\":[{\"@type\":\"SearchAction\",\"target\":{\"@type\":\"EntryPoint\",\"urlTemplate\":\"https:\/\/www.csj-emballages.com\/es\/?s={search_term_string}\"},\"query-input\":{\"@type\":\"PropertyValueSpecification\",\"valueRequired\":true,\"valueName\":\"search_term_string\"}}],\"inLanguage\":\"es\"},{\"@type\":\"Organization\",\"@id\":\"https:\/\/www.csj-emballages.com\/es\/#Organization\/\",\"name\":\"CSJ Emballages\",\"url\":\"https:\/\/www.csj-emballages.com\/es\/\",\"logo\":{\"@type\":\"ImageObject\",\"inLanguage\":\"es\",\"@id\":\"https:\/\/www.csj-emballages.com\/es\/#\/schema\/logo\/image\/\",\"url\":\"https:\/\/www.csj-emballages.com\/wp-content\/uploads\/2023\/10\/logo_csj.webp\",\"contentUrl\":\"https:\/\/www.csj-emballages.com\/wp-content\/uploads\/2023\/10\/logo_csj.webp\",\"width\":250,\"height\":95,\"caption\":\"CSJ Emballages\"},\"image\":{\"@id\":\"https:\/\/www.csj-emballages.com\/es\/#\/schema\/logo\/image\/\"},\"sameAs\":[\"https:\/\/www.facebook.com\/csjemballages\"],\"address\":{\"@type\":\"PostalAddress\",\"streetAddress\":\"ZI La Lechere\",\"addressLocality\":\"Patornay\",\"postalCode\":\"39130\",\"addressCountry\":\"FR\"},\"contactPoint\":[{\"@type\":\"ContactPoint\",\"contactType\":\"Service client\",\"telephone\":\"0384254272\",\"email\":\"contact@csj-emballages.com\"}]}]}<\/script>\n<!-- \/ Yoast SEO Premium plugin. -->","yoast_head_json":{"title":"Bolsa Croissant Neutre - 103 14 + 6 x 19 cm por 1000","description":"Bolsa kraft lisa para croissants 14+7x21 cm - paquete de 1000. Resistente, ecol\u00f3gico y pr\u00e1ctico para llevar boller\u00eda y aperitivos.","robots":{"index":"index","follow":"follow","max-snippet":"max-snippet:-1","max-image-preview":"max-image-preview:large","max-video-preview":"max-video-preview:-1"},"canonical":"https:\/\/www.csj-emballages.com\/es\/produit\/1000-bolsas-de-103-croissants-neutros-14-7-x-21-cm\/","og_locale":"es_ES","og_type":"article","og_title":"Bolsa media luna lisa 103 14 + 6 x 19 cm por 1000","og_description":"Bolsa kraft lisa para croissants 14+7x21 cm - paquete de 1000. Resistente, ecol\u00f3gico y pr\u00e1ctico para llevar boller\u00eda y aperitivos.","og_url":"https:\/\/www.csj-emballages.com\/es\/produit\/1000-bolsas-de-103-croissants-neutros-14-7-x-21-cm\/","og_site_name":"CSJ Emballages","article_publisher":"https:\/\/www.facebook.com\/csjemballages","article_modified_time":"2026-05-13T10:01:49+00:00","og_image":[{"width":800,"height":800,"url":"https:\/\/www.csj-emballages.com\/wp-content\/uploads\/2025\/05\/SNR3-1.webp","type":"image\/webp"}],"twitter_card":"summary_large_image","twitter_misc":{"Tiempo de lectura":"1 minuto"},"schema":{"@context":"https:\/\/schema.org","@graph":[{"@type":"WebPage","@id":"https:\/\/www.csj-emballages.com\/es\/produit\/1000-bolsas-de-103-croissants-neutros-14-7-x-21-cm\/","url":"https:\/\/www.csj-emballages.com\/es\/produit\/1000-bolsas-de-103-croissants-neutros-14-7-x-21-cm\/","name":"Bolsa Croissant Neutre - 103 14 + 6 x 19 cm por 1000","isPartOf":{"@id":"https:\/\/www.csj-emballages.com\/es\/#website"},"primaryImageOfPage":{"@id":"https:\/\/www.csj-emballages.com\/es\/produit\/1000-bolsas-de-103-croissants-neutros-14-7-x-21-cm\/#primaryimage"},"image":{"@id":"https:\/\/www.csj-emballages.com\/es\/produit\/1000-bolsas-de-103-croissants-neutros-14-7-x-21-cm\/#primaryimage"},"thumbnailUrl":"https:\/\/www.csj-emballages.com\/wp-content\/uploads\/2025\/05\/SNR3-1.webp","datePublished":"2025-05-28T07:54:03+00:00","dateModified":"2026-05-13T10:01:49+00:00","description":"Bolsa kraft lisa para croissants 14+7x21 cm - paquete de 1000. Resistente, ecol\u00f3gico y pr\u00e1ctico para llevar boller\u00eda y aperitivos.","breadcrumb":{"@id":"https:\/\/www.csj-emballages.com\/es\/produit\/1000-bolsas-de-103-croissants-neutros-14-7-x-21-cm\/#breadcrumb"},"inLanguage":"es","potentialAction":[{"@type":"ReadAction","target":["https:\/\/www.csj-emballages.com\/es\/produit\/1000-bolsas-de-103-croissants-neutros-14-7-x-21-cm\/"]}]},{"@type":"ImageObject","inLanguage":"es","@id":"https:\/\/www.csj-emballages.com\/es\/produit\/1000-bolsas-de-103-croissants-neutros-14-7-x-21-cm\/#primaryimage","url":"https:\/\/www.csj-emballages.com\/wp-content\/uploads\/2025\/05\/SNR3-1.webp","contentUrl":"https:\/\/www.csj-emballages.com\/wp-content\/uploads\/2025\/05\/SNR3-1.webp","width":800,"height":800,"caption":"Sac croissant neutre"},{"@type":"BreadcrumbList","@id":"https:\/\/www.csj-emballages.com\/es\/produit\/1000-bolsas-de-103-croissants-neutros-14-7-x-21-cm\/#breadcrumb","itemListElement":[{"@type":"ListItem","position":1,"name":"Accueil","item":"https:\/\/www.csj-emballages.com\/es\/universo-del-envasado-alimentario\/"},{"@type":"ListItem","position":2,"name":"Tienda","item":"https:\/\/www.csj-emballages.com\/tienda\/"},{"@type":"ListItem","position":3,"name":"Bolsa media luna lisa 103 14 + 6 x 19 cm por 1000"}]},{"@type":"WebSite","@id":"https:\/\/www.csj-emballages.com\/es\/#website","url":"https:\/\/www.csj-emballages.com\/es\/","name":"CSJ Emballages","description":"","publisher":{"@id":"https:\/\/www.csj-emballages.com\/es\/#organization"},"potentialAction":[{"@type":"SearchAction","target":{"@type":"EntryPoint","urlTemplate":"https:\/\/www.csj-emballages.com\/es\/?s={search_term_string}"},"query-input":{"@type":"PropertyValueSpecification","valueRequired":true,"valueName":"search_term_string"}}],"inLanguage":"es"},{"@type":"Organization","@id":"https:\/\/www.csj-emballages.com\/es\/#Organization\/","name":"CSJ Emballages","url":"https:\/\/www.csj-emballages.com\/es\/","logo":{"@type":"ImageObject","inLanguage":"es","@id":"https:\/\/www.csj-emballages.com\/es\/#\/schema\/logo\/image\/","url":"https:\/\/www.csj-emballages.com\/wp-content\/uploads\/2023\/10\/logo_csj.webp","contentUrl":"https:\/\/www.csj-emballages.com\/wp-content\/uploads\/2023\/10\/logo_csj.webp","width":250,"height":95,"caption":"CSJ Emballages"},"image":{"@id":"https:\/\/www.csj-emballages.com\/es\/#\/schema\/logo\/image\/"},"sameAs":["https:\/\/www.facebook.com\/csjemballages"],"address":{"@type":"PostalAddress","streetAddress":"ZI La Lechere","addressLocality":"Patornay","postalCode":"39130","addressCountry":"FR"},"contactPoint":[{"@type":"ContactPoint","contactType":"Service client","telephone":"0384254272","email":"contact@csj-emballages.com"}]}]}},"df_price":12.8,"df_sale_price":"","df_regular_price":12.8,"df_image_link":"https:\/\/www.csj-emballages.com\/wp-content\/uploads\/2025\/05\/SNR3-1-300x300.webp","tiered_pricing_type":"fixed","tiered_pricing_fixed_rules":[],"tiered_pricing_percentage_rules":[],"tiered_pricing_minimum":1,"tiered_pricing_roles_data":[],"_links":{"self":[{"href":"https:\/\/www.csj-emballages.com\/es\/wp-json\/wp\/v2\/product\/234256","targetHints":{"allow":["GET"]}}],"collection":[{"href":"https:\/\/www.csj-emballages.com\/es\/wp-json\/wp\/v2\/product"}],"about":[{"href":"https:\/\/www.csj-emballages.com\/es\/wp-json\/wp\/v2\/types\/product"}],"wp:featuredmedia":[{"embeddable":true,"href":"https:\/\/www.csj-emballages.com\/es\/wp-json\/wp\/v2\/media\/234264"}],"wp:attachment":[{"href":"https:\/\/www.csj-emballages.com\/es\/wp-json\/wp\/v2\/media?parent=234256"}],"wp:term":[{"taxonomy":"product_brand","embeddable":true,"href":"https:\/\/www.csj-emballages.com\/es\/wp-json\/wp\/v2\/product_brand?post=234256"},{"taxonomy":"product_cat","embeddable":true,"href":"https:\/\/www.csj-emballages.com\/es\/wp-json\/wp\/v2\/product_cat?post=234256"},{"taxonomy":"product_tag","embeddable":true,"href":"https:\/\/www.csj-emballages.com\/es\/wp-json\/wp\/v2\/product_tag?post=234256"}],"curies":[{"name":"wp","href":"https:\/\/api.w.org\/{rel}","templated":true}]}}