{"id":234242,"date":"2025-05-28T09:55:15","date_gmt":"2025-05-28T07:55:15","guid":{"rendered":"https:\/\/www.csj-emballages.com\/produit\/100-guantes-de-vinilo-sin-polvo-de-un-solo-uso-pequeno-6-5\/"},"modified":"2026-04-17T02:13:56","modified_gmt":"2026-04-17T00:13:56","slug":"100-guantes-de-vinilo-sin-polvo-de-un-solo-uso-pequeno-6-5","status":"publish","type":"product","link":"https:\/\/www.csj-emballages.com\/es\/produit\/100-guantes-de-vinilo-sin-polvo-de-un-solo-uso-pequeno-6-5\/","title":{"rendered":"Guante de vinilo sin polvo de un solo uso \/ peque\u00f1o 6,5 por 100"},"content":{"rendered":"<h2><strong>Guante de vinilo sin polvo<\/strong><\/h2>\n<hr>\n<h3>Descripci\u00f3n de nuestro guante de vinilo sin polvo de un solo uso \/ peque\u00f1o 6,5 por 100<\/h3>\n<p><!--more--><\/p>\n<p data-start=\"157\" data-end=\"535\">Dise\u00f1ados para satisfacer las necesidades de profesionales y consumidores por igual, estos <strong data-start=\"239\" data-end=\"270\">guantes de vinilo<\/strong> de un solo uso <strong data-start=\"239\" data-end=\"270\">sin talco<\/strong> son la soluci\u00f3n ideal para combinar higiene, comodidad y practicidad en el uso diario. En una talla <strong data-start=\"377\" data-end=\"393\">peque\u00f1a (6,5)<\/strong>, proporcionan un ajuste preciso para las manos m\u00e1s delgadas, permitiendo <strong data-start=\"471\" data-end=\"490\">una buena destreza<\/strong> sin sensaci\u00f3n de incomodidad o flojedad. <\/p>\n<p data-start=\"537\" data-end=\"951\">Estos <strong>guantes<\/strong> est\u00e1n fabricados con <strong data-start=\"565\" data-end=\"582\">vinilo flexible<\/strong>, una alternativa econ\u00f3mica al l\u00e1tex y perfecta para las personas al\u00e9rgicas. <strong>Sin polvo<\/strong>, estos <strong data-start=\"239\" data-end=\"270\">guantes de vinilo sin polvo<\/strong> evitan la posible irritaci\u00f3n de la piel y reducen el riesgo de contaminaci\u00f3n, por lo que son ideales para la <strong data-start=\"808\" data-end=\"838\">manipulaci\u00f3n de alimentos<\/strong>, el <strong data-start=\"844\" data-end=\"862\">cuidado rutinario<\/strong>, el<strong data-start=\"868\" data-end=\"881\">mantenimiento<\/strong> y el uso en <strong data-start=\"909\" data-end=\"950\">cosm\u00e9tica e industria ligera<\/strong>.<\/p>\n<p data-start=\"953\" data-end=\"1287\">La <strong>caja dispensadora de 100 unidades<\/strong> le permite acceder r\u00e1pida y f\u00e1cilmente a cada guante, al tiempo que mantiene su espacio de trabajo limpio y organizado. Su superficie lisa hace que sean f\u00e1ciles de poner y quitar, incluso con las manos ligeramente h\u00famedas. Adem\u00e1s, su discreta transparencia se integra en cualquier entorno profesional.  <\/p>\n<p data-start=\"1289\" data-end=\"1448\">En definitiva, estos guantes de vinilo de la talla S son imprescindibles para cualquiera que busque <strong data-start=\"1382\" data-end=\"1447\">una protecci\u00f3n ligera y econ\u00f3mica sin renunciar a la higiene<\/strong>.<\/p>\n<p data-start=\"1550\" data-end=\"1767\"><!--more--><\/p>\n<h4>Sus ventajas:<\/h4>\n<ul>\n<li><strong>Sin l\u00e1tex<\/strong>: apto para al\u00e9rgicos.<\/li>\n<li><strong>Sin polvo<\/strong>: evita irritaciones y residuos.<\/li>\n<li>Buena sensibilidad t\u00e1ctil y comodidad de uso.<\/li>\n<li><strong>Formato pr\u00e1ctico<\/strong>: caja de 100 guantes.<\/li>\n<li>Ideal para alimentaci\u00f3n, mantenimiento, cuidado o bricolaje.<\/li>\n<\/ul>\n<p>&nbsp;<\/p>\n<p><!--more--><\/p>\n<h4>Informaci\u00f3n adicional :<\/h4>\n<ul>\n<li><strong>Embalaje<\/strong>: Paquete de 100<\/li>\n<li><strong>Talla<\/strong>: Peque\u00f1a \/ S<\/li>\n<li><strong>Material<\/strong>: Vinilo<\/li>\n<li><strong>Tipo<\/strong>: Sin polvo<\/li>\n<li><strong>Color<\/strong>: Transparente<\/li>\n<\/ul>\n<p>&nbsp;<\/p>\n<p><!--more--><\/p>\n<p>Estos guantes de vinilo est\u00e1n disponibles en diferentes tama\u00f1os (micropulverizados): <span style=\"color: #d12727;\"><a style=\"color: #d12727;\" href=\"https:\/\/www.csj-emballages.com\/produit\/100-gants-vinyles-a-usage-unique-poudre-medium-7-5\/\">M<\/a><\/span> \/ <span style=\"color: #d12727;\"><a style=\"color: #d12727;\" href=\"https:\/\/www.csj-emballages.com\/produit\/100-gants-vinyles-a-usage-unique-poudre-large-9\/\">L<\/a><\/span> \/ <span style=\"color: #d12727;\"><a style=\"color: #d12727;\" href=\"https:\/\/www.csj-emballages.com\/es\/produit\/100-guantes-desechables-de-vinilo-empolvados-extra-grandes-10\/\">XL<\/a><\/span><\/p>\n<p>&nbsp;<\/p>\n<p><!--more--><\/p>\n<p><a href=\"https:\/\/www.csj-emballages.com\/es\/categorie-produit\/higiene-y-mantenimiento\/equipamiento-individual\/guantes\/guantes-de-vinilo\/\">Ver el resto de nuestra gama de guantes de vinilo<\/a><\/p>\n","protected":false},"excerpt":{"rendered":"<p>Guante de vinilo sin polvo Descripci\u00f3n de nuestro guante de vinilo sin polvo de un solo uso \/ peque\u00f1o 6,5 por 100<\/p>\n","protected":false},"featured_media":234241,"template":"","meta":{"_acf_changed":false},"product_brand":[],"product_cat":[1226,2325,2700,2755,10272],"product_tag":[],"class_list":{"0":"post-234242","1":"product","2":"type-product","3":"status-publish","4":"has-post-thumbnail","6":"product_cat-higiene-y-mantenimiento","7":"product_cat-equipamiento-individual","8":"product_cat-guantes","9":"product_cat-guantes-de-vinilo","10":"product_cat-liquidacion","12":"first","13":"instock","14":"sale","15":"taxable","16":"shipping-taxable","17":"purchasable","18":"product-type-simple"},"acf":[],"yoast_head":"<!-- This site is optimized with the Yoast SEO Premium plugin v26.6 (Yoast SEO v26.6) - https:\/\/yoast.com\/wordpress\/plugins\/seo\/ -->\n<title>Guante de vinilo sin polvo de un solo uso \/ peque\u00f1o 6,5 por 100<\/title>\n<meta name=\"description\" content=\"Guante de vinilo sin polvo talla S (6,5), suave y c\u00f3modo, perfecto para la higiene, el cuidado o el mantenimiento de alimentos - caja de 100.\" \/>\n<meta name=\"robots\" content=\"index, follow, max-snippet:-1, max-image-preview:large, max-video-preview:-1\" \/>\n<link rel=\"canonical\" href=\"https:\/\/www.csj-emballages.com\/es\/produit\/100-guantes-de-vinilo-sin-polvo-de-un-solo-uso-pequeno-6-5\/\" \/>\n<meta property=\"og:locale\" content=\"es_ES\" \/>\n<meta property=\"og:type\" content=\"article\" \/>\n<meta property=\"og:title\" content=\"Guante de vinilo sin polvo de un solo uso \/ peque\u00f1o 6,5 por 100\" \/>\n<meta property=\"og:description\" content=\"Guante de vinilo sin polvo talla S (6,5), suave y c\u00f3modo, perfecto para la higiene, el cuidado o el mantenimiento de alimentos - caja de 100.\" \/>\n<meta property=\"og:url\" content=\"https:\/\/www.csj-emballages.com\/es\/produit\/100-guantes-de-vinilo-sin-polvo-de-un-solo-uso-pequeno-6-5\/\" \/>\n<meta property=\"og:site_name\" content=\"CSJ Emballages\" \/>\n<meta property=\"article:publisher\" content=\"https:\/\/www.facebook.com\/csjemballages\" \/>\n<meta property=\"article:modified_time\" content=\"2026-04-17T00:13:56+00:00\" \/>\n<meta property=\"og:image\" content=\"https:\/\/www.csj-emballages.com\/wp-content\/uploads\/2025\/05\/GVSNP.webp\" \/>\n\t<meta property=\"og:image:width\" content=\"800\" \/>\n\t<meta property=\"og:image:height\" content=\"800\" \/>\n\t<meta property=\"og:image:type\" content=\"image\/webp\" \/>\n<meta name=\"twitter:card\" content=\"summary_large_image\" \/>\n<meta name=\"twitter:label1\" content=\"Tiempo de lectura\" \/>\n\t<meta name=\"twitter:data1\" content=\"2 minutos\" \/>\n<script type=\"application\/ld+json\" class=\"yoast-schema-graph\">{\"@context\":\"https:\/\/schema.org\",\"@graph\":[{\"@type\":\"WebPage\",\"@id\":\"https:\/\/www.csj-emballages.com\/es\/produit\/100-guantes-de-vinilo-sin-polvo-de-un-solo-uso-pequeno-6-5\/\",\"url\":\"https:\/\/www.csj-emballages.com\/es\/produit\/100-guantes-de-vinilo-sin-polvo-de-un-solo-uso-pequeno-6-5\/\",\"name\":\"Guante de vinilo sin polvo de un solo uso \/ peque\u00f1o 6,5 por 100\",\"isPartOf\":{\"@id\":\"https:\/\/www.csj-emballages.com\/es\/#website\"},\"primaryImageOfPage\":{\"@id\":\"https:\/\/www.csj-emballages.com\/es\/produit\/100-guantes-de-vinilo-sin-polvo-de-un-solo-uso-pequeno-6-5\/#primaryimage\"},\"image\":{\"@id\":\"https:\/\/www.csj-emballages.com\/es\/produit\/100-guantes-de-vinilo-sin-polvo-de-un-solo-uso-pequeno-6-5\/#primaryimage\"},\"thumbnailUrl\":\"https:\/\/www.csj-emballages.com\/wp-content\/uploads\/2025\/05\/GVSNP.webp\",\"datePublished\":\"2025-05-28T07:55:15+00:00\",\"dateModified\":\"2026-04-17T00:13:56+00:00\",\"description\":\"Guante de vinilo sin polvo talla S (6,5), suave y c\u00f3modo, perfecto para la higiene, el cuidado o el mantenimiento de alimentos - caja de 100.\",\"breadcrumb\":{\"@id\":\"https:\/\/www.csj-emballages.com\/es\/produit\/100-guantes-de-vinilo-sin-polvo-de-un-solo-uso-pequeno-6-5\/#breadcrumb\"},\"inLanguage\":\"es\",\"potentialAction\":[{\"@type\":\"ReadAction\",\"target\":[\"https:\/\/www.csj-emballages.com\/es\/produit\/100-guantes-de-vinilo-sin-polvo-de-un-solo-uso-pequeno-6-5\/\"]}]},{\"@type\":\"ImageObject\",\"inLanguage\":\"es\",\"@id\":\"https:\/\/www.csj-emballages.com\/es\/produit\/100-guantes-de-vinilo-sin-polvo-de-un-solo-uso-pequeno-6-5\/#primaryimage\",\"url\":\"https:\/\/www.csj-emballages.com\/wp-content\/uploads\/2025\/05\/GVSNP.webp\",\"contentUrl\":\"https:\/\/www.csj-emballages.com\/wp-content\/uploads\/2025\/05\/GVSNP.webp\",\"width\":800,\"height\":800,\"caption\":\"Gant vinyle non poudr\u00e9\"},{\"@type\":\"BreadcrumbList\",\"@id\":\"https:\/\/www.csj-emballages.com\/es\/produit\/100-guantes-de-vinilo-sin-polvo-de-un-solo-uso-pequeno-6-5\/#breadcrumb\",\"itemListElement\":[{\"@type\":\"ListItem\",\"position\":1,\"name\":\"Accueil\",\"item\":\"https:\/\/www.csj-emballages.com\/es\/universo-del-envasado-alimentario\/\"},{\"@type\":\"ListItem\",\"position\":2,\"name\":\"Tienda\",\"item\":\"https:\/\/www.csj-emballages.com\/tienda\/\"},{\"@type\":\"ListItem\",\"position\":3,\"name\":\"Guante de vinilo sin polvo de un solo uso \/ peque\u00f1o 6,5 por 100\"}]},{\"@type\":\"WebSite\",\"@id\":\"https:\/\/www.csj-emballages.com\/es\/#website\",\"url\":\"https:\/\/www.csj-emballages.com\/es\/\",\"name\":\"CSJ Emballages\",\"description\":\"\",\"publisher\":{\"@id\":\"https:\/\/www.csj-emballages.com\/es\/#organization\"},\"potentialAction\":[{\"@type\":\"SearchAction\",\"target\":{\"@type\":\"EntryPoint\",\"urlTemplate\":\"https:\/\/www.csj-emballages.com\/es\/?s={search_term_string}\"},\"query-input\":{\"@type\":\"PropertyValueSpecification\",\"valueRequired\":true,\"valueName\":\"search_term_string\"}}],\"inLanguage\":\"es\"},{\"@type\":\"Organization\",\"@id\":\"https:\/\/www.csj-emballages.com\/es\/#Organization\/\",\"name\":\"CSJ Emballages\",\"url\":\"https:\/\/www.csj-emballages.com\/es\/\",\"logo\":{\"@type\":\"ImageObject\",\"inLanguage\":\"es\",\"@id\":\"https:\/\/www.csj-emballages.com\/es\/#\/schema\/logo\/image\/\",\"url\":\"https:\/\/www.csj-emballages.com\/wp-content\/uploads\/2023\/10\/logo_csj.webp\",\"contentUrl\":\"https:\/\/www.csj-emballages.com\/wp-content\/uploads\/2023\/10\/logo_csj.webp\",\"width\":250,\"height\":95,\"caption\":\"CSJ Emballages\"},\"image\":{\"@id\":\"https:\/\/www.csj-emballages.com\/es\/#\/schema\/logo\/image\/\"},\"sameAs\":[\"https:\/\/www.facebook.com\/csjemballages\"],\"address\":{\"@type\":\"PostalAddress\",\"streetAddress\":\"ZI La Lechere\",\"addressLocality\":\"Patornay\",\"postalCode\":\"39130\",\"addressCountry\":\"FR\"},\"contactPoint\":[{\"@type\":\"ContactPoint\",\"contactType\":\"Service client\",\"telephone\":\"0384254272\",\"email\":\"contact@csj-emballages.com\"}]}]}<\/script>\n<!-- \/ Yoast SEO Premium plugin. -->","yoast_head_json":{"title":"Guante de vinilo sin polvo de un solo uso \/ peque\u00f1o 6,5 por 100","description":"Guante de vinilo sin polvo talla S (6,5), suave y c\u00f3modo, perfecto para la higiene, el cuidado o el mantenimiento de alimentos - caja de 100.","robots":{"index":"index","follow":"follow","max-snippet":"max-snippet:-1","max-image-preview":"max-image-preview:large","max-video-preview":"max-video-preview:-1"},"canonical":"https:\/\/www.csj-emballages.com\/es\/produit\/100-guantes-de-vinilo-sin-polvo-de-un-solo-uso-pequeno-6-5\/","og_locale":"es_ES","og_type":"article","og_title":"Guante de vinilo sin polvo de un solo uso \/ peque\u00f1o 6,5 por 100","og_description":"Guante de vinilo sin polvo talla S (6,5), suave y c\u00f3modo, perfecto para la higiene, el cuidado o el mantenimiento de alimentos - caja de 100.","og_url":"https:\/\/www.csj-emballages.com\/es\/produit\/100-guantes-de-vinilo-sin-polvo-de-un-solo-uso-pequeno-6-5\/","og_site_name":"CSJ Emballages","article_publisher":"https:\/\/www.facebook.com\/csjemballages","article_modified_time":"2026-04-17T00:13:56+00:00","og_image":[{"width":800,"height":800,"url":"https:\/\/www.csj-emballages.com\/wp-content\/uploads\/2025\/05\/GVSNP.webp","type":"image\/webp"}],"twitter_card":"summary_large_image","twitter_misc":{"Tiempo de lectura":"2 minutos"},"schema":{"@context":"https:\/\/schema.org","@graph":[{"@type":"WebPage","@id":"https:\/\/www.csj-emballages.com\/es\/produit\/100-guantes-de-vinilo-sin-polvo-de-un-solo-uso-pequeno-6-5\/","url":"https:\/\/www.csj-emballages.com\/es\/produit\/100-guantes-de-vinilo-sin-polvo-de-un-solo-uso-pequeno-6-5\/","name":"Guante de vinilo sin polvo de un solo uso \/ peque\u00f1o 6,5 por 100","isPartOf":{"@id":"https:\/\/www.csj-emballages.com\/es\/#website"},"primaryImageOfPage":{"@id":"https:\/\/www.csj-emballages.com\/es\/produit\/100-guantes-de-vinilo-sin-polvo-de-un-solo-uso-pequeno-6-5\/#primaryimage"},"image":{"@id":"https:\/\/www.csj-emballages.com\/es\/produit\/100-guantes-de-vinilo-sin-polvo-de-un-solo-uso-pequeno-6-5\/#primaryimage"},"thumbnailUrl":"https:\/\/www.csj-emballages.com\/wp-content\/uploads\/2025\/05\/GVSNP.webp","datePublished":"2025-05-28T07:55:15+00:00","dateModified":"2026-04-17T00:13:56+00:00","description":"Guante de vinilo sin polvo talla S (6,5), suave y c\u00f3modo, perfecto para la higiene, el cuidado o el mantenimiento de alimentos - caja de 100.","breadcrumb":{"@id":"https:\/\/www.csj-emballages.com\/es\/produit\/100-guantes-de-vinilo-sin-polvo-de-un-solo-uso-pequeno-6-5\/#breadcrumb"},"inLanguage":"es","potentialAction":[{"@type":"ReadAction","target":["https:\/\/www.csj-emballages.com\/es\/produit\/100-guantes-de-vinilo-sin-polvo-de-un-solo-uso-pequeno-6-5\/"]}]},{"@type":"ImageObject","inLanguage":"es","@id":"https:\/\/www.csj-emballages.com\/es\/produit\/100-guantes-de-vinilo-sin-polvo-de-un-solo-uso-pequeno-6-5\/#primaryimage","url":"https:\/\/www.csj-emballages.com\/wp-content\/uploads\/2025\/05\/GVSNP.webp","contentUrl":"https:\/\/www.csj-emballages.com\/wp-content\/uploads\/2025\/05\/GVSNP.webp","width":800,"height":800,"caption":"Gant vinyle non poudr\u00e9"},{"@type":"BreadcrumbList","@id":"https:\/\/www.csj-emballages.com\/es\/produit\/100-guantes-de-vinilo-sin-polvo-de-un-solo-uso-pequeno-6-5\/#breadcrumb","itemListElement":[{"@type":"ListItem","position":1,"name":"Accueil","item":"https:\/\/www.csj-emballages.com\/es\/universo-del-envasado-alimentario\/"},{"@type":"ListItem","position":2,"name":"Tienda","item":"https:\/\/www.csj-emballages.com\/tienda\/"},{"@type":"ListItem","position":3,"name":"Guante de vinilo sin polvo de un solo uso \/ peque\u00f1o 6,5 por 100"}]},{"@type":"WebSite","@id":"https:\/\/www.csj-emballages.com\/es\/#website","url":"https:\/\/www.csj-emballages.com\/es\/","name":"CSJ Emballages","description":"","publisher":{"@id":"https:\/\/www.csj-emballages.com\/es\/#organization"},"potentialAction":[{"@type":"SearchAction","target":{"@type":"EntryPoint","urlTemplate":"https:\/\/www.csj-emballages.com\/es\/?s={search_term_string}"},"query-input":{"@type":"PropertyValueSpecification","valueRequired":true,"valueName":"search_term_string"}}],"inLanguage":"es"},{"@type":"Organization","@id":"https:\/\/www.csj-emballages.com\/es\/#Organization\/","name":"CSJ Emballages","url":"https:\/\/www.csj-emballages.com\/es\/","logo":{"@type":"ImageObject","inLanguage":"es","@id":"https:\/\/www.csj-emballages.com\/es\/#\/schema\/logo\/image\/","url":"https:\/\/www.csj-emballages.com\/wp-content\/uploads\/2023\/10\/logo_csj.webp","contentUrl":"https:\/\/www.csj-emballages.com\/wp-content\/uploads\/2023\/10\/logo_csj.webp","width":250,"height":95,"caption":"CSJ Emballages"},"image":{"@id":"https:\/\/www.csj-emballages.com\/es\/#\/schema\/logo\/image\/"},"sameAs":["https:\/\/www.facebook.com\/csjemballages"],"address":{"@type":"PostalAddress","streetAddress":"ZI La Lechere","addressLocality":"Patornay","postalCode":"39130","addressCountry":"FR"},"contactPoint":[{"@type":"ContactPoint","contactType":"Service client","telephone":"0384254272","email":"contact@csj-emballages.com"}]}]}},"df_price":2.93,"df_sale_price":2.93,"df_regular_price":3.66,"df_image_link":"https:\/\/www.csj-emballages.com\/wp-content\/uploads\/2025\/05\/GVSNP-300x300.webp","tiered_pricing_type":"fixed","tiered_pricing_fixed_rules":[],"tiered_pricing_percentage_rules":[],"tiered_pricing_minimum":1,"tiered_pricing_roles_data":[],"_links":{"self":[{"href":"https:\/\/www.csj-emballages.com\/es\/wp-json\/wp\/v2\/product\/234242","targetHints":{"allow":["GET"]}}],"collection":[{"href":"https:\/\/www.csj-emballages.com\/es\/wp-json\/wp\/v2\/product"}],"about":[{"href":"https:\/\/www.csj-emballages.com\/es\/wp-json\/wp\/v2\/types\/product"}],"wp:featuredmedia":[{"embeddable":true,"href":"https:\/\/www.csj-emballages.com\/es\/wp-json\/wp\/v2\/media\/234241"}],"wp:attachment":[{"href":"https:\/\/www.csj-emballages.com\/es\/wp-json\/wp\/v2\/media?parent=234242"}],"wp:term":[{"taxonomy":"product_brand","embeddable":true,"href":"https:\/\/www.csj-emballages.com\/es\/wp-json\/wp\/v2\/product_brand?post=234242"},{"taxonomy":"product_cat","embeddable":true,"href":"https:\/\/www.csj-emballages.com\/es\/wp-json\/wp\/v2\/product_cat?post=234242"},{"taxonomy":"product_tag","embeddable":true,"href":"https:\/\/www.csj-emballages.com\/es\/wp-json\/wp\/v2\/product_tag?post=234242"}],"curies":[{"name":"wp","href":"https:\/\/api.w.org\/{rel}","templated":true}]}}