{"id":233844,"date":"2025-04-25T12:51:41","date_gmt":"2025-04-25T10:51:41","guid":{"rendered":"https:\/\/www.csj-emballages.com\/produit\/molde-optima-1600-ml-por-40\/"},"modified":"2026-03-12T16:29:38","modified_gmt":"2026-03-12T15:29:38","slug":"molde-optima-1600-ml-por-40","status":"publish","type":"product","link":"https:\/\/www.csj-emballages.com\/es\/produit\/molde-optima-1600-ml-por-40\/","title":{"rendered":"Molde OPTIMA 1600 ml por 40"},"content":{"rendered":"<h2 class=\"keyword-text _ngcontent-hfn-103\" aria-label=\"moule tourti\u00e8re (mot cl\u00e9 que vous avez fourni).\"><span class=\"keyword _ngcontent-hfn-103\" aria-hidden=\"false\">Molde para tartas<\/span><\/h2>\n<hr>\n<h3>Descripci\u00f3n de nuestro molde OPTIMA 1600 ml por 40<\/h3>\n<p><!--more--><\/p>\n<p data-start=\"143\" data-end=\"500\">Dise\u00f1ado para satisfacer las necesidades tanto de los profesionales como de los aficionados a la reposter\u00eda, el <strong data-start=\"235\" data-end=\"265\">molde OPTIMA 1600 ml<\/strong> es indispensable para todas sus preparaciones dulces y saladas. Fabricado con <strong>un cart\u00f3n<\/strong> resistente y r\u00edgido, resiste tanto la cocci\u00f3n en el horno como la congelaci\u00f3n, sin alterar la forma ni el aspecto de sus creaciones. <\/p>\n<p data-start=\"502\" data-end=\"852\">Y con una capacidad de <strong>1600 ml<\/strong>, este <strong>molde desechable<\/strong> tiene el tama\u00f1o perfecto para hacer <strong>pasteles<\/strong>, panes, brownies o incluso terrinas. Se hornea uniformemente gracias a su dise\u00f1o inteligente, que favorece la distribuci\u00f3n del calor. El resultado: una bonita corteza dorada, un horneado uniforme y un desmoldado suave.  <\/p>\n<p data-start=\"854\" data-end=\"1177\">Se vende en paquetes de <strong>40<\/strong> unidades y es ideal para <strong data-start=\"908\" data-end=\"921\">hosteleros<\/strong>, <strong data-start=\"923\" data-end=\"937\">panaderos<\/strong> y <strong data-start=\"939\" data-end=\"956\">restauradores<\/strong>, as\u00ed como para <strong data-start=\"973\" data-end=\"989\">particulares<\/strong> que deseen preparar porciones con antelaci\u00f3n o para eventos (buffets, brunchs, aperitivos, etc.). Le ahorra tiempo: no necesita engrasar ni limpiar despu\u00e9s de usar. <\/p>\n<p data-start=\"1179\" data-end=\"1396\">Este <strong>molde para tartas<\/strong> es una verdadera ayuda pr\u00e1ctica, sobre todo si trabaja en volumen o en un evento. Adem\u00e1s, su dise\u00f1o sobrio y profesional se adaptar\u00e1 a cualquier presentaci\u00f3n, desde la m\u00e1s sencilla a la m\u00e1s refinada. <\/p>\n<p data-start=\"1398\" data-end=\"1502\"><strong data-start=\"1398\" data-end=\"1502\">En resumen, elija una olla fiable, limpia y eficaz para cocinar con \u00e9xito y prestar un servicio meticuloso.<\/strong><\/p>\n<p><!--more--><\/p>\n<h4>Sus ventajas:<\/h4>\n<ul>\n<li data-start=\"959\" data-end=\"1054\">Ideal para raciones individuales o compartidas.<\/li>\n<li data-start=\"959\" data-end=\"1054\">Resistente a la grasa.<\/li>\n<li data-start=\"959\" data-end=\"1054\">Se cocina uniformemente y es f\u00e1cil de desmoldar.<\/li>\n<li data-start=\"959\" data-end=\"1054\">Listo para usar, sin necesidad de engrasar.<\/li>\n<li data-start=\"959\" data-end=\"1054\">Este molde se vende en un paquete econ\u00f3mico de 30 unidades.<\/li>\n<\/ul>\n<p>&nbsp;<\/p>\n<p><!--more--><\/p>\n<h4>Informaci\u00f3n adicional :<\/h4>\n<ul>\n<li><strong>Envase<\/strong>: Paquete de 40<\/li>\n<li><strong>Dimensiones exteriores<\/strong>: 255 x 115 (L x A en mm)<\/li>\n<li><strong>Dimensiones interiores<\/strong>: 230 x 90 (L x A en mm)<\/li>\n<li><strong>Altura<\/strong>: 65 mm<\/li>\n<li><strong>Volumen<\/strong>: 1600 ml<\/li>\n<li><strong>Material<\/strong>: Cart\u00f3n \/ papel<\/li>\n<li><strong>Color<\/strong>: Marr\u00f3n \/ Blanco<\/li>\n<\/ul>\n<p>&nbsp;<\/p>\n<p><!--more--><\/p>\n<p>Encuentre aqu\u00ed todos los tama\u00f1os disponibles para este molde: <span style=\"color: #d12727;\"><a style=\"color: #d12727;\" href=\"https:\/\/www.csj-emballages.com\/de\/produit\/optima-kuchenform-600-ml-pro-30\/\">600 ml<\/a><\/span> \/ <span style=\"color: #d12727;\"><a style=\"color: #d12727;\" href=\"https:\/\/www.csj-emballages.com\/de\/produit\/optima-kuchenform-900-ml-pro-15\/\">900 ml<\/a><\/span> \/ <span style=\"color: #d12727;\"><a style=\"color: #d12727;\" href=\"https:\/\/www.csj-emballages.com\/es\/produit\/molde-para-tartas-optima-1100-ml-por-40\/\">1100 ml<\/a><\/span><\/p>\n<p>&nbsp;<\/p>\n<p><!--more--><\/p>\n<p><a href=\"https:\/\/www.csj-emballages.com\/es\/categorie-produit\/envasado-de-alimentos\/panaderia-y-pasteleria\/cocina-es\/moldes-de-carton-optima\/\">Ver el resto de nuestra gama de moldes de cart\u00f3n OPTIMA<\/a><\/p>\n","protected":false},"excerpt":{"rendered":"<p>Molde para tartas Descripci\u00f3n de nuestro molde OPTIMA 1600 ml por 40<\/p>\n","protected":false},"featured_media":233843,"template":"","meta":{"_acf_changed":false},"product_brand":[],"product_cat":[1150,1145,3872,9370],"product_tag":[],"class_list":{"0":"post-233844","1":"product","2":"type-product","3":"status-publish","4":"has-post-thumbnail","6":"product_cat-envasado-de-alimentos","7":"product_cat-panaderia-y-pasteleria","8":"product_cat-cocina-es","9":"product_cat-moldes-de-carton-optima","11":"first","12":"instock","13":"taxable","14":"shipping-taxable","15":"purchasable","16":"product-type-simple"},"acf":[],"yoast_head":"<!-- This site is optimized with the Yoast SEO Premium plugin v26.6 (Yoast SEO v26.6) - https:\/\/yoast.com\/wordpress\/plugins\/seo\/ -->\n<title>Molde OPTIMA 1600 ml por 40<\/title>\n<meta name=\"description\" content=\"Molde para tartas OPTIMA 1600 ml x40: ideal para hornear, congelar, catering y uso privado. Resistente, listo para usar, para una cocci\u00f3n perfecta.\" \/>\n<meta name=\"robots\" content=\"index, follow, max-snippet:-1, max-image-preview:large, max-video-preview:-1\" \/>\n<link rel=\"canonical\" href=\"https:\/\/www.csj-emballages.com\/es\/produit\/molde-optima-1600-ml-por-40\/\" \/>\n<meta property=\"og:locale\" content=\"es_ES\" \/>\n<meta property=\"og:type\" content=\"article\" \/>\n<meta property=\"og:title\" content=\"Molde OPTIMA 1600 ml por 40\" \/>\n<meta property=\"og:description\" content=\"Molde para tartas OPTIMA 1600 ml x40: ideal para hornear, congelar, catering y uso privado. Resistente, listo para usar, para una cocci\u00f3n perfecta.\" \/>\n<meta property=\"og:url\" content=\"https:\/\/www.csj-emballages.com\/es\/produit\/molde-optima-1600-ml-por-40\/\" \/>\n<meta property=\"og:site_name\" content=\"CSJ Emballages\" \/>\n<meta property=\"article:publisher\" content=\"https:\/\/www.facebook.com\/csjemballages\" \/>\n<meta property=\"article:modified_time\" content=\"2026-03-12T15:29:38+00:00\" \/>\n<meta property=\"og:image\" content=\"https:\/\/www.csj-emballages.com\/wp-content\/uploads\/2025\/04\/MO1600OPTI.webp\" \/>\n\t<meta property=\"og:image:width\" content=\"800\" \/>\n\t<meta property=\"og:image:height\" content=\"801\" \/>\n\t<meta property=\"og:image:type\" content=\"image\/webp\" \/>\n<meta name=\"twitter:card\" content=\"summary_large_image\" \/>\n<meta name=\"twitter:label1\" content=\"Tiempo de lectura\" \/>\n\t<meta name=\"twitter:data1\" content=\"2 minutos\" \/>\n<script type=\"application\/ld+json\" class=\"yoast-schema-graph\">{\"@context\":\"https:\/\/schema.org\",\"@graph\":[{\"@type\":\"WebPage\",\"@id\":\"https:\/\/www.csj-emballages.com\/es\/produit\/molde-optima-1600-ml-por-40\/\",\"url\":\"https:\/\/www.csj-emballages.com\/es\/produit\/molde-optima-1600-ml-por-40\/\",\"name\":\"Molde OPTIMA 1600 ml por 40\",\"isPartOf\":{\"@id\":\"https:\/\/www.csj-emballages.com\/es\/#website\"},\"primaryImageOfPage\":{\"@id\":\"https:\/\/www.csj-emballages.com\/es\/produit\/molde-optima-1600-ml-por-40\/#primaryimage\"},\"image\":{\"@id\":\"https:\/\/www.csj-emballages.com\/es\/produit\/molde-optima-1600-ml-por-40\/#primaryimage\"},\"thumbnailUrl\":\"https:\/\/www.csj-emballages.com\/wp-content\/uploads\/2025\/04\/MO1600OPTI.webp\",\"datePublished\":\"2025-04-25T10:51:41+00:00\",\"dateModified\":\"2026-03-12T15:29:38+00:00\",\"description\":\"Molde para tartas OPTIMA 1600 ml x40: ideal para hornear, congelar, catering y uso privado. Resistente, listo para usar, para una cocci\u00f3n perfecta.\",\"breadcrumb\":{\"@id\":\"https:\/\/www.csj-emballages.com\/es\/produit\/molde-optima-1600-ml-por-40\/#breadcrumb\"},\"inLanguage\":\"es\",\"potentialAction\":[{\"@type\":\"ReadAction\",\"target\":[\"https:\/\/www.csj-emballages.com\/es\/produit\/molde-optima-1600-ml-por-40\/\"]}]},{\"@type\":\"ImageObject\",\"inLanguage\":\"es\",\"@id\":\"https:\/\/www.csj-emballages.com\/es\/produit\/molde-optima-1600-ml-por-40\/#primaryimage\",\"url\":\"https:\/\/www.csj-emballages.com\/wp-content\/uploads\/2025\/04\/MO1600OPTI.webp\",\"contentUrl\":\"https:\/\/www.csj-emballages.com\/wp-content\/uploads\/2025\/04\/MO1600OPTI.webp\",\"width\":800,\"height\":801,\"caption\":\"Moule \u00e0 cake\"},{\"@type\":\"BreadcrumbList\",\"@id\":\"https:\/\/www.csj-emballages.com\/es\/produit\/molde-optima-1600-ml-por-40\/#breadcrumb\",\"itemListElement\":[{\"@type\":\"ListItem\",\"position\":1,\"name\":\"Accueil\",\"item\":\"https:\/\/www.csj-emballages.com\/es\/universo-del-envasado-alimentario\/\"},{\"@type\":\"ListItem\",\"position\":2,\"name\":\"Tienda\",\"item\":\"https:\/\/www.csj-emballages.com\/tienda\/\"},{\"@type\":\"ListItem\",\"position\":3,\"name\":\"Molde OPTIMA 1600 ml por 40\"}]},{\"@type\":\"WebSite\",\"@id\":\"https:\/\/www.csj-emballages.com\/es\/#website\",\"url\":\"https:\/\/www.csj-emballages.com\/es\/\",\"name\":\"CSJ Emballages\",\"description\":\"\",\"publisher\":{\"@id\":\"https:\/\/www.csj-emballages.com\/es\/#organization\"},\"potentialAction\":[{\"@type\":\"SearchAction\",\"target\":{\"@type\":\"EntryPoint\",\"urlTemplate\":\"https:\/\/www.csj-emballages.com\/es\/?s={search_term_string}\"},\"query-input\":{\"@type\":\"PropertyValueSpecification\",\"valueRequired\":true,\"valueName\":\"search_term_string\"}}],\"inLanguage\":\"es\"},{\"@type\":\"Organization\",\"@id\":\"https:\/\/www.csj-emballages.com\/es\/#Organization\/\",\"name\":\"CSJ Emballages\",\"url\":\"https:\/\/www.csj-emballages.com\/es\/\",\"logo\":{\"@type\":\"ImageObject\",\"inLanguage\":\"es\",\"@id\":\"https:\/\/www.csj-emballages.com\/es\/#\/schema\/logo\/image\/\",\"url\":\"https:\/\/www.csj-emballages.com\/wp-content\/uploads\/2023\/10\/logo_csj.webp\",\"contentUrl\":\"https:\/\/www.csj-emballages.com\/wp-content\/uploads\/2023\/10\/logo_csj.webp\",\"width\":250,\"height\":95,\"caption\":\"CSJ Emballages\"},\"image\":{\"@id\":\"https:\/\/www.csj-emballages.com\/es\/#\/schema\/logo\/image\/\"},\"sameAs\":[\"https:\/\/www.facebook.com\/csjemballages\"],\"address\":{\"@type\":\"PostalAddress\",\"streetAddress\":\"ZI La Lechere\",\"addressLocality\":\"Patornay\",\"postalCode\":\"39130\",\"addressCountry\":\"FR\"},\"contactPoint\":[{\"@type\":\"ContactPoint\",\"contactType\":\"Service client\",\"telephone\":\"0384254272\",\"email\":\"contact@csj-emballages.com\"}]}]}<\/script>\n<!-- \/ Yoast SEO Premium plugin. -->","yoast_head_json":{"title":"Molde OPTIMA 1600 ml por 40","description":"Molde para tartas OPTIMA 1600 ml x40: ideal para hornear, congelar, catering y uso privado. Resistente, listo para usar, para una cocci\u00f3n perfecta.","robots":{"index":"index","follow":"follow","max-snippet":"max-snippet:-1","max-image-preview":"max-image-preview:large","max-video-preview":"max-video-preview:-1"},"canonical":"https:\/\/www.csj-emballages.com\/es\/produit\/molde-optima-1600-ml-por-40\/","og_locale":"es_ES","og_type":"article","og_title":"Molde OPTIMA 1600 ml por 40","og_description":"Molde para tartas OPTIMA 1600 ml x40: ideal para hornear, congelar, catering y uso privado. Resistente, listo para usar, para una cocci\u00f3n perfecta.","og_url":"https:\/\/www.csj-emballages.com\/es\/produit\/molde-optima-1600-ml-por-40\/","og_site_name":"CSJ Emballages","article_publisher":"https:\/\/www.facebook.com\/csjemballages","article_modified_time":"2026-03-12T15:29:38+00:00","og_image":[{"width":800,"height":801,"url":"https:\/\/www.csj-emballages.com\/wp-content\/uploads\/2025\/04\/MO1600OPTI.webp","type":"image\/webp"}],"twitter_card":"summary_large_image","twitter_misc":{"Tiempo de lectura":"2 minutos"},"schema":{"@context":"https:\/\/schema.org","@graph":[{"@type":"WebPage","@id":"https:\/\/www.csj-emballages.com\/es\/produit\/molde-optima-1600-ml-por-40\/","url":"https:\/\/www.csj-emballages.com\/es\/produit\/molde-optima-1600-ml-por-40\/","name":"Molde OPTIMA 1600 ml por 40","isPartOf":{"@id":"https:\/\/www.csj-emballages.com\/es\/#website"},"primaryImageOfPage":{"@id":"https:\/\/www.csj-emballages.com\/es\/produit\/molde-optima-1600-ml-por-40\/#primaryimage"},"image":{"@id":"https:\/\/www.csj-emballages.com\/es\/produit\/molde-optima-1600-ml-por-40\/#primaryimage"},"thumbnailUrl":"https:\/\/www.csj-emballages.com\/wp-content\/uploads\/2025\/04\/MO1600OPTI.webp","datePublished":"2025-04-25T10:51:41+00:00","dateModified":"2026-03-12T15:29:38+00:00","description":"Molde para tartas OPTIMA 1600 ml x40: ideal para hornear, congelar, catering y uso privado. Resistente, listo para usar, para una cocci\u00f3n perfecta.","breadcrumb":{"@id":"https:\/\/www.csj-emballages.com\/es\/produit\/molde-optima-1600-ml-por-40\/#breadcrumb"},"inLanguage":"es","potentialAction":[{"@type":"ReadAction","target":["https:\/\/www.csj-emballages.com\/es\/produit\/molde-optima-1600-ml-por-40\/"]}]},{"@type":"ImageObject","inLanguage":"es","@id":"https:\/\/www.csj-emballages.com\/es\/produit\/molde-optima-1600-ml-por-40\/#primaryimage","url":"https:\/\/www.csj-emballages.com\/wp-content\/uploads\/2025\/04\/MO1600OPTI.webp","contentUrl":"https:\/\/www.csj-emballages.com\/wp-content\/uploads\/2025\/04\/MO1600OPTI.webp","width":800,"height":801,"caption":"Moule \u00e0 cake"},{"@type":"BreadcrumbList","@id":"https:\/\/www.csj-emballages.com\/es\/produit\/molde-optima-1600-ml-por-40\/#breadcrumb","itemListElement":[{"@type":"ListItem","position":1,"name":"Accueil","item":"https:\/\/www.csj-emballages.com\/es\/universo-del-envasado-alimentario\/"},{"@type":"ListItem","position":2,"name":"Tienda","item":"https:\/\/www.csj-emballages.com\/tienda\/"},{"@type":"ListItem","position":3,"name":"Molde OPTIMA 1600 ml por 40"}]},{"@type":"WebSite","@id":"https:\/\/www.csj-emballages.com\/es\/#website","url":"https:\/\/www.csj-emballages.com\/es\/","name":"CSJ Emballages","description":"","publisher":{"@id":"https:\/\/www.csj-emballages.com\/es\/#organization"},"potentialAction":[{"@type":"SearchAction","target":{"@type":"EntryPoint","urlTemplate":"https:\/\/www.csj-emballages.com\/es\/?s={search_term_string}"},"query-input":{"@type":"PropertyValueSpecification","valueRequired":true,"valueName":"search_term_string"}}],"inLanguage":"es"},{"@type":"Organization","@id":"https:\/\/www.csj-emballages.com\/es\/#Organization\/","name":"CSJ Emballages","url":"https:\/\/www.csj-emballages.com\/es\/","logo":{"@type":"ImageObject","inLanguage":"es","@id":"https:\/\/www.csj-emballages.com\/es\/#\/schema\/logo\/image\/","url":"https:\/\/www.csj-emballages.com\/wp-content\/uploads\/2023\/10\/logo_csj.webp","contentUrl":"https:\/\/www.csj-emballages.com\/wp-content\/uploads\/2023\/10\/logo_csj.webp","width":250,"height":95,"caption":"CSJ Emballages"},"image":{"@id":"https:\/\/www.csj-emballages.com\/es\/#\/schema\/logo\/image\/"},"sameAs":["https:\/\/www.facebook.com\/csjemballages"],"address":{"@type":"PostalAddress","streetAddress":"ZI La Lechere","addressLocality":"Patornay","postalCode":"39130","addressCountry":"FR"},"contactPoint":[{"@type":"ContactPoint","contactType":"Service client","telephone":"0384254272","email":"contact@csj-emballages.com"}]}]}},"df_price":28.25,"df_sale_price":"","df_regular_price":28.25,"df_image_link":"https:\/\/www.csj-emballages.com\/wp-content\/uploads\/2025\/04\/MO1600OPTI-300x300.webp","tiered_pricing_type":"fixed","tiered_pricing_fixed_rules":[],"tiered_pricing_percentage_rules":[],"tiered_pricing_minimum":1,"tiered_pricing_roles_data":[],"_links":{"self":[{"href":"https:\/\/www.csj-emballages.com\/es\/wp-json\/wp\/v2\/product\/233844","targetHints":{"allow":["GET"]}}],"collection":[{"href":"https:\/\/www.csj-emballages.com\/es\/wp-json\/wp\/v2\/product"}],"about":[{"href":"https:\/\/www.csj-emballages.com\/es\/wp-json\/wp\/v2\/types\/product"}],"wp:featuredmedia":[{"embeddable":true,"href":"https:\/\/www.csj-emballages.com\/es\/wp-json\/wp\/v2\/media\/233843"}],"wp:attachment":[{"href":"https:\/\/www.csj-emballages.com\/es\/wp-json\/wp\/v2\/media?parent=233844"}],"wp:term":[{"taxonomy":"product_brand","embeddable":true,"href":"https:\/\/www.csj-emballages.com\/es\/wp-json\/wp\/v2\/product_brand?post=233844"},{"taxonomy":"product_cat","embeddable":true,"href":"https:\/\/www.csj-emballages.com\/es\/wp-json\/wp\/v2\/product_cat?post=233844"},{"taxonomy":"product_tag","embeddable":true,"href":"https:\/\/www.csj-emballages.com\/es\/wp-json\/wp\/v2\/product_tag?post=233844"}],"curies":[{"name":"wp","href":"https:\/\/api.w.org\/{rel}","templated":true}]}}