{"id":233777,"date":"2025-04-25T13:31:55","date_gmt":"2025-04-25T11:31:55","guid":{"rendered":"https:\/\/www.csj-emballages.com\/produit\/molde-optima-tourtiere-248-mm-por-c\/"},"modified":"2026-03-12T16:47:18","modified_gmt":"2026-03-12T15:47:18","slug":"molde-optima-tourtiere-248-mm-por-c","status":"publish","type":"product","link":"https:\/\/www.csj-emballages.com\/es\/produit\/molde-optima-tourtiere-248-mm-por-c\/","title":{"rendered":"OPTIMA molde 248 mm por 200"},"content":{"rendered":"<h2 class=\"keyword-text _ngcontent-hfn-103\" aria-label=\"moule tourti\u00e8re (mot cl\u00e9 que vous avez fourni).\"><span class=\"keyword _ngcontent-hfn-103\" aria-hidden=\"false\">Molde Tourti\u00e8re<\/span><\/h2>\n<hr>\n<h3>Descripci\u00f3n de nuestro molde OPTIMA para pastel de cerdo 248 mm por 200<\/h3>\n<p><!--more--><\/p>\n<p class=\"\" data-start=\"170\" data-end=\"463\">El <strong>molde para tourti\u00e8re OPTIMA de 248 mm<\/strong> es indispensable tanto para los profesionales de la restauraci\u00f3n como para los aficionados a la cocina casera. Dise\u00f1ado para una cocci\u00f3n uniforme y un f\u00e1cil desmoldeo, ofrece un excelente compromiso entre practicidad, robustez y atractivo est\u00e9tico. <\/p>\n<p class=\"\" data-start=\"465\" data-end=\"789\">Con un<strong data-start=\"474\" data-end=\"496\"> di\u00e1metro de<\/strong> <strong>248<\/strong><strong data-start=\"474\" data-end=\"496\"> mm<\/strong> y <strong>una altura de 23 mm<\/strong>, este molde es perfecto para <strong>peque\u00f1as quiches gruesas, tartas dulces o saladas<\/strong>, o preparaciones individuales para un emplatado refinado. Su forma profunda admite rellenos abundantes sin riesgo de desbordamiento. <\/p>\n<p class=\"\" data-start=\"791\" data-end=\"1034\">Fabricada <strong data-start=\"808\" data-end=\"843\">con material resistente al calor<\/strong>, cocina uniformemente, con un bonito color dorado y una textura controlada. Tanto si lo utiliza en un horno convencional como de convecci\u00f3n, garantiza unos resultados limpios y profesionales. <\/p>\n<p class=\"\" data-start=\"1036\" data-end=\"1359\">Es un <strong>molde tourti\u00e8re<\/strong> dise\u00f1ado para ahorrar tiempo en la cocina: apilable, ligero y f\u00e1cil de manejar, va del horno a la encimera sin ocupar espacio. Es ideal para empresas de catering, panader\u00edas, pasteler\u00edas y restaurantes, as\u00ed como para particulares que buscan un equipo fiable y duradero. <\/p>\n<p><!--more--><\/p>\n<h4>Sus ventajas:<\/h4>\n<ul>\n<li data-start=\"959\" data-end=\"1054\">Cocci\u00f3n uniforme para unos resultados perfectos.<\/li>\n<li data-start=\"959\" data-end=\"1054\">Altura ideal para accesorios generosos.<\/li>\n<li data-start=\"959\" data-end=\"1054\">F\u00e1cil de manejar y apilar.<\/li>\n<li data-start=\"959\" data-end=\"1054\">Material robusto y duradero.<\/li>\n<li data-start=\"959\" data-end=\"1054\"><strong data-start=\"1671\" data-end=\"1695\">Se venden en paquetes de 200<\/strong> unidades: perfectos para grandes pedidos y eventos.<\/li>\n<\/ul>\n<p>&nbsp;<\/p>\n<p><!--more--><\/p>\n<h4>Informaci\u00f3n adicional :<\/h4>\n<ul>\n<li><strong>Envase<\/strong>: Paquete de 200<\/li>\n<li><strong>Di\u00e1metro exterior<\/strong>: 285 mm<\/li>\n<li><strong>Di\u00e1metro interior<\/strong>: 248 mm<\/li>\n<li><strong>Altura<\/strong>: 23 mm<\/li>\n<li><strong>Material<\/strong>: Cart\u00f3n \/ papel<\/li>\n<li><strong>Color<\/strong>: Marr\u00f3n \/ Blanco<\/li>\n<\/ul>\n<p>&nbsp;<\/p>\n<p><!--more--><\/p>\n<p>Encuentre aqu\u00ed todas las tallas disponibles para este molde de tourti\u00e8re : <span style=\"color: #d12727\"><a style=\"color: #d12727\" href=\"https:\/\/www.csj-emballages.com\/es\/produit\/optima-molde-147-mm-par-75\/\">147 mm<\/a><\/span> \/ <span style=\"color: #d12727\"><a style=\"color: #d12727\" href=\"https:\/\/www.csj-emballages.com\/es\/produit\/molde-optima-170-mm-x-70\/\">170 mm<\/a><\/span> \/ <span style=\"color: #d12727\"><a style=\"color: #d12727\" href=\"https:\/\/www.csj-emballages.com\/es\/produit\/molde-para-tourtiere-optima-185-mm-250-unid\/\">185 mm<\/a><\/span> \/ <span style=\"color: #d12727\"><a style=\"color: #d12727\" href=\"https:\/\/www.csj-emballages.com\/es\/produit\/optima-molde-218-mm-por-200\/\">218 mm<\/a><\/span><\/p>\n<p>&nbsp;<\/p>\n<p><!--more--><\/p>\n<p><a href=\"https:\/\/www.csj-emballages.com\/es\/categorie-produit\/envasado-de-alimentos\/panaderia-y-pasteleria\/cocina-es\/moldes-de-carton-optima\/\">Ver el resto de nuestra gama de moldes de cart\u00f3n OPTIMA<\/a><\/p>\n<p>&nbsp;<\/p>\n","protected":false},"excerpt":{"rendered":"<p>Molde Tourti\u00e8re Descripci\u00f3n de nuestro molde OPTIMA para pastel de cerdo 248 mm por 200<\/p>\n","protected":false},"featured_media":233776,"template":"","meta":{"_acf_changed":false},"product_brand":[],"product_cat":[1150,1145,3872,9370],"product_tag":[],"class_list":{"0":"post-233777","1":"product","2":"type-product","3":"status-publish","4":"has-post-thumbnail","6":"product_cat-envasado-de-alimentos","7":"product_cat-panaderia-y-pasteleria","8":"product_cat-cocina-es","9":"product_cat-moldes-de-carton-optima","11":"first","12":"instock","13":"taxable","14":"shipping-taxable","15":"purchasable","16":"product-type-simple"},"acf":[],"yoast_head":"<!-- This site is optimized with the Yoast SEO Premium plugin v26.6 (Yoast SEO v26.6) - https:\/\/yoast.com\/wordpress\/plugins\/seo\/ -->\n<title>Molde OPTIMA Tourti\u00e8re 248 mm por 200<\/title>\n<meta name=\"description\" content=\"Molde para tourti\u00e8re OPTIMA de 248 mm ideal para tartas y pasteles gruesos. Robusto, pr\u00e1ctico y perfecto tanto para profesionales como para usuarios dom\u00e9sticos.\" \/>\n<meta name=\"robots\" content=\"index, follow, max-snippet:-1, max-image-preview:large, max-video-preview:-1\" \/>\n<link rel=\"canonical\" href=\"https:\/\/www.csj-emballages.com\/es\/produit\/molde-optima-tourtiere-248-mm-por-c\/\" \/>\n<meta property=\"og:locale\" content=\"es_ES\" \/>\n<meta property=\"og:type\" content=\"article\" \/>\n<meta property=\"og:title\" content=\"OPTIMA molde 248 mm por 200\" \/>\n<meta property=\"og:description\" content=\"Molde para tourti\u00e8re OPTIMA de 248 mm ideal para tartas y pasteles gruesos. Robusto, pr\u00e1ctico y perfecto tanto para profesionales como para usuarios dom\u00e9sticos.\" \/>\n<meta property=\"og:url\" content=\"https:\/\/www.csj-emballages.com\/es\/produit\/molde-optima-tourtiere-248-mm-por-c\/\" \/>\n<meta property=\"og:site_name\" content=\"CSJ Emballages\" \/>\n<meta property=\"article:publisher\" content=\"https:\/\/www.facebook.com\/csjemballages\" \/>\n<meta property=\"article:modified_time\" content=\"2026-03-12T15:47:18+00:00\" \/>\n<meta property=\"og:image\" content=\"https:\/\/www.csj-emballages.com\/wp-content\/uploads\/2025\/04\/TO270OPTI.webp\" \/>\n\t<meta property=\"og:image:width\" content=\"800\" \/>\n\t<meta property=\"og:image:height\" content=\"800\" \/>\n\t<meta property=\"og:image:type\" content=\"image\/webp\" \/>\n<meta name=\"twitter:card\" content=\"summary_large_image\" \/>\n<meta name=\"twitter:label1\" content=\"Tiempo de lectura\" \/>\n\t<meta name=\"twitter:data1\" content=\"1 minuto\" \/>\n<script type=\"application\/ld+json\" class=\"yoast-schema-graph\">{\"@context\":\"https:\/\/schema.org\",\"@graph\":[{\"@type\":\"WebPage\",\"@id\":\"https:\/\/www.csj-emballages.com\/es\/produit\/molde-optima-tourtiere-248-mm-por-c\/\",\"url\":\"https:\/\/www.csj-emballages.com\/es\/produit\/molde-optima-tourtiere-248-mm-por-c\/\",\"name\":\"Molde OPTIMA Tourti\u00e8re 248 mm por 200\",\"isPartOf\":{\"@id\":\"https:\/\/www.csj-emballages.com\/es\/#website\"},\"primaryImageOfPage\":{\"@id\":\"https:\/\/www.csj-emballages.com\/es\/produit\/molde-optima-tourtiere-248-mm-por-c\/#primaryimage\"},\"image\":{\"@id\":\"https:\/\/www.csj-emballages.com\/es\/produit\/molde-optima-tourtiere-248-mm-por-c\/#primaryimage\"},\"thumbnailUrl\":\"https:\/\/www.csj-emballages.com\/wp-content\/uploads\/2025\/04\/TO270OPTI.webp\",\"datePublished\":\"2025-04-25T11:31:55+00:00\",\"dateModified\":\"2026-03-12T15:47:18+00:00\",\"description\":\"Molde para tourti\u00e8re OPTIMA de 248 mm ideal para tartas y pasteles gruesos. Robusto, pr\u00e1ctico y perfecto tanto para profesionales como para usuarios dom\u00e9sticos.\",\"breadcrumb\":{\"@id\":\"https:\/\/www.csj-emballages.com\/es\/produit\/molde-optima-tourtiere-248-mm-por-c\/#breadcrumb\"},\"inLanguage\":\"es\",\"potentialAction\":[{\"@type\":\"ReadAction\",\"target\":[\"https:\/\/www.csj-emballages.com\/es\/produit\/molde-optima-tourtiere-248-mm-por-c\/\"]}]},{\"@type\":\"ImageObject\",\"inLanguage\":\"es\",\"@id\":\"https:\/\/www.csj-emballages.com\/es\/produit\/molde-optima-tourtiere-248-mm-por-c\/#primaryimage\",\"url\":\"https:\/\/www.csj-emballages.com\/wp-content\/uploads\/2025\/04\/TO270OPTI.webp\",\"contentUrl\":\"https:\/\/www.csj-emballages.com\/wp-content\/uploads\/2025\/04\/TO270OPTI.webp\",\"width\":800,\"height\":800,\"caption\":\"Moule tourti\u00e8re\"},{\"@type\":\"BreadcrumbList\",\"@id\":\"https:\/\/www.csj-emballages.com\/es\/produit\/molde-optima-tourtiere-248-mm-por-c\/#breadcrumb\",\"itemListElement\":[{\"@type\":\"ListItem\",\"position\":1,\"name\":\"Accueil\",\"item\":\"https:\/\/www.csj-emballages.com\/es\/universo-del-envasado-alimentario\/\"},{\"@type\":\"ListItem\",\"position\":2,\"name\":\"Tienda\",\"item\":\"https:\/\/www.csj-emballages.com\/tienda\/\"},{\"@type\":\"ListItem\",\"position\":3,\"name\":\"OPTIMA molde 248 mm por 200\"}]},{\"@type\":\"WebSite\",\"@id\":\"https:\/\/www.csj-emballages.com\/es\/#website\",\"url\":\"https:\/\/www.csj-emballages.com\/es\/\",\"name\":\"CSJ Emballages\",\"description\":\"\",\"publisher\":{\"@id\":\"https:\/\/www.csj-emballages.com\/es\/#organization\"},\"potentialAction\":[{\"@type\":\"SearchAction\",\"target\":{\"@type\":\"EntryPoint\",\"urlTemplate\":\"https:\/\/www.csj-emballages.com\/es\/?s={search_term_string}\"},\"query-input\":{\"@type\":\"PropertyValueSpecification\",\"valueRequired\":true,\"valueName\":\"search_term_string\"}}],\"inLanguage\":\"es\"},{\"@type\":\"Organization\",\"@id\":\"https:\/\/www.csj-emballages.com\/es\/#Organization\/\",\"name\":\"CSJ Emballages\",\"url\":\"https:\/\/www.csj-emballages.com\/es\/\",\"logo\":{\"@type\":\"ImageObject\",\"inLanguage\":\"es\",\"@id\":\"https:\/\/www.csj-emballages.com\/es\/#\/schema\/logo\/image\/\",\"url\":\"https:\/\/www.csj-emballages.com\/wp-content\/uploads\/2023\/10\/logo_csj.webp\",\"contentUrl\":\"https:\/\/www.csj-emballages.com\/wp-content\/uploads\/2023\/10\/logo_csj.webp\",\"width\":250,\"height\":95,\"caption\":\"CSJ Emballages\"},\"image\":{\"@id\":\"https:\/\/www.csj-emballages.com\/es\/#\/schema\/logo\/image\/\"},\"sameAs\":[\"https:\/\/www.facebook.com\/csjemballages\"],\"address\":{\"@type\":\"PostalAddress\",\"streetAddress\":\"ZI La Lechere\",\"addressLocality\":\"Patornay\",\"postalCode\":\"39130\",\"addressCountry\":\"FR\"},\"contactPoint\":[{\"@type\":\"ContactPoint\",\"contactType\":\"Service client\",\"telephone\":\"0384254272\",\"email\":\"contact@csj-emballages.com\"}]}]}<\/script>\n<!-- \/ Yoast SEO Premium plugin. -->","yoast_head_json":{"title":"Molde OPTIMA Tourti\u00e8re 248 mm por 200","description":"Molde para tourti\u00e8re OPTIMA de 248 mm ideal para tartas y pasteles gruesos. Robusto, pr\u00e1ctico y perfecto tanto para profesionales como para usuarios dom\u00e9sticos.","robots":{"index":"index","follow":"follow","max-snippet":"max-snippet:-1","max-image-preview":"max-image-preview:large","max-video-preview":"max-video-preview:-1"},"canonical":"https:\/\/www.csj-emballages.com\/es\/produit\/molde-optima-tourtiere-248-mm-por-c\/","og_locale":"es_ES","og_type":"article","og_title":"OPTIMA molde 248 mm por 200","og_description":"Molde para tourti\u00e8re OPTIMA de 248 mm ideal para tartas y pasteles gruesos. Robusto, pr\u00e1ctico y perfecto tanto para profesionales como para usuarios dom\u00e9sticos.","og_url":"https:\/\/www.csj-emballages.com\/es\/produit\/molde-optima-tourtiere-248-mm-por-c\/","og_site_name":"CSJ Emballages","article_publisher":"https:\/\/www.facebook.com\/csjemballages","article_modified_time":"2026-03-12T15:47:18+00:00","og_image":[{"width":800,"height":800,"url":"https:\/\/www.csj-emballages.com\/wp-content\/uploads\/2025\/04\/TO270OPTI.webp","type":"image\/webp"}],"twitter_card":"summary_large_image","twitter_misc":{"Tiempo de lectura":"1 minuto"},"schema":{"@context":"https:\/\/schema.org","@graph":[{"@type":"WebPage","@id":"https:\/\/www.csj-emballages.com\/es\/produit\/molde-optima-tourtiere-248-mm-por-c\/","url":"https:\/\/www.csj-emballages.com\/es\/produit\/molde-optima-tourtiere-248-mm-por-c\/","name":"Molde OPTIMA Tourti\u00e8re 248 mm por 200","isPartOf":{"@id":"https:\/\/www.csj-emballages.com\/es\/#website"},"primaryImageOfPage":{"@id":"https:\/\/www.csj-emballages.com\/es\/produit\/molde-optima-tourtiere-248-mm-por-c\/#primaryimage"},"image":{"@id":"https:\/\/www.csj-emballages.com\/es\/produit\/molde-optima-tourtiere-248-mm-por-c\/#primaryimage"},"thumbnailUrl":"https:\/\/www.csj-emballages.com\/wp-content\/uploads\/2025\/04\/TO270OPTI.webp","datePublished":"2025-04-25T11:31:55+00:00","dateModified":"2026-03-12T15:47:18+00:00","description":"Molde para tourti\u00e8re OPTIMA de 248 mm ideal para tartas y pasteles gruesos. Robusto, pr\u00e1ctico y perfecto tanto para profesionales como para usuarios dom\u00e9sticos.","breadcrumb":{"@id":"https:\/\/www.csj-emballages.com\/es\/produit\/molde-optima-tourtiere-248-mm-por-c\/#breadcrumb"},"inLanguage":"es","potentialAction":[{"@type":"ReadAction","target":["https:\/\/www.csj-emballages.com\/es\/produit\/molde-optima-tourtiere-248-mm-por-c\/"]}]},{"@type":"ImageObject","inLanguage":"es","@id":"https:\/\/www.csj-emballages.com\/es\/produit\/molde-optima-tourtiere-248-mm-por-c\/#primaryimage","url":"https:\/\/www.csj-emballages.com\/wp-content\/uploads\/2025\/04\/TO270OPTI.webp","contentUrl":"https:\/\/www.csj-emballages.com\/wp-content\/uploads\/2025\/04\/TO270OPTI.webp","width":800,"height":800,"caption":"Moule tourti\u00e8re"},{"@type":"BreadcrumbList","@id":"https:\/\/www.csj-emballages.com\/es\/produit\/molde-optima-tourtiere-248-mm-por-c\/#breadcrumb","itemListElement":[{"@type":"ListItem","position":1,"name":"Accueil","item":"https:\/\/www.csj-emballages.com\/es\/universo-del-envasado-alimentario\/"},{"@type":"ListItem","position":2,"name":"Tienda","item":"https:\/\/www.csj-emballages.com\/tienda\/"},{"@type":"ListItem","position":3,"name":"OPTIMA molde 248 mm por 200"}]},{"@type":"WebSite","@id":"https:\/\/www.csj-emballages.com\/es\/#website","url":"https:\/\/www.csj-emballages.com\/es\/","name":"CSJ Emballages","description":"","publisher":{"@id":"https:\/\/www.csj-emballages.com\/es\/#organization"},"potentialAction":[{"@type":"SearchAction","target":{"@type":"EntryPoint","urlTemplate":"https:\/\/www.csj-emballages.com\/es\/?s={search_term_string}"},"query-input":{"@type":"PropertyValueSpecification","valueRequired":true,"valueName":"search_term_string"}}],"inLanguage":"es"},{"@type":"Organization","@id":"https:\/\/www.csj-emballages.com\/es\/#Organization\/","name":"CSJ Emballages","url":"https:\/\/www.csj-emballages.com\/es\/","logo":{"@type":"ImageObject","inLanguage":"es","@id":"https:\/\/www.csj-emballages.com\/es\/#\/schema\/logo\/image\/","url":"https:\/\/www.csj-emballages.com\/wp-content\/uploads\/2023\/10\/logo_csj.webp","contentUrl":"https:\/\/www.csj-emballages.com\/wp-content\/uploads\/2023\/10\/logo_csj.webp","width":250,"height":95,"caption":"CSJ Emballages"},"image":{"@id":"https:\/\/www.csj-emballages.com\/es\/#\/schema\/logo\/image\/"},"sameAs":["https:\/\/www.facebook.com\/csjemballages"],"address":{"@type":"PostalAddress","streetAddress":"ZI La Lechere","addressLocality":"Patornay","postalCode":"39130","addressCountry":"FR"},"contactPoint":[{"@type":"ContactPoint","contactType":"Service client","telephone":"0384254272","email":"contact@csj-emballages.com"}]}]}},"df_price":102.23,"df_sale_price":"","df_regular_price":102.23,"df_image_link":"https:\/\/www.csj-emballages.com\/wp-content\/uploads\/2025\/04\/TO270OPTI-300x300.webp","tiered_pricing_type":"fixed","tiered_pricing_fixed_rules":[],"tiered_pricing_percentage_rules":[],"tiered_pricing_minimum":1,"tiered_pricing_roles_data":[],"_links":{"self":[{"href":"https:\/\/www.csj-emballages.com\/es\/wp-json\/wp\/v2\/product\/233777","targetHints":{"allow":["GET"]}}],"collection":[{"href":"https:\/\/www.csj-emballages.com\/es\/wp-json\/wp\/v2\/product"}],"about":[{"href":"https:\/\/www.csj-emballages.com\/es\/wp-json\/wp\/v2\/types\/product"}],"wp:featuredmedia":[{"embeddable":true,"href":"https:\/\/www.csj-emballages.com\/es\/wp-json\/wp\/v2\/media\/233776"}],"wp:attachment":[{"href":"https:\/\/www.csj-emballages.com\/es\/wp-json\/wp\/v2\/media?parent=233777"}],"wp:term":[{"taxonomy":"product_brand","embeddable":true,"href":"https:\/\/www.csj-emballages.com\/es\/wp-json\/wp\/v2\/product_brand?post=233777"},{"taxonomy":"product_cat","embeddable":true,"href":"https:\/\/www.csj-emballages.com\/es\/wp-json\/wp\/v2\/product_cat?post=233777"},{"taxonomy":"product_tag","embeddable":true,"href":"https:\/\/www.csj-emballages.com\/es\/wp-json\/wp\/v2\/product_tag?post=233777"}],"curies":[{"name":"wp","href":"https:\/\/api.w.org\/{rel}","templated":true}]}}