{"id":23371,"date":"2024-03-01T16:49:22","date_gmt":"2024-03-01T15:49:22","guid":{"rendered":"https:\/\/u15jnbdpoq.preview.infomaniak.website\/produit\/50-suelas-doradas-negras-de-bordes-rectos-25-x-10-cm\/"},"modified":"2026-04-28T02:18:42","modified_gmt":"2026-04-28T00:18:42","slug":"50-suelas-doradas-negras-de-bordes-rectos-25-x-10-cm","status":"publish","type":"product","link":"https:\/\/www.csj-emballages.com\/es\/produit\/50-suelas-doradas-negras-de-bordes-rectos-25-x-10-cm\/","title":{"rendered":"Suela de tronco con bordes rectos oro \/ negro 25 x 10 cm por 50"},"content":{"rendered":"<h2>Suela de tronco<\/h2>\n<hr>\n<h3>Descripci\u00f3n de nuestra suela de tronco dorada \/ negra de bordes rectos 25 x 10 cm por 50<\/h3>\n<p><!--more--><\/p>\n<p data-start=\"101\" data-end=\"582\">Presente sus creaciones de pasteler\u00eda con estilo con la <strong data-start=\"165\" data-end=\"223\">base de tronco de 25 x 10 cm con bordes rectos dorados\/negros, paquete de 50 unidades<\/strong>. Especialmente dise\u00f1ada para los profesionales de la gastronom\u00eda y los entusiastas de la reposter\u00eda, esta <strong>base de<\/strong> cart\u00f3n realza sus troncos, entremets o pasteles enrollados con un llamativo contraste visual. Su <strong data-start=\"437\" data-end=\"451\">parte delantera dorada<\/strong> atrae inmediatamente las miradas y realza la presentaci\u00f3n, mientras que su <strong data-start=\"526\" data-end=\"540\">parte trasera negra<\/strong> ofrece una alternativa sobria y moderna.  <\/p>\n<p data-start=\"584\" data-end=\"1019\">Robusta y resistente, la <strong data-start=\"610\" data-end=\"640\">base de cart\u00f3n alimentario<\/strong> proporciona un excelente soporte, incluso para los postres m\u00e1s generosos. Con sus <strong data-start=\"722\" data-end=\"743\">bordes limpios y rectos<\/strong>, proporciona un acabado pulcro y una presentaci\u00f3n impecable en sus buffets, vitrinas o bandejas de fiesta. Su formato <strong>de 25 x 10 cm<\/strong> es perfecto para <strong>troncos peque\u00f1os<\/strong>, garantizando un soporte fiable durante el transporte y el servicio.  <\/p>\n<p data-start=\"1021\" data-end=\"1304\">Envasada en <strong data-start=\"1038\" data-end=\"1051\">lotes de 50<\/strong>, esta <strong>base de troncos<\/strong> satisface las necesidades de los profesionales. F\u00e1cil de manipular y colocar, ahorra tiempo a la vez que mejora la calidad de sus productos. <\/p>\n<p data-start=\"1306\" data-end=\"1563\">Adopte la <strong data-start=\"1317\" data-end=\"1344\">base de tronco dorado\/negro<\/strong> para combinar solidez, est\u00e9tica y \u00e9xito en la presentaci\u00f3n de sus postres. Un accesorio indispensable para pasteleros, restauradores y hosteleros que deseen mostrar su maestr\u00eda con esmero y autenticidad. <\/p>\n<p>&nbsp;<\/p>\n<p><!--more--><\/p>\n<h4><strong>Ventajas :<\/strong><\/h4>\n<ul>\n<li><strong data-start=\"1588\" data-end=\"1611\">Recto-verso dorado\/negro<\/strong>: dos acabados a juego con sus presentaciones.<\/li>\n<li><strong data-start=\"1668\" data-end=\"1689\">Formato de 20 x 10 cm<\/strong>: ideal para troncos y pasteles enrollados.<\/li>\n<li><strong data-start=\"1732\" data-end=\"1753\">Bordes limpios y rectos<\/strong> para un aspecto preciso y limpio.<\/li>\n<li><strong data-start=\"1790\" data-end=\"1822\">Cart\u00f3n alimentario resistente<\/strong>: mantiene los postres en su sitio.<\/li>\n<li><strong data-start=\"1857\" data-end=\"1883\">Envasadas en paquetes de 50<\/strong> unidades: perfectas para uso profesional.<\/li>\n<\/ul>\n<p>&nbsp;<\/p>\n<p><!--more--><\/p>\n<h4>Informaci\u00f3n adicional :<\/h4>\n<ul>\n<li><strong>Envase<\/strong>: Paquete de 50<\/li>\n<li><strong>Dimensiones<\/strong>: 25 x 10 cm<\/li>\n<li><strong>Material<\/strong>: Cart\u00f3n<\/li>\n<li><strong>Color<\/strong>: Oro \/ Negro<\/li>\n<\/ul>\n<p>&nbsp;<\/p>\n<p><!--more--><\/p>\n<p>Estas plantillas est\u00e1n disponibles en varias tallas: <span style=\"color: #d12727;\"><a style=\"color: #d12727;\" href=\"https:\/\/www.csj-emballages.com\/produit\/50-semelles-bords-droits-or-noir-20x10-cm-buche-noel-non-festonnees-carton\/\">20&#215;10 cm<\/a><\/span> \/ <span style=\"color: #d12727;\"><a style=\"color: #d12727;\" href=\"https:\/\/www.csj-emballages.com\/produit\/50-semelles-bords-droits-or-noir-30-x-10-cm\/\">30&#215;10 cm<\/a><\/span> \/ <span style=\"color: #d12727;\"><a style=\"color: #d12727;\" href=\"https:\/\/www.csj-emballages.com\/produit\/50-semelles-bords-droits-or-noir-35-x-10-cm\/\">35&#215;10 cm<\/a><\/span> \/ <span style=\"color: #d12727;\"><a style=\"color: #d12727;\" href=\"https:\/\/www.csj-emballages.com\/es\/produit\/25-cajas-de-carton-blanco-para-pasteleria-de-40-x-10-cm\/\">40&#215;10 cm<\/a><\/span> \/ <span style=\"color: #d12727;\"><a style=\"color: #d12727;\" href=\"https:\/\/www.csj-emballages.com\/produit\/50-semelles-bords-droits-or-noir-44-x-10-cm\/\">44&#215;10 cm<\/a><\/span> \/ <span style=\"color: #d12727;\"><a style=\"color: #d12727;\" href=\"https:\/\/www.csj-emballages.com\/produit\/50-semelles-bords-droits-or-noir-49-x-10-cm\/\">50&#215;10 cm<\/a><\/span> \/ <span style=\"color: #d12727;\"><a style=\"color: #d12727;\" href=\"https:\/\/www.csj-emballages.com\/produit\/50-semelles-bords-droits-or-noir-60-x-10-cm\/\">60&#215;10 cm<\/a><\/span><\/p>\n<p>&nbsp;<\/p>\n<p><!--more--><\/p>\n<p><a href=\"https:\/\/www.csj-emballages.com\/es\/categorie-produit\/envasado-de-alimentos\/panaderia-y-pasteleria\/soportes-de-base-para-tartas\/suelas-de-troncos\/\">Consulte el resto de nuestra gama de suelas de tronco aqu\u00ed<\/a><\/p>\n","protected":false},"excerpt":{"rendered":"<p>Suela de tronco Descripci\u00f3n de nuestra suela de tronco dorada \/ negra de bordes rectos 25 x 10 cm por 50<\/p>\n","protected":false},"featured_media":242500,"template":"","meta":{"_acf_changed":false},"product_brand":[],"product_cat":[1150,1145,2085,3459,1911,3266],"product_tag":[],"class_list":{"0":"post-23371","1":"product","2":"type-product","3":"status-publish","4":"has-post-thumbnail","6":"product_cat-envasado-de-alimentos","7":"product_cat-panaderia-y-pasteleria","8":"product_cat-cajas-de-troncos","9":"product_cat-suelas-de-troncos-es","10":"product_cat-soportes-de-base-para-tartas","11":"product_cat-suelas-de-troncos","13":"first","14":"instock","15":"taxable","16":"shipping-taxable","17":"purchasable","18":"product-type-simple"},"acf":[],"yoast_head":"<!-- This site is optimized with the Yoast SEO Premium plugin v26.6 (Yoast SEO v26.6) - https:\/\/yoast.com\/wordpress\/plugins\/seo\/ -->\n<title>Dorado \/ Negro Borde recto Suela de tronco 25 x 10 cm por 50<\/title>\n<meta name=\"description\" content=\"Descubre nuestros insertos de cart\u00f3n dorado\/negro de 25x10 cm, \u00a1perfectos para exponer tus troncos y facilitar su transporte!\" \/>\n<meta name=\"robots\" content=\"index, follow, max-snippet:-1, max-image-preview:large, max-video-preview:-1\" \/>\n<link rel=\"canonical\" href=\"https:\/\/www.csj-emballages.com\/es\/produit\/50-suelas-doradas-negras-de-bordes-rectos-25-x-10-cm\/\" \/>\n<meta property=\"og:locale\" content=\"es_ES\" \/>\n<meta property=\"og:type\" content=\"article\" \/>\n<meta property=\"og:title\" content=\"Suela de tronco con bordes rectos oro \/ negro 25 x 10 cm por 50\" \/>\n<meta property=\"og:description\" content=\"Descubre nuestros insertos de cart\u00f3n dorado\/negro de 25x10 cm, \u00a1perfectos para exponer tus troncos y facilitar su transporte!\" \/>\n<meta property=\"og:url\" content=\"https:\/\/www.csj-emballages.com\/es\/produit\/50-suelas-doradas-negras-de-bordes-rectos-25-x-10-cm\/\" \/>\n<meta property=\"og:site_name\" content=\"CSJ Emballages\" \/>\n<meta property=\"article:publisher\" content=\"https:\/\/www.facebook.com\/csjemballages\" \/>\n<meta property=\"article:modified_time\" content=\"2026-04-28T00:18:42+00:00\" \/>\n<meta property=\"og:image\" content=\"https:\/\/www.csj-emballages.com\/wp-content\/uploads\/2024\/03\/Semelle-buche-1.webp\" \/>\n\t<meta property=\"og:image:width\" content=\"800\" \/>\n\t<meta property=\"og:image:height\" content=\"800\" \/>\n\t<meta property=\"og:image:type\" content=\"image\/webp\" \/>\n<meta name=\"twitter:card\" content=\"summary_large_image\" \/>\n<meta name=\"twitter:label1\" content=\"Tiempo de lectura\" \/>\n\t<meta name=\"twitter:data1\" content=\"2 minutos\" \/>\n<script type=\"application\/ld+json\" class=\"yoast-schema-graph\">{\"@context\":\"https:\/\/schema.org\",\"@graph\":[{\"@type\":\"WebPage\",\"@id\":\"https:\/\/www.csj-emballages.com\/es\/produit\/50-suelas-doradas-negras-de-bordes-rectos-25-x-10-cm\/\",\"url\":\"https:\/\/www.csj-emballages.com\/es\/produit\/50-suelas-doradas-negras-de-bordes-rectos-25-x-10-cm\/\",\"name\":\"Dorado \/ Negro Borde recto Suela de tronco 25 x 10 cm por 50\",\"isPartOf\":{\"@id\":\"https:\/\/www.csj-emballages.com\/es\/#website\"},\"primaryImageOfPage\":{\"@id\":\"https:\/\/www.csj-emballages.com\/es\/produit\/50-suelas-doradas-negras-de-bordes-rectos-25-x-10-cm\/#primaryimage\"},\"image\":{\"@id\":\"https:\/\/www.csj-emballages.com\/es\/produit\/50-suelas-doradas-negras-de-bordes-rectos-25-x-10-cm\/#primaryimage\"},\"thumbnailUrl\":\"https:\/\/www.csj-emballages.com\/wp-content\/uploads\/2024\/03\/Semelle-buche-1.webp\",\"datePublished\":\"2024-03-01T15:49:22+00:00\",\"dateModified\":\"2026-04-28T00:18:42+00:00\",\"description\":\"Descubre nuestros insertos de cart\u00f3n dorado\/negro de 25x10 cm, \u00a1perfectos para exponer tus troncos y facilitar su transporte!\",\"breadcrumb\":{\"@id\":\"https:\/\/www.csj-emballages.com\/es\/produit\/50-suelas-doradas-negras-de-bordes-rectos-25-x-10-cm\/#breadcrumb\"},\"inLanguage\":\"es\",\"potentialAction\":[{\"@type\":\"ReadAction\",\"target\":[\"https:\/\/www.csj-emballages.com\/es\/produit\/50-suelas-doradas-negras-de-bordes-rectos-25-x-10-cm\/\"]}]},{\"@type\":\"ImageObject\",\"inLanguage\":\"es\",\"@id\":\"https:\/\/www.csj-emballages.com\/es\/produit\/50-suelas-doradas-negras-de-bordes-rectos-25-x-10-cm\/#primaryimage\",\"url\":\"https:\/\/www.csj-emballages.com\/wp-content\/uploads\/2024\/03\/Semelle-buche-1.webp\",\"contentUrl\":\"https:\/\/www.csj-emballages.com\/wp-content\/uploads\/2024\/03\/Semelle-buche-1.webp\",\"width\":800,\"height\":800,\"caption\":\"Semelle b\u00fbche\"},{\"@type\":\"BreadcrumbList\",\"@id\":\"https:\/\/www.csj-emballages.com\/es\/produit\/50-suelas-doradas-negras-de-bordes-rectos-25-x-10-cm\/#breadcrumb\",\"itemListElement\":[{\"@type\":\"ListItem\",\"position\":1,\"name\":\"Accueil\",\"item\":\"https:\/\/www.csj-emballages.com\/es\/universo-del-envasado-alimentario\/\"},{\"@type\":\"ListItem\",\"position\":2,\"name\":\"Tienda\",\"item\":\"https:\/\/www.csj-emballages.com\/tienda\/\"},{\"@type\":\"ListItem\",\"position\":3,\"name\":\"Suela de tronco con bordes rectos oro \/ negro 25 x 10 cm por 50\"}]},{\"@type\":\"WebSite\",\"@id\":\"https:\/\/www.csj-emballages.com\/es\/#website\",\"url\":\"https:\/\/www.csj-emballages.com\/es\/\",\"name\":\"CSJ Emballages\",\"description\":\"\",\"publisher\":{\"@id\":\"https:\/\/www.csj-emballages.com\/es\/#organization\"},\"potentialAction\":[{\"@type\":\"SearchAction\",\"target\":{\"@type\":\"EntryPoint\",\"urlTemplate\":\"https:\/\/www.csj-emballages.com\/es\/?s={search_term_string}\"},\"query-input\":{\"@type\":\"PropertyValueSpecification\",\"valueRequired\":true,\"valueName\":\"search_term_string\"}}],\"inLanguage\":\"es\"},{\"@type\":\"Organization\",\"@id\":\"https:\/\/www.csj-emballages.com\/es\/#Organization\/\",\"name\":\"CSJ Emballages\",\"url\":\"https:\/\/www.csj-emballages.com\/es\/\",\"logo\":{\"@type\":\"ImageObject\",\"inLanguage\":\"es\",\"@id\":\"https:\/\/www.csj-emballages.com\/es\/#\/schema\/logo\/image\/\",\"url\":\"https:\/\/www.csj-emballages.com\/wp-content\/uploads\/2023\/10\/logo_csj.webp\",\"contentUrl\":\"https:\/\/www.csj-emballages.com\/wp-content\/uploads\/2023\/10\/logo_csj.webp\",\"width\":250,\"height\":95,\"caption\":\"CSJ Emballages\"},\"image\":{\"@id\":\"https:\/\/www.csj-emballages.com\/es\/#\/schema\/logo\/image\/\"},\"sameAs\":[\"https:\/\/www.facebook.com\/csjemballages\"],\"address\":{\"@type\":\"PostalAddress\",\"streetAddress\":\"ZI La Lechere\",\"addressLocality\":\"Patornay\",\"postalCode\":\"39130\",\"addressCountry\":\"FR\"},\"contactPoint\":[{\"@type\":\"ContactPoint\",\"contactType\":\"Service client\",\"telephone\":\"0384254272\",\"email\":\"contact@csj-emballages.com\"}]}]}<\/script>\n<!-- \/ Yoast SEO Premium plugin. -->","yoast_head_json":{"title":"Dorado \/ Negro Borde recto Suela de tronco 25 x 10 cm por 50","description":"Descubre nuestros insertos de cart\u00f3n dorado\/negro de 25x10 cm, \u00a1perfectos para exponer tus troncos y facilitar su transporte!","robots":{"index":"index","follow":"follow","max-snippet":"max-snippet:-1","max-image-preview":"max-image-preview:large","max-video-preview":"max-video-preview:-1"},"canonical":"https:\/\/www.csj-emballages.com\/es\/produit\/50-suelas-doradas-negras-de-bordes-rectos-25-x-10-cm\/","og_locale":"es_ES","og_type":"article","og_title":"Suela de tronco con bordes rectos oro \/ negro 25 x 10 cm por 50","og_description":"Descubre nuestros insertos de cart\u00f3n dorado\/negro de 25x10 cm, \u00a1perfectos para exponer tus troncos y facilitar su transporte!","og_url":"https:\/\/www.csj-emballages.com\/es\/produit\/50-suelas-doradas-negras-de-bordes-rectos-25-x-10-cm\/","og_site_name":"CSJ Emballages","article_publisher":"https:\/\/www.facebook.com\/csjemballages","article_modified_time":"2026-04-28T00:18:42+00:00","og_image":[{"width":800,"height":800,"url":"https:\/\/www.csj-emballages.com\/wp-content\/uploads\/2024\/03\/Semelle-buche-1.webp","type":"image\/webp"}],"twitter_card":"summary_large_image","twitter_misc":{"Tiempo de lectura":"2 minutos"},"schema":{"@context":"https:\/\/schema.org","@graph":[{"@type":"WebPage","@id":"https:\/\/www.csj-emballages.com\/es\/produit\/50-suelas-doradas-negras-de-bordes-rectos-25-x-10-cm\/","url":"https:\/\/www.csj-emballages.com\/es\/produit\/50-suelas-doradas-negras-de-bordes-rectos-25-x-10-cm\/","name":"Dorado \/ Negro Borde recto Suela de tronco 25 x 10 cm por 50","isPartOf":{"@id":"https:\/\/www.csj-emballages.com\/es\/#website"},"primaryImageOfPage":{"@id":"https:\/\/www.csj-emballages.com\/es\/produit\/50-suelas-doradas-negras-de-bordes-rectos-25-x-10-cm\/#primaryimage"},"image":{"@id":"https:\/\/www.csj-emballages.com\/es\/produit\/50-suelas-doradas-negras-de-bordes-rectos-25-x-10-cm\/#primaryimage"},"thumbnailUrl":"https:\/\/www.csj-emballages.com\/wp-content\/uploads\/2024\/03\/Semelle-buche-1.webp","datePublished":"2024-03-01T15:49:22+00:00","dateModified":"2026-04-28T00:18:42+00:00","description":"Descubre nuestros insertos de cart\u00f3n dorado\/negro de 25x10 cm, \u00a1perfectos para exponer tus troncos y facilitar su transporte!","breadcrumb":{"@id":"https:\/\/www.csj-emballages.com\/es\/produit\/50-suelas-doradas-negras-de-bordes-rectos-25-x-10-cm\/#breadcrumb"},"inLanguage":"es","potentialAction":[{"@type":"ReadAction","target":["https:\/\/www.csj-emballages.com\/es\/produit\/50-suelas-doradas-negras-de-bordes-rectos-25-x-10-cm\/"]}]},{"@type":"ImageObject","inLanguage":"es","@id":"https:\/\/www.csj-emballages.com\/es\/produit\/50-suelas-doradas-negras-de-bordes-rectos-25-x-10-cm\/#primaryimage","url":"https:\/\/www.csj-emballages.com\/wp-content\/uploads\/2024\/03\/Semelle-buche-1.webp","contentUrl":"https:\/\/www.csj-emballages.com\/wp-content\/uploads\/2024\/03\/Semelle-buche-1.webp","width":800,"height":800,"caption":"Semelle b\u00fbche"},{"@type":"BreadcrumbList","@id":"https:\/\/www.csj-emballages.com\/es\/produit\/50-suelas-doradas-negras-de-bordes-rectos-25-x-10-cm\/#breadcrumb","itemListElement":[{"@type":"ListItem","position":1,"name":"Accueil","item":"https:\/\/www.csj-emballages.com\/es\/universo-del-envasado-alimentario\/"},{"@type":"ListItem","position":2,"name":"Tienda","item":"https:\/\/www.csj-emballages.com\/tienda\/"},{"@type":"ListItem","position":3,"name":"Suela de tronco con bordes rectos oro \/ negro 25 x 10 cm por 50"}]},{"@type":"WebSite","@id":"https:\/\/www.csj-emballages.com\/es\/#website","url":"https:\/\/www.csj-emballages.com\/es\/","name":"CSJ Emballages","description":"","publisher":{"@id":"https:\/\/www.csj-emballages.com\/es\/#organization"},"potentialAction":[{"@type":"SearchAction","target":{"@type":"EntryPoint","urlTemplate":"https:\/\/www.csj-emballages.com\/es\/?s={search_term_string}"},"query-input":{"@type":"PropertyValueSpecification","valueRequired":true,"valueName":"search_term_string"}}],"inLanguage":"es"},{"@type":"Organization","@id":"https:\/\/www.csj-emballages.com\/es\/#Organization\/","name":"CSJ Emballages","url":"https:\/\/www.csj-emballages.com\/es\/","logo":{"@type":"ImageObject","inLanguage":"es","@id":"https:\/\/www.csj-emballages.com\/es\/#\/schema\/logo\/image\/","url":"https:\/\/www.csj-emballages.com\/wp-content\/uploads\/2023\/10\/logo_csj.webp","contentUrl":"https:\/\/www.csj-emballages.com\/wp-content\/uploads\/2023\/10\/logo_csj.webp","width":250,"height":95,"caption":"CSJ Emballages"},"image":{"@id":"https:\/\/www.csj-emballages.com\/es\/#\/schema\/logo\/image\/"},"sameAs":["https:\/\/www.facebook.com\/csjemballages"],"address":{"@type":"PostalAddress","streetAddress":"ZI La Lechere","addressLocality":"Patornay","postalCode":"39130","addressCountry":"FR"},"contactPoint":[{"@type":"ContactPoint","contactType":"Service client","telephone":"0384254272","email":"contact@csj-emballages.com"}]}]}},"df_price":4.58,"df_sale_price":"","df_regular_price":4.58,"df_image_link":"https:\/\/www.csj-emballages.com\/wp-content\/uploads\/2024\/03\/Semelle-buche-1-300x300.webp","tiered_pricing_type":"fixed","tiered_pricing_fixed_rules":[],"tiered_pricing_percentage_rules":[],"tiered_pricing_minimum":1,"tiered_pricing_roles_data":[],"_links":{"self":[{"href":"https:\/\/www.csj-emballages.com\/es\/wp-json\/wp\/v2\/product\/23371","targetHints":{"allow":["GET"]}}],"collection":[{"href":"https:\/\/www.csj-emballages.com\/es\/wp-json\/wp\/v2\/product"}],"about":[{"href":"https:\/\/www.csj-emballages.com\/es\/wp-json\/wp\/v2\/types\/product"}],"wp:featuredmedia":[{"embeddable":true,"href":"https:\/\/www.csj-emballages.com\/es\/wp-json\/wp\/v2\/media\/242500"}],"wp:attachment":[{"href":"https:\/\/www.csj-emballages.com\/es\/wp-json\/wp\/v2\/media?parent=23371"}],"wp:term":[{"taxonomy":"product_brand","embeddable":true,"href":"https:\/\/www.csj-emballages.com\/es\/wp-json\/wp\/v2\/product_brand?post=23371"},{"taxonomy":"product_cat","embeddable":true,"href":"https:\/\/www.csj-emballages.com\/es\/wp-json\/wp\/v2\/product_cat?post=23371"},{"taxonomy":"product_tag","embeddable":true,"href":"https:\/\/www.csj-emballages.com\/es\/wp-json\/wp\/v2\/product_tag?post=23371"}],"curies":[{"name":"wp","href":"https:\/\/api.w.org\/{rel}","templated":true}]}}