{"id":23355,"date":"2024-03-01T16:49:20","date_gmt":"2024-03-01T15:49:20","guid":{"rendered":"https:\/\/u15jnbdpoq.preview.infomaniak.website\/produit\/100-bolsas-para-dulces-de-encaje-dorado-120-x-260-mm\/"},"modified":"2026-04-22T02:14:50","modified_gmt":"2026-04-22T00:14:50","slug":"100-bolsas-para-dulces-de-encaje-dorado-120-x-260-mm","status":"publish","type":"product","link":"https:\/\/www.csj-emballages.com\/es\/produit\/100-bolsas-para-dulces-de-encaje-dorado-120-x-260-mm\/","title":{"rendered":"Bolsa para golosinas de encaje dorado 120 x 260 mm por 100"},"content":{"rendered":"<h2 class=\"p1\">Bolsa de golosinas<\/h2>\n<hr>\n<h3>Descripci\u00f3n de nuestra bolsa para golosinas de encaje dorado 120 x 260 mm por 100<\/h3>\n<p><!--more--><\/p>\n<p data-start=\"0\" data-end=\"481\">Destaque sus dulces con esta <strong data-start=\"69\" data-end=\"124\">bolsa de encaje dorado para confiter\u00eda de 120 x 260 mm por 100<\/strong>, un envase que combina <strong data-start=\"149\" data-end=\"161\">elegancia<\/strong> y <strong data-start=\"165\" data-end=\"178\">practicidad<\/strong>. Su <strong data-start=\"184\" data-end=\"216\">ic\u00f3nico e intemporal motivo de<\/strong> <strong data-start=\"220\" data-end=\"235\">encaje<\/strong> dorado realza al instante galletas, bombones, almendras garrapi\u00f1adas, turrones o boller\u00eda fina. Gracias a su refinada transparencia salpicada de <strong>decoraci\u00f3n dorada<\/strong>, realza sus creaciones gourmet al tiempo que crea un efecto \u00abregalo\u00bb seductor a primera vista.  <\/p>\n<p data-start=\"483\" data-end=\"1076\">Dise\u00f1ada pensando en los profesionales, esta <strong data-start=\"517\" data-end=\"540\">bolsa de pie<\/strong> garantiza una <strong data-start=\"552\" data-end=\"577\">presentaci\u00f3n<\/strong> <strong>atractiva<\/strong>: sus productos se mantienen perfectamente erguidos, tanto si se venden en una tienda como si se exponen en un stand o se regalan en un evento. Gracias a su <strong data-start=\"714\" data-end=\"729\">base r\u00edgida,<\/strong> garantiza <strong data-start=\"743\" data-end=\"756\">una estabilidad<\/strong> ideal, incluso para los art\u00edculos delicados o los surtidos m\u00e1s pesados. Adem\u00e1s, la evoluci\u00f3n del material es una aut\u00e9ntica ventaja: la base, que antes era de cart\u00f3n, es ahora de <strong data-start=\"936\" data-end=\"967\">polipropileno monomaterial<\/strong>, una elecci\u00f3n responsable que hace que la bolsa <strong data-start=\"1009\" data-end=\"1023\">sea reciclable<\/strong> y cumpla los objetivos de la <strong data-start=\"1056\" data-end=\"1073\">ley AGEC 2025<\/strong>.  <\/p>\n<p data-start=\"1078\" data-end=\"1502\">Apreciar\u00e1 su <strong data-start=\"1112\" data-end=\"1127\">versatilidad<\/strong> todos los d\u00edas. Tanto si elabora dulces caseros, galletas artesanas o regalos gourmet, esta bolsa es perfecta para <strong data-start=\"1275\" data-end=\"1290\">los fabricantes de galletas<\/strong>, <strong data-start=\"1292\" data-end=\"1308\">chocolate<\/strong>, <strong data-start=\"1310\" data-end=\"1324\">confiter\u00eda<\/strong>, <strong data-start=\"1326\" data-end=\"1340\">dulces recubiertos de az\u00facar<\/strong>, <strong data-start=\"1342\" data-end=\"1356\">turr\u00f3n<\/strong> y <strong data-start=\"1360\" data-end=\"1374\">pasteler\u00eda<\/strong>. Su dise\u00f1o tambi\u00e9n es <strong data-start=\"1394\" data-end=\"1425\">apto para el contacto con alimentos<\/strong>, lo que garantiza una protecci\u00f3n impecable y el cumplimiento de las normas de higiene.  <\/p>\n<p data-start=\"1504\" data-end=\"1922\">Al elegir esta <strong>bolsa de<\/strong> pl\u00e1stico, combinar\u00e1 <strong data-start=\"1544\" data-end=\"1559\">refinamiento<\/strong>, <strong data-start=\"1561\" data-end=\"1585\">seguridad alimentaria<\/strong> y <strong data-start=\"1589\" data-end=\"1616\">un enfoque responsable con el medio ambiente<\/strong>. Se convertir\u00e1 r\u00e1pidamente en un elemento esencial de su gama de envases, ofreciendo a sus clientes una experiencia visual y gustativa armoniosa. Adopte hoy mismo esta <strong data-start=\"1787\" data-end=\"1821\">bolsa para confiter\u00eda de encaje dorado<\/strong>, s\u00edmbolo de calidad y modernidad, y d\u00e9 a sus creaciones el escaparate que merecen.  <\/p>\n<p data-start=\"1367\" data-end=\"1669\"><!--more--><\/p>\n<h4 data-start=\"1367\" data-end=\"1669\">Ventajas :<\/h4>\n<ul>\n<li data-start=\"1367\" data-end=\"1669\">Elegante y atemporal <strong data-start=\"2138\" data-end=\"2159\">dise\u00f1o de encaje dorado<\/strong> para un look elegante.<\/li>\n<li data-start=\"1367\" data-end=\"1669\"><strong data-start=\"2216\" data-end=\"2237\">Base de forma r\u00edgida<\/strong> para mayor estabilidad y presentaci\u00f3n ordenada.<\/li>\n<li data-start=\"1367\" data-end=\"1669\"><strong data-start=\"2284\" data-end=\"2315\">Polipropileno monomaterial<\/strong>, totalmente <strong data-start=\"2329\" data-end=\"2343\">reciclable<\/strong> y conforme con AGEC 2025.<\/li>\n<li data-start=\"1367\" data-end=\"1669\">Apto <strong data-start=\"2370\" data-end=\"2402\">para el contacto con alimentos<\/strong>, perfecto para chocolateros, galleteros y confiteros.<\/li>\n<\/ul>\n<p>&nbsp;<\/p>\n<p><!--more--><\/p>\n<h4>Informaci\u00f3n adicional :<\/h4>\n<ul>\n<li><strong>Embalaje<\/strong>: Paquete de 100<\/li>\n<li><strong>Dimensiones<\/strong>: 120 x 260 mm<\/li>\n<li><strong>Color<\/strong>: Transparente \/ Dorado<\/li>\n<li><strong>Material<\/strong>: OPP<\/li>\n<li><strong>Grosor<\/strong>: 35 micras<\/li>\n<\/ul>\n<p>&nbsp;<\/p>\n<p><!--more--><\/p>\n<p>Esta bolsa de pl\u00e1stico est\u00e1 disponible en un tama\u00f1o m\u00e1s peque\u00f1o: <span style=\"color: #d12727;\"><a style=\"color: #d12727;\" href=\"https:\/\/www.csj-emballages.com\/produit\/100-sachets-confiseries-dentelle-or-100-x-220-mm\/\">100 x 220 mm<\/a><\/span><\/p>\n<p>&nbsp;<\/p>\n<p><!--more--><\/p>\n<p>Esta bolsa tambi\u00e9n est\u00e1 disponible en blanco: <span style=\"color: #d12727;\"><a style=\"color: #d12727;\" href=\"https:\/\/www.csj-emballages.com\/es\/produit\/100-bolsas-para-dulces-de-encaje-blanco-120-x-260-mm\/\">SDENTELLEBLT2<\/a><\/span><\/p>\n<p>&nbsp;<\/p>\n<p><!--more--><\/p>\n<p><a href=\"https:\/\/www.csj-emballages.com\/es\/categorie-produit\/envasado-de-alimentos\/panaderia-y-pasteleria\/bolsas-sobres-y-papel\/bolsas-para-golosinas\/bolsas-tematicas\/bolsas-clasicas\/\">Ver el resto de nuestra gama de bolsas para golosinas cl\u00e1sicas<\/a><\/p>\n","protected":false},"excerpt":{"rendered":"<p>Bolsa de golosinas Descripci\u00f3n de nuestra bolsa para golosinas de encaje dorado 120 x 260 mm por 100<\/p>\n","protected":false},"featured_media":243471,"template":"","meta":{"_acf_changed":false},"product_brand":[],"product_cat":[1150,1145,1660,1669,1488],"product_tag":[],"class_list":{"0":"post-23355","1":"product","2":"type-product","3":"status-publish","4":"has-post-thumbnail","6":"product_cat-envasado-de-alimentos","7":"product_cat-panaderia-y-pasteleria","8":"product_cat-bolsas-para-golosinas","9":"product_cat-bolsas-clasicas","10":"product_cat-tienda-y-almacen","12":"first","13":"instock","14":"taxable","15":"shipping-taxable","16":"purchasable","17":"product-type-simple"},"acf":[],"yoast_head":"<!-- This site is optimized with the Yoast SEO Premium plugin v26.6 (Yoast SEO v26.6) - https:\/\/yoast.com\/wordpress\/plugins\/seo\/ -->\n<title>Bolsa para golosinas Encaje dorado 120 x 260 mm por 100<\/title>\n<meta name=\"description\" content=\"Bolsa para dulces de encaje dorado, 120 x 260 mm, reciclable, con una base r\u00edgida y elegante para realzar galletas, bombones y dulces caseros.\" \/>\n<meta name=\"robots\" content=\"index, follow, max-snippet:-1, max-image-preview:large, max-video-preview:-1\" \/>\n<link rel=\"canonical\" href=\"https:\/\/www.csj-emballages.com\/es\/produit\/100-bolsas-para-dulces-de-encaje-dorado-120-x-260-mm\/\" \/>\n<meta property=\"og:locale\" content=\"es_ES\" \/>\n<meta property=\"og:type\" content=\"article\" \/>\n<meta property=\"og:title\" content=\"Bolsa para golosinas de encaje dorado 120 x 260 mm por 100\" \/>\n<meta property=\"og:description\" content=\"Bolsa para dulces de encaje dorado, 120 x 260 mm, reciclable, con una base r\u00edgida y elegante para realzar galletas, bombones y dulces caseros.\" \/>\n<meta property=\"og:url\" content=\"https:\/\/www.csj-emballages.com\/es\/produit\/100-bolsas-para-dulces-de-encaje-dorado-120-x-260-mm\/\" \/>\n<meta property=\"og:site_name\" content=\"CSJ Emballages\" \/>\n<meta property=\"article:publisher\" content=\"https:\/\/www.facebook.com\/csjemballages\" \/>\n<meta property=\"article:modified_time\" content=\"2026-04-22T00:14:50+00:00\" \/>\n<meta property=\"og:image\" content=\"https:\/\/www.csj-emballages.com\/wp-content\/uploads\/2025\/09\/Sachets-classiques.webp\" \/>\n\t<meta property=\"og:image:width\" content=\"800\" \/>\n\t<meta property=\"og:image:height\" content=\"800\" \/>\n\t<meta property=\"og:image:type\" content=\"image\/webp\" \/>\n<meta name=\"twitter:card\" content=\"summary_large_image\" \/>\n<meta name=\"twitter:label1\" content=\"Tiempo de lectura\" \/>\n\t<meta name=\"twitter:data1\" content=\"2 minutos\" \/>\n<script type=\"application\/ld+json\" class=\"yoast-schema-graph\">{\"@context\":\"https:\/\/schema.org\",\"@graph\":[{\"@type\":\"WebPage\",\"@id\":\"https:\/\/www.csj-emballages.com\/es\/produit\/100-bolsas-para-dulces-de-encaje-dorado-120-x-260-mm\/\",\"url\":\"https:\/\/www.csj-emballages.com\/es\/produit\/100-bolsas-para-dulces-de-encaje-dorado-120-x-260-mm\/\",\"name\":\"Bolsa para golosinas Encaje dorado 120 x 260 mm por 100\",\"isPartOf\":{\"@id\":\"https:\/\/www.csj-emballages.com\/es\/#website\"},\"primaryImageOfPage\":{\"@id\":\"https:\/\/www.csj-emballages.com\/es\/produit\/100-bolsas-para-dulces-de-encaje-dorado-120-x-260-mm\/#primaryimage\"},\"image\":{\"@id\":\"https:\/\/www.csj-emballages.com\/es\/produit\/100-bolsas-para-dulces-de-encaje-dorado-120-x-260-mm\/#primaryimage\"},\"thumbnailUrl\":\"https:\/\/www.csj-emballages.com\/wp-content\/uploads\/2025\/09\/Sachets-classiques.webp\",\"datePublished\":\"2024-03-01T15:49:20+00:00\",\"dateModified\":\"2026-04-22T00:14:50+00:00\",\"description\":\"Bolsa para dulces de encaje dorado, 120 x 260 mm, reciclable, con una base r\u00edgida y elegante para realzar galletas, bombones y dulces caseros.\",\"breadcrumb\":{\"@id\":\"https:\/\/www.csj-emballages.com\/es\/produit\/100-bolsas-para-dulces-de-encaje-dorado-120-x-260-mm\/#breadcrumb\"},\"inLanguage\":\"es\",\"potentialAction\":[{\"@type\":\"ReadAction\",\"target\":[\"https:\/\/www.csj-emballages.com\/es\/produit\/100-bolsas-para-dulces-de-encaje-dorado-120-x-260-mm\/\"]}]},{\"@type\":\"ImageObject\",\"inLanguage\":\"es\",\"@id\":\"https:\/\/www.csj-emballages.com\/es\/produit\/100-bolsas-para-dulces-de-encaje-dorado-120-x-260-mm\/#primaryimage\",\"url\":\"https:\/\/www.csj-emballages.com\/wp-content\/uploads\/2025\/09\/Sachets-classiques.webp\",\"contentUrl\":\"https:\/\/www.csj-emballages.com\/wp-content\/uploads\/2025\/09\/Sachets-classiques.webp\",\"width\":800,\"height\":800,\"caption\":\"Sachets classiques\"},{\"@type\":\"BreadcrumbList\",\"@id\":\"https:\/\/www.csj-emballages.com\/es\/produit\/100-bolsas-para-dulces-de-encaje-dorado-120-x-260-mm\/#breadcrumb\",\"itemListElement\":[{\"@type\":\"ListItem\",\"position\":1,\"name\":\"Accueil\",\"item\":\"https:\/\/www.csj-emballages.com\/es\/universo-del-envasado-alimentario\/\"},{\"@type\":\"ListItem\",\"position\":2,\"name\":\"Tienda\",\"item\":\"https:\/\/www.csj-emballages.com\/tienda\/\"},{\"@type\":\"ListItem\",\"position\":3,\"name\":\"Bolsa para golosinas de encaje dorado 120 x 260 mm por 100\"}]},{\"@type\":\"WebSite\",\"@id\":\"https:\/\/www.csj-emballages.com\/es\/#website\",\"url\":\"https:\/\/www.csj-emballages.com\/es\/\",\"name\":\"CSJ Emballages\",\"description\":\"\",\"publisher\":{\"@id\":\"https:\/\/www.csj-emballages.com\/es\/#organization\"},\"potentialAction\":[{\"@type\":\"SearchAction\",\"target\":{\"@type\":\"EntryPoint\",\"urlTemplate\":\"https:\/\/www.csj-emballages.com\/es\/?s={search_term_string}\"},\"query-input\":{\"@type\":\"PropertyValueSpecification\",\"valueRequired\":true,\"valueName\":\"search_term_string\"}}],\"inLanguage\":\"es\"},{\"@type\":\"Organization\",\"@id\":\"https:\/\/www.csj-emballages.com\/es\/#Organization\/\",\"name\":\"CSJ Emballages\",\"url\":\"https:\/\/www.csj-emballages.com\/es\/\",\"logo\":{\"@type\":\"ImageObject\",\"inLanguage\":\"es\",\"@id\":\"https:\/\/www.csj-emballages.com\/es\/#\/schema\/logo\/image\/\",\"url\":\"https:\/\/www.csj-emballages.com\/wp-content\/uploads\/2023\/10\/logo_csj.webp\",\"contentUrl\":\"https:\/\/www.csj-emballages.com\/wp-content\/uploads\/2023\/10\/logo_csj.webp\",\"width\":250,\"height\":95,\"caption\":\"CSJ Emballages\"},\"image\":{\"@id\":\"https:\/\/www.csj-emballages.com\/es\/#\/schema\/logo\/image\/\"},\"sameAs\":[\"https:\/\/www.facebook.com\/csjemballages\"],\"address\":{\"@type\":\"PostalAddress\",\"streetAddress\":\"ZI La Lechere\",\"addressLocality\":\"Patornay\",\"postalCode\":\"39130\",\"addressCountry\":\"FR\"},\"contactPoint\":[{\"@type\":\"ContactPoint\",\"contactType\":\"Service client\",\"telephone\":\"0384254272\",\"email\":\"contact@csj-emballages.com\"}]}]}<\/script>\n<!-- \/ Yoast SEO Premium plugin. -->","yoast_head_json":{"title":"Bolsa para golosinas Encaje dorado 120 x 260 mm por 100","description":"Bolsa para dulces de encaje dorado, 120 x 260 mm, reciclable, con una base r\u00edgida y elegante para realzar galletas, bombones y dulces caseros.","robots":{"index":"index","follow":"follow","max-snippet":"max-snippet:-1","max-image-preview":"max-image-preview:large","max-video-preview":"max-video-preview:-1"},"canonical":"https:\/\/www.csj-emballages.com\/es\/produit\/100-bolsas-para-dulces-de-encaje-dorado-120-x-260-mm\/","og_locale":"es_ES","og_type":"article","og_title":"Bolsa para golosinas de encaje dorado 120 x 260 mm por 100","og_description":"Bolsa para dulces de encaje dorado, 120 x 260 mm, reciclable, con una base r\u00edgida y elegante para realzar galletas, bombones y dulces caseros.","og_url":"https:\/\/www.csj-emballages.com\/es\/produit\/100-bolsas-para-dulces-de-encaje-dorado-120-x-260-mm\/","og_site_name":"CSJ Emballages","article_publisher":"https:\/\/www.facebook.com\/csjemballages","article_modified_time":"2026-04-22T00:14:50+00:00","og_image":[{"width":800,"height":800,"url":"https:\/\/www.csj-emballages.com\/wp-content\/uploads\/2025\/09\/Sachets-classiques.webp","type":"image\/webp"}],"twitter_card":"summary_large_image","twitter_misc":{"Tiempo de lectura":"2 minutos"},"schema":{"@context":"https:\/\/schema.org","@graph":[{"@type":"WebPage","@id":"https:\/\/www.csj-emballages.com\/es\/produit\/100-bolsas-para-dulces-de-encaje-dorado-120-x-260-mm\/","url":"https:\/\/www.csj-emballages.com\/es\/produit\/100-bolsas-para-dulces-de-encaje-dorado-120-x-260-mm\/","name":"Bolsa para golosinas Encaje dorado 120 x 260 mm por 100","isPartOf":{"@id":"https:\/\/www.csj-emballages.com\/es\/#website"},"primaryImageOfPage":{"@id":"https:\/\/www.csj-emballages.com\/es\/produit\/100-bolsas-para-dulces-de-encaje-dorado-120-x-260-mm\/#primaryimage"},"image":{"@id":"https:\/\/www.csj-emballages.com\/es\/produit\/100-bolsas-para-dulces-de-encaje-dorado-120-x-260-mm\/#primaryimage"},"thumbnailUrl":"https:\/\/www.csj-emballages.com\/wp-content\/uploads\/2025\/09\/Sachets-classiques.webp","datePublished":"2024-03-01T15:49:20+00:00","dateModified":"2026-04-22T00:14:50+00:00","description":"Bolsa para dulces de encaje dorado, 120 x 260 mm, reciclable, con una base r\u00edgida y elegante para realzar galletas, bombones y dulces caseros.","breadcrumb":{"@id":"https:\/\/www.csj-emballages.com\/es\/produit\/100-bolsas-para-dulces-de-encaje-dorado-120-x-260-mm\/#breadcrumb"},"inLanguage":"es","potentialAction":[{"@type":"ReadAction","target":["https:\/\/www.csj-emballages.com\/es\/produit\/100-bolsas-para-dulces-de-encaje-dorado-120-x-260-mm\/"]}]},{"@type":"ImageObject","inLanguage":"es","@id":"https:\/\/www.csj-emballages.com\/es\/produit\/100-bolsas-para-dulces-de-encaje-dorado-120-x-260-mm\/#primaryimage","url":"https:\/\/www.csj-emballages.com\/wp-content\/uploads\/2025\/09\/Sachets-classiques.webp","contentUrl":"https:\/\/www.csj-emballages.com\/wp-content\/uploads\/2025\/09\/Sachets-classiques.webp","width":800,"height":800,"caption":"Sachets classiques"},{"@type":"BreadcrumbList","@id":"https:\/\/www.csj-emballages.com\/es\/produit\/100-bolsas-para-dulces-de-encaje-dorado-120-x-260-mm\/#breadcrumb","itemListElement":[{"@type":"ListItem","position":1,"name":"Accueil","item":"https:\/\/www.csj-emballages.com\/es\/universo-del-envasado-alimentario\/"},{"@type":"ListItem","position":2,"name":"Tienda","item":"https:\/\/www.csj-emballages.com\/tienda\/"},{"@type":"ListItem","position":3,"name":"Bolsa para golosinas de encaje dorado 120 x 260 mm por 100"}]},{"@type":"WebSite","@id":"https:\/\/www.csj-emballages.com\/es\/#website","url":"https:\/\/www.csj-emballages.com\/es\/","name":"CSJ Emballages","description":"","publisher":{"@id":"https:\/\/www.csj-emballages.com\/es\/#organization"},"potentialAction":[{"@type":"SearchAction","target":{"@type":"EntryPoint","urlTemplate":"https:\/\/www.csj-emballages.com\/es\/?s={search_term_string}"},"query-input":{"@type":"PropertyValueSpecification","valueRequired":true,"valueName":"search_term_string"}}],"inLanguage":"es"},{"@type":"Organization","@id":"https:\/\/www.csj-emballages.com\/es\/#Organization\/","name":"CSJ Emballages","url":"https:\/\/www.csj-emballages.com\/es\/","logo":{"@type":"ImageObject","inLanguage":"es","@id":"https:\/\/www.csj-emballages.com\/es\/#\/schema\/logo\/image\/","url":"https:\/\/www.csj-emballages.com\/wp-content\/uploads\/2023\/10\/logo_csj.webp","contentUrl":"https:\/\/www.csj-emballages.com\/wp-content\/uploads\/2023\/10\/logo_csj.webp","width":250,"height":95,"caption":"CSJ Emballages"},"image":{"@id":"https:\/\/www.csj-emballages.com\/es\/#\/schema\/logo\/image\/"},"sameAs":["https:\/\/www.facebook.com\/csjemballages"],"address":{"@type":"PostalAddress","streetAddress":"ZI La Lechere","addressLocality":"Patornay","postalCode":"39130","addressCountry":"FR"},"contactPoint":[{"@type":"ContactPoint","contactType":"Service client","telephone":"0384254272","email":"contact@csj-emballages.com"}]}]}},"df_price":17.1,"df_sale_price":"","df_regular_price":17.1,"df_image_link":"https:\/\/www.csj-emballages.com\/wp-content\/uploads\/2025\/09\/Sachets-classiques-300x300.webp","tiered_pricing_type":"fixed","tiered_pricing_fixed_rules":[],"tiered_pricing_percentage_rules":[],"tiered_pricing_minimum":1,"tiered_pricing_roles_data":[],"_links":{"self":[{"href":"https:\/\/www.csj-emballages.com\/es\/wp-json\/wp\/v2\/product\/23355","targetHints":{"allow":["GET"]}}],"collection":[{"href":"https:\/\/www.csj-emballages.com\/es\/wp-json\/wp\/v2\/product"}],"about":[{"href":"https:\/\/www.csj-emballages.com\/es\/wp-json\/wp\/v2\/types\/product"}],"wp:featuredmedia":[{"embeddable":true,"href":"https:\/\/www.csj-emballages.com\/es\/wp-json\/wp\/v2\/media\/243471"}],"wp:attachment":[{"href":"https:\/\/www.csj-emballages.com\/es\/wp-json\/wp\/v2\/media?parent=23355"}],"wp:term":[{"taxonomy":"product_brand","embeddable":true,"href":"https:\/\/www.csj-emballages.com\/es\/wp-json\/wp\/v2\/product_brand?post=23355"},{"taxonomy":"product_cat","embeddable":true,"href":"https:\/\/www.csj-emballages.com\/es\/wp-json\/wp\/v2\/product_cat?post=23355"},{"taxonomy":"product_tag","embeddable":true,"href":"https:\/\/www.csj-emballages.com\/es\/wp-json\/wp\/v2\/product_tag?post=23355"}],"curies":[{"name":"wp","href":"https:\/\/api.w.org\/{rel}","templated":true}]}}