{"id":233529,"date":"2025-04-25T13:31:11","date_gmt":"2025-04-25T11:31:11","guid":{"rendered":"https:\/\/www.csj-emballages.com\/produit\/molde-optima-170-mm-x-70\/"},"modified":"2026-03-12T16:47:00","modified_gmt":"2026-03-12T15:47:00","slug":"molde-optima-170-mm-x-70","status":"publish","type":"product","link":"https:\/\/www.csj-emballages.com\/es\/produit\/molde-optima-170-mm-x-70\/","title":{"rendered":"Molde OPTIMA 170 mm x 70"},"content":{"rendered":"<h2 class=\"keyword-text _ngcontent-hfn-103\" aria-label=\"moule tourti\u00e8re (mot cl\u00e9 que vous avez fourni).\"><span class=\"keyword _ngcontent-hfn-103\" aria-hidden=\"false\">Molde Tourti\u00e8re<\/span><\/h2>\n<hr>\n<h3>Descripci\u00f3n de nuestro molde tourti\u00e8re OPTIMA 170 mm por 70<\/h3>\n<p><!--more--><\/p>\n<p class=\"\" data-start=\"170\" data-end=\"463\">El <strong>molde para tourti\u00e8re OPTIMA de 170 mm<\/strong> es indispensable tanto para los profesionales de la restauraci\u00f3n como para los aficionados a la cocina casera. Dise\u00f1ado para una cocci\u00f3n uniforme y un f\u00e1cil desmoldeo, ofrece un excelente compromiso entre practicidad, robustez y atractivo est\u00e9tico. <\/p>\n<p class=\"\" data-start=\"465\" data-end=\"789\">Con un <strong data-start=\"474\" data-end=\"496\">di\u00e1metro de 170 mm<\/strong> y <strong>una altura de 35 mm<\/strong>, este molde es perfecto para <strong>peque\u00f1as quiches gruesas, tartas dulces o saladas<\/strong>, o preparaciones individuales para un emplatado refinado. Su forma profunda admite rellenos abundantes sin riesgo de desbordamiento. <\/p>\n<p class=\"\" data-start=\"791\" data-end=\"1034\">Fabricada <strong data-start=\"808\" data-end=\"843\">con material resistente al calor<\/strong>, cocina uniformemente, con un bonito color dorado y una textura controlada. Tanto si lo utiliza en un horno convencional como de convecci\u00f3n, garantiza unos resultados limpios y profesionales. <\/p>\n<p class=\"\" data-start=\"1036\" data-end=\"1359\">Es un <strong>molde tourti\u00e8re<\/strong> dise\u00f1ado para ahorrar tiempo en la cocina: apilable, ligero y f\u00e1cil de manejar, va del horno a la encimera sin ocupar espacio. Es ideal para empresas de catering, panader\u00edas, pasteler\u00edas y restaurantes, as\u00ed como para particulares que buscan un equipo fiable y duradero. <\/p>\n<p><!--more--><\/p>\n<h4>Sus ventajas:<\/h4>\n<ul>\n<li data-start=\"959\" data-end=\"1054\">Cocci\u00f3n uniforme para unos resultados perfectos.<\/li>\n<li data-start=\"959\" data-end=\"1054\">Altura ideal para accesorios generosos.<\/li>\n<li data-start=\"959\" data-end=\"1054\">F\u00e1cil de manejar y apilar.<\/li>\n<li data-start=\"959\" data-end=\"1054\">Material robusto y duradero.<\/li>\n<li data-start=\"959\" data-end=\"1054\"><strong data-start=\"1671\" data-end=\"1695\">Se venden en paquetes de 70<\/strong> unidades: perfectos para grandes pedidos y eventos.<\/li>\n<\/ul>\n<p>&nbsp;<\/p>\n<p><!--more--><\/p>\n<h4>Informaci\u00f3n adicional :<\/h4>\n<ul>\n<li><strong>Envase<\/strong>: Paquete de 70<\/li>\n<li><strong>Di\u00e1metro exterior<\/strong>: 195 mm<\/li>\n<li><strong>Di\u00e1metro interior<\/strong>: 170 mm<\/li>\n<li><strong>Altura<\/strong>: 35 mm<\/li>\n<li><strong>Material<\/strong>: Cart\u00f3n \/ papel<\/li>\n<\/ul>\n<p>&nbsp;<\/p>\n<p><!--more--><\/p>\n<p>Encuentre aqu\u00ed todas las tallas disponibles para este molde de tourti\u00e8re : <span style=\"color: #d12727\"><a style=\"color: #d12727\" href=\"https:\/\/www.csj-emballages.com\/es\/produit\/optima-molde-147-mm-par-75\/\">147 mm<\/a><\/span> \/ <span style=\"color: #d12727\"><a style=\"color: #d12727\" href=\"https:\/\/www.csj-emballages.com\/es\/produit\/molde-para-tourtiere-optima-185-mm-250-unid\/\">185 mm<\/a><\/span> \/ <span style=\"color: #d12727\"><a style=\"color: #d12727\" href=\"https:\/\/www.csj-emballages.com\/es\/produit\/optima-molde-218-mm-por-200\/\">218 mm<\/a><\/span> \/ <span style=\"color: #d12727\"><a style=\"color: #d12727\" href=\"https:\/\/www.csj-emballages.com\/es\/produit\/molde-optima-tourtiere-248-mm-por-c\/\">248 mm<\/a><\/span><\/p>\n<p>&nbsp;<\/p>\n<p><!--more--><\/p>\n<p><a href=\"https:\/\/www.csj-emballages.com\/es\/categorie-produit\/envasado-de-alimentos\/panaderia-y-pasteleria\/cocina-es\/moldes-de-carton-optima\/\">Ver el resto de nuestra gama de moldes de cart\u00f3n OPTIMA<\/a><\/p>\n<p>&nbsp;<\/p>\n","protected":false},"excerpt":{"rendered":"<p>Molde Tourti\u00e8re Descripci\u00f3n de nuestro molde tourti\u00e8re OPTIMA 170 mm por 70<\/p>\n","protected":false},"featured_media":233516,"template":"","meta":{"_acf_changed":false},"product_brand":[],"product_cat":[1150,1145,3872,9370],"product_tag":[],"class_list":{"0":"post-233529","1":"product","2":"type-product","3":"status-publish","4":"has-post-thumbnail","6":"product_cat-envasado-de-alimentos","7":"product_cat-panaderia-y-pasteleria","8":"product_cat-cocina-es","9":"product_cat-moldes-de-carton-optima","11":"first","12":"instock","13":"taxable","14":"shipping-taxable","15":"purchasable","16":"product-type-simple"},"acf":[],"yoast_head":"<!-- This site is optimized with the Yoast SEO Premium plugin v26.6 (Yoast SEO v26.6) - https:\/\/yoast.com\/wordpress\/plugins\/seo\/ -->\n<title>Molde OPTIMA Tourti\u00e8re 170 mm por 70<\/title>\n<meta name=\"description\" content=\"Molde OPTIMA 170x70 mm ideal para pasteles y tartas gruesas. Robusto, pr\u00e1ctico y perfecto tanto para profesionales como para usuarios dom\u00e9sticos.\" \/>\n<meta name=\"robots\" content=\"index, follow, max-snippet:-1, max-image-preview:large, max-video-preview:-1\" \/>\n<link rel=\"canonical\" href=\"https:\/\/www.csj-emballages.com\/es\/produit\/molde-optima-170-mm-x-70\/\" \/>\n<meta property=\"og:locale\" content=\"es_ES\" \/>\n<meta property=\"og:type\" content=\"article\" \/>\n<meta property=\"og:title\" content=\"Molde OPTIMA 170 mm x 70\" \/>\n<meta property=\"og:description\" content=\"Molde OPTIMA 170x70 mm ideal para pasteles y tartas gruesas. Robusto, pr\u00e1ctico y perfecto tanto para profesionales como para usuarios dom\u00e9sticos.\" \/>\n<meta property=\"og:url\" content=\"https:\/\/www.csj-emballages.com\/es\/produit\/molde-optima-170-mm-x-70\/\" \/>\n<meta property=\"og:site_name\" content=\"CSJ Emballages\" \/>\n<meta property=\"article:publisher\" content=\"https:\/\/www.facebook.com\/csjemballages\" \/>\n<meta property=\"article:modified_time\" content=\"2026-03-12T15:47:00+00:00\" \/>\n<meta property=\"og:image\" content=\"https:\/\/www.csj-emballages.com\/wp-content\/uploads\/2025\/04\/MP-2264-140454_Retif_PH_01.webp\" \/>\n\t<meta property=\"og:image:width\" content=\"794\" \/>\n\t<meta property=\"og:image:height\" content=\"794\" \/>\n\t<meta property=\"og:image:type\" content=\"image\/webp\" \/>\n<meta name=\"twitter:card\" content=\"summary_large_image\" \/>\n<meta name=\"twitter:label1\" content=\"Tiempo de lectura\" \/>\n\t<meta name=\"twitter:data1\" content=\"1 minuto\" \/>\n<script type=\"application\/ld+json\" class=\"yoast-schema-graph\">{\"@context\":\"https:\/\/schema.org\",\"@graph\":[{\"@type\":\"WebPage\",\"@id\":\"https:\/\/www.csj-emballages.com\/es\/produit\/molde-optima-170-mm-x-70\/\",\"url\":\"https:\/\/www.csj-emballages.com\/es\/produit\/molde-optima-170-mm-x-70\/\",\"name\":\"Molde OPTIMA Tourti\u00e8re 170 mm por 70\",\"isPartOf\":{\"@id\":\"https:\/\/www.csj-emballages.com\/es\/#website\"},\"primaryImageOfPage\":{\"@id\":\"https:\/\/www.csj-emballages.com\/es\/produit\/molde-optima-170-mm-x-70\/#primaryimage\"},\"image\":{\"@id\":\"https:\/\/www.csj-emballages.com\/es\/produit\/molde-optima-170-mm-x-70\/#primaryimage\"},\"thumbnailUrl\":\"https:\/\/www.csj-emballages.com\/wp-content\/uploads\/2025\/04\/MP-2264-140454_Retif_PH_01.webp\",\"datePublished\":\"2025-04-25T11:31:11+00:00\",\"dateModified\":\"2026-03-12T15:47:00+00:00\",\"description\":\"Molde OPTIMA 170x70 mm ideal para pasteles y tartas gruesas. Robusto, pr\u00e1ctico y perfecto tanto para profesionales como para usuarios dom\u00e9sticos.\",\"breadcrumb\":{\"@id\":\"https:\/\/www.csj-emballages.com\/es\/produit\/molde-optima-170-mm-x-70\/#breadcrumb\"},\"inLanguage\":\"es\",\"potentialAction\":[{\"@type\":\"ReadAction\",\"target\":[\"https:\/\/www.csj-emballages.com\/es\/produit\/molde-optima-170-mm-x-70\/\"]}]},{\"@type\":\"ImageObject\",\"inLanguage\":\"es\",\"@id\":\"https:\/\/www.csj-emballages.com\/es\/produit\/molde-optima-170-mm-x-70\/#primaryimage\",\"url\":\"https:\/\/www.csj-emballages.com\/wp-content\/uploads\/2025\/04\/MP-2264-140454_Retif_PH_01.webp\",\"contentUrl\":\"https:\/\/www.csj-emballages.com\/wp-content\/uploads\/2025\/04\/MP-2264-140454_Retif_PH_01.webp\",\"width\":794,\"height\":794,\"caption\":\"Assiette \u00e0 escargots Description de notre assiette \u00e0 escargots aluminium \u00d8138 mm par 100 L\u2019assiette \u00e0 escargots en aluminium \u00d8138 mm est un indispensable pour les professionnels de la restauration et les amateurs de cuisine traditionnelle. Con\u00e7ue sp\u00e9cialement pour la cuisson et le service des escargots, elle permet une pr\u00e9sentation \u00e9l\u00e9gante et un maintien optimal des coquilles gr\u00e2ce \u00e0 ses cavit\u00e9s adapt\u00e9es. Sa fabrication en aluminium l\u00e9ger et r\u00e9sistant garantit une excellente r\u00e9partition de la chaleur pour une cuisson homog\u00e8ne tout en offrant une grande facilit\u00e9 d'utilisation. En effet, vendu par lot de 100 assiettes, ce produit est id\u00e9al pour les traiteurs, restaurateurs, et particuliers, souhaitant proposer un service soign\u00e9 lors de repas gastronomiques ou d\u2019\u00e9v\u00e9nements sp\u00e9ciaux. En r\u00e9sum\u00e9, que ce soit pour une utilisation en cuisine professionnelle ou \u00e0 domicile, cette assiette \u00e0 escargots est la solution parfaite pour sublimer vos pr\u00e9parations et offrir \u00e0 vos convives une exp\u00e9rience authentique et raffin\u00e9e. Leurs avantages : Format pratique : Diam\u00e8tre de 138 mm, id\u00e9al pour une portion d\u2019escargots bien pr\u00e9sent\u00e9e. Mat\u00e9riau de qualit\u00e9 : Aluminium l\u00e9ger, r\u00e9sistant \u00e0 la chaleur et recyclable. Cuisson homog\u00e8ne : Excellente r\u00e9partition thermique pour une pr\u00e9paration parfaite. Utilisation professionnelle et domestique : Convient aux restaurateurs, traiteurs et particuliers. Vendu par 100 unit\u00e9s : Parfait pour les grandes commandes et les \u00e9v\u00e9nements. Autres informations : Conditionnement : Paquet de 100 Diam\u00e8tre ext\u00e9rieur : 135 mm Diam\u00e8tre int\u00e9rieur : 114 mm Mati\u00e8re : Aluminium Dimension creux : \u00d820 mm Temp\u00e9rature d'utilisation : -20\u00b0C \/ +350\u00b0C Consultez le reste de notre de notre gamme d'emballages en aluminium\"},{\"@type\":\"BreadcrumbList\",\"@id\":\"https:\/\/www.csj-emballages.com\/es\/produit\/molde-optima-170-mm-x-70\/#breadcrumb\",\"itemListElement\":[{\"@type\":\"ListItem\",\"position\":1,\"name\":\"Accueil\",\"item\":\"https:\/\/www.csj-emballages.com\/es\/universo-del-envasado-alimentario\/\"},{\"@type\":\"ListItem\",\"position\":2,\"name\":\"Tienda\",\"item\":\"https:\/\/www.csj-emballages.com\/tienda\/\"},{\"@type\":\"ListItem\",\"position\":3,\"name\":\"Molde OPTIMA 170 mm x 70\"}]},{\"@type\":\"WebSite\",\"@id\":\"https:\/\/www.csj-emballages.com\/es\/#website\",\"url\":\"https:\/\/www.csj-emballages.com\/es\/\",\"name\":\"CSJ Emballages\",\"description\":\"\",\"publisher\":{\"@id\":\"https:\/\/www.csj-emballages.com\/es\/#organization\"},\"potentialAction\":[{\"@type\":\"SearchAction\",\"target\":{\"@type\":\"EntryPoint\",\"urlTemplate\":\"https:\/\/www.csj-emballages.com\/es\/?s={search_term_string}\"},\"query-input\":{\"@type\":\"PropertyValueSpecification\",\"valueRequired\":true,\"valueName\":\"search_term_string\"}}],\"inLanguage\":\"es\"},{\"@type\":\"Organization\",\"@id\":\"https:\/\/www.csj-emballages.com\/es\/#Organization\/\",\"name\":\"CSJ Emballages\",\"url\":\"https:\/\/www.csj-emballages.com\/es\/\",\"logo\":{\"@type\":\"ImageObject\",\"inLanguage\":\"es\",\"@id\":\"https:\/\/www.csj-emballages.com\/es\/#\/schema\/logo\/image\/\",\"url\":\"https:\/\/www.csj-emballages.com\/wp-content\/uploads\/2023\/10\/logo_csj.webp\",\"contentUrl\":\"https:\/\/www.csj-emballages.com\/wp-content\/uploads\/2023\/10\/logo_csj.webp\",\"width\":250,\"height\":95,\"caption\":\"CSJ Emballages\"},\"image\":{\"@id\":\"https:\/\/www.csj-emballages.com\/es\/#\/schema\/logo\/image\/\"},\"sameAs\":[\"https:\/\/www.facebook.com\/csjemballages\"],\"address\":{\"@type\":\"PostalAddress\",\"streetAddress\":\"ZI La Lechere\",\"addressLocality\":\"Patornay\",\"postalCode\":\"39130\",\"addressCountry\":\"FR\"},\"contactPoint\":[{\"@type\":\"ContactPoint\",\"contactType\":\"Service client\",\"telephone\":\"0384254272\",\"email\":\"contact@csj-emballages.com\"}]}]}<\/script>\n<!-- \/ Yoast SEO Premium plugin. -->","yoast_head_json":{"title":"Molde OPTIMA Tourti\u00e8re 170 mm por 70","description":"Molde OPTIMA 170x70 mm ideal para pasteles y tartas gruesas. Robusto, pr\u00e1ctico y perfecto tanto para profesionales como para usuarios dom\u00e9sticos.","robots":{"index":"index","follow":"follow","max-snippet":"max-snippet:-1","max-image-preview":"max-image-preview:large","max-video-preview":"max-video-preview:-1"},"canonical":"https:\/\/www.csj-emballages.com\/es\/produit\/molde-optima-170-mm-x-70\/","og_locale":"es_ES","og_type":"article","og_title":"Molde OPTIMA 170 mm x 70","og_description":"Molde OPTIMA 170x70 mm ideal para pasteles y tartas gruesas. Robusto, pr\u00e1ctico y perfecto tanto para profesionales como para usuarios dom\u00e9sticos.","og_url":"https:\/\/www.csj-emballages.com\/es\/produit\/molde-optima-170-mm-x-70\/","og_site_name":"CSJ Emballages","article_publisher":"https:\/\/www.facebook.com\/csjemballages","article_modified_time":"2026-03-12T15:47:00+00:00","og_image":[{"width":794,"height":794,"url":"https:\/\/www.csj-emballages.com\/wp-content\/uploads\/2025\/04\/MP-2264-140454_Retif_PH_01.webp","type":"image\/webp"}],"twitter_card":"summary_large_image","twitter_misc":{"Tiempo de lectura":"1 minuto"},"schema":{"@context":"https:\/\/schema.org","@graph":[{"@type":"WebPage","@id":"https:\/\/www.csj-emballages.com\/es\/produit\/molde-optima-170-mm-x-70\/","url":"https:\/\/www.csj-emballages.com\/es\/produit\/molde-optima-170-mm-x-70\/","name":"Molde OPTIMA Tourti\u00e8re 170 mm por 70","isPartOf":{"@id":"https:\/\/www.csj-emballages.com\/es\/#website"},"primaryImageOfPage":{"@id":"https:\/\/www.csj-emballages.com\/es\/produit\/molde-optima-170-mm-x-70\/#primaryimage"},"image":{"@id":"https:\/\/www.csj-emballages.com\/es\/produit\/molde-optima-170-mm-x-70\/#primaryimage"},"thumbnailUrl":"https:\/\/www.csj-emballages.com\/wp-content\/uploads\/2025\/04\/MP-2264-140454_Retif_PH_01.webp","datePublished":"2025-04-25T11:31:11+00:00","dateModified":"2026-03-12T15:47:00+00:00","description":"Molde OPTIMA 170x70 mm ideal para pasteles y tartas gruesas. Robusto, pr\u00e1ctico y perfecto tanto para profesionales como para usuarios dom\u00e9sticos.","breadcrumb":{"@id":"https:\/\/www.csj-emballages.com\/es\/produit\/molde-optima-170-mm-x-70\/#breadcrumb"},"inLanguage":"es","potentialAction":[{"@type":"ReadAction","target":["https:\/\/www.csj-emballages.com\/es\/produit\/molde-optima-170-mm-x-70\/"]}]},{"@type":"ImageObject","inLanguage":"es","@id":"https:\/\/www.csj-emballages.com\/es\/produit\/molde-optima-170-mm-x-70\/#primaryimage","url":"https:\/\/www.csj-emballages.com\/wp-content\/uploads\/2025\/04\/MP-2264-140454_Retif_PH_01.webp","contentUrl":"https:\/\/www.csj-emballages.com\/wp-content\/uploads\/2025\/04\/MP-2264-140454_Retif_PH_01.webp","width":794,"height":794,"caption":"Assiette \u00e0 escargots Description de notre assiette \u00e0 escargots aluminium \u00d8138 mm par 100 L\u2019assiette \u00e0 escargots en aluminium \u00d8138 mm est un indispensable pour les professionnels de la restauration et les amateurs de cuisine traditionnelle. Con\u00e7ue sp\u00e9cialement pour la cuisson et le service des escargots, elle permet une pr\u00e9sentation \u00e9l\u00e9gante et un maintien optimal des coquilles gr\u00e2ce \u00e0 ses cavit\u00e9s adapt\u00e9es. Sa fabrication en aluminium l\u00e9ger et r\u00e9sistant garantit une excellente r\u00e9partition de la chaleur pour une cuisson homog\u00e8ne tout en offrant une grande facilit\u00e9 d'utilisation. En effet, vendu par lot de 100 assiettes, ce produit est id\u00e9al pour les traiteurs, restaurateurs, et particuliers, souhaitant proposer un service soign\u00e9 lors de repas gastronomiques ou d\u2019\u00e9v\u00e9nements sp\u00e9ciaux. En r\u00e9sum\u00e9, que ce soit pour une utilisation en cuisine professionnelle ou \u00e0 domicile, cette assiette \u00e0 escargots est la solution parfaite pour sublimer vos pr\u00e9parations et offrir \u00e0 vos convives une exp\u00e9rience authentique et raffin\u00e9e. Leurs avantages : Format pratique : Diam\u00e8tre de 138 mm, id\u00e9al pour une portion d\u2019escargots bien pr\u00e9sent\u00e9e. Mat\u00e9riau de qualit\u00e9 : Aluminium l\u00e9ger, r\u00e9sistant \u00e0 la chaleur et recyclable. Cuisson homog\u00e8ne : Excellente r\u00e9partition thermique pour une pr\u00e9paration parfaite. Utilisation professionnelle et domestique : Convient aux restaurateurs, traiteurs et particuliers. Vendu par 100 unit\u00e9s : Parfait pour les grandes commandes et les \u00e9v\u00e9nements. Autres informations : Conditionnement : Paquet de 100 Diam\u00e8tre ext\u00e9rieur : 135 mm Diam\u00e8tre int\u00e9rieur : 114 mm Mati\u00e8re : Aluminium Dimension creux : \u00d820 mm Temp\u00e9rature d'utilisation : -20\u00b0C \/ +350\u00b0C Consultez le reste de notre de notre gamme d'emballages en aluminium"},{"@type":"BreadcrumbList","@id":"https:\/\/www.csj-emballages.com\/es\/produit\/molde-optima-170-mm-x-70\/#breadcrumb","itemListElement":[{"@type":"ListItem","position":1,"name":"Accueil","item":"https:\/\/www.csj-emballages.com\/es\/universo-del-envasado-alimentario\/"},{"@type":"ListItem","position":2,"name":"Tienda","item":"https:\/\/www.csj-emballages.com\/tienda\/"},{"@type":"ListItem","position":3,"name":"Molde OPTIMA 170 mm x 70"}]},{"@type":"WebSite","@id":"https:\/\/www.csj-emballages.com\/es\/#website","url":"https:\/\/www.csj-emballages.com\/es\/","name":"CSJ Emballages","description":"","publisher":{"@id":"https:\/\/www.csj-emballages.com\/es\/#organization"},"potentialAction":[{"@type":"SearchAction","target":{"@type":"EntryPoint","urlTemplate":"https:\/\/www.csj-emballages.com\/es\/?s={search_term_string}"},"query-input":{"@type":"PropertyValueSpecification","valueRequired":true,"valueName":"search_term_string"}}],"inLanguage":"es"},{"@type":"Organization","@id":"https:\/\/www.csj-emballages.com\/es\/#Organization\/","name":"CSJ Emballages","url":"https:\/\/www.csj-emballages.com\/es\/","logo":{"@type":"ImageObject","inLanguage":"es","@id":"https:\/\/www.csj-emballages.com\/es\/#\/schema\/logo\/image\/","url":"https:\/\/www.csj-emballages.com\/wp-content\/uploads\/2023\/10\/logo_csj.webp","contentUrl":"https:\/\/www.csj-emballages.com\/wp-content\/uploads\/2023\/10\/logo_csj.webp","width":250,"height":95,"caption":"CSJ Emballages"},"image":{"@id":"https:\/\/www.csj-emballages.com\/es\/#\/schema\/logo\/image\/"},"sameAs":["https:\/\/www.facebook.com\/csjemballages"],"address":{"@type":"PostalAddress","streetAddress":"ZI La Lechere","addressLocality":"Patornay","postalCode":"39130","addressCountry":"FR"},"contactPoint":[{"@type":"ContactPoint","contactType":"Service client","telephone":"0384254272","email":"contact@csj-emballages.com"}]}]}},"df_price":31.12,"df_sale_price":"","df_regular_price":31.12,"df_image_link":"https:\/\/www.csj-emballages.com\/wp-content\/uploads\/2025\/04\/MP-2264-140454_Retif_PH_01-300x300.webp","tiered_pricing_type":"fixed","tiered_pricing_fixed_rules":[],"tiered_pricing_percentage_rules":[],"tiered_pricing_minimum":1,"tiered_pricing_roles_data":[],"_links":{"self":[{"href":"https:\/\/www.csj-emballages.com\/es\/wp-json\/wp\/v2\/product\/233529","targetHints":{"allow":["GET"]}}],"collection":[{"href":"https:\/\/www.csj-emballages.com\/es\/wp-json\/wp\/v2\/product"}],"about":[{"href":"https:\/\/www.csj-emballages.com\/es\/wp-json\/wp\/v2\/types\/product"}],"wp:featuredmedia":[{"embeddable":true,"href":"https:\/\/www.csj-emballages.com\/es\/wp-json\/wp\/v2\/media\/233516"}],"wp:attachment":[{"href":"https:\/\/www.csj-emballages.com\/es\/wp-json\/wp\/v2\/media?parent=233529"}],"wp:term":[{"taxonomy":"product_brand","embeddable":true,"href":"https:\/\/www.csj-emballages.com\/es\/wp-json\/wp\/v2\/product_brand?post=233529"},{"taxonomy":"product_cat","embeddable":true,"href":"https:\/\/www.csj-emballages.com\/es\/wp-json\/wp\/v2\/product_cat?post=233529"},{"taxonomy":"product_tag","embeddable":true,"href":"https:\/\/www.csj-emballages.com\/es\/wp-json\/wp\/v2\/product_tag?post=233529"}],"curies":[{"name":"wp","href":"https:\/\/api.w.org\/{rel}","templated":true}]}}