{"id":23340,"date":"2024-03-01T16:49:24","date_gmt":"2024-03-01T15:49:24","guid":{"rendered":"https:\/\/u15jnbdpoq.preview.infomaniak.website\/produit\/1000-bolsas-wicket-de-plastico-9-micras-23-x-31-cm\/"},"modified":"2026-04-18T02:16:22","modified_gmt":"2026-04-18T00:16:22","slug":"1000-bolsas-wicket-de-plastico-9-micras-23-x-31-cm","status":"publish","type":"product","link":"https:\/\/www.csj-emballages.com\/es\/produit\/1000-bolsas-wicket-de-plastico-9-micras-23-x-31-cm\/","title":{"rendered":"Bolsa de muestreo en fajos de 10 micras de 23 x 31 cm, paquete de 1000"},"content":{"rendered":"<h2 class=\"p1\">Bolsa de muestreo<\/h2>\n<hr>\n<h3>Descripci\u00f3n de nuestra bolsa de muestreo en fajos de 10 micras de 23 x 31 cm, paquete de 1000<\/h3>\n<p><!--more--><\/p>\n<p data-start=\"244\" data-end=\"614\">La <strong>bolsa de muestreo en fajos de 10 micras de 23 x 31 cm<\/strong> est\u00e1 especialmente dise\u00f1ada para el envasado, el transporte y el almacenamiento de muestras ligeras. Pr\u00e1ctica y econ\u00f3mica, responde perfectamente a las necesidades de los profesionales de los sectores <strong>alimentario, industrial o agr\u00edcola<\/strong>. <\/p>\n<p data-start=\"616\" data-end=\"936\">Fabricada en <strong>pl\u00e1stico fino de 10 micras<\/strong>, esta bolsa ofrece una buena flexibilidad a la vez que garantiza una protecci\u00f3n suficiente para las muestras no fr\u00e1giles. Gracias a su formato de <strong>23 x 31 cm,<\/strong> es ideal para contener productos secos, polvos, piezas peque\u00f1as o materias primas destinadas a controles, an\u00e1lisis o clasificaciones. <\/p>\n<p data-start=\"938\" data-end=\"1340\">Asimismo, el acondicionamiento en <strong>bolsas<\/strong> <strong data-start=\"965\" data-end=\"976\">adheridas en paquete<\/strong> facilita enormemente el uso diario: las bolsas permanecen bien alineadas, listas para ser separadas r\u00e1pidamente, lo que permite un ahorro de tiempo apreciable durante las operaciones repetitivas. Esta presentaci\u00f3n es particularmente adecuada para entornos donde la rapidez y la eficacia son esenciales.<\/p>\n<p data-start=\"1342\" data-end=\"1663\">Adem\u00e1s, esta <strong>bolsa en fajo<\/strong> es f\u00e1cil de almacenar y transportar. Su transparencia permite una identificaci\u00f3n r\u00e1pida del contenido, reduciendo los riesgos de error y mejorando la organizaci\u00f3n. Disponible en lote de <strong>1 000 unidades<\/strong>, constituye una soluci\u00f3n econ\u00f3mica para un uso regular e intensivo.  <\/p>\n<p data-start=\"1665\" data-end=\"1912\">En resumen, la <strong>bolsa de muestreo en fajos de 10 micras de 23 x 31 cm<\/strong> se impone como un indispensable para todos los profesionales que buscan una soluci\u00f3n pr\u00e1ctica para la toma de muestras y el envasado de muestras.<\/p>\n<p><!--more--><\/p>\n<h4>Ventajas :<\/h4>\n<ul>\n<li data-start=\"1950\" data-end=\"2000\">Formato <strong>23 x 31 cm<\/strong> adaptado a las muestras ligeras.<\/li>\n<li data-start=\"2003\" data-end=\"2048\"><strong>Grosor de 10 micras<\/strong>: esta bolsa es particularmente flexible.<\/li>\n<li data-start=\"2051\" data-end=\"2101\">Presentaci\u00f3n <strong>en fajos<\/strong> para un uso r\u00e1pido.<\/li>\n<li data-start=\"2104\" data-end=\"2159\">Transparente para una f\u00e1cil identificaci\u00f3n del contenido.<\/li>\n<\/ul>\n<p>&nbsp;<\/p>\n<p><!--more--><\/p>\n<p><strong>Informaci\u00f3n adicional :  <\/strong><\/p>\n<ul>\n<li><strong>Dimensiones<\/strong>: 23 x 31 cm<\/li>\n<li><strong>Material<\/strong>: HDPE<\/li>\n<li><strong>Envase<\/strong>: Paquete de 1000<\/li>\n<li><strong>Resistencia<\/strong>: 10 micras<\/li>\n<\/ul>\n<p>&nbsp;<\/p>\n<p><!--more--><\/p>\n<p>Esta bolsa de muestreo est\u00e1 disponible en diferentes tama\u00f1os: <span style=\"color: #d62727;\"><a style=\"color: #d62727;\" href=\"https:\/\/www.csj-emballages.com\/produit\/1000-sacs-liasses-plastiques-10-microns-17-x-22-cm\/\">17&#215;22 cm<\/a><\/span> \/ <span style=\"color: #d62727;\"><a style=\"color: #d62727;\" href=\"https:\/\/u15jnbdpoq.preview.infomaniak.website\/produit\/1000-sacs-liasses-plastiques-10-microns-30-x-35-cm\/\">30&#215;35 cm<\/a><\/span> \/ <span style=\"color: #d62727;\"><a style=\"color: #d62727;\" href=\"https:\/\/u15jnbdpoq.preview.infomaniak.website\/produit\/1000-sacs-liasses-plastiques-9-microns-35-x-50-cm\/\">35&#215;50 cm<\/a><\/span><\/p>\n<p>&nbsp;<\/p>\n<p><!--more--><\/p>\n<p><a href=\"https:\/\/u15jnbdpoq.preview.infomaniak.website\/categorie-produit\/emballages\/boucherie-traiteur-primeur\/sacs-et-sachets\/sacs-liasses-fond-de-caisse\/\">Ver el resto de nuestra gama de bolsas wicket<\/a><\/p>\n","protected":false},"excerpt":{"rendered":"<p>Bolsa de muestreo Descripci\u00f3n de nuestra bolsa de muestreo en fajos de 10 micras de 23 x 31 cm, paquete de 1000<\/p>\n","protected":false},"featured_media":263471,"template":"","meta":{"_acf_changed":false},"product_brand":[],"product_cat":[1143,2641,1488],"product_tag":[],"class_list":{"0":"post-23340","1":"product","2":"type-product","3":"status-publish","4":"has-post-thumbnail","6":"product_cat-carniceria-y-charcuteria","7":"product_cat-bolsas-de-fardos-caja-flotante","8":"product_cat-tienda-y-almacen","10":"first","11":"instock","12":"taxable","13":"shipping-taxable","14":"purchasable","15":"product-type-simple"},"acf":[],"yoast_head":"<!-- This site is optimized with the Yoast SEO Premium plugin v26.6 (Yoast SEO v26.6) - https:\/\/yoast.com\/wordpress\/plugins\/seo\/ -->\n<title>Bolsa de Muestreo Adherida en Paquete de 9 Micras - 23 x 31 cm<\/title>\n<meta name=\"description\" content=\"\u00a1Descubra nuestra bolsa de muestreo adherida en paquete de congelaci\u00f3n y conservaci\u00f3n de pl\u00e1stico! \u00a1DIM: 230 x 310 mm! En paquetes de 1000 unidades.\" \/>\n<meta name=\"robots\" content=\"index, follow, max-snippet:-1, max-image-preview:large, max-video-preview:-1\" \/>\n<link rel=\"canonical\" href=\"https:\/\/www.csj-emballages.com\/es\/produit\/1000-bolsas-wicket-de-plastico-9-micras-23-x-31-cm\/\" \/>\n<meta property=\"og:locale\" content=\"es_ES\" \/>\n<meta property=\"og:type\" content=\"article\" \/>\n<meta property=\"og:title\" content=\"Bolsa de muestreo en fajos de 10 micras de 23 x 31 cm, paquete de 1000\" \/>\n<meta property=\"og:description\" content=\"\u00a1Descubra nuestra bolsa de muestreo adherida en paquete de congelaci\u00f3n y conservaci\u00f3n de pl\u00e1stico! \u00a1DIM: 230 x 310 mm! En paquetes de 1000 unidades.\" \/>\n<meta property=\"og:url\" content=\"https:\/\/www.csj-emballages.com\/es\/produit\/1000-bolsas-wicket-de-plastico-9-micras-23-x-31-cm\/\" \/>\n<meta property=\"og:site_name\" content=\"CSJ Emballages\" \/>\n<meta property=\"article:publisher\" content=\"https:\/\/www.facebook.com\/csjemballages\" \/>\n<meta property=\"article:modified_time\" content=\"2026-04-18T00:16:22+00:00\" \/>\n<meta property=\"og:image\" content=\"https:\/\/www.csj-emballages.com\/wp-content\/uploads\/2024\/03\/SCONG.webp\" \/>\n\t<meta property=\"og:image:width\" content=\"800\" \/>\n\t<meta property=\"og:image:height\" content=\"800\" \/>\n\t<meta property=\"og:image:type\" content=\"image\/webp\" \/>\n<meta name=\"twitter:card\" content=\"summary_large_image\" \/>\n<meta name=\"twitter:label1\" content=\"Tiempo de lectura\" \/>\n\t<meta name=\"twitter:data1\" content=\"2 minutos\" \/>\n<script type=\"application\/ld+json\" class=\"yoast-schema-graph\">{\"@context\":\"https:\/\/schema.org\",\"@graph\":[{\"@type\":\"WebPage\",\"@id\":\"https:\/\/www.csj-emballages.com\/es\/produit\/1000-bolsas-wicket-de-plastico-9-micras-23-x-31-cm\/\",\"url\":\"https:\/\/www.csj-emballages.com\/es\/produit\/1000-bolsas-wicket-de-plastico-9-micras-23-x-31-cm\/\",\"name\":\"Bolsa de Muestreo Adherida en Paquete de 9 Micras - 23 x 31 cm\",\"isPartOf\":{\"@id\":\"https:\/\/www.csj-emballages.com\/es\/#website\"},\"primaryImageOfPage\":{\"@id\":\"https:\/\/www.csj-emballages.com\/es\/produit\/1000-bolsas-wicket-de-plastico-9-micras-23-x-31-cm\/#primaryimage\"},\"image\":{\"@id\":\"https:\/\/www.csj-emballages.com\/es\/produit\/1000-bolsas-wicket-de-plastico-9-micras-23-x-31-cm\/#primaryimage\"},\"thumbnailUrl\":\"https:\/\/www.csj-emballages.com\/wp-content\/uploads\/2024\/03\/SCONG.webp\",\"datePublished\":\"2024-03-01T15:49:24+00:00\",\"dateModified\":\"2026-04-18T00:16:22+00:00\",\"description\":\"\u00a1Descubra nuestra bolsa de muestreo adherida en paquete de congelaci\u00f3n y conservaci\u00f3n de pl\u00e1stico! \u00a1DIM: 230 x 310 mm! En paquetes de 1000 unidades.\",\"breadcrumb\":{\"@id\":\"https:\/\/www.csj-emballages.com\/es\/produit\/1000-bolsas-wicket-de-plastico-9-micras-23-x-31-cm\/#breadcrumb\"},\"inLanguage\":\"es\",\"potentialAction\":[{\"@type\":\"ReadAction\",\"target\":[\"https:\/\/www.csj-emballages.com\/es\/produit\/1000-bolsas-wicket-de-plastico-9-micras-23-x-31-cm\/\"]}]},{\"@type\":\"ImageObject\",\"inLanguage\":\"es\",\"@id\":\"https:\/\/www.csj-emballages.com\/es\/produit\/1000-bolsas-wicket-de-plastico-9-micras-23-x-31-cm\/#primaryimage\",\"url\":\"https:\/\/www.csj-emballages.com\/wp-content\/uploads\/2024\/03\/SCONG.webp\",\"contentUrl\":\"https:\/\/www.csj-emballages.com\/wp-content\/uploads\/2024\/03\/SCONG.webp\",\"width\":800,\"height\":800,\"caption\":\"Sac de pr\u00e9l\u00e8vement\"},{\"@type\":\"BreadcrumbList\",\"@id\":\"https:\/\/www.csj-emballages.com\/es\/produit\/1000-bolsas-wicket-de-plastico-9-micras-23-x-31-cm\/#breadcrumb\",\"itemListElement\":[{\"@type\":\"ListItem\",\"position\":1,\"name\":\"Accueil\",\"item\":\"https:\/\/www.csj-emballages.com\/es\/universo-del-envasado-alimentario\/\"},{\"@type\":\"ListItem\",\"position\":2,\"name\":\"Tienda\",\"item\":\"https:\/\/www.csj-emballages.com\/tienda\/\"},{\"@type\":\"ListItem\",\"position\":3,\"name\":\"Bolsa de muestreo en fajos de 10 micras de 23 x 31 cm, paquete de 1000\"}]},{\"@type\":\"WebSite\",\"@id\":\"https:\/\/www.csj-emballages.com\/es\/#website\",\"url\":\"https:\/\/www.csj-emballages.com\/es\/\",\"name\":\"CSJ Emballages\",\"description\":\"\",\"publisher\":{\"@id\":\"https:\/\/www.csj-emballages.com\/es\/#organization\"},\"potentialAction\":[{\"@type\":\"SearchAction\",\"target\":{\"@type\":\"EntryPoint\",\"urlTemplate\":\"https:\/\/www.csj-emballages.com\/es\/?s={search_term_string}\"},\"query-input\":{\"@type\":\"PropertyValueSpecification\",\"valueRequired\":true,\"valueName\":\"search_term_string\"}}],\"inLanguage\":\"es\"},{\"@type\":\"Organization\",\"@id\":\"https:\/\/www.csj-emballages.com\/es\/#Organization\/\",\"name\":\"CSJ Emballages\",\"url\":\"https:\/\/www.csj-emballages.com\/es\/\",\"logo\":{\"@type\":\"ImageObject\",\"inLanguage\":\"es\",\"@id\":\"https:\/\/www.csj-emballages.com\/es\/#\/schema\/logo\/image\/\",\"url\":\"https:\/\/www.csj-emballages.com\/wp-content\/uploads\/2023\/10\/logo_csj.webp\",\"contentUrl\":\"https:\/\/www.csj-emballages.com\/wp-content\/uploads\/2023\/10\/logo_csj.webp\",\"width\":250,\"height\":95,\"caption\":\"CSJ Emballages\"},\"image\":{\"@id\":\"https:\/\/www.csj-emballages.com\/es\/#\/schema\/logo\/image\/\"},\"sameAs\":[\"https:\/\/www.facebook.com\/csjemballages\"],\"address\":{\"@type\":\"PostalAddress\",\"streetAddress\":\"ZI La Lechere\",\"addressLocality\":\"Patornay\",\"postalCode\":\"39130\",\"addressCountry\":\"FR\"},\"contactPoint\":[{\"@type\":\"ContactPoint\",\"contactType\":\"Service client\",\"telephone\":\"0384254272\",\"email\":\"contact@csj-emballages.com\"}]}]}<\/script>\n<!-- \/ Yoast SEO Premium plugin. -->","yoast_head_json":{"title":"Bolsa de Muestreo Adherida en Paquete de 9 Micras - 23 x 31 cm","description":"\u00a1Descubra nuestra bolsa de muestreo adherida en paquete de congelaci\u00f3n y conservaci\u00f3n de pl\u00e1stico! \u00a1DIM: 230 x 310 mm! En paquetes de 1000 unidades.","robots":{"index":"index","follow":"follow","max-snippet":"max-snippet:-1","max-image-preview":"max-image-preview:large","max-video-preview":"max-video-preview:-1"},"canonical":"https:\/\/www.csj-emballages.com\/es\/produit\/1000-bolsas-wicket-de-plastico-9-micras-23-x-31-cm\/","og_locale":"es_ES","og_type":"article","og_title":"Bolsa de muestreo en fajos de 10 micras de 23 x 31 cm, paquete de 1000","og_description":"\u00a1Descubra nuestra bolsa de muestreo adherida en paquete de congelaci\u00f3n y conservaci\u00f3n de pl\u00e1stico! \u00a1DIM: 230 x 310 mm! En paquetes de 1000 unidades.","og_url":"https:\/\/www.csj-emballages.com\/es\/produit\/1000-bolsas-wicket-de-plastico-9-micras-23-x-31-cm\/","og_site_name":"CSJ Emballages","article_publisher":"https:\/\/www.facebook.com\/csjemballages","article_modified_time":"2026-04-18T00:16:22+00:00","og_image":[{"width":800,"height":800,"url":"https:\/\/www.csj-emballages.com\/wp-content\/uploads\/2024\/03\/SCONG.webp","type":"image\/webp"}],"twitter_card":"summary_large_image","twitter_misc":{"Tiempo de lectura":"2 minutos"},"schema":{"@context":"https:\/\/schema.org","@graph":[{"@type":"WebPage","@id":"https:\/\/www.csj-emballages.com\/es\/produit\/1000-bolsas-wicket-de-plastico-9-micras-23-x-31-cm\/","url":"https:\/\/www.csj-emballages.com\/es\/produit\/1000-bolsas-wicket-de-plastico-9-micras-23-x-31-cm\/","name":"Bolsa de Muestreo Adherida en Paquete de 9 Micras - 23 x 31 cm","isPartOf":{"@id":"https:\/\/www.csj-emballages.com\/es\/#website"},"primaryImageOfPage":{"@id":"https:\/\/www.csj-emballages.com\/es\/produit\/1000-bolsas-wicket-de-plastico-9-micras-23-x-31-cm\/#primaryimage"},"image":{"@id":"https:\/\/www.csj-emballages.com\/es\/produit\/1000-bolsas-wicket-de-plastico-9-micras-23-x-31-cm\/#primaryimage"},"thumbnailUrl":"https:\/\/www.csj-emballages.com\/wp-content\/uploads\/2024\/03\/SCONG.webp","datePublished":"2024-03-01T15:49:24+00:00","dateModified":"2026-04-18T00:16:22+00:00","description":"\u00a1Descubra nuestra bolsa de muestreo adherida en paquete de congelaci\u00f3n y conservaci\u00f3n de pl\u00e1stico! \u00a1DIM: 230 x 310 mm! En paquetes de 1000 unidades.","breadcrumb":{"@id":"https:\/\/www.csj-emballages.com\/es\/produit\/1000-bolsas-wicket-de-plastico-9-micras-23-x-31-cm\/#breadcrumb"},"inLanguage":"es","potentialAction":[{"@type":"ReadAction","target":["https:\/\/www.csj-emballages.com\/es\/produit\/1000-bolsas-wicket-de-plastico-9-micras-23-x-31-cm\/"]}]},{"@type":"ImageObject","inLanguage":"es","@id":"https:\/\/www.csj-emballages.com\/es\/produit\/1000-bolsas-wicket-de-plastico-9-micras-23-x-31-cm\/#primaryimage","url":"https:\/\/www.csj-emballages.com\/wp-content\/uploads\/2024\/03\/SCONG.webp","contentUrl":"https:\/\/www.csj-emballages.com\/wp-content\/uploads\/2024\/03\/SCONG.webp","width":800,"height":800,"caption":"Sac de pr\u00e9l\u00e8vement"},{"@type":"BreadcrumbList","@id":"https:\/\/www.csj-emballages.com\/es\/produit\/1000-bolsas-wicket-de-plastico-9-micras-23-x-31-cm\/#breadcrumb","itemListElement":[{"@type":"ListItem","position":1,"name":"Accueil","item":"https:\/\/www.csj-emballages.com\/es\/universo-del-envasado-alimentario\/"},{"@type":"ListItem","position":2,"name":"Tienda","item":"https:\/\/www.csj-emballages.com\/tienda\/"},{"@type":"ListItem","position":3,"name":"Bolsa de muestreo en fajos de 10 micras de 23 x 31 cm, paquete de 1000"}]},{"@type":"WebSite","@id":"https:\/\/www.csj-emballages.com\/es\/#website","url":"https:\/\/www.csj-emballages.com\/es\/","name":"CSJ Emballages","description":"","publisher":{"@id":"https:\/\/www.csj-emballages.com\/es\/#organization"},"potentialAction":[{"@type":"SearchAction","target":{"@type":"EntryPoint","urlTemplate":"https:\/\/www.csj-emballages.com\/es\/?s={search_term_string}"},"query-input":{"@type":"PropertyValueSpecification","valueRequired":true,"valueName":"search_term_string"}}],"inLanguage":"es"},{"@type":"Organization","@id":"https:\/\/www.csj-emballages.com\/es\/#Organization\/","name":"CSJ Emballages","url":"https:\/\/www.csj-emballages.com\/es\/","logo":{"@type":"ImageObject","inLanguage":"es","@id":"https:\/\/www.csj-emballages.com\/es\/#\/schema\/logo\/image\/","url":"https:\/\/www.csj-emballages.com\/wp-content\/uploads\/2023\/10\/logo_csj.webp","contentUrl":"https:\/\/www.csj-emballages.com\/wp-content\/uploads\/2023\/10\/logo_csj.webp","width":250,"height":95,"caption":"CSJ Emballages"},"image":{"@id":"https:\/\/www.csj-emballages.com\/es\/#\/schema\/logo\/image\/"},"sameAs":["https:\/\/www.facebook.com\/csjemballages"],"address":{"@type":"PostalAddress","streetAddress":"ZI La Lechere","addressLocality":"Patornay","postalCode":"39130","addressCountry":"FR"},"contactPoint":[{"@type":"ContactPoint","contactType":"Service client","telephone":"0384254272","email":"contact@csj-emballages.com"}]}]}},"df_price":6.59,"df_sale_price":"","df_regular_price":6.59,"df_image_link":"https:\/\/www.csj-emballages.com\/wp-content\/uploads\/2024\/03\/SCONG-300x300.webp","tiered_pricing_type":"fixed","tiered_pricing_fixed_rules":[],"tiered_pricing_percentage_rules":[],"tiered_pricing_minimum":1,"tiered_pricing_roles_data":[],"_links":{"self":[{"href":"https:\/\/www.csj-emballages.com\/es\/wp-json\/wp\/v2\/product\/23340","targetHints":{"allow":["GET"]}}],"collection":[{"href":"https:\/\/www.csj-emballages.com\/es\/wp-json\/wp\/v2\/product"}],"about":[{"href":"https:\/\/www.csj-emballages.com\/es\/wp-json\/wp\/v2\/types\/product"}],"wp:featuredmedia":[{"embeddable":true,"href":"https:\/\/www.csj-emballages.com\/es\/wp-json\/wp\/v2\/media\/263471"}],"wp:attachment":[{"href":"https:\/\/www.csj-emballages.com\/es\/wp-json\/wp\/v2\/media?parent=23340"}],"wp:term":[{"taxonomy":"product_brand","embeddable":true,"href":"https:\/\/www.csj-emballages.com\/es\/wp-json\/wp\/v2\/product_brand?post=23340"},{"taxonomy":"product_cat","embeddable":true,"href":"https:\/\/www.csj-emballages.com\/es\/wp-json\/wp\/v2\/product_cat?post=23340"},{"taxonomy":"product_tag","embeddable":true,"href":"https:\/\/www.csj-emballages.com\/es\/wp-json\/wp\/v2\/product_tag?post=23340"}],"curies":[{"name":"wp","href":"https:\/\/api.w.org\/{rel}","templated":true}]}}