{"id":23338,"date":"2024-03-01T16:49:22","date_gmt":"2024-03-01T15:49:22","guid":{"rendered":"https:\/\/u15jnbdpoq.preview.infomaniak.website\/produit\/50-vasos-de-postre-de-plastico-cristal-desechables-236-ml\/"},"modified":"2026-04-01T02:18:07","modified_gmt":"2026-04-01T00:18:07","slug":"50-vasos-de-postre-de-plastico-cristal-desechables-236-ml","status":"publish","type":"product","link":"https:\/\/www.csj-emballages.com\/es\/produit\/50-vasos-de-postre-de-plastico-cristal-desechables-236-ml\/","title":{"rendered":"Vaso de postre de pl\u00e1stico 236 ml por 50"},"content":{"rendered":"<h2>Taza de postre<\/h2>\n<hr>\n<h3>Descripci\u00f3n de nuestro vaso de postre de pl\u00e1stico 236 ml por 50<\/h3>\n<p><!--more--><\/p>\n<p data-start=\"256\" data-end=\"567\">La <strong>copa de postre de pl\u00e1stico de 236 ml<\/strong> es ideal para presentar y servir <strong>postres individuales, macedonias o preparaciones dulces y saladas<\/strong>. Dise\u00f1ada para profesionales de la restauraci\u00f3n, catering, pasteler\u00eda y comida para llevar, combina est\u00e9tica y practicidad. <\/p>\n<p data-start=\"569\" data-end=\"965\">Fabricada en <strong>pl\u00e1stico transparente<\/strong> de calidad alimentaria, esta copa realza perfectamente los colores y texturas de sus platos. Su <strong>capacidad de 236 ml<\/strong> es ideal para ofrecer raciones generosas en un formato manejable. Es perfecta para <strong>frutas frescas, mousses, cremas, tiramis\u00fas, postres l\u00e1cteos o entrantes fr\u00edos<\/strong>.  <\/p>\n<p data-start=\"967\" data-end=\"1291\">Gracias a su forma estable y ergon\u00f3mica, asegura una buena sujeci\u00f3n en mesas, bandejas o en vitrinas refrigeradas. Ligera y apilable, facilita el almacenamiento y optimiza la organizaci\u00f3n en el almac\u00e9n. Adem\u00e1s, este <strong>recipiente<\/strong> puede asociarse con <strong>tapas compatibles<\/strong> (vendidas por separado) para su uso en venta para llevar o entrega a domicilio.  <\/p>\n<p data-start=\"1293\" data-end=\"1478\">En resumen, presentada en packs de <strong>50 unidades<\/strong>, la <strong>copa de postre de 236 ml<\/strong> es una soluci\u00f3n econ\u00f3mica y fiable para profesionales que buscan un envase sencillo, est\u00e9tico y eficaz.<\/p>\n<p data-start=\"1293\" data-end=\"1478\">\n<p data-start=\"1293\" data-end=\"1478\"><!--more--><\/p>\n<p data-start=\"1293\" data-end=\"1478\"><strong><span style=\"color: #ff0000;\">*Las tapas se venden por separado<\/span><\/strong><\/p>\n<p data-start=\"1293\" data-end=\"1478\">\n<p data-start=\"1293\" data-end=\"1478\"><!--more--><\/p>\n<h4 data-start=\"1293\" data-end=\"1478\">Ventajas :<\/h4>\n<ul>\n<li data-start=\"1516\" data-end=\"1570\"><strong>Capacidad de 236 ml<\/strong> ideal para raciones individuales.<\/li>\n<li data-start=\"1573\" data-end=\"1624\">Pl\u00e1stico transparente apto para el contacto alimentario.<\/li>\n<li data-start=\"1678\" data-end=\"1704\">Forma estable y pr\u00e1ctica.<\/li>\n<li data-start=\"1731\" data-end=\"1777\"><strong>Compatible con tapas<\/strong> (vendidas por separado).<\/li>\n<li data-start=\"1780\" data-end=\"1827\">Apta para vitrinas y venta para llevar.<\/li>\n<li data-start=\"1830\" data-end=\"1870\">Pr\u00e1ctico formato de <strong>50 copas<\/strong>.<\/li>\n<\/ul>\n<p><!--more--><\/p>\n<h4>Informaci\u00f3n adicional :<\/h4>\n<ul>\n<li><strong>Dimensiones<\/strong>: 92,6 x 65,4 (\u00d8 x A en mm).<\/li>\n<li><strong>Envases<\/strong>: Paquetes de 50<\/li>\n<li><strong>Volumen<\/strong>: 236 ml<\/li>\n<li><strong>Material<\/strong>: PET<\/li>\n<\/ul>\n<p>&nbsp;<\/p>\n<p><!--more--><\/p>\n<p>Encuentre aqu\u00ed las fundas que se venden por separado y que son compatibles con este producto: <span style=\"color: #d12727;\"><a style=\"color: #d12727;\" href=\"https:\/\/www.csj-emballages.com\/produit\/50-couvercles-plats-coupe-dessert-sd5-sd8-ts5-tp9-tp5\/\">COUVSD8<\/a><\/span> \/ <span style=\"color: #d12727;\"><a style=\"color: #d12727;\" href=\"https:\/\/www.csj-emballages.com\/produit\/50-couvercles-domes-jetables-sd5-sd8-ts5-tp5-tp9\/\">DOMEST<\/a><\/span><\/p>\n<p>&nbsp;<\/p>\n<p><!--more--><\/p>\n<p><a href=\"https:\/\/www.csj-emballages.com\/es\/categorie-produit\/envasado-de-alimentos\/carniceria-y-charcuteria\/tazas-tarros-vasos\/tazas-de-postre\/\">Descubre el resto de nuestra gama de cuencos de postre<\/a><\/p>\n","protected":false},"excerpt":{"rendered":"<p>Taza de postre Descripci\u00f3n de nuestro vaso de postre de pl\u00e1stico 236 ml por 50<\/p>\n","protected":false},"featured_media":264433,"template":"","meta":{"_acf_changed":false},"product_brand":[],"product_cat":[1150,1143,1324,1458],"product_tag":[],"class_list":{"0":"post-23338","1":"product","2":"type-product","3":"status-publish","4":"has-post-thumbnail","6":"product_cat-envasado-de-alimentos","7":"product_cat-carniceria-y-charcuteria","8":"product_cat-tazas-tarros-vasos","9":"product_cat-tazas-de-postre","11":"first","12":"instock","13":"taxable","14":"shipping-taxable","15":"purchasable","16":"product-type-simple"},"acf":[],"yoast_head":"<!-- This site is optimized with the Yoast SEO Premium plugin v26.6 (Yoast SEO v26.6) - https:\/\/yoast.com\/wordpress\/plugins\/seo\/ -->\n<title>Vaso de postre de pl\u00e1stico - 236 ml<\/title>\n<meta name=\"description\" content=\"Bol de pl\u00e1stico para postres, dise\u00f1ado para sacar lo mejor de sus platos. Resistente y pr\u00e1ctico, garantiza una presentaci\u00f3n cuidada y un transporte seguro.\" \/>\n<meta name=\"robots\" content=\"index, follow, max-snippet:-1, max-image-preview:large, max-video-preview:-1\" \/>\n<link rel=\"canonical\" href=\"https:\/\/www.csj-emballages.com\/es\/produit\/50-vasos-de-postre-de-plastico-cristal-desechables-236-ml\/\" \/>\n<meta property=\"og:locale\" content=\"es_ES\" \/>\n<meta property=\"og:type\" content=\"article\" \/>\n<meta property=\"og:title\" content=\"Vaso de postre de pl\u00e1stico 236 ml por 50\" \/>\n<meta property=\"og:description\" content=\"Bol de pl\u00e1stico para postres, dise\u00f1ado para sacar lo mejor de sus platos. Resistente y pr\u00e1ctico, garantiza una presentaci\u00f3n cuidada y un transporte seguro.\" \/>\n<meta property=\"og:url\" content=\"https:\/\/www.csj-emballages.com\/es\/produit\/50-vasos-de-postre-de-plastico-cristal-desechables-236-ml\/\" \/>\n<meta property=\"og:site_name\" content=\"CSJ Emballages\" \/>\n<meta property=\"article:publisher\" content=\"https:\/\/www.facebook.com\/csjemballages\" \/>\n<meta property=\"article:modified_time\" content=\"2026-04-01T00:18:07+00:00\" \/>\n<meta property=\"og:image\" content=\"https:\/\/www.csj-emballages.com\/wp-content\/uploads\/2024\/03\/SD8-2.webp\" \/>\n\t<meta property=\"og:image:width\" content=\"800\" \/>\n\t<meta property=\"og:image:height\" content=\"800\" \/>\n\t<meta property=\"og:image:type\" content=\"image\/webp\" \/>\n<meta name=\"twitter:card\" content=\"summary_large_image\" \/>\n<meta name=\"twitter:label1\" content=\"Tiempo de lectura\" \/>\n\t<meta name=\"twitter:data1\" content=\"1 minuto\" \/>\n<script type=\"application\/ld+json\" class=\"yoast-schema-graph\">{\"@context\":\"https:\/\/schema.org\",\"@graph\":[{\"@type\":\"WebPage\",\"@id\":\"https:\/\/www.csj-emballages.com\/es\/produit\/50-vasos-de-postre-de-plastico-cristal-desechables-236-ml\/\",\"url\":\"https:\/\/www.csj-emballages.com\/es\/produit\/50-vasos-de-postre-de-plastico-cristal-desechables-236-ml\/\",\"name\":\"Vaso de postre de pl\u00e1stico - 236 ml\",\"isPartOf\":{\"@id\":\"https:\/\/www.csj-emballages.com\/es\/#website\"},\"primaryImageOfPage\":{\"@id\":\"https:\/\/www.csj-emballages.com\/es\/produit\/50-vasos-de-postre-de-plastico-cristal-desechables-236-ml\/#primaryimage\"},\"image\":{\"@id\":\"https:\/\/www.csj-emballages.com\/es\/produit\/50-vasos-de-postre-de-plastico-cristal-desechables-236-ml\/#primaryimage\"},\"thumbnailUrl\":\"https:\/\/www.csj-emballages.com\/wp-content\/uploads\/2024\/03\/SD8-2.webp\",\"datePublished\":\"2024-03-01T15:49:22+00:00\",\"dateModified\":\"2026-04-01T00:18:07+00:00\",\"description\":\"Bol de pl\u00e1stico para postres, dise\u00f1ado para sacar lo mejor de sus platos. Resistente y pr\u00e1ctico, garantiza una presentaci\u00f3n cuidada y un transporte seguro.\",\"breadcrumb\":{\"@id\":\"https:\/\/www.csj-emballages.com\/es\/produit\/50-vasos-de-postre-de-plastico-cristal-desechables-236-ml\/#breadcrumb\"},\"inLanguage\":\"es\",\"potentialAction\":[{\"@type\":\"ReadAction\",\"target\":[\"https:\/\/www.csj-emballages.com\/es\/produit\/50-vasos-de-postre-de-plastico-cristal-desechables-236-ml\/\"]}]},{\"@type\":\"ImageObject\",\"inLanguage\":\"es\",\"@id\":\"https:\/\/www.csj-emballages.com\/es\/produit\/50-vasos-de-postre-de-plastico-cristal-desechables-236-ml\/#primaryimage\",\"url\":\"https:\/\/www.csj-emballages.com\/wp-content\/uploads\/2024\/03\/SD8-2.webp\",\"contentUrl\":\"https:\/\/www.csj-emballages.com\/wp-content\/uploads\/2024\/03\/SD8-2.webp\",\"width\":800,\"height\":800,\"caption\":\"Coupe \u00e0 dessert\"},{\"@type\":\"BreadcrumbList\",\"@id\":\"https:\/\/www.csj-emballages.com\/es\/produit\/50-vasos-de-postre-de-plastico-cristal-desechables-236-ml\/#breadcrumb\",\"itemListElement\":[{\"@type\":\"ListItem\",\"position\":1,\"name\":\"Accueil\",\"item\":\"https:\/\/www.csj-emballages.com\/es\/universo-del-envasado-alimentario\/\"},{\"@type\":\"ListItem\",\"position\":2,\"name\":\"Tienda\",\"item\":\"https:\/\/www.csj-emballages.com\/tienda\/\"},{\"@type\":\"ListItem\",\"position\":3,\"name\":\"Vaso de postre de pl\u00e1stico 236 ml por 50\"}]},{\"@type\":\"WebSite\",\"@id\":\"https:\/\/www.csj-emballages.com\/es\/#website\",\"url\":\"https:\/\/www.csj-emballages.com\/es\/\",\"name\":\"CSJ Emballages\",\"description\":\"\",\"publisher\":{\"@id\":\"https:\/\/www.csj-emballages.com\/es\/#organization\"},\"potentialAction\":[{\"@type\":\"SearchAction\",\"target\":{\"@type\":\"EntryPoint\",\"urlTemplate\":\"https:\/\/www.csj-emballages.com\/es\/?s={search_term_string}\"},\"query-input\":{\"@type\":\"PropertyValueSpecification\",\"valueRequired\":true,\"valueName\":\"search_term_string\"}}],\"inLanguage\":\"es\"},{\"@type\":\"Organization\",\"@id\":\"https:\/\/www.csj-emballages.com\/es\/#Organization\/\",\"name\":\"CSJ Emballages\",\"url\":\"https:\/\/www.csj-emballages.com\/es\/\",\"logo\":{\"@type\":\"ImageObject\",\"inLanguage\":\"es\",\"@id\":\"https:\/\/www.csj-emballages.com\/es\/#\/schema\/logo\/image\/\",\"url\":\"https:\/\/www.csj-emballages.com\/wp-content\/uploads\/2023\/10\/logo_csj.webp\",\"contentUrl\":\"https:\/\/www.csj-emballages.com\/wp-content\/uploads\/2023\/10\/logo_csj.webp\",\"width\":250,\"height\":95,\"caption\":\"CSJ Emballages\"},\"image\":{\"@id\":\"https:\/\/www.csj-emballages.com\/es\/#\/schema\/logo\/image\/\"},\"sameAs\":[\"https:\/\/www.facebook.com\/csjemballages\"],\"address\":{\"@type\":\"PostalAddress\",\"streetAddress\":\"ZI La Lechere\",\"addressLocality\":\"Patornay\",\"postalCode\":\"39130\",\"addressCountry\":\"FR\"},\"contactPoint\":[{\"@type\":\"ContactPoint\",\"contactType\":\"Service client\",\"telephone\":\"0384254272\",\"email\":\"contact@csj-emballages.com\"}]}]}<\/script>\n<!-- \/ Yoast SEO Premium plugin. -->","yoast_head_json":{"title":"Vaso de postre de pl\u00e1stico - 236 ml","description":"Bol de pl\u00e1stico para postres, dise\u00f1ado para sacar lo mejor de sus platos. Resistente y pr\u00e1ctico, garantiza una presentaci\u00f3n cuidada y un transporte seguro.","robots":{"index":"index","follow":"follow","max-snippet":"max-snippet:-1","max-image-preview":"max-image-preview:large","max-video-preview":"max-video-preview:-1"},"canonical":"https:\/\/www.csj-emballages.com\/es\/produit\/50-vasos-de-postre-de-plastico-cristal-desechables-236-ml\/","og_locale":"es_ES","og_type":"article","og_title":"Vaso de postre de pl\u00e1stico 236 ml por 50","og_description":"Bol de pl\u00e1stico para postres, dise\u00f1ado para sacar lo mejor de sus platos. Resistente y pr\u00e1ctico, garantiza una presentaci\u00f3n cuidada y un transporte seguro.","og_url":"https:\/\/www.csj-emballages.com\/es\/produit\/50-vasos-de-postre-de-plastico-cristal-desechables-236-ml\/","og_site_name":"CSJ Emballages","article_publisher":"https:\/\/www.facebook.com\/csjemballages","article_modified_time":"2026-04-01T00:18:07+00:00","og_image":[{"width":800,"height":800,"url":"https:\/\/www.csj-emballages.com\/wp-content\/uploads\/2024\/03\/SD8-2.webp","type":"image\/webp"}],"twitter_card":"summary_large_image","twitter_misc":{"Tiempo de lectura":"1 minuto"},"schema":{"@context":"https:\/\/schema.org","@graph":[{"@type":"WebPage","@id":"https:\/\/www.csj-emballages.com\/es\/produit\/50-vasos-de-postre-de-plastico-cristal-desechables-236-ml\/","url":"https:\/\/www.csj-emballages.com\/es\/produit\/50-vasos-de-postre-de-plastico-cristal-desechables-236-ml\/","name":"Vaso de postre de pl\u00e1stico - 236 ml","isPartOf":{"@id":"https:\/\/www.csj-emballages.com\/es\/#website"},"primaryImageOfPage":{"@id":"https:\/\/www.csj-emballages.com\/es\/produit\/50-vasos-de-postre-de-plastico-cristal-desechables-236-ml\/#primaryimage"},"image":{"@id":"https:\/\/www.csj-emballages.com\/es\/produit\/50-vasos-de-postre-de-plastico-cristal-desechables-236-ml\/#primaryimage"},"thumbnailUrl":"https:\/\/www.csj-emballages.com\/wp-content\/uploads\/2024\/03\/SD8-2.webp","datePublished":"2024-03-01T15:49:22+00:00","dateModified":"2026-04-01T00:18:07+00:00","description":"Bol de pl\u00e1stico para postres, dise\u00f1ado para sacar lo mejor de sus platos. Resistente y pr\u00e1ctico, garantiza una presentaci\u00f3n cuidada y un transporte seguro.","breadcrumb":{"@id":"https:\/\/www.csj-emballages.com\/es\/produit\/50-vasos-de-postre-de-plastico-cristal-desechables-236-ml\/#breadcrumb"},"inLanguage":"es","potentialAction":[{"@type":"ReadAction","target":["https:\/\/www.csj-emballages.com\/es\/produit\/50-vasos-de-postre-de-plastico-cristal-desechables-236-ml\/"]}]},{"@type":"ImageObject","inLanguage":"es","@id":"https:\/\/www.csj-emballages.com\/es\/produit\/50-vasos-de-postre-de-plastico-cristal-desechables-236-ml\/#primaryimage","url":"https:\/\/www.csj-emballages.com\/wp-content\/uploads\/2024\/03\/SD8-2.webp","contentUrl":"https:\/\/www.csj-emballages.com\/wp-content\/uploads\/2024\/03\/SD8-2.webp","width":800,"height":800,"caption":"Coupe \u00e0 dessert"},{"@type":"BreadcrumbList","@id":"https:\/\/www.csj-emballages.com\/es\/produit\/50-vasos-de-postre-de-plastico-cristal-desechables-236-ml\/#breadcrumb","itemListElement":[{"@type":"ListItem","position":1,"name":"Accueil","item":"https:\/\/www.csj-emballages.com\/es\/universo-del-envasado-alimentario\/"},{"@type":"ListItem","position":2,"name":"Tienda","item":"https:\/\/www.csj-emballages.com\/tienda\/"},{"@type":"ListItem","position":3,"name":"Vaso de postre de pl\u00e1stico 236 ml por 50"}]},{"@type":"WebSite","@id":"https:\/\/www.csj-emballages.com\/es\/#website","url":"https:\/\/www.csj-emballages.com\/es\/","name":"CSJ Emballages","description":"","publisher":{"@id":"https:\/\/www.csj-emballages.com\/es\/#organization"},"potentialAction":[{"@type":"SearchAction","target":{"@type":"EntryPoint","urlTemplate":"https:\/\/www.csj-emballages.com\/es\/?s={search_term_string}"},"query-input":{"@type":"PropertyValueSpecification","valueRequired":true,"valueName":"search_term_string"}}],"inLanguage":"es"},{"@type":"Organization","@id":"https:\/\/www.csj-emballages.com\/es\/#Organization\/","name":"CSJ Emballages","url":"https:\/\/www.csj-emballages.com\/es\/","logo":{"@type":"ImageObject","inLanguage":"es","@id":"https:\/\/www.csj-emballages.com\/es\/#\/schema\/logo\/image\/","url":"https:\/\/www.csj-emballages.com\/wp-content\/uploads\/2023\/10\/logo_csj.webp","contentUrl":"https:\/\/www.csj-emballages.com\/wp-content\/uploads\/2023\/10\/logo_csj.webp","width":250,"height":95,"caption":"CSJ Emballages"},"image":{"@id":"https:\/\/www.csj-emballages.com\/es\/#\/schema\/logo\/image\/"},"sameAs":["https:\/\/www.facebook.com\/csjemballages"],"address":{"@type":"PostalAddress","streetAddress":"ZI La Lechere","addressLocality":"Patornay","postalCode":"39130","addressCountry":"FR"},"contactPoint":[{"@type":"ContactPoint","contactType":"Service client","telephone":"0384254272","email":"contact@csj-emballages.com"}]}]}},"df_price":3.97,"df_sale_price":"","df_regular_price":3.97,"df_image_link":"https:\/\/www.csj-emballages.com\/wp-content\/uploads\/2024\/03\/SD8-2-300x300.webp","tiered_pricing_type":"fixed","tiered_pricing_fixed_rules":[],"tiered_pricing_percentage_rules":[],"tiered_pricing_minimum":1,"tiered_pricing_roles_data":[],"_links":{"self":[{"href":"https:\/\/www.csj-emballages.com\/es\/wp-json\/wp\/v2\/product\/23338","targetHints":{"allow":["GET"]}}],"collection":[{"href":"https:\/\/www.csj-emballages.com\/es\/wp-json\/wp\/v2\/product"}],"about":[{"href":"https:\/\/www.csj-emballages.com\/es\/wp-json\/wp\/v2\/types\/product"}],"wp:featuredmedia":[{"embeddable":true,"href":"https:\/\/www.csj-emballages.com\/es\/wp-json\/wp\/v2\/media\/264433"}],"wp:attachment":[{"href":"https:\/\/www.csj-emballages.com\/es\/wp-json\/wp\/v2\/media?parent=23338"}],"wp:term":[{"taxonomy":"product_brand","embeddable":true,"href":"https:\/\/www.csj-emballages.com\/es\/wp-json\/wp\/v2\/product_brand?post=23338"},{"taxonomy":"product_cat","embeddable":true,"href":"https:\/\/www.csj-emballages.com\/es\/wp-json\/wp\/v2\/product_cat?post=23338"},{"taxonomy":"product_tag","embeddable":true,"href":"https:\/\/www.csj-emballages.com\/es\/wp-json\/wp\/v2\/product_tag?post=23338"}],"curies":[{"name":"wp","href":"https:\/\/api.w.org\/{rel}","templated":true}]}}