{"id":233326,"date":"2025-05-16T14:09:58","date_gmt":"2025-05-16T12:09:58","guid":{"rendered":"https:\/\/www.csj-emballages.com\/produit\/20-g-de-pastillas-de-cloro-de-choque-por-5-kg\/"},"modified":"2026-03-12T16:07:16","modified_gmt":"2026-03-12T15:07:16","slug":"20-g-de-pastillas-de-cloro-de-choque-por-5-kg","status":"publish","type":"product","link":"https:\/\/www.csj-emballages.com\/es\/produit\/20-g-de-pastillas-de-cloro-de-choque-por-5-kg\/","title":{"rendered":"Tableta de choque de cloro 20 g por 5 kg"},"content":{"rendered":"<h2 class=\"p1\">Pastilla de cloro<\/h2>\n<hr>\n<h3>Descripci\u00f3n de nuestra tableta de choque de cloro de 20 g por 5 kg<\/h3>\n<p><!--more--><\/p>\n<p data-start=\"152\" data-end=\"493\"><strong data-start=\"156\" data-end=\"188\">Las tabletas de cloro de choque de 20 g<\/strong> en <strong>cubos de 5 kg<\/strong> son una soluci\u00f3n potente y de acci\u00f3n r\u00e1pida para tratar eficazmente el agua de su piscina. Tanto si es un particular preocupado por la calidad de su piscina como si es un profesional del mantenimiento de piscinas, este producto es esencial para garantizar un agua cristalina y saludable en poco tiempo. <\/p>\n<p data-start=\"495\" data-end=\"804\">Dise\u00f1adas para el <strong data-start=\"512\" data-end=\"532\">tratamiento de choque<\/strong>, estas pastillas act\u00faan inmediatamente en caso de agua turbia, uso intensivo o proliferaci\u00f3n de algas. Gracias a su <strong data-start=\"659\" data-end=\"701\">formulaci\u00f3n de cloro activo concentrado<\/strong>, eliminan r\u00e1pidamente las bacterias, los hongos y otros microorganismos presentes en el agua. <\/p>\n<p data-start=\"806\" data-end=\"1218\">F\u00e1ciles de dosificar con sus <strong data-start=\"833\" data-end=\"857\">unidades de 20 gramos<\/strong>, se disuelven r\u00e1pidamente, sin dejar residuos, para una acci\u00f3n r\u00e1pida y uniforme. Es f\u00e1cil de usar: basta con colocar las pastillas en el skimmer o directamente en la piscina (cuando no haya ba\u00f1istas), seg\u00fan las recomendaciones. El formato de 5 kg cubre varios tratamientos, lo que lo convierte en una soluci\u00f3n econ\u00f3mica a largo plazo.  <\/p>\n<p data-start=\"1220\" data-end=\"1426\">Adecuadas para todo tipo de piscinas, estas <strong>pastillas de cloro<\/strong> son ideales al principio de la temporada, despu\u00e9s de lluvias intensas o antes de una subida de temperatura que favorezca la proliferaci\u00f3n de algas.<\/p>\n<p data-start=\"1428\" data-end=\"1681\">Con este <strong>cloro de choque<\/strong>, puede estar seguro de que el <strong data-start=\"1481\" data-end=\"1521\">agua estar\u00e1 limpia, desinfectada y ser\u00e1 agradable<\/strong> nadar en ella. En resumen, es la forma perfecta de mantener el mantenimiento de su piscina bajo control, para que siempre est\u00e9 lista para dar la bienvenida a grandes y peque\u00f1os. <\/p>\n<p>&nbsp;<\/p>\n<p data-start=\"1302\" data-end=\"1517\"><!--more--><\/p>\n<p><strong>Sus ventajas:<\/strong><\/p>\n<ul>\n<li>Formato econ\u00f3mico en cubos de 5 kg.<\/li>\n<li>Comprimidos de 20 g: dosificaci\u00f3n r\u00e1pida y sencilla.<\/li>\n<li>Se disuelve r\u00e1pidamente sin dejar residuos.<\/li>\n<li>Compatible con todo tipo de piscinas.<\/li>\n<\/ul>\n<p>&nbsp;<\/p>\n<p><!--more--><\/p>\n<p><strong>Informaci\u00f3n adicional :  <\/strong><\/p>\n<ul>\n<li><strong>Embalaje<\/strong>: Por unidad<\/li>\n<li><strong>Volumen <\/strong>: 5 kg<\/li>\n<li><strong>Uso<\/strong>: Pastilla de cloro<\/li>\n<\/ul>\n<p>&nbsp;<\/p>\n<p><!--more--><\/p>\n<p>Descubra tambi\u00e9n nuestro floculante de calcetines para filtros de arena 125 g por 8 : <span style=\"color: #d12727;\"><a style=\"color: #d12727;\" href=\"https:\/\/www.csj-emballages.com\/produit\/8-chaussette-floculant-filtre-a-sable-125-g\/\">16991<\/a><\/span><\/p>\n<p>&nbsp;<\/p>\n<p><!--more--><\/p>\n<p><a href=\"https:\/\/www.csj-emballages.com\/es\/categorie-produit\/higiene-y-mantenimiento\/productos-de-limpieza\/sanitario-es\/\">Consulte el resto de nuestra gama de productos de mantenimiento para piscina \/ spa<\/a><\/p>\n","protected":false},"excerpt":{"rendered":"<p>Pastilla de cloro Descripci\u00f3n de nuestra tableta de choque de cloro de 20 g por 5 kg<\/p>\n","protected":false},"featured_media":233325,"template":"","meta":{"_acf_changed":false},"product_brand":[],"product_cat":[1150,1226,1227,1321,10272],"product_tag":[],"class_list":{"0":"post-233326","1":"product","2":"type-product","3":"status-publish","4":"has-post-thumbnail","6":"product_cat-envasado-de-alimentos","7":"product_cat-higiene-y-mantenimiento","8":"product_cat-productos-de-limpieza","9":"product_cat-mantenimiento-de-piscinas-y-spas","10":"product_cat-liquidacion","12":"first","13":"instock","14":"sale","15":"taxable","16":"shipping-taxable","17":"purchasable","18":"product-type-simple"},"acf":[],"yoast_head":"<!-- This site is optimized with the Yoast SEO Premium plugin v26.6 (Yoast SEO v26.6) - https:\/\/yoast.com\/wordpress\/plugins\/seo\/ -->\n<title>Tableta de choque de cloro 20 g por 5 kg<\/title>\n<meta name=\"description\" content=\"Pastilla de cloro de choque de 20 g - cubo de 5 kg. Ideal para el tratamiento r\u00e1pido del agua de la piscina: elimina algas y bacterias, acci\u00f3n potente e inmediata.\" \/>\n<meta name=\"robots\" content=\"index, follow, max-snippet:-1, max-image-preview:large, max-video-preview:-1\" \/>\n<link rel=\"canonical\" href=\"https:\/\/www.csj-emballages.com\/es\/produit\/20-g-de-pastillas-de-cloro-de-choque-por-5-kg\/\" \/>\n<meta property=\"og:locale\" content=\"es_ES\" \/>\n<meta property=\"og:type\" content=\"article\" \/>\n<meta property=\"og:title\" content=\"Tableta de choque de cloro 20 g por 5 kg\" \/>\n<meta property=\"og:description\" content=\"Pastilla de cloro de choque de 20 g - cubo de 5 kg. Ideal para el tratamiento r\u00e1pido del agua de la piscina: elimina algas y bacterias, acci\u00f3n potente e inmediata.\" \/>\n<meta property=\"og:url\" content=\"https:\/\/www.csj-emballages.com\/es\/produit\/20-g-de-pastillas-de-cloro-de-choque-por-5-kg\/\" \/>\n<meta property=\"og:site_name\" content=\"CSJ Emballages\" \/>\n<meta property=\"article:publisher\" content=\"https:\/\/www.facebook.com\/csjemballages\" \/>\n<meta property=\"article:modified_time\" content=\"2026-03-12T15:07:16+00:00\" \/>\n<meta property=\"og:image\" content=\"https:\/\/www.csj-emballages.com\/wp-content\/uploads\/2025\/05\/20105.webp\" \/>\n\t<meta property=\"og:image:width\" content=\"800\" \/>\n\t<meta property=\"og:image:height\" content=\"799\" \/>\n\t<meta property=\"og:image:type\" content=\"image\/webp\" \/>\n<meta name=\"twitter:card\" content=\"summary_large_image\" \/>\n<meta name=\"twitter:label1\" content=\"Tiempo de lectura\" \/>\n\t<meta name=\"twitter:data1\" content=\"2 minutos\" \/>\n<script type=\"application\/ld+json\" class=\"yoast-schema-graph\">{\"@context\":\"https:\/\/schema.org\",\"@graph\":[{\"@type\":\"WebPage\",\"@id\":\"https:\/\/www.csj-emballages.com\/es\/produit\/20-g-de-pastillas-de-cloro-de-choque-por-5-kg\/\",\"url\":\"https:\/\/www.csj-emballages.com\/es\/produit\/20-g-de-pastillas-de-cloro-de-choque-por-5-kg\/\",\"name\":\"Tableta de choque de cloro 20 g por 5 kg\",\"isPartOf\":{\"@id\":\"https:\/\/www.csj-emballages.com\/es\/#website\"},\"primaryImageOfPage\":{\"@id\":\"https:\/\/www.csj-emballages.com\/es\/produit\/20-g-de-pastillas-de-cloro-de-choque-por-5-kg\/#primaryimage\"},\"image\":{\"@id\":\"https:\/\/www.csj-emballages.com\/es\/produit\/20-g-de-pastillas-de-cloro-de-choque-por-5-kg\/#primaryimage\"},\"thumbnailUrl\":\"https:\/\/www.csj-emballages.com\/wp-content\/uploads\/2025\/05\/20105.webp\",\"datePublished\":\"2025-05-16T12:09:58+00:00\",\"dateModified\":\"2026-03-12T15:07:16+00:00\",\"description\":\"Pastilla de cloro de choque de 20 g - cubo de 5 kg. Ideal para el tratamiento r\u00e1pido del agua de la piscina: elimina algas y bacterias, acci\u00f3n potente e inmediata.\",\"breadcrumb\":{\"@id\":\"https:\/\/www.csj-emballages.com\/es\/produit\/20-g-de-pastillas-de-cloro-de-choque-por-5-kg\/#breadcrumb\"},\"inLanguage\":\"es\",\"potentialAction\":[{\"@type\":\"ReadAction\",\"target\":[\"https:\/\/www.csj-emballages.com\/es\/produit\/20-g-de-pastillas-de-cloro-de-choque-por-5-kg\/\"]}]},{\"@type\":\"ImageObject\",\"inLanguage\":\"es\",\"@id\":\"https:\/\/www.csj-emballages.com\/es\/produit\/20-g-de-pastillas-de-cloro-de-choque-por-5-kg\/#primaryimage\",\"url\":\"https:\/\/www.csj-emballages.com\/wp-content\/uploads\/2025\/05\/20105.webp\",\"contentUrl\":\"https:\/\/www.csj-emballages.com\/wp-content\/uploads\/2025\/05\/20105.webp\",\"width\":800,\"height\":799,\"caption\":\"pastille de chlore\"},{\"@type\":\"BreadcrumbList\",\"@id\":\"https:\/\/www.csj-emballages.com\/es\/produit\/20-g-de-pastillas-de-cloro-de-choque-por-5-kg\/#breadcrumb\",\"itemListElement\":[{\"@type\":\"ListItem\",\"position\":1,\"name\":\"Accueil\",\"item\":\"https:\/\/www.csj-emballages.com\/es\/universo-del-envasado-alimentario\/\"},{\"@type\":\"ListItem\",\"position\":2,\"name\":\"Tienda\",\"item\":\"https:\/\/www.csj-emballages.com\/tienda\/\"},{\"@type\":\"ListItem\",\"position\":3,\"name\":\"Tableta de choque de cloro 20 g por 5 kg\"}]},{\"@type\":\"WebSite\",\"@id\":\"https:\/\/www.csj-emballages.com\/es\/#website\",\"url\":\"https:\/\/www.csj-emballages.com\/es\/\",\"name\":\"CSJ Emballages\",\"description\":\"\",\"publisher\":{\"@id\":\"https:\/\/www.csj-emballages.com\/es\/#organization\"},\"potentialAction\":[{\"@type\":\"SearchAction\",\"target\":{\"@type\":\"EntryPoint\",\"urlTemplate\":\"https:\/\/www.csj-emballages.com\/es\/?s={search_term_string}\"},\"query-input\":{\"@type\":\"PropertyValueSpecification\",\"valueRequired\":true,\"valueName\":\"search_term_string\"}}],\"inLanguage\":\"es\"},{\"@type\":\"Organization\",\"@id\":\"https:\/\/www.csj-emballages.com\/es\/#Organization\/\",\"name\":\"CSJ Emballages\",\"url\":\"https:\/\/www.csj-emballages.com\/es\/\",\"logo\":{\"@type\":\"ImageObject\",\"inLanguage\":\"es\",\"@id\":\"https:\/\/www.csj-emballages.com\/es\/#\/schema\/logo\/image\/\",\"url\":\"https:\/\/www.csj-emballages.com\/wp-content\/uploads\/2023\/10\/logo_csj.webp\",\"contentUrl\":\"https:\/\/www.csj-emballages.com\/wp-content\/uploads\/2023\/10\/logo_csj.webp\",\"width\":250,\"height\":95,\"caption\":\"CSJ Emballages\"},\"image\":{\"@id\":\"https:\/\/www.csj-emballages.com\/es\/#\/schema\/logo\/image\/\"},\"sameAs\":[\"https:\/\/www.facebook.com\/csjemballages\"],\"address\":{\"@type\":\"PostalAddress\",\"streetAddress\":\"ZI La Lechere\",\"addressLocality\":\"Patornay\",\"postalCode\":\"39130\",\"addressCountry\":\"FR\"},\"contactPoint\":[{\"@type\":\"ContactPoint\",\"contactType\":\"Service client\",\"telephone\":\"0384254272\",\"email\":\"contact@csj-emballages.com\"}]}]}<\/script>\n<!-- \/ Yoast SEO Premium plugin. -->","yoast_head_json":{"title":"Tableta de choque de cloro 20 g por 5 kg","description":"Pastilla de cloro de choque de 20 g - cubo de 5 kg. Ideal para el tratamiento r\u00e1pido del agua de la piscina: elimina algas y bacterias, acci\u00f3n potente e inmediata.","robots":{"index":"index","follow":"follow","max-snippet":"max-snippet:-1","max-image-preview":"max-image-preview:large","max-video-preview":"max-video-preview:-1"},"canonical":"https:\/\/www.csj-emballages.com\/es\/produit\/20-g-de-pastillas-de-cloro-de-choque-por-5-kg\/","og_locale":"es_ES","og_type":"article","og_title":"Tableta de choque de cloro 20 g por 5 kg","og_description":"Pastilla de cloro de choque de 20 g - cubo de 5 kg. Ideal para el tratamiento r\u00e1pido del agua de la piscina: elimina algas y bacterias, acci\u00f3n potente e inmediata.","og_url":"https:\/\/www.csj-emballages.com\/es\/produit\/20-g-de-pastillas-de-cloro-de-choque-por-5-kg\/","og_site_name":"CSJ Emballages","article_publisher":"https:\/\/www.facebook.com\/csjemballages","article_modified_time":"2026-03-12T15:07:16+00:00","og_image":[{"width":800,"height":799,"url":"https:\/\/www.csj-emballages.com\/wp-content\/uploads\/2025\/05\/20105.webp","type":"image\/webp"}],"twitter_card":"summary_large_image","twitter_misc":{"Tiempo de lectura":"2 minutos"},"schema":{"@context":"https:\/\/schema.org","@graph":[{"@type":"WebPage","@id":"https:\/\/www.csj-emballages.com\/es\/produit\/20-g-de-pastillas-de-cloro-de-choque-por-5-kg\/","url":"https:\/\/www.csj-emballages.com\/es\/produit\/20-g-de-pastillas-de-cloro-de-choque-por-5-kg\/","name":"Tableta de choque de cloro 20 g por 5 kg","isPartOf":{"@id":"https:\/\/www.csj-emballages.com\/es\/#website"},"primaryImageOfPage":{"@id":"https:\/\/www.csj-emballages.com\/es\/produit\/20-g-de-pastillas-de-cloro-de-choque-por-5-kg\/#primaryimage"},"image":{"@id":"https:\/\/www.csj-emballages.com\/es\/produit\/20-g-de-pastillas-de-cloro-de-choque-por-5-kg\/#primaryimage"},"thumbnailUrl":"https:\/\/www.csj-emballages.com\/wp-content\/uploads\/2025\/05\/20105.webp","datePublished":"2025-05-16T12:09:58+00:00","dateModified":"2026-03-12T15:07:16+00:00","description":"Pastilla de cloro de choque de 20 g - cubo de 5 kg. Ideal para el tratamiento r\u00e1pido del agua de la piscina: elimina algas y bacterias, acci\u00f3n potente e inmediata.","breadcrumb":{"@id":"https:\/\/www.csj-emballages.com\/es\/produit\/20-g-de-pastillas-de-cloro-de-choque-por-5-kg\/#breadcrumb"},"inLanguage":"es","potentialAction":[{"@type":"ReadAction","target":["https:\/\/www.csj-emballages.com\/es\/produit\/20-g-de-pastillas-de-cloro-de-choque-por-5-kg\/"]}]},{"@type":"ImageObject","inLanguage":"es","@id":"https:\/\/www.csj-emballages.com\/es\/produit\/20-g-de-pastillas-de-cloro-de-choque-por-5-kg\/#primaryimage","url":"https:\/\/www.csj-emballages.com\/wp-content\/uploads\/2025\/05\/20105.webp","contentUrl":"https:\/\/www.csj-emballages.com\/wp-content\/uploads\/2025\/05\/20105.webp","width":800,"height":799,"caption":"pastille de chlore"},{"@type":"BreadcrumbList","@id":"https:\/\/www.csj-emballages.com\/es\/produit\/20-g-de-pastillas-de-cloro-de-choque-por-5-kg\/#breadcrumb","itemListElement":[{"@type":"ListItem","position":1,"name":"Accueil","item":"https:\/\/www.csj-emballages.com\/es\/universo-del-envasado-alimentario\/"},{"@type":"ListItem","position":2,"name":"Tienda","item":"https:\/\/www.csj-emballages.com\/tienda\/"},{"@type":"ListItem","position":3,"name":"Tableta de choque de cloro 20 g por 5 kg"}]},{"@type":"WebSite","@id":"https:\/\/www.csj-emballages.com\/es\/#website","url":"https:\/\/www.csj-emballages.com\/es\/","name":"CSJ Emballages","description":"","publisher":{"@id":"https:\/\/www.csj-emballages.com\/es\/#organization"},"potentialAction":[{"@type":"SearchAction","target":{"@type":"EntryPoint","urlTemplate":"https:\/\/www.csj-emballages.com\/es\/?s={search_term_string}"},"query-input":{"@type":"PropertyValueSpecification","valueRequired":true,"valueName":"search_term_string"}}],"inLanguage":"es"},{"@type":"Organization","@id":"https:\/\/www.csj-emballages.com\/es\/#Organization\/","name":"CSJ Emballages","url":"https:\/\/www.csj-emballages.com\/es\/","logo":{"@type":"ImageObject","inLanguage":"es","@id":"https:\/\/www.csj-emballages.com\/es\/#\/schema\/logo\/image\/","url":"https:\/\/www.csj-emballages.com\/wp-content\/uploads\/2023\/10\/logo_csj.webp","contentUrl":"https:\/\/www.csj-emballages.com\/wp-content\/uploads\/2023\/10\/logo_csj.webp","width":250,"height":95,"caption":"CSJ Emballages"},"image":{"@id":"https:\/\/www.csj-emballages.com\/es\/#\/schema\/logo\/image\/"},"sameAs":["https:\/\/www.facebook.com\/csjemballages"],"address":{"@type":"PostalAddress","streetAddress":"ZI La Lechere","addressLocality":"Patornay","postalCode":"39130","addressCountry":"FR"},"contactPoint":[{"@type":"ContactPoint","contactType":"Service client","telephone":"0384254272","email":"contact@csj-emballages.com"}]}]}},"df_price":39.74,"df_sale_price":39.74,"df_regular_price":49.68,"df_image_link":"https:\/\/www.csj-emballages.com\/wp-content\/uploads\/2025\/05\/20105-300x300.webp","tiered_pricing_type":"fixed","tiered_pricing_fixed_rules":[],"tiered_pricing_percentage_rules":[],"tiered_pricing_minimum":1,"tiered_pricing_roles_data":[],"_links":{"self":[{"href":"https:\/\/www.csj-emballages.com\/es\/wp-json\/wp\/v2\/product\/233326","targetHints":{"allow":["GET"]}}],"collection":[{"href":"https:\/\/www.csj-emballages.com\/es\/wp-json\/wp\/v2\/product"}],"about":[{"href":"https:\/\/www.csj-emballages.com\/es\/wp-json\/wp\/v2\/types\/product"}],"wp:featuredmedia":[{"embeddable":true,"href":"https:\/\/www.csj-emballages.com\/es\/wp-json\/wp\/v2\/media\/233325"}],"wp:attachment":[{"href":"https:\/\/www.csj-emballages.com\/es\/wp-json\/wp\/v2\/media?parent=233326"}],"wp:term":[{"taxonomy":"product_brand","embeddable":true,"href":"https:\/\/www.csj-emballages.com\/es\/wp-json\/wp\/v2\/product_brand?post=233326"},{"taxonomy":"product_cat","embeddable":true,"href":"https:\/\/www.csj-emballages.com\/es\/wp-json\/wp\/v2\/product_cat?post=233326"},{"taxonomy":"product_tag","embeddable":true,"href":"https:\/\/www.csj-emballages.com\/es\/wp-json\/wp\/v2\/product_tag?post=233326"}],"curies":[{"name":"wp","href":"https:\/\/api.w.org\/{rel}","templated":true}]}}