{"id":23329,"date":"2024-03-01T16:49:23","date_gmt":"2024-03-01T15:49:23","guid":{"rendered":"https:\/\/u15jnbdpoq.preview.infomaniak.website\/produit\/1000-bolsas-de-103-croissants-14-7-x-21-cm\/"},"modified":"2026-03-24T02:18:21","modified_gmt":"2026-03-24T01:18:21","slug":"1000-bolsas-de-103-croissants-14-7-x-21-cm","status":"publish","type":"product","link":"https:\/\/www.csj-emballages.com\/es\/produit\/1000-bolsas-de-103-croissants-14-7-x-21-cm\/","title":{"rendered":"Bolsa media luna 14 + 7 x 21 cm tama\u00f1o 103 por 1000"},"content":{"rendered":"<h2>Bolsa para cruasanes<\/h2>\n<div style=\"box-sizing: inherit; font-family: Roboto, sans-serif;\">\n<div style=\"box-sizing: inherit; font-family: Roboto, sans-serif;\">\n<div style=\"box-sizing: inherit; font-family: Roboto, sans-serif;\">\n<div style=\"box-sizing: inherit; font-family: Roboto, sans-serif;\">\n<div style=\"box-sizing: inherit; font-family: Roboto, sans-serif;\">\n<div style=\"box-sizing: inherit; font-family: Roboto, sans-serif;\">\n<hr>\n<h3>Descripci\u00f3n de nuestra bolsa para croissants 14 + 7 x 21 cm tama\u00f1o 102 por 1000<\/h3>\n<p><!--more--><\/p>\n<p data-start=\"93\" data-end=\"497\">Descubra nuestra <strong data-start=\"109\" data-end=\"147\">bolsa para croissants de papel kraft marr\u00f3n<\/strong>, <strong>tama\u00f1o 103, 14 + 7 x 21 cm<\/strong>, disponible en <strong data-start=\"200\" data-end=\"215\">paquetes de 1000<\/strong> unidades. Especialmente dise\u00f1ada para <g id=\"gid_3\">panader\u00edas y pasteler\u00edas<\/g>, es pr\u00e1ctica, resistente y respetuosa con el medio ambiente. Gracias a su gramaje <strong data-start=\"389\" data-end=\"400\">de 35 g\/m\u00b2<\/strong>, esta bolsa combina ligereza y resistencia, a la vez que realza sus deliciosos pasteles.  <\/p>\n<p data-start=\"499\" data-end=\"772\">Con su <strong data-start=\"508\" data-end=\"529\">motivo \u00abtradici\u00f3n\u00bb,<\/strong> aporta un toque artesanal que atrae inmediatamente a sus clientes. De este modo, sus croissants, pains au chocolat, chocolatines y otros dulces tendr\u00e1n una bonita presentaci\u00f3n, reforzando la imagen de calidad de su establecimiento. <\/p>\n<p data-start=\"774\" data-end=\"1122\">Pero m\u00e1s all\u00e1 de su atractivo est\u00e9tico, esta <strong data-start=\"807\" data-end=\"840\">bolsa de papel kraft para cruasanes<\/strong> tambi\u00e9n est\u00e1 dise\u00f1ada para ser funcional. Su composici\u00f3n natural la hace <strong data-start=\"913\" data-end=\"934\">resistente a la grasa<\/strong>, por lo que no se mancha, y es limpia y pr\u00e1ctica de llevar. Adem\u00e1s, su formato es perfecto para contener sus pasteles sin aplastarlos.  <\/p>\n<p data-start=\"1124\" data-end=\"1477\">Otra gran ventaja es que es <strong data-start=\"1173\" data-end=\"1204\">biodegradable y reciclable<\/strong>. Al adoptarlo, est\u00e1 eligiendo un producto eco-responsable, en l\u00ednea con las expectativas actuales de los consumidores preocupados por la protecci\u00f3n del medio ambiente. Este sencillo gesto subraya su compromiso y contribuye a reducir el impacto ecol\u00f3gico de su empresa.  <\/p>\n<p data-start=\"1479\" data-end=\"1779\">En resumen, tanto si es usted panadero artesano, pastelero, hostelero o incluso un particular, esta <strong>bolsa para croissants<\/strong> es el envase ideal para su boller\u00eda diaria. \u00a1Combine la tradici\u00f3n de sus productos con un envase moderno y responsable! <\/p>\n<p data-start=\"1479\" data-end=\"1779\">\n<\/div>\n<p data-start=\"1432\" data-end=\"1784\"><!--more--><\/p>\n<\/div>\n<h4 data-start=\"1432\" data-end=\"1784\">Ventajas :<\/h4>\n<ul>\n<li><strong data-start=\"2022\" data-end=\"2051\">Papel kraft marr\u00f3n de 35 g\/m\u00b2<\/strong>, resistente y ligero.<\/li>\n<li><strong data-start=\"2073\" data-end=\"2094\">Resistente a la grasa<\/strong>, ideal para croissants y viennoiseries.<\/li>\n<li><strong data-start=\"2146\" data-end=\"2161\">Un<\/strong> motivo de <strong data-start=\"2146\" data-end=\"2161\">\u00abtradici\u00f3n\u00bb<\/strong> que fomenta la artesan\u00eda.<\/li>\n<li><strong data-start=\"2192\" data-end=\"2223\">Biodegradable y reciclable<\/strong>, respetuoso con el medio ambiente.<\/li>\n<li>Formato pr\u00e1ctico para un transporte limpio y seguro.<\/li>\n<\/ul>\n<\/div>\n<\/div>\n<p>&nbsp;<\/p>\n<p><!--more--><\/p>\n<p><strong>Informaci\u00f3n adicional<\/strong>:<\/p>\n<ul>\n<li><strong>Envase<\/strong>: Paquete de 1000<\/li>\n<li><strong>Tama\u00f1o<\/strong>: 103<\/li>\n<li><strong>Dimensiones<\/strong>: 14 + 7 x 21 cm (ancho + fuelle x alto en mm)<\/li>\n<li><strong>Color<\/strong>: Marr\u00f3n<\/li>\n<li><strong>Material<\/strong>: Papel kraft<\/li>\n<\/ul>\n<\/div>\n<\/div>\n<p>&nbsp;<\/p>\n<p><!--more--><\/p>\n<p>Esta bolsa de media luna est\u00e1 disponible en un tama\u00f1o m\u00e1s peque\u00f1o: <span style=\"color: #d12727;\"><br \/>\n  <a style=\"color: #d12727;\" href=\"https:\/\/www.csj-emballages.com\/es\/produit\/1000-bolsas-102-croissants-12-5-x-21-cm\/\">12 + 5 x 21 cm <\/a><br \/>\n<\/span> <\/p>\n<p>&nbsp;<\/p>\n<div style=\"box-sizing: inherit; font-family: Roboto, sans-serif;\">\n<div style=\"box-sizing: inherit; font-family: Roboto, sans-serif;\">\n<div style=\"box-sizing: inherit; font-family: Roboto, sans-serif;\">\n<div style=\"box-sizing: inherit; font-family: Roboto, sans-serif;\">\n<div style=\"box-sizing: inherit; font-family: Roboto, sans-serif;\">\n<div style=\"box-sizing: inherit; font-family: Roboto, sans-serif;\">\n<p><!--more--><\/p>\n<p><a href=\"https:\/\/www.csj-emballages.com\/es\/categorie-produit\/envasado-de-alimentos\/panaderia-y-pasteleria\/bolsas-sobres-y-papel\/sacheries-es\/bolsas-para-cruasanes\/\">Ver el resto de nuestra gama de bolsas para croissant \/ brioche<\/a><\/p>\n<\/div>\n<\/div>\n<\/div>\n<\/div>\n<\/div>\n<\/div>\n<p>&nbsp;<\/p>\n","protected":false},"excerpt":{"rendered":"<p>Bolsa para cruasanes Descripci\u00f3n de nuestra bolsa para croissants 14 + 7 x 21 cm tama\u00f1o 102 por 1000<\/p>\n","protected":false},"featured_media":245475,"template":"","meta":{"_acf_changed":false},"product_brand":[],"product_cat":[1145,1654,3352],"product_tag":[],"class_list":{"0":"post-23329","1":"product","2":"type-product","3":"status-publish","4":"has-post-thumbnail","6":"product_cat-panaderia-y-pasteleria","7":"product_cat-sacheries-es","8":"product_cat-bolsas-para-cruasanes","10":"first","11":"instock","12":"taxable","13":"shipping-taxable","14":"purchasable","15":"product-type-simple"},"acf":[],"yoast_head":"<!-- This site is optimized with the Yoast SEO Premium plugin v26.6 (Yoast SEO v26.6) - https:\/\/yoast.com\/wordpress\/plugins\/seo\/ -->\n<title>Bolsa para croissants 14 + 7 x 21 cm Tama\u00f1o 102 por 1000<\/title>\n<meta name=\"description\" content=\"Bolsa kraft marr\u00f3n para croissants, 14 + 7 x 21 cm, dise\u00f1o tradicional, antigrasa y biodegradable. Ideal para panader\u00edas y pasteler\u00edas. Paquete de 1000 unidades\" \/>\n<meta name=\"robots\" content=\"index, follow, max-snippet:-1, max-image-preview:large, max-video-preview:-1\" \/>\n<link rel=\"canonical\" href=\"https:\/\/www.csj-emballages.com\/es\/produit\/1000-bolsas-de-103-croissants-14-7-x-21-cm\/\" \/>\n<meta property=\"og:locale\" content=\"es_ES\" \/>\n<meta property=\"og:type\" content=\"article\" \/>\n<meta property=\"og:title\" content=\"Bolsa media luna 14 + 7 x 21 cm tama\u00f1o 103 por 1000\" \/>\n<meta property=\"og:description\" content=\"Bolsa kraft marr\u00f3n para croissants, 14 + 7 x 21 cm, dise\u00f1o tradicional, antigrasa y biodegradable. Ideal para panader\u00edas y pasteler\u00edas. Paquete de 1000 unidades\" \/>\n<meta property=\"og:url\" content=\"https:\/\/www.csj-emballages.com\/es\/produit\/1000-bolsas-de-103-croissants-14-7-x-21-cm\/\" \/>\n<meta property=\"og:site_name\" content=\"CSJ Emballages\" \/>\n<meta property=\"article:publisher\" content=\"https:\/\/www.facebook.com\/csjemballages\" \/>\n<meta property=\"article:modified_time\" content=\"2026-03-24T01:18:21+00:00\" \/>\n<meta property=\"og:image\" content=\"https:\/\/www.csj-emballages.com\/wp-content\/uploads\/2024\/03\/SCR3.webp\" \/>\n\t<meta property=\"og:image:width\" content=\"800\" \/>\n\t<meta property=\"og:image:height\" content=\"800\" \/>\n\t<meta property=\"og:image:type\" content=\"image\/webp\" \/>\n<meta name=\"twitter:card\" content=\"summary_large_image\" \/>\n<meta name=\"twitter:label1\" content=\"Tiempo de lectura\" \/>\n\t<meta name=\"twitter:data1\" content=\"2 minutos\" \/>\n<script type=\"application\/ld+json\" class=\"yoast-schema-graph\">{\"@context\":\"https:\/\/schema.org\",\"@graph\":[{\"@type\":\"WebPage\",\"@id\":\"https:\/\/www.csj-emballages.com\/es\/produit\/1000-bolsas-de-103-croissants-14-7-x-21-cm\/\",\"url\":\"https:\/\/www.csj-emballages.com\/es\/produit\/1000-bolsas-de-103-croissants-14-7-x-21-cm\/\",\"name\":\"Bolsa para croissants 14 + 7 x 21 cm Tama\u00f1o 102 por 1000\",\"isPartOf\":{\"@id\":\"https:\/\/www.csj-emballages.com\/es\/#website\"},\"primaryImageOfPage\":{\"@id\":\"https:\/\/www.csj-emballages.com\/es\/produit\/1000-bolsas-de-103-croissants-14-7-x-21-cm\/#primaryimage\"},\"image\":{\"@id\":\"https:\/\/www.csj-emballages.com\/es\/produit\/1000-bolsas-de-103-croissants-14-7-x-21-cm\/#primaryimage\"},\"thumbnailUrl\":\"https:\/\/www.csj-emballages.com\/wp-content\/uploads\/2024\/03\/SCR3.webp\",\"datePublished\":\"2024-03-01T15:49:23+00:00\",\"dateModified\":\"2026-03-24T01:18:21+00:00\",\"description\":\"Bolsa kraft marr\u00f3n para croissants, 14 + 7 x 21 cm, dise\u00f1o tradicional, antigrasa y biodegradable. Ideal para panader\u00edas y pasteler\u00edas. Paquete de 1000 unidades\",\"breadcrumb\":{\"@id\":\"https:\/\/www.csj-emballages.com\/es\/produit\/1000-bolsas-de-103-croissants-14-7-x-21-cm\/#breadcrumb\"},\"inLanguage\":\"es\",\"potentialAction\":[{\"@type\":\"ReadAction\",\"target\":[\"https:\/\/www.csj-emballages.com\/es\/produit\/1000-bolsas-de-103-croissants-14-7-x-21-cm\/\"]}]},{\"@type\":\"ImageObject\",\"inLanguage\":\"es\",\"@id\":\"https:\/\/www.csj-emballages.com\/es\/produit\/1000-bolsas-de-103-croissants-14-7-x-21-cm\/#primaryimage\",\"url\":\"https:\/\/www.csj-emballages.com\/wp-content\/uploads\/2024\/03\/SCR3.webp\",\"contentUrl\":\"https:\/\/www.csj-emballages.com\/wp-content\/uploads\/2024\/03\/SCR3.webp\",\"width\":800,\"height\":800,\"caption\":\"Sac croissant\"},{\"@type\":\"BreadcrumbList\",\"@id\":\"https:\/\/www.csj-emballages.com\/es\/produit\/1000-bolsas-de-103-croissants-14-7-x-21-cm\/#breadcrumb\",\"itemListElement\":[{\"@type\":\"ListItem\",\"position\":1,\"name\":\"Accueil\",\"item\":\"https:\/\/www.csj-emballages.com\/es\/universo-del-envasado-alimentario\/\"},{\"@type\":\"ListItem\",\"position\":2,\"name\":\"Tienda\",\"item\":\"https:\/\/www.csj-emballages.com\/tienda\/\"},{\"@type\":\"ListItem\",\"position\":3,\"name\":\"Bolsa media luna 14 + 7 x 21 cm tama\u00f1o 103 por 1000\"}]},{\"@type\":\"WebSite\",\"@id\":\"https:\/\/www.csj-emballages.com\/es\/#website\",\"url\":\"https:\/\/www.csj-emballages.com\/es\/\",\"name\":\"CSJ Emballages\",\"description\":\"\",\"publisher\":{\"@id\":\"https:\/\/www.csj-emballages.com\/es\/#organization\"},\"potentialAction\":[{\"@type\":\"SearchAction\",\"target\":{\"@type\":\"EntryPoint\",\"urlTemplate\":\"https:\/\/www.csj-emballages.com\/es\/?s={search_term_string}\"},\"query-input\":{\"@type\":\"PropertyValueSpecification\",\"valueRequired\":true,\"valueName\":\"search_term_string\"}}],\"inLanguage\":\"es\"},{\"@type\":\"Organization\",\"@id\":\"https:\/\/www.csj-emballages.com\/es\/#Organization\/\",\"name\":\"CSJ Emballages\",\"url\":\"https:\/\/www.csj-emballages.com\/es\/\",\"logo\":{\"@type\":\"ImageObject\",\"inLanguage\":\"es\",\"@id\":\"https:\/\/www.csj-emballages.com\/es\/#\/schema\/logo\/image\/\",\"url\":\"https:\/\/www.csj-emballages.com\/wp-content\/uploads\/2023\/10\/logo_csj.webp\",\"contentUrl\":\"https:\/\/www.csj-emballages.com\/wp-content\/uploads\/2023\/10\/logo_csj.webp\",\"width\":250,\"height\":95,\"caption\":\"CSJ Emballages\"},\"image\":{\"@id\":\"https:\/\/www.csj-emballages.com\/es\/#\/schema\/logo\/image\/\"},\"sameAs\":[\"https:\/\/www.facebook.com\/csjemballages\"],\"address\":{\"@type\":\"PostalAddress\",\"streetAddress\":\"ZI La Lechere\",\"addressLocality\":\"Patornay\",\"postalCode\":\"39130\",\"addressCountry\":\"FR\"},\"contactPoint\":[{\"@type\":\"ContactPoint\",\"contactType\":\"Service client\",\"telephone\":\"0384254272\",\"email\":\"contact@csj-emballages.com\"}]}]}<\/script>\n<!-- \/ Yoast SEO Premium plugin. -->","yoast_head_json":{"title":"Bolsa para croissants 14 + 7 x 21 cm Tama\u00f1o 102 por 1000","description":"Bolsa kraft marr\u00f3n para croissants, 14 + 7 x 21 cm, dise\u00f1o tradicional, antigrasa y biodegradable. Ideal para panader\u00edas y pasteler\u00edas. Paquete de 1000 unidades","robots":{"index":"index","follow":"follow","max-snippet":"max-snippet:-1","max-image-preview":"max-image-preview:large","max-video-preview":"max-video-preview:-1"},"canonical":"https:\/\/www.csj-emballages.com\/es\/produit\/1000-bolsas-de-103-croissants-14-7-x-21-cm\/","og_locale":"es_ES","og_type":"article","og_title":"Bolsa media luna 14 + 7 x 21 cm tama\u00f1o 103 por 1000","og_description":"Bolsa kraft marr\u00f3n para croissants, 14 + 7 x 21 cm, dise\u00f1o tradicional, antigrasa y biodegradable. Ideal para panader\u00edas y pasteler\u00edas. Paquete de 1000 unidades","og_url":"https:\/\/www.csj-emballages.com\/es\/produit\/1000-bolsas-de-103-croissants-14-7-x-21-cm\/","og_site_name":"CSJ Emballages","article_publisher":"https:\/\/www.facebook.com\/csjemballages","article_modified_time":"2026-03-24T01:18:21+00:00","og_image":[{"width":800,"height":800,"url":"https:\/\/www.csj-emballages.com\/wp-content\/uploads\/2024\/03\/SCR3.webp","type":"image\/webp"}],"twitter_card":"summary_large_image","twitter_misc":{"Tiempo de lectura":"2 minutos"},"schema":{"@context":"https:\/\/schema.org","@graph":[{"@type":"WebPage","@id":"https:\/\/www.csj-emballages.com\/es\/produit\/1000-bolsas-de-103-croissants-14-7-x-21-cm\/","url":"https:\/\/www.csj-emballages.com\/es\/produit\/1000-bolsas-de-103-croissants-14-7-x-21-cm\/","name":"Bolsa para croissants 14 + 7 x 21 cm Tama\u00f1o 102 por 1000","isPartOf":{"@id":"https:\/\/www.csj-emballages.com\/es\/#website"},"primaryImageOfPage":{"@id":"https:\/\/www.csj-emballages.com\/es\/produit\/1000-bolsas-de-103-croissants-14-7-x-21-cm\/#primaryimage"},"image":{"@id":"https:\/\/www.csj-emballages.com\/es\/produit\/1000-bolsas-de-103-croissants-14-7-x-21-cm\/#primaryimage"},"thumbnailUrl":"https:\/\/www.csj-emballages.com\/wp-content\/uploads\/2024\/03\/SCR3.webp","datePublished":"2024-03-01T15:49:23+00:00","dateModified":"2026-03-24T01:18:21+00:00","description":"Bolsa kraft marr\u00f3n para croissants, 14 + 7 x 21 cm, dise\u00f1o tradicional, antigrasa y biodegradable. Ideal para panader\u00edas y pasteler\u00edas. Paquete de 1000 unidades","breadcrumb":{"@id":"https:\/\/www.csj-emballages.com\/es\/produit\/1000-bolsas-de-103-croissants-14-7-x-21-cm\/#breadcrumb"},"inLanguage":"es","potentialAction":[{"@type":"ReadAction","target":["https:\/\/www.csj-emballages.com\/es\/produit\/1000-bolsas-de-103-croissants-14-7-x-21-cm\/"]}]},{"@type":"ImageObject","inLanguage":"es","@id":"https:\/\/www.csj-emballages.com\/es\/produit\/1000-bolsas-de-103-croissants-14-7-x-21-cm\/#primaryimage","url":"https:\/\/www.csj-emballages.com\/wp-content\/uploads\/2024\/03\/SCR3.webp","contentUrl":"https:\/\/www.csj-emballages.com\/wp-content\/uploads\/2024\/03\/SCR3.webp","width":800,"height":800,"caption":"Sac croissant"},{"@type":"BreadcrumbList","@id":"https:\/\/www.csj-emballages.com\/es\/produit\/1000-bolsas-de-103-croissants-14-7-x-21-cm\/#breadcrumb","itemListElement":[{"@type":"ListItem","position":1,"name":"Accueil","item":"https:\/\/www.csj-emballages.com\/es\/universo-del-envasado-alimentario\/"},{"@type":"ListItem","position":2,"name":"Tienda","item":"https:\/\/www.csj-emballages.com\/tienda\/"},{"@type":"ListItem","position":3,"name":"Bolsa media luna 14 + 7 x 21 cm tama\u00f1o 103 por 1000"}]},{"@type":"WebSite","@id":"https:\/\/www.csj-emballages.com\/es\/#website","url":"https:\/\/www.csj-emballages.com\/es\/","name":"CSJ Emballages","description":"","publisher":{"@id":"https:\/\/www.csj-emballages.com\/es\/#organization"},"potentialAction":[{"@type":"SearchAction","target":{"@type":"EntryPoint","urlTemplate":"https:\/\/www.csj-emballages.com\/es\/?s={search_term_string}"},"query-input":{"@type":"PropertyValueSpecification","valueRequired":true,"valueName":"search_term_string"}}],"inLanguage":"es"},{"@type":"Organization","@id":"https:\/\/www.csj-emballages.com\/es\/#Organization\/","name":"CSJ Emballages","url":"https:\/\/www.csj-emballages.com\/es\/","logo":{"@type":"ImageObject","inLanguage":"es","@id":"https:\/\/www.csj-emballages.com\/es\/#\/schema\/logo\/image\/","url":"https:\/\/www.csj-emballages.com\/wp-content\/uploads\/2023\/10\/logo_csj.webp","contentUrl":"https:\/\/www.csj-emballages.com\/wp-content\/uploads\/2023\/10\/logo_csj.webp","width":250,"height":95,"caption":"CSJ Emballages"},"image":{"@id":"https:\/\/www.csj-emballages.com\/es\/#\/schema\/logo\/image\/"},"sameAs":["https:\/\/www.facebook.com\/csjemballages"],"address":{"@type":"PostalAddress","streetAddress":"ZI La Lechere","addressLocality":"Patornay","postalCode":"39130","addressCountry":"FR"},"contactPoint":[{"@type":"ContactPoint","contactType":"Service client","telephone":"0384254272","email":"contact@csj-emballages.com"}]}]}},"df_price":12.8,"df_sale_price":"","df_regular_price":12.8,"df_image_link":"https:\/\/www.csj-emballages.com\/wp-content\/uploads\/2024\/03\/SCR3-300x300.webp","tiered_pricing_type":"fixed","tiered_pricing_fixed_rules":[],"tiered_pricing_percentage_rules":[],"tiered_pricing_minimum":1,"tiered_pricing_roles_data":[],"_links":{"self":[{"href":"https:\/\/www.csj-emballages.com\/es\/wp-json\/wp\/v2\/product\/23329","targetHints":{"allow":["GET"]}}],"collection":[{"href":"https:\/\/www.csj-emballages.com\/es\/wp-json\/wp\/v2\/product"}],"about":[{"href":"https:\/\/www.csj-emballages.com\/es\/wp-json\/wp\/v2\/types\/product"}],"wp:featuredmedia":[{"embeddable":true,"href":"https:\/\/www.csj-emballages.com\/es\/wp-json\/wp\/v2\/media\/245475"}],"wp:attachment":[{"href":"https:\/\/www.csj-emballages.com\/es\/wp-json\/wp\/v2\/media?parent=23329"}],"wp:term":[{"taxonomy":"product_brand","embeddable":true,"href":"https:\/\/www.csj-emballages.com\/es\/wp-json\/wp\/v2\/product_brand?post=23329"},{"taxonomy":"product_cat","embeddable":true,"href":"https:\/\/www.csj-emballages.com\/es\/wp-json\/wp\/v2\/product_cat?post=23329"},{"taxonomy":"product_tag","embeddable":true,"href":"https:\/\/www.csj-emballages.com\/es\/wp-json\/wp\/v2\/product_tag?post=23329"}],"curies":[{"name":"wp","href":"https:\/\/api.w.org\/{rel}","templated":true}]}}