{"id":233095,"date":"2025-04-30T08:25:03","date_gmt":"2025-04-30T06:25:03","guid":{"rendered":"https:\/\/www.csj-emballages.com\/produit\/spray-de-ambiente-750ml\/"},"modified":"2026-04-17T02:10:21","modified_gmt":"2026-04-17T00:10:21","slug":"spray-de-ambiente-750ml","status":"publish","type":"product","link":"https:\/\/www.csj-emballages.com\/es\/produit\/spray-de-ambiente-750ml\/","title":{"rendered":"Ambientador con fragancia ambiental 750ml"},"content":{"rendered":"<h2 class=\"p1\">Ambientador en spray<\/h2>\n<hr>\n<h3>Descripci\u00f3n de nuestro ambientador spray 750ml<\/h3>\n<p><!--more--><\/p>\n<p class=\"\" data-start=\"286\" data-end=\"670\">D\u00e9 a sus espacios una aut\u00e9ntica firma olfativa con este <strong data-start=\"349\" data-end=\"383\">spray ambientador de 750 ml<\/strong>, dise\u00f1ado para quienes desean crear un ambiente acogedor, elegante o simplemente agradable. Ya sea en un <strong data-start=\"509\" data-end=\"589\">restaurante, una oficina, una sala de espera, una tienda o incluso en casa<\/strong>, este <strong>spray<\/strong> anima instant\u00e1neamente su interior con un simple apret\u00f3n. Formulado para dispersarse r\u00e1pida y uniformemente, neutraliza los malos olores al tiempo que deposita una refinada fragancia que perdura. No s\u00f3lo enmascara los olores, sino que <g id=\"gid_3\">transforma el ambiente de<\/g> una habitaci\u00f3n en cuesti\u00f3n de segundos. Su generosa capacidad <strong>de 750 ml<\/strong> lo hace ideal tanto para uso profesional como dom\u00e9stico.    <\/p>\n<p class=\"\" data-start=\"1030\" data-end=\"1333\">F\u00e1cil de usar, basta con pulverizar un par de veces hacia arriba en la habitaci\u00f3n para sentir los efectos inmediatamente. No es necesario utilizar un aerosol a presi\u00f3n: la pulverizaci\u00f3n es manual y controlada, lo que permite gestionar mejor la dosis y utilizarlo de forma m\u00e1s respetuosa con el medio ambiente. <\/p>\n<p class=\"\" data-start=\"1335\" data-end=\"1595\">Este <strong data-start=\"349\" data-end=\"383\">ambientador en<\/strong> spray seducir\u00e1 a sus clientes, personal e invitados. Dado que el sentido del olfato suele ser el primero al que se recurre, es esencial cuidar la identidad olfativa de su entorno. <\/p>\n<p data-start=\"1335\" data-end=\"1595\">\n<p class=\"\" data-start=\"1302\" data-end=\"1517\"><!--more--><\/p>\n<p><strong>Sus ventajas:<\/strong><\/p>\n<ul>\n<li>Gran capacidad (750 ml) para un uso duradero.<\/li>\n<li>Neutraliza eficazmente los malos olores.<\/li>\n<li>Liberaci\u00f3n inmediata y uniforme de la fragancia.<\/li>\n<li>Perfecto para profesionales y particulares.<\/li>\n<li>Pulverizador manual: sin propelente, m\u00e1s respetuoso con el medio ambiente.<\/li>\n<\/ul>\n<p>&nbsp;<\/p>\n<p><!--more--><\/p>\n<p><strong>Informaci\u00f3n adicional :  <\/strong><\/p>\n<ul>\n<li><strong>Embalaje<\/strong>: Por unidad<\/li>\n<li><strong>Volumen <\/strong>: 750 ml<\/li>\n<li>pH NA<\/li>\n<\/ul>\n<p>&nbsp;<\/p>\n<p><!--more--><\/p>\n<p>Descubra tambi\u00e9n nuestro ambientador en aerosol con aroma a lim\u00f3n: <span style=\"color: #d12727\"><a style=\"color: #d12727\" href=\"https:\/\/www.csj-emballages.com\/es\/produit\/ambientador-fragancia-limon-aerosol-750-ml\/\">2249750<\/a><\/span><\/p>\n<p>&nbsp;<\/p>\n<p><!--more--><\/p>\n<p><a href=\"https:\/\/www.csj-emballages.com\/es\/categorie-produit\/higiene-y-mantenimiento\/productos-de-limpieza\/sanitario-es\/\">Ver el resto de nuestra gama de productos de limpieza sanitaria<\/a><\/p>\n","protected":false},"excerpt":{"rendered":"<p>Ambientador en spray Descripci\u00f3n de nuestro ambientador spray 750ml<\/p>\n","protected":false},"featured_media":233093,"template":"","meta":{"_acf_changed":false},"product_brand":[],"product_cat":[1150,1226,1227,9725,1355,1295],"product_tag":[],"class_list":{"0":"post-233095","1":"product","2":"type-product","3":"status-publish","4":"has-post-thumbnail","6":"product_cat-envasado-de-alimentos","7":"product_cat-higiene-y-mantenimiento","8":"product_cat-productos-de-limpieza","9":"product_cat-ambientadores-perfumes-es-2","10":"product_cat-cocina","11":"product_cat-sanitario-es","13":"first","14":"instock","15":"taxable","16":"shipping-taxable","17":"purchasable","18":"product-type-simple"},"acf":[],"yoast_head":"<!-- This site is optimized with the Yoast SEO Premium plugin v26.6 (Yoast SEO v26.6) - https:\/\/yoast.com\/wordpress\/plugins\/seo\/ -->\n<title>Ambientador Spray 750ml<\/title>\n<meta name=\"description\" content=\"Ambientador en spray 750 ml: Proporciona una fragancia duradera y neutraliza los malos olores.\" \/>\n<meta name=\"robots\" content=\"index, follow, max-snippet:-1, max-image-preview:large, max-video-preview:-1\" \/>\n<link rel=\"canonical\" href=\"https:\/\/www.csj-emballages.com\/es\/produit\/spray-de-ambiente-750ml\/\" \/>\n<meta property=\"og:locale\" content=\"es_ES\" \/>\n<meta property=\"og:type\" content=\"article\" \/>\n<meta property=\"og:title\" content=\"Ambientador con fragancia ambiental 750ml\" \/>\n<meta property=\"og:description\" content=\"Ambientador en spray 750 ml: Proporciona una fragancia duradera y neutraliza los malos olores.\" \/>\n<meta property=\"og:url\" content=\"https:\/\/www.csj-emballages.com\/es\/produit\/spray-de-ambiente-750ml\/\" \/>\n<meta property=\"og:site_name\" content=\"CSJ Emballages\" \/>\n<meta property=\"article:publisher\" content=\"https:\/\/www.facebook.com\/csjemballages\" \/>\n<meta property=\"article:modified_time\" content=\"2026-04-17T00:10:21+00:00\" \/>\n<meta property=\"og:image\" content=\"https:\/\/www.csj-emballages.com\/wp-content\/uploads\/2025\/04\/spray-parfum-ambiance.webp\" \/>\n\t<meta property=\"og:image:width\" content=\"800\" \/>\n\t<meta property=\"og:image:height\" content=\"800\" \/>\n\t<meta property=\"og:image:type\" content=\"image\/webp\" \/>\n<meta name=\"twitter:card\" content=\"summary_large_image\" \/>\n<meta name=\"twitter:label1\" content=\"Tiempo de lectura\" \/>\n\t<meta name=\"twitter:data1\" content=\"1 minuto\" \/>\n<script type=\"application\/ld+json\" class=\"yoast-schema-graph\">{\"@context\":\"https:\/\/schema.org\",\"@graph\":[{\"@type\":\"WebPage\",\"@id\":\"https:\/\/www.csj-emballages.com\/es\/produit\/spray-de-ambiente-750ml\/\",\"url\":\"https:\/\/www.csj-emballages.com\/es\/produit\/spray-de-ambiente-750ml\/\",\"name\":\"Ambientador Spray 750ml\",\"isPartOf\":{\"@id\":\"https:\/\/www.csj-emballages.com\/es\/#website\"},\"primaryImageOfPage\":{\"@id\":\"https:\/\/www.csj-emballages.com\/es\/produit\/spray-de-ambiente-750ml\/#primaryimage\"},\"image\":{\"@id\":\"https:\/\/www.csj-emballages.com\/es\/produit\/spray-de-ambiente-750ml\/#primaryimage\"},\"thumbnailUrl\":\"https:\/\/www.csj-emballages.com\/wp-content\/uploads\/2025\/04\/spray-parfum-ambiance.webp\",\"datePublished\":\"2025-04-30T06:25:03+00:00\",\"dateModified\":\"2026-04-17T00:10:21+00:00\",\"description\":\"Ambientador en spray 750 ml: Proporciona una fragancia duradera y neutraliza los malos olores.\",\"breadcrumb\":{\"@id\":\"https:\/\/www.csj-emballages.com\/es\/produit\/spray-de-ambiente-750ml\/#breadcrumb\"},\"inLanguage\":\"es\",\"potentialAction\":[{\"@type\":\"ReadAction\",\"target\":[\"https:\/\/www.csj-emballages.com\/es\/produit\/spray-de-ambiente-750ml\/\"]}]},{\"@type\":\"ImageObject\",\"inLanguage\":\"es\",\"@id\":\"https:\/\/www.csj-emballages.com\/es\/produit\/spray-de-ambiente-750ml\/#primaryimage\",\"url\":\"https:\/\/www.csj-emballages.com\/wp-content\/uploads\/2025\/04\/spray-parfum-ambiance.webp\",\"contentUrl\":\"https:\/\/www.csj-emballages.com\/wp-content\/uploads\/2025\/04\/spray-parfum-ambiance.webp\",\"width\":800,\"height\":800,\"caption\":\"spray d\u00e9sodorisant\"},{\"@type\":\"BreadcrumbList\",\"@id\":\"https:\/\/www.csj-emballages.com\/es\/produit\/spray-de-ambiente-750ml\/#breadcrumb\",\"itemListElement\":[{\"@type\":\"ListItem\",\"position\":1,\"name\":\"Accueil\",\"item\":\"https:\/\/www.csj-emballages.com\/es\/universo-del-envasado-alimentario\/\"},{\"@type\":\"ListItem\",\"position\":2,\"name\":\"Tienda\",\"item\":\"https:\/\/www.csj-emballages.com\/tienda\/\"},{\"@type\":\"ListItem\",\"position\":3,\"name\":\"Ambientador con fragancia ambiental 750ml\"}]},{\"@type\":\"WebSite\",\"@id\":\"https:\/\/www.csj-emballages.com\/es\/#website\",\"url\":\"https:\/\/www.csj-emballages.com\/es\/\",\"name\":\"CSJ Emballages\",\"description\":\"\",\"publisher\":{\"@id\":\"https:\/\/www.csj-emballages.com\/es\/#organization\"},\"potentialAction\":[{\"@type\":\"SearchAction\",\"target\":{\"@type\":\"EntryPoint\",\"urlTemplate\":\"https:\/\/www.csj-emballages.com\/es\/?s={search_term_string}\"},\"query-input\":{\"@type\":\"PropertyValueSpecification\",\"valueRequired\":true,\"valueName\":\"search_term_string\"}}],\"inLanguage\":\"es\"},{\"@type\":\"Organization\",\"@id\":\"https:\/\/www.csj-emballages.com\/es\/#Organization\/\",\"name\":\"CSJ Emballages\",\"url\":\"https:\/\/www.csj-emballages.com\/es\/\",\"logo\":{\"@type\":\"ImageObject\",\"inLanguage\":\"es\",\"@id\":\"https:\/\/www.csj-emballages.com\/es\/#\/schema\/logo\/image\/\",\"url\":\"https:\/\/www.csj-emballages.com\/wp-content\/uploads\/2023\/10\/logo_csj.webp\",\"contentUrl\":\"https:\/\/www.csj-emballages.com\/wp-content\/uploads\/2023\/10\/logo_csj.webp\",\"width\":250,\"height\":95,\"caption\":\"CSJ Emballages\"},\"image\":{\"@id\":\"https:\/\/www.csj-emballages.com\/es\/#\/schema\/logo\/image\/\"},\"sameAs\":[\"https:\/\/www.facebook.com\/csjemballages\"],\"address\":{\"@type\":\"PostalAddress\",\"streetAddress\":\"ZI La Lechere\",\"addressLocality\":\"Patornay\",\"postalCode\":\"39130\",\"addressCountry\":\"FR\"},\"contactPoint\":[{\"@type\":\"ContactPoint\",\"contactType\":\"Service client\",\"telephone\":\"0384254272\",\"email\":\"contact@csj-emballages.com\"}]}]}<\/script>\n<!-- \/ Yoast SEO Premium plugin. -->","yoast_head_json":{"title":"Ambientador Spray 750ml","description":"Ambientador en spray 750 ml: Proporciona una fragancia duradera y neutraliza los malos olores.","robots":{"index":"index","follow":"follow","max-snippet":"max-snippet:-1","max-image-preview":"max-image-preview:large","max-video-preview":"max-video-preview:-1"},"canonical":"https:\/\/www.csj-emballages.com\/es\/produit\/spray-de-ambiente-750ml\/","og_locale":"es_ES","og_type":"article","og_title":"Ambientador con fragancia ambiental 750ml","og_description":"Ambientador en spray 750 ml: Proporciona una fragancia duradera y neutraliza los malos olores.","og_url":"https:\/\/www.csj-emballages.com\/es\/produit\/spray-de-ambiente-750ml\/","og_site_name":"CSJ Emballages","article_publisher":"https:\/\/www.facebook.com\/csjemballages","article_modified_time":"2026-04-17T00:10:21+00:00","og_image":[{"width":800,"height":800,"url":"https:\/\/www.csj-emballages.com\/wp-content\/uploads\/2025\/04\/spray-parfum-ambiance.webp","type":"image\/webp"}],"twitter_card":"summary_large_image","twitter_misc":{"Tiempo de lectura":"1 minuto"},"schema":{"@context":"https:\/\/schema.org","@graph":[{"@type":"WebPage","@id":"https:\/\/www.csj-emballages.com\/es\/produit\/spray-de-ambiente-750ml\/","url":"https:\/\/www.csj-emballages.com\/es\/produit\/spray-de-ambiente-750ml\/","name":"Ambientador Spray 750ml","isPartOf":{"@id":"https:\/\/www.csj-emballages.com\/es\/#website"},"primaryImageOfPage":{"@id":"https:\/\/www.csj-emballages.com\/es\/produit\/spray-de-ambiente-750ml\/#primaryimage"},"image":{"@id":"https:\/\/www.csj-emballages.com\/es\/produit\/spray-de-ambiente-750ml\/#primaryimage"},"thumbnailUrl":"https:\/\/www.csj-emballages.com\/wp-content\/uploads\/2025\/04\/spray-parfum-ambiance.webp","datePublished":"2025-04-30T06:25:03+00:00","dateModified":"2026-04-17T00:10:21+00:00","description":"Ambientador en spray 750 ml: Proporciona una fragancia duradera y neutraliza los malos olores.","breadcrumb":{"@id":"https:\/\/www.csj-emballages.com\/es\/produit\/spray-de-ambiente-750ml\/#breadcrumb"},"inLanguage":"es","potentialAction":[{"@type":"ReadAction","target":["https:\/\/www.csj-emballages.com\/es\/produit\/spray-de-ambiente-750ml\/"]}]},{"@type":"ImageObject","inLanguage":"es","@id":"https:\/\/www.csj-emballages.com\/es\/produit\/spray-de-ambiente-750ml\/#primaryimage","url":"https:\/\/www.csj-emballages.com\/wp-content\/uploads\/2025\/04\/spray-parfum-ambiance.webp","contentUrl":"https:\/\/www.csj-emballages.com\/wp-content\/uploads\/2025\/04\/spray-parfum-ambiance.webp","width":800,"height":800,"caption":"spray d\u00e9sodorisant"},{"@type":"BreadcrumbList","@id":"https:\/\/www.csj-emballages.com\/es\/produit\/spray-de-ambiente-750ml\/#breadcrumb","itemListElement":[{"@type":"ListItem","position":1,"name":"Accueil","item":"https:\/\/www.csj-emballages.com\/es\/universo-del-envasado-alimentario\/"},{"@type":"ListItem","position":2,"name":"Tienda","item":"https:\/\/www.csj-emballages.com\/tienda\/"},{"@type":"ListItem","position":3,"name":"Ambientador con fragancia ambiental 750ml"}]},{"@type":"WebSite","@id":"https:\/\/www.csj-emballages.com\/es\/#website","url":"https:\/\/www.csj-emballages.com\/es\/","name":"CSJ Emballages","description":"","publisher":{"@id":"https:\/\/www.csj-emballages.com\/es\/#organization"},"potentialAction":[{"@type":"SearchAction","target":{"@type":"EntryPoint","urlTemplate":"https:\/\/www.csj-emballages.com\/es\/?s={search_term_string}"},"query-input":{"@type":"PropertyValueSpecification","valueRequired":true,"valueName":"search_term_string"}}],"inLanguage":"es"},{"@type":"Organization","@id":"https:\/\/www.csj-emballages.com\/es\/#Organization\/","name":"CSJ Emballages","url":"https:\/\/www.csj-emballages.com\/es\/","logo":{"@type":"ImageObject","inLanguage":"es","@id":"https:\/\/www.csj-emballages.com\/es\/#\/schema\/logo\/image\/","url":"https:\/\/www.csj-emballages.com\/wp-content\/uploads\/2023\/10\/logo_csj.webp","contentUrl":"https:\/\/www.csj-emballages.com\/wp-content\/uploads\/2023\/10\/logo_csj.webp","width":250,"height":95,"caption":"CSJ Emballages"},"image":{"@id":"https:\/\/www.csj-emballages.com\/es\/#\/schema\/logo\/image\/"},"sameAs":["https:\/\/www.facebook.com\/csjemballages"],"address":{"@type":"PostalAddress","streetAddress":"ZI La Lechere","addressLocality":"Patornay","postalCode":"39130","addressCountry":"FR"},"contactPoint":[{"@type":"ContactPoint","contactType":"Service client","telephone":"0384254272","email":"contact@csj-emballages.com"}]}]}},"df_price":3.18,"df_sale_price":"","df_regular_price":3.18,"df_image_link":"https:\/\/www.csj-emballages.com\/wp-content\/uploads\/2025\/04\/spray-parfum-ambiance-300x300.webp","tiered_pricing_type":"fixed","tiered_pricing_fixed_rules":[],"tiered_pricing_percentage_rules":[],"tiered_pricing_minimum":1,"tiered_pricing_roles_data":[],"_links":{"self":[{"href":"https:\/\/www.csj-emballages.com\/es\/wp-json\/wp\/v2\/product\/233095","targetHints":{"allow":["GET"]}}],"collection":[{"href":"https:\/\/www.csj-emballages.com\/es\/wp-json\/wp\/v2\/product"}],"about":[{"href":"https:\/\/www.csj-emballages.com\/es\/wp-json\/wp\/v2\/types\/product"}],"wp:featuredmedia":[{"embeddable":true,"href":"https:\/\/www.csj-emballages.com\/es\/wp-json\/wp\/v2\/media\/233093"}],"wp:attachment":[{"href":"https:\/\/www.csj-emballages.com\/es\/wp-json\/wp\/v2\/media?parent=233095"}],"wp:term":[{"taxonomy":"product_brand","embeddable":true,"href":"https:\/\/www.csj-emballages.com\/es\/wp-json\/wp\/v2\/product_brand?post=233095"},{"taxonomy":"product_cat","embeddable":true,"href":"https:\/\/www.csj-emballages.com\/es\/wp-json\/wp\/v2\/product_cat?post=233095"},{"taxonomy":"product_tag","embeddable":true,"href":"https:\/\/www.csj-emballages.com\/es\/wp-json\/wp\/v2\/product_tag?post=233095"}],"curies":[{"name":"wp","href":"https:\/\/api.w.org\/{rel}","templated":true}]}}