{"id":233080,"date":"2025-05-14T11:38:31","date_gmt":"2025-05-14T09:38:31","guid":{"rendered":"https:\/\/www.csj-emballages.com\/produit\/caja-rectangular-blanca-de-carton-para-catering-60-x-40-x-6-cm-paquete-de-25\/"},"modified":"2026-04-27T02:10:55","modified_gmt":"2026-04-27T00:10:55","slug":"caja-rectangular-blanca-de-carton-para-catering-60-x-40-x-6-cm-paquete-de-25","status":"publish","type":"product","link":"https:\/\/www.csj-emballages.com\/es\/produit\/caja-rectangular-blanca-de-carton-para-catering-60-x-40-x-6-cm-paquete-de-25\/","title":{"rendered":"Caja rectangular blanca de cart\u00f3n para catering 60 x 40 x 6 cm, paquete de 25"},"content":{"rendered":"<h2>Caja de catering<\/h2>\n<hr>\n<h3>Descripci\u00f3n de nuestra caja rectangular blanca de cart\u00f3n para catering 60 x 40 x 6 cm, paquete de 25<\/h3>\n<p><!--more--><\/p>\n<p class=\"\" data-start=\"238\" data-end=\"614\">Si es usted pastelero profesional, panadero, servicio de catering u organizador de eventos, esta <strong data-start=\"331\" data-end=\"369\">caja de cart\u00f3n blanca para catering<\/strong> es justo lo que necesita. Con sus generosas dimensiones de <strong data-start=\"425\" data-end=\"443\">60 x 40 x 6 cm<\/strong>, es ideal para transportar o presentar art\u00edculos de gran tama\u00f1o como tartas de cumplea\u00f1os, entremets, troncos, tartas o pasteles variados. <\/p>\n<p class=\"\" data-start=\"616\" data-end=\"971\">Fabricado en <strong>cart\u00f3n<\/strong> r\u00edgido apto para uso alimentario, garantiza que sus platos permanezcan en su sitio durante el transporte. Su acabado <strong>blanco<\/strong>, sobrio pero elegante, le permite mostrar sus creaciones sin distraer la atenci\u00f3n. Tambi\u00e9n puede personalizarla con una pegatina con su logotipo para reforzar su imagen de marca.  <\/p>\n<p class=\"\" data-start=\"973\" data-end=\"1250\">Es r\u00e1pido y f\u00e1cil de montar, lo que ahorra tiempo en el laboratorio o la cocina. Esta <strong>caja para delicatessen<\/strong> se entrega en paquetes de <strong>25 unidades<\/strong>, lo que la convierte en una opci\u00f3n econ\u00f3mica para los profesionales que necesitan grandes cantidades sin renunciar a la calidad. <\/p>\n<p class=\"\" data-start=\"1252\" data-end=\"1524\">Su formato plano<strong>(6 cm de altura<\/strong>) tambi\u00e9n es pr\u00e1ctico para postres finos o productos que no ocupan mucho espacio, al tiempo que evita que se muevan o se aplasten durante la entrega.<br data-start=\"1429\" data-end=\"1432\">En resumen, es la soluci\u00f3n ideal para entregar sus pasteles con elegancia, higiene y seguridad.<\/p>\n<p class=\"\" data-start=\"1302\" data-end=\"1517\"><!--more--><\/p>\n<p><strong>Sus ventajas:<\/strong><\/p>\n<ul>\n<li>Gran formato ideal para piezas grandes de pasteler\u00eda.<\/li>\n<li>Cart\u00f3n r\u00edgido: excelente soporte durante el transporte.<\/li>\n<li>Elegante acabado en blanco, f\u00e1cil de personalizar.<\/li>\n<li>Montaje r\u00e1pido y pr\u00e1ctico.<\/li>\n<li>Esta caja de catering se vende en paquetes de 25 unidades para uso profesional.<\/li>\n<\/ul>\n<p>&nbsp;<\/p>\n<p><!--more--><\/p>\n<p><strong>Informaci\u00f3n adicional :  <\/strong><\/p>\n<ul>\n<li><strong>Envase<\/strong>: Paquete de 25<\/li>\n<li><strong>Dimensiones<\/strong>: 60 x 40 x 6 cm<\/li>\n<li><strong>Material<\/strong>: Cart\u00f3n<\/li>\n<li><strong>Color<\/strong>: blanco<\/li>\n<\/ul>\n<p>&nbsp;<\/p>\n<p><!--more--><\/p>\n<p>Encuentre aqu\u00ed la placa dorada compatible con esta caja de restauraci\u00f3n : <span style=\"color: #d12727;\"><a style=\"color: #d12727;\" href=\"https:\/\/www.csj-emballages.com\/produit\/25-plaques-or-40-x-60-cm\/\">PLAQOR6040<\/a><\/span><\/p>\n<p>&nbsp;<\/p>\n<p><!--more--><\/p>\n<p><a href=\"https:\/\/www.csj-emballages.com\/es\/categorie-produit\/envasado-de-alimentos\/carniceria-y-charcuteria\/bandejas-latas-y-tarros\/cajas-almuerzos-para-catering\/\">Ver el resto de nuestra gama de cajas para catering<\/a><\/p>\n","protected":false},"excerpt":{"rendered":"<p>Caja de catering Descripci\u00f3n de nuestra caja rectangular blanca de cart\u00f3n para catering 60 x 40 x 6 cm, paquete de 25<\/p>\n","protected":false},"featured_media":233043,"template":"","meta":{"_acf_changed":false},"product_brand":[],"product_cat":[1150,1143,2296,1142,1145,3868,1259,3120],"product_tag":[],"class_list":{"0":"post-233080","1":"product","2":"type-product","3":"status-publish","4":"has-post-thumbnail","6":"product_cat-envasado-de-alimentos","7":"product_cat-carniceria-y-charcuteria","8":"product_cat-bandejas-latas-y-tarros","9":"product_cat-cajas-almuerzos-para-catering","10":"product_cat-panaderia-y-pasteleria","11":"product_cat-cajas-y-estuches","12":"product_cat-cajas-para-pasteles","13":"product_cat-latas-de-postre","15":"first","16":"instock","17":"taxable","18":"shipping-taxable","19":"purchasable","20":"product-type-simple"},"acf":[],"yoast_head":"<!-- This site is optimized with the Yoast SEO Premium plugin v26.6 (Yoast SEO v26.6) - https:\/\/yoast.com\/wordpress\/plugins\/seo\/ -->\n<title>Caja rectangular blanca de cart\u00f3n para catering 60 x 40 x 6 cm x 25<\/title>\n<meta name=\"description\" content=\"Caja de catering de cart\u00f3n r\u00edgido blanco de 60x40x6 cm, paquete de 25, ideal para transportar tartas, pasteles y postres con total seguridad.\" \/>\n<meta name=\"robots\" content=\"index, follow, max-snippet:-1, max-image-preview:large, max-video-preview:-1\" \/>\n<link rel=\"canonical\" href=\"https:\/\/www.csj-emballages.com\/es\/produit\/caja-rectangular-blanca-de-carton-para-catering-60-x-40-x-6-cm-paquete-de-25\/\" \/>\n<meta property=\"og:locale\" content=\"es_ES\" \/>\n<meta property=\"og:type\" content=\"article\" \/>\n<meta property=\"og:title\" content=\"Caja rectangular blanca de cart\u00f3n para catering 60 x 40 x 6 cm, paquete de 25\" \/>\n<meta property=\"og:description\" content=\"Caja de catering de cart\u00f3n r\u00edgido blanco de 60x40x6 cm, paquete de 25, ideal para transportar tartas, pasteles y postres con total seguridad.\" \/>\n<meta property=\"og:url\" content=\"https:\/\/www.csj-emballages.com\/es\/produit\/caja-rectangular-blanca-de-carton-para-catering-60-x-40-x-6-cm-paquete-de-25\/\" \/>\n<meta property=\"og:site_name\" content=\"CSJ Emballages\" \/>\n<meta property=\"article:publisher\" content=\"https:\/\/www.facebook.com\/csjemballages\" \/>\n<meta property=\"article:modified_time\" content=\"2026-04-27T00:10:55+00:00\" \/>\n<meta property=\"og:image\" content=\"https:\/\/www.csj-emballages.com\/wp-content\/uploads\/2025\/03\/Boite-traiteur.webp\" \/>\n\t<meta property=\"og:image:width\" content=\"800\" \/>\n\t<meta property=\"og:image:height\" content=\"800\" \/>\n\t<meta property=\"og:image:type\" content=\"image\/webp\" \/>\n<meta name=\"twitter:card\" content=\"summary_large_image\" \/>\n<meta name=\"twitter:label1\" content=\"Tiempo de lectura\" \/>\n\t<meta name=\"twitter:data1\" content=\"2 minutos\" \/>\n<script type=\"application\/ld+json\" class=\"yoast-schema-graph\">{\"@context\":\"https:\/\/schema.org\",\"@graph\":[{\"@type\":\"WebPage\",\"@id\":\"https:\/\/www.csj-emballages.com\/es\/produit\/caja-rectangular-blanca-de-carton-para-catering-60-x-40-x-6-cm-paquete-de-25\/\",\"url\":\"https:\/\/www.csj-emballages.com\/es\/produit\/caja-rectangular-blanca-de-carton-para-catering-60-x-40-x-6-cm-paquete-de-25\/\",\"name\":\"Caja rectangular blanca de cart\u00f3n para catering 60 x 40 x 6 cm x 25\",\"isPartOf\":{\"@id\":\"https:\/\/www.csj-emballages.com\/es\/#website\"},\"primaryImageOfPage\":{\"@id\":\"https:\/\/www.csj-emballages.com\/es\/produit\/caja-rectangular-blanca-de-carton-para-catering-60-x-40-x-6-cm-paquete-de-25\/#primaryimage\"},\"image\":{\"@id\":\"https:\/\/www.csj-emballages.com\/es\/produit\/caja-rectangular-blanca-de-carton-para-catering-60-x-40-x-6-cm-paquete-de-25\/#primaryimage\"},\"thumbnailUrl\":\"https:\/\/www.csj-emballages.com\/wp-content\/uploads\/2025\/03\/Boite-traiteur.webp\",\"datePublished\":\"2025-05-14T09:38:31+00:00\",\"dateModified\":\"2026-04-27T00:10:55+00:00\",\"description\":\"Caja de catering de cart\u00f3n r\u00edgido blanco de 60x40x6 cm, paquete de 25, ideal para transportar tartas, pasteles y postres con total seguridad.\",\"breadcrumb\":{\"@id\":\"https:\/\/www.csj-emballages.com\/es\/produit\/caja-rectangular-blanca-de-carton-para-catering-60-x-40-x-6-cm-paquete-de-25\/#breadcrumb\"},\"inLanguage\":\"es\",\"potentialAction\":[{\"@type\":\"ReadAction\",\"target\":[\"https:\/\/www.csj-emballages.com\/es\/produit\/caja-rectangular-blanca-de-carton-para-catering-60-x-40-x-6-cm-paquete-de-25\/\"]}]},{\"@type\":\"ImageObject\",\"inLanguage\":\"es\",\"@id\":\"https:\/\/www.csj-emballages.com\/es\/produit\/caja-rectangular-blanca-de-carton-para-catering-60-x-40-x-6-cm-paquete-de-25\/#primaryimage\",\"url\":\"https:\/\/www.csj-emballages.com\/wp-content\/uploads\/2025\/03\/Boite-traiteur.webp\",\"contentUrl\":\"https:\/\/www.csj-emballages.com\/wp-content\/uploads\/2025\/03\/Boite-traiteur.webp\",\"width\":800,\"height\":800,\"caption\":\"boite traiteur\"},{\"@type\":\"BreadcrumbList\",\"@id\":\"https:\/\/www.csj-emballages.com\/es\/produit\/caja-rectangular-blanca-de-carton-para-catering-60-x-40-x-6-cm-paquete-de-25\/#breadcrumb\",\"itemListElement\":[{\"@type\":\"ListItem\",\"position\":1,\"name\":\"Accueil\",\"item\":\"https:\/\/www.csj-emballages.com\/es\/universo-del-envasado-alimentario\/\"},{\"@type\":\"ListItem\",\"position\":2,\"name\":\"Tienda\",\"item\":\"https:\/\/www.csj-emballages.com\/tienda\/\"},{\"@type\":\"ListItem\",\"position\":3,\"name\":\"Caja rectangular blanca de cart\u00f3n para catering 60 x 40 x 6 cm, paquete de 25\"}]},{\"@type\":\"WebSite\",\"@id\":\"https:\/\/www.csj-emballages.com\/es\/#website\",\"url\":\"https:\/\/www.csj-emballages.com\/es\/\",\"name\":\"CSJ Emballages\",\"description\":\"\",\"publisher\":{\"@id\":\"https:\/\/www.csj-emballages.com\/es\/#organization\"},\"potentialAction\":[{\"@type\":\"SearchAction\",\"target\":{\"@type\":\"EntryPoint\",\"urlTemplate\":\"https:\/\/www.csj-emballages.com\/es\/?s={search_term_string}\"},\"query-input\":{\"@type\":\"PropertyValueSpecification\",\"valueRequired\":true,\"valueName\":\"search_term_string\"}}],\"inLanguage\":\"es\"},{\"@type\":\"Organization\",\"@id\":\"https:\/\/www.csj-emballages.com\/es\/#Organization\/\",\"name\":\"CSJ Emballages\",\"url\":\"https:\/\/www.csj-emballages.com\/es\/\",\"logo\":{\"@type\":\"ImageObject\",\"inLanguage\":\"es\",\"@id\":\"https:\/\/www.csj-emballages.com\/es\/#\/schema\/logo\/image\/\",\"url\":\"https:\/\/www.csj-emballages.com\/wp-content\/uploads\/2023\/10\/logo_csj.webp\",\"contentUrl\":\"https:\/\/www.csj-emballages.com\/wp-content\/uploads\/2023\/10\/logo_csj.webp\",\"width\":250,\"height\":95,\"caption\":\"CSJ Emballages\"},\"image\":{\"@id\":\"https:\/\/www.csj-emballages.com\/es\/#\/schema\/logo\/image\/\"},\"sameAs\":[\"https:\/\/www.facebook.com\/csjemballages\"],\"address\":{\"@type\":\"PostalAddress\",\"streetAddress\":\"ZI La Lechere\",\"addressLocality\":\"Patornay\",\"postalCode\":\"39130\",\"addressCountry\":\"FR\"},\"contactPoint\":[{\"@type\":\"ContactPoint\",\"contactType\":\"Service client\",\"telephone\":\"0384254272\",\"email\":\"contact@csj-emballages.com\"}]}]}<\/script>\n<!-- \/ Yoast SEO Premium plugin. -->","yoast_head_json":{"title":"Caja rectangular blanca de cart\u00f3n para catering 60 x 40 x 6 cm x 25","description":"Caja de catering de cart\u00f3n r\u00edgido blanco de 60x40x6 cm, paquete de 25, ideal para transportar tartas, pasteles y postres con total seguridad.","robots":{"index":"index","follow":"follow","max-snippet":"max-snippet:-1","max-image-preview":"max-image-preview:large","max-video-preview":"max-video-preview:-1"},"canonical":"https:\/\/www.csj-emballages.com\/es\/produit\/caja-rectangular-blanca-de-carton-para-catering-60-x-40-x-6-cm-paquete-de-25\/","og_locale":"es_ES","og_type":"article","og_title":"Caja rectangular blanca de cart\u00f3n para catering 60 x 40 x 6 cm, paquete de 25","og_description":"Caja de catering de cart\u00f3n r\u00edgido blanco de 60x40x6 cm, paquete de 25, ideal para transportar tartas, pasteles y postres con total seguridad.","og_url":"https:\/\/www.csj-emballages.com\/es\/produit\/caja-rectangular-blanca-de-carton-para-catering-60-x-40-x-6-cm-paquete-de-25\/","og_site_name":"CSJ Emballages","article_publisher":"https:\/\/www.facebook.com\/csjemballages","article_modified_time":"2026-04-27T00:10:55+00:00","og_image":[{"width":800,"height":800,"url":"https:\/\/www.csj-emballages.com\/wp-content\/uploads\/2025\/03\/Boite-traiteur.webp","type":"image\/webp"}],"twitter_card":"summary_large_image","twitter_misc":{"Tiempo de lectura":"2 minutos"},"schema":{"@context":"https:\/\/schema.org","@graph":[{"@type":"WebPage","@id":"https:\/\/www.csj-emballages.com\/es\/produit\/caja-rectangular-blanca-de-carton-para-catering-60-x-40-x-6-cm-paquete-de-25\/","url":"https:\/\/www.csj-emballages.com\/es\/produit\/caja-rectangular-blanca-de-carton-para-catering-60-x-40-x-6-cm-paquete-de-25\/","name":"Caja rectangular blanca de cart\u00f3n para catering 60 x 40 x 6 cm x 25","isPartOf":{"@id":"https:\/\/www.csj-emballages.com\/es\/#website"},"primaryImageOfPage":{"@id":"https:\/\/www.csj-emballages.com\/es\/produit\/caja-rectangular-blanca-de-carton-para-catering-60-x-40-x-6-cm-paquete-de-25\/#primaryimage"},"image":{"@id":"https:\/\/www.csj-emballages.com\/es\/produit\/caja-rectangular-blanca-de-carton-para-catering-60-x-40-x-6-cm-paquete-de-25\/#primaryimage"},"thumbnailUrl":"https:\/\/www.csj-emballages.com\/wp-content\/uploads\/2025\/03\/Boite-traiteur.webp","datePublished":"2025-05-14T09:38:31+00:00","dateModified":"2026-04-27T00:10:55+00:00","description":"Caja de catering de cart\u00f3n r\u00edgido blanco de 60x40x6 cm, paquete de 25, ideal para transportar tartas, pasteles y postres con total seguridad.","breadcrumb":{"@id":"https:\/\/www.csj-emballages.com\/es\/produit\/caja-rectangular-blanca-de-carton-para-catering-60-x-40-x-6-cm-paquete-de-25\/#breadcrumb"},"inLanguage":"es","potentialAction":[{"@type":"ReadAction","target":["https:\/\/www.csj-emballages.com\/es\/produit\/caja-rectangular-blanca-de-carton-para-catering-60-x-40-x-6-cm-paquete-de-25\/"]}]},{"@type":"ImageObject","inLanguage":"es","@id":"https:\/\/www.csj-emballages.com\/es\/produit\/caja-rectangular-blanca-de-carton-para-catering-60-x-40-x-6-cm-paquete-de-25\/#primaryimage","url":"https:\/\/www.csj-emballages.com\/wp-content\/uploads\/2025\/03\/Boite-traiteur.webp","contentUrl":"https:\/\/www.csj-emballages.com\/wp-content\/uploads\/2025\/03\/Boite-traiteur.webp","width":800,"height":800,"caption":"boite traiteur"},{"@type":"BreadcrumbList","@id":"https:\/\/www.csj-emballages.com\/es\/produit\/caja-rectangular-blanca-de-carton-para-catering-60-x-40-x-6-cm-paquete-de-25\/#breadcrumb","itemListElement":[{"@type":"ListItem","position":1,"name":"Accueil","item":"https:\/\/www.csj-emballages.com\/es\/universo-del-envasado-alimentario\/"},{"@type":"ListItem","position":2,"name":"Tienda","item":"https:\/\/www.csj-emballages.com\/tienda\/"},{"@type":"ListItem","position":3,"name":"Caja rectangular blanca de cart\u00f3n para catering 60 x 40 x 6 cm, paquete de 25"}]},{"@type":"WebSite","@id":"https:\/\/www.csj-emballages.com\/es\/#website","url":"https:\/\/www.csj-emballages.com\/es\/","name":"CSJ Emballages","description":"","publisher":{"@id":"https:\/\/www.csj-emballages.com\/es\/#organization"},"potentialAction":[{"@type":"SearchAction","target":{"@type":"EntryPoint","urlTemplate":"https:\/\/www.csj-emballages.com\/es\/?s={search_term_string}"},"query-input":{"@type":"PropertyValueSpecification","valueRequired":true,"valueName":"search_term_string"}}],"inLanguage":"es"},{"@type":"Organization","@id":"https:\/\/www.csj-emballages.com\/es\/#Organization\/","name":"CSJ Emballages","url":"https:\/\/www.csj-emballages.com\/es\/","logo":{"@type":"ImageObject","inLanguage":"es","@id":"https:\/\/www.csj-emballages.com\/es\/#\/schema\/logo\/image\/","url":"https:\/\/www.csj-emballages.com\/wp-content\/uploads\/2023\/10\/logo_csj.webp","contentUrl":"https:\/\/www.csj-emballages.com\/wp-content\/uploads\/2023\/10\/logo_csj.webp","width":250,"height":95,"caption":"CSJ Emballages"},"image":{"@id":"https:\/\/www.csj-emballages.com\/es\/#\/schema\/logo\/image\/"},"sameAs":["https:\/\/www.facebook.com\/csjemballages"],"address":{"@type":"PostalAddress","streetAddress":"ZI La Lechere","addressLocality":"Patornay","postalCode":"39130","addressCountry":"FR"},"contactPoint":[{"@type":"ContactPoint","contactType":"Service client","telephone":"0384254272","email":"contact@csj-emballages.com"}]}]}},"df_price":28.18,"df_sale_price":"","df_regular_price":28.18,"df_image_link":"https:\/\/www.csj-emballages.com\/wp-content\/uploads\/2025\/03\/Boite-traiteur-300x300.webp","tiered_pricing_type":"fixed","tiered_pricing_fixed_rules":[],"tiered_pricing_percentage_rules":[],"tiered_pricing_minimum":1,"tiered_pricing_roles_data":[],"_links":{"self":[{"href":"https:\/\/www.csj-emballages.com\/es\/wp-json\/wp\/v2\/product\/233080","targetHints":{"allow":["GET"]}}],"collection":[{"href":"https:\/\/www.csj-emballages.com\/es\/wp-json\/wp\/v2\/product"}],"about":[{"href":"https:\/\/www.csj-emballages.com\/es\/wp-json\/wp\/v2\/types\/product"}],"wp:featuredmedia":[{"embeddable":true,"href":"https:\/\/www.csj-emballages.com\/es\/wp-json\/wp\/v2\/media\/233043"}],"wp:attachment":[{"href":"https:\/\/www.csj-emballages.com\/es\/wp-json\/wp\/v2\/media?parent=233080"}],"wp:term":[{"taxonomy":"product_brand","embeddable":true,"href":"https:\/\/www.csj-emballages.com\/es\/wp-json\/wp\/v2\/product_brand?post=233080"},{"taxonomy":"product_cat","embeddable":true,"href":"https:\/\/www.csj-emballages.com\/es\/wp-json\/wp\/v2\/product_cat?post=233080"},{"taxonomy":"product_tag","embeddable":true,"href":"https:\/\/www.csj-emballages.com\/es\/wp-json\/wp\/v2\/product_tag?post=233080"}],"curies":[{"name":"wp","href":"https:\/\/api.w.org\/{rel}","templated":true}]}}