{"id":23307,"date":"2024-03-01T16:49:24","date_gmt":"2024-03-01T15:49:24","guid":{"rendered":"https:\/\/u15jnbdpoq.preview.infomaniak.website\/produit\/cinta-adhesiva-bopp-marron-48-mm-x-126-m\/"},"modified":"2026-05-03T02:11:33","modified_gmt":"2026-05-03T00:11:33","slug":"cinta-adhesiva-bopp-marron-48-mm-x-126-m","status":"publish","type":"product","link":"https:\/\/www.csj-emballages.com\/es\/produit\/cinta-adhesiva-bopp-marron-48-mm-x-126-m\/","title":{"rendered":"Cinta adhesiva marr\u00f3n de PVC de 48 mm x 126 m"},"content":{"rendered":"<h2>Cinta adhesiva marr\u00f3n<\/h2>\n<hr>\n<h3>Descubra nuestra cinta adhesiva marr\u00f3n de PVC de 48 mm x 126 m<\/h3>\n<p><!--more--><\/p>\n<p data-start=\"199\" data-end=\"570\">La <strong>cinta adhesiva marr\u00f3n de PVC de 48 mm x 126 m<\/strong> est\u00e1 especialmente dise\u00f1ada para garantizar un <strong data-start=\"283\" data-end=\"317\">cierre seguro y duradero<\/strong> de sus <strong>cajas<\/strong>, sea cual sea su ritmo de embalaje. Fabricada a partir de una <strong>pel\u00edcula de PVC<\/strong> de alta calidad, ofrece una <strong data-start=\"465\" data-end=\"496\">alta resistencia mec\u00e1nica<\/strong>, lo que limita el riesgo de desgarro durante la aplicaci\u00f3n o el transporte. <\/p>\n<p data-start=\"572\" data-end=\"955\">De hecho, su <strong>anchura de 48 mm<\/strong> permite una cobertura \u00f3ptima de las solapas, lo que garantiza una <strong data-start=\"648\" data-end=\"680\">adherencia homog\u00e9nea y fiable<\/strong> en cajas de <strong>canal simple o doble<\/strong>, incluidas las cajas recicladas. Gracias a su <strong>adhesivo de alto rendimiento<\/strong>, esta <strong>cinta<\/strong> mantiene eficazmente los paquetes cerrados a lo largo del tiempo, incluso durante manipulaciones repetidas, almacenamiento prolongado o transporte a larga distancia. <\/p>\n<p data-start=\"957\" data-end=\"1299\">Asimismo, con una <strong>longitud generosa de 126 metros<\/strong>, este <strong>celo marr\u00f3n<\/strong> ofrece un <strong data-start=\"1026\" data-end=\"1049\">excelente rendimiento<\/strong>, reduciendo la frecuencia de reemplazo de los rollos y mejorando la productividad en los puestos de embalaje. Su desenrollado fluido garantiza una colocaci\u00f3n r\u00e1pida y regular, a mano o con un dispensador, para una comodidad de uso \u00f3ptima. <\/p>\n<p data-start=\"1301\" data-end=\"1643\">Su <strong>color marr\u00f3n<\/strong> garantiza un <strong data-start=\"1330\" data-end=\"1362\">acabado discreto y cuidado<\/strong>. En resumen, esta <strong>cinta adhesiva de PVC<\/strong> es un elemento indispensable para asegurar sus env\u00edos, manteniendo al mismo tiempo una presentaci\u00f3n profesional de sus paquetes. <\/p>\n<p><!--more--><\/p>\n<h4>Ventajas :<\/h4>\n<ul>\n<li data-start=\"1667\" data-end=\"1712\">Cierre s\u00f3lido y duradero de las cajas.<\/li>\n<li data-start=\"1715\" data-end=\"1778\"><strong>Adherencia eficaz<\/strong> en cajas nuevas, recicladas u onduladas.<\/li>\n<li data-start=\"1781\" data-end=\"1829\"><strong>Pel\u00edcula de PVC<\/strong> de alta resistencia, antidesgarro.<\/li>\n<li data-start=\"1832\" data-end=\"1881\">Longitud de 126 m para una mayor productividad.<\/li>\n<li data-start=\"1884\" data-end=\"1944\">Desenrollado fluido, compatible con dispensadores manuales.<\/li>\n<li data-start=\"1947\" data-end=\"2014\"><strong>Aspecto marr\u00f3n<\/strong> discreto, ideal para el env\u00edo y el almacenamiento.<\/li>\n<\/ul>\n<p>&nbsp;<\/p>\n<p><!--more--><\/p>\n<h4>Informaci\u00f3n adicional :<\/h4>\n<ul>\n<li><strong>Embalaje<\/strong>: Por unidad<\/li>\n<li><strong>Ancho<\/strong>: 48 mm<\/li>\n<li><strong>Longitud<\/strong>: 126 m<\/li>\n<li><strong>Color<\/strong>: Marr\u00f3n<\/li>\n<li><strong>Material<\/strong>: PVC<\/li>\n<\/ul>\n<p>&nbsp;<\/p>\n<p><!--more--><\/p>\n<p>Aqu\u00ed encontrar\u00e1 nuestro dispensador de cinta adhesiva: <span style=\"color: #d12727;\"><a style=\"color: #d12727;\" href=\"https:\/\/www.csj-emballages.com\/es\/produit\/1-dispensador-eco-para-cinta-adhesiva-de-50-mm\/\">DEVIRUB<\/a><\/span><\/p>\n<p>&nbsp;<\/p>\n<p><!--more--><\/p>\n<p>Tambi\u00e9n le ofrecemos nuestra cinta adhesiva transparente de PVC de 19 mm x 66 m: <span style=\"color: #d12727;\"><a style=\"color: #d12727;\" href=\"https:\/\/www.csj-emballages.com\/es\/produit\/cinta-adhesiva-de-pvc-transparente-19-mm-x-100-m\/\">13520<\/a><\/span><\/p>\n<p>&nbsp;<\/p>\n<p><!--more--><\/p>\n<p><a href=\"https:\/\/www.csj-emballages.com\/es\/categorie-produit\/envases-industriales\/carretes-y-cintas\/\">Consulte el resto de nuestra gama de dispensadores y cintas adhesivas<\/a><\/p>\n<p>&nbsp;<\/p>\n","protected":false},"excerpt":{"rendered":"<p>Cinta adhesiva marr\u00f3n Descubra nuestra cinta adhesiva marr\u00f3n de PVC de 48 mm x 126 m<\/p>\n","protected":false},"featured_media":263387,"template":"","meta":{"_acf_changed":false},"product_brand":[],"product_cat":[1150,1212,1928],"product_tag":[],"class_list":{"0":"post-23307","1":"product","2":"type-product","3":"status-publish","4":"has-post-thumbnail","6":"product_cat-envasado-de-alimentos","7":"product_cat-envases-industriales","8":"product_cat-carretes-y-cintas","10":"first","11":"instock","12":"taxable","13":"shipping-taxable","14":"purchasable","15":"product-type-simple"},"acf":[],"yoast_head":"<!-- This site is optimized with the Yoast SEO Premium plugin v26.6 (Yoast SEO v26.6) - https:\/\/yoast.com\/wordpress\/plugins\/seo\/ -->\n<title>Cinta Adhesiva Marr\u00f3n de PVC de 48 mm x 126 m<\/title>\n<meta name=\"description\" content=\"Cinta adhesiva marr\u00f3n BOPP de 48 mm x 126 m, de alta resistencia y excelente adherencia para el cierre seguro de cajas de embalaje.\" \/>\n<meta name=\"robots\" content=\"index, follow, max-snippet:-1, max-image-preview:large, max-video-preview:-1\" \/>\n<link rel=\"canonical\" href=\"https:\/\/www.csj-emballages.com\/es\/produit\/cinta-adhesiva-bopp-marron-48-mm-x-126-m\/\" \/>\n<meta property=\"og:locale\" content=\"es_ES\" \/>\n<meta property=\"og:type\" content=\"article\" \/>\n<meta property=\"og:title\" content=\"Cinta adhesiva marr\u00f3n de PVC de 48 mm x 126 m\" \/>\n<meta property=\"og:description\" content=\"Cinta adhesiva marr\u00f3n BOPP de 48 mm x 126 m, de alta resistencia y excelente adherencia para el cierre seguro de cajas de embalaje.\" \/>\n<meta property=\"og:url\" content=\"https:\/\/www.csj-emballages.com\/es\/produit\/cinta-adhesiva-bopp-marron-48-mm-x-126-m\/\" \/>\n<meta property=\"og:site_name\" content=\"CSJ Emballages\" \/>\n<meta property=\"article:publisher\" content=\"https:\/\/www.facebook.com\/csjemballages\" \/>\n<meta property=\"article:modified_time\" content=\"2026-05-03T00:11:33+00:00\" \/>\n<meta property=\"og:image\" content=\"https:\/\/www.csj-emballages.com\/wp-content\/uploads\/2024\/03\/SCOTCHPVC.webp\" \/>\n\t<meta property=\"og:image:width\" content=\"800\" \/>\n\t<meta property=\"og:image:height\" content=\"800\" \/>\n\t<meta property=\"og:image:type\" content=\"image\/webp\" \/>\n<meta name=\"twitter:card\" content=\"summary_large_image\" \/>\n<meta name=\"twitter:label1\" content=\"Tiempo de lectura\" \/>\n\t<meta name=\"twitter:data1\" content=\"2 minutos\" \/>\n<script type=\"application\/ld+json\" class=\"yoast-schema-graph\">{\"@context\":\"https:\/\/schema.org\",\"@graph\":[{\"@type\":\"WebPage\",\"@id\":\"https:\/\/www.csj-emballages.com\/es\/produit\/cinta-adhesiva-bopp-marron-48-mm-x-126-m\/\",\"url\":\"https:\/\/www.csj-emballages.com\/es\/produit\/cinta-adhesiva-bopp-marron-48-mm-x-126-m\/\",\"name\":\"Cinta Adhesiva Marr\u00f3n de PVC de 48 mm x 126 m\",\"isPartOf\":{\"@id\":\"https:\/\/www.csj-emballages.com\/es\/#website\"},\"primaryImageOfPage\":{\"@id\":\"https:\/\/www.csj-emballages.com\/es\/produit\/cinta-adhesiva-bopp-marron-48-mm-x-126-m\/#primaryimage\"},\"image\":{\"@id\":\"https:\/\/www.csj-emballages.com\/es\/produit\/cinta-adhesiva-bopp-marron-48-mm-x-126-m\/#primaryimage\"},\"thumbnailUrl\":\"https:\/\/www.csj-emballages.com\/wp-content\/uploads\/2024\/03\/SCOTCHPVC.webp\",\"datePublished\":\"2024-03-01T15:49:24+00:00\",\"dateModified\":\"2026-05-03T00:11:33+00:00\",\"description\":\"Cinta adhesiva marr\u00f3n BOPP de 48 mm x 126 m, de alta resistencia y excelente adherencia para el cierre seguro de cajas de embalaje.\",\"breadcrumb\":{\"@id\":\"https:\/\/www.csj-emballages.com\/es\/produit\/cinta-adhesiva-bopp-marron-48-mm-x-126-m\/#breadcrumb\"},\"inLanguage\":\"es\",\"potentialAction\":[{\"@type\":\"ReadAction\",\"target\":[\"https:\/\/www.csj-emballages.com\/es\/produit\/cinta-adhesiva-bopp-marron-48-mm-x-126-m\/\"]}]},{\"@type\":\"ImageObject\",\"inLanguage\":\"es\",\"@id\":\"https:\/\/www.csj-emballages.com\/es\/produit\/cinta-adhesiva-bopp-marron-48-mm-x-126-m\/#primaryimage\",\"url\":\"https:\/\/www.csj-emballages.com\/wp-content\/uploads\/2024\/03\/SCOTCHPVC.webp\",\"contentUrl\":\"https:\/\/www.csj-emballages.com\/wp-content\/uploads\/2024\/03\/SCOTCHPVC.webp\",\"width\":800,\"height\":800,\"caption\":\"Ruban adh\u00e9sif\"},{\"@type\":\"BreadcrumbList\",\"@id\":\"https:\/\/www.csj-emballages.com\/es\/produit\/cinta-adhesiva-bopp-marron-48-mm-x-126-m\/#breadcrumb\",\"itemListElement\":[{\"@type\":\"ListItem\",\"position\":1,\"name\":\"Accueil\",\"item\":\"https:\/\/www.csj-emballages.com\/es\/universo-del-envasado-alimentario\/\"},{\"@type\":\"ListItem\",\"position\":2,\"name\":\"Tienda\",\"item\":\"https:\/\/www.csj-emballages.com\/tienda\/\"},{\"@type\":\"ListItem\",\"position\":3,\"name\":\"Cinta adhesiva marr\u00f3n de PVC de 48 mm x 126 m\"}]},{\"@type\":\"WebSite\",\"@id\":\"https:\/\/www.csj-emballages.com\/es\/#website\",\"url\":\"https:\/\/www.csj-emballages.com\/es\/\",\"name\":\"CSJ Emballages\",\"description\":\"\",\"publisher\":{\"@id\":\"https:\/\/www.csj-emballages.com\/es\/#organization\"},\"potentialAction\":[{\"@type\":\"SearchAction\",\"target\":{\"@type\":\"EntryPoint\",\"urlTemplate\":\"https:\/\/www.csj-emballages.com\/es\/?s={search_term_string}\"},\"query-input\":{\"@type\":\"PropertyValueSpecification\",\"valueRequired\":true,\"valueName\":\"search_term_string\"}}],\"inLanguage\":\"es\"},{\"@type\":\"Organization\",\"@id\":\"https:\/\/www.csj-emballages.com\/es\/#Organization\/\",\"name\":\"CSJ Emballages\",\"url\":\"https:\/\/www.csj-emballages.com\/es\/\",\"logo\":{\"@type\":\"ImageObject\",\"inLanguage\":\"es\",\"@id\":\"https:\/\/www.csj-emballages.com\/es\/#\/schema\/logo\/image\/\",\"url\":\"https:\/\/www.csj-emballages.com\/wp-content\/uploads\/2023\/10\/logo_csj.webp\",\"contentUrl\":\"https:\/\/www.csj-emballages.com\/wp-content\/uploads\/2023\/10\/logo_csj.webp\",\"width\":250,\"height\":95,\"caption\":\"CSJ Emballages\"},\"image\":{\"@id\":\"https:\/\/www.csj-emballages.com\/es\/#\/schema\/logo\/image\/\"},\"sameAs\":[\"https:\/\/www.facebook.com\/csjemballages\"],\"address\":{\"@type\":\"PostalAddress\",\"streetAddress\":\"ZI La Lechere\",\"addressLocality\":\"Patornay\",\"postalCode\":\"39130\",\"addressCountry\":\"FR\"},\"contactPoint\":[{\"@type\":\"ContactPoint\",\"contactType\":\"Service client\",\"telephone\":\"0384254272\",\"email\":\"contact@csj-emballages.com\"}]}]}<\/script>\n<!-- \/ Yoast SEO Premium plugin. -->","yoast_head_json":{"title":"Cinta Adhesiva Marr\u00f3n de PVC de 48 mm x 126 m","description":"Cinta adhesiva marr\u00f3n BOPP de 48 mm x 126 m, de alta resistencia y excelente adherencia para el cierre seguro de cajas de embalaje.","robots":{"index":"index","follow":"follow","max-snippet":"max-snippet:-1","max-image-preview":"max-image-preview:large","max-video-preview":"max-video-preview:-1"},"canonical":"https:\/\/www.csj-emballages.com\/es\/produit\/cinta-adhesiva-bopp-marron-48-mm-x-126-m\/","og_locale":"es_ES","og_type":"article","og_title":"Cinta adhesiva marr\u00f3n de PVC de 48 mm x 126 m","og_description":"Cinta adhesiva marr\u00f3n BOPP de 48 mm x 126 m, de alta resistencia y excelente adherencia para el cierre seguro de cajas de embalaje.","og_url":"https:\/\/www.csj-emballages.com\/es\/produit\/cinta-adhesiva-bopp-marron-48-mm-x-126-m\/","og_site_name":"CSJ Emballages","article_publisher":"https:\/\/www.facebook.com\/csjemballages","article_modified_time":"2026-05-03T00:11:33+00:00","og_image":[{"width":800,"height":800,"url":"https:\/\/www.csj-emballages.com\/wp-content\/uploads\/2024\/03\/SCOTCHPVC.webp","type":"image\/webp"}],"twitter_card":"summary_large_image","twitter_misc":{"Tiempo de lectura":"2 minutos"},"schema":{"@context":"https:\/\/schema.org","@graph":[{"@type":"WebPage","@id":"https:\/\/www.csj-emballages.com\/es\/produit\/cinta-adhesiva-bopp-marron-48-mm-x-126-m\/","url":"https:\/\/www.csj-emballages.com\/es\/produit\/cinta-adhesiva-bopp-marron-48-mm-x-126-m\/","name":"Cinta Adhesiva Marr\u00f3n de PVC de 48 mm x 126 m","isPartOf":{"@id":"https:\/\/www.csj-emballages.com\/es\/#website"},"primaryImageOfPage":{"@id":"https:\/\/www.csj-emballages.com\/es\/produit\/cinta-adhesiva-bopp-marron-48-mm-x-126-m\/#primaryimage"},"image":{"@id":"https:\/\/www.csj-emballages.com\/es\/produit\/cinta-adhesiva-bopp-marron-48-mm-x-126-m\/#primaryimage"},"thumbnailUrl":"https:\/\/www.csj-emballages.com\/wp-content\/uploads\/2024\/03\/SCOTCHPVC.webp","datePublished":"2024-03-01T15:49:24+00:00","dateModified":"2026-05-03T00:11:33+00:00","description":"Cinta adhesiva marr\u00f3n BOPP de 48 mm x 126 m, de alta resistencia y excelente adherencia para el cierre seguro de cajas de embalaje.","breadcrumb":{"@id":"https:\/\/www.csj-emballages.com\/es\/produit\/cinta-adhesiva-bopp-marron-48-mm-x-126-m\/#breadcrumb"},"inLanguage":"es","potentialAction":[{"@type":"ReadAction","target":["https:\/\/www.csj-emballages.com\/es\/produit\/cinta-adhesiva-bopp-marron-48-mm-x-126-m\/"]}]},{"@type":"ImageObject","inLanguage":"es","@id":"https:\/\/www.csj-emballages.com\/es\/produit\/cinta-adhesiva-bopp-marron-48-mm-x-126-m\/#primaryimage","url":"https:\/\/www.csj-emballages.com\/wp-content\/uploads\/2024\/03\/SCOTCHPVC.webp","contentUrl":"https:\/\/www.csj-emballages.com\/wp-content\/uploads\/2024\/03\/SCOTCHPVC.webp","width":800,"height":800,"caption":"Ruban adh\u00e9sif"},{"@type":"BreadcrumbList","@id":"https:\/\/www.csj-emballages.com\/es\/produit\/cinta-adhesiva-bopp-marron-48-mm-x-126-m\/#breadcrumb","itemListElement":[{"@type":"ListItem","position":1,"name":"Accueil","item":"https:\/\/www.csj-emballages.com\/es\/universo-del-envasado-alimentario\/"},{"@type":"ListItem","position":2,"name":"Tienda","item":"https:\/\/www.csj-emballages.com\/tienda\/"},{"@type":"ListItem","position":3,"name":"Cinta adhesiva marr\u00f3n de PVC de 48 mm x 126 m"}]},{"@type":"WebSite","@id":"https:\/\/www.csj-emballages.com\/es\/#website","url":"https:\/\/www.csj-emballages.com\/es\/","name":"CSJ Emballages","description":"","publisher":{"@id":"https:\/\/www.csj-emballages.com\/es\/#organization"},"potentialAction":[{"@type":"SearchAction","target":{"@type":"EntryPoint","urlTemplate":"https:\/\/www.csj-emballages.com\/es\/?s={search_term_string}"},"query-input":{"@type":"PropertyValueSpecification","valueRequired":true,"valueName":"search_term_string"}}],"inLanguage":"es"},{"@type":"Organization","@id":"https:\/\/www.csj-emballages.com\/es\/#Organization\/","name":"CSJ Emballages","url":"https:\/\/www.csj-emballages.com\/es\/","logo":{"@type":"ImageObject","inLanguage":"es","@id":"https:\/\/www.csj-emballages.com\/es\/#\/schema\/logo\/image\/","url":"https:\/\/www.csj-emballages.com\/wp-content\/uploads\/2023\/10\/logo_csj.webp","contentUrl":"https:\/\/www.csj-emballages.com\/wp-content\/uploads\/2023\/10\/logo_csj.webp","width":250,"height":95,"caption":"CSJ Emballages"},"image":{"@id":"https:\/\/www.csj-emballages.com\/es\/#\/schema\/logo\/image\/"},"sameAs":["https:\/\/www.facebook.com\/csjemballages"],"address":{"@type":"PostalAddress","streetAddress":"ZI La Lechere","addressLocality":"Patornay","postalCode":"39130","addressCountry":"FR"},"contactPoint":[{"@type":"ContactPoint","contactType":"Service client","telephone":"0384254272","email":"contact@csj-emballages.com"}]}]}},"df_price":2.95,"df_sale_price":"","df_regular_price":2.95,"df_image_link":"https:\/\/www.csj-emballages.com\/wp-content\/uploads\/2024\/03\/SCOTCHPVC-300x300.webp","tiered_pricing_type":"fixed","tiered_pricing_fixed_rules":[],"tiered_pricing_percentage_rules":[],"tiered_pricing_minimum":1,"tiered_pricing_roles_data":[],"_links":{"self":[{"href":"https:\/\/www.csj-emballages.com\/es\/wp-json\/wp\/v2\/product\/23307","targetHints":{"allow":["GET"]}}],"collection":[{"href":"https:\/\/www.csj-emballages.com\/es\/wp-json\/wp\/v2\/product"}],"about":[{"href":"https:\/\/www.csj-emballages.com\/es\/wp-json\/wp\/v2\/types\/product"}],"wp:featuredmedia":[{"embeddable":true,"href":"https:\/\/www.csj-emballages.com\/es\/wp-json\/wp\/v2\/media\/263387"}],"wp:attachment":[{"href":"https:\/\/www.csj-emballages.com\/es\/wp-json\/wp\/v2\/media?parent=23307"}],"wp:term":[{"taxonomy":"product_brand","embeddable":true,"href":"https:\/\/www.csj-emballages.com\/es\/wp-json\/wp\/v2\/product_brand?post=23307"},{"taxonomy":"product_cat","embeddable":true,"href":"https:\/\/www.csj-emballages.com\/es\/wp-json\/wp\/v2\/product_cat?post=23307"},{"taxonomy":"product_tag","embeddable":true,"href":"https:\/\/www.csj-emballages.com\/es\/wp-json\/wp\/v2\/product_tag?post=23307"}],"curies":[{"name":"wp","href":"https:\/\/api.w.org\/{rel}","templated":true}]}}