{"id":23294,"date":"2024-03-01T16:49:26","date_gmt":"2024-03-01T15:49:26","guid":{"rendered":"https:\/\/u15jnbdpoq.preview.infomaniak.website\/produit\/1000-bolsas-de-papel-para-hamburguesas-12-7-x-18-cm\/"},"modified":"2026-04-09T02:18:26","modified_gmt":"2026-04-09T00:18:26","slug":"1000-bolsas-de-papel-para-hamburguesas-12-7-x-18-cm","status":"publish","type":"product","link":"https:\/\/www.csj-emballages.com\/es\/produit\/1000-bolsas-de-papel-para-hamburguesas-12-7-x-18-cm\/","title":{"rendered":"Bolsa de papel para hamburguesa 12 + 7 x 18 cm por 1000"},"content":{"rendered":"<h2>Bolsa para hamburguesas<\/h2>\n<hr>\n<h3>Descripci\u00f3n del producto<\/h3>\n<p><!--more--><\/p>\n<p>Apuesta por la practicidad y la calidad con estas <strong>bolsas de papel antigrasa para hamburguesas<\/strong>, perfectas para los profesionales de la comida r\u00e1pida. Dise\u00f1adas para proteger tus preparaciones, estas <strong>bolsas<\/strong> evitan que salgan salsas y grasas gracias a su revestimiento especial, al tiempo que ofrecen una manipulaci\u00f3n limpia e higi\u00e9nica. <\/p>\n<p>Con sus dimensiones compactas de <strong>12 + 7 x 18 cm<\/strong>, son ideales para hamburguesas est\u00e1ndar, garantizando una presentaci\u00f3n ordenada y profesional. Asimismo, su pr\u00e1ctico formato en paquetes de <strong>1.000<\/strong> unidades es perfecto para satisfacer las necesidades de los establecimientos m\u00e1s concurridos, al tiempo que garantiza una gesti\u00f3n econ\u00f3mica de sus envases. <\/p>\n<p>Adem\u00e1s, estas bolsas son un aliado esencial para simplificar su servicio y mejorar sus preparaciones culinarias. En resumen, elija un envase fiable y de alta calidad que cumpla los requisitos de los profesionales m\u00e1s exigentes. <\/p>\n<p><!--more--><\/p>\n<p>Ofrece a tus clientes una presentaci\u00f3n elegante, al tiempo que ayudas a reducir los residuos de pl\u00e1stico.<\/p>\n<p>&nbsp;<\/p>\n<p><!--more--><\/p>\n<p><strong>Sus ventajas:<\/strong><\/p>\n<ul>\n<li><strong>Protecci\u00f3n \u00f3ptima<\/strong>: El papel antigrasa evita que se salgan las salsas y las grasas.<\/li>\n<li><strong>Practicidad<\/strong>: Tama\u00f1o perfecto (12 + 7 x 18 cm) para hamburguesas de tama\u00f1o est\u00e1ndar.<\/li>\n<li><strong>Econ\u00f3mico<\/strong>: Se vende en paquetes de 1000 unidades, por lo que ofrece una excelente relaci\u00f3n calidad-precio para los profesionales de la comida r\u00e1pida.<\/li>\n<li><strong>Pr\u00e1ctico<\/strong>: Una opci\u00f3n ideal para quienes buscan un envase pr\u00e1ctico que tambi\u00e9n cumpla las normas de calidad y durabilidad.<\/li>\n<\/ul>\n<p>&nbsp;<\/p>\n<p><!--more--><\/p>\n<p><strong>Informaci\u00f3n adicional :  <\/strong><\/p>\n<ul>\n<li><strong>Envase<\/strong>: Paquete de 1000<\/li>\n<li><strong>Material<\/strong>: Papel sulfurizado<\/li>\n<li><strong>Dimensiones<\/strong>: 12 + 7 x 18 cm<\/li>\n<li><strong>Gramaje<\/strong>: 35 g \/ m\u00b2<\/li>\n<li><strong>Color<\/strong>: Marr\u00f3n con estampado<\/li>\n<\/ul>\n<p>&nbsp;<\/p>\n<p><!--more--><\/p>\n<p><a href=\"https:\/\/www.csj-emballages.com\/categorie-produit\/emballages\/restauration-sur-place-ou-emporter-fastfood-snacks\/sacs-et-papiers\/sachets-hamburgers\/\">Consulte el resto de nuestra gama de bolsas para hamburguesa<\/a><\/p>\n","protected":false},"excerpt":{"rendered":"<p>Bolsa para hamburguesas Descripci\u00f3n del producto<\/p>\n","protected":false},"featured_media":207457,"template":"","meta":{"_acf_changed":false},"product_brand":[],"product_cat":[1150,1145,3871,1654,3476,1179,3439,3478],"product_tag":[],"class_list":{"0":"post-23294","1":"product","2":"type-product","3":"status-publish","4":"has-post-thumbnail","6":"product_cat-envasado-de-alimentos","7":"product_cat-panaderia-y-pasteleria","8":"product_cat-bolsas-sobres-y-papel","9":"product_cat-sacheries-es","10":"product_cat-bolsas-para-bocadillos","11":"product_cat-catering-es","12":"product_cat-bolsas-para-hamburguesas","13":"product_cat-bolsas-para-bocadillos-es","15":"first","16":"instock","17":"taxable","18":"shipping-taxable","19":"purchasable","20":"product-type-simple"},"acf":[],"yoast_head":"<!-- This site is optimized with the Yoast SEO Premium plugin v26.6 (Yoast SEO v26.6) - https:\/\/yoast.com\/wordpress\/plugins\/seo\/ -->\n<title>Bolsa de papel para hamburguesas - 12 + 7 x 18 cm<\/title>\n<meta name=\"description\" content=\"Bolsa de papel antigrasa para hamburguesas de 12 + 7 x 18 cm, ideal para proteger tus hamburguesas de las fugas de salsa. Pr\u00e1ctica, higi\u00e9nica y se vende en paquetes de 1000 unidades.\" \/>\n<meta name=\"robots\" content=\"index, follow, max-snippet:-1, max-image-preview:large, max-video-preview:-1\" \/>\n<link rel=\"canonical\" href=\"https:\/\/www.csj-emballages.com\/es\/produit\/1000-bolsas-de-papel-para-hamburguesas-12-7-x-18-cm\/\" \/>\n<meta property=\"og:locale\" content=\"es_ES\" \/>\n<meta property=\"og:type\" content=\"article\" \/>\n<meta property=\"og:title\" content=\"Bolsa de papel para hamburguesa 12 + 7 x 18 cm por 1000\" \/>\n<meta property=\"og:description\" content=\"Bolsa de papel antigrasa para hamburguesas de 12 + 7 x 18 cm, ideal para proteger tus hamburguesas de las fugas de salsa. Pr\u00e1ctica, higi\u00e9nica y se vende en paquetes de 1000 unidades.\" \/>\n<meta property=\"og:url\" content=\"https:\/\/www.csj-emballages.com\/es\/produit\/1000-bolsas-de-papel-para-hamburguesas-12-7-x-18-cm\/\" \/>\n<meta property=\"og:site_name\" content=\"CSJ Emballages\" \/>\n<meta property=\"article:publisher\" content=\"https:\/\/www.facebook.com\/csjemballages\" \/>\n<meta property=\"article:modified_time\" content=\"2026-04-09T00:18:26+00:00\" \/>\n<meta property=\"og:image\" content=\"https:\/\/www.csj-emballages.com\/wp-content\/uploads\/2024\/03\/Sachet-burger-brun.webp\" \/>\n\t<meta property=\"og:image:width\" content=\"800\" \/>\n\t<meta property=\"og:image:height\" content=\"800\" \/>\n\t<meta property=\"og:image:type\" content=\"image\/webp\" \/>\n<meta name=\"twitter:card\" content=\"summary_large_image\" \/>\n<meta name=\"twitter:label1\" content=\"Tiempo de lectura\" \/>\n\t<meta name=\"twitter:data1\" content=\"1 minuto\" \/>\n<script type=\"application\/ld+json\" class=\"yoast-schema-graph\">{\"@context\":\"https:\/\/schema.org\",\"@graph\":[{\"@type\":\"WebPage\",\"@id\":\"https:\/\/www.csj-emballages.com\/es\/produit\/1000-bolsas-de-papel-para-hamburguesas-12-7-x-18-cm\/\",\"url\":\"https:\/\/www.csj-emballages.com\/es\/produit\/1000-bolsas-de-papel-para-hamburguesas-12-7-x-18-cm\/\",\"name\":\"Bolsa de papel para hamburguesas - 12 + 7 x 18 cm\",\"isPartOf\":{\"@id\":\"https:\/\/www.csj-emballages.com\/es\/#website\"},\"primaryImageOfPage\":{\"@id\":\"https:\/\/www.csj-emballages.com\/es\/produit\/1000-bolsas-de-papel-para-hamburguesas-12-7-x-18-cm\/#primaryimage\"},\"image\":{\"@id\":\"https:\/\/www.csj-emballages.com\/es\/produit\/1000-bolsas-de-papel-para-hamburguesas-12-7-x-18-cm\/#primaryimage\"},\"thumbnailUrl\":\"https:\/\/www.csj-emballages.com\/wp-content\/uploads\/2024\/03\/Sachet-burger-brun.webp\",\"datePublished\":\"2024-03-01T15:49:26+00:00\",\"dateModified\":\"2026-04-09T00:18:26+00:00\",\"description\":\"Bolsa de papel antigrasa para hamburguesas de 12 + 7 x 18 cm, ideal para proteger tus hamburguesas de las fugas de salsa. Pr\u00e1ctica, higi\u00e9nica y se vende en paquetes de 1000 unidades.\",\"breadcrumb\":{\"@id\":\"https:\/\/www.csj-emballages.com\/es\/produit\/1000-bolsas-de-papel-para-hamburguesas-12-7-x-18-cm\/#breadcrumb\"},\"inLanguage\":\"es\",\"potentialAction\":[{\"@type\":\"ReadAction\",\"target\":[\"https:\/\/www.csj-emballages.com\/es\/produit\/1000-bolsas-de-papel-para-hamburguesas-12-7-x-18-cm\/\"]}]},{\"@type\":\"ImageObject\",\"inLanguage\":\"es\",\"@id\":\"https:\/\/www.csj-emballages.com\/es\/produit\/1000-bolsas-de-papel-para-hamburguesas-12-7-x-18-cm\/#primaryimage\",\"url\":\"https:\/\/www.csj-emballages.com\/wp-content\/uploads\/2024\/03\/Sachet-burger-brun.webp\",\"contentUrl\":\"https:\/\/www.csj-emballages.com\/wp-content\/uploads\/2024\/03\/Sachet-burger-brun.webp\",\"width\":800,\"height\":800,\"caption\":\"sachet frite\"},{\"@type\":\"BreadcrumbList\",\"@id\":\"https:\/\/www.csj-emballages.com\/es\/produit\/1000-bolsas-de-papel-para-hamburguesas-12-7-x-18-cm\/#breadcrumb\",\"itemListElement\":[{\"@type\":\"ListItem\",\"position\":1,\"name\":\"Accueil\",\"item\":\"https:\/\/www.csj-emballages.com\/es\/universo-del-envasado-alimentario\/\"},{\"@type\":\"ListItem\",\"position\":2,\"name\":\"Tienda\",\"item\":\"https:\/\/www.csj-emballages.com\/tienda\/\"},{\"@type\":\"ListItem\",\"position\":3,\"name\":\"Bolsa de papel para hamburguesa 12 + 7 x 18 cm por 1000\"}]},{\"@type\":\"WebSite\",\"@id\":\"https:\/\/www.csj-emballages.com\/es\/#website\",\"url\":\"https:\/\/www.csj-emballages.com\/es\/\",\"name\":\"CSJ Emballages\",\"description\":\"\",\"publisher\":{\"@id\":\"https:\/\/www.csj-emballages.com\/es\/#organization\"},\"potentialAction\":[{\"@type\":\"SearchAction\",\"target\":{\"@type\":\"EntryPoint\",\"urlTemplate\":\"https:\/\/www.csj-emballages.com\/es\/?s={search_term_string}\"},\"query-input\":{\"@type\":\"PropertyValueSpecification\",\"valueRequired\":true,\"valueName\":\"search_term_string\"}}],\"inLanguage\":\"es\"},{\"@type\":\"Organization\",\"@id\":\"https:\/\/www.csj-emballages.com\/es\/#Organization\/\",\"name\":\"CSJ Emballages\",\"url\":\"https:\/\/www.csj-emballages.com\/es\/\",\"logo\":{\"@type\":\"ImageObject\",\"inLanguage\":\"es\",\"@id\":\"https:\/\/www.csj-emballages.com\/es\/#\/schema\/logo\/image\/\",\"url\":\"https:\/\/www.csj-emballages.com\/wp-content\/uploads\/2023\/10\/logo_csj.webp\",\"contentUrl\":\"https:\/\/www.csj-emballages.com\/wp-content\/uploads\/2023\/10\/logo_csj.webp\",\"width\":250,\"height\":95,\"caption\":\"CSJ Emballages\"},\"image\":{\"@id\":\"https:\/\/www.csj-emballages.com\/es\/#\/schema\/logo\/image\/\"},\"sameAs\":[\"https:\/\/www.facebook.com\/csjemballages\"],\"address\":{\"@type\":\"PostalAddress\",\"streetAddress\":\"ZI La Lechere\",\"addressLocality\":\"Patornay\",\"postalCode\":\"39130\",\"addressCountry\":\"FR\"},\"contactPoint\":[{\"@type\":\"ContactPoint\",\"contactType\":\"Service client\",\"telephone\":\"0384254272\",\"email\":\"contact@csj-emballages.com\"}]}]}<\/script>\n<!-- \/ Yoast SEO Premium plugin. -->","yoast_head_json":{"title":"Bolsa de papel para hamburguesas - 12 + 7 x 18 cm","description":"Bolsa de papel antigrasa para hamburguesas de 12 + 7 x 18 cm, ideal para proteger tus hamburguesas de las fugas de salsa. Pr\u00e1ctica, higi\u00e9nica y se vende en paquetes de 1000 unidades.","robots":{"index":"index","follow":"follow","max-snippet":"max-snippet:-1","max-image-preview":"max-image-preview:large","max-video-preview":"max-video-preview:-1"},"canonical":"https:\/\/www.csj-emballages.com\/es\/produit\/1000-bolsas-de-papel-para-hamburguesas-12-7-x-18-cm\/","og_locale":"es_ES","og_type":"article","og_title":"Bolsa de papel para hamburguesa 12 + 7 x 18 cm por 1000","og_description":"Bolsa de papel antigrasa para hamburguesas de 12 + 7 x 18 cm, ideal para proteger tus hamburguesas de las fugas de salsa. Pr\u00e1ctica, higi\u00e9nica y se vende en paquetes de 1000 unidades.","og_url":"https:\/\/www.csj-emballages.com\/es\/produit\/1000-bolsas-de-papel-para-hamburguesas-12-7-x-18-cm\/","og_site_name":"CSJ Emballages","article_publisher":"https:\/\/www.facebook.com\/csjemballages","article_modified_time":"2026-04-09T00:18:26+00:00","og_image":[{"width":800,"height":800,"url":"https:\/\/www.csj-emballages.com\/wp-content\/uploads\/2024\/03\/Sachet-burger-brun.webp","type":"image\/webp"}],"twitter_card":"summary_large_image","twitter_misc":{"Tiempo de lectura":"1 minuto"},"schema":{"@context":"https:\/\/schema.org","@graph":[{"@type":"WebPage","@id":"https:\/\/www.csj-emballages.com\/es\/produit\/1000-bolsas-de-papel-para-hamburguesas-12-7-x-18-cm\/","url":"https:\/\/www.csj-emballages.com\/es\/produit\/1000-bolsas-de-papel-para-hamburguesas-12-7-x-18-cm\/","name":"Bolsa de papel para hamburguesas - 12 + 7 x 18 cm","isPartOf":{"@id":"https:\/\/www.csj-emballages.com\/es\/#website"},"primaryImageOfPage":{"@id":"https:\/\/www.csj-emballages.com\/es\/produit\/1000-bolsas-de-papel-para-hamburguesas-12-7-x-18-cm\/#primaryimage"},"image":{"@id":"https:\/\/www.csj-emballages.com\/es\/produit\/1000-bolsas-de-papel-para-hamburguesas-12-7-x-18-cm\/#primaryimage"},"thumbnailUrl":"https:\/\/www.csj-emballages.com\/wp-content\/uploads\/2024\/03\/Sachet-burger-brun.webp","datePublished":"2024-03-01T15:49:26+00:00","dateModified":"2026-04-09T00:18:26+00:00","description":"Bolsa de papel antigrasa para hamburguesas de 12 + 7 x 18 cm, ideal para proteger tus hamburguesas de las fugas de salsa. Pr\u00e1ctica, higi\u00e9nica y se vende en paquetes de 1000 unidades.","breadcrumb":{"@id":"https:\/\/www.csj-emballages.com\/es\/produit\/1000-bolsas-de-papel-para-hamburguesas-12-7-x-18-cm\/#breadcrumb"},"inLanguage":"es","potentialAction":[{"@type":"ReadAction","target":["https:\/\/www.csj-emballages.com\/es\/produit\/1000-bolsas-de-papel-para-hamburguesas-12-7-x-18-cm\/"]}]},{"@type":"ImageObject","inLanguage":"es","@id":"https:\/\/www.csj-emballages.com\/es\/produit\/1000-bolsas-de-papel-para-hamburguesas-12-7-x-18-cm\/#primaryimage","url":"https:\/\/www.csj-emballages.com\/wp-content\/uploads\/2024\/03\/Sachet-burger-brun.webp","contentUrl":"https:\/\/www.csj-emballages.com\/wp-content\/uploads\/2024\/03\/Sachet-burger-brun.webp","width":800,"height":800,"caption":"sachet frite"},{"@type":"BreadcrumbList","@id":"https:\/\/www.csj-emballages.com\/es\/produit\/1000-bolsas-de-papel-para-hamburguesas-12-7-x-18-cm\/#breadcrumb","itemListElement":[{"@type":"ListItem","position":1,"name":"Accueil","item":"https:\/\/www.csj-emballages.com\/es\/universo-del-envasado-alimentario\/"},{"@type":"ListItem","position":2,"name":"Tienda","item":"https:\/\/www.csj-emballages.com\/tienda\/"},{"@type":"ListItem","position":3,"name":"Bolsa de papel para hamburguesa 12 + 7 x 18 cm por 1000"}]},{"@type":"WebSite","@id":"https:\/\/www.csj-emballages.com\/es\/#website","url":"https:\/\/www.csj-emballages.com\/es\/","name":"CSJ Emballages","description":"","publisher":{"@id":"https:\/\/www.csj-emballages.com\/es\/#organization"},"potentialAction":[{"@type":"SearchAction","target":{"@type":"EntryPoint","urlTemplate":"https:\/\/www.csj-emballages.com\/es\/?s={search_term_string}"},"query-input":{"@type":"PropertyValueSpecification","valueRequired":true,"valueName":"search_term_string"}}],"inLanguage":"es"},{"@type":"Organization","@id":"https:\/\/www.csj-emballages.com\/es\/#Organization\/","name":"CSJ Emballages","url":"https:\/\/www.csj-emballages.com\/es\/","logo":{"@type":"ImageObject","inLanguage":"es","@id":"https:\/\/www.csj-emballages.com\/es\/#\/schema\/logo\/image\/","url":"https:\/\/www.csj-emballages.com\/wp-content\/uploads\/2023\/10\/logo_csj.webp","contentUrl":"https:\/\/www.csj-emballages.com\/wp-content\/uploads\/2023\/10\/logo_csj.webp","width":250,"height":95,"caption":"CSJ Emballages"},"image":{"@id":"https:\/\/www.csj-emballages.com\/es\/#\/schema\/logo\/image\/"},"sameAs":["https:\/\/www.facebook.com\/csjemballages"],"address":{"@type":"PostalAddress","streetAddress":"ZI La Lechere","addressLocality":"Patornay","postalCode":"39130","addressCountry":"FR"},"contactPoint":[{"@type":"ContactPoint","contactType":"Service client","telephone":"0384254272","email":"contact@csj-emballages.com"}]}]}},"df_price":11.84,"df_sale_price":"","df_regular_price":11.84,"df_image_link":"https:\/\/www.csj-emballages.com\/wp-content\/uploads\/2024\/03\/Sachet-burger-brun-300x300.webp","tiered_pricing_type":"fixed","tiered_pricing_fixed_rules":[],"tiered_pricing_percentage_rules":[],"tiered_pricing_minimum":1,"tiered_pricing_roles_data":[],"_links":{"self":[{"href":"https:\/\/www.csj-emballages.com\/es\/wp-json\/wp\/v2\/product\/23294","targetHints":{"allow":["GET"]}}],"collection":[{"href":"https:\/\/www.csj-emballages.com\/es\/wp-json\/wp\/v2\/product"}],"about":[{"href":"https:\/\/www.csj-emballages.com\/es\/wp-json\/wp\/v2\/types\/product"}],"wp:featuredmedia":[{"embeddable":true,"href":"https:\/\/www.csj-emballages.com\/es\/wp-json\/wp\/v2\/media\/207457"}],"wp:attachment":[{"href":"https:\/\/www.csj-emballages.com\/es\/wp-json\/wp\/v2\/media?parent=23294"}],"wp:term":[{"taxonomy":"product_brand","embeddable":true,"href":"https:\/\/www.csj-emballages.com\/es\/wp-json\/wp\/v2\/product_brand?post=23294"},{"taxonomy":"product_cat","embeddable":true,"href":"https:\/\/www.csj-emballages.com\/es\/wp-json\/wp\/v2\/product_cat?post=23294"},{"taxonomy":"product_tag","embeddable":true,"href":"https:\/\/www.csj-emballages.com\/es\/wp-json\/wp\/v2\/product_tag?post=23294"}],"curies":[{"name":"wp","href":"https:\/\/api.w.org\/{rel}","templated":true}]}}