{"id":23286,"date":"2024-03-01T16:49:25","date_gmt":"2024-03-01T15:49:25","guid":{"rendered":"https:\/\/u15jnbdpoq.preview.infomaniak.website\/produit\/100-en-zapatos-blancos-cubrezapatos\/"},"modified":"2026-03-19T02:13:39","modified_gmt":"2026-03-19T01:13:39","slug":"100-en-zapatos-blancos-cubrezapatos","status":"publish","type":"product","link":"https:\/\/www.csj-emballages.com\/es\/produit\/100-en-zapatos-blancos-cubrezapatos\/","title":{"rendered":"Cubrecalzado blanco de polipropileno no tejido, lote de 100"},"content":{"rendered":"<h2>Cubrecalzado blanco<\/h2>\n<hr>\n<h3>Descubra nuestro cubrecalzado blanco de polipropileno no tejido, lote de 100<\/h3>\n<p><!--more--><\/p>\n<p data-start=\"205\" data-end=\"523\">Estos <strong data-start=\"209\" data-end=\"252\">cubrecalzados blancos de polipropileno no tejido<\/strong> son una soluci\u00f3n sencilla y eficaz para mantener los espacios limpios sin complicar el d\u00eda a d\u00eda. Se colocan r\u00e1pidamente y permiten proteger los suelos, respetando al mismo tiempo las normas de higiene, ya sea en un entorno profesional o durante visitas puntuales. <\/p>\n<p data-start=\"525\" data-end=\"850\">Su material <strong data-start=\"538\" data-end=\"556\">de polipropileno no tejido<\/strong> ofrece un buen equilibrio entre ligereza y resistencia. Los <strong>cubrecalzados<\/strong> se sujetan bien y acompa\u00f1an los movimientos sin dificultar la marcha. Gracias a su forma flexible, se adaptan f\u00e1cilmente a diferentes tipos de calzado, lo que los hace pr\u00e1cticos para un uso colectivo o frecuente.  <\/p>\n<p data-start=\"852\" data-end=\"1188\">Adem\u00e1s, su <strong data-start=\"871\" data-end=\"890\">color blanco<\/strong> transmite una imagen limpia y profesional, ideal para entornos sensibles como laboratorios, centros de salud, industrias agroalimentarias o zonas t\u00e9cnicas. Contribuyen a limitar la suciedad y la contaminaci\u00f3n cruzada, sin dejar de ser discretos. <\/p>\n<p data-start=\"1190\" data-end=\"1516\">Vendidos en <strong data-start=\"1198\" data-end=\"1216\">lotes de 100<\/strong>, estos <strong>cubrecalzados<\/strong> permiten gestionar las entradas y salidas sin estr\u00e9s, incluso en zonas de paso frecuente. Son f\u00e1ciles de almacenar, r\u00e1pidos de distribuir y perfectamente adaptados a usos temporales. Es una soluci\u00f3n fiable para mantener un nivel de higiene constante sin perder tiempo.  <\/p>\n<p data-start=\"1518\" data-end=\"1743\">En resumen, estos <strong>cubrecalzados blancos de polipropileno no tejido<\/strong> van directos al grano: protegen eficazmente, se utilizan f\u00e1cilmente y se integran de forma natural en todos los entornos donde la limpieza es una prioridad.<\/p>\n<p data-start=\"1518\" data-end=\"1743\">\n<p data-start=\"1518\" data-end=\"1743\"><!--more--><\/p>\n<h4 data-start=\"1518\" data-end=\"1743\">Ventajas :<\/h4>\n<ul>\n<li data-start=\"1771\" data-end=\"1817\"><strong>Material de polipropileno<\/strong> <strong>no tejido<\/strong> ligero y resistente.<\/li>\n<li data-start=\"1820\" data-end=\"1843\">Instalaci\u00f3n r\u00e1pida.<\/li>\n<li data-start=\"1846\" data-end=\"1877\">Buena sujeci\u00f3n al calzado.<\/li>\n<li data-start=\"1880\" data-end=\"1920\">Adaptados a numerosos entornos.<\/li>\n<li data-start=\"1923\" data-end=\"1973\">Color blanco, aspecto limpio y profesional.<\/li>\n<li data-start=\"1976\" data-end=\"2005\">Lote econ\u00f3mico de <strong>100 unidades<\/strong>.<\/li>\n<\/ul>\n<p>&nbsp;<\/p>\n<p><!--more--><\/p>\n<h4>Informaci\u00f3n adicional :<\/h4>\n<ul>\n<li><strong>Embalaje<\/strong>: Paquete de 100<\/li>\n<li><strong>Dimensiones<\/strong>: 18 x 41 cm<\/li>\n<li><strong>Grosor<\/strong>: 40 gr\/m\u00b2<\/li>\n<li><strong>Color<\/strong>: Blanco<\/li>\n<li><strong>Material<\/strong>: Polipropileno no tejido<\/li>\n<\/ul>\n<p>&nbsp;<\/p>\n<p><!--more--><\/p>\n<p>Estos cubrecalzados blancos tambi\u00e9n est\u00e1n disponibles en azul: <span style=\"color: #d12727;\"><a style=\"color: #d12727;\" href=\"https:\/\/www.csj-emballages.com\/produit\/100-sur-chaussures-couvre-chaussures-bleu\/?_gl=1*17z3t5v*_up*MQ..*_ga*MTQ1MjkxNTU4MC4xNzY5Njk2NDAy*_ga_YNVJLRSSZT*czE3Njk2OTY0MDEkbzEkZzAkdDE3Njk2OTY0MDEkajYwJGwwJGgxMDM5NDc5NjA0\">SCHAUBLEU<\/a><\/span><\/p>\n","protected":false},"excerpt":{"rendered":"<p>Cubrecalzado blanco Descubra nuestro cubrecalzado blanco de polipropileno no tejido, lote de 100<\/p>\n","protected":false},"featured_media":262802,"template":"","meta":{"_acf_changed":false},"product_brand":[],"product_cat":[1226,2325,3430],"product_tag":[],"class_list":{"0":"post-23286","1":"product","2":"type-product","3":"status-publish","4":"has-post-thumbnail","6":"product_cat-higiene-y-mantenimiento","7":"product_cat-equipamiento-individual","8":"product_cat-sobrecalzado","10":"first","11":"instock","12":"taxable","13":"shipping-taxable","14":"purchasable","15":"product-type-simple"},"acf":[],"yoast_head":"<!-- This site is optimized with the Yoast SEO Premium plugin v26.6 (Yoast SEO v26.6) - https:\/\/yoast.com\/wordpress\/plugins\/seo\/ -->\n<title>Cubrecalzado blanco de polipropileno no tejido, lote de 100<\/title>\n<meta name=\"description\" content=\"Cubrecalzado blanco de polipropileno no tejido, lote de 100 unidades. Ligeros, pr\u00e1cticos e ideales para proteger los suelos y respetar las normas de higiene.\" \/>\n<meta name=\"robots\" content=\"index, follow, max-snippet:-1, max-image-preview:large, max-video-preview:-1\" \/>\n<link rel=\"canonical\" href=\"https:\/\/www.csj-emballages.com\/es\/produit\/100-en-zapatos-blancos-cubrezapatos\/\" \/>\n<meta property=\"og:locale\" content=\"es_ES\" \/>\n<meta property=\"og:type\" content=\"article\" \/>\n<meta property=\"og:title\" content=\"Cubrecalzado blanco de polipropileno no tejido, lote de 100\" \/>\n<meta property=\"og:description\" content=\"Cubrecalzado blanco de polipropileno no tejido, lote de 100 unidades. Ligeros, pr\u00e1cticos e ideales para proteger los suelos y respetar las normas de higiene.\" \/>\n<meta property=\"og:url\" content=\"https:\/\/www.csj-emballages.com\/es\/produit\/100-en-zapatos-blancos-cubrezapatos\/\" \/>\n<meta property=\"og:site_name\" content=\"CSJ Emballages\" \/>\n<meta property=\"article:publisher\" content=\"https:\/\/www.facebook.com\/csjemballages\" \/>\n<meta property=\"article:modified_time\" content=\"2026-03-19T01:13:39+00:00\" \/>\n<meta property=\"og:image\" content=\"https:\/\/www.csj-emballages.com\/wp-content\/uploads\/2024\/03\/Surchaussure-blanche.webp\" \/>\n\t<meta property=\"og:image:width\" content=\"800\" \/>\n\t<meta property=\"og:image:height\" content=\"800\" \/>\n\t<meta property=\"og:image:type\" content=\"image\/webp\" \/>\n<meta name=\"twitter:card\" content=\"summary_large_image\" \/>\n<meta name=\"twitter:label1\" content=\"Tiempo de lectura\" \/>\n\t<meta name=\"twitter:data1\" content=\"2 minutos\" \/>\n<script type=\"application\/ld+json\" class=\"yoast-schema-graph\">{\"@context\":\"https:\/\/schema.org\",\"@graph\":[{\"@type\":\"WebPage\",\"@id\":\"https:\/\/www.csj-emballages.com\/es\/produit\/100-en-zapatos-blancos-cubrezapatos\/\",\"url\":\"https:\/\/www.csj-emballages.com\/es\/produit\/100-en-zapatos-blancos-cubrezapatos\/\",\"name\":\"Cubrecalzado blanco de polipropileno no tejido, lote de 100\",\"isPartOf\":{\"@id\":\"https:\/\/www.csj-emballages.com\/es\/#website\"},\"primaryImageOfPage\":{\"@id\":\"https:\/\/www.csj-emballages.com\/es\/produit\/100-en-zapatos-blancos-cubrezapatos\/#primaryimage\"},\"image\":{\"@id\":\"https:\/\/www.csj-emballages.com\/es\/produit\/100-en-zapatos-blancos-cubrezapatos\/#primaryimage\"},\"thumbnailUrl\":\"https:\/\/www.csj-emballages.com\/wp-content\/uploads\/2024\/03\/Surchaussure-blanche.webp\",\"datePublished\":\"2024-03-01T15:49:25+00:00\",\"dateModified\":\"2026-03-19T01:13:39+00:00\",\"description\":\"Cubrecalzado blanco de polipropileno no tejido, lote de 100 unidades. Ligeros, pr\u00e1cticos e ideales para proteger los suelos y respetar las normas de higiene.\",\"breadcrumb\":{\"@id\":\"https:\/\/www.csj-emballages.com\/es\/produit\/100-en-zapatos-blancos-cubrezapatos\/#breadcrumb\"},\"inLanguage\":\"es\",\"potentialAction\":[{\"@type\":\"ReadAction\",\"target\":[\"https:\/\/www.csj-emballages.com\/es\/produit\/100-en-zapatos-blancos-cubrezapatos\/\"]}]},{\"@type\":\"ImageObject\",\"inLanguage\":\"es\",\"@id\":\"https:\/\/www.csj-emballages.com\/es\/produit\/100-en-zapatos-blancos-cubrezapatos\/#primaryimage\",\"url\":\"https:\/\/www.csj-emballages.com\/wp-content\/uploads\/2024\/03\/Surchaussure-blanche.webp\",\"contentUrl\":\"https:\/\/www.csj-emballages.com\/wp-content\/uploads\/2024\/03\/Surchaussure-blanche.webp\",\"width\":800,\"height\":800,\"caption\":\"Surchaussure blanche\"},{\"@type\":\"BreadcrumbList\",\"@id\":\"https:\/\/www.csj-emballages.com\/es\/produit\/100-en-zapatos-blancos-cubrezapatos\/#breadcrumb\",\"itemListElement\":[{\"@type\":\"ListItem\",\"position\":1,\"name\":\"Accueil\",\"item\":\"https:\/\/www.csj-emballages.com\/es\/universo-del-envasado-alimentario\/\"},{\"@type\":\"ListItem\",\"position\":2,\"name\":\"Tienda\",\"item\":\"https:\/\/www.csj-emballages.com\/tienda\/\"},{\"@type\":\"ListItem\",\"position\":3,\"name\":\"Cubrecalzado blanco de polipropileno no tejido, lote de 100\"}]},{\"@type\":\"WebSite\",\"@id\":\"https:\/\/www.csj-emballages.com\/es\/#website\",\"url\":\"https:\/\/www.csj-emballages.com\/es\/\",\"name\":\"CSJ Emballages\",\"description\":\"\",\"publisher\":{\"@id\":\"https:\/\/www.csj-emballages.com\/es\/#organization\"},\"potentialAction\":[{\"@type\":\"SearchAction\",\"target\":{\"@type\":\"EntryPoint\",\"urlTemplate\":\"https:\/\/www.csj-emballages.com\/es\/?s={search_term_string}\"},\"query-input\":{\"@type\":\"PropertyValueSpecification\",\"valueRequired\":true,\"valueName\":\"search_term_string\"}}],\"inLanguage\":\"es\"},{\"@type\":\"Organization\",\"@id\":\"https:\/\/www.csj-emballages.com\/es\/#Organization\/\",\"name\":\"CSJ Emballages\",\"url\":\"https:\/\/www.csj-emballages.com\/es\/\",\"logo\":{\"@type\":\"ImageObject\",\"inLanguage\":\"es\",\"@id\":\"https:\/\/www.csj-emballages.com\/es\/#\/schema\/logo\/image\/\",\"url\":\"https:\/\/www.csj-emballages.com\/wp-content\/uploads\/2023\/10\/logo_csj.webp\",\"contentUrl\":\"https:\/\/www.csj-emballages.com\/wp-content\/uploads\/2023\/10\/logo_csj.webp\",\"width\":250,\"height\":95,\"caption\":\"CSJ Emballages\"},\"image\":{\"@id\":\"https:\/\/www.csj-emballages.com\/es\/#\/schema\/logo\/image\/\"},\"sameAs\":[\"https:\/\/www.facebook.com\/csjemballages\"],\"address\":{\"@type\":\"PostalAddress\",\"streetAddress\":\"ZI La Lechere\",\"addressLocality\":\"Patornay\",\"postalCode\":\"39130\",\"addressCountry\":\"FR\"},\"contactPoint\":[{\"@type\":\"ContactPoint\",\"contactType\":\"Service client\",\"telephone\":\"0384254272\",\"email\":\"contact@csj-emballages.com\"}]}]}<\/script>\n<!-- \/ Yoast SEO Premium plugin. -->","yoast_head_json":{"title":"Cubrecalzado blanco de polipropileno no tejido, lote de 100","description":"Cubrecalzado blanco de polipropileno no tejido, lote de 100 unidades. Ligeros, pr\u00e1cticos e ideales para proteger los suelos y respetar las normas de higiene.","robots":{"index":"index","follow":"follow","max-snippet":"max-snippet:-1","max-image-preview":"max-image-preview:large","max-video-preview":"max-video-preview:-1"},"canonical":"https:\/\/www.csj-emballages.com\/es\/produit\/100-en-zapatos-blancos-cubrezapatos\/","og_locale":"es_ES","og_type":"article","og_title":"Cubrecalzado blanco de polipropileno no tejido, lote de 100","og_description":"Cubrecalzado blanco de polipropileno no tejido, lote de 100 unidades. Ligeros, pr\u00e1cticos e ideales para proteger los suelos y respetar las normas de higiene.","og_url":"https:\/\/www.csj-emballages.com\/es\/produit\/100-en-zapatos-blancos-cubrezapatos\/","og_site_name":"CSJ Emballages","article_publisher":"https:\/\/www.facebook.com\/csjemballages","article_modified_time":"2026-03-19T01:13:39+00:00","og_image":[{"width":800,"height":800,"url":"https:\/\/www.csj-emballages.com\/wp-content\/uploads\/2024\/03\/Surchaussure-blanche.webp","type":"image\/webp"}],"twitter_card":"summary_large_image","twitter_misc":{"Tiempo de lectura":"2 minutos"},"schema":{"@context":"https:\/\/schema.org","@graph":[{"@type":"WebPage","@id":"https:\/\/www.csj-emballages.com\/es\/produit\/100-en-zapatos-blancos-cubrezapatos\/","url":"https:\/\/www.csj-emballages.com\/es\/produit\/100-en-zapatos-blancos-cubrezapatos\/","name":"Cubrecalzado blanco de polipropileno no tejido, lote de 100","isPartOf":{"@id":"https:\/\/www.csj-emballages.com\/es\/#website"},"primaryImageOfPage":{"@id":"https:\/\/www.csj-emballages.com\/es\/produit\/100-en-zapatos-blancos-cubrezapatos\/#primaryimage"},"image":{"@id":"https:\/\/www.csj-emballages.com\/es\/produit\/100-en-zapatos-blancos-cubrezapatos\/#primaryimage"},"thumbnailUrl":"https:\/\/www.csj-emballages.com\/wp-content\/uploads\/2024\/03\/Surchaussure-blanche.webp","datePublished":"2024-03-01T15:49:25+00:00","dateModified":"2026-03-19T01:13:39+00:00","description":"Cubrecalzado blanco de polipropileno no tejido, lote de 100 unidades. Ligeros, pr\u00e1cticos e ideales para proteger los suelos y respetar las normas de higiene.","breadcrumb":{"@id":"https:\/\/www.csj-emballages.com\/es\/produit\/100-en-zapatos-blancos-cubrezapatos\/#breadcrumb"},"inLanguage":"es","potentialAction":[{"@type":"ReadAction","target":["https:\/\/www.csj-emballages.com\/es\/produit\/100-en-zapatos-blancos-cubrezapatos\/"]}]},{"@type":"ImageObject","inLanguage":"es","@id":"https:\/\/www.csj-emballages.com\/es\/produit\/100-en-zapatos-blancos-cubrezapatos\/#primaryimage","url":"https:\/\/www.csj-emballages.com\/wp-content\/uploads\/2024\/03\/Surchaussure-blanche.webp","contentUrl":"https:\/\/www.csj-emballages.com\/wp-content\/uploads\/2024\/03\/Surchaussure-blanche.webp","width":800,"height":800,"caption":"Surchaussure blanche"},{"@type":"BreadcrumbList","@id":"https:\/\/www.csj-emballages.com\/es\/produit\/100-en-zapatos-blancos-cubrezapatos\/#breadcrumb","itemListElement":[{"@type":"ListItem","position":1,"name":"Accueil","item":"https:\/\/www.csj-emballages.com\/es\/universo-del-envasado-alimentario\/"},{"@type":"ListItem","position":2,"name":"Tienda","item":"https:\/\/www.csj-emballages.com\/tienda\/"},{"@type":"ListItem","position":3,"name":"Cubrecalzado blanco de polipropileno no tejido, lote de 100"}]},{"@type":"WebSite","@id":"https:\/\/www.csj-emballages.com\/es\/#website","url":"https:\/\/www.csj-emballages.com\/es\/","name":"CSJ Emballages","description":"","publisher":{"@id":"https:\/\/www.csj-emballages.com\/es\/#organization"},"potentialAction":[{"@type":"SearchAction","target":{"@type":"EntryPoint","urlTemplate":"https:\/\/www.csj-emballages.com\/es\/?s={search_term_string}"},"query-input":{"@type":"PropertyValueSpecification","valueRequired":true,"valueName":"search_term_string"}}],"inLanguage":"es"},{"@type":"Organization","@id":"https:\/\/www.csj-emballages.com\/es\/#Organization\/","name":"CSJ Emballages","url":"https:\/\/www.csj-emballages.com\/es\/","logo":{"@type":"ImageObject","inLanguage":"es","@id":"https:\/\/www.csj-emballages.com\/es\/#\/schema\/logo\/image\/","url":"https:\/\/www.csj-emballages.com\/wp-content\/uploads\/2023\/10\/logo_csj.webp","contentUrl":"https:\/\/www.csj-emballages.com\/wp-content\/uploads\/2023\/10\/logo_csj.webp","width":250,"height":95,"caption":"CSJ Emballages"},"image":{"@id":"https:\/\/www.csj-emballages.com\/es\/#\/schema\/logo\/image\/"},"sameAs":["https:\/\/www.facebook.com\/csjemballages"],"address":{"@type":"PostalAddress","streetAddress":"ZI La Lechere","addressLocality":"Patornay","postalCode":"39130","addressCountry":"FR"},"contactPoint":[{"@type":"ContactPoint","contactType":"Service client","telephone":"0384254272","email":"contact@csj-emballages.com"}]}]}},"df_price":6.98,"df_sale_price":"","df_regular_price":6.98,"df_image_link":"https:\/\/www.csj-emballages.com\/wp-content\/uploads\/2024\/03\/Surchaussure-blanche-300x300.webp","tiered_pricing_type":"fixed","tiered_pricing_fixed_rules":[],"tiered_pricing_percentage_rules":[],"tiered_pricing_minimum":1,"tiered_pricing_roles_data":[],"_links":{"self":[{"href":"https:\/\/www.csj-emballages.com\/es\/wp-json\/wp\/v2\/product\/23286","targetHints":{"allow":["GET"]}}],"collection":[{"href":"https:\/\/www.csj-emballages.com\/es\/wp-json\/wp\/v2\/product"}],"about":[{"href":"https:\/\/www.csj-emballages.com\/es\/wp-json\/wp\/v2\/types\/product"}],"wp:featuredmedia":[{"embeddable":true,"href":"https:\/\/www.csj-emballages.com\/es\/wp-json\/wp\/v2\/media\/262802"}],"wp:attachment":[{"href":"https:\/\/www.csj-emballages.com\/es\/wp-json\/wp\/v2\/media?parent=23286"}],"wp:term":[{"taxonomy":"product_brand","embeddable":true,"href":"https:\/\/www.csj-emballages.com\/es\/wp-json\/wp\/v2\/product_brand?post=23286"},{"taxonomy":"product_cat","embeddable":true,"href":"https:\/\/www.csj-emballages.com\/es\/wp-json\/wp\/v2\/product_cat?post=23286"},{"taxonomy":"product_tag","embeddable":true,"href":"https:\/\/www.csj-emballages.com\/es\/wp-json\/wp\/v2\/product_tag?post=23286"}],"curies":[{"name":"wp","href":"https:\/\/api.w.org\/{rel}","templated":true}]}}