{"id":23272,"date":"2024-03-01T16:49:26","date_gmt":"2024-03-01T15:49:26","guid":{"rendered":"https:\/\/u15jnbdpoq.preview.infomaniak.website\/produit\/1000-bolsas-de-papel-impresas-para-patatas-fritas-12-x-12-cm\/"},"modified":"2026-04-14T02:21:00","modified_gmt":"2026-04-14T00:21:00","slug":"1000-bolsas-de-papel-impresas-para-patatas-fritas-12-x-12-cm","status":"publish","type":"product","link":"https:\/\/www.csj-emballages.com\/es\/produit\/1000-bolsas-de-papel-impresas-para-patatas-fritas-12-x-12-cm\/","title":{"rendered":"Bolsa para patatas fritas de papel antigrasa impreso News 12 x 12 cm por 1000"},"content":{"rendered":"<div style=\"font-family: Roboto, sans-serif;background-color: #ffffff\">\n<div style=\"font-family: Roboto, sans-serif;background-color: #ffffff\">\n<div style=\"font-family: Roboto, sans-serif;background-color: #ffffff\">\n<div style=\"font-family: Roboto, sans-serif;background-color: #ffffff\">\n<div style=\"font-family: Roboto, sans-serif;background-color: #ffffff\">\n<div style=\"font-family: Roboto, sans-serif;background-color: #ffffff\">\n<div style=\"font-family: Roboto, sans-serif;background-color: #ffffff\">\n<div style=\"font-family: Roboto, sans-serif;background-color: #ffffff\">\n<div style=\"font-family: Roboto, sans-serif;background-color: #ffffff\">\n<div style=\"font-family: Roboto, sans-serif;background-color: #ffffff\">\n<h2>Fichas<\/h2>\n<hr>\n<h3>Descripci\u00f3n del producto<\/h3>\n<p><!--more--><\/p>\n<p data-start=\"272\" data-end=\"654\">A veces, un simple detalle marca la diferencia. Esta <strong>bolsa para patatas fritas<\/strong> de <strong>papel antigrasa<\/strong> de <strong data-start=\"370\" data-end=\"386\">115 x 120 mm<\/strong> es el ejemplo perfecto. Con su <strong>impresi\u00f3n simp\u00e1tica<\/strong> y su mensaje positivo, atrae inmediatamente la atenci\u00f3n y dibuja una sonrisa antes incluso del primer bocado. Es exactamente ese tipo de peque\u00f1o detalle el que deja huella y hace que la experiencia del cliente sea m\u00e1s agradable.   <\/p>\n<p data-start=\"656\" data-end=\"1017\">Dise\u00f1ada para albergar una <strong>raci\u00f3n de patatas fritas bien doradas<\/strong>, esta bolsa cumple perfectamente su funci\u00f3n. Su <strong>papel antigrasa<\/strong> limita las manchas de aceite, lo que permite un agarre m\u00e1s limpio y c\u00f3modo. Resultado: las patatas fritas permanecen apetitosas, la bolsa no se ablanda demasiado r\u00e1pido y el cliente disfruta plenamente de su degustaci\u00f3n, sin molestias.  <\/p>\n<p data-start=\"1019\" data-end=\"1367\">Gracias a su formato compacto, se adapta f\u00e1cilmente a los servicios r\u00e1pidos, snacks, food trucks, freidur\u00edas o puestos de eventos. Se rellena, se sirve y listo. Sencillo, eficaz, sin p\u00e9rdida de tiempo. Y como se ofrece <strong data-start=\"1248\" data-end=\"1267\">por lote de 2000<\/strong>, asegura un stock fiable para seguir el ritmo de los grandes servicios sin tener que preocuparse.   <\/p>\n<p data-start=\"1369\" data-end=\"1674\">Adem\u00e1s de su lado pr\u00e1ctico, esta <strong>bolsa para patatas fritas<\/strong> aporta un toque c\u00e1lido y agradable a sus ventas para llevar. Humaniza el servicio, refuerza su imagen y demuestra que piensa en los detalles. En resumen, no es solo un embalaje, es un soporte que acompa\u00f1a a su producto hasta el \u00faltimo crujido.  <\/p>\n<p data-start=\"1369\" data-end=\"1674\">\n<p><!--more--><\/p>\n<p><strong>Ventajas :<\/strong><\/p>\n<ul>\n<li data-start=\"1702\" data-end=\"1758\"><strong>Papel antigrasa<\/strong> para un agarre m\u00e1s limpio.<\/li>\n<li data-start=\"1761\" data-end=\"1787\">Impresi\u00f3n divertida y atractiva.<\/li>\n<li data-start=\"1790\" data-end=\"1828\">Formato ideal para <strong>raciones de patatas fritas<\/strong>.<\/li>\n<li data-start=\"1831\" data-end=\"1864\">Utilizaci\u00f3n r\u00e1pida e intuitiva.<\/li>\n<li data-start=\"1867\" data-end=\"1899\">Lote econ\u00f3mico de <strong>2000 bolsas<\/strong>.<\/li>\n<li data-start=\"1902\" data-end=\"1956\">Perfecto para comida r\u00e1pida y venta para llevar.<\/li>\n<\/ul>\n<p>&nbsp;<\/p>\n<p><!--more--><\/p>\n<p><strong>Informaci\u00f3n adicional :  <\/strong><\/p>\n<ul>\n<li><strong>Embalaje<\/strong>: Paquete de 2000<\/li>\n<li><strong>Material<\/strong>: Papel sulfurizado<\/li>\n<li><strong>Dimensiones<\/strong>: 115 x 120 mm<\/li>\n<li><strong>Color<\/strong>: Blanco con estampado<\/li>\n<\/ul>\n<p>&nbsp;<\/p>\n<\/div>\n<\/div>\n<p><!--more--><\/p>\n<div style=\"font-family: Roboto, sans-serif;background-color: #ffffff\">\n<div style=\"font-family: Roboto, sans-serif;background-color: #ffffff\">\n<p><a href=\"https:\/\/www.csj-emballages.com\/es\/categorie-produit\/envasado-de-alimentos\/catering-es\/bolsas-y-papel\/patatas-fritas\/\">Ver el resto de nuestra gama de bolsas para patatas fritas<\/a><\/p>\n<\/div>\n<\/div>\n<\/div>\n<\/div>\n<\/div>\n<\/div>\n<\/div>\n<\/div>\n<\/div>\n<\/div>\n","protected":false},"excerpt":{"rendered":"<p>Fichas Descripci\u00f3n del producto<\/p>\n","protected":false},"featured_media":259900,"template":"","meta":{"_acf_changed":false},"product_brand":[],"product_cat":[1179,3436],"product_tag":[],"class_list":{"0":"post-23272","1":"product","2":"type-product","3":"status-publish","4":"has-post-thumbnail","6":"product_cat-catering-es","7":"product_cat-patatas-fritas","9":"first","10":"outofstock","11":"taxable","12":"shipping-taxable","13":"purchasable","14":"product-type-simple"},"acf":[],"yoast_head":"<!-- This site is optimized with the Yoast SEO Premium plugin v26.6 (Yoast SEO v26.6) - https:\/\/yoast.com\/wordpress\/plugins\/seo\/ -->\n<title>Bolsa para patatas fritas de papel antigrasa impreso - 115 x 120 mm<\/title>\n<meta name=\"description\" content=\"Descubra nuestra bolsa para patatas fritas antigrasa de 115 x 120 mm. \u00a1Ideal para un servicio de comida r\u00e1pida limpio y ecorresponsable!\" \/>\n<meta name=\"robots\" content=\"index, follow, max-snippet:-1, max-image-preview:large, max-video-preview:-1\" \/>\n<link rel=\"canonical\" href=\"https:\/\/www.csj-emballages.com\/es\/produit\/1000-bolsas-de-papel-impresas-para-patatas-fritas-12-x-12-cm\/\" \/>\n<meta property=\"og:locale\" content=\"es_ES\" \/>\n<meta property=\"og:type\" content=\"article\" \/>\n<meta property=\"og:title\" content=\"Bolsa para patatas fritas de papel antigrasa impreso News 12 x 12 cm por 1000\" \/>\n<meta property=\"og:description\" content=\"Descubra nuestra bolsa para patatas fritas antigrasa de 115 x 120 mm. \u00a1Ideal para un servicio de comida r\u00e1pida limpio y ecorresponsable!\" \/>\n<meta property=\"og:url\" content=\"https:\/\/www.csj-emballages.com\/es\/produit\/1000-bolsas-de-papel-impresas-para-patatas-fritas-12-x-12-cm\/\" \/>\n<meta property=\"og:site_name\" content=\"CSJ Emballages\" \/>\n<meta property=\"article:publisher\" content=\"https:\/\/www.facebook.com\/csjemballages\" \/>\n<meta property=\"article:modified_time\" content=\"2026-04-14T00:21:00+00:00\" \/>\n<meta property=\"og:image\" content=\"https:\/\/www.csj-emballages.com\/wp-content\/uploads\/2024\/03\/SCFRITE12.webp\" \/>\n\t<meta property=\"og:image:width\" content=\"800\" \/>\n\t<meta property=\"og:image:height\" content=\"800\" \/>\n\t<meta property=\"og:image:type\" content=\"image\/webp\" \/>\n<meta name=\"twitter:card\" content=\"summary_large_image\" \/>\n<meta name=\"twitter:label1\" content=\"Tiempo de lectura\" \/>\n\t<meta name=\"twitter:data1\" content=\"2 minutos\" \/>\n<script type=\"application\/ld+json\" class=\"yoast-schema-graph\">{\"@context\":\"https:\/\/schema.org\",\"@graph\":[{\"@type\":\"WebPage\",\"@id\":\"https:\/\/www.csj-emballages.com\/es\/produit\/1000-bolsas-de-papel-impresas-para-patatas-fritas-12-x-12-cm\/\",\"url\":\"https:\/\/www.csj-emballages.com\/es\/produit\/1000-bolsas-de-papel-impresas-para-patatas-fritas-12-x-12-cm\/\",\"name\":\"Bolsa para patatas fritas de papel antigrasa impreso - 115 x 120 mm\",\"isPartOf\":{\"@id\":\"https:\/\/www.csj-emballages.com\/es\/#website\"},\"primaryImageOfPage\":{\"@id\":\"https:\/\/www.csj-emballages.com\/es\/produit\/1000-bolsas-de-papel-impresas-para-patatas-fritas-12-x-12-cm\/#primaryimage\"},\"image\":{\"@id\":\"https:\/\/www.csj-emballages.com\/es\/produit\/1000-bolsas-de-papel-impresas-para-patatas-fritas-12-x-12-cm\/#primaryimage\"},\"thumbnailUrl\":\"https:\/\/www.csj-emballages.com\/wp-content\/uploads\/2024\/03\/SCFRITE12.webp\",\"datePublished\":\"2024-03-01T15:49:26+00:00\",\"dateModified\":\"2026-04-14T00:21:00+00:00\",\"description\":\"Descubra nuestra bolsa para patatas fritas antigrasa de 115 x 120 mm. \u00a1Ideal para un servicio de comida r\u00e1pida limpio y ecorresponsable!\",\"breadcrumb\":{\"@id\":\"https:\/\/www.csj-emballages.com\/es\/produit\/1000-bolsas-de-papel-impresas-para-patatas-fritas-12-x-12-cm\/#breadcrumb\"},\"inLanguage\":\"es\",\"potentialAction\":[{\"@type\":\"ReadAction\",\"target\":[\"https:\/\/www.csj-emballages.com\/es\/produit\/1000-bolsas-de-papel-impresas-para-patatas-fritas-12-x-12-cm\/\"]}]},{\"@type\":\"ImageObject\",\"inLanguage\":\"es\",\"@id\":\"https:\/\/www.csj-emballages.com\/es\/produit\/1000-bolsas-de-papel-impresas-para-patatas-fritas-12-x-12-cm\/#primaryimage\",\"url\":\"https:\/\/www.csj-emballages.com\/wp-content\/uploads\/2024\/03\/SCFRITE12.webp\",\"contentUrl\":\"https:\/\/www.csj-emballages.com\/wp-content\/uploads\/2024\/03\/SCFRITE12.webp\",\"width\":800,\"height\":800,\"caption\":\"Sachet frite\"},{\"@type\":\"BreadcrumbList\",\"@id\":\"https:\/\/www.csj-emballages.com\/es\/produit\/1000-bolsas-de-papel-impresas-para-patatas-fritas-12-x-12-cm\/#breadcrumb\",\"itemListElement\":[{\"@type\":\"ListItem\",\"position\":1,\"name\":\"Accueil\",\"item\":\"https:\/\/www.csj-emballages.com\/es\/universo-del-envasado-alimentario\/\"},{\"@type\":\"ListItem\",\"position\":2,\"name\":\"Tienda\",\"item\":\"https:\/\/www.csj-emballages.com\/tienda\/\"},{\"@type\":\"ListItem\",\"position\":3,\"name\":\"Bolsa para patatas fritas de papel antigrasa impreso News 12 x 12 cm por 1000\"}]},{\"@type\":\"WebSite\",\"@id\":\"https:\/\/www.csj-emballages.com\/es\/#website\",\"url\":\"https:\/\/www.csj-emballages.com\/es\/\",\"name\":\"CSJ Emballages\",\"description\":\"\",\"publisher\":{\"@id\":\"https:\/\/www.csj-emballages.com\/es\/#organization\"},\"potentialAction\":[{\"@type\":\"SearchAction\",\"target\":{\"@type\":\"EntryPoint\",\"urlTemplate\":\"https:\/\/www.csj-emballages.com\/es\/?s={search_term_string}\"},\"query-input\":{\"@type\":\"PropertyValueSpecification\",\"valueRequired\":true,\"valueName\":\"search_term_string\"}}],\"inLanguage\":\"es\"},{\"@type\":\"Organization\",\"@id\":\"https:\/\/www.csj-emballages.com\/es\/#Organization\/\",\"name\":\"CSJ Emballages\",\"url\":\"https:\/\/www.csj-emballages.com\/es\/\",\"logo\":{\"@type\":\"ImageObject\",\"inLanguage\":\"es\",\"@id\":\"https:\/\/www.csj-emballages.com\/es\/#\/schema\/logo\/image\/\",\"url\":\"https:\/\/www.csj-emballages.com\/wp-content\/uploads\/2023\/10\/logo_csj.webp\",\"contentUrl\":\"https:\/\/www.csj-emballages.com\/wp-content\/uploads\/2023\/10\/logo_csj.webp\",\"width\":250,\"height\":95,\"caption\":\"CSJ Emballages\"},\"image\":{\"@id\":\"https:\/\/www.csj-emballages.com\/es\/#\/schema\/logo\/image\/\"},\"sameAs\":[\"https:\/\/www.facebook.com\/csjemballages\"],\"address\":{\"@type\":\"PostalAddress\",\"streetAddress\":\"ZI La Lechere\",\"addressLocality\":\"Patornay\",\"postalCode\":\"39130\",\"addressCountry\":\"FR\"},\"contactPoint\":[{\"@type\":\"ContactPoint\",\"contactType\":\"Service client\",\"telephone\":\"0384254272\",\"email\":\"contact@csj-emballages.com\"}]}]}<\/script>\n<!-- \/ Yoast SEO Premium plugin. -->","yoast_head_json":{"title":"Bolsa para patatas fritas de papel antigrasa impreso - 115 x 120 mm","description":"Descubra nuestra bolsa para patatas fritas antigrasa de 115 x 120 mm. \u00a1Ideal para un servicio de comida r\u00e1pida limpio y ecorresponsable!","robots":{"index":"index","follow":"follow","max-snippet":"max-snippet:-1","max-image-preview":"max-image-preview:large","max-video-preview":"max-video-preview:-1"},"canonical":"https:\/\/www.csj-emballages.com\/es\/produit\/1000-bolsas-de-papel-impresas-para-patatas-fritas-12-x-12-cm\/","og_locale":"es_ES","og_type":"article","og_title":"Bolsa para patatas fritas de papel antigrasa impreso News 12 x 12 cm por 1000","og_description":"Descubra nuestra bolsa para patatas fritas antigrasa de 115 x 120 mm. \u00a1Ideal para un servicio de comida r\u00e1pida limpio y ecorresponsable!","og_url":"https:\/\/www.csj-emballages.com\/es\/produit\/1000-bolsas-de-papel-impresas-para-patatas-fritas-12-x-12-cm\/","og_site_name":"CSJ Emballages","article_publisher":"https:\/\/www.facebook.com\/csjemballages","article_modified_time":"2026-04-14T00:21:00+00:00","og_image":[{"width":800,"height":800,"url":"https:\/\/www.csj-emballages.com\/wp-content\/uploads\/2024\/03\/SCFRITE12.webp","type":"image\/webp"}],"twitter_card":"summary_large_image","twitter_misc":{"Tiempo de lectura":"2 minutos"},"schema":{"@context":"https:\/\/schema.org","@graph":[{"@type":"WebPage","@id":"https:\/\/www.csj-emballages.com\/es\/produit\/1000-bolsas-de-papel-impresas-para-patatas-fritas-12-x-12-cm\/","url":"https:\/\/www.csj-emballages.com\/es\/produit\/1000-bolsas-de-papel-impresas-para-patatas-fritas-12-x-12-cm\/","name":"Bolsa para patatas fritas de papel antigrasa impreso - 115 x 120 mm","isPartOf":{"@id":"https:\/\/www.csj-emballages.com\/es\/#website"},"primaryImageOfPage":{"@id":"https:\/\/www.csj-emballages.com\/es\/produit\/1000-bolsas-de-papel-impresas-para-patatas-fritas-12-x-12-cm\/#primaryimage"},"image":{"@id":"https:\/\/www.csj-emballages.com\/es\/produit\/1000-bolsas-de-papel-impresas-para-patatas-fritas-12-x-12-cm\/#primaryimage"},"thumbnailUrl":"https:\/\/www.csj-emballages.com\/wp-content\/uploads\/2024\/03\/SCFRITE12.webp","datePublished":"2024-03-01T15:49:26+00:00","dateModified":"2026-04-14T00:21:00+00:00","description":"Descubra nuestra bolsa para patatas fritas antigrasa de 115 x 120 mm. \u00a1Ideal para un servicio de comida r\u00e1pida limpio y ecorresponsable!","breadcrumb":{"@id":"https:\/\/www.csj-emballages.com\/es\/produit\/1000-bolsas-de-papel-impresas-para-patatas-fritas-12-x-12-cm\/#breadcrumb"},"inLanguage":"es","potentialAction":[{"@type":"ReadAction","target":["https:\/\/www.csj-emballages.com\/es\/produit\/1000-bolsas-de-papel-impresas-para-patatas-fritas-12-x-12-cm\/"]}]},{"@type":"ImageObject","inLanguage":"es","@id":"https:\/\/www.csj-emballages.com\/es\/produit\/1000-bolsas-de-papel-impresas-para-patatas-fritas-12-x-12-cm\/#primaryimage","url":"https:\/\/www.csj-emballages.com\/wp-content\/uploads\/2024\/03\/SCFRITE12.webp","contentUrl":"https:\/\/www.csj-emballages.com\/wp-content\/uploads\/2024\/03\/SCFRITE12.webp","width":800,"height":800,"caption":"Sachet frite"},{"@type":"BreadcrumbList","@id":"https:\/\/www.csj-emballages.com\/es\/produit\/1000-bolsas-de-papel-impresas-para-patatas-fritas-12-x-12-cm\/#breadcrumb","itemListElement":[{"@type":"ListItem","position":1,"name":"Accueil","item":"https:\/\/www.csj-emballages.com\/es\/universo-del-envasado-alimentario\/"},{"@type":"ListItem","position":2,"name":"Tienda","item":"https:\/\/www.csj-emballages.com\/tienda\/"},{"@type":"ListItem","position":3,"name":"Bolsa para patatas fritas de papel antigrasa impreso News 12 x 12 cm por 1000"}]},{"@type":"WebSite","@id":"https:\/\/www.csj-emballages.com\/es\/#website","url":"https:\/\/www.csj-emballages.com\/es\/","name":"CSJ Emballages","description":"","publisher":{"@id":"https:\/\/www.csj-emballages.com\/es\/#organization"},"potentialAction":[{"@type":"SearchAction","target":{"@type":"EntryPoint","urlTemplate":"https:\/\/www.csj-emballages.com\/es\/?s={search_term_string}"},"query-input":{"@type":"PropertyValueSpecification","valueRequired":true,"valueName":"search_term_string"}}],"inLanguage":"es"},{"@type":"Organization","@id":"https:\/\/www.csj-emballages.com\/es\/#Organization\/","name":"CSJ Emballages","url":"https:\/\/www.csj-emballages.com\/es\/","logo":{"@type":"ImageObject","inLanguage":"es","@id":"https:\/\/www.csj-emballages.com\/es\/#\/schema\/logo\/image\/","url":"https:\/\/www.csj-emballages.com\/wp-content\/uploads\/2023\/10\/logo_csj.webp","contentUrl":"https:\/\/www.csj-emballages.com\/wp-content\/uploads\/2023\/10\/logo_csj.webp","width":250,"height":95,"caption":"CSJ Emballages"},"image":{"@id":"https:\/\/www.csj-emballages.com\/es\/#\/schema\/logo\/image\/"},"sameAs":["https:\/\/www.facebook.com\/csjemballages"],"address":{"@type":"PostalAddress","streetAddress":"ZI La Lechere","addressLocality":"Patornay","postalCode":"39130","addressCountry":"FR"},"contactPoint":[{"@type":"ContactPoint","contactType":"Service client","telephone":"0384254272","email":"contact@csj-emballages.com"}]}]}},"df_price":17.96,"df_sale_price":"","df_regular_price":17.96,"df_image_link":"https:\/\/www.csj-emballages.com\/wp-content\/uploads\/2024\/03\/SCFRITE12-300x300.webp","tiered_pricing_type":"fixed","tiered_pricing_fixed_rules":[],"tiered_pricing_percentage_rules":[],"tiered_pricing_minimum":1,"tiered_pricing_roles_data":[],"_links":{"self":[{"href":"https:\/\/www.csj-emballages.com\/es\/wp-json\/wp\/v2\/product\/23272","targetHints":{"allow":["GET"]}}],"collection":[{"href":"https:\/\/www.csj-emballages.com\/es\/wp-json\/wp\/v2\/product"}],"about":[{"href":"https:\/\/www.csj-emballages.com\/es\/wp-json\/wp\/v2\/types\/product"}],"wp:featuredmedia":[{"embeddable":true,"href":"https:\/\/www.csj-emballages.com\/es\/wp-json\/wp\/v2\/media\/259900"}],"wp:attachment":[{"href":"https:\/\/www.csj-emballages.com\/es\/wp-json\/wp\/v2\/media?parent=23272"}],"wp:term":[{"taxonomy":"product_brand","embeddable":true,"href":"https:\/\/www.csj-emballages.com\/es\/wp-json\/wp\/v2\/product_brand?post=23272"},{"taxonomy":"product_cat","embeddable":true,"href":"https:\/\/www.csj-emballages.com\/es\/wp-json\/wp\/v2\/product_cat?post=23272"},{"taxonomy":"product_tag","embeddable":true,"href":"https:\/\/www.csj-emballages.com\/es\/wp-json\/wp\/v2\/product_tag?post=23272"}],"curies":[{"name":"wp","href":"https:\/\/api.w.org\/{rel}","templated":true}]}}