{"id":23263,"date":"2024-03-01T16:49:26","date_gmt":"2024-03-01T15:49:26","guid":{"rendered":"https:\/\/u15jnbdpoq.preview.infomaniak.website\/produit\/100-en-zapatos-azules-cubrezapatos\/"},"modified":"2026-04-04T02:15:12","modified_gmt":"2026-04-04T00:15:12","slug":"100-en-zapatos-azules-cubrezapatos","status":"publish","type":"product","link":"https:\/\/www.csj-emballages.com\/es\/produit\/100-en-zapatos-azules-cubrezapatos\/","title":{"rendered":"Cubrecalzado azul CPE de polietileno por 100"},"content":{"rendered":"<h2>Cubrecalzado azul<\/h2>\n<hr>\n<h3>Descubra nuestro cubrecalzado azul CPE de polietileno por 100<\/h3>\n<p><!--more--><\/p>\n<p data-start=\"205\" data-end=\"586\">Estos <strong data-start=\"209\" data-end=\"253\">cubrecalzados azules de CPE de polietileno<\/strong> son la soluci\u00f3n sencilla y eficaz para proteger los suelos y limitar las contaminaciones. Se colocan r\u00e1pidamente y crean una barrera inmediata entre el calzado y el entorno, lo que permite mantener los espacios limpios sin esfuerzo. Desde los primeros pasos, aseguran una protecci\u00f3n fiable a la vez que siguen siendo ligeros.  <\/p>\n<p data-start=\"588\" data-end=\"961\">Fabricados en <strong data-start=\"602\" data-end=\"622\">polietileno CPE<\/strong>, ofrecen una buena resistencia a la humedad y a la suciedad del d\u00eda a d\u00eda. Su <strong>material flexible se adapta al calzado<\/strong> sin comprimirlo, lo que hace que llevarlos sea c\u00f3modo incluso durante desplazamientos frecuentes. Gracias a su <strong data-start=\"845\" data-end=\"861\">color azul<\/strong>, son f\u00e1cilmente identificables, una verdadera ventaja en las zonas donde la higiene debe estar controlada.  <\/p>\n<p data-start=\"963\" data-end=\"1350\">Adem\u00e1s, su sujeci\u00f3n est\u00e1 asegurada por un <strong>el\u00e1stico discreto<\/strong> pero eficaz, que impide que el cubrecalzado se deslice al caminar. Son perfectos para entornos <strong>m\u00e9dicos, laboratorios, industrias, visitas a sitios<\/strong> <strong>sensibles<\/strong> o incluso para los <strong>sectores agroalimentarios<\/strong>. Su uso es intuitivo, lo que permite ahorrar tiempo al entrar en las zonas protegidas.  <\/p>\n<p data-start=\"1352\" data-end=\"1644\">Vendidos <strong data-start=\"1360\" data-end=\"1378\">por lote de 100<\/strong>, estos <strong>cubrecalzados<\/strong> responden a las necesidades de los profesionales, as\u00ed como a los usos puntuales. Se almacenan f\u00e1cilmente y siempre est\u00e1n listos para usar. Es una soluci\u00f3n pr\u00e1ctica para asegurar unas condiciones de higiene constantes sin multiplicar las limitaciones.  <\/p>\n<p data-start=\"1646\" data-end=\"1786\">En resumen, estos <strong>cubrecalzados azules<\/strong> combinan sencillez, eficacia y comodidad, para una protecci\u00f3n discreta pero indispensable en el d\u00eda a d\u00eda.<\/p>\n<p data-start=\"1518\" data-end=\"1743\"><!--more--><\/p>\n<h4 data-start=\"1518\" data-end=\"1743\">Ventajas :<\/h4>\n<ul>\n<li data-start=\"1771\" data-end=\"1817\"><strong>Material de polietileno<\/strong> ligero y resistente.<\/li>\n<li data-start=\"1820\" data-end=\"1843\">Instalaci\u00f3n r\u00e1pida.<\/li>\n<li data-start=\"1846\" data-end=\"1877\">Buena sujeci\u00f3n al calzado.<\/li>\n<li data-start=\"1880\" data-end=\"1920\">Adaptados a numerosos entornos.<\/li>\n<li data-start=\"1923\" data-end=\"1973\">Color azul, aspecto limpio y profesional.<\/li>\n<li data-start=\"1976\" data-end=\"2005\">Lote econ\u00f3mico de <strong>100 unidades<\/strong>.<\/li>\n<\/ul>\n<p>&nbsp;<\/p>\n<p><!--more--><\/p>\n<h4>Informaci\u00f3n adicional :<\/h4>\n<ul>\n<li><strong>Embalaje<\/strong>: Paquete de 100<\/li>\n<li><strong>Dimensiones<\/strong>: 17 x 41 cm<\/li>\n<li><strong>Grosor<\/strong>: 25\u00b5<\/li>\n<li><strong>Color<\/strong>: Azul<\/li>\n<li><strong>Material<\/strong>: Polietileno<\/li>\n<\/ul>\n<p>&nbsp;<\/p>\n<p><!--more--><\/p>\n<p>Estos cubrecalzados azules tambi\u00e9n est\u00e1n disponibles en blanco: <span style=\"color: #d12727;\"><a style=\"color: #d12727;\" href=\"https:\/\/www.csj-emballages.com\/produit\/100-sur-chaussures-couvre-chaussures-blanches\/?_gl=1*wv2dl5*_up*MQ..*_ga*MTQ1MjkxNTU4MC4xNzY5Njk2NDAy*_ga_YNVJLRSSZT*czE3Njk2OTY0MDEkbzEkZzAkdDE3Njk2OTY0MDEkajYwJGwwJGgxMDM5NDc5NjA0\">SCHAUBL<\/a><\/span><\/p>\n<p>&nbsp;<\/p>\n<p><!--more--><\/p>\n<p><a href=\"https:\/\/www.csj-emballages.com\/categorie-produit\/hygiene-et-entretiens\/equipements-individuels\/surchaussures\/?_gl=1*joil33*_up*MQ..*_ga*NTY5Mzc2OTM0LjE3Njk2OTYyNzA.*_ga_YNVJLRSSZT*czE3Njk2OTYyNzAkbzEkZzAkdDE3Njk2OTYyNzAkajYwJGwwJGgxMjg2MzU5Nzk2\">Consulte el resto de nuestra gama de cubrezapatillas<\/a><\/p>\n","protected":false},"excerpt":{"rendered":"<p>Cubrecalzado azul Descubra nuestro cubrecalzado azul CPE de polietileno por 100<\/p>\n","protected":false},"featured_media":262808,"template":"","meta":{"_acf_changed":false},"product_brand":[],"product_cat":[1226,2325,3430],"product_tag":[],"class_list":{"0":"post-23263","1":"product","2":"type-product","3":"status-publish","4":"has-post-thumbnail","6":"product_cat-higiene-y-mantenimiento","7":"product_cat-equipamiento-individual","8":"product_cat-sobrecalzado","10":"first","11":"instock","12":"taxable","13":"shipping-taxable","14":"purchasable","15":"product-type-simple"},"acf":[],"yoast_head":"<!-- This site is optimized with the Yoast SEO Premium plugin v26.6 (Yoast SEO v26.6) - https:\/\/yoast.com\/wordpress\/plugins\/seo\/ -->\n<title>Cubrecalzado azul CPE de polietileno por 100<\/title>\n<meta name=\"description\" content=\"Cubrecalzado azul CPE de polietileno vendido por 100. Protecci\u00f3n eficaz de los suelos, colocaci\u00f3n r\u00e1pida y adaptado a entornos exigentes.\" \/>\n<meta name=\"robots\" content=\"index, follow, max-snippet:-1, max-image-preview:large, max-video-preview:-1\" \/>\n<link rel=\"canonical\" href=\"https:\/\/www.csj-emballages.com\/es\/produit\/100-en-zapatos-azules-cubrezapatos\/\" \/>\n<meta property=\"og:locale\" content=\"es_ES\" \/>\n<meta property=\"og:type\" content=\"article\" \/>\n<meta property=\"og:title\" content=\"Cubrecalzado azul CPE de polietileno por 100\" \/>\n<meta property=\"og:description\" content=\"Cubrecalzado azul CPE de polietileno vendido por 100. Protecci\u00f3n eficaz de los suelos, colocaci\u00f3n r\u00e1pida y adaptado a entornos exigentes.\" \/>\n<meta property=\"og:url\" content=\"https:\/\/www.csj-emballages.com\/es\/produit\/100-en-zapatos-azules-cubrezapatos\/\" \/>\n<meta property=\"og:site_name\" content=\"CSJ Emballages\" \/>\n<meta property=\"article:publisher\" content=\"https:\/\/www.facebook.com\/csjemballages\" \/>\n<meta property=\"article:modified_time\" content=\"2026-04-04T00:15:12+00:00\" \/>\n<meta property=\"og:image\" content=\"https:\/\/www.csj-emballages.com\/wp-content\/uploads\/2024\/03\/Surchaussure-bleu.webp\" \/>\n\t<meta property=\"og:image:width\" content=\"800\" \/>\n\t<meta property=\"og:image:height\" content=\"800\" \/>\n\t<meta property=\"og:image:type\" content=\"image\/webp\" \/>\n<meta name=\"twitter:card\" content=\"summary_large_image\" \/>\n<meta name=\"twitter:label1\" content=\"Tiempo de lectura\" \/>\n\t<meta name=\"twitter:data1\" content=\"2 minutos\" \/>\n<script type=\"application\/ld+json\" class=\"yoast-schema-graph\">{\"@context\":\"https:\/\/schema.org\",\"@graph\":[{\"@type\":\"WebPage\",\"@id\":\"https:\/\/www.csj-emballages.com\/es\/produit\/100-en-zapatos-azules-cubrezapatos\/\",\"url\":\"https:\/\/www.csj-emballages.com\/es\/produit\/100-en-zapatos-azules-cubrezapatos\/\",\"name\":\"Cubrecalzado azul CPE de polietileno por 100\",\"isPartOf\":{\"@id\":\"https:\/\/www.csj-emballages.com\/es\/#website\"},\"primaryImageOfPage\":{\"@id\":\"https:\/\/www.csj-emballages.com\/es\/produit\/100-en-zapatos-azules-cubrezapatos\/#primaryimage\"},\"image\":{\"@id\":\"https:\/\/www.csj-emballages.com\/es\/produit\/100-en-zapatos-azules-cubrezapatos\/#primaryimage\"},\"thumbnailUrl\":\"https:\/\/www.csj-emballages.com\/wp-content\/uploads\/2024\/03\/Surchaussure-bleu.webp\",\"datePublished\":\"2024-03-01T15:49:26+00:00\",\"dateModified\":\"2026-04-04T00:15:12+00:00\",\"description\":\"Cubrecalzado azul CPE de polietileno vendido por 100. Protecci\u00f3n eficaz de los suelos, colocaci\u00f3n r\u00e1pida y adaptado a entornos exigentes.\",\"breadcrumb\":{\"@id\":\"https:\/\/www.csj-emballages.com\/es\/produit\/100-en-zapatos-azules-cubrezapatos\/#breadcrumb\"},\"inLanguage\":\"es\",\"potentialAction\":[{\"@type\":\"ReadAction\",\"target\":[\"https:\/\/www.csj-emballages.com\/es\/produit\/100-en-zapatos-azules-cubrezapatos\/\"]}]},{\"@type\":\"ImageObject\",\"inLanguage\":\"es\",\"@id\":\"https:\/\/www.csj-emballages.com\/es\/produit\/100-en-zapatos-azules-cubrezapatos\/#primaryimage\",\"url\":\"https:\/\/www.csj-emballages.com\/wp-content\/uploads\/2024\/03\/Surchaussure-bleu.webp\",\"contentUrl\":\"https:\/\/www.csj-emballages.com\/wp-content\/uploads\/2024\/03\/Surchaussure-bleu.webp\",\"width\":800,\"height\":800,\"caption\":\"Surchaussure bleu\"},{\"@type\":\"BreadcrumbList\",\"@id\":\"https:\/\/www.csj-emballages.com\/es\/produit\/100-en-zapatos-azules-cubrezapatos\/#breadcrumb\",\"itemListElement\":[{\"@type\":\"ListItem\",\"position\":1,\"name\":\"Accueil\",\"item\":\"https:\/\/www.csj-emballages.com\/es\/universo-del-envasado-alimentario\/\"},{\"@type\":\"ListItem\",\"position\":2,\"name\":\"Tienda\",\"item\":\"https:\/\/www.csj-emballages.com\/tienda\/\"},{\"@type\":\"ListItem\",\"position\":3,\"name\":\"Cubrecalzado azul CPE de polietileno por 100\"}]},{\"@type\":\"WebSite\",\"@id\":\"https:\/\/www.csj-emballages.com\/es\/#website\",\"url\":\"https:\/\/www.csj-emballages.com\/es\/\",\"name\":\"CSJ Emballages\",\"description\":\"\",\"publisher\":{\"@id\":\"https:\/\/www.csj-emballages.com\/es\/#organization\"},\"potentialAction\":[{\"@type\":\"SearchAction\",\"target\":{\"@type\":\"EntryPoint\",\"urlTemplate\":\"https:\/\/www.csj-emballages.com\/es\/?s={search_term_string}\"},\"query-input\":{\"@type\":\"PropertyValueSpecification\",\"valueRequired\":true,\"valueName\":\"search_term_string\"}}],\"inLanguage\":\"es\"},{\"@type\":\"Organization\",\"@id\":\"https:\/\/www.csj-emballages.com\/es\/#Organization\/\",\"name\":\"CSJ Emballages\",\"url\":\"https:\/\/www.csj-emballages.com\/es\/\",\"logo\":{\"@type\":\"ImageObject\",\"inLanguage\":\"es\",\"@id\":\"https:\/\/www.csj-emballages.com\/es\/#\/schema\/logo\/image\/\",\"url\":\"https:\/\/www.csj-emballages.com\/wp-content\/uploads\/2023\/10\/logo_csj.webp\",\"contentUrl\":\"https:\/\/www.csj-emballages.com\/wp-content\/uploads\/2023\/10\/logo_csj.webp\",\"width\":250,\"height\":95,\"caption\":\"CSJ Emballages\"},\"image\":{\"@id\":\"https:\/\/www.csj-emballages.com\/es\/#\/schema\/logo\/image\/\"},\"sameAs\":[\"https:\/\/www.facebook.com\/csjemballages\"],\"address\":{\"@type\":\"PostalAddress\",\"streetAddress\":\"ZI La Lechere\",\"addressLocality\":\"Patornay\",\"postalCode\":\"39130\",\"addressCountry\":\"FR\"},\"contactPoint\":[{\"@type\":\"ContactPoint\",\"contactType\":\"Service client\",\"telephone\":\"0384254272\",\"email\":\"contact@csj-emballages.com\"}]}]}<\/script>\n<!-- \/ Yoast SEO Premium plugin. -->","yoast_head_json":{"title":"Cubrecalzado azul CPE de polietileno por 100","description":"Cubrecalzado azul CPE de polietileno vendido por 100. Protecci\u00f3n eficaz de los suelos, colocaci\u00f3n r\u00e1pida y adaptado a entornos exigentes.","robots":{"index":"index","follow":"follow","max-snippet":"max-snippet:-1","max-image-preview":"max-image-preview:large","max-video-preview":"max-video-preview:-1"},"canonical":"https:\/\/www.csj-emballages.com\/es\/produit\/100-en-zapatos-azules-cubrezapatos\/","og_locale":"es_ES","og_type":"article","og_title":"Cubrecalzado azul CPE de polietileno por 100","og_description":"Cubrecalzado azul CPE de polietileno vendido por 100. Protecci\u00f3n eficaz de los suelos, colocaci\u00f3n r\u00e1pida y adaptado a entornos exigentes.","og_url":"https:\/\/www.csj-emballages.com\/es\/produit\/100-en-zapatos-azules-cubrezapatos\/","og_site_name":"CSJ Emballages","article_publisher":"https:\/\/www.facebook.com\/csjemballages","article_modified_time":"2026-04-04T00:15:12+00:00","og_image":[{"width":800,"height":800,"url":"https:\/\/www.csj-emballages.com\/wp-content\/uploads\/2024\/03\/Surchaussure-bleu.webp","type":"image\/webp"}],"twitter_card":"summary_large_image","twitter_misc":{"Tiempo de lectura":"2 minutos"},"schema":{"@context":"https:\/\/schema.org","@graph":[{"@type":"WebPage","@id":"https:\/\/www.csj-emballages.com\/es\/produit\/100-en-zapatos-azules-cubrezapatos\/","url":"https:\/\/www.csj-emballages.com\/es\/produit\/100-en-zapatos-azules-cubrezapatos\/","name":"Cubrecalzado azul CPE de polietileno por 100","isPartOf":{"@id":"https:\/\/www.csj-emballages.com\/es\/#website"},"primaryImageOfPage":{"@id":"https:\/\/www.csj-emballages.com\/es\/produit\/100-en-zapatos-azules-cubrezapatos\/#primaryimage"},"image":{"@id":"https:\/\/www.csj-emballages.com\/es\/produit\/100-en-zapatos-azules-cubrezapatos\/#primaryimage"},"thumbnailUrl":"https:\/\/www.csj-emballages.com\/wp-content\/uploads\/2024\/03\/Surchaussure-bleu.webp","datePublished":"2024-03-01T15:49:26+00:00","dateModified":"2026-04-04T00:15:12+00:00","description":"Cubrecalzado azul CPE de polietileno vendido por 100. Protecci\u00f3n eficaz de los suelos, colocaci\u00f3n r\u00e1pida y adaptado a entornos exigentes.","breadcrumb":{"@id":"https:\/\/www.csj-emballages.com\/es\/produit\/100-en-zapatos-azules-cubrezapatos\/#breadcrumb"},"inLanguage":"es","potentialAction":[{"@type":"ReadAction","target":["https:\/\/www.csj-emballages.com\/es\/produit\/100-en-zapatos-azules-cubrezapatos\/"]}]},{"@type":"ImageObject","inLanguage":"es","@id":"https:\/\/www.csj-emballages.com\/es\/produit\/100-en-zapatos-azules-cubrezapatos\/#primaryimage","url":"https:\/\/www.csj-emballages.com\/wp-content\/uploads\/2024\/03\/Surchaussure-bleu.webp","contentUrl":"https:\/\/www.csj-emballages.com\/wp-content\/uploads\/2024\/03\/Surchaussure-bleu.webp","width":800,"height":800,"caption":"Surchaussure bleu"},{"@type":"BreadcrumbList","@id":"https:\/\/www.csj-emballages.com\/es\/produit\/100-en-zapatos-azules-cubrezapatos\/#breadcrumb","itemListElement":[{"@type":"ListItem","position":1,"name":"Accueil","item":"https:\/\/www.csj-emballages.com\/es\/universo-del-envasado-alimentario\/"},{"@type":"ListItem","position":2,"name":"Tienda","item":"https:\/\/www.csj-emballages.com\/tienda\/"},{"@type":"ListItem","position":3,"name":"Cubrecalzado azul CPE de polietileno por 100"}]},{"@type":"WebSite","@id":"https:\/\/www.csj-emballages.com\/es\/#website","url":"https:\/\/www.csj-emballages.com\/es\/","name":"CSJ Emballages","description":"","publisher":{"@id":"https:\/\/www.csj-emballages.com\/es\/#organization"},"potentialAction":[{"@type":"SearchAction","target":{"@type":"EntryPoint","urlTemplate":"https:\/\/www.csj-emballages.com\/es\/?s={search_term_string}"},"query-input":{"@type":"PropertyValueSpecification","valueRequired":true,"valueName":"search_term_string"}}],"inLanguage":"es"},{"@type":"Organization","@id":"https:\/\/www.csj-emballages.com\/es\/#Organization\/","name":"CSJ Emballages","url":"https:\/\/www.csj-emballages.com\/es\/","logo":{"@type":"ImageObject","inLanguage":"es","@id":"https:\/\/www.csj-emballages.com\/es\/#\/schema\/logo\/image\/","url":"https:\/\/www.csj-emballages.com\/wp-content\/uploads\/2023\/10\/logo_csj.webp","contentUrl":"https:\/\/www.csj-emballages.com\/wp-content\/uploads\/2023\/10\/logo_csj.webp","width":250,"height":95,"caption":"CSJ Emballages"},"image":{"@id":"https:\/\/www.csj-emballages.com\/es\/#\/schema\/logo\/image\/"},"sameAs":["https:\/\/www.facebook.com\/csjemballages"],"address":{"@type":"PostalAddress","streetAddress":"ZI La Lechere","addressLocality":"Patornay","postalCode":"39130","addressCountry":"FR"},"contactPoint":[{"@type":"ContactPoint","contactType":"Service client","telephone":"0384254272","email":"contact@csj-emballages.com"}]}]}},"df_price":2.53,"df_sale_price":"","df_regular_price":2.53,"df_image_link":"https:\/\/www.csj-emballages.com\/wp-content\/uploads\/2024\/03\/Surchaussure-bleu-300x300.webp","tiered_pricing_type":"fixed","tiered_pricing_fixed_rules":[],"tiered_pricing_percentage_rules":[],"tiered_pricing_minimum":1,"tiered_pricing_roles_data":[],"_links":{"self":[{"href":"https:\/\/www.csj-emballages.com\/es\/wp-json\/wp\/v2\/product\/23263","targetHints":{"allow":["GET"]}}],"collection":[{"href":"https:\/\/www.csj-emballages.com\/es\/wp-json\/wp\/v2\/product"}],"about":[{"href":"https:\/\/www.csj-emballages.com\/es\/wp-json\/wp\/v2\/types\/product"}],"wp:featuredmedia":[{"embeddable":true,"href":"https:\/\/www.csj-emballages.com\/es\/wp-json\/wp\/v2\/media\/262808"}],"wp:attachment":[{"href":"https:\/\/www.csj-emballages.com\/es\/wp-json\/wp\/v2\/media?parent=23263"}],"wp:term":[{"taxonomy":"product_brand","embeddable":true,"href":"https:\/\/www.csj-emballages.com\/es\/wp-json\/wp\/v2\/product_brand?post=23263"},{"taxonomy":"product_cat","embeddable":true,"href":"https:\/\/www.csj-emballages.com\/es\/wp-json\/wp\/v2\/product_cat?post=23263"},{"taxonomy":"product_tag","embeddable":true,"href":"https:\/\/www.csj-emballages.com\/es\/wp-json\/wp\/v2\/product_tag?post=23263"}],"curies":[{"name":"wp","href":"https:\/\/api.w.org\/{rel}","templated":true}]}}