{"id":23254,"date":"2024-03-01T16:49:27","date_gmt":"2024-03-01T15:49:27","guid":{"rendered":"https:\/\/u15jnbdpoq.preview.infomaniak.website\/produit\/1000-baguettes-krafts-10-4-x-42-cm\/"},"modified":"2026-05-16T02:16:14","modified_gmt":"2026-05-16T00:16:14","slug":"1000-baguettes-krafts-10-4-x-42-cm","status":"publish","type":"product","link":"https:\/\/www.csj-emballages.com\/es\/produit\/1000-baguettes-krafts-10-4-x-42-cm\/","title":{"rendered":"Baguette kraft 10 + 4 x 42 cm por 1000"},"content":{"rendered":"<h2>Bolsa Baguette<\/h2>\n<hr>\n<h3>Descripci\u00f3n de nuestra baguette kraft 10 + 4 x 42 cm por 1000<\/h3>\n<p><!--more--><\/p>\n<p data-start=\"243\" data-end=\"600\">Si busca un embalaje sencillo, resistente y realmente pr\u00e1ctico para sus baguettes, esta <strong data-start=\"332\" data-end=\"369\">bolsa para baguette de kraft de 10 + 4 x 42 cm<\/strong> se convertir\u00e1 r\u00e1pidamente en un indispensable en su d\u00eda a d\u00eda. Dise\u00f1ada en <strong>papel kraft<\/strong>, protege eficazmente el pan a la vez que mantiene un aspecto aut\u00e9ntico y c\u00e1lido, muy apreciado tanto en panader\u00edas como en sandwicher\u00edas.<\/p>\n<p data-start=\"602\" data-end=\"966\">En cuanto lo utilices, te dar\u00e1s cuenta de lo bien que aguanta. Gracias a su <strong>papel grueso<\/strong>, evita que se rompa y soporta sin problemas el peso de una baguette reci\u00e9n hecha. Adem\u00e1s, su tama\u00f1o es perfecto: ni demasiado ancho ni demasiado estrecho. Admite tanto panes est\u00e1ndar como panes ligeramente m\u00e1s largos, lo que le proporciona una mayor flexibilidad.   <\/p>\n<p data-start=\"968\" data-end=\"1241\">Adem\u00e1s, su pliegue lateral de 4 cm desempe\u00f1a una funci\u00f3n muy pr\u00e1ctica. Facilita la inserci\u00f3n del palillo, lo que permite trabajar m\u00e1s r\u00e1pido, sobre todo en los momentos de m\u00e1s trabajo. Es un detalle sencillo, pero que realmente marca la diferencia en el d\u00eda a d\u00eda.  <\/p>\n<p data-start=\"1243\" data-end=\"1623\">Otra gran ventaja: el papel kraft. Adem\u00e1s de ser famoso por su resistencia, tambi\u00e9n es una soluci\u00f3n respetuosa con el medio ambiente. As\u00ed podr\u00e1 demostrar a sus clientes que se preocupa por el medio ambiente, manteniendo al mismo tiempo un aspecto cuidado y profesional. Y como la bolsa se entrega <strong data-start=\"1535\" data-end=\"1554\">en lotes de 1.000 unidades<\/strong>, se beneficiar\u00e1 de unas existencias duraderas, ideales para evitar la escasez.   <\/p>\n<p data-start=\"1625\" data-end=\"1834\">Al elegir esta <strong>baguette kraft<\/strong>, ser\u00e1 m\u00e1s pr\u00e1ctico, m\u00e1s r\u00e1pido de servir y tendr\u00e1 una mejor presentaci\u00f3n. En resumen, simplificar\u00e1 su organizaci\u00f3n al tiempo que ofrece a sus clientes una gran experiencia. <\/p>\n<p data-start=\"1625\" data-end=\"1834\">\n<p><!--more--><\/p>\n<p><strong>Ventajas :<\/strong><\/p>\n<ul>\n<li data-start=\"1862\" data-end=\"1900\">Papel kraft duradero y respetuoso con el medio ambiente.<\/li>\n<li data-start=\"1903\" data-end=\"1956\">Formato perfecto para palillos cl\u00e1sicos o largos.<\/li>\n<li data-start=\"1959\" data-end=\"1998\">F\u00e1cil inserci\u00f3n gracias al pliegue lateral.<\/li>\n<li data-start=\"2001\" data-end=\"2036\">Presentaci\u00f3n ordenada y natural.<\/li>\n<li data-start=\"2039\" data-end=\"2070\">Paquete econ\u00f3mico de <strong>1000 unidades<\/strong>.<\/li>\n<\/ul>\n<p>&nbsp;<\/p>\n<p><!--more--><\/p>\n<p><strong>Informaci\u00f3n adicional :  <\/strong><\/p>\n<ul>\n<li><strong>Embalaje<\/strong>: Caja de 1000<\/li>\n<li><strong>Material<\/strong>: Papel kraft<\/li>\n<li><strong>Dimensiones<\/strong>: 10 + 4 x 42 cm<\/li>\n<li><strong>Color<\/strong>: Marr\u00f3n<\/li>\n<\/ul>\n<p>&nbsp;<\/p>\n<p><!--more--><\/p>\n<p>Encuentre aqu\u00ed nuestra bolsa de pan de campo: <span style=\"color: #d12727;\"><a style=\"color: #d12727;\" href=\"https:\/\/www.csj-emballages.com\/es\/produit\/1000-bolsas-kraft-para-pan-de-payes-30-5-x-30-cm\/\">ESPA\u00d1A<\/a><\/span><\/p>\n<p>&nbsp;<\/p>\n<p><!--more--><\/p>\n<p><a href=\"\/?product_cat=sacs-baguettes\">Consulte el resto de nuestra gama de bolsas para baguettes\/pan<\/a><\/p>\n","protected":false},"excerpt":{"rendered":"<p>Bolsa Baguette Descripci\u00f3n de nuestra baguette kraft 10 + 4 x 42 cm por 1000<\/p>\n","protected":false},"featured_media":254377,"template":"","meta":{"_acf_changed":false},"product_brand":[],"product_cat":[1150,1145,1654,3410],"product_tag":[],"class_list":{"0":"post-23254","1":"product","2":"type-product","3":"status-publish","4":"has-post-thumbnail","6":"product_cat-envasado-de-alimentos","7":"product_cat-panaderia-y-pasteleria","8":"product_cat-sacheries-es","9":"product_cat-bolsas-para-baguette-pan","11":"first","12":"instock","13":"taxable","14":"shipping-taxable","15":"purchasable","16":"product-type-simple"},"acf":[],"yoast_head":"<!-- This site is optimized with the Yoast SEO Premium plugin v26.6 (Yoast SEO v26.6) - https:\/\/yoast.com\/wordpress\/plugins\/seo\/ -->\n<title>Baguette Kraft 10 + 4 x 42 cm por 1000<\/title>\n<meta name=\"description\" content=\"Bolsa kraft para baguettes de 10 + 4 x 42 cm por 1000, pr\u00e1ctica, resistente y respetuosa con el medio ambiente, ideal para exponer y transportar sus baguettes a diario.\" \/>\n<meta name=\"robots\" content=\"index, follow, max-snippet:-1, max-image-preview:large, max-video-preview:-1\" \/>\n<link rel=\"canonical\" href=\"https:\/\/www.csj-emballages.com\/es\/produit\/1000-baguettes-krafts-10-4-x-42-cm\/\" \/>\n<meta property=\"og:locale\" content=\"es_ES\" \/>\n<meta property=\"og:type\" content=\"article\" \/>\n<meta property=\"og:title\" content=\"Baguette kraft 10 + 4 x 42 cm por 1000\" \/>\n<meta property=\"og:description\" content=\"Bolsa kraft para baguettes de 10 + 4 x 42 cm por 1000, pr\u00e1ctica, resistente y respetuosa con el medio ambiente, ideal para exponer y transportar sus baguettes a diario.\" \/>\n<meta property=\"og:url\" content=\"https:\/\/www.csj-emballages.com\/es\/produit\/1000-baguettes-krafts-10-4-x-42-cm\/\" \/>\n<meta property=\"og:site_name\" content=\"CSJ Emballages\" \/>\n<meta property=\"article:publisher\" content=\"https:\/\/www.facebook.com\/csjemballages\" \/>\n<meta property=\"article:modified_time\" content=\"2026-05-16T00:16:14+00:00\" \/>\n<meta property=\"og:image\" content=\"https:\/\/www.csj-emballages.com\/wp-content\/uploads\/2024\/03\/sbag1.webp\" \/>\n\t<meta property=\"og:image:width\" content=\"800\" \/>\n\t<meta property=\"og:image:height\" content=\"800\" \/>\n\t<meta property=\"og:image:type\" content=\"image\/webp\" \/>\n<meta name=\"twitter:card\" content=\"summary_large_image\" \/>\n<meta name=\"twitter:label1\" content=\"Tiempo de lectura\" \/>\n\t<meta name=\"twitter:data1\" content=\"2 minutos\" \/>\n<script type=\"application\/ld+json\" class=\"yoast-schema-graph\">{\"@context\":\"https:\/\/schema.org\",\"@graph\":[{\"@type\":\"WebPage\",\"@id\":\"https:\/\/www.csj-emballages.com\/es\/produit\/1000-baguettes-krafts-10-4-x-42-cm\/\",\"url\":\"https:\/\/www.csj-emballages.com\/es\/produit\/1000-baguettes-krafts-10-4-x-42-cm\/\",\"name\":\"Baguette Kraft 10 + 4 x 42 cm por 1000\",\"isPartOf\":{\"@id\":\"https:\/\/www.csj-emballages.com\/es\/#website\"},\"primaryImageOfPage\":{\"@id\":\"https:\/\/www.csj-emballages.com\/es\/produit\/1000-baguettes-krafts-10-4-x-42-cm\/#primaryimage\"},\"image\":{\"@id\":\"https:\/\/www.csj-emballages.com\/es\/produit\/1000-baguettes-krafts-10-4-x-42-cm\/#primaryimage\"},\"thumbnailUrl\":\"https:\/\/www.csj-emballages.com\/wp-content\/uploads\/2024\/03\/sbag1.webp\",\"datePublished\":\"2024-03-01T15:49:27+00:00\",\"dateModified\":\"2026-05-16T00:16:14+00:00\",\"description\":\"Bolsa kraft para baguettes de 10 + 4 x 42 cm por 1000, pr\u00e1ctica, resistente y respetuosa con el medio ambiente, ideal para exponer y transportar sus baguettes a diario.\",\"breadcrumb\":{\"@id\":\"https:\/\/www.csj-emballages.com\/es\/produit\/1000-baguettes-krafts-10-4-x-42-cm\/#breadcrumb\"},\"inLanguage\":\"es\",\"potentialAction\":[{\"@type\":\"ReadAction\",\"target\":[\"https:\/\/www.csj-emballages.com\/es\/produit\/1000-baguettes-krafts-10-4-x-42-cm\/\"]}]},{\"@type\":\"ImageObject\",\"inLanguage\":\"es\",\"@id\":\"https:\/\/www.csj-emballages.com\/es\/produit\/1000-baguettes-krafts-10-4-x-42-cm\/#primaryimage\",\"url\":\"https:\/\/www.csj-emballages.com\/wp-content\/uploads\/2024\/03\/sbag1.webp\",\"contentUrl\":\"https:\/\/www.csj-emballages.com\/wp-content\/uploads\/2024\/03\/sbag1.webp\",\"width\":800,\"height\":800,\"caption\":\"Sac baguette\"},{\"@type\":\"BreadcrumbList\",\"@id\":\"https:\/\/www.csj-emballages.com\/es\/produit\/1000-baguettes-krafts-10-4-x-42-cm\/#breadcrumb\",\"itemListElement\":[{\"@type\":\"ListItem\",\"position\":1,\"name\":\"Accueil\",\"item\":\"https:\/\/www.csj-emballages.com\/es\/universo-del-envasado-alimentario\/\"},{\"@type\":\"ListItem\",\"position\":2,\"name\":\"Tienda\",\"item\":\"https:\/\/www.csj-emballages.com\/tienda\/\"},{\"@type\":\"ListItem\",\"position\":3,\"name\":\"Baguette kraft 10 + 4 x 42 cm por 1000\"}]},{\"@type\":\"WebSite\",\"@id\":\"https:\/\/www.csj-emballages.com\/es\/#website\",\"url\":\"https:\/\/www.csj-emballages.com\/es\/\",\"name\":\"CSJ Emballages\",\"description\":\"\",\"publisher\":{\"@id\":\"https:\/\/www.csj-emballages.com\/es\/#organization\"},\"potentialAction\":[{\"@type\":\"SearchAction\",\"target\":{\"@type\":\"EntryPoint\",\"urlTemplate\":\"https:\/\/www.csj-emballages.com\/es\/?s={search_term_string}\"},\"query-input\":{\"@type\":\"PropertyValueSpecification\",\"valueRequired\":true,\"valueName\":\"search_term_string\"}}],\"inLanguage\":\"es\"},{\"@type\":\"Organization\",\"@id\":\"https:\/\/www.csj-emballages.com\/es\/#Organization\/\",\"name\":\"CSJ Emballages\",\"url\":\"https:\/\/www.csj-emballages.com\/es\/\",\"logo\":{\"@type\":\"ImageObject\",\"inLanguage\":\"es\",\"@id\":\"https:\/\/www.csj-emballages.com\/es\/#\/schema\/logo\/image\/\",\"url\":\"https:\/\/www.csj-emballages.com\/wp-content\/uploads\/2023\/10\/logo_csj.webp\",\"contentUrl\":\"https:\/\/www.csj-emballages.com\/wp-content\/uploads\/2023\/10\/logo_csj.webp\",\"width\":250,\"height\":95,\"caption\":\"CSJ Emballages\"},\"image\":{\"@id\":\"https:\/\/www.csj-emballages.com\/es\/#\/schema\/logo\/image\/\"},\"sameAs\":[\"https:\/\/www.facebook.com\/csjemballages\"],\"address\":{\"@type\":\"PostalAddress\",\"streetAddress\":\"ZI La Lechere\",\"addressLocality\":\"Patornay\",\"postalCode\":\"39130\",\"addressCountry\":\"FR\"},\"contactPoint\":[{\"@type\":\"ContactPoint\",\"contactType\":\"Service client\",\"telephone\":\"0384254272\",\"email\":\"contact@csj-emballages.com\"}]}]}<\/script>\n<!-- \/ Yoast SEO Premium plugin. -->","yoast_head_json":{"title":"Baguette Kraft 10 + 4 x 42 cm por 1000","description":"Bolsa kraft para baguettes de 10 + 4 x 42 cm por 1000, pr\u00e1ctica, resistente y respetuosa con el medio ambiente, ideal para exponer y transportar sus baguettes a diario.","robots":{"index":"index","follow":"follow","max-snippet":"max-snippet:-1","max-image-preview":"max-image-preview:large","max-video-preview":"max-video-preview:-1"},"canonical":"https:\/\/www.csj-emballages.com\/es\/produit\/1000-baguettes-krafts-10-4-x-42-cm\/","og_locale":"es_ES","og_type":"article","og_title":"Baguette kraft 10 + 4 x 42 cm por 1000","og_description":"Bolsa kraft para baguettes de 10 + 4 x 42 cm por 1000, pr\u00e1ctica, resistente y respetuosa con el medio ambiente, ideal para exponer y transportar sus baguettes a diario.","og_url":"https:\/\/www.csj-emballages.com\/es\/produit\/1000-baguettes-krafts-10-4-x-42-cm\/","og_site_name":"CSJ Emballages","article_publisher":"https:\/\/www.facebook.com\/csjemballages","article_modified_time":"2026-05-16T00:16:14+00:00","og_image":[{"width":800,"height":800,"url":"https:\/\/www.csj-emballages.com\/wp-content\/uploads\/2024\/03\/sbag1.webp","type":"image\/webp"}],"twitter_card":"summary_large_image","twitter_misc":{"Tiempo de lectura":"2 minutos"},"schema":{"@context":"https:\/\/schema.org","@graph":[{"@type":"WebPage","@id":"https:\/\/www.csj-emballages.com\/es\/produit\/1000-baguettes-krafts-10-4-x-42-cm\/","url":"https:\/\/www.csj-emballages.com\/es\/produit\/1000-baguettes-krafts-10-4-x-42-cm\/","name":"Baguette Kraft 10 + 4 x 42 cm por 1000","isPartOf":{"@id":"https:\/\/www.csj-emballages.com\/es\/#website"},"primaryImageOfPage":{"@id":"https:\/\/www.csj-emballages.com\/es\/produit\/1000-baguettes-krafts-10-4-x-42-cm\/#primaryimage"},"image":{"@id":"https:\/\/www.csj-emballages.com\/es\/produit\/1000-baguettes-krafts-10-4-x-42-cm\/#primaryimage"},"thumbnailUrl":"https:\/\/www.csj-emballages.com\/wp-content\/uploads\/2024\/03\/sbag1.webp","datePublished":"2024-03-01T15:49:27+00:00","dateModified":"2026-05-16T00:16:14+00:00","description":"Bolsa kraft para baguettes de 10 + 4 x 42 cm por 1000, pr\u00e1ctica, resistente y respetuosa con el medio ambiente, ideal para exponer y transportar sus baguettes a diario.","breadcrumb":{"@id":"https:\/\/www.csj-emballages.com\/es\/produit\/1000-baguettes-krafts-10-4-x-42-cm\/#breadcrumb"},"inLanguage":"es","potentialAction":[{"@type":"ReadAction","target":["https:\/\/www.csj-emballages.com\/es\/produit\/1000-baguettes-krafts-10-4-x-42-cm\/"]}]},{"@type":"ImageObject","inLanguage":"es","@id":"https:\/\/www.csj-emballages.com\/es\/produit\/1000-baguettes-krafts-10-4-x-42-cm\/#primaryimage","url":"https:\/\/www.csj-emballages.com\/wp-content\/uploads\/2024\/03\/sbag1.webp","contentUrl":"https:\/\/www.csj-emballages.com\/wp-content\/uploads\/2024\/03\/sbag1.webp","width":800,"height":800,"caption":"Sac baguette"},{"@type":"BreadcrumbList","@id":"https:\/\/www.csj-emballages.com\/es\/produit\/1000-baguettes-krafts-10-4-x-42-cm\/#breadcrumb","itemListElement":[{"@type":"ListItem","position":1,"name":"Accueil","item":"https:\/\/www.csj-emballages.com\/es\/universo-del-envasado-alimentario\/"},{"@type":"ListItem","position":2,"name":"Tienda","item":"https:\/\/www.csj-emballages.com\/tienda\/"},{"@type":"ListItem","position":3,"name":"Baguette kraft 10 + 4 x 42 cm por 1000"}]},{"@type":"WebSite","@id":"https:\/\/www.csj-emballages.com\/es\/#website","url":"https:\/\/www.csj-emballages.com\/es\/","name":"CSJ Emballages","description":"","publisher":{"@id":"https:\/\/www.csj-emballages.com\/es\/#organization"},"potentialAction":[{"@type":"SearchAction","target":{"@type":"EntryPoint","urlTemplate":"https:\/\/www.csj-emballages.com\/es\/?s={search_term_string}"},"query-input":{"@type":"PropertyValueSpecification","valueRequired":true,"valueName":"search_term_string"}}],"inLanguage":"es"},{"@type":"Organization","@id":"https:\/\/www.csj-emballages.com\/es\/#Organization\/","name":"CSJ Emballages","url":"https:\/\/www.csj-emballages.com\/es\/","logo":{"@type":"ImageObject","inLanguage":"es","@id":"https:\/\/www.csj-emballages.com\/es\/#\/schema\/logo\/image\/","url":"https:\/\/www.csj-emballages.com\/wp-content\/uploads\/2023\/10\/logo_csj.webp","contentUrl":"https:\/\/www.csj-emballages.com\/wp-content\/uploads\/2023\/10\/logo_csj.webp","width":250,"height":95,"caption":"CSJ Emballages"},"image":{"@id":"https:\/\/www.csj-emballages.com\/es\/#\/schema\/logo\/image\/"},"sameAs":["https:\/\/www.facebook.com\/csjemballages"],"address":{"@type":"PostalAddress","streetAddress":"ZI La Lechere","addressLocality":"Patornay","postalCode":"39130","addressCountry":"FR"},"contactPoint":[{"@type":"ContactPoint","contactType":"Service client","telephone":"0384254272","email":"contact@csj-emballages.com"}]}]}},"df_price":17.35,"df_sale_price":"","df_regular_price":17.35,"df_image_link":"https:\/\/www.csj-emballages.com\/wp-content\/uploads\/2024\/03\/sbag1-300x300.webp","tiered_pricing_type":"fixed","tiered_pricing_fixed_rules":[],"tiered_pricing_percentage_rules":[],"tiered_pricing_minimum":1,"tiered_pricing_roles_data":[],"_links":{"self":[{"href":"https:\/\/www.csj-emballages.com\/es\/wp-json\/wp\/v2\/product\/23254","targetHints":{"allow":["GET"]}}],"collection":[{"href":"https:\/\/www.csj-emballages.com\/es\/wp-json\/wp\/v2\/product"}],"about":[{"href":"https:\/\/www.csj-emballages.com\/es\/wp-json\/wp\/v2\/types\/product"}],"wp:featuredmedia":[{"embeddable":true,"href":"https:\/\/www.csj-emballages.com\/es\/wp-json\/wp\/v2\/media\/254377"}],"wp:attachment":[{"href":"https:\/\/www.csj-emballages.com\/es\/wp-json\/wp\/v2\/media?parent=23254"}],"wp:term":[{"taxonomy":"product_brand","embeddable":true,"href":"https:\/\/www.csj-emballages.com\/es\/wp-json\/wp\/v2\/product_brand?post=23254"},{"taxonomy":"product_cat","embeddable":true,"href":"https:\/\/www.csj-emballages.com\/es\/wp-json\/wp\/v2\/product_cat?post=23254"},{"taxonomy":"product_tag","embeddable":true,"href":"https:\/\/www.csj-emballages.com\/es\/wp-json\/wp\/v2\/product_tag?post=23254"}],"curies":[{"name":"wp","href":"https:\/\/api.w.org\/{rel}","templated":true}]}}