{"id":23246,"date":"2024-03-01T16:50:04","date_gmt":"2024-03-01T15:50:04","guid":{"rendered":"https:\/\/u15jnbdpoq.preview.infomaniak.website\/produit\/250-bolsas-kraft-para-botellas\/"},"modified":"2026-04-03T02:19:56","modified_gmt":"2026-04-03T00:19:56","slug":"250-bolsas-kraft-para-botellas","status":"publish","type":"product","link":"https:\/\/www.csj-emballages.com\/es\/produit\/250-bolsas-kraft-para-botellas\/","title":{"rendered":"Bolsa kraft para botellas con asas 14 + 8 x 40 cm por 250"},"content":{"rendered":"<div style=\"font-family: Roboto, sans-serif;\">\n<div style=\"font-family: Roboto, sans-serif;\">\n<div style=\"font-family: Roboto, sans-serif;\">\n<div style=\"font-family: Roboto, sans-serif;\">\n<div style=\"font-family: Roboto, sans-serif;\">\n<div style=\"font-family: Roboto, sans-serif;\">\n<h2>Bolsa para botellas<\/h2>\n<div style=\"font-family: Roboto, sans-serif;\">\n<div style=\"font-family: Roboto, sans-serif;\">\n<div style=\"font-family: Roboto, sans-serif;\">\n<div style=\"text-align: center;\">\n<div style=\"font-family: Roboto, sans-serif;\">\n<div style=\"font-family: Roboto, sans-serif;\">\n<div style=\"font-family: Roboto, sans-serif;\">\n<div style=\"font-family: Roboto, sans-serif;\">\n<div style=\"font-family: Roboto, sans-serif;\">\n<div style=\"font-family: Roboto, sans-serif; text-align: left;\">\n<hr>\n<h3 style=\"text-align: left;\">Descripci\u00f3n de nuestra bolsa kraft para botellas con asas 14 + 8 x 40 cm por 250<\/h3>\n<p><!--more--><\/p>\n<\/div>\n<\/div>\n<\/div>\n<\/div>\n<\/div>\n<\/div>\n<\/div>\n<\/div>\n<\/div>\n<\/div>\n<p data-start=\"30\" data-end=\"462\">Ofrezca a sus clientes una soluci\u00f3n a la vez <strong data-start=\"74\" data-end=\"86\">elegante<\/strong> y <strong data-start=\"90\" data-end=\"102\">pr\u00e1ctica<\/strong> con nuestra <strong data-start=\"114\" data-end=\"163\">bolsa<\/strong> <strong data-start=\"259\" data-end=\"284\">kraft<\/strong> <strong data-start=\"114\" data-end=\"163\">para botellas de 14 + 8 x 40 cm con asas<\/strong>, que se vende en paquetes de <strong>250<\/strong>. Especialmente dise\u00f1ada para <strong data-start=\"213\" data-end=\"247\">transportar botellas de vino<\/strong>, esta <strong>bolsa de<\/strong> <strong data-start=\"259\" data-end=\"284\">papel kraft de 100 g\/m\u00b2<\/strong> <strong>para 1 botella<\/strong> combina robustez y estilo natural. Gracias a su <strong data-start=\"333\" data-end=\"351\">forma alargada<\/strong> y a <strong data-start=\"359\" data-end=\"380\">sus fuertes asas<\/strong>, sujeta las botellas con seguridad y es f\u00e1cil de transportar.  <\/p>\n<p data-start=\"464\" data-end=\"956\">Ideal para <strong data-start=\"479\" data-end=\"491\">vinotecas<\/strong>, <strong data-start=\"493\" data-end=\"512\">tiendas de delicatessen<\/strong>, <strong data-start=\"514\" data-end=\"538\">tiendas especializadas<\/strong> o incluso <strong data-start=\"558\" data-end=\"574\">particulares<\/strong> que deseen ofrecer un regalo refinado, esta <strong>bolsa para envolver botellas<\/strong> es adecuada para todas las ocasiones. Ya se trate de una botella de vino, champ\u00e1n o cualquier otra cosa, a\u00f1ade un toque de <strong data-start=\"754\" data-end=\"775\">profesionalidad<\/strong> a su envoltorio. Adem\u00e1s, su <strong data-start=\"808\" data-end=\"833\">coloraci\u00f3n kraft natural<\/strong> realza la botella, al tiempo que subraya una imagen ecorresponsable, cada vez m\u00e1s apreciada por los consumidores.  <\/p>\n<p data-start=\"958\" data-end=\"1326\">Al elegir esta <strong>bolsa<\/strong>, tambi\u00e9n est\u00e1 optando por una soluci\u00f3n <strong data-start=\"1016\" data-end=\"1030\">respetuosa con el medio ambiente<\/strong>. Fabricada con papel kraft <strong data-start=\"1057\" data-end=\"1088\">reciclable y biodegradable<\/strong>, es perfecta para los clientes concienciados con el medio ambiente. Su formato <strong>de 14 + 8 x 40 cm<\/strong> est\u00e1 perfectamente dise\u00f1ado para contener una botella con seguridad, evitando cualquier riesgo de rotura durante el transporte.  <\/p>\n<p data-start=\"1328\" data-end=\"1685\">En resumen, esta <strong>bolsa kraft para<\/strong> botellas combina <strong data-start=\"1369\" data-end=\"1381\">solidez<\/strong>, <strong data-start=\"1383\" data-end=\"1397\">est\u00e9tica<\/strong> y <strong data-start=\"1401\" data-end=\"1431\">respeto por el medio ambiente<\/strong>, al tiempo que realza el valor de sus productos. Se convertir\u00e1 r\u00e1pidamente en un elemento imprescindible para sus ventas para llevar o sus regalos de empresa. Con esta bolsa, estar\u00e1 ofreciendo mucho m\u00e1s que un simple embalaje: una experiencia de transporte segura, pr\u00e1ctica y responsable.  <\/p>\n<p data-start=\"1328\" data-end=\"1685\">\n<p><!--more--><\/p>\n<p style=\"text-align: left;\"><strong>Ventajas :<\/strong><\/p>\n<ul style=\"text-align: left;\">\n<li><strong data-start=\"1893\" data-end=\"1904\">Robusto<\/strong>: papel kraft de 100 g\/m\u00b2.<\/li>\n<li><strong data-start=\"1943\" data-end=\"1957\">Respetuoso con el medio ambiente<\/strong>: 100% reciclable y biodegradable.<\/li>\n<li><strong data-start=\"1998\" data-end=\"2010\">Pr\u00e1ctico<\/strong>: asas robustas para un transporte seguro.<\/li>\n<li><strong data-start=\"2061\" data-end=\"2075\">Vers\u00e1til<\/strong>: perfecto para vinotecas, tiendas, regalos o eventos.<\/li>\n<\/ul>\n<\/div>\n<\/div>\n<\/div>\n<\/div>\n<\/div>\n<\/div>\n<div class=\"elementor elementor-175 elementor-location-footer\" data-elementor-type=\"footer\" data-elementor-id=\"175\" data-elementor-post-type=\"elementor_library\">\n<div class=\"elementor-element elementor-element-d413b54 e-flex e-con-boxed e-con e-parent e-lazyloaded\" data-id=\"d413b54\" data-element_type=\"container\">\n<div class=\"e-con-inner\">\n<div class=\"elementor-element elementor-element-9493a3c elementor-widget elementor-widget-shortcode\" data-id=\"9493a3c\" data-element_type=\"widget\" data-widget_type=\"shortcode.default\">\n<div class=\"elementor-widget-container\"><\/div>\n<\/div>\n<\/div>\n<\/div>\n<\/div>\n<p><!--more--><\/p>\n<h4>Informaci\u00f3n adicional :<\/h4>\n<ul>\n<li><strong>Embalaje<\/strong>: Caja de 250<\/li>\n<li><strong>Dimensiones<\/strong>: 14 + 8 x 40 cm<\/li>\n<li><strong>Color<\/strong>: Kraft<\/li>\n<li><strong>Gramaje<\/strong>: 100 g\/m\u00b2.<\/li>\n<li><strong>Material<\/strong>: Papel kraft<\/li>\n<\/ul>\n<p>&nbsp;<\/p>\n<p><!--more--><\/p>\n<p>Esta bolsa para botellas tambi\u00e9n est\u00e1 disponible con ventana para una mejor visibilidad: <span style=\"color: #d12727;\"><a style=\"color: #d12727;\" href=\"https:\/\/www.csj-emballages.com\/es\/produit\/50-bolsas-pet-ventana-kraft-para-botellas-12-10-x-38-cm\/\">SBK1238<\/a><\/span><\/p>\n<p>&nbsp;<\/p>\n<p style=\"text-align: left;\"><!--more--><\/p>\n<p><a href=\"https:\/\/www.csj-emballages.com\/es\/categorie-produit\/envasado-de-alimentos\/tienda-y-almacen\/bolsas-sobres\/bolsas-para-botellas\/\">Ver el resto de nuestra gama de bolsas para botellas<\/a><\/p>\n","protected":false},"excerpt":{"rendered":"<p>Bolsa para botellas Descripci\u00f3n de nuestra bolsa kraft para botellas con asas 14 + 8 x 40 cm por 250<\/p>\n","protected":false},"featured_media":244327,"template":"","meta":{"_acf_changed":false},"product_brand":[],"product_cat":[1150,1488,3424],"product_tag":[],"class_list":{"0":"post-23246","1":"product","2":"type-product","3":"status-publish","4":"has-post-thumbnail","6":"product_cat-envasado-de-alimentos","7":"product_cat-tienda-y-almacen","8":"product_cat-bolsas-para-botellas","10":"first","11":"instock","12":"taxable","13":"shipping-taxable","14":"purchasable","15":"product-type-simple"},"acf":[],"yoast_head":"<!-- This site is optimized with the Yoast SEO Premium plugin v26.6 (Yoast SEO v26.6) - https:\/\/yoast.com\/wordpress\/plugins\/seo\/ -->\n<title>Bolsa kraft para botellas con asas 14 + 8 x 40 cm, paquete de 250<\/title>\n<meta name=\"description\" content=\"Bolsa kraft para botellas de 14 + 8 x 40 cm con asas, resistente, reciclable e ideal para vinotecas, boutiques y regalos. Juego de 250.\" \/>\n<meta name=\"robots\" content=\"index, follow, max-snippet:-1, max-image-preview:large, max-video-preview:-1\" \/>\n<link rel=\"canonical\" href=\"https:\/\/www.csj-emballages.com\/es\/produit\/250-bolsas-kraft-para-botellas\/\" \/>\n<meta property=\"og:locale\" content=\"es_ES\" \/>\n<meta property=\"og:type\" content=\"article\" \/>\n<meta property=\"og:title\" content=\"Bolsa kraft para botellas con asas 14 + 8 x 40 cm por 250\" \/>\n<meta property=\"og:description\" content=\"Bolsa kraft para botellas de 14 + 8 x 40 cm con asas, resistente, reciclable e ideal para vinotecas, boutiques y regalos. Juego de 250.\" \/>\n<meta property=\"og:url\" content=\"https:\/\/www.csj-emballages.com\/es\/produit\/250-bolsas-kraft-para-botellas\/\" \/>\n<meta property=\"og:site_name\" content=\"CSJ Emballages\" \/>\n<meta property=\"article:publisher\" content=\"https:\/\/www.facebook.com\/csjemballages\" \/>\n<meta property=\"article:modified_time\" content=\"2026-04-03T00:19:56+00:00\" \/>\n<meta property=\"og:image\" content=\"https:\/\/www.csj-emballages.com\/wp-content\/uploads\/2024\/03\/SB1CCORDE.webp\" \/>\n\t<meta property=\"og:image:width\" content=\"800\" \/>\n\t<meta property=\"og:image:height\" content=\"800\" \/>\n\t<meta property=\"og:image:type\" content=\"image\/webp\" \/>\n<meta name=\"twitter:card\" content=\"summary_large_image\" \/>\n<meta name=\"twitter:label1\" content=\"Tiempo de lectura\" \/>\n\t<meta name=\"twitter:data1\" content=\"2 minutos\" \/>\n<script type=\"application\/ld+json\" class=\"yoast-schema-graph\">{\"@context\":\"https:\/\/schema.org\",\"@graph\":[{\"@type\":\"WebPage\",\"@id\":\"https:\/\/www.csj-emballages.com\/es\/produit\/250-bolsas-kraft-para-botellas\/\",\"url\":\"https:\/\/www.csj-emballages.com\/es\/produit\/250-bolsas-kraft-para-botellas\/\",\"name\":\"Bolsa kraft para botellas con asas 14 + 8 x 40 cm, paquete de 250\",\"isPartOf\":{\"@id\":\"https:\/\/www.csj-emballages.com\/es\/#website\"},\"primaryImageOfPage\":{\"@id\":\"https:\/\/www.csj-emballages.com\/es\/produit\/250-bolsas-kraft-para-botellas\/#primaryimage\"},\"image\":{\"@id\":\"https:\/\/www.csj-emballages.com\/es\/produit\/250-bolsas-kraft-para-botellas\/#primaryimage\"},\"thumbnailUrl\":\"https:\/\/www.csj-emballages.com\/wp-content\/uploads\/2024\/03\/SB1CCORDE.webp\",\"datePublished\":\"2024-03-01T15:50:04+00:00\",\"dateModified\":\"2026-04-03T00:19:56+00:00\",\"description\":\"Bolsa kraft para botellas de 14 + 8 x 40 cm con asas, resistente, reciclable e ideal para vinotecas, boutiques y regalos. Juego de 250.\",\"breadcrumb\":{\"@id\":\"https:\/\/www.csj-emballages.com\/es\/produit\/250-bolsas-kraft-para-botellas\/#breadcrumb\"},\"inLanguage\":\"es\",\"potentialAction\":[{\"@type\":\"ReadAction\",\"target\":[\"https:\/\/www.csj-emballages.com\/es\/produit\/250-bolsas-kraft-para-botellas\/\"]}]},{\"@type\":\"ImageObject\",\"inLanguage\":\"es\",\"@id\":\"https:\/\/www.csj-emballages.com\/es\/produit\/250-bolsas-kraft-para-botellas\/#primaryimage\",\"url\":\"https:\/\/www.csj-emballages.com\/wp-content\/uploads\/2024\/03\/SB1CCORDE.webp\",\"contentUrl\":\"https:\/\/www.csj-emballages.com\/wp-content\/uploads\/2024\/03\/SB1CCORDE.webp\",\"width\":800,\"height\":800,\"caption\":\"Sac bouteille\"},{\"@type\":\"BreadcrumbList\",\"@id\":\"https:\/\/www.csj-emballages.com\/es\/produit\/250-bolsas-kraft-para-botellas\/#breadcrumb\",\"itemListElement\":[{\"@type\":\"ListItem\",\"position\":1,\"name\":\"Accueil\",\"item\":\"https:\/\/www.csj-emballages.com\/es\/universo-del-envasado-alimentario\/\"},{\"@type\":\"ListItem\",\"position\":2,\"name\":\"Tienda\",\"item\":\"https:\/\/www.csj-emballages.com\/tienda\/\"},{\"@type\":\"ListItem\",\"position\":3,\"name\":\"Bolsa kraft para botellas con asas 14 + 8 x 40 cm por 250\"}]},{\"@type\":\"WebSite\",\"@id\":\"https:\/\/www.csj-emballages.com\/es\/#website\",\"url\":\"https:\/\/www.csj-emballages.com\/es\/\",\"name\":\"CSJ Emballages\",\"description\":\"\",\"publisher\":{\"@id\":\"https:\/\/www.csj-emballages.com\/es\/#organization\"},\"potentialAction\":[{\"@type\":\"SearchAction\",\"target\":{\"@type\":\"EntryPoint\",\"urlTemplate\":\"https:\/\/www.csj-emballages.com\/es\/?s={search_term_string}\"},\"query-input\":{\"@type\":\"PropertyValueSpecification\",\"valueRequired\":true,\"valueName\":\"search_term_string\"}}],\"inLanguage\":\"es\"},{\"@type\":\"Organization\",\"@id\":\"https:\/\/www.csj-emballages.com\/es\/#Organization\/\",\"name\":\"CSJ Emballages\",\"url\":\"https:\/\/www.csj-emballages.com\/es\/\",\"logo\":{\"@type\":\"ImageObject\",\"inLanguage\":\"es\",\"@id\":\"https:\/\/www.csj-emballages.com\/es\/#\/schema\/logo\/image\/\",\"url\":\"https:\/\/www.csj-emballages.com\/wp-content\/uploads\/2023\/10\/logo_csj.webp\",\"contentUrl\":\"https:\/\/www.csj-emballages.com\/wp-content\/uploads\/2023\/10\/logo_csj.webp\",\"width\":250,\"height\":95,\"caption\":\"CSJ Emballages\"},\"image\":{\"@id\":\"https:\/\/www.csj-emballages.com\/es\/#\/schema\/logo\/image\/\"},\"sameAs\":[\"https:\/\/www.facebook.com\/csjemballages\"],\"address\":{\"@type\":\"PostalAddress\",\"streetAddress\":\"ZI La Lechere\",\"addressLocality\":\"Patornay\",\"postalCode\":\"39130\",\"addressCountry\":\"FR\"},\"contactPoint\":[{\"@type\":\"ContactPoint\",\"contactType\":\"Service client\",\"telephone\":\"0384254272\",\"email\":\"contact@csj-emballages.com\"}]}]}<\/script>\n<!-- \/ Yoast SEO Premium plugin. -->","yoast_head_json":{"title":"Bolsa kraft para botellas con asas 14 + 8 x 40 cm, paquete de 250","description":"Bolsa kraft para botellas de 14 + 8 x 40 cm con asas, resistente, reciclable e ideal para vinotecas, boutiques y regalos. Juego de 250.","robots":{"index":"index","follow":"follow","max-snippet":"max-snippet:-1","max-image-preview":"max-image-preview:large","max-video-preview":"max-video-preview:-1"},"canonical":"https:\/\/www.csj-emballages.com\/es\/produit\/250-bolsas-kraft-para-botellas\/","og_locale":"es_ES","og_type":"article","og_title":"Bolsa kraft para botellas con asas 14 + 8 x 40 cm por 250","og_description":"Bolsa kraft para botellas de 14 + 8 x 40 cm con asas, resistente, reciclable e ideal para vinotecas, boutiques y regalos. Juego de 250.","og_url":"https:\/\/www.csj-emballages.com\/es\/produit\/250-bolsas-kraft-para-botellas\/","og_site_name":"CSJ Emballages","article_publisher":"https:\/\/www.facebook.com\/csjemballages","article_modified_time":"2026-04-03T00:19:56+00:00","og_image":[{"width":800,"height":800,"url":"https:\/\/www.csj-emballages.com\/wp-content\/uploads\/2024\/03\/SB1CCORDE.webp","type":"image\/webp"}],"twitter_card":"summary_large_image","twitter_misc":{"Tiempo de lectura":"2 minutos"},"schema":{"@context":"https:\/\/schema.org","@graph":[{"@type":"WebPage","@id":"https:\/\/www.csj-emballages.com\/es\/produit\/250-bolsas-kraft-para-botellas\/","url":"https:\/\/www.csj-emballages.com\/es\/produit\/250-bolsas-kraft-para-botellas\/","name":"Bolsa kraft para botellas con asas 14 + 8 x 40 cm, paquete de 250","isPartOf":{"@id":"https:\/\/www.csj-emballages.com\/es\/#website"},"primaryImageOfPage":{"@id":"https:\/\/www.csj-emballages.com\/es\/produit\/250-bolsas-kraft-para-botellas\/#primaryimage"},"image":{"@id":"https:\/\/www.csj-emballages.com\/es\/produit\/250-bolsas-kraft-para-botellas\/#primaryimage"},"thumbnailUrl":"https:\/\/www.csj-emballages.com\/wp-content\/uploads\/2024\/03\/SB1CCORDE.webp","datePublished":"2024-03-01T15:50:04+00:00","dateModified":"2026-04-03T00:19:56+00:00","description":"Bolsa kraft para botellas de 14 + 8 x 40 cm con asas, resistente, reciclable e ideal para vinotecas, boutiques y regalos. Juego de 250.","breadcrumb":{"@id":"https:\/\/www.csj-emballages.com\/es\/produit\/250-bolsas-kraft-para-botellas\/#breadcrumb"},"inLanguage":"es","potentialAction":[{"@type":"ReadAction","target":["https:\/\/www.csj-emballages.com\/es\/produit\/250-bolsas-kraft-para-botellas\/"]}]},{"@type":"ImageObject","inLanguage":"es","@id":"https:\/\/www.csj-emballages.com\/es\/produit\/250-bolsas-kraft-para-botellas\/#primaryimage","url":"https:\/\/www.csj-emballages.com\/wp-content\/uploads\/2024\/03\/SB1CCORDE.webp","contentUrl":"https:\/\/www.csj-emballages.com\/wp-content\/uploads\/2024\/03\/SB1CCORDE.webp","width":800,"height":800,"caption":"Sac bouteille"},{"@type":"BreadcrumbList","@id":"https:\/\/www.csj-emballages.com\/es\/produit\/250-bolsas-kraft-para-botellas\/#breadcrumb","itemListElement":[{"@type":"ListItem","position":1,"name":"Accueil","item":"https:\/\/www.csj-emballages.com\/es\/universo-del-envasado-alimentario\/"},{"@type":"ListItem","position":2,"name":"Tienda","item":"https:\/\/www.csj-emballages.com\/tienda\/"},{"@type":"ListItem","position":3,"name":"Bolsa kraft para botellas con asas 14 + 8 x 40 cm por 250"}]},{"@type":"WebSite","@id":"https:\/\/www.csj-emballages.com\/es\/#website","url":"https:\/\/www.csj-emballages.com\/es\/","name":"CSJ Emballages","description":"","publisher":{"@id":"https:\/\/www.csj-emballages.com\/es\/#organization"},"potentialAction":[{"@type":"SearchAction","target":{"@type":"EntryPoint","urlTemplate":"https:\/\/www.csj-emballages.com\/es\/?s={search_term_string}"},"query-input":{"@type":"PropertyValueSpecification","valueRequired":true,"valueName":"search_term_string"}}],"inLanguage":"es"},{"@type":"Organization","@id":"https:\/\/www.csj-emballages.com\/es\/#Organization\/","name":"CSJ Emballages","url":"https:\/\/www.csj-emballages.com\/es\/","logo":{"@type":"ImageObject","inLanguage":"es","@id":"https:\/\/www.csj-emballages.com\/es\/#\/schema\/logo\/image\/","url":"https:\/\/www.csj-emballages.com\/wp-content\/uploads\/2023\/10\/logo_csj.webp","contentUrl":"https:\/\/www.csj-emballages.com\/wp-content\/uploads\/2023\/10\/logo_csj.webp","width":250,"height":95,"caption":"CSJ Emballages"},"image":{"@id":"https:\/\/www.csj-emballages.com\/es\/#\/schema\/logo\/image\/"},"sameAs":["https:\/\/www.facebook.com\/csjemballages"],"address":{"@type":"PostalAddress","streetAddress":"ZI La Lechere","addressLocality":"Patornay","postalCode":"39130","addressCountry":"FR"},"contactPoint":[{"@type":"ContactPoint","contactType":"Service client","telephone":"0384254272","email":"contact@csj-emballages.com"}]}]}},"df_price":39.59,"df_sale_price":"","df_regular_price":39.59,"df_image_link":"https:\/\/www.csj-emballages.com\/wp-content\/uploads\/2024\/03\/SB1CCORDE-300x300.webp","tiered_pricing_type":"fixed","tiered_pricing_fixed_rules":[],"tiered_pricing_percentage_rules":[],"tiered_pricing_minimum":1,"tiered_pricing_roles_data":[],"_links":{"self":[{"href":"https:\/\/www.csj-emballages.com\/es\/wp-json\/wp\/v2\/product\/23246","targetHints":{"allow":["GET"]}}],"collection":[{"href":"https:\/\/www.csj-emballages.com\/es\/wp-json\/wp\/v2\/product"}],"about":[{"href":"https:\/\/www.csj-emballages.com\/es\/wp-json\/wp\/v2\/types\/product"}],"wp:featuredmedia":[{"embeddable":true,"href":"https:\/\/www.csj-emballages.com\/es\/wp-json\/wp\/v2\/media\/244327"}],"wp:attachment":[{"href":"https:\/\/www.csj-emballages.com\/es\/wp-json\/wp\/v2\/media?parent=23246"}],"wp:term":[{"taxonomy":"product_brand","embeddable":true,"href":"https:\/\/www.csj-emballages.com\/es\/wp-json\/wp\/v2\/product_brand?post=23246"},{"taxonomy":"product_cat","embeddable":true,"href":"https:\/\/www.csj-emballages.com\/es\/wp-json\/wp\/v2\/product_cat?post=23246"},{"taxonomy":"product_tag","embeddable":true,"href":"https:\/\/www.csj-emballages.com\/es\/wp-json\/wp\/v2\/product_tag?post=23246"}],"curies":[{"name":"wp","href":"https:\/\/api.w.org\/{rel}","templated":true}]}}