{"id":23242,"date":"2024-03-01T16:50:04","date_gmt":"2024-03-01T15:50:04","guid":{"rendered":"https:\/\/u15jnbdpoq.preview.infomaniak.website\/produit\/estuche-de-carton-para-2-botellas-con-asa\/"},"modified":"2026-04-16T02:15:37","modified_gmt":"2026-04-16T00:15:37","slug":"estuche-de-carton-para-2-botellas-con-asa","status":"publish","type":"product","link":"https:\/\/www.csj-emballages.com\/es\/produit\/estuche-de-carton-para-2-botellas-con-asa\/","title":{"rendered":"Estuche de cart\u00f3n de 2 botellas con asa 18 x 9 x 34 cm"},"content":{"rendered":"<h2>Estuche para 2 botellas<\/h2>\n<hr>\n<h3>Descripci\u00f3n de nuestro estuche de cart\u00f3n para 2 botellas con asa 18 x 9 x 34 cm<\/h3>\n<p><!--more--><\/p>\n<p data-start=\"0\" data-end=\"509\">Ofrezca a sus botellas un estuche de regalo <strong data-start=\"73\" data-end=\"84\">elegante<\/strong> y <strong data-start=\"88\" data-end=\"103\">responsable<\/strong> con nuestro <strong data-start=\"115\" data-end=\"174\">estuche de cart\u00f3n para 2 botellas con asa de 18 x 9 x 34 cm<\/strong>. Ideal para presentar o transportar sus buenos vinos, este <g id=\"gid_3\">embalaje de regalo <\/g>es famoso por su compromiso ecol\u00f3gico. Gracias a su cuidado dise\u00f1o y a su color natural, realzar\u00e1 el esplendor de sus botellas y reflejar\u00e1 sus valores ecorresponsables.  <\/p>\n<p data-start=\"511\" data-end=\"979\">Fabricado a partir de <strong data-start=\"532\" data-end=\"564\">materias primas recicladas<\/strong>, este <strong>estuche para 2 botellas<\/strong> limita su <strong data-start=\"586\" data-end=\"610\">impacto sobre el clima<\/strong>, al tiempo que ofrece una notable robustez. Su <g id=\"gid_3\">asa integrada<\/g> facilita su transporte, garantizando comodidad y seguridad, ya sea para vinos, champanes o aceites gourmet. Asimismo, sus dimensiones perfectamente dise\u00f1adas<strong>(18 x 9 x 34 cm<\/strong>) aseguran la sujeci\u00f3n de dos botellas est\u00e1ndar, evitando cualquier movimiento indeseado durante el transporte.  <\/p>\n<p data-start=\"981\" data-end=\"1285\">Al elegir este <strong data-start=\"999\" data-end=\"1020\">envase sostenible<\/strong>, puede demostrar a sus clientes que <strong data-start=\"1056\" data-end=\"1089\">la protecci\u00f3n del medio ambiente<\/strong> es una de sus principales prioridades. No es solo una opci\u00f3n pr\u00e1ctica: tambi\u00e9n es un verdadero argumento de marketing para atraer a clientes deseosos de consumir de forma m\u00e1s responsable. <\/p>\n<p data-start=\"1287\" data-end=\"1647\">As\u00ed que, tanto si busca un <strong data-start=\"1314\" data-end=\"1337\">regalo de empresa<\/strong>, una <strong data-start=\"1343\" data-end=\"1364\">venta en tienda<\/strong> o realzar sus propios productos, este <strong>estuche ecol\u00f3gico para 2 botellas<\/strong> ofrece el equilibrio perfecto entre <strong data-start=\"1458\" data-end=\"1472\">est\u00e9tica<\/strong>, <strong data-start=\"1474\" data-end=\"1488\">robustez<\/strong> y <strong data-start=\"1492\" data-end=\"1517\">respeto por el planeta<\/strong>.<\/p>\n<p>&nbsp;<\/p>\n<p><!--more--><\/p>\n<p><strong>Ventajas :<\/strong><\/p>\n<ul>\n<li><strong data-start=\"1842\" data-end=\"1856\">Respetuoso con el medio ambiente<\/strong>: cart\u00f3n reciclado de bajo impacto clim\u00e1tico.<\/li>\n<li><strong data-start=\"1905\" data-end=\"1917\">Pr\u00e1ctico<\/strong>: asa integrada para facilitar el transporte.<\/li>\n<li><strong data-start=\"1966\" data-end=\"1978\">Seguro<\/strong>: sujeci\u00f3n perfecta para 2 botellas est\u00e1ndar.<\/li>\n<li><strong data-start=\"2028\" data-end=\"2042\">Est\u00e9tica<\/strong>: dise\u00f1o natural y sobrio para realzar sus regalos.<\/li>\n<li><strong data-start=\"2099\" data-end=\"2113\">Vers\u00e1til<\/strong>: apto para vinos de alta gama, champanes, aceites o zumos.<\/li>\n<\/ul>\n<p>&nbsp;<\/p>\n<p><!--more--><\/p>\n<h4>Informaci\u00f3n adicional :<\/h4>\n<ul>\n<li><strong>Embalaje<\/strong>: Por unidad<\/li>\n<li><strong>Dimensiones<\/strong>: 18 x 9 x 34 cm<\/li>\n<li><strong>Color<\/strong>: Kraft<\/li>\n<li><strong>Material<\/strong>: Cart\u00f3n<\/li>\n<\/ul>\n<p>&nbsp;<\/p>\n<p><!--more--><\/p>\n<p>Este producto tambi\u00e9n est\u00e1 disponible en <span style=\"color: #d12727;\"><br \/>\n  <a style=\"color: #d12727;\" href=\"https:\/\/www.csj-emballages.com\/produit\/etui-carton-pour-3-bouteilles-avec-poignee\/\">3 botellas<\/a><br \/>\n<\/span><\/p>\n<p>&nbsp;<\/p>\n<p><!--more--><\/p>\n<p>Ver todos los colores disponibles para este estuche de 2 botellas: <span style=\"color: #d12727;\"><a style=\"color: #d12727;\" href=\"https:\/\/www.csj-emballages.com\/en\/produit\/2-bottle-case-white-cardboard-with-integrated-handle-180-x-90-x-385-mm-pack-of-5\/\">Blanco<\/a> <\/span>\/ <span style=\"color: #d12727;\"><a style=\"color: #d12727;\" href=\"https:\/\/www.csj-emballages.com\/es\/produit\/estuche-de-carton-negro-para-2-botellas-con-asa-integrada-180-x-90-x-385-mm-paquete-de-5\/\">Negro<\/a> <\/span>\/ <span style=\"color: #d12727;\"><br \/>\n  <a style=\"color: #d12727;\" href=\"https:\/\/www.csj-emballages.com\/es\/produit\/estuche-de-carton-burdeos-de-2-botellas-con-asa-integrada-180-x-90-x-385-mm-paquete-de-5\/\">Burdeos<\/a><br \/>\n<\/span><\/p>\n<p>&nbsp;<\/p>\n<p><!--more--><\/p>\n<p><a href=\"https:\/\/www.csj-emballages.com\/es\/categorie-produit\/envasado-de-alimentos\/tienda-y-almacen\/bolsas-sobres\/bolsas-para-botellas\/\">Ver el resto de nuestra gama de bolsas para botellas<\/a><\/p>\n","protected":false},"excerpt":{"rendered":"<p>Estuche para 2 botellas Descripci\u00f3n de nuestro estuche de cart\u00f3n para 2 botellas con asa 18 x 9 x 34 cm<\/p>\n","protected":false},"featured_media":244337,"template":"","meta":{"_acf_changed":false},"product_brand":[],"product_cat":[1150,1488,3424],"product_tag":[],"class_list":{"0":"post-23242","1":"product","2":"type-product","3":"status-publish","4":"has-post-thumbnail","6":"product_cat-envasado-de-alimentos","7":"product_cat-tienda-y-almacen","8":"product_cat-bolsas-para-botellas","10":"first","11":"instock","12":"taxable","13":"shipping-taxable","14":"purchasable","15":"product-type-simple"},"acf":[],"yoast_head":"<!-- This site is optimized with the Yoast SEO Premium plugin v26.6 (Yoast SEO v26.6) - https:\/\/yoast.com\/wordpress\/plugins\/seo\/ -->\n<title>Estuche de cart\u00f3n de 2 botellas con asa 18 x 9 x 34 cm<\/title>\n<meta name=\"description\" content=\"Estuche de cart\u00f3n ecol\u00f3gico para 2 botellas con asa integrada, r\u00e1pido y f\u00e1cil de montar, perfecto para regalar y transportar con elegancia.\" \/>\n<meta name=\"robots\" content=\"index, follow, max-snippet:-1, max-image-preview:large, max-video-preview:-1\" \/>\n<link rel=\"canonical\" href=\"https:\/\/www.csj-emballages.com\/es\/produit\/estuche-de-carton-para-2-botellas-con-asa\/\" \/>\n<meta property=\"og:locale\" content=\"es_ES\" \/>\n<meta property=\"og:type\" content=\"article\" \/>\n<meta property=\"og:title\" content=\"Estuche de cart\u00f3n de 2 botellas con asa 18 x 9 x 34 cm\" \/>\n<meta property=\"og:description\" content=\"Estuche de cart\u00f3n ecol\u00f3gico para 2 botellas con asa integrada, r\u00e1pido y f\u00e1cil de montar, perfecto para regalar y transportar con elegancia.\" \/>\n<meta property=\"og:url\" content=\"https:\/\/www.csj-emballages.com\/es\/produit\/estuche-de-carton-para-2-botellas-con-asa\/\" \/>\n<meta property=\"og:site_name\" content=\"CSJ Emballages\" \/>\n<meta property=\"article:publisher\" content=\"https:\/\/www.facebook.com\/csjemballages\" \/>\n<meta property=\"article:modified_time\" content=\"2026-04-16T00:15:37+00:00\" \/>\n<meta property=\"og:image\" content=\"https:\/\/www.csj-emballages.com\/wp-content\/uploads\/2024\/03\/SB2C.jpg\" \/>\n\t<meta property=\"og:image:width\" content=\"800\" \/>\n\t<meta property=\"og:image:height\" content=\"800\" \/>\n\t<meta property=\"og:image:type\" content=\"image\/jpeg\" \/>\n<meta name=\"twitter:card\" content=\"summary_large_image\" \/>\n<meta name=\"twitter:label1\" content=\"Tiempo de lectura\" \/>\n\t<meta name=\"twitter:data1\" content=\"2 minutos\" \/>\n<script type=\"application\/ld+json\" class=\"yoast-schema-graph\">{\"@context\":\"https:\/\/schema.org\",\"@graph\":[{\"@type\":\"WebPage\",\"@id\":\"https:\/\/www.csj-emballages.com\/es\/produit\/estuche-de-carton-para-2-botellas-con-asa\/\",\"url\":\"https:\/\/www.csj-emballages.com\/es\/produit\/estuche-de-carton-para-2-botellas-con-asa\/\",\"name\":\"Estuche de cart\u00f3n de 2 botellas con asa 18 x 9 x 34 cm\",\"isPartOf\":{\"@id\":\"https:\/\/www.csj-emballages.com\/es\/#website\"},\"primaryImageOfPage\":{\"@id\":\"https:\/\/www.csj-emballages.com\/es\/produit\/estuche-de-carton-para-2-botellas-con-asa\/#primaryimage\"},\"image\":{\"@id\":\"https:\/\/www.csj-emballages.com\/es\/produit\/estuche-de-carton-para-2-botellas-con-asa\/#primaryimage\"},\"thumbnailUrl\":\"https:\/\/www.csj-emballages.com\/wp-content\/uploads\/2024\/03\/SB2C.jpg\",\"datePublished\":\"2024-03-01T15:50:04+00:00\",\"dateModified\":\"2026-04-16T00:15:37+00:00\",\"description\":\"Estuche de cart\u00f3n ecol\u00f3gico para 2 botellas con asa integrada, r\u00e1pido y f\u00e1cil de montar, perfecto para regalar y transportar con elegancia.\",\"breadcrumb\":{\"@id\":\"https:\/\/www.csj-emballages.com\/es\/produit\/estuche-de-carton-para-2-botellas-con-asa\/#breadcrumb\"},\"inLanguage\":\"es\",\"potentialAction\":[{\"@type\":\"ReadAction\",\"target\":[\"https:\/\/www.csj-emballages.com\/es\/produit\/estuche-de-carton-para-2-botellas-con-asa\/\"]}]},{\"@type\":\"ImageObject\",\"inLanguage\":\"es\",\"@id\":\"https:\/\/www.csj-emballages.com\/es\/produit\/estuche-de-carton-para-2-botellas-con-asa\/#primaryimage\",\"url\":\"https:\/\/www.csj-emballages.com\/wp-content\/uploads\/2024\/03\/SB2C.jpg\",\"contentUrl\":\"https:\/\/www.csj-emballages.com\/wp-content\/uploads\/2024\/03\/SB2C.jpg\",\"width\":800,\"height\":800,\"caption\":\"\u00c9tui 2 bouteilles\"},{\"@type\":\"BreadcrumbList\",\"@id\":\"https:\/\/www.csj-emballages.com\/es\/produit\/estuche-de-carton-para-2-botellas-con-asa\/#breadcrumb\",\"itemListElement\":[{\"@type\":\"ListItem\",\"position\":1,\"name\":\"Accueil\",\"item\":\"https:\/\/www.csj-emballages.com\/es\/universo-del-envasado-alimentario\/\"},{\"@type\":\"ListItem\",\"position\":2,\"name\":\"Tienda\",\"item\":\"https:\/\/www.csj-emballages.com\/tienda\/\"},{\"@type\":\"ListItem\",\"position\":3,\"name\":\"Estuche de cart\u00f3n de 2 botellas con asa 18 x 9 x 34 cm\"}]},{\"@type\":\"WebSite\",\"@id\":\"https:\/\/www.csj-emballages.com\/es\/#website\",\"url\":\"https:\/\/www.csj-emballages.com\/es\/\",\"name\":\"CSJ Emballages\",\"description\":\"\",\"publisher\":{\"@id\":\"https:\/\/www.csj-emballages.com\/es\/#organization\"},\"potentialAction\":[{\"@type\":\"SearchAction\",\"target\":{\"@type\":\"EntryPoint\",\"urlTemplate\":\"https:\/\/www.csj-emballages.com\/es\/?s={search_term_string}\"},\"query-input\":{\"@type\":\"PropertyValueSpecification\",\"valueRequired\":true,\"valueName\":\"search_term_string\"}}],\"inLanguage\":\"es\"},{\"@type\":\"Organization\",\"@id\":\"https:\/\/www.csj-emballages.com\/es\/#Organization\/\",\"name\":\"CSJ Emballages\",\"url\":\"https:\/\/www.csj-emballages.com\/es\/\",\"logo\":{\"@type\":\"ImageObject\",\"inLanguage\":\"es\",\"@id\":\"https:\/\/www.csj-emballages.com\/es\/#\/schema\/logo\/image\/\",\"url\":\"https:\/\/www.csj-emballages.com\/wp-content\/uploads\/2023\/10\/logo_csj.webp\",\"contentUrl\":\"https:\/\/www.csj-emballages.com\/wp-content\/uploads\/2023\/10\/logo_csj.webp\",\"width\":250,\"height\":95,\"caption\":\"CSJ Emballages\"},\"image\":{\"@id\":\"https:\/\/www.csj-emballages.com\/es\/#\/schema\/logo\/image\/\"},\"sameAs\":[\"https:\/\/www.facebook.com\/csjemballages\"],\"address\":{\"@type\":\"PostalAddress\",\"streetAddress\":\"ZI La Lechere\",\"addressLocality\":\"Patornay\",\"postalCode\":\"39130\",\"addressCountry\":\"FR\"},\"contactPoint\":[{\"@type\":\"ContactPoint\",\"contactType\":\"Service client\",\"telephone\":\"0384254272\",\"email\":\"contact@csj-emballages.com\"}]}]}<\/script>\n<!-- \/ Yoast SEO Premium plugin. -->","yoast_head_json":{"title":"Estuche de cart\u00f3n de 2 botellas con asa 18 x 9 x 34 cm","description":"Estuche de cart\u00f3n ecol\u00f3gico para 2 botellas con asa integrada, r\u00e1pido y f\u00e1cil de montar, perfecto para regalar y transportar con elegancia.","robots":{"index":"index","follow":"follow","max-snippet":"max-snippet:-1","max-image-preview":"max-image-preview:large","max-video-preview":"max-video-preview:-1"},"canonical":"https:\/\/www.csj-emballages.com\/es\/produit\/estuche-de-carton-para-2-botellas-con-asa\/","og_locale":"es_ES","og_type":"article","og_title":"Estuche de cart\u00f3n de 2 botellas con asa 18 x 9 x 34 cm","og_description":"Estuche de cart\u00f3n ecol\u00f3gico para 2 botellas con asa integrada, r\u00e1pido y f\u00e1cil de montar, perfecto para regalar y transportar con elegancia.","og_url":"https:\/\/www.csj-emballages.com\/es\/produit\/estuche-de-carton-para-2-botellas-con-asa\/","og_site_name":"CSJ Emballages","article_publisher":"https:\/\/www.facebook.com\/csjemballages","article_modified_time":"2026-04-16T00:15:37+00:00","og_image":[{"width":800,"height":800,"url":"https:\/\/www.csj-emballages.com\/wp-content\/uploads\/2024\/03\/SB2C.jpg","type":"image\/jpeg"}],"twitter_card":"summary_large_image","twitter_misc":{"Tiempo de lectura":"2 minutos"},"schema":{"@context":"https:\/\/schema.org","@graph":[{"@type":"WebPage","@id":"https:\/\/www.csj-emballages.com\/es\/produit\/estuche-de-carton-para-2-botellas-con-asa\/","url":"https:\/\/www.csj-emballages.com\/es\/produit\/estuche-de-carton-para-2-botellas-con-asa\/","name":"Estuche de cart\u00f3n de 2 botellas con asa 18 x 9 x 34 cm","isPartOf":{"@id":"https:\/\/www.csj-emballages.com\/es\/#website"},"primaryImageOfPage":{"@id":"https:\/\/www.csj-emballages.com\/es\/produit\/estuche-de-carton-para-2-botellas-con-asa\/#primaryimage"},"image":{"@id":"https:\/\/www.csj-emballages.com\/es\/produit\/estuche-de-carton-para-2-botellas-con-asa\/#primaryimage"},"thumbnailUrl":"https:\/\/www.csj-emballages.com\/wp-content\/uploads\/2024\/03\/SB2C.jpg","datePublished":"2024-03-01T15:50:04+00:00","dateModified":"2026-04-16T00:15:37+00:00","description":"Estuche de cart\u00f3n ecol\u00f3gico para 2 botellas con asa integrada, r\u00e1pido y f\u00e1cil de montar, perfecto para regalar y transportar con elegancia.","breadcrumb":{"@id":"https:\/\/www.csj-emballages.com\/es\/produit\/estuche-de-carton-para-2-botellas-con-asa\/#breadcrumb"},"inLanguage":"es","potentialAction":[{"@type":"ReadAction","target":["https:\/\/www.csj-emballages.com\/es\/produit\/estuche-de-carton-para-2-botellas-con-asa\/"]}]},{"@type":"ImageObject","inLanguage":"es","@id":"https:\/\/www.csj-emballages.com\/es\/produit\/estuche-de-carton-para-2-botellas-con-asa\/#primaryimage","url":"https:\/\/www.csj-emballages.com\/wp-content\/uploads\/2024\/03\/SB2C.jpg","contentUrl":"https:\/\/www.csj-emballages.com\/wp-content\/uploads\/2024\/03\/SB2C.jpg","width":800,"height":800,"caption":"\u00c9tui 2 bouteilles"},{"@type":"BreadcrumbList","@id":"https:\/\/www.csj-emballages.com\/es\/produit\/estuche-de-carton-para-2-botellas-con-asa\/#breadcrumb","itemListElement":[{"@type":"ListItem","position":1,"name":"Accueil","item":"https:\/\/www.csj-emballages.com\/es\/universo-del-envasado-alimentario\/"},{"@type":"ListItem","position":2,"name":"Tienda","item":"https:\/\/www.csj-emballages.com\/tienda\/"},{"@type":"ListItem","position":3,"name":"Estuche de cart\u00f3n de 2 botellas con asa 18 x 9 x 34 cm"}]},{"@type":"WebSite","@id":"https:\/\/www.csj-emballages.com\/es\/#website","url":"https:\/\/www.csj-emballages.com\/es\/","name":"CSJ Emballages","description":"","publisher":{"@id":"https:\/\/www.csj-emballages.com\/es\/#organization"},"potentialAction":[{"@type":"SearchAction","target":{"@type":"EntryPoint","urlTemplate":"https:\/\/www.csj-emballages.com\/es\/?s={search_term_string}"},"query-input":{"@type":"PropertyValueSpecification","valueRequired":true,"valueName":"search_term_string"}}],"inLanguage":"es"},{"@type":"Organization","@id":"https:\/\/www.csj-emballages.com\/es\/#Organization\/","name":"CSJ Emballages","url":"https:\/\/www.csj-emballages.com\/es\/","logo":{"@type":"ImageObject","inLanguage":"es","@id":"https:\/\/www.csj-emballages.com\/es\/#\/schema\/logo\/image\/","url":"https:\/\/www.csj-emballages.com\/wp-content\/uploads\/2023\/10\/logo_csj.webp","contentUrl":"https:\/\/www.csj-emballages.com\/wp-content\/uploads\/2023\/10\/logo_csj.webp","width":250,"height":95,"caption":"CSJ Emballages"},"image":{"@id":"https:\/\/www.csj-emballages.com\/es\/#\/schema\/logo\/image\/"},"sameAs":["https:\/\/www.facebook.com\/csjemballages"],"address":{"@type":"PostalAddress","streetAddress":"ZI La Lechere","addressLocality":"Patornay","postalCode":"39130","addressCountry":"FR"},"contactPoint":[{"@type":"ContactPoint","contactType":"Service client","telephone":"0384254272","email":"contact@csj-emballages.com"}]}]}},"df_price":2.23,"df_sale_price":"","df_regular_price":2.23,"df_image_link":"https:\/\/www.csj-emballages.com\/wp-content\/uploads\/2024\/03\/SB2C-300x300.jpg","tiered_pricing_type":"fixed","tiered_pricing_fixed_rules":[],"tiered_pricing_percentage_rules":[],"tiered_pricing_minimum":1,"tiered_pricing_roles_data":[],"_links":{"self":[{"href":"https:\/\/www.csj-emballages.com\/es\/wp-json\/wp\/v2\/product\/23242","targetHints":{"allow":["GET"]}}],"collection":[{"href":"https:\/\/www.csj-emballages.com\/es\/wp-json\/wp\/v2\/product"}],"about":[{"href":"https:\/\/www.csj-emballages.com\/es\/wp-json\/wp\/v2\/types\/product"}],"wp:featuredmedia":[{"embeddable":true,"href":"https:\/\/www.csj-emballages.com\/es\/wp-json\/wp\/v2\/media\/244337"}],"wp:attachment":[{"href":"https:\/\/www.csj-emballages.com\/es\/wp-json\/wp\/v2\/media?parent=23242"}],"wp:term":[{"taxonomy":"product_brand","embeddable":true,"href":"https:\/\/www.csj-emballages.com\/es\/wp-json\/wp\/v2\/product_brand?post=23242"},{"taxonomy":"product_cat","embeddable":true,"href":"https:\/\/www.csj-emballages.com\/es\/wp-json\/wp\/v2\/product_cat?post=23242"},{"taxonomy":"product_tag","embeddable":true,"href":"https:\/\/www.csj-emballages.com\/es\/wp-json\/wp\/v2\/product_tag?post=23242"}],"curies":[{"name":"wp","href":"https:\/\/api.w.org\/{rel}","templated":true}]}}