{"id":23239,"date":"2024-03-01T16:50:05","date_gmt":"2024-03-01T15:50:05","guid":{"rendered":"https:\/\/u15jnbdpoq.preview.infomaniak.website\/produit\/100-bolsas-para-cajas-de-pasteleria\/"},"modified":"2026-05-01T02:14:23","modified_gmt":"2026-05-01T00:14:23","slug":"100-bolsas-para-cajas-de-pasteleria","status":"publish","type":"product","link":"https:\/\/www.csj-emballages.com\/es\/produit\/100-bolsas-para-cajas-de-pasteleria\/","title":{"rendered":"Manga pastelera, 100"},"content":{"rendered":"<p>Descripci\u00f3n<\/p>\n<p>Bolsas de transporte para moldes de reposter\u00eda para transportar f\u00e1cilmente tus moldes<\/p>\n<p>Caracter\u00edsticas<\/p>\n<p>Embalaje: caja de 100 bolsas<\/p>\n<p>Material :<\/p>\n<p>Dimensiones: 310 mm + 15 cm de fuelle mm x 550 mm Grosor: 50 micras<\/p>\n<p>&nbsp;<\/p>\n<p>&nbsp;<\/p>\n<h2 class=\"p1\">Manga pastelera<\/h2>\n<hr>\n<h3>Descripci\u00f3n de nuestra manga pastelera, 100 unidades<\/h3>\n<p><!--more--><\/p>\n<p data-start=\"317\" data-end=\"791\">Estas <strong>mangas pasteleras<\/strong>, que se venden en paquetes de <strong>100 unidades<\/strong>, se convertir\u00e1n r\u00e1pidamente en una parte esencial de su rutina diaria. Est\u00e1n dise\u00f1adas para transportar <g id=\"gid_2\">pasteles, tartas, entremeses y otros dulces de<\/g> forma f\u00e1cil y sin complicaciones. En cuanto se introduce la <g id=\"gid_3\">caja en la<\/g> <g id=\"gid_4\">bolsa<\/g>, \u00e9sta se mantiene en su sitio y protege los dulces durante el trayecto. Adem\u00e1s, tanto si entrega un pedido a un cliente como si transporta un postre a casa de un amigo, todo permanecer\u00e1 limpio y seguro.   <\/p>\n<p data-start=\"793\" data-end=\"1160\">Adem\u00e1s, gracias a su material resistente, no se rasgar\u00e1 ni siquiera con tartas un poco pesadas o generosamente decoradas. As\u00ed que puedes moverte sin miedo: esta <strong>bandolera<\/strong> cumple con su cometido. <\/p>\n<p data-start=\"1162\" data-end=\"1464\">Adem\u00e1s, su formato se adapta perfectamente a <strong>las cajas de pasteler\u00eda tradicionales<\/strong>. Ahorrar\u00e1 tiempo, empaquetar\u00e1 m\u00e1s r\u00e1pido y el resultado ser\u00e1 limpio y profesional. Su sencillo dise\u00f1o combina con todos los estilos, por lo que podr\u00e1 mantener su presentaci\u00f3n ordenada y sencilla.  <\/p>\n<p data-start=\"1466\" data-end=\"1801\">En resumen, estas <strong>mangas pasteleras<\/strong> le har\u00e1n la vida m\u00e1s f\u00e1cil. Son pr\u00e1cticas, resistentes y realmente adecuadas para el uso diario. Tanto si trabaja en una pasteler\u00eda como si es un particular al que le gusta dar placer, hacen que el transporte de sus creaciones sea m\u00e1s seguro y le aportan una verdadera tranquilidad.  <\/p>\n<p data-start=\"1466\" data-end=\"1801\">\n<p><!--more--><\/p>\n<p><strong>Ventajas :<\/strong><\/p>\n<ul>\n<li data-start=\"1828\" data-end=\"1882\">Muy buena resistencia, incluso para pasteles pesados.<\/li>\n<li data-start=\"1885\" data-end=\"1938\">Compatible con la mayor\u00eda de las <strong>cajas de pasteler\u00eda<\/strong>.<\/li>\n<li data-start=\"1941\" data-end=\"1991\">Se venden en paquetes de <strong>100 unidades<\/strong> para evitar que se agoten las existencias.<\/li>\n<li data-start=\"1994\" data-end=\"2042\">F\u00e1cil de usar y r\u00e1pida de instalar.<\/li>\n<li data-start=\"2045\" data-end=\"2072\">Presentaci\u00f3n limpia y profesional.<\/li>\n<\/ul>\n<p>&nbsp;<\/p>\n<p><!--more--><\/p>\n<h4>Informaci\u00f3n adicional :<\/h4>\n<ul>\n<li><strong>Embalaje<\/strong>: Paquete de 100<\/li>\n<li><strong>Dimensiones<\/strong>: 350 + 150 + 150 x 550 mm<\/li>\n<li><strong>Color<\/strong>: Transparente<\/li>\n<li><strong>Grosor<\/strong>: 50 micras<\/li>\n<li><strong>Material<\/strong>: LDPE<\/li>\n<\/ul>\n<p>&nbsp;<\/p>\n<p><!--more--><\/p>\n<p><a href=\"https:\/\/www.csj-emballages.com\/es\/categorie-produit\/envasado-de-alimentos\/panaderia-y-pasteleria\/bolsas-sobres-y-papel\/bolsas-para-cajas-de-pasteles\/\">Ver el resto de nuestra gama de bolsas para cajas de pasteler\u00eda<\/a><\/p>\n","protected":false},"excerpt":{"rendered":"<p>Descripci\u00f3n Bolsas de transporte para moldes de reposter\u00eda para transportar f\u00e1cilmente tus moldes Caracter\u00edsticas Embalaje: caja de 100 bolsas Material : Dimensiones: 310 mm + 15 cm de fuelle mm x 550 mm Grosor: 50 micras &nbsp; &nbsp; Manga pastelera Descripci\u00f3n de nuestra manga pastelera, 100 unidades<\/p>\n","protected":false},"featured_media":255153,"template":"","meta":{"_acf_changed":false},"product_brand":[],"product_cat":[1145,3423],"product_tag":[],"class_list":{"0":"post-23239","1":"product","2":"type-product","3":"status-publish","4":"has-post-thumbnail","6":"product_cat-panaderia-y-pasteleria","7":"product_cat-bolsas-para-cajas-de-pasteles","9":"first","10":"instock","11":"taxable","12":"shipping-taxable","13":"purchasable","14":"product-type-simple"},"acf":[],"yoast_head":"<!-- This site is optimized with the Yoast SEO Premium plugin v26.6 (Yoast SEO v26.6) - https:\/\/yoast.com\/wordpress\/plugins\/seo\/ -->\n<title>Cajas de pasteler\u00eda, 100 por bolsa<\/title>\n<meta name=\"description\" content=\"Bolsas para pasteles, 100 por caja: pr\u00e1cticas, resistentes y perfectas para transportar pasteles, tartas y pastas con facilidad.\" \/>\n<meta name=\"robots\" content=\"index, follow, max-snippet:-1, max-image-preview:large, max-video-preview:-1\" \/>\n<link rel=\"canonical\" href=\"https:\/\/www.csj-emballages.com\/es\/produit\/100-bolsas-para-cajas-de-pasteleria\/\" \/>\n<meta property=\"og:locale\" content=\"es_ES\" \/>\n<meta property=\"og:type\" content=\"article\" \/>\n<meta property=\"og:title\" content=\"Manga pastelera, 100\" \/>\n<meta property=\"og:description\" content=\"Bolsas para pasteles, 100 por caja: pr\u00e1cticas, resistentes y perfectas para transportar pasteles, tartas y pastas con facilidad.\" \/>\n<meta property=\"og:url\" content=\"https:\/\/www.csj-emballages.com\/es\/produit\/100-bolsas-para-cajas-de-pasteleria\/\" \/>\n<meta property=\"og:site_name\" content=\"CSJ Emballages\" \/>\n<meta property=\"article:publisher\" content=\"https:\/\/www.facebook.com\/csjemballages\" \/>\n<meta property=\"article:modified_time\" content=\"2026-05-01T00:14:23+00:00\" \/>\n<meta property=\"og:image\" content=\"https:\/\/www.csj-emballages.com\/wp-content\/uploads\/2024\/03\/SACS31TRANS.webp\" \/>\n\t<meta property=\"og:image:width\" content=\"800\" \/>\n\t<meta property=\"og:image:height\" content=\"800\" \/>\n\t<meta property=\"og:image:type\" content=\"image\/webp\" \/>\n<meta name=\"twitter:card\" content=\"summary_large_image\" \/>\n<meta name=\"twitter:label1\" content=\"Tiempo de lectura\" \/>\n\t<meta name=\"twitter:data1\" content=\"2 minutos\" \/>\n<script type=\"application\/ld+json\" class=\"yoast-schema-graph\">{\"@context\":\"https:\/\/schema.org\",\"@graph\":[{\"@type\":\"WebPage\",\"@id\":\"https:\/\/www.csj-emballages.com\/es\/produit\/100-bolsas-para-cajas-de-pasteleria\/\",\"url\":\"https:\/\/www.csj-emballages.com\/es\/produit\/100-bolsas-para-cajas-de-pasteleria\/\",\"name\":\"Cajas de pasteler\u00eda, 100 por bolsa\",\"isPartOf\":{\"@id\":\"https:\/\/www.csj-emballages.com\/es\/#website\"},\"primaryImageOfPage\":{\"@id\":\"https:\/\/www.csj-emballages.com\/es\/produit\/100-bolsas-para-cajas-de-pasteleria\/#primaryimage\"},\"image\":{\"@id\":\"https:\/\/www.csj-emballages.com\/es\/produit\/100-bolsas-para-cajas-de-pasteleria\/#primaryimage\"},\"thumbnailUrl\":\"https:\/\/www.csj-emballages.com\/wp-content\/uploads\/2024\/03\/SACS31TRANS.webp\",\"datePublished\":\"2024-03-01T15:50:05+00:00\",\"dateModified\":\"2026-05-01T00:14:23+00:00\",\"description\":\"Bolsas para pasteles, 100 por caja: pr\u00e1cticas, resistentes y perfectas para transportar pasteles, tartas y pastas con facilidad.\",\"breadcrumb\":{\"@id\":\"https:\/\/www.csj-emballages.com\/es\/produit\/100-bolsas-para-cajas-de-pasteleria\/#breadcrumb\"},\"inLanguage\":\"es\",\"potentialAction\":[{\"@type\":\"ReadAction\",\"target\":[\"https:\/\/www.csj-emballages.com\/es\/produit\/100-bolsas-para-cajas-de-pasteleria\/\"]}]},{\"@type\":\"ImageObject\",\"inLanguage\":\"es\",\"@id\":\"https:\/\/www.csj-emballages.com\/es\/produit\/100-bolsas-para-cajas-de-pasteleria\/#primaryimage\",\"url\":\"https:\/\/www.csj-emballages.com\/wp-content\/uploads\/2024\/03\/SACS31TRANS.webp\",\"contentUrl\":\"https:\/\/www.csj-emballages.com\/wp-content\/uploads\/2024\/03\/SACS31TRANS.webp\",\"width\":800,\"height\":800,\"caption\":\"Sac boites p\u00e2tissi\u00e8res\"},{\"@type\":\"BreadcrumbList\",\"@id\":\"https:\/\/www.csj-emballages.com\/es\/produit\/100-bolsas-para-cajas-de-pasteleria\/#breadcrumb\",\"itemListElement\":[{\"@type\":\"ListItem\",\"position\":1,\"name\":\"Accueil\",\"item\":\"https:\/\/www.csj-emballages.com\/es\/universo-del-envasado-alimentario\/\"},{\"@type\":\"ListItem\",\"position\":2,\"name\":\"Tienda\",\"item\":\"https:\/\/www.csj-emballages.com\/tienda\/\"},{\"@type\":\"ListItem\",\"position\":3,\"name\":\"Manga pastelera, 100\"}]},{\"@type\":\"WebSite\",\"@id\":\"https:\/\/www.csj-emballages.com\/es\/#website\",\"url\":\"https:\/\/www.csj-emballages.com\/es\/\",\"name\":\"CSJ Emballages\",\"description\":\"\",\"publisher\":{\"@id\":\"https:\/\/www.csj-emballages.com\/es\/#organization\"},\"potentialAction\":[{\"@type\":\"SearchAction\",\"target\":{\"@type\":\"EntryPoint\",\"urlTemplate\":\"https:\/\/www.csj-emballages.com\/es\/?s={search_term_string}\"},\"query-input\":{\"@type\":\"PropertyValueSpecification\",\"valueRequired\":true,\"valueName\":\"search_term_string\"}}],\"inLanguage\":\"es\"},{\"@type\":\"Organization\",\"@id\":\"https:\/\/www.csj-emballages.com\/es\/#Organization\/\",\"name\":\"CSJ Emballages\",\"url\":\"https:\/\/www.csj-emballages.com\/es\/\",\"logo\":{\"@type\":\"ImageObject\",\"inLanguage\":\"es\",\"@id\":\"https:\/\/www.csj-emballages.com\/es\/#\/schema\/logo\/image\/\",\"url\":\"https:\/\/www.csj-emballages.com\/wp-content\/uploads\/2023\/10\/logo_csj.webp\",\"contentUrl\":\"https:\/\/www.csj-emballages.com\/wp-content\/uploads\/2023\/10\/logo_csj.webp\",\"width\":250,\"height\":95,\"caption\":\"CSJ Emballages\"},\"image\":{\"@id\":\"https:\/\/www.csj-emballages.com\/es\/#\/schema\/logo\/image\/\"},\"sameAs\":[\"https:\/\/www.facebook.com\/csjemballages\"],\"address\":{\"@type\":\"PostalAddress\",\"streetAddress\":\"ZI La Lechere\",\"addressLocality\":\"Patornay\",\"postalCode\":\"39130\",\"addressCountry\":\"FR\"},\"contactPoint\":[{\"@type\":\"ContactPoint\",\"contactType\":\"Service client\",\"telephone\":\"0384254272\",\"email\":\"contact@csj-emballages.com\"}]}]}<\/script>\n<!-- \/ Yoast SEO Premium plugin. -->","yoast_head_json":{"title":"Cajas de pasteler\u00eda, 100 por bolsa","description":"Bolsas para pasteles, 100 por caja: pr\u00e1cticas, resistentes y perfectas para transportar pasteles, tartas y pastas con facilidad.","robots":{"index":"index","follow":"follow","max-snippet":"max-snippet:-1","max-image-preview":"max-image-preview:large","max-video-preview":"max-video-preview:-1"},"canonical":"https:\/\/www.csj-emballages.com\/es\/produit\/100-bolsas-para-cajas-de-pasteleria\/","og_locale":"es_ES","og_type":"article","og_title":"Manga pastelera, 100","og_description":"Bolsas para pasteles, 100 por caja: pr\u00e1cticas, resistentes y perfectas para transportar pasteles, tartas y pastas con facilidad.","og_url":"https:\/\/www.csj-emballages.com\/es\/produit\/100-bolsas-para-cajas-de-pasteleria\/","og_site_name":"CSJ Emballages","article_publisher":"https:\/\/www.facebook.com\/csjemballages","article_modified_time":"2026-05-01T00:14:23+00:00","og_image":[{"width":800,"height":800,"url":"https:\/\/www.csj-emballages.com\/wp-content\/uploads\/2024\/03\/SACS31TRANS.webp","type":"image\/webp"}],"twitter_card":"summary_large_image","twitter_misc":{"Tiempo de lectura":"2 minutos"},"schema":{"@context":"https:\/\/schema.org","@graph":[{"@type":"WebPage","@id":"https:\/\/www.csj-emballages.com\/es\/produit\/100-bolsas-para-cajas-de-pasteleria\/","url":"https:\/\/www.csj-emballages.com\/es\/produit\/100-bolsas-para-cajas-de-pasteleria\/","name":"Cajas de pasteler\u00eda, 100 por bolsa","isPartOf":{"@id":"https:\/\/www.csj-emballages.com\/es\/#website"},"primaryImageOfPage":{"@id":"https:\/\/www.csj-emballages.com\/es\/produit\/100-bolsas-para-cajas-de-pasteleria\/#primaryimage"},"image":{"@id":"https:\/\/www.csj-emballages.com\/es\/produit\/100-bolsas-para-cajas-de-pasteleria\/#primaryimage"},"thumbnailUrl":"https:\/\/www.csj-emballages.com\/wp-content\/uploads\/2024\/03\/SACS31TRANS.webp","datePublished":"2024-03-01T15:50:05+00:00","dateModified":"2026-05-01T00:14:23+00:00","description":"Bolsas para pasteles, 100 por caja: pr\u00e1cticas, resistentes y perfectas para transportar pasteles, tartas y pastas con facilidad.","breadcrumb":{"@id":"https:\/\/www.csj-emballages.com\/es\/produit\/100-bolsas-para-cajas-de-pasteleria\/#breadcrumb"},"inLanguage":"es","potentialAction":[{"@type":"ReadAction","target":["https:\/\/www.csj-emballages.com\/es\/produit\/100-bolsas-para-cajas-de-pasteleria\/"]}]},{"@type":"ImageObject","inLanguage":"es","@id":"https:\/\/www.csj-emballages.com\/es\/produit\/100-bolsas-para-cajas-de-pasteleria\/#primaryimage","url":"https:\/\/www.csj-emballages.com\/wp-content\/uploads\/2024\/03\/SACS31TRANS.webp","contentUrl":"https:\/\/www.csj-emballages.com\/wp-content\/uploads\/2024\/03\/SACS31TRANS.webp","width":800,"height":800,"caption":"Sac boites p\u00e2tissi\u00e8res"},{"@type":"BreadcrumbList","@id":"https:\/\/www.csj-emballages.com\/es\/produit\/100-bolsas-para-cajas-de-pasteleria\/#breadcrumb","itemListElement":[{"@type":"ListItem","position":1,"name":"Accueil","item":"https:\/\/www.csj-emballages.com\/es\/universo-del-envasado-alimentario\/"},{"@type":"ListItem","position":2,"name":"Tienda","item":"https:\/\/www.csj-emballages.com\/tienda\/"},{"@type":"ListItem","position":3,"name":"Manga pastelera, 100"}]},{"@type":"WebSite","@id":"https:\/\/www.csj-emballages.com\/es\/#website","url":"https:\/\/www.csj-emballages.com\/es\/","name":"CSJ Emballages","description":"","publisher":{"@id":"https:\/\/www.csj-emballages.com\/es\/#organization"},"potentialAction":[{"@type":"SearchAction","target":{"@type":"EntryPoint","urlTemplate":"https:\/\/www.csj-emballages.com\/es\/?s={search_term_string}"},"query-input":{"@type":"PropertyValueSpecification","valueRequired":true,"valueName":"search_term_string"}}],"inLanguage":"es"},{"@type":"Organization","@id":"https:\/\/www.csj-emballages.com\/es\/#Organization\/","name":"CSJ Emballages","url":"https:\/\/www.csj-emballages.com\/es\/","logo":{"@type":"ImageObject","inLanguage":"es","@id":"https:\/\/www.csj-emballages.com\/es\/#\/schema\/logo\/image\/","url":"https:\/\/www.csj-emballages.com\/wp-content\/uploads\/2023\/10\/logo_csj.webp","contentUrl":"https:\/\/www.csj-emballages.com\/wp-content\/uploads\/2023\/10\/logo_csj.webp","width":250,"height":95,"caption":"CSJ Emballages"},"image":{"@id":"https:\/\/www.csj-emballages.com\/es\/#\/schema\/logo\/image\/"},"sameAs":["https:\/\/www.facebook.com\/csjemballages"],"address":{"@type":"PostalAddress","streetAddress":"ZI La Lechere","addressLocality":"Patornay","postalCode":"39130","addressCountry":"FR"},"contactPoint":[{"@type":"ContactPoint","contactType":"Service client","telephone":"0384254272","email":"contact@csj-emballages.com"}]}]}},"df_price":17.21,"df_sale_price":"","df_regular_price":17.21,"df_image_link":"https:\/\/www.csj-emballages.com\/wp-content\/uploads\/2024\/03\/SACS31TRANS-300x300.webp","tiered_pricing_type":"fixed","tiered_pricing_fixed_rules":[],"tiered_pricing_percentage_rules":[],"tiered_pricing_minimum":1,"tiered_pricing_roles_data":[],"_links":{"self":[{"href":"https:\/\/www.csj-emballages.com\/es\/wp-json\/wp\/v2\/product\/23239","targetHints":{"allow":["GET"]}}],"collection":[{"href":"https:\/\/www.csj-emballages.com\/es\/wp-json\/wp\/v2\/product"}],"about":[{"href":"https:\/\/www.csj-emballages.com\/es\/wp-json\/wp\/v2\/types\/product"}],"wp:featuredmedia":[{"embeddable":true,"href":"https:\/\/www.csj-emballages.com\/es\/wp-json\/wp\/v2\/media\/255153"}],"wp:attachment":[{"href":"https:\/\/www.csj-emballages.com\/es\/wp-json\/wp\/v2\/media?parent=23239"}],"wp:term":[{"taxonomy":"product_brand","embeddable":true,"href":"https:\/\/www.csj-emballages.com\/es\/wp-json\/wp\/v2\/product_brand?post=23239"},{"taxonomy":"product_cat","embeddable":true,"href":"https:\/\/www.csj-emballages.com\/es\/wp-json\/wp\/v2\/product_cat?post=23239"},{"taxonomy":"product_tag","embeddable":true,"href":"https:\/\/www.csj-emballages.com\/es\/wp-json\/wp\/v2\/product_tag?post=23239"}],"curies":[{"name":"wp","href":"https:\/\/api.w.org\/{rel}","templated":true}]}}