{"id":23231,"date":"2024-03-01T16:49:27","date_gmt":"2024-03-01T15:49:27","guid":{"rendered":"https:\/\/u15jnbdpoq.preview.infomaniak.website\/produit\/500-bolsas-de-color-blanco-con-abertura-lateral-antigrasa-18-x-18-cm\/"},"modified":"2026-04-09T02:18:22","modified_gmt":"2026-04-09T00:18:22","slug":"500-bolsas-de-color-blanco-con-abertura-lateral-antigrasa-18-x-18-cm","status":"publish","type":"product","link":"https:\/\/www.csj-emballages.com\/es\/produit\/500-bolsas-de-color-blanco-con-abertura-lateral-antigrasa-18-x-18-cm\/","title":{"rendered":"Bolsa de papel crep\u00e9 impresa antigrasa 18 x 18 cm, paquete de 500"},"content":{"rendered":"<div style=\"font-family: Roboto, sans-serif;\">\n<div style=\"font-family: Roboto, sans-serif;\">\n<div style=\"font-family: Roboto, sans-serif;\">\n<div style=\"font-family: Roboto, sans-serif;\">\n<div style=\"font-family: Roboto, sans-serif;\">\n<div style=\"font-family: Roboto, sans-serif;\">\n<h2>Bolsa de crep\u00e9<\/h2>\n<hr>\n<h3>Descripci\u00f3n de nuestra bolsa de crep\u00e9 impresa antigrasa 18 x 18 cm por 500<\/h3>\n<p><!--more--><\/p>\n<div style=\"box-sizing: inherit; font-family: Roboto, sans-serif;\">\n<div style=\"font-family: Roboto, sans-serif;\">\n<div style=\"font-family: Roboto, sans-serif;\">\n<div style=\"font-family: Roboto, sans-serif;\">\n<div style=\"font-family: Roboto, sans-serif;\">\n<div style=\"font-family: Roboto, sans-serif;\">\n<div style=\"font-family: Roboto, sans-serif;\">\n<p>Ideal para profesionales de la restauraci\u00f3n, esta <strong>bolsa para cr\u00eapes<\/strong> te permite servir tus cr\u00eapes con elegancia y practicidad. Fabricada con papel antigrasa de alta calidad, retiene la grasa para garantizar una presentaci\u00f3n limpia y apetitosa. <\/p>\n<p>El estampado le da un toque profesional y festivo, perfecto para tus eventos o puntos de venta. Gracias a su tama\u00f1o <strong>de 18 x 18 cm<\/strong>, esta <strong>bolsa para cre<\/strong> pes se adapta a la mayor\u00eda de los crepes. Ofrece a tus clientes una experiencia pr\u00e1ctica y est\u00e9tica, respetando el medio ambiente con este producto sostenible y reciclable.  <\/p>\n<p>&nbsp;<\/p>\n<p><!--more--><\/p>\n<p>Adopta hoy mismo esta <strong>bolsa antigrasa <\/strong>para un envasado pr\u00e1ctico y econ\u00f3mico.<\/p>\n<\/div>\n<\/div>\n<\/div>\n<\/div>\n<\/div>\n<\/div>\n<\/div>\n<\/div>\n<\/div>\n<\/div>\n<\/div>\n<\/div>\n<\/div>\n<p>&nbsp;<\/p>\n<p><!--more--><\/p>\n<h4>Sus ventajas:<\/h4>\n<ul>\n<li><strong>\u00d3ptima practicidad:<\/strong> Perfecto para envolver y servir crepes sin riesgo de derrames ni suciedad gracias a su papel antigrasa.<\/li>\n<li><strong>Est\u00e9ticamente agradable:<\/strong> La impresi\u00f3n a\u00f1ade un toque profesional y atractivo, ideal para cautivar a tus clientes.<\/li>\n<li><strong>Soluci\u00f3n rentable:<\/strong> Disponible en paquetes de 500 unidades, satisface las necesidades de volumen de los profesionales.<\/li>\n<li><strong>Durabilidad:<\/strong> Fabricado con materiales respetuosos con el medio ambiente, reciclables y conformes con las normas alimentarias.<\/li>\n<\/ul>\n<p>&nbsp;<\/p>\n<div style=\"font-family: Roboto, sans-serif;\">\n<div style=\"font-family: Roboto, sans-serif;\">\n<div style=\"font-family: Roboto, sans-serif;\">\n<div style=\"font-family: Roboto, sans-serif;\">\n<div style=\"font-family: Roboto, sans-serif;\">\n<div style=\"font-family: Roboto, sans-serif;\">\n<p><!--more--><\/p>\n<div style=\"box-sizing: inherit; font-family: Roboto, sans-serif;\">\n<div style=\"box-sizing: inherit; font-family: Roboto, sans-serif;\">\n<div style=\"box-sizing: inherit; font-family: Roboto, sans-serif;\">\n<div style=\"box-sizing: inherit; font-family: Roboto, sans-serif;\">\n<h4>Informaci\u00f3n adicional :<\/h4>\n<ul>\n<li><strong>Tama\u00f1o: <\/strong>18 x 18 cm<\/li>\n<li><strong>Material : <\/strong>Papel sulfurizado<\/li>\n<li><strong>Envase : <\/strong>Paquete de 500<\/li>\n<li><strong>Color: <\/strong>Blanco con estampados<\/li>\n<\/ul>\n<\/div>\n<p>&nbsp;<\/p>\n<\/div>\n<\/div>\n<\/div>\n<p><!--more--><\/p>\n<p><span style=\"color: #d12727;\"><a style=\"color: #d12727;\" href=\"https:\/\/www.csj-emballages.com\/produit\/100-pochette-carton-crepes-carton-dechirable-kraft\/\">Encuentra aqu\u00ed las fundas de cart\u00f3n rasgables para cr\u00eapes<\/a><\/span><\/p>\n<p>&nbsp;<\/p>\n<p><!--more--><\/p>\n<p><a href=\"https:\/\/www.csj-emballages.com\/categorie-produit\/emballages\/restauration-sur-place-ou-emporter-fastfood-snacks\/sacs-et-papiers\/sachets-crepes\/\">Ver el resto de nuestra gama de bolsas para crepes<\/a><\/p>\n<\/div>\n<\/div>\n<\/div>\n<\/div>\n<\/div>\n<\/div>\n","protected":false},"excerpt":{"rendered":"<p>Bolsa de crep\u00e9 Descripci\u00f3n de nuestra bolsa de crep\u00e9 impresa antigrasa 18 x 18 cm por 500<\/p>\n","protected":false},"featured_media":207401,"template":"","meta":{"_acf_changed":false},"product_brand":[],"product_cat":[1179,3420],"product_tag":[],"class_list":{"0":"post-23231","1":"product","2":"type-product","3":"status-publish","4":"has-post-thumbnail","6":"product_cat-catering-es","7":"product_cat-bolsas-para-tortitas","9":"first","10":"instock","11":"taxable","12":"shipping-taxable","13":"purchasable","14":"product-type-simple"},"acf":[],"yoast_head":"<!-- This site is optimized with the Yoast SEO Premium plugin v26.6 (Yoast SEO v26.6) - https:\/\/yoast.com\/wordpress\/plugins\/seo\/ -->\n<title>Sobre de crep\u00e9 estampado - 18 x 18 cm<\/title>\n<meta name=\"description\" content=\"Elige nuestra bolsa para crepes impresa antigrasa de 18 x 18 cm: atractiva, pr\u00e1ctica y respetuosa con el medio ambiente. Ideal para envasar crepes y aperitivos\" \/>\n<meta name=\"robots\" content=\"index, follow, max-snippet:-1, max-image-preview:large, max-video-preview:-1\" \/>\n<link rel=\"canonical\" href=\"https:\/\/www.csj-emballages.com\/es\/produit\/500-bolsas-de-color-blanco-con-abertura-lateral-antigrasa-18-x-18-cm\/\" \/>\n<meta property=\"og:locale\" content=\"es_ES\" \/>\n<meta property=\"og:type\" content=\"article\" \/>\n<meta property=\"og:title\" content=\"Bolsa de papel crep\u00e9 impresa antigrasa 18 x 18 cm, paquete de 500\" \/>\n<meta property=\"og:description\" content=\"Elige nuestra bolsa para crepes impresa antigrasa de 18 x 18 cm: atractiva, pr\u00e1ctica y respetuosa con el medio ambiente. Ideal para envasar crepes y aperitivos\" \/>\n<meta property=\"og:url\" content=\"https:\/\/www.csj-emballages.com\/es\/produit\/500-bolsas-de-color-blanco-con-abertura-lateral-antigrasa-18-x-18-cm\/\" \/>\n<meta property=\"og:site_name\" content=\"CSJ Emballages\" \/>\n<meta property=\"article:publisher\" content=\"https:\/\/www.facebook.com\/csjemballages\" \/>\n<meta property=\"article:modified_time\" content=\"2026-04-09T00:18:22+00:00\" \/>\n<meta property=\"og:image\" content=\"https:\/\/www.csj-emballages.com\/wp-content\/uploads\/2024\/03\/sachet-crepe-papier.webp\" \/>\n\t<meta property=\"og:image:width\" content=\"800\" \/>\n\t<meta property=\"og:image:height\" content=\"800\" \/>\n\t<meta property=\"og:image:type\" content=\"image\/webp\" \/>\n<meta name=\"twitter:card\" content=\"summary_large_image\" \/>\n<meta name=\"twitter:label1\" content=\"Tiempo de lectura\" \/>\n\t<meta name=\"twitter:data1\" content=\"1 minuto\" \/>\n<script type=\"application\/ld+json\" class=\"yoast-schema-graph\">{\"@context\":\"https:\/\/schema.org\",\"@graph\":[{\"@type\":\"WebPage\",\"@id\":\"https:\/\/www.csj-emballages.com\/es\/produit\/500-bolsas-de-color-blanco-con-abertura-lateral-antigrasa-18-x-18-cm\/\",\"url\":\"https:\/\/www.csj-emballages.com\/es\/produit\/500-bolsas-de-color-blanco-con-abertura-lateral-antigrasa-18-x-18-cm\/\",\"name\":\"Sobre de crep\u00e9 estampado - 18 x 18 cm\",\"isPartOf\":{\"@id\":\"https:\/\/www.csj-emballages.com\/es\/#website\"},\"primaryImageOfPage\":{\"@id\":\"https:\/\/www.csj-emballages.com\/es\/produit\/500-bolsas-de-color-blanco-con-abertura-lateral-antigrasa-18-x-18-cm\/#primaryimage\"},\"image\":{\"@id\":\"https:\/\/www.csj-emballages.com\/es\/produit\/500-bolsas-de-color-blanco-con-abertura-lateral-antigrasa-18-x-18-cm\/#primaryimage\"},\"thumbnailUrl\":\"https:\/\/www.csj-emballages.com\/wp-content\/uploads\/2024\/03\/sachet-crepe-papier.webp\",\"datePublished\":\"2024-03-01T15:49:27+00:00\",\"dateModified\":\"2026-04-09T00:18:22+00:00\",\"description\":\"Elige nuestra bolsa para crepes impresa antigrasa de 18 x 18 cm: atractiva, pr\u00e1ctica y respetuosa con el medio ambiente. Ideal para envasar crepes y aperitivos\",\"breadcrumb\":{\"@id\":\"https:\/\/www.csj-emballages.com\/es\/produit\/500-bolsas-de-color-blanco-con-abertura-lateral-antigrasa-18-x-18-cm\/#breadcrumb\"},\"inLanguage\":\"es\",\"potentialAction\":[{\"@type\":\"ReadAction\",\"target\":[\"https:\/\/www.csj-emballages.com\/es\/produit\/500-bolsas-de-color-blanco-con-abertura-lateral-antigrasa-18-x-18-cm\/\"]}]},{\"@type\":\"ImageObject\",\"inLanguage\":\"es\",\"@id\":\"https:\/\/www.csj-emballages.com\/es\/produit\/500-bolsas-de-color-blanco-con-abertura-lateral-antigrasa-18-x-18-cm\/#primaryimage\",\"url\":\"https:\/\/www.csj-emballages.com\/wp-content\/uploads\/2024\/03\/sachet-crepe-papier.webp\",\"contentUrl\":\"https:\/\/www.csj-emballages.com\/wp-content\/uploads\/2024\/03\/sachet-crepe-papier.webp\",\"width\":800,\"height\":800,\"caption\":\"sachet cr\u00eape\"},{\"@type\":\"BreadcrumbList\",\"@id\":\"https:\/\/www.csj-emballages.com\/es\/produit\/500-bolsas-de-color-blanco-con-abertura-lateral-antigrasa-18-x-18-cm\/#breadcrumb\",\"itemListElement\":[{\"@type\":\"ListItem\",\"position\":1,\"name\":\"Accueil\",\"item\":\"https:\/\/www.csj-emballages.com\/es\/universo-del-envasado-alimentario\/\"},{\"@type\":\"ListItem\",\"position\":2,\"name\":\"Tienda\",\"item\":\"https:\/\/www.csj-emballages.com\/tienda\/\"},{\"@type\":\"ListItem\",\"position\":3,\"name\":\"Bolsa de papel crep\u00e9 impresa antigrasa 18 x 18 cm, paquete de 500\"}]},{\"@type\":\"WebSite\",\"@id\":\"https:\/\/www.csj-emballages.com\/es\/#website\",\"url\":\"https:\/\/www.csj-emballages.com\/es\/\",\"name\":\"CSJ Emballages\",\"description\":\"\",\"publisher\":{\"@id\":\"https:\/\/www.csj-emballages.com\/es\/#organization\"},\"potentialAction\":[{\"@type\":\"SearchAction\",\"target\":{\"@type\":\"EntryPoint\",\"urlTemplate\":\"https:\/\/www.csj-emballages.com\/es\/?s={search_term_string}\"},\"query-input\":{\"@type\":\"PropertyValueSpecification\",\"valueRequired\":true,\"valueName\":\"search_term_string\"}}],\"inLanguage\":\"es\"},{\"@type\":\"Organization\",\"@id\":\"https:\/\/www.csj-emballages.com\/es\/#Organization\/\",\"name\":\"CSJ Emballages\",\"url\":\"https:\/\/www.csj-emballages.com\/es\/\",\"logo\":{\"@type\":\"ImageObject\",\"inLanguage\":\"es\",\"@id\":\"https:\/\/www.csj-emballages.com\/es\/#\/schema\/logo\/image\/\",\"url\":\"https:\/\/www.csj-emballages.com\/wp-content\/uploads\/2023\/10\/logo_csj.webp\",\"contentUrl\":\"https:\/\/www.csj-emballages.com\/wp-content\/uploads\/2023\/10\/logo_csj.webp\",\"width\":250,\"height\":95,\"caption\":\"CSJ Emballages\"},\"image\":{\"@id\":\"https:\/\/www.csj-emballages.com\/es\/#\/schema\/logo\/image\/\"},\"sameAs\":[\"https:\/\/www.facebook.com\/csjemballages\"],\"address\":{\"@type\":\"PostalAddress\",\"streetAddress\":\"ZI La Lechere\",\"addressLocality\":\"Patornay\",\"postalCode\":\"39130\",\"addressCountry\":\"FR\"},\"contactPoint\":[{\"@type\":\"ContactPoint\",\"contactType\":\"Service client\",\"telephone\":\"0384254272\",\"email\":\"contact@csj-emballages.com\"}]}]}<\/script>\n<!-- \/ Yoast SEO Premium plugin. -->","yoast_head_json":{"title":"Sobre de crep\u00e9 estampado - 18 x 18 cm","description":"Elige nuestra bolsa para crepes impresa antigrasa de 18 x 18 cm: atractiva, pr\u00e1ctica y respetuosa con el medio ambiente. Ideal para envasar crepes y aperitivos","robots":{"index":"index","follow":"follow","max-snippet":"max-snippet:-1","max-image-preview":"max-image-preview:large","max-video-preview":"max-video-preview:-1"},"canonical":"https:\/\/www.csj-emballages.com\/es\/produit\/500-bolsas-de-color-blanco-con-abertura-lateral-antigrasa-18-x-18-cm\/","og_locale":"es_ES","og_type":"article","og_title":"Bolsa de papel crep\u00e9 impresa antigrasa 18 x 18 cm, paquete de 500","og_description":"Elige nuestra bolsa para crepes impresa antigrasa de 18 x 18 cm: atractiva, pr\u00e1ctica y respetuosa con el medio ambiente. Ideal para envasar crepes y aperitivos","og_url":"https:\/\/www.csj-emballages.com\/es\/produit\/500-bolsas-de-color-blanco-con-abertura-lateral-antigrasa-18-x-18-cm\/","og_site_name":"CSJ Emballages","article_publisher":"https:\/\/www.facebook.com\/csjemballages","article_modified_time":"2026-04-09T00:18:22+00:00","og_image":[{"width":800,"height":800,"url":"https:\/\/www.csj-emballages.com\/wp-content\/uploads\/2024\/03\/sachet-crepe-papier.webp","type":"image\/webp"}],"twitter_card":"summary_large_image","twitter_misc":{"Tiempo de lectura":"1 minuto"},"schema":{"@context":"https:\/\/schema.org","@graph":[{"@type":"WebPage","@id":"https:\/\/www.csj-emballages.com\/es\/produit\/500-bolsas-de-color-blanco-con-abertura-lateral-antigrasa-18-x-18-cm\/","url":"https:\/\/www.csj-emballages.com\/es\/produit\/500-bolsas-de-color-blanco-con-abertura-lateral-antigrasa-18-x-18-cm\/","name":"Sobre de crep\u00e9 estampado - 18 x 18 cm","isPartOf":{"@id":"https:\/\/www.csj-emballages.com\/es\/#website"},"primaryImageOfPage":{"@id":"https:\/\/www.csj-emballages.com\/es\/produit\/500-bolsas-de-color-blanco-con-abertura-lateral-antigrasa-18-x-18-cm\/#primaryimage"},"image":{"@id":"https:\/\/www.csj-emballages.com\/es\/produit\/500-bolsas-de-color-blanco-con-abertura-lateral-antigrasa-18-x-18-cm\/#primaryimage"},"thumbnailUrl":"https:\/\/www.csj-emballages.com\/wp-content\/uploads\/2024\/03\/sachet-crepe-papier.webp","datePublished":"2024-03-01T15:49:27+00:00","dateModified":"2026-04-09T00:18:22+00:00","description":"Elige nuestra bolsa para crepes impresa antigrasa de 18 x 18 cm: atractiva, pr\u00e1ctica y respetuosa con el medio ambiente. Ideal para envasar crepes y aperitivos","breadcrumb":{"@id":"https:\/\/www.csj-emballages.com\/es\/produit\/500-bolsas-de-color-blanco-con-abertura-lateral-antigrasa-18-x-18-cm\/#breadcrumb"},"inLanguage":"es","potentialAction":[{"@type":"ReadAction","target":["https:\/\/www.csj-emballages.com\/es\/produit\/500-bolsas-de-color-blanco-con-abertura-lateral-antigrasa-18-x-18-cm\/"]}]},{"@type":"ImageObject","inLanguage":"es","@id":"https:\/\/www.csj-emballages.com\/es\/produit\/500-bolsas-de-color-blanco-con-abertura-lateral-antigrasa-18-x-18-cm\/#primaryimage","url":"https:\/\/www.csj-emballages.com\/wp-content\/uploads\/2024\/03\/sachet-crepe-papier.webp","contentUrl":"https:\/\/www.csj-emballages.com\/wp-content\/uploads\/2024\/03\/sachet-crepe-papier.webp","width":800,"height":800,"caption":"sachet cr\u00eape"},{"@type":"BreadcrumbList","@id":"https:\/\/www.csj-emballages.com\/es\/produit\/500-bolsas-de-color-blanco-con-abertura-lateral-antigrasa-18-x-18-cm\/#breadcrumb","itemListElement":[{"@type":"ListItem","position":1,"name":"Accueil","item":"https:\/\/www.csj-emballages.com\/es\/universo-del-envasado-alimentario\/"},{"@type":"ListItem","position":2,"name":"Tienda","item":"https:\/\/www.csj-emballages.com\/tienda\/"},{"@type":"ListItem","position":3,"name":"Bolsa de papel crep\u00e9 impresa antigrasa 18 x 18 cm, paquete de 500"}]},{"@type":"WebSite","@id":"https:\/\/www.csj-emballages.com\/es\/#website","url":"https:\/\/www.csj-emballages.com\/es\/","name":"CSJ Emballages","description":"","publisher":{"@id":"https:\/\/www.csj-emballages.com\/es\/#organization"},"potentialAction":[{"@type":"SearchAction","target":{"@type":"EntryPoint","urlTemplate":"https:\/\/www.csj-emballages.com\/es\/?s={search_term_string}"},"query-input":{"@type":"PropertyValueSpecification","valueRequired":true,"valueName":"search_term_string"}}],"inLanguage":"es"},{"@type":"Organization","@id":"https:\/\/www.csj-emballages.com\/es\/#Organization\/","name":"CSJ Emballages","url":"https:\/\/www.csj-emballages.com\/es\/","logo":{"@type":"ImageObject","inLanguage":"es","@id":"https:\/\/www.csj-emballages.com\/es\/#\/schema\/logo\/image\/","url":"https:\/\/www.csj-emballages.com\/wp-content\/uploads\/2023\/10\/logo_csj.webp","contentUrl":"https:\/\/www.csj-emballages.com\/wp-content\/uploads\/2023\/10\/logo_csj.webp","width":250,"height":95,"caption":"CSJ Emballages"},"image":{"@id":"https:\/\/www.csj-emballages.com\/es\/#\/schema\/logo\/image\/"},"sameAs":["https:\/\/www.facebook.com\/csjemballages"],"address":{"@type":"PostalAddress","streetAddress":"ZI La Lechere","addressLocality":"Patornay","postalCode":"39130","addressCountry":"FR"},"contactPoint":[{"@type":"ContactPoint","contactType":"Service client","telephone":"0384254272","email":"contact@csj-emballages.com"}]}]}},"df_price":13.75,"df_sale_price":"","df_regular_price":13.75,"df_image_link":"https:\/\/www.csj-emballages.com\/wp-content\/uploads\/2024\/03\/sachet-crepe-papier-300x300.webp","tiered_pricing_type":"fixed","tiered_pricing_fixed_rules":[],"tiered_pricing_percentage_rules":[],"tiered_pricing_minimum":1,"tiered_pricing_roles_data":[],"_links":{"self":[{"href":"https:\/\/www.csj-emballages.com\/es\/wp-json\/wp\/v2\/product\/23231","targetHints":{"allow":["GET"]}}],"collection":[{"href":"https:\/\/www.csj-emballages.com\/es\/wp-json\/wp\/v2\/product"}],"about":[{"href":"https:\/\/www.csj-emballages.com\/es\/wp-json\/wp\/v2\/types\/product"}],"wp:featuredmedia":[{"embeddable":true,"href":"https:\/\/www.csj-emballages.com\/es\/wp-json\/wp\/v2\/media\/207401"}],"wp:attachment":[{"href":"https:\/\/www.csj-emballages.com\/es\/wp-json\/wp\/v2\/media?parent=23231"}],"wp:term":[{"taxonomy":"product_brand","embeddable":true,"href":"https:\/\/www.csj-emballages.com\/es\/wp-json\/wp\/v2\/product_brand?post=23231"},{"taxonomy":"product_cat","embeddable":true,"href":"https:\/\/www.csj-emballages.com\/es\/wp-json\/wp\/v2\/product_cat?post=23231"},{"taxonomy":"product_tag","embeddable":true,"href":"https:\/\/www.csj-emballages.com\/es\/wp-json\/wp\/v2\/product_tag?post=23231"}],"curies":[{"name":"wp","href":"https:\/\/api.w.org\/{rel}","templated":true}]}}