{"id":23226,"date":"2024-03-01T16:50:04","date_gmt":"2024-03-01T15:50:04","guid":{"rendered":"https:\/\/u15jnbdpoq.preview.infomaniak.website\/produit\/estuche-de-carton-para-3-botellas-con-asa\/"},"modified":"2026-03-12T16:38:29","modified_gmt":"2026-03-12T15:38:29","slug":"estuche-de-carton-para-3-botellas-con-asa","status":"publish","type":"product","link":"https:\/\/www.csj-emballages.com\/es\/produit\/estuche-de-carton-para-3-botellas-con-asa\/","title":{"rendered":"Estuche de cart\u00f3n de 3 botellas con asa 27 + 9 x 38 cm"},"content":{"rendered":"<h2>Estuche de 3 botellas<\/h2>\n<hr>\n<h3>Descripci\u00f3n de nuestro estuche de cart\u00f3n para 3 botellas con asa 27 + 9 x 38 cm<\/h3>\n<p><!--more--><\/p>\n<p data-start=\"0\" data-end=\"498\">Ofrezca una presentaci\u00f3n elegante y responsable con nuestro <strong data-start=\"89\" data-end=\"148\">estuche de cart\u00f3n con asa para 3 botellas de 27 + 9 x 38 cm.<\/strong> Especialmente dise\u00f1ado para entendidos y profesionales de la venta, este <strong data-start=\"247\" data-end=\"273\">embalaje de regalo<\/strong> combina la <strong data-start=\"280\" data-end=\"293\">practicidad<\/strong> con <strong data-start=\"297\" data-end=\"322\">el compromiso con el medio ambiente<\/strong>. Gracias a su elegante dise\u00f1o y a su robusta asa, facilita el transporte de sus botellas de vino, cerveza o zumo casero, al tiempo que garantiza una protecci\u00f3n \u00f3ptima.  <\/p>\n<p data-start=\"500\" data-end=\"907\">Este <strong>estuche para botellas<\/strong> es la encarnaci\u00f3n perfecta de una filosof\u00eda respetuosa con el medio ambiente. Las <strong data-start=\"648\" data-end=\"680\">materias primas recicladas<\/strong> utilizadas para fabricarlo se seleccionan cuidadosamente por su <strong data-start=\"741\" data-end=\"770\">m\u00ednimo impacto en el clima<\/strong>. As\u00ed no solo demuestras tu gusto por los productos bonitos, sino tambi\u00e9n tu deseo de reducir tu huella ecol\u00f3gica.  <\/p>\n<p data-start=\"909\" data-end=\"1361\">Adem\u00e1s, su estilo natural y moderno lo convierte en un <strong data-start=\"964\" data-end=\"989\">estuche para botellas<\/strong> ideal para vinotecas, tiendas de delicatessen o como regalo refinado para un evento especial. Ya sea para sorprender a un cliente, un amigo o un compa\u00f1ero, este <strong>estuche para<\/strong> botellas aporta un toque de originalidad y distinci\u00f3n. <\/p>\n<p data-start=\"1363\" data-end=\"1705\">Al elegir este <strong data-start=\"1382\" data-end=\"1403\">estuche para 3 botellas<\/strong>, est\u00e1 optando por un envase que destaca por su <strong data-start=\"1458\" data-end=\"1476\">durabilidad<\/strong>, <strong data-start=\"1482\" data-end=\"1500\">dise\u00f1o elegante<\/strong> y <strong data-start=\"1508\" data-end=\"1533\">facilidad de transporte<\/strong>. Es la combinaci\u00f3n perfecta de est\u00e9tica, funcionalidad y respeto por el planeta. Para sus ventas o regalos, este embalaje ecorresponsable es el compa\u00f1ero ideal.  <\/p>\n<p><!--more--><\/p>\n<p><strong>Ventajas :<\/strong><\/p>\n<ul>\n<li><strong>M\u00e1xima protecci\u00f3n<\/strong>: Dise\u00f1ado para asegurar tus botellas durante el transporte.<\/li>\n<li><strong>Ecol\u00f3gico<\/strong>: Fabricado con cart\u00f3n reciclable y respetuoso con el medio ambiente.<\/li>\n<li><strong>Montaje r\u00e1pido<\/strong>: F\u00e1cil de montar en cuesti\u00f3n de segundos.<\/li>\n<li><strong>Robustez<\/strong>: Fabricado con cart\u00f3n grueso y resistente.<\/li>\n<\/ul>\n<p>&nbsp;<\/p>\n<p><!--more--><\/p>\n<h4>Informaci\u00f3n adicional :<\/h4>\n<ul>\n<li><strong>Embalaje<\/strong>: Por unidad<\/li>\n<li><strong>Dimensiones<\/strong>: 27 + 9 x 38 cm<\/li>\n<li><strong>Color<\/strong>: Kraft<\/li>\n<li><strong>Material<\/strong>: Cart\u00f3n<\/li>\n<\/ul>\n<p>&nbsp;<\/p>\n<p><!--more--><\/p>\n<p>Este producto tambi\u00e9n est\u00e1 disponible para <span style=\"color: #d12727;\"><a style=\"color: #d12727;\" href=\"https:\/\/www.csj-emballages.com\/produit\/etui-carton-pour-2-bouteilles-avec-poignee\/\">2 botellas<\/a><\/span><\/p>\n<p>&nbsp;<\/p>\n<p><!--more--><\/p>\n<p><a href=\"https:\/\/www.csj-emballages.com\/es\/categorie-produit\/envasado-de-alimentos\/tienda-y-almacen\/bolsas-sobres\/bolsas-para-botellas\/\">Ver el resto de nuestra gama de bolsas para botellas<\/a><\/p>\n","protected":false},"excerpt":{"rendered":"<p>Estuche de 3 botellas Descripci\u00f3n de nuestro estuche de cart\u00f3n para 3 botellas con asa 27 + 9 x 38 cm<\/p>\n","protected":false},"featured_media":244354,"template":"","meta":{"_acf_changed":false},"product_brand":[],"product_cat":[1150,1488,3873,3424],"product_tag":[],"class_list":{"0":"post-23226","1":"product","2":"type-product","3":"status-publish","4":"has-post-thumbnail","6":"product_cat-envasado-de-alimentos","7":"product_cat-tienda-y-almacen","8":"product_cat-bolsas-sobres","9":"product_cat-bolsas-para-botellas","11":"first","12":"instock","13":"taxable","14":"shipping-taxable","15":"purchasable","16":"product-type-simple"},"acf":[],"yoast_head":"<!-- This site is optimized with the Yoast SEO Premium plugin v26.6 (Yoast SEO v26.6) - https:\/\/yoast.com\/wordpress\/plugins\/seo\/ -->\n<title>Estuche de cart\u00f3n para 3 botellas con asa 27 + 9 x 38 cm<\/title>\n<meta name=\"description\" content=\"Elegante estuche ecol\u00f3gico de 3 botellas de cart\u00f3n reciclado con asa. Ideal para regalo o venta profesional.\" \/>\n<meta name=\"robots\" content=\"index, follow, max-snippet:-1, max-image-preview:large, max-video-preview:-1\" \/>\n<link rel=\"canonical\" href=\"https:\/\/www.csj-emballages.com\/es\/produit\/estuche-de-carton-para-3-botellas-con-asa\/\" \/>\n<meta property=\"og:locale\" content=\"es_ES\" \/>\n<meta property=\"og:type\" content=\"article\" \/>\n<meta property=\"og:title\" content=\"Estuche de cart\u00f3n de 3 botellas con asa 27 + 9 x 38 cm\" \/>\n<meta property=\"og:description\" content=\"Elegante estuche ecol\u00f3gico de 3 botellas de cart\u00f3n reciclado con asa. Ideal para regalo o venta profesional.\" \/>\n<meta property=\"og:url\" content=\"https:\/\/www.csj-emballages.com\/es\/produit\/estuche-de-carton-para-3-botellas-con-asa\/\" \/>\n<meta property=\"og:site_name\" content=\"CSJ Emballages\" \/>\n<meta property=\"article:publisher\" content=\"https:\/\/www.facebook.com\/csjemballages\" \/>\n<meta property=\"article:modified_time\" content=\"2026-03-12T15:38:29+00:00\" \/>\n<meta property=\"og:image\" content=\"https:\/\/www.csj-emballages.com\/wp-content\/uploads\/2024\/03\/SB3C.webp\" \/>\n\t<meta property=\"og:image:width\" content=\"800\" \/>\n\t<meta property=\"og:image:height\" content=\"800\" \/>\n\t<meta property=\"og:image:type\" content=\"image\/webp\" \/>\n<meta name=\"twitter:card\" content=\"summary_large_image\" \/>\n<meta name=\"twitter:label1\" content=\"Tiempo de lectura\" \/>\n\t<meta name=\"twitter:data1\" content=\"2 minutos\" \/>\n<script type=\"application\/ld+json\" class=\"yoast-schema-graph\">{\"@context\":\"https:\/\/schema.org\",\"@graph\":[{\"@type\":\"WebPage\",\"@id\":\"https:\/\/www.csj-emballages.com\/es\/produit\/estuche-de-carton-para-3-botellas-con-asa\/\",\"url\":\"https:\/\/www.csj-emballages.com\/es\/produit\/estuche-de-carton-para-3-botellas-con-asa\/\",\"name\":\"Estuche de cart\u00f3n para 3 botellas con asa 27 + 9 x 38 cm\",\"isPartOf\":{\"@id\":\"https:\/\/www.csj-emballages.com\/es\/#website\"},\"primaryImageOfPage\":{\"@id\":\"https:\/\/www.csj-emballages.com\/es\/produit\/estuche-de-carton-para-3-botellas-con-asa\/#primaryimage\"},\"image\":{\"@id\":\"https:\/\/www.csj-emballages.com\/es\/produit\/estuche-de-carton-para-3-botellas-con-asa\/#primaryimage\"},\"thumbnailUrl\":\"https:\/\/www.csj-emballages.com\/wp-content\/uploads\/2024\/03\/SB3C.webp\",\"datePublished\":\"2024-03-01T15:50:04+00:00\",\"dateModified\":\"2026-03-12T15:38:29+00:00\",\"description\":\"Elegante estuche ecol\u00f3gico de 3 botellas de cart\u00f3n reciclado con asa. Ideal para regalo o venta profesional.\",\"breadcrumb\":{\"@id\":\"https:\/\/www.csj-emballages.com\/es\/produit\/estuche-de-carton-para-3-botellas-con-asa\/#breadcrumb\"},\"inLanguage\":\"es\",\"potentialAction\":[{\"@type\":\"ReadAction\",\"target\":[\"https:\/\/www.csj-emballages.com\/es\/produit\/estuche-de-carton-para-3-botellas-con-asa\/\"]}]},{\"@type\":\"ImageObject\",\"inLanguage\":\"es\",\"@id\":\"https:\/\/www.csj-emballages.com\/es\/produit\/estuche-de-carton-para-3-botellas-con-asa\/#primaryimage\",\"url\":\"https:\/\/www.csj-emballages.com\/wp-content\/uploads\/2024\/03\/SB3C.webp\",\"contentUrl\":\"https:\/\/www.csj-emballages.com\/wp-content\/uploads\/2024\/03\/SB3C.webp\",\"width\":800,\"height\":800,\"caption\":\"\u00c9tui 3 bouteilles\"},{\"@type\":\"BreadcrumbList\",\"@id\":\"https:\/\/www.csj-emballages.com\/es\/produit\/estuche-de-carton-para-3-botellas-con-asa\/#breadcrumb\",\"itemListElement\":[{\"@type\":\"ListItem\",\"position\":1,\"name\":\"Accueil\",\"item\":\"https:\/\/www.csj-emballages.com\/es\/universo-del-envasado-alimentario\/\"},{\"@type\":\"ListItem\",\"position\":2,\"name\":\"Tienda\",\"item\":\"https:\/\/www.csj-emballages.com\/tienda\/\"},{\"@type\":\"ListItem\",\"position\":3,\"name\":\"Estuche de cart\u00f3n de 3 botellas con asa 27 + 9 x 38 cm\"}]},{\"@type\":\"WebSite\",\"@id\":\"https:\/\/www.csj-emballages.com\/es\/#website\",\"url\":\"https:\/\/www.csj-emballages.com\/es\/\",\"name\":\"CSJ Emballages\",\"description\":\"\",\"publisher\":{\"@id\":\"https:\/\/www.csj-emballages.com\/es\/#organization\"},\"potentialAction\":[{\"@type\":\"SearchAction\",\"target\":{\"@type\":\"EntryPoint\",\"urlTemplate\":\"https:\/\/www.csj-emballages.com\/es\/?s={search_term_string}\"},\"query-input\":{\"@type\":\"PropertyValueSpecification\",\"valueRequired\":true,\"valueName\":\"search_term_string\"}}],\"inLanguage\":\"es\"},{\"@type\":\"Organization\",\"@id\":\"https:\/\/www.csj-emballages.com\/es\/#Organization\/\",\"name\":\"CSJ Emballages\",\"url\":\"https:\/\/www.csj-emballages.com\/es\/\",\"logo\":{\"@type\":\"ImageObject\",\"inLanguage\":\"es\",\"@id\":\"https:\/\/www.csj-emballages.com\/es\/#\/schema\/logo\/image\/\",\"url\":\"https:\/\/www.csj-emballages.com\/wp-content\/uploads\/2023\/10\/logo_csj.webp\",\"contentUrl\":\"https:\/\/www.csj-emballages.com\/wp-content\/uploads\/2023\/10\/logo_csj.webp\",\"width\":250,\"height\":95,\"caption\":\"CSJ Emballages\"},\"image\":{\"@id\":\"https:\/\/www.csj-emballages.com\/es\/#\/schema\/logo\/image\/\"},\"sameAs\":[\"https:\/\/www.facebook.com\/csjemballages\"],\"address\":{\"@type\":\"PostalAddress\",\"streetAddress\":\"ZI La Lechere\",\"addressLocality\":\"Patornay\",\"postalCode\":\"39130\",\"addressCountry\":\"FR\"},\"contactPoint\":[{\"@type\":\"ContactPoint\",\"contactType\":\"Service client\",\"telephone\":\"0384254272\",\"email\":\"contact@csj-emballages.com\"}]}]}<\/script>\n<!-- \/ Yoast SEO Premium plugin. -->","yoast_head_json":{"title":"Estuche de cart\u00f3n para 3 botellas con asa 27 + 9 x 38 cm","description":"Elegante estuche ecol\u00f3gico de 3 botellas de cart\u00f3n reciclado con asa. Ideal para regalo o venta profesional.","robots":{"index":"index","follow":"follow","max-snippet":"max-snippet:-1","max-image-preview":"max-image-preview:large","max-video-preview":"max-video-preview:-1"},"canonical":"https:\/\/www.csj-emballages.com\/es\/produit\/estuche-de-carton-para-3-botellas-con-asa\/","og_locale":"es_ES","og_type":"article","og_title":"Estuche de cart\u00f3n de 3 botellas con asa 27 + 9 x 38 cm","og_description":"Elegante estuche ecol\u00f3gico de 3 botellas de cart\u00f3n reciclado con asa. Ideal para regalo o venta profesional.","og_url":"https:\/\/www.csj-emballages.com\/es\/produit\/estuche-de-carton-para-3-botellas-con-asa\/","og_site_name":"CSJ Emballages","article_publisher":"https:\/\/www.facebook.com\/csjemballages","article_modified_time":"2026-03-12T15:38:29+00:00","og_image":[{"width":800,"height":800,"url":"https:\/\/www.csj-emballages.com\/wp-content\/uploads\/2024\/03\/SB3C.webp","type":"image\/webp"}],"twitter_card":"summary_large_image","twitter_misc":{"Tiempo de lectura":"2 minutos"},"schema":{"@context":"https:\/\/schema.org","@graph":[{"@type":"WebPage","@id":"https:\/\/www.csj-emballages.com\/es\/produit\/estuche-de-carton-para-3-botellas-con-asa\/","url":"https:\/\/www.csj-emballages.com\/es\/produit\/estuche-de-carton-para-3-botellas-con-asa\/","name":"Estuche de cart\u00f3n para 3 botellas con asa 27 + 9 x 38 cm","isPartOf":{"@id":"https:\/\/www.csj-emballages.com\/es\/#website"},"primaryImageOfPage":{"@id":"https:\/\/www.csj-emballages.com\/es\/produit\/estuche-de-carton-para-3-botellas-con-asa\/#primaryimage"},"image":{"@id":"https:\/\/www.csj-emballages.com\/es\/produit\/estuche-de-carton-para-3-botellas-con-asa\/#primaryimage"},"thumbnailUrl":"https:\/\/www.csj-emballages.com\/wp-content\/uploads\/2024\/03\/SB3C.webp","datePublished":"2024-03-01T15:50:04+00:00","dateModified":"2026-03-12T15:38:29+00:00","description":"Elegante estuche ecol\u00f3gico de 3 botellas de cart\u00f3n reciclado con asa. Ideal para regalo o venta profesional.","breadcrumb":{"@id":"https:\/\/www.csj-emballages.com\/es\/produit\/estuche-de-carton-para-3-botellas-con-asa\/#breadcrumb"},"inLanguage":"es","potentialAction":[{"@type":"ReadAction","target":["https:\/\/www.csj-emballages.com\/es\/produit\/estuche-de-carton-para-3-botellas-con-asa\/"]}]},{"@type":"ImageObject","inLanguage":"es","@id":"https:\/\/www.csj-emballages.com\/es\/produit\/estuche-de-carton-para-3-botellas-con-asa\/#primaryimage","url":"https:\/\/www.csj-emballages.com\/wp-content\/uploads\/2024\/03\/SB3C.webp","contentUrl":"https:\/\/www.csj-emballages.com\/wp-content\/uploads\/2024\/03\/SB3C.webp","width":800,"height":800,"caption":"\u00c9tui 3 bouteilles"},{"@type":"BreadcrumbList","@id":"https:\/\/www.csj-emballages.com\/es\/produit\/estuche-de-carton-para-3-botellas-con-asa\/#breadcrumb","itemListElement":[{"@type":"ListItem","position":1,"name":"Accueil","item":"https:\/\/www.csj-emballages.com\/es\/universo-del-envasado-alimentario\/"},{"@type":"ListItem","position":2,"name":"Tienda","item":"https:\/\/www.csj-emballages.com\/tienda\/"},{"@type":"ListItem","position":3,"name":"Estuche de cart\u00f3n de 3 botellas con asa 27 + 9 x 38 cm"}]},{"@type":"WebSite","@id":"https:\/\/www.csj-emballages.com\/es\/#website","url":"https:\/\/www.csj-emballages.com\/es\/","name":"CSJ Emballages","description":"","publisher":{"@id":"https:\/\/www.csj-emballages.com\/es\/#organization"},"potentialAction":[{"@type":"SearchAction","target":{"@type":"EntryPoint","urlTemplate":"https:\/\/www.csj-emballages.com\/es\/?s={search_term_string}"},"query-input":{"@type":"PropertyValueSpecification","valueRequired":true,"valueName":"search_term_string"}}],"inLanguage":"es"},{"@type":"Organization","@id":"https:\/\/www.csj-emballages.com\/es\/#Organization\/","name":"CSJ Emballages","url":"https:\/\/www.csj-emballages.com\/es\/","logo":{"@type":"ImageObject","inLanguage":"es","@id":"https:\/\/www.csj-emballages.com\/es\/#\/schema\/logo\/image\/","url":"https:\/\/www.csj-emballages.com\/wp-content\/uploads\/2023\/10\/logo_csj.webp","contentUrl":"https:\/\/www.csj-emballages.com\/wp-content\/uploads\/2023\/10\/logo_csj.webp","width":250,"height":95,"caption":"CSJ Emballages"},"image":{"@id":"https:\/\/www.csj-emballages.com\/es\/#\/schema\/logo\/image\/"},"sameAs":["https:\/\/www.facebook.com\/csjemballages"],"address":{"@type":"PostalAddress","streetAddress":"ZI La Lechere","addressLocality":"Patornay","postalCode":"39130","addressCountry":"FR"},"contactPoint":[{"@type":"ContactPoint","contactType":"Service client","telephone":"0384254272","email":"contact@csj-emballages.com"}]}]}},"df_price":2.94,"df_sale_price":"","df_regular_price":2.94,"df_image_link":"https:\/\/www.csj-emballages.com\/wp-content\/uploads\/2024\/03\/SB3C-300x300.webp","tiered_pricing_type":"fixed","tiered_pricing_fixed_rules":[],"tiered_pricing_percentage_rules":[],"tiered_pricing_minimum":1,"tiered_pricing_roles_data":[],"_links":{"self":[{"href":"https:\/\/www.csj-emballages.com\/es\/wp-json\/wp\/v2\/product\/23226","targetHints":{"allow":["GET"]}}],"collection":[{"href":"https:\/\/www.csj-emballages.com\/es\/wp-json\/wp\/v2\/product"}],"about":[{"href":"https:\/\/www.csj-emballages.com\/es\/wp-json\/wp\/v2\/types\/product"}],"wp:featuredmedia":[{"embeddable":true,"href":"https:\/\/www.csj-emballages.com\/es\/wp-json\/wp\/v2\/media\/244354"}],"wp:attachment":[{"href":"https:\/\/www.csj-emballages.com\/es\/wp-json\/wp\/v2\/media?parent=23226"}],"wp:term":[{"taxonomy":"product_brand","embeddable":true,"href":"https:\/\/www.csj-emballages.com\/es\/wp-json\/wp\/v2\/product_brand?post=23226"},{"taxonomy":"product_cat","embeddable":true,"href":"https:\/\/www.csj-emballages.com\/es\/wp-json\/wp\/v2\/product_cat?post=23226"},{"taxonomy":"product_tag","embeddable":true,"href":"https:\/\/www.csj-emballages.com\/es\/wp-json\/wp\/v2\/product_tag?post=23226"}],"curies":[{"name":"wp","href":"https:\/\/api.w.org\/{rel}","templated":true}]}}