{"id":23206,"date":"2024-03-01T16:50:05","date_gmt":"2024-03-01T15:50:05","guid":{"rendered":"https:\/\/u15jnbdpoq.preview.infomaniak.website\/produit\/100-bolsas-kraft-con-ventana-de-abeto-120-x-260-mm\/"},"modified":"2026-03-12T16:38:23","modified_gmt":"2026-03-12T15:38:23","slug":"100-bolsas-kraft-con-ventana-de-abeto-120-x-260-mm","status":"publish","type":"product","link":"https:\/\/www.csj-emballages.com\/es\/produit\/100-bolsas-kraft-con-ventana-de-abeto-120-x-260-mm\/","title":{"rendered":"Bolsa kraft de Navidad para caramelos Abeto 120 x 260 mm por 100"},"content":{"rendered":"<div style=\"font-family: Roboto, sans-serif;\">\n<div style=\"font-family: Roboto, sans-serif;\">\n<div style=\"font-family: Roboto, sans-serif;\">\n<div style=\"font-family: Roboto, sans-serif;\">\n<div style=\"font-family: Roboto, sans-serif;\">\n<div style=\"font-family: Roboto, sans-serif;\">\n<div style=\"font-family: Roboto, sans-serif;\">\n<div style=\"font-family: Roboto, sans-serif;\">\n<div style=\"font-family: Roboto, sans-serif;\">\n<div style=\"font-family: Roboto, sans-serif;\">\n<div style=\"font-family: Roboto, sans-serif;\">\n<div style=\"font-family: Roboto, sans-serif;\">\n<div style=\"font-family: Roboto, sans-serif;\">\n<div class=\"flex flex-grow flex-col max-w-full\">\n<div class=\"min-h-[20px] text-message flex flex-col items-start whitespace-pre-wrap break-words [.text-message+&amp;]:mt-5 juice:w-full juice:items-end overflow-x-auto gap-2\" dir=\"auto\" data-message-author-role=\"assistant\" data-message-id=\"2034782e-88f9-44ef-b4dc-07dd7bf0115f\">\n<div class=\"flex w-full flex-col gap-1 juice:empty:hidden juice:first:pt-[3px]\">\n<div class=\"markdown prose w-full break-words dark:prose-invert light\">\n<div style=\"font-family: Roboto, sans-serif;\">\n<div style=\"font-family: Roboto, sans-serif;\">\n<div style=\"font-family: Roboto, sans-serif;\">\n<div style=\"font-family: Roboto, sans-serif;\">\n<div style=\"font-family: Roboto, sans-serif;\">\n<div style=\"font-family: Roboto, sans-serif;\">\n<div style=\"font-family: Roboto, sans-serif;\">\n<h2 class=\"p1\">Dulces navide\u00f1os<\/h2>\n<hr>\n<h3>Descripci\u00f3n de nuestra bolsa de Navidad kraft Abeto 120 x 260 mm por 100<\/h3>\n<p><!--more--><\/p>\n<p data-start=\"0\" data-end=\"550\">Dale un toque festivo a tus dulces con nuestra <strong data-start=\"86\" data-end=\"138\">bolsa kraft de 120 x 260 mm para dulces navide\u00f1os de abeto<\/strong>, que se vende en paquetes de <strong>100 unidades<\/strong>. Dise\u00f1ada para los artesanos del gusto, esta <strong data-start=\"190\" data-end=\"207\">bolsita r\u00edgida<\/strong> combina el encanto aut\u00e9ntico con la practicidad. Gracias a su elegante papel <strong data-start=\"266\" data-end=\"288\">kraft<\/strong> acanalado de 40 g de <strong data-start=\"266\" data-end=\"288\">color marr\u00f3n natural<\/strong>, <strong data-start=\"316\" data-end=\"340\">laminado con OPP de 15 \u00b5<\/strong>, protege perfectamente sus golosinas, al tiempo que hace gala de un estilo c\u00e1lido y ecol\u00f3gico. Adem\u00e1s, la <strong data-start=\"455\" data-end=\"480\">base de cart\u00f3n integrada<\/strong> garantiza un ajuste perfecto, incluso cuando est\u00e1 lleno de bombones o galletas.<\/p>\n<p data-start=\"552\" data-end=\"930\">Especialmente dise\u00f1ada para <strong data-start=\"580\" data-end=\"594\">pasteleros<\/strong> y <strong data-start=\"598\" data-end=\"614\">chocolateros<\/strong>, esta <strong data-start=\"619\" data-end=\"643\">bolsa con estampado de \u00e1rbol<\/strong> evoca al instante la magia de la Navidad. Su dise\u00f1o elegante y refinado se adapta tanto a los talleres artesanos como a las boutiques gourmet de alta gama. De este modo, sus creaciones -trufas, caramelos, marrons glac\u00e9s o shortbread- se convierten en aut\u00e9nticos regalos listos para regalar.<\/p>\n<p data-start=\"932\" data-end=\"1247\">Adem\u00e1s, su pr\u00e1ctico formato <strong>de 120 x 260 mm<\/strong> permite un envasado r\u00e1pido y eficaz, tanto para la venta en escaparate como para la confecci\u00f3n de cestas gourmet. Gracias a su base estable, se mantiene en posici\u00f3n vertical en los estantes o en las bolsas, realzando el valor de sus productos y facilitando al mismo tiempo su presentaci\u00f3n. <\/p>\n<p data-start=\"1249\" data-end=\"1613\">Duradera y atractiva, esta <strong data-start=\"1275\" data-end=\"1299\">bolsa de Navidad kraft<\/strong> es la combinaci\u00f3n perfecta de <strong data-start=\"1334\" data-end=\"1346\">robustez<\/strong>, <strong data-start=\"1348\" data-end=\"1370\">ecorresponsabilidad<\/strong> y <strong data-start=\"1374\" data-end=\"1398\">elegancia estacional<\/strong>. Elegir esta <strong>bolsa de Navidad<\/strong> tambi\u00e9n significa reducir su impacto medioambiental, ya que el kraft es famoso por su capacidad de reciclaje y su aspecto natural, cada vez m\u00e1s atractivo para los consumidores concienciados con el medio ambiente.<\/p>\n<p data-start=\"1615\" data-end=\"1906\">En resumen, esta <strong data-start=\"1628\" data-end=\"1662\">bolsa de confiter\u00eda kraft de abeto<\/strong> es el toque final que realza sus preparaciones dulces, llama la atenci\u00f3n y ofrece a sus clientes una experiencia \u00fanica, desde la tienda hasta el placer de la degustaci\u00f3n. Reg\u00e1leles una Navidad gourmet, llena de refinamiento y convivencia.<\/p>\n<p data-start=\"1367\" data-end=\"1669\"><!--more--><\/p>\n<h4 data-start=\"1367\" data-end=\"1669\">Ventajas :<\/h4>\n<ul>\n<li data-start=\"1367\" data-end=\"1669\"><strong data-start=\"2112\" data-end=\"2135\">Festivo<\/strong> y llamativo <strong data-start=\"2112\" data-end=\"2135\">dise\u00f1o de \u00e1rbol de Navidad<\/strong>.<\/li>\n<li data-start=\"1367\" data-end=\"1669\"><strong data-start=\"2181\" data-end=\"2206\">Base de cart\u00f3n integrada<\/strong> para una excelente estabilidad<\/li>\n<li data-start=\"1367\" data-end=\"1669\"><strong data-start=\"2246\" data-end=\"2274\">Kraft natural laminado OPP<\/strong>: protecci\u00f3n, resistencia y reciclabilidad.<\/li>\n<li data-start=\"1367\" data-end=\"1669\">Ideal para <strong data-start=\"2333\" data-end=\"2383\">pasteleros, chocolateros y artesanos gourmet.<\/strong><\/li>\n<li data-start=\"1367\" data-end=\"1669\">Pr\u00e1ctico formato <strong>de 120 x 260 mm<\/strong> para un envasado r\u00e1pido.<\/li>\n<\/ul>\n<p>&nbsp;<\/p>\n<p><!--more--><\/p>\n<h4>Informaci\u00f3n adicional :<\/h4>\n<ul>\n<li><strong>Embalaje<\/strong>: Paquete de 100<\/li>\n<li><strong>Dimensiones<\/strong>: 120 x 260 mm<\/li>\n<li><strong>Color<\/strong>: Coloreado<\/li>\n<li><strong>Material<\/strong>: OPP<\/li>\n<li><strong>Grosor<\/strong>: 35 micras<\/li>\n<\/ul>\n<\/div>\n<div style=\"font-family: Roboto, sans-serif;\">\n<p>&nbsp;<\/p>\n<p><!--more--><\/p>\n<\/div>\n<p>Este producto tambi\u00e9n est\u00e1 disponible en un tama\u00f1o m\u00e1s peque\u00f1o: <span style=\"color: #d12727;\"><a style=\"color: #d12727;\" href=\"https:\/\/www.csj-emballages.com\/produit\/100-sachet-confiseries-noel-kraft-avec-fenetre-sapin-100-x-220-mm\/\">100 x 220 mm<\/a><\/span><\/p>\n<p>&nbsp;<\/p>\n<div style=\"font-family: Roboto, sans-serif;\">\n<p><!--more--><\/p>\n<p><a href=\"https:\/\/www.csj-emballages.com\/es\/categorie-produit\/envasado-de-alimentos\/panaderia-y-pasteleria\/bolsas-sobres-y-papel\/bolsas-para-golosinas\/bolsas-tematicas\/bolsas-de-navidad\/\">Ver el resto de nuestra gama de bolsas de Navidad<\/a><\/p>\n<\/div>\n<\/div>\n<\/div>\n<\/div>\n<\/div>\n<\/div>\n<\/div>\n<\/div>\n<\/div>\n<\/div>\n<\/div>\n<\/div>\n<\/div>\n<\/div>\n<\/div>\n<\/div>\n<\/div>\n<\/div>\n<\/div>\n<\/div>\n<\/div>\n<\/div>\n<\/div>\n<\/div>\n","protected":false},"excerpt":{"rendered":"<p>Dulces navide\u00f1os Descripci\u00f3n de nuestra bolsa de Navidad kraft Abeto 120 x 260 mm por 100<\/p>\n","protected":false},"featured_media":243560,"template":"","meta":{"_acf_changed":false},"product_brand":[],"product_cat":[1150,1145,1660,3403,1488,1270],"product_tag":[],"class_list":{"0":"post-23206","1":"product","2":"type-product","3":"status-publish","4":"has-post-thumbnail","6":"product_cat-envasado-de-alimentos","7":"product_cat-panaderia-y-pasteleria","8":"product_cat-bolsas-para-golosinas","9":"product_cat-bolsas-de-navidad","10":"product_cat-tienda-y-almacen","11":"product_cat-descuentos","13":"first","14":"instock","15":"sale","16":"taxable","17":"shipping-taxable","18":"purchasable","19":"product-type-simple"},"acf":[],"yoast_head":"<!-- This site is optimized with the Yoast SEO Premium plugin v26.6 (Yoast SEO v26.6) - https:\/\/yoast.com\/wordpress\/plugins\/seo\/ -->\n<title>Bolsa de Navidad Kraft Abeto 120 x 260 mm por 100<\/title>\n<meta name=\"description\" content=\"Bolsa kraft para confiter\u00eda con forma de \u00e1rbol de Navidad de 120 x 260 mm, paquete de 100 unidades: elegante, resistente y respetuosa con el medio ambiente para chocolateros y confiteros.\" \/>\n<meta name=\"robots\" content=\"index, follow, max-snippet:-1, max-image-preview:large, max-video-preview:-1\" \/>\n<link rel=\"canonical\" href=\"https:\/\/www.csj-emballages.com\/es\/produit\/100-bolsas-kraft-con-ventana-de-abeto-120-x-260-mm\/\" \/>\n<meta property=\"og:locale\" content=\"es_ES\" \/>\n<meta property=\"og:type\" content=\"article\" \/>\n<meta property=\"og:title\" content=\"Bolsa de Navidad kraft &quot;Abeto&quot; 120 x 260 mm\" \/>\n<meta property=\"og:description\" content=\"Bolsas de confiter\u00eda navide\u00f1a, 120x260 mm por 100, ideales para golosinas festivas, regalos para invitados, eventos o ventas en tienda.\" \/>\n<meta property=\"og:url\" content=\"https:\/\/www.csj-emballages.com\/es\/produit\/100-bolsas-kraft-con-ventana-de-abeto-120-x-260-mm\/\" \/>\n<meta property=\"og:site_name\" content=\"CSJ Emballages\" \/>\n<meta property=\"article:publisher\" content=\"https:\/\/www.facebook.com\/csjemballages\" \/>\n<meta property=\"article:modified_time\" content=\"2026-03-12T15:38:23+00:00\" \/>\n<meta property=\"og:image\" content=\"https:\/\/www.csj-emballages.com\/wp-content\/uploads\/2024\/03\/SAPINT1.webp\" \/>\n\t<meta property=\"og:image:width\" content=\"800\" \/>\n\t<meta property=\"og:image:height\" content=\"800\" \/>\n\t<meta property=\"og:image:type\" content=\"image\/webp\" \/>\n<meta name=\"twitter:card\" content=\"summary_large_image\" \/>\n<meta name=\"twitter:title\" content=\"Bolsa de Navidad kraft &quot;Abeto&quot; 120 x 260 mm\" \/>\n<meta name=\"twitter:description\" content=\"Bolsas de confiter\u00eda navide\u00f1a, 120x260 mm por 100, ideales para golosinas festivas, regalos para invitados, eventos o ventas en tienda.\" \/>\n<meta name=\"twitter:label1\" content=\"Tiempo de lectura\" \/>\n\t<meta name=\"twitter:data1\" content=\"2 minutos\" \/>\n<script type=\"application\/ld+json\" class=\"yoast-schema-graph\">{\"@context\":\"https:\/\/schema.org\",\"@graph\":[{\"@type\":\"WebPage\",\"@id\":\"https:\/\/www.csj-emballages.com\/es\/produit\/100-bolsas-kraft-con-ventana-de-abeto-120-x-260-mm\/\",\"url\":\"https:\/\/www.csj-emballages.com\/es\/produit\/100-bolsas-kraft-con-ventana-de-abeto-120-x-260-mm\/\",\"name\":\"Bolsa de Navidad Kraft Abeto 120 x 260 mm por 100\",\"isPartOf\":{\"@id\":\"https:\/\/www.csj-emballages.com\/es\/#website\"},\"primaryImageOfPage\":{\"@id\":\"https:\/\/www.csj-emballages.com\/es\/produit\/100-bolsas-kraft-con-ventana-de-abeto-120-x-260-mm\/#primaryimage\"},\"image\":{\"@id\":\"https:\/\/www.csj-emballages.com\/es\/produit\/100-bolsas-kraft-con-ventana-de-abeto-120-x-260-mm\/#primaryimage\"},\"thumbnailUrl\":\"https:\/\/www.csj-emballages.com\/wp-content\/uploads\/2024\/03\/SAPINT1.webp\",\"datePublished\":\"2024-03-01T15:50:05+00:00\",\"dateModified\":\"2026-03-12T15:38:23+00:00\",\"description\":\"Bolsa kraft para confiter\u00eda con forma de \u00e1rbol de Navidad de 120 x 260 mm, paquete de 100 unidades: elegante, resistente y respetuosa con el medio ambiente para chocolateros y confiteros.\",\"breadcrumb\":{\"@id\":\"https:\/\/www.csj-emballages.com\/es\/produit\/100-bolsas-kraft-con-ventana-de-abeto-120-x-260-mm\/#breadcrumb\"},\"inLanguage\":\"es\",\"potentialAction\":[{\"@type\":\"ReadAction\",\"target\":[\"https:\/\/www.csj-emballages.com\/es\/produit\/100-bolsas-kraft-con-ventana-de-abeto-120-x-260-mm\/\"]}]},{\"@type\":\"ImageObject\",\"inLanguage\":\"es\",\"@id\":\"https:\/\/www.csj-emballages.com\/es\/produit\/100-bolsas-kraft-con-ventana-de-abeto-120-x-260-mm\/#primaryimage\",\"url\":\"https:\/\/www.csj-emballages.com\/wp-content\/uploads\/2024\/03\/SAPINT1.webp\",\"contentUrl\":\"https:\/\/www.csj-emballages.com\/wp-content\/uploads\/2024\/03\/SAPINT1.webp\",\"width\":800,\"height\":800,\"caption\":\"Sachet confiseries\"},{\"@type\":\"BreadcrumbList\",\"@id\":\"https:\/\/www.csj-emballages.com\/es\/produit\/100-bolsas-kraft-con-ventana-de-abeto-120-x-260-mm\/#breadcrumb\",\"itemListElement\":[{\"@type\":\"ListItem\",\"position\":1,\"name\":\"Accueil\",\"item\":\"https:\/\/www.csj-emballages.com\/es\/universo-del-envasado-alimentario\/\"},{\"@type\":\"ListItem\",\"position\":2,\"name\":\"Tienda\",\"item\":\"https:\/\/www.csj-emballages.com\/tienda\/\"},{\"@type\":\"ListItem\",\"position\":3,\"name\":\"Bolsa kraft de Navidad para caramelos Abeto 120 x 260 mm por 100\"}]},{\"@type\":\"WebSite\",\"@id\":\"https:\/\/www.csj-emballages.com\/es\/#website\",\"url\":\"https:\/\/www.csj-emballages.com\/es\/\",\"name\":\"CSJ Emballages\",\"description\":\"\",\"publisher\":{\"@id\":\"https:\/\/www.csj-emballages.com\/es\/#organization\"},\"potentialAction\":[{\"@type\":\"SearchAction\",\"target\":{\"@type\":\"EntryPoint\",\"urlTemplate\":\"https:\/\/www.csj-emballages.com\/es\/?s={search_term_string}\"},\"query-input\":{\"@type\":\"PropertyValueSpecification\",\"valueRequired\":true,\"valueName\":\"search_term_string\"}}],\"inLanguage\":\"es\"},{\"@type\":\"Organization\",\"@id\":\"https:\/\/www.csj-emballages.com\/es\/#Organization\/\",\"name\":\"CSJ Emballages\",\"url\":\"https:\/\/www.csj-emballages.com\/es\/\",\"logo\":{\"@type\":\"ImageObject\",\"inLanguage\":\"es\",\"@id\":\"https:\/\/www.csj-emballages.com\/es\/#\/schema\/logo\/image\/\",\"url\":\"https:\/\/www.csj-emballages.com\/wp-content\/uploads\/2023\/10\/logo_csj.webp\",\"contentUrl\":\"https:\/\/www.csj-emballages.com\/wp-content\/uploads\/2023\/10\/logo_csj.webp\",\"width\":250,\"height\":95,\"caption\":\"CSJ Emballages\"},\"image\":{\"@id\":\"https:\/\/www.csj-emballages.com\/es\/#\/schema\/logo\/image\/\"},\"sameAs\":[\"https:\/\/www.facebook.com\/csjemballages\"],\"address\":{\"@type\":\"PostalAddress\",\"streetAddress\":\"ZI La Lechere\",\"addressLocality\":\"Patornay\",\"postalCode\":\"39130\",\"addressCountry\":\"FR\"},\"contactPoint\":[{\"@type\":\"ContactPoint\",\"contactType\":\"Service client\",\"telephone\":\"0384254272\",\"email\":\"contact@csj-emballages.com\"}]}]}<\/script>\n<!-- \/ Yoast SEO Premium plugin. -->","yoast_head_json":{"title":"Bolsa de Navidad Kraft Abeto 120 x 260 mm por 100","description":"Bolsa kraft para confiter\u00eda con forma de \u00e1rbol de Navidad de 120 x 260 mm, paquete de 100 unidades: elegante, resistente y respetuosa con el medio ambiente para chocolateros y confiteros.","robots":{"index":"index","follow":"follow","max-snippet":"max-snippet:-1","max-image-preview":"max-image-preview:large","max-video-preview":"max-video-preview:-1"},"canonical":"https:\/\/www.csj-emballages.com\/es\/produit\/100-bolsas-kraft-con-ventana-de-abeto-120-x-260-mm\/","og_locale":"es_ES","og_type":"article","og_title":"Bolsa de Navidad kraft \"Abeto\" 120 x 260 mm","og_description":"Bolsas de confiter\u00eda navide\u00f1a, 120x260 mm por 100, ideales para golosinas festivas, regalos para invitados, eventos o ventas en tienda.","og_url":"https:\/\/www.csj-emballages.com\/es\/produit\/100-bolsas-kraft-con-ventana-de-abeto-120-x-260-mm\/","og_site_name":"CSJ Emballages","article_publisher":"https:\/\/www.facebook.com\/csjemballages","article_modified_time":"2026-03-12T15:38:23+00:00","og_image":[{"width":800,"height":800,"url":"https:\/\/www.csj-emballages.com\/wp-content\/uploads\/2024\/03\/SAPINT1.webp","type":"image\/webp"}],"twitter_card":"summary_large_image","twitter_title":"Bolsa de Navidad kraft \"Abeto\" 120 x 260 mm","twitter_description":"Bolsas de confiter\u00eda navide\u00f1a, 120x260 mm por 100, ideales para golosinas festivas, regalos para invitados, eventos o ventas en tienda.","twitter_misc":{"Tiempo de lectura":"2 minutos"},"schema":{"@context":"https:\/\/schema.org","@graph":[{"@type":"WebPage","@id":"https:\/\/www.csj-emballages.com\/es\/produit\/100-bolsas-kraft-con-ventana-de-abeto-120-x-260-mm\/","url":"https:\/\/www.csj-emballages.com\/es\/produit\/100-bolsas-kraft-con-ventana-de-abeto-120-x-260-mm\/","name":"Bolsa de Navidad Kraft Abeto 120 x 260 mm por 100","isPartOf":{"@id":"https:\/\/www.csj-emballages.com\/es\/#website"},"primaryImageOfPage":{"@id":"https:\/\/www.csj-emballages.com\/es\/produit\/100-bolsas-kraft-con-ventana-de-abeto-120-x-260-mm\/#primaryimage"},"image":{"@id":"https:\/\/www.csj-emballages.com\/es\/produit\/100-bolsas-kraft-con-ventana-de-abeto-120-x-260-mm\/#primaryimage"},"thumbnailUrl":"https:\/\/www.csj-emballages.com\/wp-content\/uploads\/2024\/03\/SAPINT1.webp","datePublished":"2024-03-01T15:50:05+00:00","dateModified":"2026-03-12T15:38:23+00:00","description":"Bolsa kraft para confiter\u00eda con forma de \u00e1rbol de Navidad de 120 x 260 mm, paquete de 100 unidades: elegante, resistente y respetuosa con el medio ambiente para chocolateros y confiteros.","breadcrumb":{"@id":"https:\/\/www.csj-emballages.com\/es\/produit\/100-bolsas-kraft-con-ventana-de-abeto-120-x-260-mm\/#breadcrumb"},"inLanguage":"es","potentialAction":[{"@type":"ReadAction","target":["https:\/\/www.csj-emballages.com\/es\/produit\/100-bolsas-kraft-con-ventana-de-abeto-120-x-260-mm\/"]}]},{"@type":"ImageObject","inLanguage":"es","@id":"https:\/\/www.csj-emballages.com\/es\/produit\/100-bolsas-kraft-con-ventana-de-abeto-120-x-260-mm\/#primaryimage","url":"https:\/\/www.csj-emballages.com\/wp-content\/uploads\/2024\/03\/SAPINT1.webp","contentUrl":"https:\/\/www.csj-emballages.com\/wp-content\/uploads\/2024\/03\/SAPINT1.webp","width":800,"height":800,"caption":"Sachet confiseries"},{"@type":"BreadcrumbList","@id":"https:\/\/www.csj-emballages.com\/es\/produit\/100-bolsas-kraft-con-ventana-de-abeto-120-x-260-mm\/#breadcrumb","itemListElement":[{"@type":"ListItem","position":1,"name":"Accueil","item":"https:\/\/www.csj-emballages.com\/es\/universo-del-envasado-alimentario\/"},{"@type":"ListItem","position":2,"name":"Tienda","item":"https:\/\/www.csj-emballages.com\/tienda\/"},{"@type":"ListItem","position":3,"name":"Bolsa kraft de Navidad para caramelos Abeto 120 x 260 mm por 100"}]},{"@type":"WebSite","@id":"https:\/\/www.csj-emballages.com\/es\/#website","url":"https:\/\/www.csj-emballages.com\/es\/","name":"CSJ Emballages","description":"","publisher":{"@id":"https:\/\/www.csj-emballages.com\/es\/#organization"},"potentialAction":[{"@type":"SearchAction","target":{"@type":"EntryPoint","urlTemplate":"https:\/\/www.csj-emballages.com\/es\/?s={search_term_string}"},"query-input":{"@type":"PropertyValueSpecification","valueRequired":true,"valueName":"search_term_string"}}],"inLanguage":"es"},{"@type":"Organization","@id":"https:\/\/www.csj-emballages.com\/es\/#Organization\/","name":"CSJ Emballages","url":"https:\/\/www.csj-emballages.com\/es\/","logo":{"@type":"ImageObject","inLanguage":"es","@id":"https:\/\/www.csj-emballages.com\/es\/#\/schema\/logo\/image\/","url":"https:\/\/www.csj-emballages.com\/wp-content\/uploads\/2023\/10\/logo_csj.webp","contentUrl":"https:\/\/www.csj-emballages.com\/wp-content\/uploads\/2023\/10\/logo_csj.webp","width":250,"height":95,"caption":"CSJ Emballages"},"image":{"@id":"https:\/\/www.csj-emballages.com\/es\/#\/schema\/logo\/image\/"},"sameAs":["https:\/\/www.facebook.com\/csjemballages"],"address":{"@type":"PostalAddress","streetAddress":"ZI La Lechere","addressLocality":"Patornay","postalCode":"39130","addressCountry":"FR"},"contactPoint":[{"@type":"ContactPoint","contactType":"Service client","telephone":"0384254272","email":"contact@csj-emballages.com"}]}]}},"df_price":19.85,"df_sale_price":19.85,"df_regular_price":23.35,"df_image_link":"https:\/\/www.csj-emballages.com\/wp-content\/uploads\/2024\/03\/SAPINT1-300x300.webp","tiered_pricing_type":"fixed","tiered_pricing_fixed_rules":[],"tiered_pricing_percentage_rules":[],"tiered_pricing_minimum":1,"tiered_pricing_roles_data":[],"_links":{"self":[{"href":"https:\/\/www.csj-emballages.com\/es\/wp-json\/wp\/v2\/product\/23206","targetHints":{"allow":["GET"]}}],"collection":[{"href":"https:\/\/www.csj-emballages.com\/es\/wp-json\/wp\/v2\/product"}],"about":[{"href":"https:\/\/www.csj-emballages.com\/es\/wp-json\/wp\/v2\/types\/product"}],"wp:featuredmedia":[{"embeddable":true,"href":"https:\/\/www.csj-emballages.com\/es\/wp-json\/wp\/v2\/media\/243560"}],"wp:attachment":[{"href":"https:\/\/www.csj-emballages.com\/es\/wp-json\/wp\/v2\/media?parent=23206"}],"wp:term":[{"taxonomy":"product_brand","embeddable":true,"href":"https:\/\/www.csj-emballages.com\/es\/wp-json\/wp\/v2\/product_brand?post=23206"},{"taxonomy":"product_cat","embeddable":true,"href":"https:\/\/www.csj-emballages.com\/es\/wp-json\/wp\/v2\/product_cat?post=23206"},{"taxonomy":"product_tag","embeddable":true,"href":"https:\/\/www.csj-emballages.com\/es\/wp-json\/wp\/v2\/product_tag?post=23206"}],"curies":[{"name":"wp","href":"https:\/\/api.w.org\/{rel}","templated":true}]}}