{"id":231813,"date":"2025-04-11T09:26:20","date_gmt":"2025-04-11T07:26:20","guid":{"rendered":"https:\/\/www.csj-emballages.com\/produit\/tarro-de-sopa-kraft-480-ml-por-25\/"},"modified":"2026-04-21T02:15:50","modified_gmt":"2026-04-21T00:15:50","slug":"tarro-de-sopa-kraft-480-ml-por-25","status":"publish","type":"product","link":"https:\/\/www.csj-emballages.com\/es\/produit\/tarro-de-sopa-kraft-480-ml-por-25\/","title":{"rendered":"Tarro de sopa Kraft 480 ml por 25"},"content":{"rendered":"<div style=\"font-family: Roboto, sans-serif\">\n<div style=\"font-family: Roboto, sans-serif\">\n<div style=\"font-family: Roboto, sans-serif\">\n<h2>Olla para sopa<\/h2>\n<hr>\n<h3>Descripci\u00f3n de nuestro bote de sopa kraft de 480 ml, paquete de 25<\/h3>\n<p><!--more--><\/p>\n<div class=\"flex-shrink-0 flex flex-col relative items-end\">\n<div class=\"pt-0.5 juice:pt-0\">\n<div class=\"gizmo-bot-avatar flex h-6 w-6 items-center justify-center overflow-hidden rounded-full juice:h-8 juice:w-8\">\n<div class=\"relative p-1 rounded-sm flex items-center justify-center bg-token-main-surface-primary text-token-text-primary h-8 w-8\">\n<p class=\"\" data-start=\"170\" data-end=\"492\">Esta <strong>sopera kraft de 480 ml<\/strong> con <strong>tapa a juego (se vende por separado : <\/strong><span style=\"color: #d12727\"><a style=\"color: #d12727\" href=\"https:\/\/www.csj-emballages.com\/es\/produit\/tapa-de-carton-para-olla-sopera-480-ml-paquete-de-25\/\">COUVPSA480<\/a><\/span>) es la soluci\u00f3n ideal para servir platos calientes con total seguridad. Con su gran capacidad, es perfecta para <strong>porciones generosas<\/strong>: <strong>sopas<\/strong>, <strong>velout\u00e9s<\/strong>, etc. <\/p>\n<p class=\"\" data-start=\"494\" data-end=\"839\">Fabricado con <strong>cart\u00f3n kraft<\/strong> de alta calidad, es resistente al calor, estanco y r\u00edgido. Maneja f\u00e1cilmente preparados l\u00edquidos o espesos, manteniendo la temperatura adecuada. Gracias a su <strong>tapa perfectamente ajustada<\/strong>, el transporte es limpio y seguro: sin derrames ni sorpresas desagradables a la llegada.  <\/p>\n<p class=\"\" data-start=\"841\" data-end=\"1185\">Dise\u00f1ado para restaurantes, empresas de catering, food trucks y organizadores de eventos, este <strong>tarro de cart\u00f3n<\/strong> tambi\u00e9n es perfecto para particulares que quieran envasar con cuidado sus platos caseros. Su dise\u00f1o <strong>kraft natural<\/strong> a\u00f1ade un toque real de autenticidad, y forma parte de un enfoque m\u00e1s responsable, muy alejado de los tradicionales envases de pl\u00e1stico. <\/p>\n<p class=\"\" data-start=\"1187\" data-end=\"1371\">Es imprescindible para aperitivos de calidad o comidas para llevar bien presentadas. Listo para usar, ahorra tiempo y garantiza una imagen profesional y pulida. <\/p>\n<p class=\"\" data-start=\"1373\" data-end=\"1390\">\n<\/div>\n<\/div>\n<\/div>\n<\/div>\n<p><!--more--><\/p>\n<p><strong>Sus ventajas:<\/strong><\/p>\n<ul>\n<li>Gran capacidad de 480 ml para comidas completas.<\/li>\n<li>Se venden con tapas para un transporte seguro.<\/li>\n<li>Aspecto kraft natural, moderno y ecol\u00f3gico.<\/li>\n<li>Esta olla sopera es ideal para profesionales.<\/li>\n<\/ul>\n<p>&nbsp;<\/p>\n<p><!--more--><\/p>\n<h4>Informaci\u00f3n adicional :<\/h4>\n<ul>\n<li><strong>Envase<\/strong>: Paquete de 25<\/li>\n<li><strong>Di\u00e1metro superior<\/strong>: \u00d89,5 cm<\/li>\n<li><strong>Di\u00e1metro inferior<\/strong>: \u00d87,3 cm<\/li>\n<li><strong>Altura<\/strong>: 10 cm<\/li>\n<li><span style=\"font-weight: bold\">Volumen <\/span>: 480 ml<\/li>\n<li><span style=\"font-weight: bold\">Material <\/span>: Cart\u00f3n<\/li>\n<\/ul>\n<\/div>\n<\/div>\n<div style=\"font-family: Roboto, sans-serif\">\n<p>&nbsp;<\/p>\n<\/div>\n<\/div>\n<p><!--more--><\/p>\n<p>Encuentre aqu\u00ed la tapa compatible con esta olla sopera: <span style=\"color: #d12727\"><a style=\"color: #d12727\" href=\"https:\/\/www.csj-emballages.com\/es\/produit\/tapa-de-carton-para-olla-sopera-480-ml-paquete-de-25\/\">COUVPSA480<\/a><\/span><\/p>\n<p>&nbsp;<\/p>\n<h5><!--more--><\/h5>\n<div style=\"font-family: Roboto, sans-serif\">\n<div style=\"font-family: Roboto, sans-serif\">\n<div style=\"font-family: Roboto, sans-serif\">\n<p>Este tarro tambi\u00e9n est\u00e1 disponible en varios tama\u00f1os: <span style=\"color: #d12727\"><a style=\"color: #d12727\" href=\"https:\/\/www.csj-emballages.com\/produit\/pot-de-glace-kraft-237-ml-par-25\/\">237 ml<\/a><\/span> \/ <span style=\"color: #d12727\"><a style=\"color: #d12727\" href=\"https:\/\/www.csj-emballages.com\/es\/produit\/25-tarros-de-sopa-de-carton-kraft-desechables-350-ml\/\">350 ml<\/a><\/span> \/ <span style=\"color: #d12727\"><a style=\"color: #d12727\" href=\"https:\/\/www.csj-emballages.com\/es\/produit\/25-ollas-soperas-kraft-desechables-con-tapa-450-ml\/\">450 ml<\/a><\/span> \/ <span style=\"color: #d12727\"><a style=\"color: #d12727\" href=\"https:\/\/www.csj-emballages.com\/es\/produit\/25-tarros-de-sopa-kraft-desechables-780-ml\/\">780 ml<\/a> <span style=\"color: #000000\">\/<\/span> <a style=\"color: #d12727\" href=\"https:\/\/www.csj-emballages.com\/es\/produit\/25-tarros-de-sopa-kraft-desechables-960-ml\/\">960 ml<\/a><\/span><\/p>\n<p>&nbsp;<\/p>\n<p><!--more--><\/p>\n<p><a href=\"https:\/\/www.csj-emballages.com\/es\/categorie-produit\/envasado-de-alimentos\/catering-es\/ollas-cuencos-portavasos\/ollas-kraft\/ollas-para-sopa\/\">Ver el resto de nuestra gama de ollas soperas<\/a><\/p>\n<\/div>\n<\/div>\n<\/div>\n","protected":false},"excerpt":{"rendered":"<p>Olla para sopa Descripci\u00f3n de nuestro bote de sopa kraft de 480 ml, paquete de 25<\/p>\n","protected":false},"featured_media":231810,"template":"","meta":{"_acf_changed":false},"product_brand":[],"product_cat":[1150,1179,3879,1277,8645],"product_tag":[],"class_list":{"0":"post-231813","1":"product","2":"type-product","3":"status-publish","4":"has-post-thumbnail","6":"product_cat-envasado-de-alimentos","7":"product_cat-catering-es","8":"product_cat-ollas-cuencos-portavasos","9":"product_cat-ollas-kraft","10":"product_cat-ollas-para-sopa","12":"first","13":"instock","14":"taxable","15":"shipping-taxable","16":"purchasable","17":"product-type-simple"},"acf":[],"yoast_head":"<!-- This site is optimized with the Yoast SEO Premium plugin v26.6 (Yoast SEO v26.6) - https:\/\/yoast.com\/wordpress\/plugins\/seo\/ -->\n<title>Olla Kraft 480 ml \u00e0 25<\/title>\n<meta name=\"description\" content=\"Bote de sopa kraft de 480 ml, paquete de 25: ideal para profesionales y consumidores. Resistente, pr\u00e1ctico y perfecto para llevar o vender a domicilio.\" \/>\n<meta name=\"robots\" content=\"index, follow, max-snippet:-1, max-image-preview:large, max-video-preview:-1\" \/>\n<link rel=\"canonical\" href=\"https:\/\/www.csj-emballages.com\/es\/produit\/tarro-de-sopa-kraft-480-ml-por-25\/\" \/>\n<meta property=\"og:locale\" content=\"es_ES\" \/>\n<meta property=\"og:type\" content=\"article\" \/>\n<meta property=\"og:title\" content=\"Tarro de sopa Kraft 480 ml por 25\" \/>\n<meta property=\"og:description\" content=\"Bote de sopa kraft de 480 ml, paquete de 25: ideal para profesionales y consumidores. Resistente, pr\u00e1ctico y perfecto para llevar o vender a domicilio.\" \/>\n<meta property=\"og:url\" content=\"https:\/\/www.csj-emballages.com\/es\/produit\/tarro-de-sopa-kraft-480-ml-por-25\/\" \/>\n<meta property=\"og:site_name\" content=\"CSJ Emballages\" \/>\n<meta property=\"article:publisher\" content=\"https:\/\/www.facebook.com\/csjemballages\" \/>\n<meta property=\"article:modified_time\" content=\"2026-04-21T00:15:50+00:00\" \/>\n<meta property=\"og:image\" content=\"https:\/\/www.csj-emballages.com\/wp-content\/uploads\/2025\/04\/PSA450.webp\" \/>\n\t<meta property=\"og:image:width\" content=\"800\" \/>\n\t<meta property=\"og:image:height\" content=\"800\" \/>\n\t<meta property=\"og:image:type\" content=\"image\/webp\" \/>\n<meta name=\"twitter:card\" content=\"summary_large_image\" \/>\n<meta name=\"twitter:label1\" content=\"Tiempo de lectura\" \/>\n\t<meta name=\"twitter:data1\" content=\"1 minuto\" \/>\n<script type=\"application\/ld+json\" class=\"yoast-schema-graph\">{\"@context\":\"https:\/\/schema.org\",\"@graph\":[{\"@type\":\"WebPage\",\"@id\":\"https:\/\/www.csj-emballages.com\/es\/produit\/tarro-de-sopa-kraft-480-ml-por-25\/\",\"url\":\"https:\/\/www.csj-emballages.com\/es\/produit\/tarro-de-sopa-kraft-480-ml-por-25\/\",\"name\":\"Olla Kraft 480 ml \u00e0 25\",\"isPartOf\":{\"@id\":\"https:\/\/www.csj-emballages.com\/es\/#website\"},\"primaryImageOfPage\":{\"@id\":\"https:\/\/www.csj-emballages.com\/es\/produit\/tarro-de-sopa-kraft-480-ml-por-25\/#primaryimage\"},\"image\":{\"@id\":\"https:\/\/www.csj-emballages.com\/es\/produit\/tarro-de-sopa-kraft-480-ml-por-25\/#primaryimage\"},\"thumbnailUrl\":\"https:\/\/www.csj-emballages.com\/wp-content\/uploads\/2025\/04\/PSA450.webp\",\"datePublished\":\"2025-04-11T07:26:20+00:00\",\"dateModified\":\"2026-04-21T00:15:50+00:00\",\"description\":\"Bote de sopa kraft de 480 ml, paquete de 25: ideal para profesionales y consumidores. Resistente, pr\u00e1ctico y perfecto para llevar o vender a domicilio.\",\"breadcrumb\":{\"@id\":\"https:\/\/www.csj-emballages.com\/es\/produit\/tarro-de-sopa-kraft-480-ml-por-25\/#breadcrumb\"},\"inLanguage\":\"es\",\"potentialAction\":[{\"@type\":\"ReadAction\",\"target\":[\"https:\/\/www.csj-emballages.com\/es\/produit\/tarro-de-sopa-kraft-480-ml-por-25\/\"]}]},{\"@type\":\"ImageObject\",\"inLanguage\":\"es\",\"@id\":\"https:\/\/www.csj-emballages.com\/es\/produit\/tarro-de-sopa-kraft-480-ml-por-25\/#primaryimage\",\"url\":\"https:\/\/www.csj-emballages.com\/wp-content\/uploads\/2025\/04\/PSA450.webp\",\"contentUrl\":\"https:\/\/www.csj-emballages.com\/wp-content\/uploads\/2025\/04\/PSA450.webp\",\"width\":800,\"height\":800,\"caption\":\"Pot \u00e0 soupe\"},{\"@type\":\"BreadcrumbList\",\"@id\":\"https:\/\/www.csj-emballages.com\/es\/produit\/tarro-de-sopa-kraft-480-ml-por-25\/#breadcrumb\",\"itemListElement\":[{\"@type\":\"ListItem\",\"position\":1,\"name\":\"Accueil\",\"item\":\"https:\/\/www.csj-emballages.com\/es\/universo-del-envasado-alimentario\/\"},{\"@type\":\"ListItem\",\"position\":2,\"name\":\"Tienda\",\"item\":\"https:\/\/www.csj-emballages.com\/tienda\/\"},{\"@type\":\"ListItem\",\"position\":3,\"name\":\"Tarro de sopa Kraft 480 ml por 25\"}]},{\"@type\":\"WebSite\",\"@id\":\"https:\/\/www.csj-emballages.com\/es\/#website\",\"url\":\"https:\/\/www.csj-emballages.com\/es\/\",\"name\":\"CSJ Emballages\",\"description\":\"\",\"publisher\":{\"@id\":\"https:\/\/www.csj-emballages.com\/es\/#organization\"},\"potentialAction\":[{\"@type\":\"SearchAction\",\"target\":{\"@type\":\"EntryPoint\",\"urlTemplate\":\"https:\/\/www.csj-emballages.com\/es\/?s={search_term_string}\"},\"query-input\":{\"@type\":\"PropertyValueSpecification\",\"valueRequired\":true,\"valueName\":\"search_term_string\"}}],\"inLanguage\":\"es\"},{\"@type\":\"Organization\",\"@id\":\"https:\/\/www.csj-emballages.com\/es\/#Organization\/\",\"name\":\"CSJ Emballages\",\"url\":\"https:\/\/www.csj-emballages.com\/es\/\",\"logo\":{\"@type\":\"ImageObject\",\"inLanguage\":\"es\",\"@id\":\"https:\/\/www.csj-emballages.com\/es\/#\/schema\/logo\/image\/\",\"url\":\"https:\/\/www.csj-emballages.com\/wp-content\/uploads\/2023\/10\/logo_csj.webp\",\"contentUrl\":\"https:\/\/www.csj-emballages.com\/wp-content\/uploads\/2023\/10\/logo_csj.webp\",\"width\":250,\"height\":95,\"caption\":\"CSJ Emballages\"},\"image\":{\"@id\":\"https:\/\/www.csj-emballages.com\/es\/#\/schema\/logo\/image\/\"},\"sameAs\":[\"https:\/\/www.facebook.com\/csjemballages\"],\"address\":{\"@type\":\"PostalAddress\",\"streetAddress\":\"ZI La Lechere\",\"addressLocality\":\"Patornay\",\"postalCode\":\"39130\",\"addressCountry\":\"FR\"},\"contactPoint\":[{\"@type\":\"ContactPoint\",\"contactType\":\"Service client\",\"telephone\":\"0384254272\",\"email\":\"contact@csj-emballages.com\"}]}]}<\/script>\n<!-- \/ Yoast SEO Premium plugin. -->","yoast_head_json":{"title":"Olla Kraft 480 ml \u00e0 25","description":"Bote de sopa kraft de 480 ml, paquete de 25: ideal para profesionales y consumidores. Resistente, pr\u00e1ctico y perfecto para llevar o vender a domicilio.","robots":{"index":"index","follow":"follow","max-snippet":"max-snippet:-1","max-image-preview":"max-image-preview:large","max-video-preview":"max-video-preview:-1"},"canonical":"https:\/\/www.csj-emballages.com\/es\/produit\/tarro-de-sopa-kraft-480-ml-por-25\/","og_locale":"es_ES","og_type":"article","og_title":"Tarro de sopa Kraft 480 ml por 25","og_description":"Bote de sopa kraft de 480 ml, paquete de 25: ideal para profesionales y consumidores. Resistente, pr\u00e1ctico y perfecto para llevar o vender a domicilio.","og_url":"https:\/\/www.csj-emballages.com\/es\/produit\/tarro-de-sopa-kraft-480-ml-por-25\/","og_site_name":"CSJ Emballages","article_publisher":"https:\/\/www.facebook.com\/csjemballages","article_modified_time":"2026-04-21T00:15:50+00:00","og_image":[{"width":800,"height":800,"url":"https:\/\/www.csj-emballages.com\/wp-content\/uploads\/2025\/04\/PSA450.webp","type":"image\/webp"}],"twitter_card":"summary_large_image","twitter_misc":{"Tiempo de lectura":"1 minuto"},"schema":{"@context":"https:\/\/schema.org","@graph":[{"@type":"WebPage","@id":"https:\/\/www.csj-emballages.com\/es\/produit\/tarro-de-sopa-kraft-480-ml-por-25\/","url":"https:\/\/www.csj-emballages.com\/es\/produit\/tarro-de-sopa-kraft-480-ml-por-25\/","name":"Olla Kraft 480 ml \u00e0 25","isPartOf":{"@id":"https:\/\/www.csj-emballages.com\/es\/#website"},"primaryImageOfPage":{"@id":"https:\/\/www.csj-emballages.com\/es\/produit\/tarro-de-sopa-kraft-480-ml-por-25\/#primaryimage"},"image":{"@id":"https:\/\/www.csj-emballages.com\/es\/produit\/tarro-de-sopa-kraft-480-ml-por-25\/#primaryimage"},"thumbnailUrl":"https:\/\/www.csj-emballages.com\/wp-content\/uploads\/2025\/04\/PSA450.webp","datePublished":"2025-04-11T07:26:20+00:00","dateModified":"2026-04-21T00:15:50+00:00","description":"Bote de sopa kraft de 480 ml, paquete de 25: ideal para profesionales y consumidores. Resistente, pr\u00e1ctico y perfecto para llevar o vender a domicilio.","breadcrumb":{"@id":"https:\/\/www.csj-emballages.com\/es\/produit\/tarro-de-sopa-kraft-480-ml-por-25\/#breadcrumb"},"inLanguage":"es","potentialAction":[{"@type":"ReadAction","target":["https:\/\/www.csj-emballages.com\/es\/produit\/tarro-de-sopa-kraft-480-ml-por-25\/"]}]},{"@type":"ImageObject","inLanguage":"es","@id":"https:\/\/www.csj-emballages.com\/es\/produit\/tarro-de-sopa-kraft-480-ml-por-25\/#primaryimage","url":"https:\/\/www.csj-emballages.com\/wp-content\/uploads\/2025\/04\/PSA450.webp","contentUrl":"https:\/\/www.csj-emballages.com\/wp-content\/uploads\/2025\/04\/PSA450.webp","width":800,"height":800,"caption":"Pot \u00e0 soupe"},{"@type":"BreadcrumbList","@id":"https:\/\/www.csj-emballages.com\/es\/produit\/tarro-de-sopa-kraft-480-ml-por-25\/#breadcrumb","itemListElement":[{"@type":"ListItem","position":1,"name":"Accueil","item":"https:\/\/www.csj-emballages.com\/es\/universo-del-envasado-alimentario\/"},{"@type":"ListItem","position":2,"name":"Tienda","item":"https:\/\/www.csj-emballages.com\/tienda\/"},{"@type":"ListItem","position":3,"name":"Tarro de sopa Kraft 480 ml por 25"}]},{"@type":"WebSite","@id":"https:\/\/www.csj-emballages.com\/es\/#website","url":"https:\/\/www.csj-emballages.com\/es\/","name":"CSJ Emballages","description":"","publisher":{"@id":"https:\/\/www.csj-emballages.com\/es\/#organization"},"potentialAction":[{"@type":"SearchAction","target":{"@type":"EntryPoint","urlTemplate":"https:\/\/www.csj-emballages.com\/es\/?s={search_term_string}"},"query-input":{"@type":"PropertyValueSpecification","valueRequired":true,"valueName":"search_term_string"}}],"inLanguage":"es"},{"@type":"Organization","@id":"https:\/\/www.csj-emballages.com\/es\/#Organization\/","name":"CSJ Emballages","url":"https:\/\/www.csj-emballages.com\/es\/","logo":{"@type":"ImageObject","inLanguage":"es","@id":"https:\/\/www.csj-emballages.com\/es\/#\/schema\/logo\/image\/","url":"https:\/\/www.csj-emballages.com\/wp-content\/uploads\/2023\/10\/logo_csj.webp","contentUrl":"https:\/\/www.csj-emballages.com\/wp-content\/uploads\/2023\/10\/logo_csj.webp","width":250,"height":95,"caption":"CSJ Emballages"},"image":{"@id":"https:\/\/www.csj-emballages.com\/es\/#\/schema\/logo\/image\/"},"sameAs":["https:\/\/www.facebook.com\/csjemballages"],"address":{"@type":"PostalAddress","streetAddress":"ZI La Lechere","addressLocality":"Patornay","postalCode":"39130","addressCountry":"FR"},"contactPoint":[{"@type":"ContactPoint","contactType":"Service client","telephone":"0384254272","email":"contact@csj-emballages.com"}]}]}},"df_price":2.99,"df_sale_price":"","df_regular_price":2.99,"df_image_link":"https:\/\/www.csj-emballages.com\/wp-content\/uploads\/2025\/04\/PSA450-300x300.webp","tiered_pricing_type":"fixed","tiered_pricing_fixed_rules":[],"tiered_pricing_percentage_rules":[],"tiered_pricing_minimum":1,"tiered_pricing_roles_data":[],"_links":{"self":[{"href":"https:\/\/www.csj-emballages.com\/es\/wp-json\/wp\/v2\/product\/231813","targetHints":{"allow":["GET"]}}],"collection":[{"href":"https:\/\/www.csj-emballages.com\/es\/wp-json\/wp\/v2\/product"}],"about":[{"href":"https:\/\/www.csj-emballages.com\/es\/wp-json\/wp\/v2\/types\/product"}],"wp:featuredmedia":[{"embeddable":true,"href":"https:\/\/www.csj-emballages.com\/es\/wp-json\/wp\/v2\/media\/231810"}],"wp:attachment":[{"href":"https:\/\/www.csj-emballages.com\/es\/wp-json\/wp\/v2\/media?parent=231813"}],"wp:term":[{"taxonomy":"product_brand","embeddable":true,"href":"https:\/\/www.csj-emballages.com\/es\/wp-json\/wp\/v2\/product_brand?post=231813"},{"taxonomy":"product_cat","embeddable":true,"href":"https:\/\/www.csj-emballages.com\/es\/wp-json\/wp\/v2\/product_cat?post=231813"},{"taxonomy":"product_tag","embeddable":true,"href":"https:\/\/www.csj-emballages.com\/es\/wp-json\/wp\/v2\/product_tag?post=231813"}],"curies":[{"name":"wp","href":"https:\/\/api.w.org\/{rel}","templated":true}]}}