{"id":23180,"date":"2024-03-01T16:50:06","date_gmt":"2024-03-01T15:50:06","guid":{"rendered":"https:\/\/u15jnbdpoq.preview.infomaniak.website\/produit\/100-bolsas-planas-de-navidad-xmas-de-polipropileno-100-x-220-mm\/"},"modified":"2026-03-12T16:38:13","modified_gmt":"2026-03-12T15:38:13","slug":"100-bolsas-planas-de-navidad-xmas-de-polipropileno-100-x-220-mm","status":"publish","type":"product","link":"https:\/\/www.csj-emballages.com\/es\/produit\/100-bolsas-planas-de-navidad-xmas-de-polipropileno-100-x-220-mm\/","title":{"rendered":"Bolsas de polipropileno \u00abNavidad\u00bb 100 x 220 mm, 100 por bolsa"},"content":{"rendered":"<div style=\"box-sizing: inherit; font-family: Roboto, sans-serif;\">\n<div style=\"box-sizing: inherit; font-family: Roboto, sans-serif;\">\n<div style=\"box-sizing: inherit; font-family: Roboto, sans-serif;\">\n<div style=\"box-sizing: inherit; font-family: Roboto, sans-serif;\">\n<div style=\"box-sizing: inherit; font-family: Roboto, sans-serif;\">\n<div style=\"box-sizing: inherit; font-family: Roboto, sans-serif;\">\n<div style=\"box-sizing: inherit; font-family: Roboto, sans-serif;\">\n<div style=\"box-sizing: inherit; font-family: Roboto, sans-serif;\">\n<div style=\"box-sizing: inherit; font-family: Roboto, sans-serif;\">\n<div style=\"box-sizing: inherit; font-family: Roboto, sans-serif;\">\n<div style=\"box-sizing: inherit; font-family: Roboto, sans-serif;\">\n<div style=\"box-sizing: inherit; font-family: Roboto, sans-serif;\">\n<div style=\"box-sizing: inherit; font-family: Roboto, sans-serif;\">\n<div class=\"flex flex-grow flex-col max-w-full\">\n<div class=\"min-h-[20px] text-message flex flex-col items-start whitespace-pre-wrap break-words [.text-message+&amp;]:mt-5 juice:w-full juice:items-end overflow-x-auto gap-2\" dir=\"auto\" data-message-author-role=\"assistant\" data-message-id=\"2034782e-88f9-44ef-b4dc-07dd7bf0115f\">\n<div class=\"flex w-full flex-col gap-1 juice:empty:hidden juice:first:pt-[3px]\">\n<div class=\"markdown prose w-full break-words dark:prose-invert light\">\n<div style=\"box-sizing: inherit; font-family: Roboto, sans-serif;\">\n<div style=\"box-sizing: inherit; font-family: Roboto, sans-serif;\">\n<div style=\"box-sizing: inherit; font-family: Roboto, sans-serif;\">\n<div style=\"box-sizing: inherit; font-family: Roboto, sans-serif;\">\n<div style=\"box-sizing: inherit; font-family: Roboto, sans-serif;\">\n<div style=\"box-sizing: inherit; font-family: Roboto, sans-serif;\">\n<h2>Dulces navide\u00f1os<\/h2>\n<div style=\"box-sizing: inherit; font-family: Roboto, sans-serif;\">\n<div style=\"box-sizing: inherit; font-family: Roboto, sans-serif;\">\n<div style=\"box-sizing: inherit; font-family: Roboto, sans-serif;\">\n<div style=\"text-align: center;\">\n<div style=\"box-sizing: inherit; font-family: Roboto, sans-serif;\">\n<div style=\"box-sizing: inherit; font-family: Roboto, sans-serif;\">\n<div style=\"box-sizing: inherit; font-family: Roboto, sans-serif;\">\n<div style=\"box-sizing: inherit; font-family: Roboto, sans-serif;\">\n<div style=\"box-sizing: inherit; font-family: Roboto, sans-serif;\">\n<div style=\"box-sizing: inherit; font-family: Roboto, sans-serif; text-align: left;\">\n<hr>\n<h3 style=\"text-align: left;\">Descripci\u00f3n de nuestra bolsa de Navidad polypro plana \u00abXmas\u00bb 100 x 220 mm por 100<\/h3>\n<h3 style=\"text-align: left;\"><!--more--><\/h3>\n<\/div>\n<\/div>\n<\/div>\n<\/div>\n<\/div>\n<\/div>\n<\/div>\n<\/div>\n<\/div>\n<\/div>\n<\/div>\n<\/div>\n<\/div>\n<\/div>\n<\/div>\n<\/div>\n<\/div>\n<\/div>\n<\/div>\n<\/div>\n<\/div>\n<\/div>\n<\/div>\n<\/div>\n<\/div>\n<\/div>\n<\/div>\n<\/div>\n<\/div>\n<\/div>\n<\/div>\n<\/div>\n<\/div>\n<div style=\"box-sizing: inherit; font-family: Roboto, sans-serif;\">\n<div style=\"box-sizing: inherit; font-family: Roboto, sans-serif;\">\n<div style=\"box-sizing: inherit; font-family: Roboto, sans-serif;\">\n<div style=\"box-sizing: inherit; font-family: Roboto, sans-serif;\">\n<div style=\"box-sizing: inherit; font-family: Roboto, sans-serif;\">\n<div style=\"box-sizing: inherit; font-family: Roboto, sans-serif;\">\n<div style=\"box-sizing: inherit; font-family: Roboto, sans-serif;\">\n<div style=\"box-sizing: inherit; font-family: Roboto, sans-serif;\">\n<div style=\"box-sizing: inherit; font-family: Roboto, sans-serif;\">\n<div style=\"box-sizing: inherit; font-family: Roboto, sans-serif;\">\n<div style=\"box-sizing: inherit; font-family: Roboto, sans-serif;\">\n<div style=\"box-sizing: inherit; font-family: Roboto, sans-serif;\">\n<div style=\"box-sizing: inherit; font-family: Roboto, sans-serif;\">\n<div class=\"flex flex-grow flex-col max-w-full\">\n<div class=\"min-h-[20px] text-message flex flex-col items-start whitespace-pre-wrap break-words [.text-message+&amp;]:mt-5 juice:w-full juice:items-end overflow-x-auto gap-2\" dir=\"auto\" data-message-author-role=\"assistant\" data-message-id=\"2034782e-88f9-44ef-b4dc-07dd7bf0115f\">\n<div class=\"flex w-full flex-col gap-1 juice:empty:hidden juice:first:pt-[3px]\">\n<div class=\"markdown prose w-full break-words dark:prose-invert light\">\n<div style=\"box-sizing: inherit; font-family: Roboto, sans-serif;\">\n<div style=\"box-sizing: inherit; font-family: Roboto, sans-serif;\">\n<div style=\"box-sizing: inherit; font-family: Roboto, sans-serif;\">\n<div style=\"box-sizing: inherit; font-family: Roboto, sans-serif;\">\n<div style=\"box-sizing: inherit; font-family: Roboto, sans-serif;\">\n<div style=\"box-sizing: inherit; font-family: Roboto, sans-serif;\">\n<p data-start=\"0\" data-end=\"592\">A\u00f1ada un toque de <strong data-start=\"53\" data-end=\"62\">magia<\/strong> a sus celebraciones festivas con nuestra <strong data-start=\"86\" data-end=\"146\">bolsa plana de polipropileno para dulces navide\u00f1os \u00abXmas\u00bb de 100 x 220 mm<\/strong>. Especialmente dise\u00f1ada para envolver sus <strong data-start=\"185\" data-end=\"198\">bombones<\/strong>, <strong data-start=\"200\" data-end=\"215\">golosinas<\/strong> o <strong data-start=\"219\" data-end=\"244\">tabletas de chocolate<\/strong>, esta <strong>bolsa plana para golosinas<\/strong> combina <strong data-start=\"267\" data-end=\"280\">funcionalidad<\/strong> y <strong data-start=\"284\" data-end=\"296\" data-is-only-node=\"\">elegancia<\/strong>. Gracias a su resistente <strong data-start=\"310\" data-end=\"338\">film de polipropileno<\/strong> transparente <strong data-start=\"310\" data-end=\"338\">de 30 \u00b5m<\/strong>, ofrece una protecci\u00f3n perfecta para sus golosinas al tiempo que revela su bella presentaci\u00f3n. Sin fuelles, agujeros ni perforaciones, mantiene los productos <strong data-start=\"515\" data-end=\"528\">frescos<\/strong> y evita que se filtre el aire o la humedad.   <\/p>\n<p data-start=\"594\" data-end=\"1043\">Adem\u00e1s, su tama\u00f1o compacto de <strong data-start=\"625\" data-end=\"641\">100 x 220 mm<\/strong> lo hace ideal para una amplia gama de creaciones: chocolates caseros, galletas festivas o peque\u00f1as golosinas para regalar. Puede cerrarlo f\u00e1cilmente con una cinta, un lazo de rafia o una etiqueta personalizada para reforzar el esp\u00edritu navide\u00f1o y conquistar a sus clientes a primera vista. <strong data-start=\"926\" data-end=\"944\">A menor coste<\/strong>, puede ofrecer un envase de alta calidad que realce el valor de sus productos sin dejar de ser econ\u00f3mico. <\/p>\n<p data-start=\"1045\" data-end=\"1369\">Esta <strong data-start=\"1062\" data-end=\"1087\">bolsa de confiter\u00eda Christmas Xmas Gift<\/strong> tiene un dise\u00f1o festivo inspirado en el mundo de la Navidad. Es perfecta para escaparates de pasteler\u00edas, chocolater\u00edas, tiendas de dulces o cestas gourmet. Su pel\u00edcula brillante resalta los colores y texturas de sus dulces, creando un efecto \u00abwow\u00bb instant\u00e1neo.  <\/p>\n<p data-start=\"1371\" data-end=\"1637\">En resumen, esta <strong>bolsa de pl\u00e1stico<\/strong> es el aliado ideal tanto para profesionales como para particulares que deseen realzar sus <strong data-start=\"1478\" data-end=\"1499\">regalos gourmet<\/strong> durante las fiestas. F\u00e1cil de guardar, manipular y sellar, le ahorrar\u00e1 tiempo al tiempo que a\u00f1ade un toque de refinamiento. <\/p>\n<p data-start=\"1371\" data-end=\"1637\">\n<p><!--more--><\/p>\n<h4 style=\"text-align: left;\">Ventajas :<\/h4>\n<ul style=\"text-align: left;\">\n<li><strong data-start=\"1852\" data-end=\"1880\">Film de polipropileno de 30 \u00b5m<\/strong>: transparente, resistente y protector.<\/li>\n<li><strong data-start=\"1922\" data-end=\"1947\">Sin agujeros ni fuelles<\/strong>: mantiene los dulces frescos.<\/li>\n<li><strong data-start=\"1993\" data-end=\"2018\">Elegante y festivo<\/strong>: perfecto para bombones y dulces navide\u00f1os<\/li>\n<li><strong data-start=\"2071\" data-end=\"2091\">F\u00e1cil de cerrar<\/strong> con cinta, clip o etiqueta decorativa.<\/li>\n<li><strong data-start=\"2140\" data-end=\"2169\">Dise\u00f1o festivo \u00abRegalo de Navidad\u00bb<\/strong>: exhibe tus creaciones gourmet.<\/li>\n<\/ul>\n<\/div>\n<\/div>\n<\/div>\n<\/div>\n<\/div>\n<\/div>\n<\/div>\n<\/div>\n<\/div>\n<\/div>\n<\/div>\n<\/div>\n<p>&nbsp;<\/p>\n<\/div>\n<\/div>\n<\/div>\n<\/div>\n<\/div>\n<\/div>\n<\/div>\n<\/div>\n<\/div>\n<\/div>\n<\/div>\n<p><!--more--><\/p>\n<h4>Informaci\u00f3n adicional :<\/h4>\n<ul style=\"box-sizing: inherit; font-family: Roboto, sans-serif;\">\n<li><strong>Embalaje<\/strong>: Paquete de 100<\/li>\n<li><span style=\"font-weight: bold;\">Dimensiones<\/span>: 100 x 220 mm<\/li>\n<li><strong>Material<\/strong>: OPP<\/li>\n<li><strong>Color<\/strong>: Transparente<\/li>\n<li><strong>Resistencia<\/strong>: 30\u00b5<\/li>\n<\/ul>\n<p>&nbsp;<\/p>\n<p><!--more--><\/p>\n<div style=\"box-sizing: inherit; font-family: Roboto, sans-serif;\">\n<div style=\"box-sizing: inherit; font-family: Roboto, sans-serif;\">\n<div style=\"box-sizing: inherit; font-family: Roboto, sans-serif;\">\n<div style=\"box-sizing: inherit; font-family: Roboto, sans-serif;\">\n<div style=\"box-sizing: inherit; font-family: Roboto, sans-serif;\">\n<div style=\"box-sizing: inherit; font-family: Roboto, sans-serif;\">\n<p>Esta bolsa est\u00e1 disponible en un tama\u00f1o m\u00e1s grande: <span style=\"color: #d12727;\"><a style=\"color: #d12727;\" href=\"https:\/\/www.csj-emballages.com\/es\/produit\/100-bolsas-de-navidad-planas-polypro-xmas-120-x-260-mm\/\">120 x 260 mm<\/a><\/span><\/p>\n<p><!--more--><\/p>\n<p><a href=\"https:\/\/www.csj-emballages.com\/es\/categorie-produit\/envasado-de-alimentos\/panaderia-y-pasteleria\/bolsas-sobres-y-papel\/bolsas-para-golosinas\/bolsas-sin-fondo-es\/bolsas-planas-de-polipropileno-para-confiteria\/bolsa-plana-de-polipropileno-para-golosinas-de-color-navideno\/\">Vea el resto de nuestra gama de bolsas planas de polipropileno de colores para Navidad<\/a><\/p>\n<\/div>\n<\/div>\n<\/div>\n<\/div>\n<\/div>\n<\/div>\n","protected":false},"excerpt":{"rendered":"<p>Dulces navide\u00f1os Descripci\u00f3n de nuestra bolsa de Navidad polypro plana \u00abXmas\u00bb 100 x 220 mm por 100<\/p>\n","protected":false},"featured_media":243735,"template":"","meta":{"_acf_changed":false},"product_brand":[],"product_cat":[1150,1145,1660,3347,3349,1488],"product_tag":[],"class_list":{"0":"post-23180","1":"product","2":"type-product","3":"status-publish","4":"has-post-thumbnail","6":"product_cat-envasado-de-alimentos","7":"product_cat-panaderia-y-pasteleria","8":"product_cat-bolsas-para-golosinas","9":"product_cat-bolsas-planas-de-polipropileno-para-confiteria","10":"product_cat-bolsa-plana-de-polipropileno-para-golosinas-de-color-navideno","11":"product_cat-tienda-y-almacen","13":"first","14":"instock","15":"taxable","16":"shipping-taxable","17":"purchasable","18":"product-type-simple"},"acf":[],"yoast_head":"<!-- This site is optimized with the Yoast SEO Premium plugin v26.6 (Yoast SEO v26.6) - https:\/\/yoast.com\/wordpress\/plugins\/seo\/ -->\n<title>Bolsita Dulces de Navidad Polypro Plana &quot;Xmas&quot; 100 x 220 mm<\/title>\n<meta name=\"description\" content=\"Bolsa plana para dulces navide\u00f1os de 100 x 220 mm, resistente film de polipropileno de 30 \u00b5m. Ideal para bombones, galletas y regalos festivos.\" \/>\n<meta name=\"robots\" content=\"index, follow, max-snippet:-1, max-image-preview:large, max-video-preview:-1\" \/>\n<link rel=\"canonical\" href=\"https:\/\/www.csj-emballages.com\/es\/produit\/100-bolsas-planas-de-navidad-xmas-de-polipropileno-100-x-220-mm\/\" \/>\n<meta property=\"og:locale\" content=\"es_ES\" \/>\n<meta property=\"og:type\" content=\"article\" \/>\n<meta property=\"og:title\" content=\"Bolsas de polipropileno &quot;Navidad&quot; 100 x 220 mm, 100 por bolsa\" \/>\n<meta property=\"og:description\" content=\"Bolsa plana para dulces navide\u00f1os de 100 x 220 mm, resistente film de polipropileno de 30 \u00b5m. Ideal para bombones, galletas y regalos festivos.\" \/>\n<meta property=\"og:url\" content=\"https:\/\/www.csj-emballages.com\/es\/produit\/100-bolsas-planas-de-navidad-xmas-de-polipropileno-100-x-220-mm\/\" \/>\n<meta property=\"og:site_name\" content=\"CSJ Emballages\" \/>\n<meta property=\"article:publisher\" content=\"https:\/\/www.facebook.com\/csjemballages\" \/>\n<meta property=\"article:modified_time\" content=\"2026-03-12T15:38:13+00:00\" \/>\n<meta property=\"og:image\" content=\"https:\/\/www.csj-emballages.com\/wp-content\/uploads\/2024\/03\/SACPPXMAS.webp\" \/>\n\t<meta property=\"og:image:width\" content=\"800\" \/>\n\t<meta property=\"og:image:height\" content=\"800\" \/>\n\t<meta property=\"og:image:type\" content=\"image\/webp\" \/>\n<meta name=\"twitter:card\" content=\"summary_large_image\" \/>\n<meta name=\"twitter:label1\" content=\"Tiempo de lectura\" \/>\n\t<meta name=\"twitter:data1\" content=\"2 minutos\" \/>\n<script type=\"application\/ld+json\" class=\"yoast-schema-graph\">{\"@context\":\"https:\/\/schema.org\",\"@graph\":[{\"@type\":\"WebPage\",\"@id\":\"https:\/\/www.csj-emballages.com\/es\/produit\/100-bolsas-planas-de-navidad-xmas-de-polipropileno-100-x-220-mm\/\",\"url\":\"https:\/\/www.csj-emballages.com\/es\/produit\/100-bolsas-planas-de-navidad-xmas-de-polipropileno-100-x-220-mm\/\",\"name\":\"Bolsita Dulces de Navidad Polypro Plana \\\"Xmas\\\" 100 x 220 mm\",\"isPartOf\":{\"@id\":\"https:\/\/www.csj-emballages.com\/es\/#website\"},\"primaryImageOfPage\":{\"@id\":\"https:\/\/www.csj-emballages.com\/es\/produit\/100-bolsas-planas-de-navidad-xmas-de-polipropileno-100-x-220-mm\/#primaryimage\"},\"image\":{\"@id\":\"https:\/\/www.csj-emballages.com\/es\/produit\/100-bolsas-planas-de-navidad-xmas-de-polipropileno-100-x-220-mm\/#primaryimage\"},\"thumbnailUrl\":\"https:\/\/www.csj-emballages.com\/wp-content\/uploads\/2024\/03\/SACPPXMAS.webp\",\"datePublished\":\"2024-03-01T15:50:06+00:00\",\"dateModified\":\"2026-03-12T15:38:13+00:00\",\"description\":\"Bolsa plana para dulces navide\u00f1os de 100 x 220 mm, resistente film de polipropileno de 30 \u00b5m. Ideal para bombones, galletas y regalos festivos.\",\"breadcrumb\":{\"@id\":\"https:\/\/www.csj-emballages.com\/es\/produit\/100-bolsas-planas-de-navidad-xmas-de-polipropileno-100-x-220-mm\/#breadcrumb\"},\"inLanguage\":\"es\",\"potentialAction\":[{\"@type\":\"ReadAction\",\"target\":[\"https:\/\/www.csj-emballages.com\/es\/produit\/100-bolsas-planas-de-navidad-xmas-de-polipropileno-100-x-220-mm\/\"]}]},{\"@type\":\"ImageObject\",\"inLanguage\":\"es\",\"@id\":\"https:\/\/www.csj-emballages.com\/es\/produit\/100-bolsas-planas-de-navidad-xmas-de-polipropileno-100-x-220-mm\/#primaryimage\",\"url\":\"https:\/\/www.csj-emballages.com\/wp-content\/uploads\/2024\/03\/SACPPXMAS.webp\",\"contentUrl\":\"https:\/\/www.csj-emballages.com\/wp-content\/uploads\/2024\/03\/SACPPXMAS.webp\",\"width\":800,\"height\":800,\"caption\":\"Sachet confiseries No\u00ebl\"},{\"@type\":\"BreadcrumbList\",\"@id\":\"https:\/\/www.csj-emballages.com\/es\/produit\/100-bolsas-planas-de-navidad-xmas-de-polipropileno-100-x-220-mm\/#breadcrumb\",\"itemListElement\":[{\"@type\":\"ListItem\",\"position\":1,\"name\":\"Accueil\",\"item\":\"https:\/\/www.csj-emballages.com\/es\/universo-del-envasado-alimentario\/\"},{\"@type\":\"ListItem\",\"position\":2,\"name\":\"Tienda\",\"item\":\"https:\/\/www.csj-emballages.com\/tienda\/\"},{\"@type\":\"ListItem\",\"position\":3,\"name\":\"Bolsas de polipropileno \u00ab\u00a0Navidad\u00a0\u00bb 100 x 220 mm, 100 por bolsa\"}]},{\"@type\":\"WebSite\",\"@id\":\"https:\/\/www.csj-emballages.com\/es\/#website\",\"url\":\"https:\/\/www.csj-emballages.com\/es\/\",\"name\":\"CSJ Emballages\",\"description\":\"\",\"publisher\":{\"@id\":\"https:\/\/www.csj-emballages.com\/es\/#organization\"},\"potentialAction\":[{\"@type\":\"SearchAction\",\"target\":{\"@type\":\"EntryPoint\",\"urlTemplate\":\"https:\/\/www.csj-emballages.com\/es\/?s={search_term_string}\"},\"query-input\":{\"@type\":\"PropertyValueSpecification\",\"valueRequired\":true,\"valueName\":\"search_term_string\"}}],\"inLanguage\":\"es\"},{\"@type\":\"Organization\",\"@id\":\"https:\/\/www.csj-emballages.com\/es\/#Organization\/\",\"name\":\"CSJ Emballages\",\"url\":\"https:\/\/www.csj-emballages.com\/es\/\",\"logo\":{\"@type\":\"ImageObject\",\"inLanguage\":\"es\",\"@id\":\"https:\/\/www.csj-emballages.com\/es\/#\/schema\/logo\/image\/\",\"url\":\"https:\/\/www.csj-emballages.com\/wp-content\/uploads\/2023\/10\/logo_csj.webp\",\"contentUrl\":\"https:\/\/www.csj-emballages.com\/wp-content\/uploads\/2023\/10\/logo_csj.webp\",\"width\":250,\"height\":95,\"caption\":\"CSJ Emballages\"},\"image\":{\"@id\":\"https:\/\/www.csj-emballages.com\/es\/#\/schema\/logo\/image\/\"},\"sameAs\":[\"https:\/\/www.facebook.com\/csjemballages\"],\"address\":{\"@type\":\"PostalAddress\",\"streetAddress\":\"ZI La Lechere\",\"addressLocality\":\"Patornay\",\"postalCode\":\"39130\",\"addressCountry\":\"FR\"},\"contactPoint\":[{\"@type\":\"ContactPoint\",\"contactType\":\"Service client\",\"telephone\":\"0384254272\",\"email\":\"contact@csj-emballages.com\"}]}]}<\/script>\n<!-- \/ Yoast SEO Premium plugin. -->","yoast_head_json":{"title":"Bolsita Dulces de Navidad Polypro Plana \"Xmas\" 100 x 220 mm","description":"Bolsa plana para dulces navide\u00f1os de 100 x 220 mm, resistente film de polipropileno de 30 \u00b5m. Ideal para bombones, galletas y regalos festivos.","robots":{"index":"index","follow":"follow","max-snippet":"max-snippet:-1","max-image-preview":"max-image-preview:large","max-video-preview":"max-video-preview:-1"},"canonical":"https:\/\/www.csj-emballages.com\/es\/produit\/100-bolsas-planas-de-navidad-xmas-de-polipropileno-100-x-220-mm\/","og_locale":"es_ES","og_type":"article","og_title":"Bolsas de polipropileno \"Navidad\" 100 x 220 mm, 100 por bolsa","og_description":"Bolsa plana para dulces navide\u00f1os de 100 x 220 mm, resistente film de polipropileno de 30 \u00b5m. Ideal para bombones, galletas y regalos festivos.","og_url":"https:\/\/www.csj-emballages.com\/es\/produit\/100-bolsas-planas-de-navidad-xmas-de-polipropileno-100-x-220-mm\/","og_site_name":"CSJ Emballages","article_publisher":"https:\/\/www.facebook.com\/csjemballages","article_modified_time":"2026-03-12T15:38:13+00:00","og_image":[{"width":800,"height":800,"url":"https:\/\/www.csj-emballages.com\/wp-content\/uploads\/2024\/03\/SACPPXMAS.webp","type":"image\/webp"}],"twitter_card":"summary_large_image","twitter_misc":{"Tiempo de lectura":"2 minutos"},"schema":{"@context":"https:\/\/schema.org","@graph":[{"@type":"WebPage","@id":"https:\/\/www.csj-emballages.com\/es\/produit\/100-bolsas-planas-de-navidad-xmas-de-polipropileno-100-x-220-mm\/","url":"https:\/\/www.csj-emballages.com\/es\/produit\/100-bolsas-planas-de-navidad-xmas-de-polipropileno-100-x-220-mm\/","name":"Bolsita Dulces de Navidad Polypro Plana \"Xmas\" 100 x 220 mm","isPartOf":{"@id":"https:\/\/www.csj-emballages.com\/es\/#website"},"primaryImageOfPage":{"@id":"https:\/\/www.csj-emballages.com\/es\/produit\/100-bolsas-planas-de-navidad-xmas-de-polipropileno-100-x-220-mm\/#primaryimage"},"image":{"@id":"https:\/\/www.csj-emballages.com\/es\/produit\/100-bolsas-planas-de-navidad-xmas-de-polipropileno-100-x-220-mm\/#primaryimage"},"thumbnailUrl":"https:\/\/www.csj-emballages.com\/wp-content\/uploads\/2024\/03\/SACPPXMAS.webp","datePublished":"2024-03-01T15:50:06+00:00","dateModified":"2026-03-12T15:38:13+00:00","description":"Bolsa plana para dulces navide\u00f1os de 100 x 220 mm, resistente film de polipropileno de 30 \u00b5m. Ideal para bombones, galletas y regalos festivos.","breadcrumb":{"@id":"https:\/\/www.csj-emballages.com\/es\/produit\/100-bolsas-planas-de-navidad-xmas-de-polipropileno-100-x-220-mm\/#breadcrumb"},"inLanguage":"es","potentialAction":[{"@type":"ReadAction","target":["https:\/\/www.csj-emballages.com\/es\/produit\/100-bolsas-planas-de-navidad-xmas-de-polipropileno-100-x-220-mm\/"]}]},{"@type":"ImageObject","inLanguage":"es","@id":"https:\/\/www.csj-emballages.com\/es\/produit\/100-bolsas-planas-de-navidad-xmas-de-polipropileno-100-x-220-mm\/#primaryimage","url":"https:\/\/www.csj-emballages.com\/wp-content\/uploads\/2024\/03\/SACPPXMAS.webp","contentUrl":"https:\/\/www.csj-emballages.com\/wp-content\/uploads\/2024\/03\/SACPPXMAS.webp","width":800,"height":800,"caption":"Sachet confiseries No\u00ebl"},{"@type":"BreadcrumbList","@id":"https:\/\/www.csj-emballages.com\/es\/produit\/100-bolsas-planas-de-navidad-xmas-de-polipropileno-100-x-220-mm\/#breadcrumb","itemListElement":[{"@type":"ListItem","position":1,"name":"Accueil","item":"https:\/\/www.csj-emballages.com\/es\/universo-del-envasado-alimentario\/"},{"@type":"ListItem","position":2,"name":"Tienda","item":"https:\/\/www.csj-emballages.com\/tienda\/"},{"@type":"ListItem","position":3,"name":"Bolsas de polipropileno \u00ab\u00a0Navidad\u00a0\u00bb 100 x 220 mm, 100 por bolsa"}]},{"@type":"WebSite","@id":"https:\/\/www.csj-emballages.com\/es\/#website","url":"https:\/\/www.csj-emballages.com\/es\/","name":"CSJ Emballages","description":"","publisher":{"@id":"https:\/\/www.csj-emballages.com\/es\/#organization"},"potentialAction":[{"@type":"SearchAction","target":{"@type":"EntryPoint","urlTemplate":"https:\/\/www.csj-emballages.com\/es\/?s={search_term_string}"},"query-input":{"@type":"PropertyValueSpecification","valueRequired":true,"valueName":"search_term_string"}}],"inLanguage":"es"},{"@type":"Organization","@id":"https:\/\/www.csj-emballages.com\/es\/#Organization\/","name":"CSJ Emballages","url":"https:\/\/www.csj-emballages.com\/es\/","logo":{"@type":"ImageObject","inLanguage":"es","@id":"https:\/\/www.csj-emballages.com\/es\/#\/schema\/logo\/image\/","url":"https:\/\/www.csj-emballages.com\/wp-content\/uploads\/2023\/10\/logo_csj.webp","contentUrl":"https:\/\/www.csj-emballages.com\/wp-content\/uploads\/2023\/10\/logo_csj.webp","width":250,"height":95,"caption":"CSJ Emballages"},"image":{"@id":"https:\/\/www.csj-emballages.com\/es\/#\/schema\/logo\/image\/"},"sameAs":["https:\/\/www.facebook.com\/csjemballages"],"address":{"@type":"PostalAddress","streetAddress":"ZI La Lechere","addressLocality":"Patornay","postalCode":"39130","addressCountry":"FR"},"contactPoint":[{"@type":"ContactPoint","contactType":"Service client","telephone":"0384254272","email":"contact@csj-emballages.com"}]}]}},"df_price":10.32,"df_sale_price":"","df_regular_price":10.32,"df_image_link":"https:\/\/www.csj-emballages.com\/wp-content\/uploads\/2024\/03\/SACPPXMAS-300x300.webp","tiered_pricing_type":"fixed","tiered_pricing_fixed_rules":[],"tiered_pricing_percentage_rules":[],"tiered_pricing_minimum":1,"tiered_pricing_roles_data":[],"_links":{"self":[{"href":"https:\/\/www.csj-emballages.com\/es\/wp-json\/wp\/v2\/product\/23180","targetHints":{"allow":["GET"]}}],"collection":[{"href":"https:\/\/www.csj-emballages.com\/es\/wp-json\/wp\/v2\/product"}],"about":[{"href":"https:\/\/www.csj-emballages.com\/es\/wp-json\/wp\/v2\/types\/product"}],"wp:featuredmedia":[{"embeddable":true,"href":"https:\/\/www.csj-emballages.com\/es\/wp-json\/wp\/v2\/media\/243735"}],"wp:attachment":[{"href":"https:\/\/www.csj-emballages.com\/es\/wp-json\/wp\/v2\/media?parent=23180"}],"wp:term":[{"taxonomy":"product_brand","embeddable":true,"href":"https:\/\/www.csj-emballages.com\/es\/wp-json\/wp\/v2\/product_brand?post=23180"},{"taxonomy":"product_cat","embeddable":true,"href":"https:\/\/www.csj-emballages.com\/es\/wp-json\/wp\/v2\/product_cat?post=23180"},{"taxonomy":"product_tag","embeddable":true,"href":"https:\/\/www.csj-emballages.com\/es\/wp-json\/wp\/v2\/product_tag?post=23180"}],"curies":[{"name":"wp","href":"https:\/\/api.w.org\/{rel}","templated":true}]}}