{"id":23174,"date":"2024-03-01T16:50:06","date_gmt":"2024-03-01T15:50:06","guid":{"rendered":"https:\/\/u15jnbdpoq.preview.infomaniak.website\/produit\/1-bolsa-de-la-compra-reutilizable-de-pp-tejido-boules-40-24-x-35-cm\/"},"modified":"2026-04-03T02:19:55","modified_gmt":"2026-04-03T00:19:55","slug":"1-bolsa-de-la-compra-reutilizable-de-pp-tejido-boules-40-24-x-35-cm","status":"publish","type":"product","link":"https:\/\/www.csj-emballages.com\/es\/produit\/1-bolsa-de-la-compra-reutilizable-de-pp-tejido-boules-40-24-x-35-cm\/","title":{"rendered":"Bolsa de Navidad de PP tejido reutilizable \u00abBoules\u00bb 40 + 24 x 35 cm"},"content":{"rendered":"<h2 class=\"p1\">Bolsa de la compra<\/h2>\n<hr>\n<h3>Descripci\u00f3n de nuestra bolsa de Navidad reutilizable de PP tejido \u00abBoules\u00bb 40 + 24 x 35 cm<\/h3>\n<p><!--more--><\/p>\n<p data-start=\"104\" data-end=\"515\">Prep\u00e1rate para las fiestas con estilo con la <strong data-start=\"143\" data-end=\"192\">bolsa de la compra navide\u00f1a reutilizable de PP tejido \u00abBoules<\/strong>\u00ab. Dise\u00f1ada para combinar practicidad y est\u00e9tica, esta <strong>bolsa de<\/strong> <strong data-start=\"254\" data-end=\"273\">40 + 24 x 35 cm<\/strong> es ideal para llevar la compra, los envoltorios o los regalos durante las fiestas. Su elegante decoraci\u00f3n, adornada con coloridas <strong data-start=\"409\" data-end=\"427\">chucher\u00edas navide\u00f1as<\/strong>, le da un toque festivo que conquistar\u00e1 a sus clientes a primera vista.<\/p>\n<p data-start=\"517\" data-end=\"937\">Pero m\u00e1s all\u00e1 de su dise\u00f1o, esta <strong>bolsa<\/strong> destaca por su <strong data-start=\"572\" data-end=\"586\">robustez<\/strong>. Fabricada en <strong data-start=\"600\" data-end=\"623\">polipropileno tejido<\/strong>, es especialmente resistente a cargas pesadas, lo que la hace perfecta para el uso diario. A diferencia de las bolsas desechables, son <strong data-start=\"777\" data-end=\"793\">reutilizables<\/strong> y, por tanto, respetuosas con el medio ambiente. Es una forma sencilla de reducir los residuos a la vez que se disfruta de un accesorio duradero y pr\u00e1ctico.<\/p>\n<p data-start=\"939\" data-end=\"1349\">Sus <strong data-start=\"952\" data-end=\"969\">robustas asas<\/strong> la hacen c\u00f3moda de llevar, ya sea en la mano o colgada del hombro. Gracias a su generoso tama\u00f1o y su amplia base, puede albergar tanto productos alimenticios como objetos voluminosos. Tanto si sus clientes la utilizan para sus compras de fin de a\u00f1o, para empaquetar una cesta gourmet o para hacer un regalo, esta <strong>bolsa de mano<\/strong> satisfar\u00e1 todas sus necesidades.<\/p>\n<p data-start=\"1351\" data-end=\"1722\">Al elegir esta <strong data-start=\"1369\" data-end=\"1390\">bolsa para la compra navide\u00f1a<\/strong>, no s\u00f3lo estar\u00e1 ofreciendo un envoltorio atractivo, sino tambi\u00e9n una soluci\u00f3n sostenible y econ\u00f3mica. De este modo, puede combinar el esp\u00edritu festivo con <strong data-start=\"1533\" data-end=\"1546\">la practicidad<\/strong>, al tiempo que mejora su imagen a los ojos de los clientes que se preocupan por el planeta. En resumen, es mucho m\u00e1s que una bolsa: \u00a1es una compa\u00f1era festiva, reutilizable y feliz!<\/p>\n<p data-start=\"1351\" data-end=\"1722\">\n<p><!--more--><\/p>\n<h4><strong>Ventajas :<\/strong><\/h4>\n<ul>\n<li>Dise\u00f1o festivo con adornos navide\u00f1os.<\/li>\n<li>Material <strong data-start=\"2014\" data-end=\"2026\">tejido PP<\/strong>: resistente y reutilizable.<\/li>\n<li>Gran capacidad (40 + 24 x 35 cm).<\/li>\n<li>C\u00f3modas asas para llevar en la mano o al hombro.<\/li>\n<li>Ecol\u00f3gico y econ\u00f3mico.<\/li>\n<\/ul>\n<p>&nbsp;<\/p>\n<p><!--more--><\/p>\n<h4>Informaci\u00f3n adicional :<\/h4>\n<ul>\n<li><strong>Embalaje<\/strong>: Por unidad<\/li>\n<li><strong>Dimensiones<\/strong>: 40 + 24 x 35 cm<\/li>\n<li><strong>Color<\/strong>: Blanco \/ Oro \/ Negro<\/li>\n<li><strong>Material<\/strong>: robusto tejido de polipropileno<\/li>\n<\/ul>\n<p>&nbsp;<\/p>\n<p><!--more--><\/p>\n<p><a href=\"https:\/\/www.csj-emballages.com\/es\/categorie-produit\/envasado-de-alimentos\/tienda-y-almacen\/bolsas-sobres\/bolsos-boutique\/\">\u00a1Consulta el resto de nuestra gama de bolsos boutique!<\/a><\/p>\n","protected":false},"excerpt":{"rendered":"<p>Bolsa de la compra Descripci\u00f3n de nuestra bolsa de Navidad reutilizable de PP tejido \u00abBoules\u00bb 40 + 24 x 35 cm<\/p>\n","protected":false},"featured_media":245656,"template":"","meta":{"_acf_changed":false},"product_brand":[],"product_cat":[1150,1488,1844],"product_tag":[],"class_list":{"0":"post-23174","1":"product","2":"type-product","3":"status-publish","4":"has-post-thumbnail","6":"product_cat-envasado-de-alimentos","7":"product_cat-tienda-y-almacen","8":"product_cat-bolsos-boutique","10":"first","11":"instock","12":"taxable","13":"shipping-taxable","14":"purchasable","15":"product-type-simple"},"acf":[],"yoast_head":"<!-- This site is optimized with the Yoast SEO Premium plugin v26.6 (Yoast SEO v26.6) - https:\/\/yoast.com\/wordpress\/plugins\/seo\/ -->\n<title>Bolsa de Navidad &quot;Boules&quot; PP Tejido Reutilizable 40 + 24 x 35 cm<\/title>\n<meta name=\"description\" content=\"Bolsa de la compra de Navidad &quot;Boules&quot; PP tejido 40+24x35 cm: resistente, reutilizable y festiva. Ideal para compras, regalos y envoltorios de fin de a\u00f1o.\" \/>\n<meta name=\"robots\" content=\"index, follow, max-snippet:-1, max-image-preview:large, max-video-preview:-1\" \/>\n<link rel=\"canonical\" href=\"https:\/\/www.csj-emballages.com\/es\/produit\/1-bolsa-de-la-compra-reutilizable-de-pp-tejido-boules-40-24-x-35-cm\/\" \/>\n<meta property=\"og:locale\" content=\"es_ES\" \/>\n<meta property=\"og:type\" content=\"article\" \/>\n<meta property=\"og:title\" content=\"Bolsa de Navidad de PP tejido reutilizable &quot;Boules&quot; 40 + 24 x 35 cm\" \/>\n<meta property=\"og:description\" content=\"Bolsa de la compra de Navidad &quot;Boules&quot; PP tejido 40+24x35 cm: resistente, reutilizable y festiva. Ideal para compras, regalos y envoltorios de fin de a\u00f1o.\" \/>\n<meta property=\"og:url\" content=\"https:\/\/www.csj-emballages.com\/es\/produit\/1-bolsa-de-la-compra-reutilizable-de-pp-tejido-boules-40-24-x-35-cm\/\" \/>\n<meta property=\"og:site_name\" content=\"CSJ Emballages\" \/>\n<meta property=\"article:publisher\" content=\"https:\/\/www.facebook.com\/csjemballages\" \/>\n<meta property=\"article:modified_time\" content=\"2026-04-03T00:19:55+00:00\" \/>\n<meta property=\"og:image\" content=\"https:\/\/www.csj-emballages.com\/wp-content\/uploads\/2024\/03\/SACPPNOEL2023.webp\" \/>\n\t<meta property=\"og:image:width\" content=\"800\" \/>\n\t<meta property=\"og:image:height\" content=\"800\" \/>\n\t<meta property=\"og:image:type\" content=\"image\/webp\" \/>\n<meta name=\"twitter:card\" content=\"summary_large_image\" \/>\n<meta name=\"twitter:label1\" content=\"Tiempo de lectura\" \/>\n\t<meta name=\"twitter:data1\" content=\"2 minutos\" \/>\n<script type=\"application\/ld+json\" class=\"yoast-schema-graph\">{\"@context\":\"https:\/\/schema.org\",\"@graph\":[{\"@type\":\"WebPage\",\"@id\":\"https:\/\/www.csj-emballages.com\/es\/produit\/1-bolsa-de-la-compra-reutilizable-de-pp-tejido-boules-40-24-x-35-cm\/\",\"url\":\"https:\/\/www.csj-emballages.com\/es\/produit\/1-bolsa-de-la-compra-reutilizable-de-pp-tejido-boules-40-24-x-35-cm\/\",\"name\":\"Bolsa de Navidad \\\"Boules\\\" PP Tejido Reutilizable 40 + 24 x 35 cm\",\"isPartOf\":{\"@id\":\"https:\/\/www.csj-emballages.com\/es\/#website\"},\"primaryImageOfPage\":{\"@id\":\"https:\/\/www.csj-emballages.com\/es\/produit\/1-bolsa-de-la-compra-reutilizable-de-pp-tejido-boules-40-24-x-35-cm\/#primaryimage\"},\"image\":{\"@id\":\"https:\/\/www.csj-emballages.com\/es\/produit\/1-bolsa-de-la-compra-reutilizable-de-pp-tejido-boules-40-24-x-35-cm\/#primaryimage\"},\"thumbnailUrl\":\"https:\/\/www.csj-emballages.com\/wp-content\/uploads\/2024\/03\/SACPPNOEL2023.webp\",\"datePublished\":\"2024-03-01T15:50:06+00:00\",\"dateModified\":\"2026-04-03T00:19:55+00:00\",\"description\":\"Bolsa de la compra de Navidad \\\"Boules\\\" PP tejido 40+24x35 cm: resistente, reutilizable y festiva. Ideal para compras, regalos y envoltorios de fin de a\u00f1o.\",\"breadcrumb\":{\"@id\":\"https:\/\/www.csj-emballages.com\/es\/produit\/1-bolsa-de-la-compra-reutilizable-de-pp-tejido-boules-40-24-x-35-cm\/#breadcrumb\"},\"inLanguage\":\"es\",\"potentialAction\":[{\"@type\":\"ReadAction\",\"target\":[\"https:\/\/www.csj-emballages.com\/es\/produit\/1-bolsa-de-la-compra-reutilizable-de-pp-tejido-boules-40-24-x-35-cm\/\"]}]},{\"@type\":\"ImageObject\",\"inLanguage\":\"es\",\"@id\":\"https:\/\/www.csj-emballages.com\/es\/produit\/1-bolsa-de-la-compra-reutilizable-de-pp-tejido-boules-40-24-x-35-cm\/#primaryimage\",\"url\":\"https:\/\/www.csj-emballages.com\/wp-content\/uploads\/2024\/03\/SACPPNOEL2023.webp\",\"contentUrl\":\"https:\/\/www.csj-emballages.com\/wp-content\/uploads\/2024\/03\/SACPPNOEL2023.webp\",\"width\":800,\"height\":800,\"caption\":\"Sac cabas No\u00ebl\"},{\"@type\":\"BreadcrumbList\",\"@id\":\"https:\/\/www.csj-emballages.com\/es\/produit\/1-bolsa-de-la-compra-reutilizable-de-pp-tejido-boules-40-24-x-35-cm\/#breadcrumb\",\"itemListElement\":[{\"@type\":\"ListItem\",\"position\":1,\"name\":\"Accueil\",\"item\":\"https:\/\/www.csj-emballages.com\/es\/universo-del-envasado-alimentario\/\"},{\"@type\":\"ListItem\",\"position\":2,\"name\":\"Tienda\",\"item\":\"https:\/\/www.csj-emballages.com\/tienda\/\"},{\"@type\":\"ListItem\",\"position\":3,\"name\":\"Bolsa de Navidad de PP tejido reutilizable \u00ab\u00a0Boules\u00a0\u00bb 40 + 24 x 35 cm\"}]},{\"@type\":\"WebSite\",\"@id\":\"https:\/\/www.csj-emballages.com\/es\/#website\",\"url\":\"https:\/\/www.csj-emballages.com\/es\/\",\"name\":\"CSJ Emballages\",\"description\":\"\",\"publisher\":{\"@id\":\"https:\/\/www.csj-emballages.com\/es\/#organization\"},\"potentialAction\":[{\"@type\":\"SearchAction\",\"target\":{\"@type\":\"EntryPoint\",\"urlTemplate\":\"https:\/\/www.csj-emballages.com\/es\/?s={search_term_string}\"},\"query-input\":{\"@type\":\"PropertyValueSpecification\",\"valueRequired\":true,\"valueName\":\"search_term_string\"}}],\"inLanguage\":\"es\"},{\"@type\":\"Organization\",\"@id\":\"https:\/\/www.csj-emballages.com\/es\/#Organization\/\",\"name\":\"CSJ Emballages\",\"url\":\"https:\/\/www.csj-emballages.com\/es\/\",\"logo\":{\"@type\":\"ImageObject\",\"inLanguage\":\"es\",\"@id\":\"https:\/\/www.csj-emballages.com\/es\/#\/schema\/logo\/image\/\",\"url\":\"https:\/\/www.csj-emballages.com\/wp-content\/uploads\/2023\/10\/logo_csj.webp\",\"contentUrl\":\"https:\/\/www.csj-emballages.com\/wp-content\/uploads\/2023\/10\/logo_csj.webp\",\"width\":250,\"height\":95,\"caption\":\"CSJ Emballages\"},\"image\":{\"@id\":\"https:\/\/www.csj-emballages.com\/es\/#\/schema\/logo\/image\/\"},\"sameAs\":[\"https:\/\/www.facebook.com\/csjemballages\"],\"address\":{\"@type\":\"PostalAddress\",\"streetAddress\":\"ZI La Lechere\",\"addressLocality\":\"Patornay\",\"postalCode\":\"39130\",\"addressCountry\":\"FR\"},\"contactPoint\":[{\"@type\":\"ContactPoint\",\"contactType\":\"Service client\",\"telephone\":\"0384254272\",\"email\":\"contact@csj-emballages.com\"}]}]}<\/script>\n<!-- \/ Yoast SEO Premium plugin. -->","yoast_head_json":{"title":"Bolsa de Navidad \"Boules\" PP Tejido Reutilizable 40 + 24 x 35 cm","description":"Bolsa de la compra de Navidad \"Boules\" PP tejido 40+24x35 cm: resistente, reutilizable y festiva. Ideal para compras, regalos y envoltorios de fin de a\u00f1o.","robots":{"index":"index","follow":"follow","max-snippet":"max-snippet:-1","max-image-preview":"max-image-preview:large","max-video-preview":"max-video-preview:-1"},"canonical":"https:\/\/www.csj-emballages.com\/es\/produit\/1-bolsa-de-la-compra-reutilizable-de-pp-tejido-boules-40-24-x-35-cm\/","og_locale":"es_ES","og_type":"article","og_title":"Bolsa de Navidad de PP tejido reutilizable \"Boules\" 40 + 24 x 35 cm","og_description":"Bolsa de la compra de Navidad \"Boules\" PP tejido 40+24x35 cm: resistente, reutilizable y festiva. Ideal para compras, regalos y envoltorios de fin de a\u00f1o.","og_url":"https:\/\/www.csj-emballages.com\/es\/produit\/1-bolsa-de-la-compra-reutilizable-de-pp-tejido-boules-40-24-x-35-cm\/","og_site_name":"CSJ Emballages","article_publisher":"https:\/\/www.facebook.com\/csjemballages","article_modified_time":"2026-04-03T00:19:55+00:00","og_image":[{"width":800,"height":800,"url":"https:\/\/www.csj-emballages.com\/wp-content\/uploads\/2024\/03\/SACPPNOEL2023.webp","type":"image\/webp"}],"twitter_card":"summary_large_image","twitter_misc":{"Tiempo de lectura":"2 minutos"},"schema":{"@context":"https:\/\/schema.org","@graph":[{"@type":"WebPage","@id":"https:\/\/www.csj-emballages.com\/es\/produit\/1-bolsa-de-la-compra-reutilizable-de-pp-tejido-boules-40-24-x-35-cm\/","url":"https:\/\/www.csj-emballages.com\/es\/produit\/1-bolsa-de-la-compra-reutilizable-de-pp-tejido-boules-40-24-x-35-cm\/","name":"Bolsa de Navidad \"Boules\" PP Tejido Reutilizable 40 + 24 x 35 cm","isPartOf":{"@id":"https:\/\/www.csj-emballages.com\/es\/#website"},"primaryImageOfPage":{"@id":"https:\/\/www.csj-emballages.com\/es\/produit\/1-bolsa-de-la-compra-reutilizable-de-pp-tejido-boules-40-24-x-35-cm\/#primaryimage"},"image":{"@id":"https:\/\/www.csj-emballages.com\/es\/produit\/1-bolsa-de-la-compra-reutilizable-de-pp-tejido-boules-40-24-x-35-cm\/#primaryimage"},"thumbnailUrl":"https:\/\/www.csj-emballages.com\/wp-content\/uploads\/2024\/03\/SACPPNOEL2023.webp","datePublished":"2024-03-01T15:50:06+00:00","dateModified":"2026-04-03T00:19:55+00:00","description":"Bolsa de la compra de Navidad \"Boules\" PP tejido 40+24x35 cm: resistente, reutilizable y festiva. Ideal para compras, regalos y envoltorios de fin de a\u00f1o.","breadcrumb":{"@id":"https:\/\/www.csj-emballages.com\/es\/produit\/1-bolsa-de-la-compra-reutilizable-de-pp-tejido-boules-40-24-x-35-cm\/#breadcrumb"},"inLanguage":"es","potentialAction":[{"@type":"ReadAction","target":["https:\/\/www.csj-emballages.com\/es\/produit\/1-bolsa-de-la-compra-reutilizable-de-pp-tejido-boules-40-24-x-35-cm\/"]}]},{"@type":"ImageObject","inLanguage":"es","@id":"https:\/\/www.csj-emballages.com\/es\/produit\/1-bolsa-de-la-compra-reutilizable-de-pp-tejido-boules-40-24-x-35-cm\/#primaryimage","url":"https:\/\/www.csj-emballages.com\/wp-content\/uploads\/2024\/03\/SACPPNOEL2023.webp","contentUrl":"https:\/\/www.csj-emballages.com\/wp-content\/uploads\/2024\/03\/SACPPNOEL2023.webp","width":800,"height":800,"caption":"Sac cabas No\u00ebl"},{"@type":"BreadcrumbList","@id":"https:\/\/www.csj-emballages.com\/es\/produit\/1-bolsa-de-la-compra-reutilizable-de-pp-tejido-boules-40-24-x-35-cm\/#breadcrumb","itemListElement":[{"@type":"ListItem","position":1,"name":"Accueil","item":"https:\/\/www.csj-emballages.com\/es\/universo-del-envasado-alimentario\/"},{"@type":"ListItem","position":2,"name":"Tienda","item":"https:\/\/www.csj-emballages.com\/tienda\/"},{"@type":"ListItem","position":3,"name":"Bolsa de Navidad de PP tejido reutilizable \u00ab\u00a0Boules\u00a0\u00bb 40 + 24 x 35 cm"}]},{"@type":"WebSite","@id":"https:\/\/www.csj-emballages.com\/es\/#website","url":"https:\/\/www.csj-emballages.com\/es\/","name":"CSJ Emballages","description":"","publisher":{"@id":"https:\/\/www.csj-emballages.com\/es\/#organization"},"potentialAction":[{"@type":"SearchAction","target":{"@type":"EntryPoint","urlTemplate":"https:\/\/www.csj-emballages.com\/es\/?s={search_term_string}"},"query-input":{"@type":"PropertyValueSpecification","valueRequired":true,"valueName":"search_term_string"}}],"inLanguage":"es"},{"@type":"Organization","@id":"https:\/\/www.csj-emballages.com\/es\/#Organization\/","name":"CSJ Emballages","url":"https:\/\/www.csj-emballages.com\/es\/","logo":{"@type":"ImageObject","inLanguage":"es","@id":"https:\/\/www.csj-emballages.com\/es\/#\/schema\/logo\/image\/","url":"https:\/\/www.csj-emballages.com\/wp-content\/uploads\/2023\/10\/logo_csj.webp","contentUrl":"https:\/\/www.csj-emballages.com\/wp-content\/uploads\/2023\/10\/logo_csj.webp","width":250,"height":95,"caption":"CSJ Emballages"},"image":{"@id":"https:\/\/www.csj-emballages.com\/es\/#\/schema\/logo\/image\/"},"sameAs":["https:\/\/www.facebook.com\/csjemballages"],"address":{"@type":"PostalAddress","streetAddress":"ZI La Lechere","addressLocality":"Patornay","postalCode":"39130","addressCountry":"FR"},"contactPoint":[{"@type":"ContactPoint","contactType":"Service client","telephone":"0384254272","email":"contact@csj-emballages.com"}]}]}},"df_price":1.33,"df_sale_price":"","df_regular_price":1.33,"df_image_link":"https:\/\/www.csj-emballages.com\/wp-content\/uploads\/2024\/03\/SACPPNOEL2023-300x300.webp","tiered_pricing_type":"fixed","tiered_pricing_fixed_rules":[],"tiered_pricing_percentage_rules":[],"tiered_pricing_minimum":1,"tiered_pricing_roles_data":[],"_links":{"self":[{"href":"https:\/\/www.csj-emballages.com\/es\/wp-json\/wp\/v2\/product\/23174","targetHints":{"allow":["GET"]}}],"collection":[{"href":"https:\/\/www.csj-emballages.com\/es\/wp-json\/wp\/v2\/product"}],"about":[{"href":"https:\/\/www.csj-emballages.com\/es\/wp-json\/wp\/v2\/types\/product"}],"wp:featuredmedia":[{"embeddable":true,"href":"https:\/\/www.csj-emballages.com\/es\/wp-json\/wp\/v2\/media\/245656"}],"wp:attachment":[{"href":"https:\/\/www.csj-emballages.com\/es\/wp-json\/wp\/v2\/media?parent=23174"}],"wp:term":[{"taxonomy":"product_brand","embeddable":true,"href":"https:\/\/www.csj-emballages.com\/es\/wp-json\/wp\/v2\/product_brand?post=23174"},{"taxonomy":"product_cat","embeddable":true,"href":"https:\/\/www.csj-emballages.com\/es\/wp-json\/wp\/v2\/product_cat?post=23174"},{"taxonomy":"product_tag","embeddable":true,"href":"https:\/\/www.csj-emballages.com\/es\/wp-json\/wp\/v2\/product_tag?post=23174"}],"curies":[{"name":"wp","href":"https:\/\/api.w.org\/{rel}","templated":true}]}}