{"id":23156,"date":"2024-03-01T16:50:06","date_gmt":"2024-03-01T15:50:06","guid":{"rendered":"https:\/\/u15jnbdpoq.preview.infomaniak.website\/produit\/100-bolsas-planas-de-polipropileno-para-confiteria-90-x-180-mm\/"},"modified":"2026-04-09T02:18:15","modified_gmt":"2026-04-09T00:18:15","slug":"100-bolsas-planas-de-polipropileno-para-confiteria-90-x-180-mm","status":"publish","type":"product","link":"https:\/\/www.csj-emballages.com\/es\/produit\/100-bolsas-planas-de-polipropileno-para-confiteria-90-x-180-mm\/","title":{"rendered":"Bolsas planas de polipropileno para confiter\u00eda 90 x 180 mm, paquete de 100"},"content":{"rendered":"<div style=\"box-sizing: inherit; font-family: Roboto, sans-serif;\">\n<div style=\"box-sizing: inherit; font-family: Roboto, sans-serif;\">\n<div style=\"box-sizing: inherit; font-family: Roboto, sans-serif;\">\n<div style=\"box-sizing: inherit; font-family: Roboto, sans-serif;\">\n<div style=\"box-sizing: inherit; font-family: Roboto, sans-serif;\">\n<div style=\"box-sizing: inherit; font-family: Roboto, sans-serif;\">\n<div style=\"box-sizing: inherit; font-family: Roboto, sans-serif;\">\n<div style=\"box-sizing: inherit; font-family: Roboto, sans-serif;\">\n<div style=\"box-sizing: inherit; font-family: Roboto, sans-serif;\">\n<div style=\"box-sizing: inherit; font-family: Roboto, sans-serif;\">\n<div style=\"box-sizing: inherit; font-family: Roboto, sans-serif;\">\n<div style=\"box-sizing: inherit; font-family: Roboto, sans-serif;\">\n<div style=\"box-sizing: inherit; font-family: Roboto, sans-serif;\">\n<div class=\"flex flex-grow flex-col max-w-full\">\n<div class=\"min-h-[20px] text-message flex flex-col items-start whitespace-pre-wrap break-words [.text-message+&amp;]:mt-5 juice:w-full juice:items-end overflow-x-auto gap-2\" dir=\"auto\" data-message-author-role=\"assistant\" data-message-id=\"2034782e-88f9-44ef-b4dc-07dd7bf0115f\">\n<div class=\"flex w-full flex-col gap-1 juice:empty:hidden juice:first:pt-[3px]\">\n<div class=\"markdown prose w-full break-words dark:prose-invert light\">\n<div style=\"box-sizing: inherit; font-family: Roboto, sans-serif;\">\n<div style=\"box-sizing: inherit; font-family: Roboto, sans-serif;\">\n<div style=\"box-sizing: inherit; font-family: Roboto, sans-serif;\">\n<div style=\"box-sizing: inherit; font-family: Roboto, sans-serif;\">\n<div style=\"box-sizing: inherit; font-family: Roboto, sans-serif;\">\n<div style=\"box-sizing: inherit; font-family: Roboto, sans-serif;\">\n<h2>Bolsa plana para golosinas<\/h2>\n<div style=\"box-sizing: inherit; font-family: Roboto, sans-serif;\">\n<div style=\"box-sizing: inherit; font-family: Roboto, sans-serif;\">\n<div style=\"box-sizing: inherit; font-family: Roboto, sans-serif;\">\n<div style=\"text-align: center;\">\n<div style=\"box-sizing: inherit; font-family: Roboto, sans-serif;\">\n<div style=\"box-sizing: inherit; font-family: Roboto, sans-serif;\">\n<div style=\"box-sizing: inherit; font-family: Roboto, sans-serif;\">\n<div style=\"box-sizing: inherit; font-family: Roboto, sans-serif;\">\n<div style=\"box-sizing: inherit; font-family: Roboto, sans-serif;\">\n<div style=\"box-sizing: inherit; font-family: Roboto, sans-serif; text-align: left;\">\n<hr>\n<h3 style=\"text-align: left;\">Descripci\u00f3n de nuestra bolsa plana de polipropileno de 90 x 180 mm para confiter\u00eda, paquete de 100 unidades<\/h3>\n<h3 style=\"text-align: left;\"><!--more--><\/h3>\n<\/div>\n<\/div>\n<\/div>\n<\/div>\n<\/div>\n<\/div>\n<\/div>\n<\/div>\n<\/div>\n<\/div>\n<\/div>\n<\/div>\n<\/div>\n<\/div>\n<\/div>\n<\/div>\n<\/div>\n<\/div>\n<\/div>\n<\/div>\n<\/div>\n<\/div>\n<\/div>\n<\/div>\n<\/div>\n<\/div>\n<\/div>\n<\/div>\n<\/div>\n<\/div>\n<\/div>\n<\/div>\n<\/div>\n<div style=\"box-sizing: inherit; font-family: Roboto, sans-serif;\">\n<div style=\"box-sizing: inherit; font-family: Roboto, sans-serif;\">\n<div style=\"box-sizing: inherit; font-family: Roboto, sans-serif;\">\n<div style=\"box-sizing: inherit; font-family: Roboto, sans-serif;\">\n<div style=\"box-sizing: inherit; font-family: Roboto, sans-serif;\">\n<div style=\"box-sizing: inherit; font-family: Roboto, sans-serif;\">\n<div style=\"box-sizing: inherit; font-family: Roboto, sans-serif;\">\n<div style=\"box-sizing: inherit; font-family: Roboto, sans-serif;\">\n<div style=\"box-sizing: inherit; font-family: Roboto, sans-serif;\">\n<div style=\"box-sizing: inherit; font-family: Roboto, sans-serif;\">\n<div style=\"box-sizing: inherit; font-family: Roboto, sans-serif;\">\n<div style=\"box-sizing: inherit; font-family: Roboto, sans-serif;\">\n<div style=\"box-sizing: inherit; font-family: Roboto, sans-serif;\">\n<div class=\"flex flex-grow flex-col max-w-full\">\n<div class=\"min-h-[20px] text-message flex flex-col items-start whitespace-pre-wrap break-words [.text-message+&amp;]:mt-5 juice:w-full juice:items-end overflow-x-auto gap-2\" dir=\"auto\" data-message-author-role=\"assistant\" data-message-id=\"2034782e-88f9-44ef-b4dc-07dd7bf0115f\">\n<div class=\"flex w-full flex-col gap-1 juice:empty:hidden juice:first:pt-[3px]\">\n<div class=\"markdown prose w-full break-words dark:prose-invert light\">\n<div style=\"box-sizing: inherit; font-family: Roboto, sans-serif;\">\n<div style=\"box-sizing: inherit; font-family: Roboto, sans-serif;\">\n<div style=\"box-sizing: inherit; font-family: Roboto, sans-serif;\">\n<div style=\"box-sizing: inherit; font-family: Roboto, sans-serif;\">\n<div style=\"box-sizing: inherit; font-family: Roboto, sans-serif;\">\n<div style=\"box-sizing: inherit; font-family: Roboto, sans-serif;\">\n<p data-start=\"0\" data-end=\"440\">Durante todo el a\u00f1o, haga brillar sus dulces creaciones con nuestra <strong data-start=\"118\" data-end=\"172\">bolsa de polipropileno plana de 90 x 180 mm por 100<\/strong>. Dise\u00f1ada para exhibir sus dulces, esta <strong>bolsa transparente<\/strong> y <strong data-start=\"241\" data-end=\"251\">neutra<\/strong> es adecuada para multitud de usos. Gracias a su resistente <strong data-start=\"298\" data-end=\"323\">material de polipropileno<\/strong>, preserva la frescura y calidad de sus productos al tiempo que les confiere una elegante presentaci\u00f3n.  <\/p>\n<p data-start=\"442\" data-end=\"818\">Ideal para confiteros profesionales, esta <strong>bolsa plana para confiter\u00eda<\/strong> es perfecta para envolver <strong data-start=\"532\" data-end=\"557\">tabletas de chocolate<\/strong>, <strong data-start=\"559\" data-end=\"570\">galletas<\/strong>, <strong data-start=\"572\" data-end=\"584\">piruletas<\/strong>, turrones y almendras garrapi\u00f1adas. Su <strong>forma plana sin fuelle<\/strong> es especialmente adecuada para productos que no necesitan sujetarse verticalmente. Tambi\u00e9n se desliza f\u00e1cilmente en un estuche o caja de regalo para un acabado impecable.  <\/p>\n<p data-start=\"820\" data-end=\"1273\">Porque un envase bonito realza su maestr\u00eda, esta <strong>bolsa de<\/strong> pl\u00e1stico resalta los colores, las texturas y los detalles de sus preparaciones. Ya sea <strong data-start=\"968\" data-end=\"982\">galletero<\/strong>, <strong data-start=\"984\" data-end=\"999\">chocolatero<\/strong>, <strong data-start=\"1001\" data-end=\"1014\">pastelero<\/strong> o <strong data-start=\"1018\" data-end=\"1031\">confitero<\/strong>, se beneficiar\u00e1 de un envase pr\u00e1ctico que cumple las normas vigentes. Adem\u00e1s, cumple el <strong data-start=\"1117\" data-end=\"1144\">c\u00f3digo medioambiental<\/strong> y los requisitos de la ley <strong data-start=\"1172\" data-end=\"1185\">AGEC 2025<\/strong>, es <strong data-start=\"1194\" data-end=\"1225\">apta para el contacto con alimentos<\/strong> y forma parte de un enfoque m\u00e1s responsable.  <\/p>\n<p data-start=\"1275\" data-end=\"1601\">Por \u00faltimo, su <strong>transparencia cristalina<\/strong> y su tama\u00f1o de <strong>90 x 180 mm<\/strong> la convierten en un aliado perfecto para la venta en tiendas, mercados o eventos gourmet. Al elegir esta <strong>bolsa para golosinas<\/strong>, estar\u00e1 ofreciendo a sus clientes una presentaci\u00f3n profesional que les har\u00e1 desear morder sus delicias a primera vista. <\/p>\n<\/div>\n<div style=\"box-sizing: inherit; font-family: Roboto, sans-serif;\">\n<p><!--more--><\/p>\n<h4 style=\"text-align: left;\">Ventajas :<\/h4>\n<ul style=\"text-align: left;\">\n<li><strong data-start=\"1807\" data-end=\"1836\">Polipropileno transparente<\/strong>: realza sus creaciones gourmet.<\/li>\n<li><strong data-start=\"1883\" data-end=\"1914\">Pr\u00e1ctico formato de 90 x 180 mm<\/strong>: perfecto para chocolates, galletas y confiter\u00eda.<\/li>\n<li><strong data-start=\"1970\" data-end=\"2006\">Cumple las normas alimentarias<\/strong> y la ley <strong data-start=\"2019\" data-end=\"2032\">AGEC 2025<\/strong>.<\/li>\n<li>Se guarda f\u00e1cilmente en <strong data-start=\"2067\" data-end=\"2075\">un estuche<\/strong> o caja para una presentaci\u00f3n impecable.<\/li>\n<li>Envases vers\u00e1tiles para <strong data-start=\"2150\" data-end=\"2165\">galleteros<\/strong>, <strong data-start=\"2167\" data-end=\"2181\">confiteros<\/strong>, <strong data-start=\"2183\" data-end=\"2197\">azucareros<\/strong>, etc.<\/li>\n<\/ul>\n<\/div>\n<\/div>\n<\/div>\n<\/div>\n<\/div>\n<\/div>\n<\/div>\n<\/div>\n<\/div>\n<\/div>\n<\/div>\n<\/div>\n<p>&nbsp;<\/p>\n<\/div>\n<\/div>\n<\/div>\n<\/div>\n<\/div>\n<\/div>\n<\/div>\n<\/div>\n<\/div>\n<\/div>\n<\/div>\n<p><!--more--><\/p>\n<h4>Informaci\u00f3n adicional :<\/h4>\n<ul style=\"box-sizing: inherit; font-family: Roboto, sans-serif;\">\n<li><strong>Embalaje<\/strong>: Paquete de 100<\/li>\n<li><span style=\"font-weight: bold;\">Dimensiones<\/span>: 90 x 180 mm<\/li>\n<li><strong>Material<\/strong>: OPP<\/li>\n<li><strong>Color<\/strong>: Transparente<\/li>\n<li><strong>Resistencia<\/strong>: 35\u00b5<\/li>\n<\/ul>\n<p>&nbsp;<\/p>\n<p><!--more--><\/p>\n<div style=\"box-sizing: inherit; font-family: Roboto, sans-serif;\">\n<div style=\"box-sizing: inherit; font-family: Roboto, sans-serif;\">\n<div style=\"box-sizing: inherit; font-family: Roboto, sans-serif;\">\n<div style=\"box-sizing: inherit; font-family: Roboto, sans-serif;\">\n<div style=\"box-sizing: inherit; font-family: Roboto, sans-serif;\">\n<div style=\"box-sizing: inherit; font-family: Roboto, sans-serif;\">\n<p>Esta bolsa est\u00e1 disponible en varios tama\u00f1os: <span style=\"color: #d12727;\"><a style=\"color: #d12727;\" href=\"https:\/\/www.csj-emballages.com\/produit\/100-sachets-confiserie-plat-polypro-50-x-120-mm\/\">50 x 120 mm<\/a><\/span> \/ <span style=\"color: #d12727;\"><a style=\"color: #d12727;\" href=\"https:\/\/www.csj-emballages.com\/es\/produit\/100-bolsas-planas-de-polipropileno-para-confiteria-70-x-130-mm\/\">70 x 130 mm<\/a><\/span> \/ <span style=\"color: #d12727;\"><a style=\"color: #d12727;\" href=\"https:\/\/www.csj-emballages.com\/produit\/100-sachets-confiserie-plat-polypro-80-x-160-mm\/\">80 x 160 mm<\/a><\/span> \/ <span style=\"color: #d12727;\"><a style=\"color: #d12727;\" href=\"https:\/\/www.csj-emballages.com\/es\/produit\/100-bolsas-planas-de-polipropileno-para-confiteria-100-x-200-mm\/\">100 x 200 mm<\/a><\/span> \/ <span style=\"color: #d12727;\"><a style=\"color: #d12727;\" href=\"https:\/\/www.csj-emballages.com\/es\/produit\/100-bolsas-planas-de-polipropileno-para-confiteria-110-x-220-mm\/\">110 x 220 mm<\/a><\/span> \/ <span style=\"color: #d12727;\"><a style=\"color: #d12727;\" href=\"https:\/\/www.csj-emballages.com\/es\/produit\/100-bolsas-planas-de-polipropileno-para-confiteria-120-x-240-mm\/\">120 x 240 mm<\/a><\/span><\/p>\n<p>&nbsp;<\/p>\n<p><!--more--><\/p>\n<p><a href=\"https:\/\/www.csj-emballages.com\/es\/categorie-produit\/envasado-de-alimentos\/panaderia-y-pasteleria\/bolsas-sobres-y-papel\/bolsas-para-golosinas\/bolsas-sin-fondo-es\/bolsas-planas-de-polipropileno-para-confiteria\/bolsa-de-polipropileno-lisa-para-golosinas\/\">Ver el resto de nuestra gama de bolsas planas de polipropileno para confiter\u00eda<\/a><\/p>\n<\/div>\n<\/div>\n<\/div>\n<\/div>\n<\/div>\n<\/div>\n","protected":false},"excerpt":{"rendered":"<p>Bolsa plana para golosinas Descripci\u00f3n de nuestra bolsa plana de polipropileno de 90 x 180 mm para confiter\u00eda, paquete de 100 unidades<\/p>\n","protected":false},"featured_media":243756,"template":"","meta":{"_acf_changed":false},"product_brand":[],"product_cat":[1150,1145,1660,3347,3389,1488],"product_tag":[],"class_list":{"0":"post-23156","1":"product","2":"type-product","3":"status-publish","4":"has-post-thumbnail","6":"product_cat-envasado-de-alimentos","7":"product_cat-panaderia-y-pasteleria","8":"product_cat-bolsas-para-golosinas","9":"product_cat-bolsas-planas-de-polipropileno-para-confiteria","10":"product_cat-bolsa-de-polipropileno-lisa-para-golosinas","11":"product_cat-tienda-y-almacen","13":"first","14":"outofstock","15":"taxable","16":"shipping-taxable","17":"purchasable","18":"product-type-simple"},"acf":[],"yoast_head":"<!-- This site is optimized with the Yoast SEO Premium plugin v26.6 (Yoast SEO v26.6) - https:\/\/yoast.com\/wordpress\/plugins\/seo\/ -->\n<title>Bolsa plana para confiter\u00eda Polypro 90 x 180 mm por 100<\/title>\n<meta name=\"description\" content=\"Bolsas planas para confiter\u00eda de 90 x 180 mm (100 por bolsa), transparentes y aptas para el contacto con alimentos. Ideales para chocolateros, galleteros y confiteros.\" \/>\n<meta name=\"robots\" content=\"index, follow, max-snippet:-1, max-image-preview:large, max-video-preview:-1\" \/>\n<link rel=\"canonical\" href=\"https:\/\/www.csj-emballages.com\/es\/produit\/100-bolsas-planas-de-polipropileno-para-confiteria-90-x-180-mm\/\" \/>\n<meta property=\"og:locale\" content=\"es_ES\" \/>\n<meta property=\"og:type\" content=\"article\" \/>\n<meta property=\"og:title\" content=\"Bolsas planas de polipropileno para confiter\u00eda 90 x 180 mm, paquete de 100\" \/>\n<meta property=\"og:description\" content=\"Bolsas planas para confiter\u00eda de 90 x 180 mm (100 por bolsa), transparentes y aptas para el contacto con alimentos. Ideales para chocolateros, galleteros y confiteros.\" \/>\n<meta property=\"og:url\" content=\"https:\/\/www.csj-emballages.com\/es\/produit\/100-bolsas-planas-de-polipropileno-para-confiteria-90-x-180-mm\/\" \/>\n<meta property=\"og:site_name\" content=\"CSJ Emballages\" \/>\n<meta property=\"article:publisher\" content=\"https:\/\/www.facebook.com\/csjemballages\" \/>\n<meta property=\"article:modified_time\" content=\"2026-04-09T00:18:15+00:00\" \/>\n<meta property=\"og:image\" content=\"https:\/\/www.csj-emballages.com\/wp-content\/uploads\/2024\/03\/SACPPT-1.webp\" \/>\n\t<meta property=\"og:image:width\" content=\"800\" \/>\n\t<meta property=\"og:image:height\" content=\"800\" \/>\n\t<meta property=\"og:image:type\" content=\"image\/webp\" \/>\n<meta name=\"twitter:card\" content=\"summary_large_image\" \/>\n<meta name=\"twitter:label1\" content=\"Tiempo de lectura\" \/>\n\t<meta name=\"twitter:data1\" content=\"2 minutos\" \/>\n<script type=\"application\/ld+json\" class=\"yoast-schema-graph\">{\"@context\":\"https:\/\/schema.org\",\"@graph\":[{\"@type\":\"WebPage\",\"@id\":\"https:\/\/www.csj-emballages.com\/es\/produit\/100-bolsas-planas-de-polipropileno-para-confiteria-90-x-180-mm\/\",\"url\":\"https:\/\/www.csj-emballages.com\/es\/produit\/100-bolsas-planas-de-polipropileno-para-confiteria-90-x-180-mm\/\",\"name\":\"Bolsa plana para confiter\u00eda Polypro 90 x 180 mm por 100\",\"isPartOf\":{\"@id\":\"https:\/\/www.csj-emballages.com\/es\/#website\"},\"primaryImageOfPage\":{\"@id\":\"https:\/\/www.csj-emballages.com\/es\/produit\/100-bolsas-planas-de-polipropileno-para-confiteria-90-x-180-mm\/#primaryimage\"},\"image\":{\"@id\":\"https:\/\/www.csj-emballages.com\/es\/produit\/100-bolsas-planas-de-polipropileno-para-confiteria-90-x-180-mm\/#primaryimage\"},\"thumbnailUrl\":\"https:\/\/www.csj-emballages.com\/wp-content\/uploads\/2024\/03\/SACPPT-1.webp\",\"datePublished\":\"2024-03-01T15:50:06+00:00\",\"dateModified\":\"2026-04-09T00:18:15+00:00\",\"description\":\"Bolsas planas para confiter\u00eda de 90 x 180 mm (100 por bolsa), transparentes y aptas para el contacto con alimentos. Ideales para chocolateros, galleteros y confiteros.\",\"breadcrumb\":{\"@id\":\"https:\/\/www.csj-emballages.com\/es\/produit\/100-bolsas-planas-de-polipropileno-para-confiteria-90-x-180-mm\/#breadcrumb\"},\"inLanguage\":\"es\",\"potentialAction\":[{\"@type\":\"ReadAction\",\"target\":[\"https:\/\/www.csj-emballages.com\/es\/produit\/100-bolsas-planas-de-polipropileno-para-confiteria-90-x-180-mm\/\"]}]},{\"@type\":\"ImageObject\",\"inLanguage\":\"es\",\"@id\":\"https:\/\/www.csj-emballages.com\/es\/produit\/100-bolsas-planas-de-polipropileno-para-confiteria-90-x-180-mm\/#primaryimage\",\"url\":\"https:\/\/www.csj-emballages.com\/wp-content\/uploads\/2024\/03\/SACPPT-1.webp\",\"contentUrl\":\"https:\/\/www.csj-emballages.com\/wp-content\/uploads\/2024\/03\/SACPPT-1.webp\",\"width\":800,\"height\":800,\"caption\":\"Sachet confiseries plat\"},{\"@type\":\"BreadcrumbList\",\"@id\":\"https:\/\/www.csj-emballages.com\/es\/produit\/100-bolsas-planas-de-polipropileno-para-confiteria-90-x-180-mm\/#breadcrumb\",\"itemListElement\":[{\"@type\":\"ListItem\",\"position\":1,\"name\":\"Accueil\",\"item\":\"https:\/\/www.csj-emballages.com\/es\/universo-del-envasado-alimentario\/\"},{\"@type\":\"ListItem\",\"position\":2,\"name\":\"Tienda\",\"item\":\"https:\/\/www.csj-emballages.com\/tienda\/\"},{\"@type\":\"ListItem\",\"position\":3,\"name\":\"Bolsas planas de polipropileno para confiter\u00eda 90 x 180 mm, paquete de 100\"}]},{\"@type\":\"WebSite\",\"@id\":\"https:\/\/www.csj-emballages.com\/es\/#website\",\"url\":\"https:\/\/www.csj-emballages.com\/es\/\",\"name\":\"CSJ Emballages\",\"description\":\"\",\"publisher\":{\"@id\":\"https:\/\/www.csj-emballages.com\/es\/#organization\"},\"potentialAction\":[{\"@type\":\"SearchAction\",\"target\":{\"@type\":\"EntryPoint\",\"urlTemplate\":\"https:\/\/www.csj-emballages.com\/es\/?s={search_term_string}\"},\"query-input\":{\"@type\":\"PropertyValueSpecification\",\"valueRequired\":true,\"valueName\":\"search_term_string\"}}],\"inLanguage\":\"es\"},{\"@type\":\"Organization\",\"@id\":\"https:\/\/www.csj-emballages.com\/es\/#Organization\/\",\"name\":\"CSJ Emballages\",\"url\":\"https:\/\/www.csj-emballages.com\/es\/\",\"logo\":{\"@type\":\"ImageObject\",\"inLanguage\":\"es\",\"@id\":\"https:\/\/www.csj-emballages.com\/es\/#\/schema\/logo\/image\/\",\"url\":\"https:\/\/www.csj-emballages.com\/wp-content\/uploads\/2023\/10\/logo_csj.webp\",\"contentUrl\":\"https:\/\/www.csj-emballages.com\/wp-content\/uploads\/2023\/10\/logo_csj.webp\",\"width\":250,\"height\":95,\"caption\":\"CSJ Emballages\"},\"image\":{\"@id\":\"https:\/\/www.csj-emballages.com\/es\/#\/schema\/logo\/image\/\"},\"sameAs\":[\"https:\/\/www.facebook.com\/csjemballages\"],\"address\":{\"@type\":\"PostalAddress\",\"streetAddress\":\"ZI La Lechere\",\"addressLocality\":\"Patornay\",\"postalCode\":\"39130\",\"addressCountry\":\"FR\"},\"contactPoint\":[{\"@type\":\"ContactPoint\",\"contactType\":\"Service client\",\"telephone\":\"0384254272\",\"email\":\"contact@csj-emballages.com\"}]}]}<\/script>\n<!-- \/ Yoast SEO Premium plugin. -->","yoast_head_json":{"title":"Bolsa plana para confiter\u00eda Polypro 90 x 180 mm por 100","description":"Bolsas planas para confiter\u00eda de 90 x 180 mm (100 por bolsa), transparentes y aptas para el contacto con alimentos. Ideales para chocolateros, galleteros y confiteros.","robots":{"index":"index","follow":"follow","max-snippet":"max-snippet:-1","max-image-preview":"max-image-preview:large","max-video-preview":"max-video-preview:-1"},"canonical":"https:\/\/www.csj-emballages.com\/es\/produit\/100-bolsas-planas-de-polipropileno-para-confiteria-90-x-180-mm\/","og_locale":"es_ES","og_type":"article","og_title":"Bolsas planas de polipropileno para confiter\u00eda 90 x 180 mm, paquete de 100","og_description":"Bolsas planas para confiter\u00eda de 90 x 180 mm (100 por bolsa), transparentes y aptas para el contacto con alimentos. Ideales para chocolateros, galleteros y confiteros.","og_url":"https:\/\/www.csj-emballages.com\/es\/produit\/100-bolsas-planas-de-polipropileno-para-confiteria-90-x-180-mm\/","og_site_name":"CSJ Emballages","article_publisher":"https:\/\/www.facebook.com\/csjemballages","article_modified_time":"2026-04-09T00:18:15+00:00","og_image":[{"width":800,"height":800,"url":"https:\/\/www.csj-emballages.com\/wp-content\/uploads\/2024\/03\/SACPPT-1.webp","type":"image\/webp"}],"twitter_card":"summary_large_image","twitter_misc":{"Tiempo de lectura":"2 minutos"},"schema":{"@context":"https:\/\/schema.org","@graph":[{"@type":"WebPage","@id":"https:\/\/www.csj-emballages.com\/es\/produit\/100-bolsas-planas-de-polipropileno-para-confiteria-90-x-180-mm\/","url":"https:\/\/www.csj-emballages.com\/es\/produit\/100-bolsas-planas-de-polipropileno-para-confiteria-90-x-180-mm\/","name":"Bolsa plana para confiter\u00eda Polypro 90 x 180 mm por 100","isPartOf":{"@id":"https:\/\/www.csj-emballages.com\/es\/#website"},"primaryImageOfPage":{"@id":"https:\/\/www.csj-emballages.com\/es\/produit\/100-bolsas-planas-de-polipropileno-para-confiteria-90-x-180-mm\/#primaryimage"},"image":{"@id":"https:\/\/www.csj-emballages.com\/es\/produit\/100-bolsas-planas-de-polipropileno-para-confiteria-90-x-180-mm\/#primaryimage"},"thumbnailUrl":"https:\/\/www.csj-emballages.com\/wp-content\/uploads\/2024\/03\/SACPPT-1.webp","datePublished":"2024-03-01T15:50:06+00:00","dateModified":"2026-04-09T00:18:15+00:00","description":"Bolsas planas para confiter\u00eda de 90 x 180 mm (100 por bolsa), transparentes y aptas para el contacto con alimentos. Ideales para chocolateros, galleteros y confiteros.","breadcrumb":{"@id":"https:\/\/www.csj-emballages.com\/es\/produit\/100-bolsas-planas-de-polipropileno-para-confiteria-90-x-180-mm\/#breadcrumb"},"inLanguage":"es","potentialAction":[{"@type":"ReadAction","target":["https:\/\/www.csj-emballages.com\/es\/produit\/100-bolsas-planas-de-polipropileno-para-confiteria-90-x-180-mm\/"]}]},{"@type":"ImageObject","inLanguage":"es","@id":"https:\/\/www.csj-emballages.com\/es\/produit\/100-bolsas-planas-de-polipropileno-para-confiteria-90-x-180-mm\/#primaryimage","url":"https:\/\/www.csj-emballages.com\/wp-content\/uploads\/2024\/03\/SACPPT-1.webp","contentUrl":"https:\/\/www.csj-emballages.com\/wp-content\/uploads\/2024\/03\/SACPPT-1.webp","width":800,"height":800,"caption":"Sachet confiseries plat"},{"@type":"BreadcrumbList","@id":"https:\/\/www.csj-emballages.com\/es\/produit\/100-bolsas-planas-de-polipropileno-para-confiteria-90-x-180-mm\/#breadcrumb","itemListElement":[{"@type":"ListItem","position":1,"name":"Accueil","item":"https:\/\/www.csj-emballages.com\/es\/universo-del-envasado-alimentario\/"},{"@type":"ListItem","position":2,"name":"Tienda","item":"https:\/\/www.csj-emballages.com\/tienda\/"},{"@type":"ListItem","position":3,"name":"Bolsas planas de polipropileno para confiter\u00eda 90 x 180 mm, paquete de 100"}]},{"@type":"WebSite","@id":"https:\/\/www.csj-emballages.com\/es\/#website","url":"https:\/\/www.csj-emballages.com\/es\/","name":"CSJ Emballages","description":"","publisher":{"@id":"https:\/\/www.csj-emballages.com\/es\/#organization"},"potentialAction":[{"@type":"SearchAction","target":{"@type":"EntryPoint","urlTemplate":"https:\/\/www.csj-emballages.com\/es\/?s={search_term_string}"},"query-input":{"@type":"PropertyValueSpecification","valueRequired":true,"valueName":"search_term_string"}}],"inLanguage":"es"},{"@type":"Organization","@id":"https:\/\/www.csj-emballages.com\/es\/#Organization\/","name":"CSJ Emballages","url":"https:\/\/www.csj-emballages.com\/es\/","logo":{"@type":"ImageObject","inLanguage":"es","@id":"https:\/\/www.csj-emballages.com\/es\/#\/schema\/logo\/image\/","url":"https:\/\/www.csj-emballages.com\/wp-content\/uploads\/2023\/10\/logo_csj.webp","contentUrl":"https:\/\/www.csj-emballages.com\/wp-content\/uploads\/2023\/10\/logo_csj.webp","width":250,"height":95,"caption":"CSJ Emballages"},"image":{"@id":"https:\/\/www.csj-emballages.com\/es\/#\/schema\/logo\/image\/"},"sameAs":["https:\/\/www.facebook.com\/csjemballages"],"address":{"@type":"PostalAddress","streetAddress":"ZI La Lechere","addressLocality":"Patornay","postalCode":"39130","addressCountry":"FR"},"contactPoint":[{"@type":"ContactPoint","contactType":"Service client","telephone":"0384254272","email":"contact@csj-emballages.com"}]}]}},"df_price":4.9,"df_sale_price":"","df_regular_price":4.9,"df_image_link":"https:\/\/www.csj-emballages.com\/wp-content\/uploads\/2024\/03\/SACPPT-1-300x300.webp","tiered_pricing_type":"fixed","tiered_pricing_fixed_rules":[],"tiered_pricing_percentage_rules":[],"tiered_pricing_minimum":1,"tiered_pricing_roles_data":[],"_links":{"self":[{"href":"https:\/\/www.csj-emballages.com\/es\/wp-json\/wp\/v2\/product\/23156","targetHints":{"allow":["GET"]}}],"collection":[{"href":"https:\/\/www.csj-emballages.com\/es\/wp-json\/wp\/v2\/product"}],"about":[{"href":"https:\/\/www.csj-emballages.com\/es\/wp-json\/wp\/v2\/types\/product"}],"wp:featuredmedia":[{"embeddable":true,"href":"https:\/\/www.csj-emballages.com\/es\/wp-json\/wp\/v2\/media\/243756"}],"wp:attachment":[{"href":"https:\/\/www.csj-emballages.com\/es\/wp-json\/wp\/v2\/media?parent=23156"}],"wp:term":[{"taxonomy":"product_brand","embeddable":true,"href":"https:\/\/www.csj-emballages.com\/es\/wp-json\/wp\/v2\/product_brand?post=23156"},{"taxonomy":"product_cat","embeddable":true,"href":"https:\/\/www.csj-emballages.com\/es\/wp-json\/wp\/v2\/product_cat?post=23156"},{"taxonomy":"product_tag","embeddable":true,"href":"https:\/\/www.csj-emballages.com\/es\/wp-json\/wp\/v2\/product_tag?post=23156"}],"curies":[{"name":"wp","href":"https:\/\/api.w.org\/{rel}","templated":true}]}}