{"id":23145,"date":"2024-03-01T16:50:08","date_gmt":"2024-03-01T15:50:08","guid":{"rendered":"https:\/\/u15jnbdpoq.preview.infomaniak.website\/produit\/500-bolsas-de-papel-sulfurizado-para-pollos-200-80-x-350-mm\/"},"modified":"2026-05-06T02:17:04","modified_gmt":"2026-05-06T00:17:04","slug":"500-bolsas-de-papel-sulfurizado-para-pollos-200-80-x-350-mm","status":"publish","type":"product","link":"https:\/\/www.csj-emballages.com\/es\/produit\/500-bolsas-de-papel-sulfurizado-para-pollos-200-80-x-350-mm\/","title":{"rendered":"Bolsa de papel sulfurizado para pollos XL 200 + 80 x 340 mm por 500"},"content":{"rendered":"<div style=\"font-family: Roboto, sans-serif\">\n<div style=\"font-family: Roboto, sans-serif\">\n<div style=\"font-family: Roboto, sans-serif\">\n<div style=\"font-family: Roboto, sans-serif\">\n<div style=\"font-family: Roboto, sans-serif\">\n<div style=\"font-family: Roboto, sans-serif\">\n<div style=\"font-family: Roboto, sans-serif\">\n<div style=\"font-family: Roboto, sans-serif\">\n<div style=\"font-family: Roboto, sans-serif\">\n<div style=\"font-family: Roboto, sans-serif\">\n<div style=\"font-family: Roboto, sans-serif\">\n<div style=\"font-family: Roboto, sans-serif\">\n<div style=\"font-family: Roboto, sans-serif\">\n<div class=\"flex flex-grow flex-col max-w-full\">\n<div class=\"min-h-[20px] text-message flex flex-col items-start whitespace-pre-wrap break-words [.text-message+&amp;]:mt-5 juice:w-full juice:items-end overflow-x-auto gap-2\" dir=\"auto\" data-message-author-role=\"assistant\" data-message-id=\"2034782e-88f9-44ef-b4dc-07dd7bf0115f\">\n<div class=\"flex w-full flex-col gap-1 juice:empty:hidden juice:first:pt-[3px]\">\n<div class=\"markdown prose w-full break-words dark:prose-invert light\">\n<div style=\"font-family: Roboto, sans-serif\">\n<div style=\"font-family: Roboto, sans-serif\">\n<div style=\"font-family: Roboto, sans-serif\">\n<div style=\"font-family: Roboto, sans-serif\">\n<div style=\"font-family: Roboto, sans-serif\">\n<div style=\"font-family: Roboto, sans-serif\">\n<h2>Bolsas para pollos<\/h2>\n<div style=\"font-family: Roboto, sans-serif\">\n<div style=\"font-family: Roboto, sans-serif\">\n<div style=\"font-family: Roboto, sans-serif\">\n<div style=\"text-align: center\">\n<div style=\"font-family: Roboto, sans-serif\">\n<div style=\"font-family: Roboto, sans-serif\">\n<div style=\"font-family: Roboto, sans-serif\">\n<div style=\"font-family: Roboto, sans-serif\">\n<div style=\"font-family: Roboto, sans-serif\">\n<div style=\"font-family: Roboto, sans-serif;text-align: left\">\n<hr>\n<h3 style=\"text-align: left\">Descripci\u00f3n de las bolsas de papel sulfurizado para pollos 200 + 80 x 350 mm<!--more--><\/h3>\n<p>Las <strong>bolsas para pollos<\/strong> <strong>de 200 + 80 x 350 mm<\/strong>, disponibles en paquetes de <strong>500<\/strong>, son una soluci\u00f3n ideal para los profesionales de la restauraci\u00f3n. Estas <strong>bolsas<\/strong> son una elecci\u00f3n inteligente para mejorar la presentaci\u00f3n y protecci\u00f3n de los productos para llevar. Su dise\u00f1o garantiza que tus alimentos, especialmente el <strong>pollo<\/strong> asado, permanezcan intactos y apetitosos. En primer lugar, estas <strong>bolsas para pollo<\/strong> est\u00e1n hechas de papel antigrasa, lo que significa que los aceites y las grasas no penetran en el papel. Esta caracter\u00edstica es crucial para mantener una higiene impecable, que a menudo es problem\u00e1tica.    <\/p>\n<p>&nbsp;<\/p>\n<\/div>\n<\/div>\n<\/div>\n<\/div>\n<\/div>\n<\/div>\n<\/div>\n<\/div>\n<\/div>\n<\/div>\n<\/div>\n<\/div>\n<\/div>\n<\/div>\n<\/div>\n<\/div>\n<\/div>\n<\/div>\n<\/div>\n<\/div>\n<\/div>\n<\/div>\n<\/div>\n<\/div>\n<\/div>\n<\/div>\n<\/div>\n<\/div>\n<\/div>\n<\/div>\n<\/div>\n<\/div>\n<\/div>\n<p><!--more--><\/p>\n<h4>\u00bfPor qu\u00e9 utilizar nuestras bolsas para pollos?<\/h4>\n<div class=\"flex flex-grow flex-col max-w-full\">\n<div class=\"min-h-[20px] text-message flex flex-col items-start whitespace-pre-wrap break-words [.text-message+&amp;]:mt-5 juice:w-full juice:items-end overflow-x-auto gap-2\" dir=\"auto\" data-message-author-role=\"assistant\" data-message-id=\"2034782e-88f9-44ef-b4dc-07dd7bf0115f\">\n<div class=\"flex w-full flex-col gap-1 juice:empty:hidden juice:first:pt-[3px]\">\n<div class=\"markdown prose w-full break-words dark:prose-invert light\">\n<div style=\"font-family: Roboto, sans-serif\">\n<div style=\"font-family: Roboto, sans-serif\">\n<div style=\"font-family: Roboto, sans-serif\">\n<div style=\"font-family: Roboto, sans-serif\">\n<div style=\"font-family: Roboto, sans-serif\">\n<div style=\"font-family: Roboto, sans-serif\">\n<div style=\"font-family: Roboto, sans-serif\">\n<div style=\"font-family: Roboto, sans-serif\">\n<div style=\"font-family: Roboto, sans-serif\">\n<div style=\"text-align: center\">\n<div style=\"font-family: Roboto, sans-serif\">\n<div style=\"font-family: Roboto, sans-serif\">\n<div style=\"font-family: Roboto, sans-serif\">\n<div style=\"font-family: Roboto, sans-serif\">\n<div style=\"font-family: Roboto, sans-serif\">\n<div style=\"font-family: Roboto, sans-serif;text-align: left\">\n<p>Adem\u00e1s de ser resistentes a la grasa, estas <strong>bolsas para pollo<\/strong> tambi\u00e9n son muy pr\u00e1cticas en cuanto a tama\u00f1o. Con unas dimensiones de <strong>200 + 80 x 350 mm<\/strong>, son lo bastante espaciosas para alojar porciones de pollo de varios tama\u00f1os, sin comprometer la seguridad ni la presentaci\u00f3n. Las <strong>bolsas para pollo<\/strong> tambi\u00e9n son una soluci\u00f3n respetuosa con el medio ambiente. Al elegir estas <strong>bolsas<\/strong> <strong>de papel<\/strong>, est\u00e1s optando por una alternativa respetuosa con el medio ambiente. Adem\u00e1s, estas <strong>bolsas para<\/strong> pollos est\u00e1n disponibles en paquetes de <strong>500<\/strong> unidades, ideales para negocios con necesidades constantes. Tanto si diriges un peque\u00f1o asador de barrio como una cadena de comida r\u00e1pida, este envase de gran volumen te permite mantener un stock estable y optimizar tus costes de compra.   <\/p>\n<p>&nbsp;<\/p>\n<\/div>\n<\/div>\n<\/div>\n<\/div>\n<\/div>\n<\/div>\n<\/div>\n<\/div>\n<\/div>\n<\/div>\n<\/div>\n<\/div>\n<\/div>\n<\/div>\n<\/div>\n<\/div>\n<\/div>\n<\/div>\n<\/div>\n<\/div>\n<p><!--more--><\/p>\n<div style=\"font-family: Roboto, sans-serif\">\n<div style=\"font-family: Roboto, sans-serif\">\n<div style=\"font-family: Roboto, sans-serif\">\n<div style=\"font-family: Roboto, sans-serif\">\n<div style=\"font-family: Roboto, sans-serif\">\n<div style=\"font-family: Roboto, sans-serif\">\n<div style=\"font-family: Roboto, sans-serif\">\n<div style=\"font-family: Roboto, sans-serif\">\n<div style=\"font-family: Roboto, sans-serif\">\n<div style=\"font-family: Roboto, sans-serif\">\n<div style=\"font-family: Roboto, sans-serif\">\n<div style=\"font-family: Roboto, sans-serif\">\n<div style=\"font-family: Roboto, sans-serif\">\n<div class=\"flex flex-grow flex-col max-w-full\">\n<div class=\"min-h-[20px] text-message flex flex-col items-start whitespace-pre-wrap break-words [.text-message+&amp;]:mt-5 juice:w-full juice:items-end overflow-x-auto gap-2\" dir=\"auto\" data-message-author-role=\"assistant\" data-message-id=\"2034782e-88f9-44ef-b4dc-07dd7bf0115f\">\n<div class=\"flex w-full flex-col gap-1 juice:empty:hidden juice:first:pt-[3px]\">\n<div class=\"markdown prose w-full break-words dark:prose-invert light\">\n<div style=\"font-family: Roboto, sans-serif\">\n<div style=\"font-family: Roboto, sans-serif\">\n<div style=\"font-family: Roboto, sans-serif\">\n<div style=\"font-family: Roboto, sans-serif\">\n<div style=\"font-family: Roboto, sans-serif\">\n<div style=\"font-family: Roboto, sans-serif\">\n<div class=\"flex flex-grow flex-col max-w-full\">\n<div class=\"min-h-[20px] text-message flex flex-col items-start whitespace-pre-wrap break-words [.text-message+&amp;]:mt-5 juice:w-full juice:items-end overflow-x-auto gap-2\" dir=\"auto\" data-message-author-role=\"assistant\" data-message-id=\"2034782e-88f9-44ef-b4dc-07dd7bf0115f\">\n<div class=\"flex w-full flex-col gap-1 juice:empty:hidden juice:first:pt-[3px]\">\n<div class=\"markdown prose w-full break-words dark:prose-invert light\">\n<div style=\"font-family: Roboto, sans-serif\">\n<div style=\"font-family: Roboto, sans-serif\">\n<div style=\"font-family: Roboto, sans-serif\">\n<div style=\"font-family: Roboto, sans-serif\">\n<div style=\"font-family: Roboto, sans-serif\">\n<div style=\"font-family: Roboto, sans-serif\">\n<div style=\"font-family: Roboto, sans-serif\">\n<div style=\"font-family: Roboto, sans-serif\">\n<div style=\"font-family: Roboto, sans-serif\">\n<div style=\"text-align: center\">\n<div style=\"font-family: Roboto, sans-serif\">\n<div style=\"font-family: Roboto, sans-serif\">\n<div style=\"font-family: Roboto, sans-serif\">\n<div style=\"font-family: Roboto, sans-serif\">\n<div style=\"font-family: Roboto, sans-serif\">\n<div style=\"font-family: Roboto, sans-serif;text-align: left\">\n<p>Por \u00faltimo, el uso de estas <strong>bolsas para pollos<\/strong> mejora la experiencia del cliente. Gracias a su durabilidad y practicidad, garantizan que cada pedido se entregue en condiciones \u00f3ptimas. Los clientes apreciar\u00e1n que su comida llegue caliente y sin goteos. Utilizando estas <strong>bolsas para pollos<\/strong>, puedes garantizar la satisfacci\u00f3n de tus clientes.<\/p>\n<p>En resumen, <strong>las bolsas de<\/strong> <strong>papel antigrasa<\/strong> <strong>para pollos<\/strong> <strong>200 + 80 x 350 mm<\/strong> son imprescindibles para los profesionales del sector alimentario. Combinan practicidad, durabilidad y respeto por el medio ambiente, garantizando una presentaci\u00f3n impecable de tus productos.<\/p>\n<\/div>\n<\/div>\n<\/div>\n<\/div>\n<\/div>\n<\/div>\n<\/div>\n<\/div>\n<\/div>\n<\/div>\n<\/div>\n<\/div>\n<\/div>\n<\/div>\n<\/div>\n<\/div>\n<\/div>\n<\/div>\n<\/div>\n<\/div>\n<p>&nbsp;<\/p>\n<p><!--more--><\/p>\n<h4 style=\"text-align: left\"><strong>Las ventajas de las <\/strong>bolsas para pollos :<\/h4>\n<ul>\n<li style=\"text-align: left\"><strong>Antigrasa: El <\/strong>papel antigrasa impide la penetraci\u00f3n de aceites y grasas, garantizando una limpieza \u00f3ptima y una presentaci\u00f3n impecable<strong>.<\/strong><\/li>\n<li><strong>Gran capacidad<\/strong>: Con unas dimensiones de <strong>200 + 80 x 350 mm<\/strong>, estas <strong>bolsas para pollos<\/strong> pueden contener diferentes porciones de pollo.<\/li>\n<li><strong>Practicidad en gran formato<\/strong>: el envase de <strong>500<\/strong> te permite gestionar adecuadamente tus necesidades de envasado, ideal para profesionales con gran demanda.<\/li>\n<li><strong>Aislamiento t\u00e9rmico<\/strong>: Nuestras bolsas tienen una capa aislante eficaz.<\/li>\n<\/ul>\n<\/div>\n<\/div>\n<\/div>\n<\/div>\n<\/div>\n<\/div>\n<\/div>\n<\/div>\n<\/div>\n<\/div>\n<\/div>\n<\/div>\n<p>&nbsp;<\/p>\n<\/div>\n<\/div>\n<\/div>\n<\/div>\n<\/div>\n<\/div>\n<\/div>\n<\/div>\n<\/div>\n<\/div>\n<\/div>\n<p><!--more--><\/p>\n<h4>Otra informaci\u00f3n sobre este producto:<\/h4>\n<ul style=\"font-family: Roboto, sans-serif\">\n<li><strong>Embalaje<\/strong>: Caja de 500<\/li>\n<li><b>Peso: <\/b>45 g + 20 g OPP<\/li>\n<\/ul>\n<p>&nbsp;<\/p>\n<p style=\"text-align: left\"><!--more--><\/p>\n<p>Disponible en <span style=\"color: #d62727\"><a style=\"color: #d62727\" href=\"https:\/\/u15jnbdpoq.preview.infomaniak.website\/produit\/500-sacs-poulet-papier-ingraissable-180-65-x-340-mm\/\">180 + 65 x 340 mm<\/a><\/span> \/ <span style=\"color: #d62727\"><a style=\"color: #d62727\" href=\"https:\/\/u15jnbdpoq.preview.infomaniak.website\/produit\/500-sacs-poulet-papier-ingraissable-xxl-250-8-5-x-410-mm\/\">250 + 85 x 410 mm<\/a><\/span><\/p>\n<p>&nbsp;<\/p>\n<p style=\"text-align: left\"><!--more--><\/p>\n<p><a href=\"https:\/\/www.csj-emballages.com\/categorie-produit\/emballages\/boucherie-traiteur-primeur\/sacs-et-sachets\/sacs-poulets\/\">Ver el resto de nuestra gama de bolsas para pollos<\/a><\/p>\n<p>&nbsp;<\/p>\n","protected":false},"excerpt":{"rendered":"<p>Bolsas para pollos Descripci\u00f3n de las bolsas de papel sulfurizado para pollos 200 + 80 x 350 mm<\/p>\n","protected":false},"featured_media":209323,"template":"","meta":{"_acf_changed":false},"product_brand":[],"product_cat":[1150,1143,3375],"product_tag":[],"class_list":{"0":"post-23145","1":"product","2":"type-product","3":"status-publish","4":"has-post-thumbnail","6":"product_cat-envasado-de-alimentos","7":"product_cat-carniceria-y-charcuteria","8":"product_cat-bolsas-para-pollos","10":"first","11":"instock","12":"featured","13":"taxable","14":"shipping-taxable","15":"purchasable","16":"product-type-simple"},"acf":[],"yoast_head":"<!-- This site is optimized with the Yoast SEO Premium plugin v26.6 (Yoast SEO v26.6) - https:\/\/yoast.com\/wordpress\/plugins\/seo\/ -->\n<title>- Bolsas para pollos 200 + 80 x 350 mm por 500<\/title>\n<meta name=\"description\" content=\"Descubre las bolsas para pollo de 200 + 80 x 350 mm. Perfectas para el pollo asado, garantizan la limpieza y la conservaci\u00f3n. Paquete de 500 ideal para profesionales.\" \/>\n<meta name=\"robots\" content=\"index, follow, max-snippet:-1, max-image-preview:large, max-video-preview:-1\" \/>\n<link rel=\"canonical\" href=\"https:\/\/www.csj-emballages.com\/es\/produit\/500-bolsas-de-papel-sulfurizado-para-pollos-200-80-x-350-mm\/\" \/>\n<meta property=\"og:locale\" content=\"es_ES\" \/>\n<meta property=\"og:type\" content=\"article\" \/>\n<meta property=\"og:title\" content=\"Bolsas para pollos - 200 + 80 x 350 mm por 500\" \/>\n<meta property=\"og:description\" content=\"Descubre las bolsas para pollo de 200 + 80 x 350 mm. Perfectas para el pollo asado, garantizan la limpieza y la conservaci\u00f3n. Paquete de 500 ideal para profesionales.\" \/>\n<meta property=\"og:url\" content=\"https:\/\/www.csj-emballages.com\/es\/produit\/500-bolsas-de-papel-sulfurizado-para-pollos-200-80-x-350-mm\/\" \/>\n<meta property=\"og:site_name\" content=\"CSJ Emballages\" \/>\n<meta property=\"article:publisher\" content=\"https:\/\/www.facebook.com\/csjemballages\" \/>\n<meta property=\"article:modified_time\" content=\"2026-05-06T00:17:04+00:00\" \/>\n<meta property=\"og:image\" content=\"https:\/\/www.csj-emballages.com\/wp-content\/uploads\/2024\/06\/Capture-decran-2024-06-13-a-08.24.45.png\" \/>\n\t<meta property=\"og:image:width\" content=\"300\" \/>\n\t<meta property=\"og:image:height\" content=\"301\" \/>\n\t<meta property=\"og:image:type\" content=\"image\/png\" \/>\n<meta name=\"twitter:card\" content=\"summary_large_image\" \/>\n<meta name=\"twitter:title\" content=\"Bolsas para pollos - 200 + 80 x 350 mm por 500\" \/>\n<meta name=\"twitter:description\" content=\"Descubre las bolsas para pollo de 200 + 80 x 350 mm. Perfectas para el pollo asado, garantizan la limpieza y la conservaci\u00f3n. Paquete de 500 ideal para profesionales.\" \/>\n<meta name=\"twitter:label1\" content=\"Tiempo de lectura\" \/>\n\t<meta name=\"twitter:data1\" content=\"2 minutos\" \/>\n<script type=\"application\/ld+json\" class=\"yoast-schema-graph\">{\"@context\":\"https:\/\/schema.org\",\"@graph\":[{\"@type\":\"WebPage\",\"@id\":\"https:\/\/www.csj-emballages.com\/es\/produit\/500-bolsas-de-papel-sulfurizado-para-pollos-200-80-x-350-mm\/\",\"url\":\"https:\/\/www.csj-emballages.com\/es\/produit\/500-bolsas-de-papel-sulfurizado-para-pollos-200-80-x-350-mm\/\",\"name\":\"- Bolsas para pollos 200 + 80 x 350 mm por 500\",\"isPartOf\":{\"@id\":\"https:\/\/www.csj-emballages.com\/es\/#website\"},\"primaryImageOfPage\":{\"@id\":\"https:\/\/www.csj-emballages.com\/es\/produit\/500-bolsas-de-papel-sulfurizado-para-pollos-200-80-x-350-mm\/#primaryimage\"},\"image\":{\"@id\":\"https:\/\/www.csj-emballages.com\/es\/produit\/500-bolsas-de-papel-sulfurizado-para-pollos-200-80-x-350-mm\/#primaryimage\"},\"thumbnailUrl\":\"https:\/\/www.csj-emballages.com\/wp-content\/uploads\/2024\/03\/Sac-poulet-1.webp\",\"datePublished\":\"2024-03-01T15:50:08+00:00\",\"dateModified\":\"2026-05-06T00:17:04+00:00\",\"description\":\"Descubre las bolsas para pollo de 200 + 80 x 350 mm. Perfectas para el pollo asado, garantizan la limpieza y la conservaci\u00f3n. Paquete de 500 ideal para profesionales.\",\"breadcrumb\":{\"@id\":\"https:\/\/www.csj-emballages.com\/es\/produit\/500-bolsas-de-papel-sulfurizado-para-pollos-200-80-x-350-mm\/#breadcrumb\"},\"inLanguage\":\"es\",\"potentialAction\":[{\"@type\":\"ReadAction\",\"target\":[\"https:\/\/www.csj-emballages.com\/es\/produit\/500-bolsas-de-papel-sulfurizado-para-pollos-200-80-x-350-mm\/\"]}]},{\"@type\":\"ImageObject\",\"inLanguage\":\"es\",\"@id\":\"https:\/\/www.csj-emballages.com\/es\/produit\/500-bolsas-de-papel-sulfurizado-para-pollos-200-80-x-350-mm\/#primaryimage\",\"url\":\"https:\/\/www.csj-emballages.com\/wp-content\/uploads\/2024\/03\/Sac-poulet-1.webp\",\"contentUrl\":\"https:\/\/www.csj-emballages.com\/wp-content\/uploads\/2024\/03\/Sac-poulet-1.webp\",\"width\":800,\"height\":800,\"caption\":\"sac poulet\"},{\"@type\":\"BreadcrumbList\",\"@id\":\"https:\/\/www.csj-emballages.com\/es\/produit\/500-bolsas-de-papel-sulfurizado-para-pollos-200-80-x-350-mm\/#breadcrumb\",\"itemListElement\":[{\"@type\":\"ListItem\",\"position\":1,\"name\":\"Accueil\",\"item\":\"https:\/\/www.csj-emballages.com\/es\/universo-del-envasado-alimentario\/\"},{\"@type\":\"ListItem\",\"position\":2,\"name\":\"Tienda\",\"item\":\"https:\/\/www.csj-emballages.com\/tienda\/\"},{\"@type\":\"ListItem\",\"position\":3,\"name\":\"Bolsa de papel sulfurizado para pollos XL 200 + 80 x 340 mm por 500\"}]},{\"@type\":\"WebSite\",\"@id\":\"https:\/\/www.csj-emballages.com\/es\/#website\",\"url\":\"https:\/\/www.csj-emballages.com\/es\/\",\"name\":\"CSJ Emballages\",\"description\":\"\",\"publisher\":{\"@id\":\"https:\/\/www.csj-emballages.com\/es\/#organization\"},\"potentialAction\":[{\"@type\":\"SearchAction\",\"target\":{\"@type\":\"EntryPoint\",\"urlTemplate\":\"https:\/\/www.csj-emballages.com\/es\/?s={search_term_string}\"},\"query-input\":{\"@type\":\"PropertyValueSpecification\",\"valueRequired\":true,\"valueName\":\"search_term_string\"}}],\"inLanguage\":\"es\"},{\"@type\":\"Organization\",\"@id\":\"https:\/\/www.csj-emballages.com\/es\/#Organization\/\",\"name\":\"CSJ Emballages\",\"url\":\"https:\/\/www.csj-emballages.com\/es\/\",\"logo\":{\"@type\":\"ImageObject\",\"inLanguage\":\"es\",\"@id\":\"https:\/\/www.csj-emballages.com\/es\/#\/schema\/logo\/image\/\",\"url\":\"https:\/\/www.csj-emballages.com\/wp-content\/uploads\/2023\/10\/logo_csj.webp\",\"contentUrl\":\"https:\/\/www.csj-emballages.com\/wp-content\/uploads\/2023\/10\/logo_csj.webp\",\"width\":250,\"height\":95,\"caption\":\"CSJ Emballages\"},\"image\":{\"@id\":\"https:\/\/www.csj-emballages.com\/es\/#\/schema\/logo\/image\/\"},\"sameAs\":[\"https:\/\/www.facebook.com\/csjemballages\"],\"address\":{\"@type\":\"PostalAddress\",\"streetAddress\":\"ZI La Lechere\",\"addressLocality\":\"Patornay\",\"postalCode\":\"39130\",\"addressCountry\":\"FR\"},\"contactPoint\":[{\"@type\":\"ContactPoint\",\"contactType\":\"Service client\",\"telephone\":\"0384254272\",\"email\":\"contact@csj-emballages.com\"}]}]}<\/script>\n<!-- \/ Yoast SEO Premium plugin. -->","yoast_head_json":{"title":"- Bolsas para pollos 200 + 80 x 350 mm por 500","description":"Descubre las bolsas para pollo de 200 + 80 x 350 mm. Perfectas para el pollo asado, garantizan la limpieza y la conservaci\u00f3n. Paquete de 500 ideal para profesionales.","robots":{"index":"index","follow":"follow","max-snippet":"max-snippet:-1","max-image-preview":"max-image-preview:large","max-video-preview":"max-video-preview:-1"},"canonical":"https:\/\/www.csj-emballages.com\/es\/produit\/500-bolsas-de-papel-sulfurizado-para-pollos-200-80-x-350-mm\/","og_locale":"es_ES","og_type":"article","og_title":"Bolsas para pollos - 200 + 80 x 350 mm por 500","og_description":"Descubre las bolsas para pollo de 200 + 80 x 350 mm. Perfectas para el pollo asado, garantizan la limpieza y la conservaci\u00f3n. Paquete de 500 ideal para profesionales.","og_url":"https:\/\/www.csj-emballages.com\/es\/produit\/500-bolsas-de-papel-sulfurizado-para-pollos-200-80-x-350-mm\/","og_site_name":"CSJ Emballages","article_publisher":"https:\/\/www.facebook.com\/csjemballages","article_modified_time":"2026-05-06T00:17:04+00:00","og_image":[{"width":300,"height":301,"url":"https:\/\/www.csj-emballages.com\/wp-content\/uploads\/2024\/06\/Capture-decran-2024-06-13-a-08.24.45.png","type":"image\/png"}],"twitter_card":"summary_large_image","twitter_title":"Bolsas para pollos - 200 + 80 x 350 mm por 500","twitter_description":"Descubre las bolsas para pollo de 200 + 80 x 350 mm. Perfectas para el pollo asado, garantizan la limpieza y la conservaci\u00f3n. Paquete de 500 ideal para profesionales.","twitter_misc":{"Tiempo de lectura":"2 minutos"},"schema":{"@context":"https:\/\/schema.org","@graph":[{"@type":"WebPage","@id":"https:\/\/www.csj-emballages.com\/es\/produit\/500-bolsas-de-papel-sulfurizado-para-pollos-200-80-x-350-mm\/","url":"https:\/\/www.csj-emballages.com\/es\/produit\/500-bolsas-de-papel-sulfurizado-para-pollos-200-80-x-350-mm\/","name":"- Bolsas para pollos 200 + 80 x 350 mm por 500","isPartOf":{"@id":"https:\/\/www.csj-emballages.com\/es\/#website"},"primaryImageOfPage":{"@id":"https:\/\/www.csj-emballages.com\/es\/produit\/500-bolsas-de-papel-sulfurizado-para-pollos-200-80-x-350-mm\/#primaryimage"},"image":{"@id":"https:\/\/www.csj-emballages.com\/es\/produit\/500-bolsas-de-papel-sulfurizado-para-pollos-200-80-x-350-mm\/#primaryimage"},"thumbnailUrl":"https:\/\/www.csj-emballages.com\/wp-content\/uploads\/2024\/03\/Sac-poulet-1.webp","datePublished":"2024-03-01T15:50:08+00:00","dateModified":"2026-05-06T00:17:04+00:00","description":"Descubre las bolsas para pollo de 200 + 80 x 350 mm. Perfectas para el pollo asado, garantizan la limpieza y la conservaci\u00f3n. Paquete de 500 ideal para profesionales.","breadcrumb":{"@id":"https:\/\/www.csj-emballages.com\/es\/produit\/500-bolsas-de-papel-sulfurizado-para-pollos-200-80-x-350-mm\/#breadcrumb"},"inLanguage":"es","potentialAction":[{"@type":"ReadAction","target":["https:\/\/www.csj-emballages.com\/es\/produit\/500-bolsas-de-papel-sulfurizado-para-pollos-200-80-x-350-mm\/"]}]},{"@type":"ImageObject","inLanguage":"es","@id":"https:\/\/www.csj-emballages.com\/es\/produit\/500-bolsas-de-papel-sulfurizado-para-pollos-200-80-x-350-mm\/#primaryimage","url":"https:\/\/www.csj-emballages.com\/wp-content\/uploads\/2024\/03\/Sac-poulet-1.webp","contentUrl":"https:\/\/www.csj-emballages.com\/wp-content\/uploads\/2024\/03\/Sac-poulet-1.webp","width":800,"height":800,"caption":"sac poulet"},{"@type":"BreadcrumbList","@id":"https:\/\/www.csj-emballages.com\/es\/produit\/500-bolsas-de-papel-sulfurizado-para-pollos-200-80-x-350-mm\/#breadcrumb","itemListElement":[{"@type":"ListItem","position":1,"name":"Accueil","item":"https:\/\/www.csj-emballages.com\/es\/universo-del-envasado-alimentario\/"},{"@type":"ListItem","position":2,"name":"Tienda","item":"https:\/\/www.csj-emballages.com\/tienda\/"},{"@type":"ListItem","position":3,"name":"Bolsa de papel sulfurizado para pollos XL 200 + 80 x 340 mm por 500"}]},{"@type":"WebSite","@id":"https:\/\/www.csj-emballages.com\/es\/#website","url":"https:\/\/www.csj-emballages.com\/es\/","name":"CSJ Emballages","description":"","publisher":{"@id":"https:\/\/www.csj-emballages.com\/es\/#organization"},"potentialAction":[{"@type":"SearchAction","target":{"@type":"EntryPoint","urlTemplate":"https:\/\/www.csj-emballages.com\/es\/?s={search_term_string}"},"query-input":{"@type":"PropertyValueSpecification","valueRequired":true,"valueName":"search_term_string"}}],"inLanguage":"es"},{"@type":"Organization","@id":"https:\/\/www.csj-emballages.com\/es\/#Organization\/","name":"CSJ Emballages","url":"https:\/\/www.csj-emballages.com\/es\/","logo":{"@type":"ImageObject","inLanguage":"es","@id":"https:\/\/www.csj-emballages.com\/es\/#\/schema\/logo\/image\/","url":"https:\/\/www.csj-emballages.com\/wp-content\/uploads\/2023\/10\/logo_csj.webp","contentUrl":"https:\/\/www.csj-emballages.com\/wp-content\/uploads\/2023\/10\/logo_csj.webp","width":250,"height":95,"caption":"CSJ Emballages"},"image":{"@id":"https:\/\/www.csj-emballages.com\/es\/#\/schema\/logo\/image\/"},"sameAs":["https:\/\/www.facebook.com\/csjemballages"],"address":{"@type":"PostalAddress","streetAddress":"ZI La Lechere","addressLocality":"Patornay","postalCode":"39130","addressCountry":"FR"},"contactPoint":[{"@type":"ContactPoint","contactType":"Service client","telephone":"0384254272","email":"contact@csj-emballages.com"}]}]}},"df_price":40.43,"df_sale_price":"","df_regular_price":40.43,"df_image_link":"https:\/\/www.csj-emballages.com\/wp-content\/uploads\/2024\/03\/Sac-poulet-1-300x300.webp","tiered_pricing_type":"fixed","tiered_pricing_fixed_rules":[],"tiered_pricing_percentage_rules":[],"tiered_pricing_minimum":1,"tiered_pricing_roles_data":[],"_links":{"self":[{"href":"https:\/\/www.csj-emballages.com\/es\/wp-json\/wp\/v2\/product\/23145","targetHints":{"allow":["GET"]}}],"collection":[{"href":"https:\/\/www.csj-emballages.com\/es\/wp-json\/wp\/v2\/product"}],"about":[{"href":"https:\/\/www.csj-emballages.com\/es\/wp-json\/wp\/v2\/types\/product"}],"wp:featuredmedia":[{"embeddable":true,"href":"https:\/\/www.csj-emballages.com\/es\/wp-json\/wp\/v2\/media\/209323"}],"wp:attachment":[{"href":"https:\/\/www.csj-emballages.com\/es\/wp-json\/wp\/v2\/media?parent=23145"}],"wp:term":[{"taxonomy":"product_brand","embeddable":true,"href":"https:\/\/www.csj-emballages.com\/es\/wp-json\/wp\/v2\/product_brand?post=23145"},{"taxonomy":"product_cat","embeddable":true,"href":"https:\/\/www.csj-emballages.com\/es\/wp-json\/wp\/v2\/product_cat?post=23145"},{"taxonomy":"product_tag","embeddable":true,"href":"https:\/\/www.csj-emballages.com\/es\/wp-json\/wp\/v2\/product_tag?post=23145"}],"curies":[{"name":"wp","href":"https:\/\/api.w.org\/{rel}","templated":true}]}}