{"id":23143,"date":"2024-03-01T16:50:08","date_gmt":"2024-03-01T15:50:08","guid":{"rendered":"https:\/\/u15jnbdpoq.preview.infomaniak.website\/produit\/1-bolsa-de-la-compra-reutilizable-de-pp-tejido-perro-de-navidad-woody-40-24-x-35-cm\/"},"modified":"2026-04-03T02:19:54","modified_gmt":"2026-04-03T00:19:54","slug":"1-bolsa-de-la-compra-reutilizable-de-pp-tejido-perro-de-navidad-woody-40-24-x-35-cm","status":"publish","type":"product","link":"https:\/\/www.csj-emballages.com\/es\/produit\/1-bolsa-de-la-compra-reutilizable-de-pp-tejido-perro-de-navidad-woody-40-24-x-35-cm\/","title":{"rendered":"Bolsa de Navidad para perros WOODY PP tejido reutilizable 40 + 24 x 35 cm"},"content":{"rendered":"<h2 class=\"p1\">Bolsa de la compra<\/h2>\n<hr>\n<h3>Descripci\u00f3n de nuestra bolsa de la compra reutilizable de PP tejido \u00abChristmas dog WOODY\u00bb 40 + 24 x 35 cm<\/h3>\n<p><!--more--><\/p>\n<p data-start=\"173\" data-end=\"536\">Cuando se acercan las fiestas, a todos nos gusta a\u00f1adir un poco de magia a nuestras compras y envoltorios. Esta <g id=\"gid_0\">bolsa de la compra<\/g> <g id=\"gid_1\">reutilizable tejida en PP<\/g> <g id=\"gid_0\">\u00abChristmas dog WOODY<\/g> \u00bb lo consigue. Fabricada con materiales resistentes, combina practicidad y est\u00e9tica, al tiempo que presenta un bonito motivo festivo que sin duda gustar\u00e1 a peque\u00f1os y mayores.  <\/p>\n<p data-start=\"538\" data-end=\"924\">Con sus generosas dimensiones de <strong data-start=\"563\" data-end=\"582\">40 + 24 x 35 cm<\/strong>, esta bolsa tiene capacidad de sobra para transportar sus compras, regalos y golosinas. Gracias a su dise\u00f1o de <g id=\"gid_1\">polipropileno tejido<\/g>, es robusta, impermeable y duradera. Puede utilizarla una y otra vez sin preocuparse por su desgaste, lo que la convierte en una excelente alternativa a las bolsas desechables.  <\/p>\n<p data-start=\"926\" data-end=\"1304\">Pero esta <strong>bolsa de Navidad<\/strong> no es s\u00f3lo pr\u00e1ctica. Su dise\u00f1o festivo presenta un adorable <strong data-start=\"1020\" data-end=\"1035\">perro Woody<\/strong>, rodeado de una <strong data-start=\"1059\" data-end=\"1078\">c\u00e1lida<\/strong> decoraci\u00f3n <strong data-start=\"1059\" data-end=\"1078\">navide\u00f1a<\/strong>. Aporta un toque simp\u00e1tico y original, perfecto para ofrecer una experiencia \u00fanica a sus clientes. En una panader\u00eda, tienda de delicatessen, jugueter\u00eda o boutique temporal, esta bolsa seguro que gustar\u00e1.   <\/p>\n<p data-start=\"1306\" data-end=\"1585\">Adem\u00e1s, su reutilizaci\u00f3n responde plenamente a un enfoque m\u00e1s <strong data-start=\"1383\" data-end=\"1412\">ecol\u00f3gico y responsable<\/strong>. Al elegir este producto, ofrecer\u00e1 a sus clientes una bolsa s\u00f3lida que podr\u00e1n reutilizar a diario, al tiempo que transmite una imagen respetuosa con el medio ambiente. <\/p>\n<p data-start=\"1587\" data-end=\"1778\">En resumen, esta <strong data-start=\"1601\" data-end=\"1631\">bolsa de Navidad para perros WOODY<\/strong> es una herramienta pr\u00e1ctica para su embalaje, un elegante soporte publicitario y un toque festivo que marcar\u00e1 la diferencia.<\/p>\n<p data-start=\"1587\" data-end=\"1778\">\n<p><!--more--><\/p>\n<h4><strong>Ventajas :<\/strong><\/h4>\n<ul>\n<li><strong data-start=\"2009\" data-end=\"2028\">Tama\u00f1o pr\u00e1ctico<\/strong>: 40 + 24 x 35 cm, gran capacidad.<\/li>\n<li><strong data-start=\"2080\" data-end=\"2102\">Material resistente<\/strong>: polipropileno tejido resistente e impermeable.<\/li>\n<li><strong data-start=\"2152\" data-end=\"2168\">Reutilizables<\/strong>: una alternativa ecol\u00f3gica a las bolsas desechables.<\/li>\n<li><strong data-start=\"2217\" data-end=\"2234\">Dise\u00f1o festivo<\/strong>: motivo de perro le\u00f1ador y c\u00e1lido ambiente navide\u00f1o.<\/li>\n<li><strong data-start=\"2292\" data-end=\"2306\">Vers\u00e1til<\/strong>: ideal para compras, regalos o embalaje de tiendas.<\/li>\n<\/ul>\n<p>&nbsp;<\/p>\n<p><!--more--><\/p>\n<h4>Informaci\u00f3n adicional :<\/h4>\n<ul>\n<li><strong>Embalaje<\/strong>: Por unidad<\/li>\n<li><strong>Dimensiones<\/strong>: 40 + 24 x 35 cm<\/li>\n<li><strong>Color<\/strong>: Blanco \/ Rojo<\/li>\n<li><strong>Material<\/strong>: robusto tejido de polipropileno<\/li>\n<\/ul>\n<p>&nbsp;<\/p>\n<p><!--more--><\/p>\n<p><a href=\"https:\/\/www.csj-emballages.com\/es\/categorie-produit\/envasado-de-alimentos\/tienda-y-almacen\/bolsas-sobres\/bolsos-boutique\/\">\u00a1Consulta el resto de nuestra gama de bolsos boutique!<\/a><\/p>\n","protected":false},"excerpt":{"rendered":"<p>Bolsa de la compra Descripci\u00f3n de nuestra bolsa de la compra reutilizable de PP tejido \u00abChristmas dog WOODY\u00bb 40 + 24 x 35 cm<\/p>\n","protected":false},"featured_media":245650,"template":"","meta":{"_acf_changed":false},"product_brand":[],"product_cat":[1150,1488,1844],"product_tag":[],"class_list":{"0":"post-23143","1":"product","2":"type-product","3":"status-publish","4":"has-post-thumbnail","6":"product_cat-envasado-de-alimentos","7":"product_cat-tienda-y-almacen","8":"product_cat-bolsos-boutique","10":"first","11":"instock","12":"taxable","13":"shipping-taxable","14":"purchasable","15":"product-type-simple"},"acf":[],"yoast_head":"<!-- This site is optimized with the Yoast SEO Premium plugin v26.6 (Yoast SEO v26.6) - https:\/\/yoast.com\/wordpress\/plugins\/seo\/ -->\n<title>Tote Bag &quot;No\u00ebl Chien WOODY&quot; PP Tejido 40 + 24 x 35 cm<\/title>\n<meta name=\"description\" content=\"Bolsa de Navidad reutilizable para perros WOODY en PP tejido. Resistente, festiva y pr\u00e1ctica, ideal para sus clientes durante las fiestas.\" \/>\n<meta name=\"robots\" content=\"index, follow, max-snippet:-1, max-image-preview:large, max-video-preview:-1\" \/>\n<link rel=\"canonical\" href=\"https:\/\/www.csj-emballages.com\/es\/produit\/1-bolsa-de-la-compra-reutilizable-de-pp-tejido-perro-de-navidad-woody-40-24-x-35-cm\/\" \/>\n<meta property=\"og:locale\" content=\"es_ES\" \/>\n<meta property=\"og:type\" content=\"article\" \/>\n<meta property=\"og:title\" content=\"Bolsa de Navidad para perros WOODY PP tejido reutilizable 40 + 24 x 35 cm\" \/>\n<meta property=\"og:description\" content=\"Bolsa de Navidad reutilizable para perros WOODY en PP tejido. Resistente, festiva y pr\u00e1ctica, ideal para sus clientes durante las fiestas.\" \/>\n<meta property=\"og:url\" content=\"https:\/\/www.csj-emballages.com\/es\/produit\/1-bolsa-de-la-compra-reutilizable-de-pp-tejido-perro-de-navidad-woody-40-24-x-35-cm\/\" \/>\n<meta property=\"og:site_name\" content=\"CSJ Emballages\" \/>\n<meta property=\"article:publisher\" content=\"https:\/\/www.facebook.com\/csjemballages\" \/>\n<meta property=\"article:modified_time\" content=\"2026-04-03T00:19:54+00:00\" \/>\n<meta property=\"og:image\" content=\"https:\/\/www.csj-emballages.com\/wp-content\/uploads\/2024\/03\/SACPPNOEL2022.webp\" \/>\n\t<meta property=\"og:image:width\" content=\"800\" \/>\n\t<meta property=\"og:image:height\" content=\"800\" \/>\n\t<meta property=\"og:image:type\" content=\"image\/webp\" \/>\n<meta name=\"twitter:card\" content=\"summary_large_image\" \/>\n<meta name=\"twitter:label1\" content=\"Tiempo de lectura\" \/>\n\t<meta name=\"twitter:data1\" content=\"2 minutos\" \/>\n<script type=\"application\/ld+json\" class=\"yoast-schema-graph\">{\"@context\":\"https:\/\/schema.org\",\"@graph\":[{\"@type\":\"WebPage\",\"@id\":\"https:\/\/www.csj-emballages.com\/es\/produit\/1-bolsa-de-la-compra-reutilizable-de-pp-tejido-perro-de-navidad-woody-40-24-x-35-cm\/\",\"url\":\"https:\/\/www.csj-emballages.com\/es\/produit\/1-bolsa-de-la-compra-reutilizable-de-pp-tejido-perro-de-navidad-woody-40-24-x-35-cm\/\",\"name\":\"Tote Bag \\\"No\u00ebl Chien WOODY\\\" PP Tejido 40 + 24 x 35 cm\",\"isPartOf\":{\"@id\":\"https:\/\/www.csj-emballages.com\/es\/#website\"},\"primaryImageOfPage\":{\"@id\":\"https:\/\/www.csj-emballages.com\/es\/produit\/1-bolsa-de-la-compra-reutilizable-de-pp-tejido-perro-de-navidad-woody-40-24-x-35-cm\/#primaryimage\"},\"image\":{\"@id\":\"https:\/\/www.csj-emballages.com\/es\/produit\/1-bolsa-de-la-compra-reutilizable-de-pp-tejido-perro-de-navidad-woody-40-24-x-35-cm\/#primaryimage\"},\"thumbnailUrl\":\"https:\/\/www.csj-emballages.com\/wp-content\/uploads\/2024\/03\/SACPPNOEL2022.webp\",\"datePublished\":\"2024-03-01T15:50:08+00:00\",\"dateModified\":\"2026-04-03T00:19:54+00:00\",\"description\":\"Bolsa de Navidad reutilizable para perros WOODY en PP tejido. Resistente, festiva y pr\u00e1ctica, ideal para sus clientes durante las fiestas.\",\"breadcrumb\":{\"@id\":\"https:\/\/www.csj-emballages.com\/es\/produit\/1-bolsa-de-la-compra-reutilizable-de-pp-tejido-perro-de-navidad-woody-40-24-x-35-cm\/#breadcrumb\"},\"inLanguage\":\"es\",\"potentialAction\":[{\"@type\":\"ReadAction\",\"target\":[\"https:\/\/www.csj-emballages.com\/es\/produit\/1-bolsa-de-la-compra-reutilizable-de-pp-tejido-perro-de-navidad-woody-40-24-x-35-cm\/\"]}]},{\"@type\":\"ImageObject\",\"inLanguage\":\"es\",\"@id\":\"https:\/\/www.csj-emballages.com\/es\/produit\/1-bolsa-de-la-compra-reutilizable-de-pp-tejido-perro-de-navidad-woody-40-24-x-35-cm\/#primaryimage\",\"url\":\"https:\/\/www.csj-emballages.com\/wp-content\/uploads\/2024\/03\/SACPPNOEL2022.webp\",\"contentUrl\":\"https:\/\/www.csj-emballages.com\/wp-content\/uploads\/2024\/03\/SACPPNOEL2022.webp\",\"width\":800,\"height\":800,\"caption\":\"Sac cabas\"},{\"@type\":\"BreadcrumbList\",\"@id\":\"https:\/\/www.csj-emballages.com\/es\/produit\/1-bolsa-de-la-compra-reutilizable-de-pp-tejido-perro-de-navidad-woody-40-24-x-35-cm\/#breadcrumb\",\"itemListElement\":[{\"@type\":\"ListItem\",\"position\":1,\"name\":\"Accueil\",\"item\":\"https:\/\/www.csj-emballages.com\/es\/universo-del-envasado-alimentario\/\"},{\"@type\":\"ListItem\",\"position\":2,\"name\":\"Tienda\",\"item\":\"https:\/\/www.csj-emballages.com\/tienda\/\"},{\"@type\":\"ListItem\",\"position\":3,\"name\":\"Bolsa de Navidad para perros WOODY PP tejido reutilizable 40 + 24 x 35 cm\"}]},{\"@type\":\"WebSite\",\"@id\":\"https:\/\/www.csj-emballages.com\/es\/#website\",\"url\":\"https:\/\/www.csj-emballages.com\/es\/\",\"name\":\"CSJ Emballages\",\"description\":\"\",\"publisher\":{\"@id\":\"https:\/\/www.csj-emballages.com\/es\/#organization\"},\"potentialAction\":[{\"@type\":\"SearchAction\",\"target\":{\"@type\":\"EntryPoint\",\"urlTemplate\":\"https:\/\/www.csj-emballages.com\/es\/?s={search_term_string}\"},\"query-input\":{\"@type\":\"PropertyValueSpecification\",\"valueRequired\":true,\"valueName\":\"search_term_string\"}}],\"inLanguage\":\"es\"},{\"@type\":\"Organization\",\"@id\":\"https:\/\/www.csj-emballages.com\/es\/#Organization\/\",\"name\":\"CSJ Emballages\",\"url\":\"https:\/\/www.csj-emballages.com\/es\/\",\"logo\":{\"@type\":\"ImageObject\",\"inLanguage\":\"es\",\"@id\":\"https:\/\/www.csj-emballages.com\/es\/#\/schema\/logo\/image\/\",\"url\":\"https:\/\/www.csj-emballages.com\/wp-content\/uploads\/2023\/10\/logo_csj.webp\",\"contentUrl\":\"https:\/\/www.csj-emballages.com\/wp-content\/uploads\/2023\/10\/logo_csj.webp\",\"width\":250,\"height\":95,\"caption\":\"CSJ Emballages\"},\"image\":{\"@id\":\"https:\/\/www.csj-emballages.com\/es\/#\/schema\/logo\/image\/\"},\"sameAs\":[\"https:\/\/www.facebook.com\/csjemballages\"],\"address\":{\"@type\":\"PostalAddress\",\"streetAddress\":\"ZI La Lechere\",\"addressLocality\":\"Patornay\",\"postalCode\":\"39130\",\"addressCountry\":\"FR\"},\"contactPoint\":[{\"@type\":\"ContactPoint\",\"contactType\":\"Service client\",\"telephone\":\"0384254272\",\"email\":\"contact@csj-emballages.com\"}]}]}<\/script>\n<!-- \/ Yoast SEO Premium plugin. -->","yoast_head_json":{"title":"Tote Bag \"No\u00ebl Chien WOODY\" PP Tejido 40 + 24 x 35 cm","description":"Bolsa de Navidad reutilizable para perros WOODY en PP tejido. Resistente, festiva y pr\u00e1ctica, ideal para sus clientes durante las fiestas.","robots":{"index":"index","follow":"follow","max-snippet":"max-snippet:-1","max-image-preview":"max-image-preview:large","max-video-preview":"max-video-preview:-1"},"canonical":"https:\/\/www.csj-emballages.com\/es\/produit\/1-bolsa-de-la-compra-reutilizable-de-pp-tejido-perro-de-navidad-woody-40-24-x-35-cm\/","og_locale":"es_ES","og_type":"article","og_title":"Bolsa de Navidad para perros WOODY PP tejido reutilizable 40 + 24 x 35 cm","og_description":"Bolsa de Navidad reutilizable para perros WOODY en PP tejido. Resistente, festiva y pr\u00e1ctica, ideal para sus clientes durante las fiestas.","og_url":"https:\/\/www.csj-emballages.com\/es\/produit\/1-bolsa-de-la-compra-reutilizable-de-pp-tejido-perro-de-navidad-woody-40-24-x-35-cm\/","og_site_name":"CSJ Emballages","article_publisher":"https:\/\/www.facebook.com\/csjemballages","article_modified_time":"2026-04-03T00:19:54+00:00","og_image":[{"width":800,"height":800,"url":"https:\/\/www.csj-emballages.com\/wp-content\/uploads\/2024\/03\/SACPPNOEL2022.webp","type":"image\/webp"}],"twitter_card":"summary_large_image","twitter_misc":{"Tiempo de lectura":"2 minutos"},"schema":{"@context":"https:\/\/schema.org","@graph":[{"@type":"WebPage","@id":"https:\/\/www.csj-emballages.com\/es\/produit\/1-bolsa-de-la-compra-reutilizable-de-pp-tejido-perro-de-navidad-woody-40-24-x-35-cm\/","url":"https:\/\/www.csj-emballages.com\/es\/produit\/1-bolsa-de-la-compra-reutilizable-de-pp-tejido-perro-de-navidad-woody-40-24-x-35-cm\/","name":"Tote Bag \"No\u00ebl Chien WOODY\" PP Tejido 40 + 24 x 35 cm","isPartOf":{"@id":"https:\/\/www.csj-emballages.com\/es\/#website"},"primaryImageOfPage":{"@id":"https:\/\/www.csj-emballages.com\/es\/produit\/1-bolsa-de-la-compra-reutilizable-de-pp-tejido-perro-de-navidad-woody-40-24-x-35-cm\/#primaryimage"},"image":{"@id":"https:\/\/www.csj-emballages.com\/es\/produit\/1-bolsa-de-la-compra-reutilizable-de-pp-tejido-perro-de-navidad-woody-40-24-x-35-cm\/#primaryimage"},"thumbnailUrl":"https:\/\/www.csj-emballages.com\/wp-content\/uploads\/2024\/03\/SACPPNOEL2022.webp","datePublished":"2024-03-01T15:50:08+00:00","dateModified":"2026-04-03T00:19:54+00:00","description":"Bolsa de Navidad reutilizable para perros WOODY en PP tejido. Resistente, festiva y pr\u00e1ctica, ideal para sus clientes durante las fiestas.","breadcrumb":{"@id":"https:\/\/www.csj-emballages.com\/es\/produit\/1-bolsa-de-la-compra-reutilizable-de-pp-tejido-perro-de-navidad-woody-40-24-x-35-cm\/#breadcrumb"},"inLanguage":"es","potentialAction":[{"@type":"ReadAction","target":["https:\/\/www.csj-emballages.com\/es\/produit\/1-bolsa-de-la-compra-reutilizable-de-pp-tejido-perro-de-navidad-woody-40-24-x-35-cm\/"]}]},{"@type":"ImageObject","inLanguage":"es","@id":"https:\/\/www.csj-emballages.com\/es\/produit\/1-bolsa-de-la-compra-reutilizable-de-pp-tejido-perro-de-navidad-woody-40-24-x-35-cm\/#primaryimage","url":"https:\/\/www.csj-emballages.com\/wp-content\/uploads\/2024\/03\/SACPPNOEL2022.webp","contentUrl":"https:\/\/www.csj-emballages.com\/wp-content\/uploads\/2024\/03\/SACPPNOEL2022.webp","width":800,"height":800,"caption":"Sac cabas"},{"@type":"BreadcrumbList","@id":"https:\/\/www.csj-emballages.com\/es\/produit\/1-bolsa-de-la-compra-reutilizable-de-pp-tejido-perro-de-navidad-woody-40-24-x-35-cm\/#breadcrumb","itemListElement":[{"@type":"ListItem","position":1,"name":"Accueil","item":"https:\/\/www.csj-emballages.com\/es\/universo-del-envasado-alimentario\/"},{"@type":"ListItem","position":2,"name":"Tienda","item":"https:\/\/www.csj-emballages.com\/tienda\/"},{"@type":"ListItem","position":3,"name":"Bolsa de Navidad para perros WOODY PP tejido reutilizable 40 + 24 x 35 cm"}]},{"@type":"WebSite","@id":"https:\/\/www.csj-emballages.com\/es\/#website","url":"https:\/\/www.csj-emballages.com\/es\/","name":"CSJ Emballages","description":"","publisher":{"@id":"https:\/\/www.csj-emballages.com\/es\/#organization"},"potentialAction":[{"@type":"SearchAction","target":{"@type":"EntryPoint","urlTemplate":"https:\/\/www.csj-emballages.com\/es\/?s={search_term_string}"},"query-input":{"@type":"PropertyValueSpecification","valueRequired":true,"valueName":"search_term_string"}}],"inLanguage":"es"},{"@type":"Organization","@id":"https:\/\/www.csj-emballages.com\/es\/#Organization\/","name":"CSJ Emballages","url":"https:\/\/www.csj-emballages.com\/es\/","logo":{"@type":"ImageObject","inLanguage":"es","@id":"https:\/\/www.csj-emballages.com\/es\/#\/schema\/logo\/image\/","url":"https:\/\/www.csj-emballages.com\/wp-content\/uploads\/2023\/10\/logo_csj.webp","contentUrl":"https:\/\/www.csj-emballages.com\/wp-content\/uploads\/2023\/10\/logo_csj.webp","width":250,"height":95,"caption":"CSJ Emballages"},"image":{"@id":"https:\/\/www.csj-emballages.com\/es\/#\/schema\/logo\/image\/"},"sameAs":["https:\/\/www.facebook.com\/csjemballages"],"address":{"@type":"PostalAddress","streetAddress":"ZI La Lechere","addressLocality":"Patornay","postalCode":"39130","addressCountry":"FR"},"contactPoint":[{"@type":"ContactPoint","contactType":"Service client","telephone":"0384254272","email":"contact@csj-emballages.com"}]}]}},"df_price":1.33,"df_sale_price":"","df_regular_price":1.33,"df_image_link":"https:\/\/www.csj-emballages.com\/wp-content\/uploads\/2024\/03\/SACPPNOEL2022-300x300.webp","tiered_pricing_type":"fixed","tiered_pricing_fixed_rules":[],"tiered_pricing_percentage_rules":[],"tiered_pricing_minimum":1,"tiered_pricing_roles_data":[],"_links":{"self":[{"href":"https:\/\/www.csj-emballages.com\/es\/wp-json\/wp\/v2\/product\/23143","targetHints":{"allow":["GET"]}}],"collection":[{"href":"https:\/\/www.csj-emballages.com\/es\/wp-json\/wp\/v2\/product"}],"about":[{"href":"https:\/\/www.csj-emballages.com\/es\/wp-json\/wp\/v2\/types\/product"}],"wp:featuredmedia":[{"embeddable":true,"href":"https:\/\/www.csj-emballages.com\/es\/wp-json\/wp\/v2\/media\/245650"}],"wp:attachment":[{"href":"https:\/\/www.csj-emballages.com\/es\/wp-json\/wp\/v2\/media?parent=23143"}],"wp:term":[{"taxonomy":"product_brand","embeddable":true,"href":"https:\/\/www.csj-emballages.com\/es\/wp-json\/wp\/v2\/product_brand?post=23143"},{"taxonomy":"product_cat","embeddable":true,"href":"https:\/\/www.csj-emballages.com\/es\/wp-json\/wp\/v2\/product_cat?post=23143"},{"taxonomy":"product_tag","embeddable":true,"href":"https:\/\/www.csj-emballages.com\/es\/wp-json\/wp\/v2\/product_tag?post=23143"}],"curies":[{"name":"wp","href":"https:\/\/api.w.org\/{rel}","templated":true}]}}