{"id":23137,"date":"2024-03-01T16:50:09","date_gmt":"2024-03-01T15:50:09","guid":{"rendered":"https:\/\/u15jnbdpoq.preview.infomaniak.website\/produit\/1000-ws-bolsas-de-fruta-kraft-de-3-kg-20-9-x-36-cm\/"},"modified":"2026-04-29T02:17:34","modified_gmt":"2026-04-29T00:17:34","slug":"1000-ws-bolsas-de-fruta-kraft-de-3-kg-20-9-x-36-cm","status":"publish","type":"product","link":"https:\/\/www.csj-emballages.com\/es\/produit\/1000-ws-bolsas-de-fruta-kraft-de-3-kg-20-9-x-36-cm\/","title":{"rendered":"WS Bolsa de fruta kraft de 3 kg 20 + 9 x 36 cm por 1000"},"content":{"rendered":"<h2 class=\"ai-optimize-26\">Bolsa de fruta<\/h2>\n<hr>\n<h3 class=\"ai-optimize-27\">Descripci\u00f3n de nuestro WS 3 kg kraft bolsa de fruta 20 + 9 x 36 cm por 1000<\/h3>\n<p><!--more--><\/p>\n<div class=\"flex flex-grow flex-col max-w-full\">\n<div class=\"min-h-[20px] text-message flex flex-col items-start whitespace-pre-wrap break-words [.text-message+&amp;]:mt-5 juice:w-full juice:items-end overflow-x-auto gap-2\" dir=\"auto\" data-message-author-role=\"assistant\" data-message-id=\"3a536f7e-879d-4f2d-9ebb-28d2279e1068\">\n<div class=\"flex w-full flex-col gap-1 juice:empty:hidden juice:first:pt-[3px]\">\n<div class=\"markdown prose w-full break-words dark:prose-invert light\">\n<p class=\"ai-optimize-35 ai-optimize-introduction\" data-start=\"219\" data-end=\"500\">Dise\u00f1ada para responder a las exigencias de los profesionales de la alimentaci\u00f3n, esta <strong data-start=\"293\" data-end=\"321\">bolsa de fruta kraft WS<\/strong> es ideal para envasar y vender fruta y verdura a granel. Fabricada con <strong data-start=\"410\" data-end=\"437\">papel kraft de calidad<\/strong>, combina robustez, practicidad y respeto por el medio ambiente. <\/p>\n<p class=\"ai-optimize-36\" data-start=\"502\" data-end=\"820\">Mide <strong data-start=\"517\" data-end=\"535\">20 + 9 x 36 cm<\/strong> y tiene una <strong data-start=\"550\" data-end=\"570\">capacidad de 3 kg<\/strong>, por lo que es ideal para mercados, tiendas de comestibles, tiendas ecol\u00f3gicas o supermercados. Su <strong data-start=\"668\" data-end=\"696\">fuelle lateral de 9 cm<\/strong> sujeta bien los productos y es f\u00e1cil de llenar, sin riesgo de desgarros gracias a su resistente papel kraft. <\/p>\n<p class=\"ai-optimize-37\" data-start=\"822\" data-end=\"1110\">Su color natural inspira confianza y realza el valor de sus productos, al tiempo que transmite una imagen <strong data-start=\"916\" data-end=\"935\">ecorresponsable<\/strong> a sus clientes. Esta bolsa tambi\u00e9n puede ser utilizada por <strong data-start=\"998\" data-end=\"1014\">particulares<\/strong> que busquen una alternativa sostenible a las bolsas de pl\u00e1stico para la compra o el huerto. <\/p>\n<p class=\"ai-optimize-38\" data-start=\"1112\" data-end=\"1295\">Envasado en <strong data-start=\"1128\" data-end=\"1143\">lotes de 1.000 unidades<\/strong>, este producto es perfecto para grandes vol\u00famenes. Es f\u00e1cil de almacenar y distribuir, y ofrece una excelente relaci\u00f3n calidad-precio. <\/p>\n<p class=\"ai-optimize-39\" data-start=\"1297\" data-end=\"1477\">La bolsa de fruta kraft WS es una soluci\u00f3n <strong data-start=\"1342\" data-end=\"1375\">fiable, sencilla y responsable<\/strong>, dise\u00f1ada para facilitar el d\u00eda a d\u00eda de los profesionales y reducir al mismo tiempo su impacto medioambiental.<\/p>\n<\/div>\n<\/div>\n<\/div>\n<\/div>\n<h4><\/h4>\n<p><!--more--><\/p>\n<h4 class=\"ai-optimize-30\">Sus ventajas:<\/h4>\n<ul>\n<li class=\"ai-optimize-33\">Papel kraft resistente y duradero.<\/li>\n<li class=\"ai-optimize-45\">Capacidad de 3 kg: ideal para fruta, verdura o productos a granel.<\/li>\n<li class=\"ai-optimize-46\">Pr\u00e1cticos fuelles laterales para el relleno.<\/li>\n<li class=\"ai-optimize-47\">Un look natural que realza la tendencia ecol\u00f3gica.<\/li>\n<li class=\"ai-optimize-48\"><strong>Paquete a granel<\/strong>: 1000 bolsas para uso profesional.<\/li>\n<\/ul>\n<p>&nbsp;<\/p>\n<p><!--more--><\/p>\n<h4 class=\"ai-optimize-40\">Informaci\u00f3n adicional :<\/h4>\n<ul>\n<li class=\"ai-optimize-41\"><strong>Embalaje<\/strong>: Caja de 1000<\/li>\n<li class=\"ai-optimize-42\"><strong>Dimensiones<\/strong>: 20 + 9 x 36 cm<\/li>\n<li class=\"ai-optimize-43\"><strong>Material<\/strong>: Papel kraft<\/li>\n<li class=\"ai-optimize-44\"><strong>Color<\/strong>: Kraft \/ Decors<\/li>\n<\/ul>\n<p>&nbsp;<\/p>\n<p><!--more--><\/p>\n<p class=\"ai-optimize-34\"><a href=\"https:\/\/u15jnbdpoq.preview.infomaniak.website\/categorie-produit\/emballages\/boucherie-traiteur-primeur\/sacs-et-sachets\/sachets-fruits-legumes\/\">Ver el resto de nuestra gama de bolsas para fruta<\/a><\/p>\n","protected":false},"excerpt":{"rendered":"<p>Bolsa de fruta Descripci\u00f3n de nuestro WS 3 kg kraft bolsa de fruta 20 + 9 x 36 cm por 1000<\/p>\n","protected":false},"featured_media":209332,"template":"","meta":{"_acf_changed":false},"product_brand":[],"product_cat":[1143,3359],"product_tag":[],"class_list":{"0":"post-23137","1":"product","2":"type-product","3":"status-publish","4":"has-post-thumbnail","6":"product_cat-carniceria-y-charcuteria","7":"product_cat-bolsas-para-frutas-y-verduras","9":"first","10":"instock","11":"taxable","12":"shipping-taxable","13":"purchasable","14":"product-type-simple"},"acf":[],"yoast_head":"<!-- This site is optimized with the Yoast SEO Premium plugin v26.6 (Yoast SEO v26.6) - https:\/\/yoast.com\/wordpress\/plugins\/seo\/ -->\n<title>WS Kraft Fruit Bag 3 kg 20 + 9 x 36 cm por 1000<\/title>\n<meta name=\"description\" content=\"Bolsa kraft para fruta de 3 kg (20 + 9 x 36 cm), paquete de 1000. Resistente, pr\u00e1ctica y eco-responsable, ideal para frutas y verduras.\" \/>\n<meta name=\"robots\" content=\"index, follow, max-snippet:-1, max-image-preview:large, max-video-preview:-1\" \/>\n<link rel=\"canonical\" href=\"https:\/\/www.csj-emballages.com\/es\/produit\/1000-ws-bolsas-de-fruta-kraft-de-3-kg-20-9-x-36-cm\/\" \/>\n<meta property=\"og:locale\" content=\"es_ES\" \/>\n<meta property=\"og:type\" content=\"article\" \/>\n<meta property=\"og:title\" content=\"WS Bolsa de fruta kraft de 3 kg 20 + 9 x 36 cm por 1000\" \/>\n<meta property=\"og:description\" content=\"Bolsa kraft para fruta de 3 kg (20 + 9 x 36 cm), paquete de 1000. Resistente, pr\u00e1ctica y eco-responsable, ideal para frutas y verduras.\" \/>\n<meta property=\"og:url\" content=\"https:\/\/www.csj-emballages.com\/es\/produit\/1000-ws-bolsas-de-fruta-kraft-de-3-kg-20-9-x-36-cm\/\" \/>\n<meta property=\"og:site_name\" content=\"CSJ Emballages\" \/>\n<meta property=\"article:publisher\" content=\"https:\/\/www.facebook.com\/csjemballages\" \/>\n<meta property=\"article:modified_time\" content=\"2026-04-29T00:17:34+00:00\" \/>\n<meta property=\"og:image\" content=\"https:\/\/www.csj-emballages.com\/wp-content\/uploads\/2024\/03\/Sac-fruit.webp\" \/>\n\t<meta property=\"og:image:width\" content=\"800\" \/>\n\t<meta property=\"og:image:height\" content=\"800\" \/>\n\t<meta property=\"og:image:type\" content=\"image\/webp\" \/>\n<meta name=\"twitter:card\" content=\"summary_large_image\" \/>\n<meta name=\"twitter:label1\" content=\"Tiempo de lectura\" \/>\n\t<meta name=\"twitter:data1\" content=\"1 minuto\" \/>\n<script type=\"application\/ld+json\" class=\"yoast-schema-graph\">{\"@context\":\"https:\/\/schema.org\",\"@graph\":[{\"@type\":\"WebPage\",\"@id\":\"https:\/\/www.csj-emballages.com\/es\/produit\/1000-ws-bolsas-de-fruta-kraft-de-3-kg-20-9-x-36-cm\/\",\"url\":\"https:\/\/www.csj-emballages.com\/es\/produit\/1000-ws-bolsas-de-fruta-kraft-de-3-kg-20-9-x-36-cm\/\",\"name\":\"WS Kraft Fruit Bag 3 kg 20 + 9 x 36 cm por 1000\",\"isPartOf\":{\"@id\":\"https:\/\/www.csj-emballages.com\/es\/#website\"},\"primaryImageOfPage\":{\"@id\":\"https:\/\/www.csj-emballages.com\/es\/produit\/1000-ws-bolsas-de-fruta-kraft-de-3-kg-20-9-x-36-cm\/#primaryimage\"},\"image\":{\"@id\":\"https:\/\/www.csj-emballages.com\/es\/produit\/1000-ws-bolsas-de-fruta-kraft-de-3-kg-20-9-x-36-cm\/#primaryimage\"},\"thumbnailUrl\":\"https:\/\/www.csj-emballages.com\/wp-content\/uploads\/2024\/03\/Sac-fruit.webp\",\"datePublished\":\"2024-03-01T15:50:09+00:00\",\"dateModified\":\"2026-04-29T00:17:34+00:00\",\"description\":\"Bolsa kraft para fruta de 3 kg (20 + 9 x 36 cm), paquete de 1000. Resistente, pr\u00e1ctica y eco-responsable, ideal para frutas y verduras.\",\"breadcrumb\":{\"@id\":\"https:\/\/www.csj-emballages.com\/es\/produit\/1000-ws-bolsas-de-fruta-kraft-de-3-kg-20-9-x-36-cm\/#breadcrumb\"},\"inLanguage\":\"es\",\"potentialAction\":[{\"@type\":\"ReadAction\",\"target\":[\"https:\/\/www.csj-emballages.com\/es\/produit\/1000-ws-bolsas-de-fruta-kraft-de-3-kg-20-9-x-36-cm\/\"]}]},{\"@type\":\"ImageObject\",\"inLanguage\":\"es\",\"@id\":\"https:\/\/www.csj-emballages.com\/es\/produit\/1000-ws-bolsas-de-fruta-kraft-de-3-kg-20-9-x-36-cm\/#primaryimage\",\"url\":\"https:\/\/www.csj-emballages.com\/wp-content\/uploads\/2024\/03\/Sac-fruit.webp\",\"contentUrl\":\"https:\/\/www.csj-emballages.com\/wp-content\/uploads\/2024\/03\/Sac-fruit.webp\",\"width\":800,\"height\":800,\"caption\":\"sac fruit\"},{\"@type\":\"BreadcrumbList\",\"@id\":\"https:\/\/www.csj-emballages.com\/es\/produit\/1000-ws-bolsas-de-fruta-kraft-de-3-kg-20-9-x-36-cm\/#breadcrumb\",\"itemListElement\":[{\"@type\":\"ListItem\",\"position\":1,\"name\":\"Accueil\",\"item\":\"https:\/\/www.csj-emballages.com\/es\/universo-del-envasado-alimentario\/\"},{\"@type\":\"ListItem\",\"position\":2,\"name\":\"Tienda\",\"item\":\"https:\/\/www.csj-emballages.com\/tienda\/\"},{\"@type\":\"ListItem\",\"position\":3,\"name\":\"WS Bolsa de fruta kraft de 3 kg 20 + 9 x 36 cm por 1000\"}]},{\"@type\":\"WebSite\",\"@id\":\"https:\/\/www.csj-emballages.com\/es\/#website\",\"url\":\"https:\/\/www.csj-emballages.com\/es\/\",\"name\":\"CSJ Emballages\",\"description\":\"\",\"publisher\":{\"@id\":\"https:\/\/www.csj-emballages.com\/es\/#organization\"},\"potentialAction\":[{\"@type\":\"SearchAction\",\"target\":{\"@type\":\"EntryPoint\",\"urlTemplate\":\"https:\/\/www.csj-emballages.com\/es\/?s={search_term_string}\"},\"query-input\":{\"@type\":\"PropertyValueSpecification\",\"valueRequired\":true,\"valueName\":\"search_term_string\"}}],\"inLanguage\":\"es\"},{\"@type\":\"Organization\",\"@id\":\"https:\/\/www.csj-emballages.com\/es\/#Organization\/\",\"name\":\"CSJ Emballages\",\"url\":\"https:\/\/www.csj-emballages.com\/es\/\",\"logo\":{\"@type\":\"ImageObject\",\"inLanguage\":\"es\",\"@id\":\"https:\/\/www.csj-emballages.com\/es\/#\/schema\/logo\/image\/\",\"url\":\"https:\/\/www.csj-emballages.com\/wp-content\/uploads\/2023\/10\/logo_csj.webp\",\"contentUrl\":\"https:\/\/www.csj-emballages.com\/wp-content\/uploads\/2023\/10\/logo_csj.webp\",\"width\":250,\"height\":95,\"caption\":\"CSJ Emballages\"},\"image\":{\"@id\":\"https:\/\/www.csj-emballages.com\/es\/#\/schema\/logo\/image\/\"},\"sameAs\":[\"https:\/\/www.facebook.com\/csjemballages\"],\"address\":{\"@type\":\"PostalAddress\",\"streetAddress\":\"ZI La Lechere\",\"addressLocality\":\"Patornay\",\"postalCode\":\"39130\",\"addressCountry\":\"FR\"},\"contactPoint\":[{\"@type\":\"ContactPoint\",\"contactType\":\"Service client\",\"telephone\":\"0384254272\",\"email\":\"contact@csj-emballages.com\"}]}]}<\/script>\n<!-- \/ Yoast SEO Premium plugin. -->","yoast_head_json":{"title":"WS Kraft Fruit Bag 3 kg 20 + 9 x 36 cm por 1000","description":"Bolsa kraft para fruta de 3 kg (20 + 9 x 36 cm), paquete de 1000. Resistente, pr\u00e1ctica y eco-responsable, ideal para frutas y verduras.","robots":{"index":"index","follow":"follow","max-snippet":"max-snippet:-1","max-image-preview":"max-image-preview:large","max-video-preview":"max-video-preview:-1"},"canonical":"https:\/\/www.csj-emballages.com\/es\/produit\/1000-ws-bolsas-de-fruta-kraft-de-3-kg-20-9-x-36-cm\/","og_locale":"es_ES","og_type":"article","og_title":"WS Bolsa de fruta kraft de 3 kg 20 + 9 x 36 cm por 1000","og_description":"Bolsa kraft para fruta de 3 kg (20 + 9 x 36 cm), paquete de 1000. Resistente, pr\u00e1ctica y eco-responsable, ideal para frutas y verduras.","og_url":"https:\/\/www.csj-emballages.com\/es\/produit\/1000-ws-bolsas-de-fruta-kraft-de-3-kg-20-9-x-36-cm\/","og_site_name":"CSJ Emballages","article_publisher":"https:\/\/www.facebook.com\/csjemballages","article_modified_time":"2026-04-29T00:17:34+00:00","og_image":[{"width":800,"height":800,"url":"https:\/\/www.csj-emballages.com\/wp-content\/uploads\/2024\/03\/Sac-fruit.webp","type":"image\/webp"}],"twitter_card":"summary_large_image","twitter_misc":{"Tiempo de lectura":"1 minuto"},"schema":{"@context":"https:\/\/schema.org","@graph":[{"@type":"WebPage","@id":"https:\/\/www.csj-emballages.com\/es\/produit\/1000-ws-bolsas-de-fruta-kraft-de-3-kg-20-9-x-36-cm\/","url":"https:\/\/www.csj-emballages.com\/es\/produit\/1000-ws-bolsas-de-fruta-kraft-de-3-kg-20-9-x-36-cm\/","name":"WS Kraft Fruit Bag 3 kg 20 + 9 x 36 cm por 1000","isPartOf":{"@id":"https:\/\/www.csj-emballages.com\/es\/#website"},"primaryImageOfPage":{"@id":"https:\/\/www.csj-emballages.com\/es\/produit\/1000-ws-bolsas-de-fruta-kraft-de-3-kg-20-9-x-36-cm\/#primaryimage"},"image":{"@id":"https:\/\/www.csj-emballages.com\/es\/produit\/1000-ws-bolsas-de-fruta-kraft-de-3-kg-20-9-x-36-cm\/#primaryimage"},"thumbnailUrl":"https:\/\/www.csj-emballages.com\/wp-content\/uploads\/2024\/03\/Sac-fruit.webp","datePublished":"2024-03-01T15:50:09+00:00","dateModified":"2026-04-29T00:17:34+00:00","description":"Bolsa kraft para fruta de 3 kg (20 + 9 x 36 cm), paquete de 1000. Resistente, pr\u00e1ctica y eco-responsable, ideal para frutas y verduras.","breadcrumb":{"@id":"https:\/\/www.csj-emballages.com\/es\/produit\/1000-ws-bolsas-de-fruta-kraft-de-3-kg-20-9-x-36-cm\/#breadcrumb"},"inLanguage":"es","potentialAction":[{"@type":"ReadAction","target":["https:\/\/www.csj-emballages.com\/es\/produit\/1000-ws-bolsas-de-fruta-kraft-de-3-kg-20-9-x-36-cm\/"]}]},{"@type":"ImageObject","inLanguage":"es","@id":"https:\/\/www.csj-emballages.com\/es\/produit\/1000-ws-bolsas-de-fruta-kraft-de-3-kg-20-9-x-36-cm\/#primaryimage","url":"https:\/\/www.csj-emballages.com\/wp-content\/uploads\/2024\/03\/Sac-fruit.webp","contentUrl":"https:\/\/www.csj-emballages.com\/wp-content\/uploads\/2024\/03\/Sac-fruit.webp","width":800,"height":800,"caption":"sac fruit"},{"@type":"BreadcrumbList","@id":"https:\/\/www.csj-emballages.com\/es\/produit\/1000-ws-bolsas-de-fruta-kraft-de-3-kg-20-9-x-36-cm\/#breadcrumb","itemListElement":[{"@type":"ListItem","position":1,"name":"Accueil","item":"https:\/\/www.csj-emballages.com\/es\/universo-del-envasado-alimentario\/"},{"@type":"ListItem","position":2,"name":"Tienda","item":"https:\/\/www.csj-emballages.com\/tienda\/"},{"@type":"ListItem","position":3,"name":"WS Bolsa de fruta kraft de 3 kg 20 + 9 x 36 cm por 1000"}]},{"@type":"WebSite","@id":"https:\/\/www.csj-emballages.com\/es\/#website","url":"https:\/\/www.csj-emballages.com\/es\/","name":"CSJ Emballages","description":"","publisher":{"@id":"https:\/\/www.csj-emballages.com\/es\/#organization"},"potentialAction":[{"@type":"SearchAction","target":{"@type":"EntryPoint","urlTemplate":"https:\/\/www.csj-emballages.com\/es\/?s={search_term_string}"},"query-input":{"@type":"PropertyValueSpecification","valueRequired":true,"valueName":"search_term_string"}}],"inLanguage":"es"},{"@type":"Organization","@id":"https:\/\/www.csj-emballages.com\/es\/#Organization\/","name":"CSJ Emballages","url":"https:\/\/www.csj-emballages.com\/es\/","logo":{"@type":"ImageObject","inLanguage":"es","@id":"https:\/\/www.csj-emballages.com\/es\/#\/schema\/logo\/image\/","url":"https:\/\/www.csj-emballages.com\/wp-content\/uploads\/2023\/10\/logo_csj.webp","contentUrl":"https:\/\/www.csj-emballages.com\/wp-content\/uploads\/2023\/10\/logo_csj.webp","width":250,"height":95,"caption":"CSJ Emballages"},"image":{"@id":"https:\/\/www.csj-emballages.com\/es\/#\/schema\/logo\/image\/"},"sameAs":["https:\/\/www.facebook.com\/csjemballages"],"address":{"@type":"PostalAddress","streetAddress":"ZI La Lechere","addressLocality":"Patornay","postalCode":"39130","addressCountry":"FR"},"contactPoint":[{"@type":"ContactPoint","contactType":"Service client","telephone":"0384254272","email":"contact@csj-emballages.com"}]}]}},"df_price":29.9,"df_sale_price":"","df_regular_price":29.9,"df_image_link":"https:\/\/www.csj-emballages.com\/wp-content\/uploads\/2024\/03\/Sac-fruit-300x300.webp","tiered_pricing_type":"fixed","tiered_pricing_fixed_rules":[],"tiered_pricing_percentage_rules":[],"tiered_pricing_minimum":1,"tiered_pricing_roles_data":[],"_links":{"self":[{"href":"https:\/\/www.csj-emballages.com\/es\/wp-json\/wp\/v2\/product\/23137","targetHints":{"allow":["GET"]}}],"collection":[{"href":"https:\/\/www.csj-emballages.com\/es\/wp-json\/wp\/v2\/product"}],"about":[{"href":"https:\/\/www.csj-emballages.com\/es\/wp-json\/wp\/v2\/types\/product"}],"wp:featuredmedia":[{"embeddable":true,"href":"https:\/\/www.csj-emballages.com\/es\/wp-json\/wp\/v2\/media\/209332"}],"wp:attachment":[{"href":"https:\/\/www.csj-emballages.com\/es\/wp-json\/wp\/v2\/media?parent=23137"}],"wp:term":[{"taxonomy":"product_brand","embeddable":true,"href":"https:\/\/www.csj-emballages.com\/es\/wp-json\/wp\/v2\/product_brand?post=23137"},{"taxonomy":"product_cat","embeddable":true,"href":"https:\/\/www.csj-emballages.com\/es\/wp-json\/wp\/v2\/product_cat?post=23137"},{"taxonomy":"product_tag","embeddable":true,"href":"https:\/\/www.csj-emballages.com\/es\/wp-json\/wp\/v2\/product_tag?post=23137"}],"curies":[{"name":"wp","href":"https:\/\/api.w.org\/{rel}","templated":true}]}}