{"id":23136,"date":"2024-03-01T16:50:09","date_gmt":"2024-03-01T15:50:09","guid":{"rendered":"https:\/\/u15jnbdpoq.preview.infomaniak.website\/produit\/1000-bolsas-de-brioche-marron-25-7-x-35-cm\/"},"modified":"2026-05-01T02:14:21","modified_gmt":"2026-05-01T00:14:21","slug":"1000-bolsas-de-brioche-marron-25-7-x-35-cm","status":"publish","type":"product","link":"https:\/\/www.csj-emballages.com\/es\/produit\/1000-bolsas-de-brioche-marron-25-7-x-35-cm\/","title":{"rendered":"Bolsa de brioche marr\u00f3n tama\u00f1o 25 + 7 x 35 cm 107 por 1000"},"content":{"rendered":"<h2>Bolsa brioche<\/h2>\n<div style=\"box-sizing: inherit; font-family: Roboto, sans-serif;\">\n<div style=\"box-sizing: inherit; font-family: Roboto, sans-serif;\">\n<div style=\"box-sizing: inherit; font-family: Roboto, sans-serif;\">\n<div style=\"box-sizing: inherit; font-family: Roboto, sans-serif;\">\n<div style=\"box-sizing: inherit; font-family: Roboto, sans-serif;\">\n<div style=\"box-sizing: inherit; font-family: Roboto, sans-serif;\">\n<hr>\n<h3>Descripci\u00f3n de nuestra bolsa de brioche marr\u00f3n tama\u00f1o 25 + 7 x 35 cm 107 por 1000<\/h3>\n<p><!--more--><\/p>\n<p data-start=\"157\" data-end=\"610\">No hay nada como una pr\u00e1ctica y atractiva <strong data-start=\"247\" data-end=\"267\">bolsa de brioche marr\u00f3n<\/strong> para presumir de sus deliciosos brioches, panes o boller\u00eda. Con unas medidas <g id=\"gid_1\">de 25 + 7 x 35 cm (tama\u00f1o 107)<\/g>, est\u00e1 especialmente dise\u00f1ada para guardar sus productos de panader\u00eda de forma sencilla y profesional. Su color marr\u00f3n le confiere un aspecto natural y aut\u00e9ntico, ideal para una presentaci\u00f3n artesanal que seduce por igual a panaderos y clientes.  <\/p>\n<p data-start=\"612\" data-end=\"1099\">Gracias a su <strong data-start=\"624\" data-end=\"652\">fuelle lateral de 7 cm<\/strong>, esta bolsa ofrece espacio extra para bollos grandes o varias piezas a la vez. Combina <g id=\"gid_1\">funcionalidad<\/g> y <g id=\"gid_2\">robustez<\/g>, sin dejar de ser ligera y pr\u00e1ctica de manejar en el d\u00eda a d\u00eda. Adem\u00e1s, envasada en <strong data-start=\"914\" data-end=\"929\">1.000 unidades<\/strong>, este formato econ\u00f3mico se adapta perfectamente a las necesidades de los comerciantes.  <\/p>\n<p data-start=\"1101\" data-end=\"1430\">Su composici\u00f3n de papel marr\u00f3n es reciclable y respetuosa con el medio ambiente, en l\u00ednea con las expectativas actuales de los consumidores sobre la reducci\u00f3n de los residuos pl\u00e1sticos. Al elegir este tipo de bolsa, no s\u00f3lo est\u00e1 combinando <strong data-start=\"1348\" data-end=\"1359\">calidad<\/strong> y <strong data-start=\"1363\" data-end=\"1377\">est\u00e9tica<\/strong>, sino que tambi\u00e9n est\u00e1 adoptando un enfoque verdaderamente <strong data-start=\"1413\" data-end=\"1427\">ecol\u00f3gico<\/strong>. <\/p>\n<p data-start=\"1432\" data-end=\"1784\">En resumen, la <strong>bolsa de brioche marr\u00f3n<\/strong> es mucho m\u00e1s que un simple embalaje: es una verdadera forma de promocionar sus productos, reforzar la imagen tradicional de su establecimiento y ofrecer a sus clientes una agradable experiencia de compra. Una elecci\u00f3n pr\u00e1ctica, duradera e indispensable para todos los profesionales de la panader\u00eda y la boller\u00eda. <\/p>\n<p data-start=\"1432\" data-end=\"1784\">\n<\/div>\n<p data-start=\"1432\" data-end=\"1784\"><!--more--><\/p>\n<\/div>\n<h4 data-start=\"1432\" data-end=\"1784\">Ventajas :<\/h4>\n<ul>\n<li>Dimensiones pr\u00e1cticas para brioches y viennoiseries.<\/li>\n<li>Fuelle de 7 cm para m\u00e1s espacio.<\/li>\n<li>Papel de estraza reciclable y respetuoso con el medio ambiente.<\/li>\n<li>Un aspecto natural y aut\u00e9ntico que realza el valor de sus productos.<\/li>\n<li>Envasado econ\u00f3mico en lotes de 1000 bolsas.<\/li>\n<\/ul>\n<\/div>\n<\/div>\n<p>&nbsp;<\/p>\n<p><!--more--><\/p>\n<p><strong>Informaci\u00f3n adicional<\/strong>:<\/p>\n<ul>\n<li><strong>Envase<\/strong>: Paquete de 1000<\/li>\n<li><strong>Dimensiones<\/strong>: 25 + 7 x 35 cm<\/li>\n<li><strong>Color<\/strong>: Marr\u00f3n<\/li>\n<li><strong>Material<\/strong>: Papel<\/li>\n<\/ul>\n<\/div>\n<\/div>\n<p>&nbsp;<\/p>\n<p><!--more--><\/p>\n<p>Esta bolsa para cruasanes est\u00e1 disponible en varios tama\u00f1os: <span style=\"color: #d12727;\"><a style=\"color: #d12727;\" href=\"https:\/\/www.csj-emballages.com\/produit\/1000-sacs-104-croissants-14-6-x-25-cm\/\">14 + 6 x 25 cm<\/a> \/ <a style=\"color: #d12727;\" href=\"https:\/\/www.csj-emballages.com\/produit\/1000-sacs-105-croissants-17-7-x-30-cm\/\">20 + 5 x 28 cm<\/a> \/ <a style=\"color: #d12727;\" href=\"https:\/\/www.csj-emballages.com\/es\/produit\/1000-bolsas-de-106-croissants-17-7-x-35-cm\/\">20 + 5 x 34 cm<\/a><\/span><\/p>\n<p>&nbsp;<\/p>\n<div style=\"box-sizing: inherit; font-family: Roboto, sans-serif;\">\n<div style=\"box-sizing: inherit; font-family: Roboto, sans-serif;\">\n<div style=\"box-sizing: inherit; font-family: Roboto, sans-serif;\">\n<div style=\"box-sizing: inherit; font-family: Roboto, sans-serif;\">\n<div style=\"box-sizing: inherit; font-family: Roboto, sans-serif;\">\n<div style=\"box-sizing: inherit; font-family: Roboto, sans-serif;\">\n<p><!--more--><\/p>\n<p><a href=\"https:\/\/www.csj-emballages.com\/es\/categorie-produit\/envasado-de-alimentos\/panaderia-y-pasteleria\/bolsas-sobres-y-papel\/sacheries-es\/bolsas-para-cruasanes\/\">Ver el resto de nuestra gama de bolsas para croissant \/ brioche<\/a><\/p>\n<\/div>\n<\/div>\n<\/div>\n<\/div>\n<\/div>\n<\/div>\n","protected":false},"excerpt":{"rendered":"<p>Bolsa brioche Descripci\u00f3n de nuestra bolsa de brioche marr\u00f3n tama\u00f1o 25 + 7 x 35 cm 107 por 1000<\/p>\n","protected":false},"featured_media":245454,"template":"","meta":{"_acf_changed":false},"product_brand":[],"product_cat":[1145,1654,3352],"product_tag":[],"class_list":{"0":"post-23136","1":"product","2":"type-product","3":"status-publish","4":"has-post-thumbnail","6":"product_cat-panaderia-y-pasteleria","7":"product_cat-sacheries-es","8":"product_cat-bolsas-para-cruasanes","10":"first","11":"instock","12":"taxable","13":"shipping-taxable","14":"purchasable","15":"product-type-simple"},"acf":[],"yoast_head":"<!-- This site is optimized with the Yoast SEO Premium plugin v26.6 (Yoast SEO v26.6) - https:\/\/yoast.com\/wordpress\/plugins\/seo\/ -->\n<title>Bolsa Brioche Marr\u00f3n 25 + 7 x 35 cm Tama\u00f1o 107 por 1000<\/title>\n<meta name=\"description\" content=\"Bolsa para brioches marr\u00f3n 25 + 7 x 35 cm tama\u00f1o 107 - 1000 unidades. Pr\u00e1ctica, ecol\u00f3gica e ideal para sus brioches, panes y boller\u00eda.\" \/>\n<meta name=\"robots\" content=\"index, follow, max-snippet:-1, max-image-preview:large, max-video-preview:-1\" \/>\n<link rel=\"canonical\" href=\"https:\/\/www.csj-emballages.com\/es\/produit\/1000-bolsas-de-brioche-marron-25-7-x-35-cm\/\" \/>\n<meta property=\"og:locale\" content=\"es_ES\" \/>\n<meta property=\"og:type\" content=\"article\" \/>\n<meta property=\"og:title\" content=\"Bolsa de brioche marr\u00f3n tama\u00f1o 25 + 7 x 35 cm 107 por 1000\" \/>\n<meta property=\"og:description\" content=\"Bolsa para brioches marr\u00f3n 25 + 7 x 35 cm tama\u00f1o 107 - 1000 unidades. Pr\u00e1ctica, ecol\u00f3gica e ideal para sus brioches, panes y boller\u00eda.\" \/>\n<meta property=\"og:url\" content=\"https:\/\/www.csj-emballages.com\/es\/produit\/1000-bolsas-de-brioche-marron-25-7-x-35-cm\/\" \/>\n<meta property=\"og:site_name\" content=\"CSJ Emballages\" \/>\n<meta property=\"article:publisher\" content=\"https:\/\/www.facebook.com\/csjemballages\" \/>\n<meta property=\"article:modified_time\" content=\"2026-05-01T00:14:21+00:00\" \/>\n<meta property=\"og:image\" content=\"https:\/\/www.csj-emballages.com\/wp-content\/uploads\/2024\/03\/SACBRI.webp\" \/>\n\t<meta property=\"og:image:width\" content=\"800\" \/>\n\t<meta property=\"og:image:height\" content=\"800\" \/>\n\t<meta property=\"og:image:type\" content=\"image\/webp\" \/>\n<meta name=\"twitter:card\" content=\"summary_large_image\" \/>\n<meta name=\"twitter:label1\" content=\"Tiempo de lectura\" \/>\n\t<meta name=\"twitter:data1\" content=\"2 minutos\" \/>\n<script type=\"application\/ld+json\" class=\"yoast-schema-graph\">{\"@context\":\"https:\/\/schema.org\",\"@graph\":[{\"@type\":\"WebPage\",\"@id\":\"https:\/\/www.csj-emballages.com\/es\/produit\/1000-bolsas-de-brioche-marron-25-7-x-35-cm\/\",\"url\":\"https:\/\/www.csj-emballages.com\/es\/produit\/1000-bolsas-de-brioche-marron-25-7-x-35-cm\/\",\"name\":\"Bolsa Brioche Marr\u00f3n 25 + 7 x 35 cm Tama\u00f1o 107 por 1000\",\"isPartOf\":{\"@id\":\"https:\/\/www.csj-emballages.com\/es\/#website\"},\"primaryImageOfPage\":{\"@id\":\"https:\/\/www.csj-emballages.com\/es\/produit\/1000-bolsas-de-brioche-marron-25-7-x-35-cm\/#primaryimage\"},\"image\":{\"@id\":\"https:\/\/www.csj-emballages.com\/es\/produit\/1000-bolsas-de-brioche-marron-25-7-x-35-cm\/#primaryimage\"},\"thumbnailUrl\":\"https:\/\/www.csj-emballages.com\/wp-content\/uploads\/2024\/03\/SACBRI.webp\",\"datePublished\":\"2024-03-01T15:50:09+00:00\",\"dateModified\":\"2026-05-01T00:14:21+00:00\",\"description\":\"Bolsa para brioches marr\u00f3n 25 + 7 x 35 cm tama\u00f1o 107 - 1000 unidades. Pr\u00e1ctica, ecol\u00f3gica e ideal para sus brioches, panes y boller\u00eda.\",\"breadcrumb\":{\"@id\":\"https:\/\/www.csj-emballages.com\/es\/produit\/1000-bolsas-de-brioche-marron-25-7-x-35-cm\/#breadcrumb\"},\"inLanguage\":\"es\",\"potentialAction\":[{\"@type\":\"ReadAction\",\"target\":[\"https:\/\/www.csj-emballages.com\/es\/produit\/1000-bolsas-de-brioche-marron-25-7-x-35-cm\/\"]}]},{\"@type\":\"ImageObject\",\"inLanguage\":\"es\",\"@id\":\"https:\/\/www.csj-emballages.com\/es\/produit\/1000-bolsas-de-brioche-marron-25-7-x-35-cm\/#primaryimage\",\"url\":\"https:\/\/www.csj-emballages.com\/wp-content\/uploads\/2024\/03\/SACBRI.webp\",\"contentUrl\":\"https:\/\/www.csj-emballages.com\/wp-content\/uploads\/2024\/03\/SACBRI.webp\",\"width\":800,\"height\":800,\"caption\":\"Sac brioche\"},{\"@type\":\"BreadcrumbList\",\"@id\":\"https:\/\/www.csj-emballages.com\/es\/produit\/1000-bolsas-de-brioche-marron-25-7-x-35-cm\/#breadcrumb\",\"itemListElement\":[{\"@type\":\"ListItem\",\"position\":1,\"name\":\"Accueil\",\"item\":\"https:\/\/www.csj-emballages.com\/es\/universo-del-envasado-alimentario\/\"},{\"@type\":\"ListItem\",\"position\":2,\"name\":\"Tienda\",\"item\":\"https:\/\/www.csj-emballages.com\/tienda\/\"},{\"@type\":\"ListItem\",\"position\":3,\"name\":\"Bolsa de brioche marr\u00f3n tama\u00f1o 25 + 7 x 35 cm 107 por 1000\"}]},{\"@type\":\"WebSite\",\"@id\":\"https:\/\/www.csj-emballages.com\/es\/#website\",\"url\":\"https:\/\/www.csj-emballages.com\/es\/\",\"name\":\"CSJ Emballages\",\"description\":\"\",\"publisher\":{\"@id\":\"https:\/\/www.csj-emballages.com\/es\/#organization\"},\"potentialAction\":[{\"@type\":\"SearchAction\",\"target\":{\"@type\":\"EntryPoint\",\"urlTemplate\":\"https:\/\/www.csj-emballages.com\/es\/?s={search_term_string}\"},\"query-input\":{\"@type\":\"PropertyValueSpecification\",\"valueRequired\":true,\"valueName\":\"search_term_string\"}}],\"inLanguage\":\"es\"},{\"@type\":\"Organization\",\"@id\":\"https:\/\/www.csj-emballages.com\/es\/#Organization\/\",\"name\":\"CSJ Emballages\",\"url\":\"https:\/\/www.csj-emballages.com\/es\/\",\"logo\":{\"@type\":\"ImageObject\",\"inLanguage\":\"es\",\"@id\":\"https:\/\/www.csj-emballages.com\/es\/#\/schema\/logo\/image\/\",\"url\":\"https:\/\/www.csj-emballages.com\/wp-content\/uploads\/2023\/10\/logo_csj.webp\",\"contentUrl\":\"https:\/\/www.csj-emballages.com\/wp-content\/uploads\/2023\/10\/logo_csj.webp\",\"width\":250,\"height\":95,\"caption\":\"CSJ Emballages\"},\"image\":{\"@id\":\"https:\/\/www.csj-emballages.com\/es\/#\/schema\/logo\/image\/\"},\"sameAs\":[\"https:\/\/www.facebook.com\/csjemballages\"],\"address\":{\"@type\":\"PostalAddress\",\"streetAddress\":\"ZI La Lechere\",\"addressLocality\":\"Patornay\",\"postalCode\":\"39130\",\"addressCountry\":\"FR\"},\"contactPoint\":[{\"@type\":\"ContactPoint\",\"contactType\":\"Service client\",\"telephone\":\"0384254272\",\"email\":\"contact@csj-emballages.com\"}]}]}<\/script>\n<!-- \/ Yoast SEO Premium plugin. -->","yoast_head_json":{"title":"Bolsa Brioche Marr\u00f3n 25 + 7 x 35 cm Tama\u00f1o 107 por 1000","description":"Bolsa para brioches marr\u00f3n 25 + 7 x 35 cm tama\u00f1o 107 - 1000 unidades. Pr\u00e1ctica, ecol\u00f3gica e ideal para sus brioches, panes y boller\u00eda.","robots":{"index":"index","follow":"follow","max-snippet":"max-snippet:-1","max-image-preview":"max-image-preview:large","max-video-preview":"max-video-preview:-1"},"canonical":"https:\/\/www.csj-emballages.com\/es\/produit\/1000-bolsas-de-brioche-marron-25-7-x-35-cm\/","og_locale":"es_ES","og_type":"article","og_title":"Bolsa de brioche marr\u00f3n tama\u00f1o 25 + 7 x 35 cm 107 por 1000","og_description":"Bolsa para brioches marr\u00f3n 25 + 7 x 35 cm tama\u00f1o 107 - 1000 unidades. Pr\u00e1ctica, ecol\u00f3gica e ideal para sus brioches, panes y boller\u00eda.","og_url":"https:\/\/www.csj-emballages.com\/es\/produit\/1000-bolsas-de-brioche-marron-25-7-x-35-cm\/","og_site_name":"CSJ Emballages","article_publisher":"https:\/\/www.facebook.com\/csjemballages","article_modified_time":"2026-05-01T00:14:21+00:00","og_image":[{"width":800,"height":800,"url":"https:\/\/www.csj-emballages.com\/wp-content\/uploads\/2024\/03\/SACBRI.webp","type":"image\/webp"}],"twitter_card":"summary_large_image","twitter_misc":{"Tiempo de lectura":"2 minutos"},"schema":{"@context":"https:\/\/schema.org","@graph":[{"@type":"WebPage","@id":"https:\/\/www.csj-emballages.com\/es\/produit\/1000-bolsas-de-brioche-marron-25-7-x-35-cm\/","url":"https:\/\/www.csj-emballages.com\/es\/produit\/1000-bolsas-de-brioche-marron-25-7-x-35-cm\/","name":"Bolsa Brioche Marr\u00f3n 25 + 7 x 35 cm Tama\u00f1o 107 por 1000","isPartOf":{"@id":"https:\/\/www.csj-emballages.com\/es\/#website"},"primaryImageOfPage":{"@id":"https:\/\/www.csj-emballages.com\/es\/produit\/1000-bolsas-de-brioche-marron-25-7-x-35-cm\/#primaryimage"},"image":{"@id":"https:\/\/www.csj-emballages.com\/es\/produit\/1000-bolsas-de-brioche-marron-25-7-x-35-cm\/#primaryimage"},"thumbnailUrl":"https:\/\/www.csj-emballages.com\/wp-content\/uploads\/2024\/03\/SACBRI.webp","datePublished":"2024-03-01T15:50:09+00:00","dateModified":"2026-05-01T00:14:21+00:00","description":"Bolsa para brioches marr\u00f3n 25 + 7 x 35 cm tama\u00f1o 107 - 1000 unidades. Pr\u00e1ctica, ecol\u00f3gica e ideal para sus brioches, panes y boller\u00eda.","breadcrumb":{"@id":"https:\/\/www.csj-emballages.com\/es\/produit\/1000-bolsas-de-brioche-marron-25-7-x-35-cm\/#breadcrumb"},"inLanguage":"es","potentialAction":[{"@type":"ReadAction","target":["https:\/\/www.csj-emballages.com\/es\/produit\/1000-bolsas-de-brioche-marron-25-7-x-35-cm\/"]}]},{"@type":"ImageObject","inLanguage":"es","@id":"https:\/\/www.csj-emballages.com\/es\/produit\/1000-bolsas-de-brioche-marron-25-7-x-35-cm\/#primaryimage","url":"https:\/\/www.csj-emballages.com\/wp-content\/uploads\/2024\/03\/SACBRI.webp","contentUrl":"https:\/\/www.csj-emballages.com\/wp-content\/uploads\/2024\/03\/SACBRI.webp","width":800,"height":800,"caption":"Sac brioche"},{"@type":"BreadcrumbList","@id":"https:\/\/www.csj-emballages.com\/es\/produit\/1000-bolsas-de-brioche-marron-25-7-x-35-cm\/#breadcrumb","itemListElement":[{"@type":"ListItem","position":1,"name":"Accueil","item":"https:\/\/www.csj-emballages.com\/es\/universo-del-envasado-alimentario\/"},{"@type":"ListItem","position":2,"name":"Tienda","item":"https:\/\/www.csj-emballages.com\/tienda\/"},{"@type":"ListItem","position":3,"name":"Bolsa de brioche marr\u00f3n tama\u00f1o 25 + 7 x 35 cm 107 por 1000"}]},{"@type":"WebSite","@id":"https:\/\/www.csj-emballages.com\/es\/#website","url":"https:\/\/www.csj-emballages.com\/es\/","name":"CSJ Emballages","description":"","publisher":{"@id":"https:\/\/www.csj-emballages.com\/es\/#organization"},"potentialAction":[{"@type":"SearchAction","target":{"@type":"EntryPoint","urlTemplate":"https:\/\/www.csj-emballages.com\/es\/?s={search_term_string}"},"query-input":{"@type":"PropertyValueSpecification","valueRequired":true,"valueName":"search_term_string"}}],"inLanguage":"es"},{"@type":"Organization","@id":"https:\/\/www.csj-emballages.com\/es\/#Organization\/","name":"CSJ Emballages","url":"https:\/\/www.csj-emballages.com\/es\/","logo":{"@type":"ImageObject","inLanguage":"es","@id":"https:\/\/www.csj-emballages.com\/es\/#\/schema\/logo\/image\/","url":"https:\/\/www.csj-emballages.com\/wp-content\/uploads\/2023\/10\/logo_csj.webp","contentUrl":"https:\/\/www.csj-emballages.com\/wp-content\/uploads\/2023\/10\/logo_csj.webp","width":250,"height":95,"caption":"CSJ Emballages"},"image":{"@id":"https:\/\/www.csj-emballages.com\/es\/#\/schema\/logo\/image\/"},"sameAs":["https:\/\/www.facebook.com\/csjemballages"],"address":{"@type":"PostalAddress","streetAddress":"ZI La Lechere","addressLocality":"Patornay","postalCode":"39130","addressCountry":"FR"},"contactPoint":[{"@type":"ContactPoint","contactType":"Service client","telephone":"0384254272","email":"contact@csj-emballages.com"}]}]}},"df_price":29.32,"df_sale_price":"","df_regular_price":29.32,"df_image_link":"https:\/\/www.csj-emballages.com\/wp-content\/uploads\/2024\/03\/SACBRI-300x300.webp","tiered_pricing_type":"fixed","tiered_pricing_fixed_rules":[],"tiered_pricing_percentage_rules":[],"tiered_pricing_minimum":1,"tiered_pricing_roles_data":[],"_links":{"self":[{"href":"https:\/\/www.csj-emballages.com\/es\/wp-json\/wp\/v2\/product\/23136","targetHints":{"allow":["GET"]}}],"collection":[{"href":"https:\/\/www.csj-emballages.com\/es\/wp-json\/wp\/v2\/product"}],"about":[{"href":"https:\/\/www.csj-emballages.com\/es\/wp-json\/wp\/v2\/types\/product"}],"wp:featuredmedia":[{"embeddable":true,"href":"https:\/\/www.csj-emballages.com\/es\/wp-json\/wp\/v2\/media\/245454"}],"wp:attachment":[{"href":"https:\/\/www.csj-emballages.com\/es\/wp-json\/wp\/v2\/media?parent=23136"}],"wp:term":[{"taxonomy":"product_brand","embeddable":true,"href":"https:\/\/www.csj-emballages.com\/es\/wp-json\/wp\/v2\/product_brand?post=23136"},{"taxonomy":"product_cat","embeddable":true,"href":"https:\/\/www.csj-emballages.com\/es\/wp-json\/wp\/v2\/product_cat?post=23136"},{"taxonomy":"product_tag","embeddable":true,"href":"https:\/\/www.csj-emballages.com\/es\/wp-json\/wp\/v2\/product_tag?post=23136"}],"curies":[{"name":"wp","href":"https:\/\/api.w.org\/{rel}","templated":true}]}}