{"id":231271,"date":"2025-04-11T08:24:41","date_gmt":"2025-04-11T06:24:41","guid":{"rendered":"https:\/\/www.csj-emballages.com\/produit\/1-kg-de-albaricoques-secos-enteros\/"},"modified":"2026-03-12T16:06:48","modified_gmt":"2026-03-12T15:06:48","slug":"1-kg-de-albaricoques-secos-enteros","status":"publish","type":"product","link":"https:\/\/www.csj-emballages.com\/es\/produit\/1-kg-de-albaricoques-secos-enteros\/","title":{"rendered":"Albaricoques secos enteros 1kg"},"content":{"rendered":"<h2 class=\"p1\">Albaricoques secos<\/h2>\n<hr>\n<h3>Descripci\u00f3n de nuestros albaricoques secos enteros en 1kg<\/h3>\n<h3><!--more--><\/h3>\n<div class=\"flex flex-grow flex-col max-w-full\">\n<div class=\"min-h-[20px] text-message flex flex-col items-start whitespace-pre-wrap break-words [.text-message+&amp;]:mt-5 juice:w-full juice:items-end overflow-x-auto gap-2\" dir=\"auto\" data-message-author-role=\"assistant\" data-message-id=\"579bfb50-fb6c-479d-a152-27ab4b509f37\">\n<div class=\"flex w-full flex-col gap-1 juice:empty:hidden juice:first:pt-[3px]\">\n<div class=\"markdown prose w-full break-words dark:prose-invert light\">\n<p class=\"\" data-start=\"264\" data-end=\"614\">Nuestros <strong data-start=\"281\" data-end=\"306\">albaricoques secos enteros<\/strong> se presentan en <strong>un<\/strong> generoso tama\u00f1o <strong>de 1 kg<\/strong>: una aut\u00e9ntica delicia natural para disfrutar a diario. Estas frutas cuidadosamente seleccionadas se recolectan maduras y se secan con cuidado para conservar su suavidad, su bonito color naranja y su sabor naturalmente dulce, sin az\u00facares a\u00f1adidos ni conservantes. Perfectas para una pausa saludable o un tentempi\u00e9 r\u00e1pido durante el d\u00eda, tambi\u00e9n son muy populares en la cocina: realzan sus tagines, platos dulces y salados, pasteles, granolas o compotas caseras. Su textura fundente y su delicado sabor las convierten en el ingrediente preferido tanto de los profesionales de la restauraci\u00f3n como de los amantes de los productos aut\u00e9nticos.   <\/p>\n<p class=\"\" data-start=\"1009\" data-end=\"1239\">Ricos en fibra, hierro, potasio y antioxidantes, <strong>los albaricoques secos<\/strong> son un complemento saludable para su despensa. La <strong>bolsa de 1 kg<\/strong> garantiza una conservaci\u00f3n \u00f3ptima a lo largo del tiempo, al tiempo que ofrece una excelente relaci\u00f3n calidad-precio. <\/p>\n<p class=\"\" data-start=\"1241\" data-end=\"1452\">Tanto si es usted hostelero, propietario de un restaurante o simplemente un consumidor al que le gustan los productos sanos y sabrosos, este producto cumplir\u00e1 sus expectativas en cuanto a calidad, sabor y versatilidad.<\/p>\n<p class=\"\" data-start=\"1454\" data-end=\"1554\">A\u00f1ada un toque de sol a sus recetas con estos sabrosos y naturalmente buenos <strong>albaricoques secos<\/strong>.<\/p>\n<p data-start=\"1454\" data-end=\"1554\">\n<\/div>\n<\/div>\n<\/div>\n<\/div>\n<p><!--more--><\/p>\n<div class=\"flex flex-grow flex-col max-w-full\">\n<div class=\"min-h-[20px] text-message flex flex-col items-start whitespace-pre-wrap break-words [.text-message+&amp;]:mt-5 juice:w-full juice:items-end overflow-x-auto gap-2\" dir=\"auto\" data-message-author-role=\"assistant\" data-message-id=\"579bfb50-fb6c-479d-a152-27ab4b509f37\">\n<div class=\"flex w-full flex-col gap-1 juice:empty:hidden juice:first:pt-[3px]\">\n<div class=\"markdown prose w-full break-words dark:prose-invert light\">\n<h4><strong>Sus ventajas:<\/strong><\/h4>\n<ul>\n<li>Textura suave y sabor naturalmente dulce.<\/li>\n<li>Rico en fibra, hierro y antioxidantes.<\/li>\n<li>Ideal como tentempi\u00e9 o en la cocina (platos, postres, reposter\u00eda).<\/li>\n<li>Formato econ\u00f3mico y pr\u00e1ctico de 1 kg.<\/li>\n<li>Producto apreciado tanto por profesionales como por particulares.<\/li>\n<\/ul>\n<\/div>\n<div class=\"markdown prose w-full break-words dark:prose-invert light\">\n<p>&nbsp;<\/p>\n<\/div>\n<\/div>\n<\/div>\n<\/div>\n<p><!--more--><\/p>\n<h4>Informaci\u00f3n adicional :<\/h4>\n<ul>\n<li><strong>Envase<\/strong>: Envase de 1 kg<\/li>\n<li><strong>Tipo<\/strong>: Albaricoques secos enteros<\/li>\n<\/ul>\n<p>&nbsp;<\/p>\n<p><!--more--><\/p>\n<p>Encuentre aqu\u00ed nuestras ciruelas pasas y pasas sultanas: <span style=\"color: #d12727\"><a style=\"color: #d12727\" href=\"https:\/\/www.csj-emballages.com\/es\/produit\/1-kg-de-ciruelas-pasas-deshuesadas\/\">160011<\/a> <\/span>\/ <span style=\"color: #d12727\"><a style=\"color: #d12727\" href=\"https:\/\/www.csj-emballages.com\/de\/produit\/1kg-rosine-sultaninen\/\">160010<\/a><\/span><\/p>\n<p>&nbsp;<\/p>\n<p><!--more--><\/p>\n<p><a href=\"https:\/\/u15jnbdpoq.preview.infomaniak.website\/categorie-produit\/alimentation\/aliments\/fruits-secs-au-sirop\/fruits-secs\/\">Ver el resto de nuestra gama de frutos secos<\/a><\/p>\n","protected":false},"excerpt":{"rendered":"<p>Albaricoques secos Descripci\u00f3n de nuestros albaricoques secos enteros en 1kg<\/p>\n","protected":false},"featured_media":231270,"template":"","meta":{"_acf_changed":false},"product_brand":[],"product_cat":[1162,7621],"product_tag":[],"class_list":{"0":"post-231271","1":"product","2":"type-product","3":"status-publish","4":"has-post-thumbnail","6":"product_cat-alimentacion-es","7":"product_cat-frutos-secos-es-2","9":"first","10":"instock","11":"featured","12":"taxable","13":"shipping-taxable","14":"purchasable","15":"product-type-simple"},"acf":[],"yoast_head":"<!-- This site is optimized with the Yoast SEO Premium plugin v26.6 (Yoast SEO v26.6) - https:\/\/yoast.com\/wordpress\/plugins\/seo\/ -->\n<title>Albaricoques secos enteros 1kg<\/title>\n<meta name=\"description\" content=\"Albaricoques secos enteros 1 kg, h\u00famedos y sabrosos, perfectos para un descanso saludable o para cocinar. Ricos en fibra y sabor. Formato econ\u00f3mico.\" \/>\n<meta name=\"robots\" content=\"index, follow, max-snippet:-1, max-image-preview:large, max-video-preview:-1\" \/>\n<link rel=\"canonical\" href=\"https:\/\/www.csj-emballages.com\/es\/produit\/1-kg-de-albaricoques-secos-enteros\/\" \/>\n<meta property=\"og:locale\" content=\"es_ES\" \/>\n<meta property=\"og:type\" content=\"article\" \/>\n<meta property=\"og:title\" content=\"Albaricoques secos enteros 1kg\" \/>\n<meta property=\"og:description\" content=\"Albaricoques secos enteros 1 kg, h\u00famedos y sabrosos, perfectos para un descanso saludable o para cocinar. Ricos en fibra y sabor. Formato econ\u00f3mico.\" \/>\n<meta property=\"og:url\" content=\"https:\/\/www.csj-emballages.com\/es\/produit\/1-kg-de-albaricoques-secos-enteros\/\" \/>\n<meta property=\"og:site_name\" content=\"CSJ Emballages\" \/>\n<meta property=\"article:publisher\" content=\"https:\/\/www.facebook.com\/csjemballages\" \/>\n<meta property=\"article:modified_time\" content=\"2026-03-12T15:06:48+00:00\" \/>\n<meta property=\"og:image\" content=\"https:\/\/www.csj-emballages.com\/wp-content\/uploads\/2025\/04\/Abricot-sec-entier.webp\" \/>\n\t<meta property=\"og:image:width\" content=\"800\" \/>\n\t<meta property=\"og:image:height\" content=\"800\" \/>\n\t<meta property=\"og:image:type\" content=\"image\/webp\" \/>\n<meta name=\"twitter:card\" content=\"summary_large_image\" \/>\n<meta name=\"twitter:label1\" content=\"Tiempo de lectura\" \/>\n\t<meta name=\"twitter:data1\" content=\"1 minuto\" \/>\n<script type=\"application\/ld+json\" class=\"yoast-schema-graph\">{\"@context\":\"https:\/\/schema.org\",\"@graph\":[{\"@type\":\"WebPage\",\"@id\":\"https:\/\/www.csj-emballages.com\/es\/produit\/1-kg-de-albaricoques-secos-enteros\/\",\"url\":\"https:\/\/www.csj-emballages.com\/es\/produit\/1-kg-de-albaricoques-secos-enteros\/\",\"name\":\"Albaricoques secos enteros 1kg\",\"isPartOf\":{\"@id\":\"https:\/\/www.csj-emballages.com\/es\/#website\"},\"primaryImageOfPage\":{\"@id\":\"https:\/\/www.csj-emballages.com\/es\/produit\/1-kg-de-albaricoques-secos-enteros\/#primaryimage\"},\"image\":{\"@id\":\"https:\/\/www.csj-emballages.com\/es\/produit\/1-kg-de-albaricoques-secos-enteros\/#primaryimage\"},\"thumbnailUrl\":\"https:\/\/www.csj-emballages.com\/wp-content\/uploads\/2025\/04\/Abricot-sec-entier.webp\",\"datePublished\":\"2025-04-11T06:24:41+00:00\",\"dateModified\":\"2026-03-12T15:06:48+00:00\",\"description\":\"Albaricoques secos enteros 1 kg, h\u00famedos y sabrosos, perfectos para un descanso saludable o para cocinar. Ricos en fibra y sabor. Formato econ\u00f3mico.\",\"breadcrumb\":{\"@id\":\"https:\/\/www.csj-emballages.com\/es\/produit\/1-kg-de-albaricoques-secos-enteros\/#breadcrumb\"},\"inLanguage\":\"es\",\"potentialAction\":[{\"@type\":\"ReadAction\",\"target\":[\"https:\/\/www.csj-emballages.com\/es\/produit\/1-kg-de-albaricoques-secos-enteros\/\"]}]},{\"@type\":\"ImageObject\",\"inLanguage\":\"es\",\"@id\":\"https:\/\/www.csj-emballages.com\/es\/produit\/1-kg-de-albaricoques-secos-enteros\/#primaryimage\",\"url\":\"https:\/\/www.csj-emballages.com\/wp-content\/uploads\/2025\/04\/Abricot-sec-entier.webp\",\"contentUrl\":\"https:\/\/www.csj-emballages.com\/wp-content\/uploads\/2025\/04\/Abricot-sec-entier.webp\",\"width\":800,\"height\":800,\"caption\":\"abricots secs\"},{\"@type\":\"BreadcrumbList\",\"@id\":\"https:\/\/www.csj-emballages.com\/es\/produit\/1-kg-de-albaricoques-secos-enteros\/#breadcrumb\",\"itemListElement\":[{\"@type\":\"ListItem\",\"position\":1,\"name\":\"Accueil\",\"item\":\"https:\/\/www.csj-emballages.com\/es\/universo-del-envasado-alimentario\/\"},{\"@type\":\"ListItem\",\"position\":2,\"name\":\"Tienda\",\"item\":\"https:\/\/www.csj-emballages.com\/tienda\/\"},{\"@type\":\"ListItem\",\"position\":3,\"name\":\"Albaricoques secos enteros 1kg\"}]},{\"@type\":\"WebSite\",\"@id\":\"https:\/\/www.csj-emballages.com\/es\/#website\",\"url\":\"https:\/\/www.csj-emballages.com\/es\/\",\"name\":\"CSJ Emballages\",\"description\":\"\",\"publisher\":{\"@id\":\"https:\/\/www.csj-emballages.com\/es\/#organization\"},\"potentialAction\":[{\"@type\":\"SearchAction\",\"target\":{\"@type\":\"EntryPoint\",\"urlTemplate\":\"https:\/\/www.csj-emballages.com\/es\/?s={search_term_string}\"},\"query-input\":{\"@type\":\"PropertyValueSpecification\",\"valueRequired\":true,\"valueName\":\"search_term_string\"}}],\"inLanguage\":\"es\"},{\"@type\":\"Organization\",\"@id\":\"https:\/\/www.csj-emballages.com\/es\/#Organization\/\",\"name\":\"CSJ Emballages\",\"url\":\"https:\/\/www.csj-emballages.com\/es\/\",\"logo\":{\"@type\":\"ImageObject\",\"inLanguage\":\"es\",\"@id\":\"https:\/\/www.csj-emballages.com\/es\/#\/schema\/logo\/image\/\",\"url\":\"https:\/\/www.csj-emballages.com\/wp-content\/uploads\/2023\/10\/logo_csj.webp\",\"contentUrl\":\"https:\/\/www.csj-emballages.com\/wp-content\/uploads\/2023\/10\/logo_csj.webp\",\"width\":250,\"height\":95,\"caption\":\"CSJ Emballages\"},\"image\":{\"@id\":\"https:\/\/www.csj-emballages.com\/es\/#\/schema\/logo\/image\/\"},\"sameAs\":[\"https:\/\/www.facebook.com\/csjemballages\"],\"address\":{\"@type\":\"PostalAddress\",\"streetAddress\":\"ZI La Lechere\",\"addressLocality\":\"Patornay\",\"postalCode\":\"39130\",\"addressCountry\":\"FR\"},\"contactPoint\":[{\"@type\":\"ContactPoint\",\"contactType\":\"Service client\",\"telephone\":\"0384254272\",\"email\":\"contact@csj-emballages.com\"}]}]}<\/script>\n<!-- \/ Yoast SEO Premium plugin. -->","yoast_head_json":{"title":"Albaricoques secos enteros 1kg","description":"Albaricoques secos enteros 1 kg, h\u00famedos y sabrosos, perfectos para un descanso saludable o para cocinar. Ricos en fibra y sabor. Formato econ\u00f3mico.","robots":{"index":"index","follow":"follow","max-snippet":"max-snippet:-1","max-image-preview":"max-image-preview:large","max-video-preview":"max-video-preview:-1"},"canonical":"https:\/\/www.csj-emballages.com\/es\/produit\/1-kg-de-albaricoques-secos-enteros\/","og_locale":"es_ES","og_type":"article","og_title":"Albaricoques secos enteros 1kg","og_description":"Albaricoques secos enteros 1 kg, h\u00famedos y sabrosos, perfectos para un descanso saludable o para cocinar. Ricos en fibra y sabor. Formato econ\u00f3mico.","og_url":"https:\/\/www.csj-emballages.com\/es\/produit\/1-kg-de-albaricoques-secos-enteros\/","og_site_name":"CSJ Emballages","article_publisher":"https:\/\/www.facebook.com\/csjemballages","article_modified_time":"2026-03-12T15:06:48+00:00","og_image":[{"width":800,"height":800,"url":"https:\/\/www.csj-emballages.com\/wp-content\/uploads\/2025\/04\/Abricot-sec-entier.webp","type":"image\/webp"}],"twitter_card":"summary_large_image","twitter_misc":{"Tiempo de lectura":"1 minuto"},"schema":{"@context":"https:\/\/schema.org","@graph":[{"@type":"WebPage","@id":"https:\/\/www.csj-emballages.com\/es\/produit\/1-kg-de-albaricoques-secos-enteros\/","url":"https:\/\/www.csj-emballages.com\/es\/produit\/1-kg-de-albaricoques-secos-enteros\/","name":"Albaricoques secos enteros 1kg","isPartOf":{"@id":"https:\/\/www.csj-emballages.com\/es\/#website"},"primaryImageOfPage":{"@id":"https:\/\/www.csj-emballages.com\/es\/produit\/1-kg-de-albaricoques-secos-enteros\/#primaryimage"},"image":{"@id":"https:\/\/www.csj-emballages.com\/es\/produit\/1-kg-de-albaricoques-secos-enteros\/#primaryimage"},"thumbnailUrl":"https:\/\/www.csj-emballages.com\/wp-content\/uploads\/2025\/04\/Abricot-sec-entier.webp","datePublished":"2025-04-11T06:24:41+00:00","dateModified":"2026-03-12T15:06:48+00:00","description":"Albaricoques secos enteros 1 kg, h\u00famedos y sabrosos, perfectos para un descanso saludable o para cocinar. Ricos en fibra y sabor. Formato econ\u00f3mico.","breadcrumb":{"@id":"https:\/\/www.csj-emballages.com\/es\/produit\/1-kg-de-albaricoques-secos-enteros\/#breadcrumb"},"inLanguage":"es","potentialAction":[{"@type":"ReadAction","target":["https:\/\/www.csj-emballages.com\/es\/produit\/1-kg-de-albaricoques-secos-enteros\/"]}]},{"@type":"ImageObject","inLanguage":"es","@id":"https:\/\/www.csj-emballages.com\/es\/produit\/1-kg-de-albaricoques-secos-enteros\/#primaryimage","url":"https:\/\/www.csj-emballages.com\/wp-content\/uploads\/2025\/04\/Abricot-sec-entier.webp","contentUrl":"https:\/\/www.csj-emballages.com\/wp-content\/uploads\/2025\/04\/Abricot-sec-entier.webp","width":800,"height":800,"caption":"abricots secs"},{"@type":"BreadcrumbList","@id":"https:\/\/www.csj-emballages.com\/es\/produit\/1-kg-de-albaricoques-secos-enteros\/#breadcrumb","itemListElement":[{"@type":"ListItem","position":1,"name":"Accueil","item":"https:\/\/www.csj-emballages.com\/es\/universo-del-envasado-alimentario\/"},{"@type":"ListItem","position":2,"name":"Tienda","item":"https:\/\/www.csj-emballages.com\/tienda\/"},{"@type":"ListItem","position":3,"name":"Albaricoques secos enteros 1kg"}]},{"@type":"WebSite","@id":"https:\/\/www.csj-emballages.com\/es\/#website","url":"https:\/\/www.csj-emballages.com\/es\/","name":"CSJ Emballages","description":"","publisher":{"@id":"https:\/\/www.csj-emballages.com\/es\/#organization"},"potentialAction":[{"@type":"SearchAction","target":{"@type":"EntryPoint","urlTemplate":"https:\/\/www.csj-emballages.com\/es\/?s={search_term_string}"},"query-input":{"@type":"PropertyValueSpecification","valueRequired":true,"valueName":"search_term_string"}}],"inLanguage":"es"},{"@type":"Organization","@id":"https:\/\/www.csj-emballages.com\/es\/#Organization\/","name":"CSJ Emballages","url":"https:\/\/www.csj-emballages.com\/es\/","logo":{"@type":"ImageObject","inLanguage":"es","@id":"https:\/\/www.csj-emballages.com\/es\/#\/schema\/logo\/image\/","url":"https:\/\/www.csj-emballages.com\/wp-content\/uploads\/2023\/10\/logo_csj.webp","contentUrl":"https:\/\/www.csj-emballages.com\/wp-content\/uploads\/2023\/10\/logo_csj.webp","width":250,"height":95,"caption":"CSJ Emballages"},"image":{"@id":"https:\/\/www.csj-emballages.com\/es\/#\/schema\/logo\/image\/"},"sameAs":["https:\/\/www.facebook.com\/csjemballages"],"address":{"@type":"PostalAddress","streetAddress":"ZI La Lechere","addressLocality":"Patornay","postalCode":"39130","addressCountry":"FR"},"contactPoint":[{"@type":"ContactPoint","contactType":"Service client","telephone":"0384254272","email":"contact@csj-emballages.com"}]}]}},"df_price":12.13,"df_sale_price":"","df_regular_price":12.13,"df_image_link":"https:\/\/www.csj-emballages.com\/wp-content\/uploads\/2025\/04\/Abricot-sec-entier-300x300.webp","tiered_pricing_type":"fixed","tiered_pricing_fixed_rules":[],"tiered_pricing_percentage_rules":[],"tiered_pricing_minimum":1,"tiered_pricing_roles_data":[],"_links":{"self":[{"href":"https:\/\/www.csj-emballages.com\/es\/wp-json\/wp\/v2\/product\/231271","targetHints":{"allow":["GET"]}}],"collection":[{"href":"https:\/\/www.csj-emballages.com\/es\/wp-json\/wp\/v2\/product"}],"about":[{"href":"https:\/\/www.csj-emballages.com\/es\/wp-json\/wp\/v2\/types\/product"}],"wp:featuredmedia":[{"embeddable":true,"href":"https:\/\/www.csj-emballages.com\/es\/wp-json\/wp\/v2\/media\/231270"}],"wp:attachment":[{"href":"https:\/\/www.csj-emballages.com\/es\/wp-json\/wp\/v2\/media?parent=231271"}],"wp:term":[{"taxonomy":"product_brand","embeddable":true,"href":"https:\/\/www.csj-emballages.com\/es\/wp-json\/wp\/v2\/product_brand?post=231271"},{"taxonomy":"product_cat","embeddable":true,"href":"https:\/\/www.csj-emballages.com\/es\/wp-json\/wp\/v2\/product_cat?post=231271"},{"taxonomy":"product_tag","embeddable":true,"href":"https:\/\/www.csj-emballages.com\/es\/wp-json\/wp\/v2\/product_tag?post=231271"}],"curies":[{"name":"wp","href":"https:\/\/api.w.org\/{rel}","templated":true}]}}