{"id":23115,"date":"2024-03-01T16:50:09","date_gmt":"2024-03-01T15:50:09","guid":{"rendered":"https:\/\/u15jnbdpoq.preview.infomaniak.website\/produit\/100-bolsitas-galettes-des-rois-30-3-x-35-cm\/"},"modified":"2026-04-21T02:16:21","modified_gmt":"2026-04-21T00:16:21","slug":"100-bolsitas-galettes-des-rois-30-3-x-35-cm","status":"publish","type":"product","link":"https:\/\/www.csj-emballages.com\/es\/produit\/100-bolsitas-galettes-des-rois-30-3-x-35-cm\/","title":{"rendered":"Bolsa para \u00abgalette des rois\u00bb 30 + 3 x 35 cm por 100"},"content":{"rendered":"<div style=\"font-family: Roboto, sans-serif;\">\n<div style=\"font-family: Roboto, sans-serif;\">\n<div style=\"font-family: Roboto, sans-serif;\">\n<div style=\"font-family: Roboto, sans-serif;\">\n<div style=\"font-family: Roboto, sans-serif;\">\n<div style=\"font-family: Roboto, sans-serif;\">\n<div style=\"font-family: Roboto, sans-serif;\">\n<div style=\"font-family: Roboto, sans-serif;\">\n<div style=\"font-family: Roboto, sans-serif;\">\n<div style=\"font-family: Roboto, sans-serif;\">\n<div style=\"font-family: Roboto, sans-serif;\">\n<div style=\"font-family: Roboto, sans-serif;\">\n<div style=\"font-family: Roboto, sans-serif;\">\n<div class=\"flex flex-grow flex-col max-w-full\">\n<div class=\"min-h-[20px] text-message flex flex-col items-start whitespace-pre-wrap break-words [.text-message+&amp;]:mt-5 juice:w-full juice:items-end overflow-x-auto gap-2\" dir=\"auto\" data-message-author-role=\"assistant\" data-message-id=\"2034782e-88f9-44ef-b4dc-07dd7bf0115f\">\n<div class=\"flex w-full flex-col gap-1 juice:empty:hidden juice:first:pt-[3px]\">\n<div class=\"markdown prose w-full break-words dark:prose-invert light\">\n<div style=\"font-family: Roboto, sans-serif;\">\n<div style=\"font-family: Roboto, sans-serif;\">\n<div style=\"font-family: Roboto, sans-serif;\">\n<div style=\"font-family: Roboto, sans-serif;\">\n<div style=\"font-family: Roboto, sans-serif;\">\n<div style=\"font-family: Roboto, sans-serif;\">\n<h2>Bolso Galette des rois<\/h2>\n<div style=\"font-family: Roboto, sans-serif;\">\n<div style=\"font-family: Roboto, sans-serif;\">\n<div style=\"font-family: Roboto, sans-serif;\">\n<div style=\"text-align: center;\">\n<div style=\"font-family: Roboto, sans-serif;\">\n<div style=\"font-family: Roboto, sans-serif;\">\n<div style=\"font-family: Roboto, sans-serif;\">\n<div style=\"font-family: Roboto, sans-serif;\">\n<div style=\"font-family: Roboto, sans-serif;\">\n<div style=\"font-family: Roboto, sans-serif; text-align: left;\">\n<hr>\n<h3 style=\"text-align: left;\">Descripci\u00f3n de nuestra bolsa \u00abgalette des rois\u00bb 30 + 3 x 35 cm por 100<!--more--><\/h3>\n<\/div>\n<\/div>\n<\/div>\n<\/div>\n<\/div>\n<\/div>\n<\/div>\n<\/div>\n<\/div>\n<\/div>\n<\/div>\n<\/div>\n<\/div>\n<\/div>\n<\/div>\n<\/div>\n<\/div>\n<\/div>\n<\/div>\n<\/div>\n<\/div>\n<\/div>\n<\/div>\n<\/div>\n<\/div>\n<\/div>\n<\/div>\n<\/div>\n<\/div>\n<\/div>\n<\/div>\n<\/div>\n<\/div>\n<p>Descubra nuestra <strong>bolsa<\/strong> <strong>para<\/strong> <strong>galettes<\/strong> des rois, \u00a1imprescindible para lucir sus deliciosas galettes des rois! Esta pr\u00e1ctica y atractiva bolsa cumple todos los requisitos de calidad y durabilidad. Fabricado con materiales especialmente dise\u00f1ados para resistir la grasa, ofrece una protecci\u00f3n \u00f3ptima para sus hamburguesas, al tiempo que facilita su transporte.<\/p>\n<p>La <strong>bolsa galette des rois<\/strong> tiene el tama\u00f1o perfecto, mide <strong>30 + 3 x 35 cm<\/strong>. Ideal para sus generosas pastas, les da una presentaci\u00f3n pulcra y profesional. Gracias a su dise\u00f1o antigrasa, mantiene sus galletas frescas y apetitosas, incluso cuando est\u00e1 de viaje. Adem\u00e1s, su robustez permite transportarla con seguridad, sin riesgo de desgarros ni fugas.<\/p>\n<p><!--more--><\/p>\n<h4>\u00bfPor qu\u00e9 utilizar nuestra bolsa galette des rois?<\/h4>\n<p>Esta <strong>bolsa de galette des rois<\/strong> se vende en paquetes de <strong>100<\/strong> unidades, envases dise\u00f1ados para satisfacer las necesidades de panader\u00edas y pasteler\u00edas. Con estas bolsas, podr\u00e1 optimizar sus operaciones diarias y garantizar a sus clientes una experiencia de calidad. Ya sea para pedidos en tienda o entregas a domicilio, cada bolsa ofrece una protecci\u00f3n impecable.<\/p>\n<p>Su material antigrasa hace que la <strong>bolsa <\/strong>sea especialmente adecuada para productos de hojaldre. Las galettes des rois suelen soltar grasa, lo que puede estropear el envase y afectar a la presentaci\u00f3n. Sin embargo, esta bolsa ha sido especialmente dise\u00f1ada para evitar estos inconvenientes, ofreciendo una barrera protectora que preserva los aromas y la frescura de sus creaciones.<\/p>\n<p>&nbsp;<\/p>\n<p><!--more--><\/p>\n<div style=\"font-family: Roboto, sans-serif;\">\n<div style=\"font-family: Roboto, sans-serif;\">\n<div style=\"font-family: Roboto, sans-serif;\">\n<div style=\"font-family: Roboto, sans-serif;\">\n<div style=\"font-family: Roboto, sans-serif;\">\n<div style=\"font-family: Roboto, sans-serif;\">\n<div style=\"font-family: Roboto, sans-serif;\">\n<div style=\"font-family: Roboto, sans-serif;\">\n<div style=\"font-family: Roboto, sans-serif;\">\n<div style=\"font-family: Roboto, sans-serif;\">\n<div style=\"font-family: Roboto, sans-serif;\">\n<div style=\"font-family: Roboto, sans-serif;\">\n<div style=\"font-family: Roboto, sans-serif;\">\n<div class=\"flex flex-grow flex-col max-w-full\">\n<div class=\"min-h-[20px] text-message flex flex-col items-start whitespace-pre-wrap break-words [.text-message+&amp;]:mt-5 juice:w-full juice:items-end overflow-x-auto gap-2\" dir=\"auto\" data-message-author-role=\"assistant\" data-message-id=\"2034782e-88f9-44ef-b4dc-07dd7bf0115f\">\n<div class=\"flex w-full flex-col gap-1 juice:empty:hidden juice:first:pt-[3px]\">\n<div class=\"markdown prose w-full break-words dark:prose-invert light\">\n<div style=\"font-family: Roboto, sans-serif;\">\n<div style=\"font-family: Roboto, sans-serif;\">\n<div style=\"font-family: Roboto, sans-serif;\">\n<div style=\"font-family: Roboto, sans-serif;\">\n<div style=\"font-family: Roboto, sans-serif;\">\n<div style=\"font-family: Roboto, sans-serif;\">\n<p>El dise\u00f1o sencillo y elegante de esta <strong>bolsa galette des rois<\/strong> tambi\u00e9n la convierte en una opci\u00f3n atractiva para los profesionales preocupados por su imagen de marca. Su aspecto sobrio resalta la calidad de sus productos sin distorsionarlos. Se distingue de los envases tradicionales y da a su galette un marco a la altura de su sabor y reputaci\u00f3n.<\/p>\n<p>Por \u00faltimo, la <strong>bolsa galette des rois<\/strong> es ideal para exhibir sus creaciones y fidelizar a sus clientes. Pone de relieve la autenticidad de sus productos y subraya su experiencia. Esta bolsa es mucho m\u00e1s que un simple embalaje: es una soluci\u00f3n profesional, \u00e9tica y est\u00e9tica.<\/p>\n<p>&nbsp;<\/p>\n<p><!--more--><\/p>\n<h4 style=\"text-align: left;\"><strong>Las ventajas de nuestra bolsa para galletas<\/strong><strong> :<\/strong><\/h4>\n<ul style=\"text-align: left;\">\n<li><strong>Protecci\u00f3n<\/strong> antigrasa: esta bolsa est\u00e1 fabricada con materiales antigrasa que impiden que penetre la grasa.<\/li>\n<li><strong>El tama\u00f1o adecuado<\/strong>: con unas dimensiones de <strong>30 + 3 x 35 cm<\/strong>, esta bolsa es ideal para contener una galette des rois de tama\u00f1o est\u00e1ndar.<\/li>\n<li><strong>Aspecto sobrio y profesional<\/strong>: el elegante dise\u00f1o de esta <strong>bolsa<\/strong> saca el m\u00e1ximo partido a sus galletas.<\/li>\n<li><strong>Envasado en lotes de 100<\/strong>: para los profesionales, este formato en lotes de <strong>100<\/strong> bolsas facilita la gesti\u00f3n de las existencias y garantiza que siempre disponga de suficientes bolsas.<\/li>\n<\/ul>\n<\/div>\n<\/div>\n<\/div>\n<\/div>\n<\/div>\n<\/div>\n<\/div>\n<\/div>\n<\/div>\n<\/div>\n<\/div>\n<\/div>\n<p>&nbsp;<\/p>\n<\/div>\n<\/div>\n<\/div>\n<\/div>\n<\/div>\n<\/div>\n<\/div>\n<\/div>\n<\/div>\n<\/div>\n<\/div>\n<p><!--more--><\/p>\n<h4>Informaci\u00f3n adicional :<\/h4>\n<ul style=\"font-family: Roboto, sans-serif;\">\n<li><strong>Embalaje<\/strong>: Lote de 100<\/li>\n<li><span style=\"font-weight: bold;\">Tama\u00f1o<\/span>: 30 + 3 x 35 cm<\/li>\n<li><strong>Material<\/strong>: Papel sulfurizado<\/li>\n<\/ul>\n<p>&nbsp;<\/p>\n<p style=\"text-align: left;\"><!--more--><\/p>\n<p><a href=\"https:\/\/www.csj-emballages.com\/es\/categorie-produit\/envasado-de-alimentos\/panaderia-y-pasteleria\/bolsas-sobres-y-papel\/sacheries-es\/bolsas-para-tartas\/\">Ver el resto de nuestra gama de bolsos Galette des rois<\/a><\/p>\n","protected":false},"excerpt":{"rendered":"<p>Bolso Galette des rois Descripci\u00f3n de nuestra bolsa \u00abgalette des rois\u00bb 30 + 3 x 35 cm por 100<\/p>\n","protected":false},"featured_media":148895,"template":"","meta":{"_acf_changed":false},"product_brand":[],"product_cat":[1150,1145,1654,2390,1270],"product_tag":[],"class_list":{"0":"post-23115","1":"product","2":"type-product","3":"status-publish","4":"has-post-thumbnail","6":"product_cat-envasado-de-alimentos","7":"product_cat-panaderia-y-pasteleria","8":"product_cat-sacheries-es","9":"product_cat-bolsas-para-tartas","10":"product_cat-descuentos","12":"first","13":"outofstock","14":"sale","15":"featured","16":"taxable","17":"shipping-taxable","18":"purchasable","19":"product-type-simple"},"acf":[],"yoast_head":"<!-- This site is optimized with the Yoast SEO Premium plugin v26.6 (Yoast SEO v26.6) - https:\/\/yoast.com\/wordpress\/plugins\/seo\/ -->\n<title>Bolsa engrasada &quot;Galette des rois&quot; 39 x 35 x 3 cm<\/title>\n<meta name=\"description\" content=\"Descubra nuestro bolso galette des rois. El tama\u00f1o adecuado, un dise\u00f1o sencillo y envases de 100 unidades para satisfacer las necesidades de los profesionales.\" \/>\n<meta name=\"robots\" content=\"index, follow, max-snippet:-1, max-image-preview:large, max-video-preview:-1\" \/>\n<link rel=\"canonical\" href=\"https:\/\/www.csj-emballages.com\/es\/produit\/100-bolsitas-galettes-des-rois-30-3-x-35-cm\/\" \/>\n<meta property=\"og:locale\" content=\"es_ES\" \/>\n<meta property=\"og:type\" content=\"article\" \/>\n<meta property=\"og:title\" content=\"Bolsa engrasada &quot;Galette des rois&quot; 39 x 35 x 3 cm\" \/>\n<meta property=\"og:description\" content=\"Descubra nuestro bolso galette des rois. El tama\u00f1o adecuado, un dise\u00f1o sencillo y envases de 100 unidades para satisfacer las necesidades de los profesionales.\" \/>\n<meta property=\"og:url\" content=\"https:\/\/www.csj-emballages.com\/es\/produit\/100-bolsitas-galettes-des-rois-30-3-x-35-cm\/\" \/>\n<meta property=\"og:site_name\" content=\"CSJ Emballages\" \/>\n<meta property=\"article:publisher\" content=\"https:\/\/www.facebook.com\/csjemballages\" \/>\n<meta property=\"article:modified_time\" content=\"2026-04-21T00:16:21+00:00\" \/>\n<meta property=\"og:image\" content=\"https:\/\/www.csj-emballages.com\/wp-content\/uploads\/2024\/03\/e-amande-72.png\" \/>\n\t<meta property=\"og:image:width\" content=\"300\" \/>\n\t<meta property=\"og:image:height\" content=\"300\" \/>\n\t<meta property=\"og:image:type\" content=\"image\/png\" \/>\n<meta name=\"twitter:card\" content=\"summary_large_image\" \/>\n<meta name=\"twitter:title\" content=\"Bolsa engrasada &quot;Galette des rois&quot; 39 x 35 x 3 cm\" \/>\n<meta name=\"twitter:description\" content=\"Descubra nuestro bolso galette des rois. El tama\u00f1o adecuado, un dise\u00f1o sencillo y envases de 100 unidades para satisfacer las necesidades de los profesionales.\" \/>\n<meta name=\"twitter:label1\" content=\"Tiempo de lectura\" \/>\n\t<meta name=\"twitter:data1\" content=\"2 minutos\" \/>\n<script type=\"application\/ld+json\" class=\"yoast-schema-graph\">{\"@context\":\"https:\/\/schema.org\",\"@graph\":[{\"@type\":\"WebPage\",\"@id\":\"https:\/\/www.csj-emballages.com\/es\/produit\/100-bolsitas-galettes-des-rois-30-3-x-35-cm\/\",\"url\":\"https:\/\/www.csj-emballages.com\/es\/produit\/100-bolsitas-galettes-des-rois-30-3-x-35-cm\/\",\"name\":\"Bolsa engrasada \\\"Galette des rois\\\" 39 x 35 x 3 cm\",\"isPartOf\":{\"@id\":\"https:\/\/www.csj-emballages.com\/es\/#website\"},\"primaryImageOfPage\":{\"@id\":\"https:\/\/www.csj-emballages.com\/es\/produit\/100-bolsitas-galettes-des-rois-30-3-x-35-cm\/#primaryimage\"},\"image\":{\"@id\":\"https:\/\/www.csj-emballages.com\/es\/produit\/100-bolsitas-galettes-des-rois-30-3-x-35-cm\/#primaryimage\"},\"thumbnailUrl\":\"https:\/\/www.csj-emballages.com\/wp-content\/uploads\/2024\/03\/e-amande-72.png\",\"datePublished\":\"2024-03-01T15:50:09+00:00\",\"dateModified\":\"2026-04-21T00:16:21+00:00\",\"description\":\"Descubra nuestro bolso galette des rois. El tama\u00f1o adecuado, un dise\u00f1o sencillo y envases de 100 unidades para satisfacer las necesidades de los profesionales.\",\"breadcrumb\":{\"@id\":\"https:\/\/www.csj-emballages.com\/es\/produit\/100-bolsitas-galettes-des-rois-30-3-x-35-cm\/#breadcrumb\"},\"inLanguage\":\"es\",\"potentialAction\":[{\"@type\":\"ReadAction\",\"target\":[\"https:\/\/www.csj-emballages.com\/es\/produit\/100-bolsitas-galettes-des-rois-30-3-x-35-cm\/\"]}]},{\"@type\":\"ImageObject\",\"inLanguage\":\"es\",\"@id\":\"https:\/\/www.csj-emballages.com\/es\/produit\/100-bolsitas-galettes-des-rois-30-3-x-35-cm\/#primaryimage\",\"url\":\"https:\/\/www.csj-emballages.com\/wp-content\/uploads\/2024\/03\/e-amande-72.png\",\"contentUrl\":\"https:\/\/www.csj-emballages.com\/wp-content\/uploads\/2024\/03\/e-amande-72.png\",\"width\":300,\"height\":300,\"caption\":\"sac galette des rois\"},{\"@type\":\"BreadcrumbList\",\"@id\":\"https:\/\/www.csj-emballages.com\/es\/produit\/100-bolsitas-galettes-des-rois-30-3-x-35-cm\/#breadcrumb\",\"itemListElement\":[{\"@type\":\"ListItem\",\"position\":1,\"name\":\"Accueil\",\"item\":\"https:\/\/www.csj-emballages.com\/es\/universo-del-envasado-alimentario\/\"},{\"@type\":\"ListItem\",\"position\":2,\"name\":\"Tienda\",\"item\":\"https:\/\/www.csj-emballages.com\/tienda\/\"},{\"@type\":\"ListItem\",\"position\":3,\"name\":\"Bolsa para \u00ab\u00a0galette des rois\u00a0\u00bb 30 + 3 x 35 cm por 100\"}]},{\"@type\":\"WebSite\",\"@id\":\"https:\/\/www.csj-emballages.com\/es\/#website\",\"url\":\"https:\/\/www.csj-emballages.com\/es\/\",\"name\":\"CSJ Emballages\",\"description\":\"\",\"publisher\":{\"@id\":\"https:\/\/www.csj-emballages.com\/es\/#organization\"},\"potentialAction\":[{\"@type\":\"SearchAction\",\"target\":{\"@type\":\"EntryPoint\",\"urlTemplate\":\"https:\/\/www.csj-emballages.com\/es\/?s={search_term_string}\"},\"query-input\":{\"@type\":\"PropertyValueSpecification\",\"valueRequired\":true,\"valueName\":\"search_term_string\"}}],\"inLanguage\":\"es\"},{\"@type\":\"Organization\",\"@id\":\"https:\/\/www.csj-emballages.com\/es\/#Organization\/\",\"name\":\"CSJ Emballages\",\"url\":\"https:\/\/www.csj-emballages.com\/es\/\",\"logo\":{\"@type\":\"ImageObject\",\"inLanguage\":\"es\",\"@id\":\"https:\/\/www.csj-emballages.com\/es\/#\/schema\/logo\/image\/\",\"url\":\"https:\/\/www.csj-emballages.com\/wp-content\/uploads\/2023\/10\/logo_csj.webp\",\"contentUrl\":\"https:\/\/www.csj-emballages.com\/wp-content\/uploads\/2023\/10\/logo_csj.webp\",\"width\":250,\"height\":95,\"caption\":\"CSJ Emballages\"},\"image\":{\"@id\":\"https:\/\/www.csj-emballages.com\/es\/#\/schema\/logo\/image\/\"},\"sameAs\":[\"https:\/\/www.facebook.com\/csjemballages\"],\"address\":{\"@type\":\"PostalAddress\",\"streetAddress\":\"ZI La Lechere\",\"addressLocality\":\"Patornay\",\"postalCode\":\"39130\",\"addressCountry\":\"FR\"},\"contactPoint\":[{\"@type\":\"ContactPoint\",\"contactType\":\"Service client\",\"telephone\":\"0384254272\",\"email\":\"contact@csj-emballages.com\"}]}]}<\/script>\n<!-- \/ Yoast SEO Premium plugin. -->","yoast_head_json":{"title":"Bolsa engrasada \"Galette des rois\" 39 x 35 x 3 cm","description":"Descubra nuestro bolso galette des rois. El tama\u00f1o adecuado, un dise\u00f1o sencillo y envases de 100 unidades para satisfacer las necesidades de los profesionales.","robots":{"index":"index","follow":"follow","max-snippet":"max-snippet:-1","max-image-preview":"max-image-preview:large","max-video-preview":"max-video-preview:-1"},"canonical":"https:\/\/www.csj-emballages.com\/es\/produit\/100-bolsitas-galettes-des-rois-30-3-x-35-cm\/","og_locale":"es_ES","og_type":"article","og_title":"Bolsa engrasada \"Galette des rois\" 39 x 35 x 3 cm","og_description":"Descubra nuestro bolso galette des rois. El tama\u00f1o adecuado, un dise\u00f1o sencillo y envases de 100 unidades para satisfacer las necesidades de los profesionales.","og_url":"https:\/\/www.csj-emballages.com\/es\/produit\/100-bolsitas-galettes-des-rois-30-3-x-35-cm\/","og_site_name":"CSJ Emballages","article_publisher":"https:\/\/www.facebook.com\/csjemballages","article_modified_time":"2026-04-21T00:16:21+00:00","og_image":[{"width":300,"height":300,"url":"https:\/\/www.csj-emballages.com\/wp-content\/uploads\/2024\/03\/e-amande-72.png","type":"image\/png"}],"twitter_card":"summary_large_image","twitter_title":"Bolsa engrasada \"Galette des rois\" 39 x 35 x 3 cm","twitter_description":"Descubra nuestro bolso galette des rois. El tama\u00f1o adecuado, un dise\u00f1o sencillo y envases de 100 unidades para satisfacer las necesidades de los profesionales.","twitter_misc":{"Tiempo de lectura":"2 minutos"},"schema":{"@context":"https:\/\/schema.org","@graph":[{"@type":"WebPage","@id":"https:\/\/www.csj-emballages.com\/es\/produit\/100-bolsitas-galettes-des-rois-30-3-x-35-cm\/","url":"https:\/\/www.csj-emballages.com\/es\/produit\/100-bolsitas-galettes-des-rois-30-3-x-35-cm\/","name":"Bolsa engrasada \"Galette des rois\" 39 x 35 x 3 cm","isPartOf":{"@id":"https:\/\/www.csj-emballages.com\/es\/#website"},"primaryImageOfPage":{"@id":"https:\/\/www.csj-emballages.com\/es\/produit\/100-bolsitas-galettes-des-rois-30-3-x-35-cm\/#primaryimage"},"image":{"@id":"https:\/\/www.csj-emballages.com\/es\/produit\/100-bolsitas-galettes-des-rois-30-3-x-35-cm\/#primaryimage"},"thumbnailUrl":"https:\/\/www.csj-emballages.com\/wp-content\/uploads\/2024\/03\/e-amande-72.png","datePublished":"2024-03-01T15:50:09+00:00","dateModified":"2026-04-21T00:16:21+00:00","description":"Descubra nuestro bolso galette des rois. El tama\u00f1o adecuado, un dise\u00f1o sencillo y envases de 100 unidades para satisfacer las necesidades de los profesionales.","breadcrumb":{"@id":"https:\/\/www.csj-emballages.com\/es\/produit\/100-bolsitas-galettes-des-rois-30-3-x-35-cm\/#breadcrumb"},"inLanguage":"es","potentialAction":[{"@type":"ReadAction","target":["https:\/\/www.csj-emballages.com\/es\/produit\/100-bolsitas-galettes-des-rois-30-3-x-35-cm\/"]}]},{"@type":"ImageObject","inLanguage":"es","@id":"https:\/\/www.csj-emballages.com\/es\/produit\/100-bolsitas-galettes-des-rois-30-3-x-35-cm\/#primaryimage","url":"https:\/\/www.csj-emballages.com\/wp-content\/uploads\/2024\/03\/e-amande-72.png","contentUrl":"https:\/\/www.csj-emballages.com\/wp-content\/uploads\/2024\/03\/e-amande-72.png","width":300,"height":300,"caption":"sac galette des rois"},{"@type":"BreadcrumbList","@id":"https:\/\/www.csj-emballages.com\/es\/produit\/100-bolsitas-galettes-des-rois-30-3-x-35-cm\/#breadcrumb","itemListElement":[{"@type":"ListItem","position":1,"name":"Accueil","item":"https:\/\/www.csj-emballages.com\/es\/universo-del-envasado-alimentario\/"},{"@type":"ListItem","position":2,"name":"Tienda","item":"https:\/\/www.csj-emballages.com\/tienda\/"},{"@type":"ListItem","position":3,"name":"Bolsa para \u00ab\u00a0galette des rois\u00a0\u00bb 30 + 3 x 35 cm por 100"}]},{"@type":"WebSite","@id":"https:\/\/www.csj-emballages.com\/es\/#website","url":"https:\/\/www.csj-emballages.com\/es\/","name":"CSJ Emballages","description":"","publisher":{"@id":"https:\/\/www.csj-emballages.com\/es\/#organization"},"potentialAction":[{"@type":"SearchAction","target":{"@type":"EntryPoint","urlTemplate":"https:\/\/www.csj-emballages.com\/es\/?s={search_term_string}"},"query-input":{"@type":"PropertyValueSpecification","valueRequired":true,"valueName":"search_term_string"}}],"inLanguage":"es"},{"@type":"Organization","@id":"https:\/\/www.csj-emballages.com\/es\/#Organization\/","name":"CSJ Emballages","url":"https:\/\/www.csj-emballages.com\/es\/","logo":{"@type":"ImageObject","inLanguage":"es","@id":"https:\/\/www.csj-emballages.com\/es\/#\/schema\/logo\/image\/","url":"https:\/\/www.csj-emballages.com\/wp-content\/uploads\/2023\/10\/logo_csj.webp","contentUrl":"https:\/\/www.csj-emballages.com\/wp-content\/uploads\/2023\/10\/logo_csj.webp","width":250,"height":95,"caption":"CSJ Emballages"},"image":{"@id":"https:\/\/www.csj-emballages.com\/es\/#\/schema\/logo\/image\/"},"sameAs":["https:\/\/www.facebook.com\/csjemballages"],"address":{"@type":"PostalAddress","streetAddress":"ZI La Lechere","addressLocality":"Patornay","postalCode":"39130","addressCountry":"FR"},"contactPoint":[{"@type":"ContactPoint","contactType":"Service client","telephone":"0384254272","email":"contact@csj-emballages.com"}]}]}},"df_price":13.02,"df_sale_price":13.02,"df_regular_price":14.47,"df_image_link":"https:\/\/www.csj-emballages.com\/wp-content\/uploads\/2024\/03\/e-amande-72.png","tiered_pricing_type":"fixed","tiered_pricing_fixed_rules":[],"tiered_pricing_percentage_rules":[],"tiered_pricing_minimum":1,"tiered_pricing_roles_data":[],"_links":{"self":[{"href":"https:\/\/www.csj-emballages.com\/es\/wp-json\/wp\/v2\/product\/23115","targetHints":{"allow":["GET"]}}],"collection":[{"href":"https:\/\/www.csj-emballages.com\/es\/wp-json\/wp\/v2\/product"}],"about":[{"href":"https:\/\/www.csj-emballages.com\/es\/wp-json\/wp\/v2\/types\/product"}],"wp:featuredmedia":[{"embeddable":true,"href":"https:\/\/www.csj-emballages.com\/es\/wp-json\/wp\/v2\/media\/148895"}],"wp:attachment":[{"href":"https:\/\/www.csj-emballages.com\/es\/wp-json\/wp\/v2\/media?parent=23115"}],"wp:term":[{"taxonomy":"product_brand","embeddable":true,"href":"https:\/\/www.csj-emballages.com\/es\/wp-json\/wp\/v2\/product_brand?post=23115"},{"taxonomy":"product_cat","embeddable":true,"href":"https:\/\/www.csj-emballages.com\/es\/wp-json\/wp\/v2\/product_cat?post=23115"},{"taxonomy":"product_tag","embeddable":true,"href":"https:\/\/www.csj-emballages.com\/es\/wp-json\/wp\/v2\/product_tag?post=23115"}],"curies":[{"name":"wp","href":"https:\/\/api.w.org\/{rel}","templated":true}]}}