{"id":23102,"date":"2024-03-01T16:50:09","date_gmt":"2024-03-01T15:50:09","guid":{"rendered":"https:\/\/u15jnbdpoq.preview.infomaniak.website\/produit\/300-bolsas-de-matadero-liadas-60-x-100-cm-50-%c2%b5\/"},"modified":"2026-04-29T02:17:32","modified_gmt":"2026-04-29T00:17:32","slug":"300-bolsas-de-matadero-liadas-60-x-100-cm-50-%c2%b5","status":"publish","type":"product","link":"https:\/\/www.csj-emballages.com\/es\/produit\/300-bolsas-de-matadero-liadas-60-x-100-cm-50-%c2%b5\/","title":{"rendered":"Bolsa para matadero plegada 60 x 100 cm 50 \u00b5 por 250"},"content":{"rendered":"<h2>Bolsa de matadero<\/h2>\n<hr>\n<h3>Descripci\u00f3n de nuestra bolsa para matadero plegada 60 x 100 cm 50 \u00b5 por 250<\/h3>\n<p><!--more--><\/p>\n<div class=\"flex flex-grow flex-col max-w-full\">\n<div class=\"min-h-[20px] text-message flex flex-col items-start whitespace-pre-wrap break-words [.text-message+&amp;]:mt-5 juice:w-full juice:items-end overflow-x-auto gap-2\" dir=\"auto\" data-message-author-role=\"assistant\" data-message-id=\"3a536f7e-879d-4f2d-9ebb-28d2279e1068\">\n<div class=\"flex w-full flex-col gap-1 juice:empty:hidden juice:first:pt-[3px]\">\n<div class=\"markdown prose w-full break-words dark:prose-invert light\">\n<p data-start=\"212\" data-end=\"653\">Cuando se trata de gestionar grandes vol\u00famenes y usos exigentes, esta <strong data-start=\"288\" data-end=\"323\">bolsa para matadero plegada de 60 x 100 cm<\/strong> responde sin complicar el trabajo. Pensada para un uso profesional, combina un formato generoso y un grosor de <strong data-start=\"452\" data-end=\"466\">50 micras<\/strong>, lo que le permite soportar cargas pesadas sin dejar de ser fiable en el d\u00eda a d\u00eda. Se puede utilizar sin temor, incluso en entornos donde la resistencia es indispensable.  <\/p>\n<p data-start=\"655\" data-end=\"1048\">Gracias a su acondicionamiento <strong data-start=\"683\" data-end=\"693\">plegado<\/strong>, la extracci\u00f3n de las bolsas es m\u00e1s r\u00e1pida y limpia. Ahorrar\u00e1 tiempo, sobre todo cuando los gestos deban encadenarse eficazmente. Basta con separar una y listo. Este detalle a menudo marca la diferencia sobre el terreno, especialmente en mataderos, talleres de corte, industrias agroalimentarias o zonas de preparaci\u00f3n.   <\/p>\n<p data-start=\"1050\" data-end=\"1393\">Su gran formato <strong data-start=\"1067\" data-end=\"1082\">60 x 100 cm<\/strong> ofrece una buena capacidad, ideal para la recogida de residuos voluminosos o pesados. El pl\u00e1stico grueso limita el riesgo de desgarros y garantiza una buena sujeci\u00f3n, incluso durante manipulaciones repetidas. Adem\u00e1s, su dise\u00f1o sencillo y funcional permite un uso polivalente, sin restricciones particulares.  <\/p>\n<p data-start=\"1395\" data-end=\"1630\">Vendida <strong data-start=\"1401\" data-end=\"1419\">por lote de 250<\/strong>, esta bolsa se integra f\u00e1cilmente en una organizaci\u00f3n profesional donde la regularidad y la fiabilidad son esenciales. Anticipar\u00e1 sus necesidades, asegurar\u00e1 su stock y trabajar\u00e1 con mayor tranquilidad. <\/p>\n<p data-start=\"1632\" data-end=\"1812\">En resumen, esta <strong>bolsa para matadero<\/strong> apuesta por la eficacia en lugar de por lo superfluo. Acompa\u00f1a a los profesionales en sus tareas diarias con discreci\u00f3n, solidez y practicidad. <\/p>\n<\/div>\n<\/div>\n<\/div>\n<\/div>\n<h4><\/h4>\n<p><!--more--><\/p>\n<h4>Ventajas :<\/h4>\n<ul>\n<li data-start=\"1840\" data-end=\"1884\">Gran formato adaptado a vol\u00famenes importantes.<\/li>\n<li data-start=\"1887\" data-end=\"1933\"><strong>Grosor de 50 \u00b5<\/strong> para una mayor resistencia.<\/li>\n<li data-start=\"1936\" data-end=\"1977\">Presentaci\u00f3n plegada pr\u00e1ctica y r\u00e1pida.<\/li>\n<li data-start=\"1980\" data-end=\"2015\">Utilizaci\u00f3n sencilla y polivalente.<\/li>\n<li data-start=\"2018\" data-end=\"2058\">Acondicionamiento econ\u00f3mico de <strong>250 bolsas<\/strong>.<\/li>\n<\/ul>\n<p>&nbsp;<\/p>\n<p><!--more--><\/p>\n<p><strong>Informaci\u00f3n adicional :  <\/strong><\/p>\n<ul>\n<li><strong>Envase<\/strong>: Paquete de 250<\/li>\n<li><strong>Dimensiones<\/strong>: 60 x 100 cm<\/li>\n<li><strong>Grosor<\/strong>: 50\u00b5<\/li>\n<\/ul>\n<p>&nbsp;<\/p>\n<p><!--more--><\/p>\n<p>Producto disponible en un tama\u00f1o superior: <span style=\"color: #d12727;\"><a style=\"color: #d12727;\" href=\"https:\/\/www.csj-emballages.com\/es\/produit\/1000-bolsas-de-matadero-atadas-40-x-60-cm-30-%c2%b5\/\">40 x 60 cm<\/a><\/span><\/p>\n<p>&nbsp;<\/p>\n<p><!--more--><\/p>\n<p><a href=\"https:\/\/www.csj-emballages.com\/es\/categorie-produit\/envasado-de-alimentos\/carniceria-y-charcuteria\/bolsas-y-fundas\/bolsas-de-matadero\/\">Ver el resto de nuestra gama de bolsas para mataderos<\/a><\/p>\n","protected":false},"excerpt":{"rendered":"<p>Bolsa de matadero Descripci\u00f3n de nuestra bolsa para matadero plegada 60 x 100 cm 50 \u00b5 por 250<\/p>\n","protected":false},"featured_media":209353,"template":"","meta":{"_acf_changed":false},"product_brand":[],"product_cat":[1143,3284],"product_tag":[],"class_list":{"0":"post-23102","1":"product","2":"type-product","3":"status-publish","4":"has-post-thumbnail","6":"product_cat-carniceria-y-charcuteria","7":"product_cat-bolsas-de-matadero","9":"first","10":"instock","11":"taxable","12":"shipping-taxable","13":"purchasable","14":"product-type-simple"},"acf":[],"yoast_head":"<!-- This site is optimized with the Yoast SEO Premium plugin v26.6 (Yoast SEO v26.6) - https:\/\/yoast.com\/wordpress\/plugins\/seo\/ -->\n<title>Bolsa de sacrificio 50 \u00b5 - 60 x 100 cm<\/title>\n<meta name=\"description\" content=\"Bolsa para matadero plegada 60 x 100 cm 50 \u00b5 por 250: robusta, flexible y adaptada a entornos exigentes, ideal para el almacenamiento y el transporte de residuos.\" \/>\n<meta name=\"robots\" content=\"index, follow, max-snippet:-1, max-image-preview:large, max-video-preview:-1\" \/>\n<link rel=\"canonical\" href=\"https:\/\/www.csj-emballages.com\/es\/produit\/300-bolsas-de-matadero-liadas-60-x-100-cm-50-%c2%b5\/\" \/>\n<meta property=\"og:locale\" content=\"es_ES\" \/>\n<meta property=\"og:type\" content=\"article\" \/>\n<meta property=\"og:title\" content=\"Bolsa para matadero plegada 60 x 100 cm 50 \u00b5 por 250\" \/>\n<meta property=\"og:description\" content=\"Bolsa para matadero plegada 60 x 100 cm 50 \u00b5 por 250: robusta, flexible y adaptada a entornos exigentes, ideal para el almacenamiento y el transporte de residuos.\" \/>\n<meta property=\"og:url\" content=\"https:\/\/www.csj-emballages.com\/es\/produit\/300-bolsas-de-matadero-liadas-60-x-100-cm-50-%c2%b5\/\" \/>\n<meta property=\"og:site_name\" content=\"CSJ Emballages\" \/>\n<meta property=\"article:publisher\" content=\"https:\/\/www.facebook.com\/csjemballages\" \/>\n<meta property=\"article:modified_time\" content=\"2026-04-29T00:17:32+00:00\" \/>\n<meta property=\"og:image\" content=\"https:\/\/www.csj-emballages.com\/wp-content\/uploads\/2024\/03\/sac-abattoir.webp\" \/>\n\t<meta property=\"og:image:width\" content=\"801\" \/>\n\t<meta property=\"og:image:height\" content=\"800\" \/>\n\t<meta property=\"og:image:type\" content=\"image\/webp\" \/>\n<meta name=\"twitter:card\" content=\"summary_large_image\" \/>\n<meta name=\"twitter:label1\" content=\"Tiempo de lectura\" \/>\n\t<meta name=\"twitter:data1\" content=\"2 minutos\" \/>\n<script type=\"application\/ld+json\" class=\"yoast-schema-graph\">{\"@context\":\"https:\/\/schema.org\",\"@graph\":[{\"@type\":\"WebPage\",\"@id\":\"https:\/\/www.csj-emballages.com\/es\/produit\/300-bolsas-de-matadero-liadas-60-x-100-cm-50-%c2%b5\/\",\"url\":\"https:\/\/www.csj-emballages.com\/es\/produit\/300-bolsas-de-matadero-liadas-60-x-100-cm-50-%c2%b5\/\",\"name\":\"Bolsa de sacrificio 50 \u00b5 - 60 x 100 cm\",\"isPartOf\":{\"@id\":\"https:\/\/www.csj-emballages.com\/es\/#website\"},\"primaryImageOfPage\":{\"@id\":\"https:\/\/www.csj-emballages.com\/es\/produit\/300-bolsas-de-matadero-liadas-60-x-100-cm-50-%c2%b5\/#primaryimage\"},\"image\":{\"@id\":\"https:\/\/www.csj-emballages.com\/es\/produit\/300-bolsas-de-matadero-liadas-60-x-100-cm-50-%c2%b5\/#primaryimage\"},\"thumbnailUrl\":\"https:\/\/www.csj-emballages.com\/wp-content\/uploads\/2024\/03\/sac-abattoir.webp\",\"datePublished\":\"2024-03-01T15:50:09+00:00\",\"dateModified\":\"2026-04-29T00:17:32+00:00\",\"description\":\"Bolsa para matadero plegada 60 x 100 cm 50 \u00b5 por 250: robusta, flexible y adaptada a entornos exigentes, ideal para el almacenamiento y el transporte de residuos.\",\"breadcrumb\":{\"@id\":\"https:\/\/www.csj-emballages.com\/es\/produit\/300-bolsas-de-matadero-liadas-60-x-100-cm-50-%c2%b5\/#breadcrumb\"},\"inLanguage\":\"es\",\"potentialAction\":[{\"@type\":\"ReadAction\",\"target\":[\"https:\/\/www.csj-emballages.com\/es\/produit\/300-bolsas-de-matadero-liadas-60-x-100-cm-50-%c2%b5\/\"]}]},{\"@type\":\"ImageObject\",\"inLanguage\":\"es\",\"@id\":\"https:\/\/www.csj-emballages.com\/es\/produit\/300-bolsas-de-matadero-liadas-60-x-100-cm-50-%c2%b5\/#primaryimage\",\"url\":\"https:\/\/www.csj-emballages.com\/wp-content\/uploads\/2024\/03\/sac-abattoir.webp\",\"contentUrl\":\"https:\/\/www.csj-emballages.com\/wp-content\/uploads\/2024\/03\/sac-abattoir.webp\",\"width\":801,\"height\":800,\"caption\":\"sac abattoir\"},{\"@type\":\"BreadcrumbList\",\"@id\":\"https:\/\/www.csj-emballages.com\/es\/produit\/300-bolsas-de-matadero-liadas-60-x-100-cm-50-%c2%b5\/#breadcrumb\",\"itemListElement\":[{\"@type\":\"ListItem\",\"position\":1,\"name\":\"Accueil\",\"item\":\"https:\/\/www.csj-emballages.com\/es\/universo-del-envasado-alimentario\/\"},{\"@type\":\"ListItem\",\"position\":2,\"name\":\"Tienda\",\"item\":\"https:\/\/www.csj-emballages.com\/tienda\/\"},{\"@type\":\"ListItem\",\"position\":3,\"name\":\"Bolsa para matadero plegada 60 x 100 cm 50 \u00b5 por 250\"}]},{\"@type\":\"WebSite\",\"@id\":\"https:\/\/www.csj-emballages.com\/es\/#website\",\"url\":\"https:\/\/www.csj-emballages.com\/es\/\",\"name\":\"CSJ Emballages\",\"description\":\"\",\"publisher\":{\"@id\":\"https:\/\/www.csj-emballages.com\/es\/#organization\"},\"potentialAction\":[{\"@type\":\"SearchAction\",\"target\":{\"@type\":\"EntryPoint\",\"urlTemplate\":\"https:\/\/www.csj-emballages.com\/es\/?s={search_term_string}\"},\"query-input\":{\"@type\":\"PropertyValueSpecification\",\"valueRequired\":true,\"valueName\":\"search_term_string\"}}],\"inLanguage\":\"es\"},{\"@type\":\"Organization\",\"@id\":\"https:\/\/www.csj-emballages.com\/es\/#Organization\/\",\"name\":\"CSJ Emballages\",\"url\":\"https:\/\/www.csj-emballages.com\/es\/\",\"logo\":{\"@type\":\"ImageObject\",\"inLanguage\":\"es\",\"@id\":\"https:\/\/www.csj-emballages.com\/es\/#\/schema\/logo\/image\/\",\"url\":\"https:\/\/www.csj-emballages.com\/wp-content\/uploads\/2023\/10\/logo_csj.webp\",\"contentUrl\":\"https:\/\/www.csj-emballages.com\/wp-content\/uploads\/2023\/10\/logo_csj.webp\",\"width\":250,\"height\":95,\"caption\":\"CSJ Emballages\"},\"image\":{\"@id\":\"https:\/\/www.csj-emballages.com\/es\/#\/schema\/logo\/image\/\"},\"sameAs\":[\"https:\/\/www.facebook.com\/csjemballages\"],\"address\":{\"@type\":\"PostalAddress\",\"streetAddress\":\"ZI La Lechere\",\"addressLocality\":\"Patornay\",\"postalCode\":\"39130\",\"addressCountry\":\"FR\"},\"contactPoint\":[{\"@type\":\"ContactPoint\",\"contactType\":\"Service client\",\"telephone\":\"0384254272\",\"email\":\"contact@csj-emballages.com\"}]}]}<\/script>\n<!-- \/ Yoast SEO Premium plugin. -->","yoast_head_json":{"title":"Bolsa de sacrificio 50 \u00b5 - 60 x 100 cm","description":"Bolsa para matadero plegada 60 x 100 cm 50 \u00b5 por 250: robusta, flexible y adaptada a entornos exigentes, ideal para el almacenamiento y el transporte de residuos.","robots":{"index":"index","follow":"follow","max-snippet":"max-snippet:-1","max-image-preview":"max-image-preview:large","max-video-preview":"max-video-preview:-1"},"canonical":"https:\/\/www.csj-emballages.com\/es\/produit\/300-bolsas-de-matadero-liadas-60-x-100-cm-50-%c2%b5\/","og_locale":"es_ES","og_type":"article","og_title":"Bolsa para matadero plegada 60 x 100 cm 50 \u00b5 por 250","og_description":"Bolsa para matadero plegada 60 x 100 cm 50 \u00b5 por 250: robusta, flexible y adaptada a entornos exigentes, ideal para el almacenamiento y el transporte de residuos.","og_url":"https:\/\/www.csj-emballages.com\/es\/produit\/300-bolsas-de-matadero-liadas-60-x-100-cm-50-%c2%b5\/","og_site_name":"CSJ Emballages","article_publisher":"https:\/\/www.facebook.com\/csjemballages","article_modified_time":"2026-04-29T00:17:32+00:00","og_image":[{"width":801,"height":800,"url":"https:\/\/www.csj-emballages.com\/wp-content\/uploads\/2024\/03\/sac-abattoir.webp","type":"image\/webp"}],"twitter_card":"summary_large_image","twitter_misc":{"Tiempo de lectura":"2 minutos"},"schema":{"@context":"https:\/\/schema.org","@graph":[{"@type":"WebPage","@id":"https:\/\/www.csj-emballages.com\/es\/produit\/300-bolsas-de-matadero-liadas-60-x-100-cm-50-%c2%b5\/","url":"https:\/\/www.csj-emballages.com\/es\/produit\/300-bolsas-de-matadero-liadas-60-x-100-cm-50-%c2%b5\/","name":"Bolsa de sacrificio 50 \u00b5 - 60 x 100 cm","isPartOf":{"@id":"https:\/\/www.csj-emballages.com\/es\/#website"},"primaryImageOfPage":{"@id":"https:\/\/www.csj-emballages.com\/es\/produit\/300-bolsas-de-matadero-liadas-60-x-100-cm-50-%c2%b5\/#primaryimage"},"image":{"@id":"https:\/\/www.csj-emballages.com\/es\/produit\/300-bolsas-de-matadero-liadas-60-x-100-cm-50-%c2%b5\/#primaryimage"},"thumbnailUrl":"https:\/\/www.csj-emballages.com\/wp-content\/uploads\/2024\/03\/sac-abattoir.webp","datePublished":"2024-03-01T15:50:09+00:00","dateModified":"2026-04-29T00:17:32+00:00","description":"Bolsa para matadero plegada 60 x 100 cm 50 \u00b5 por 250: robusta, flexible y adaptada a entornos exigentes, ideal para el almacenamiento y el transporte de residuos.","breadcrumb":{"@id":"https:\/\/www.csj-emballages.com\/es\/produit\/300-bolsas-de-matadero-liadas-60-x-100-cm-50-%c2%b5\/#breadcrumb"},"inLanguage":"es","potentialAction":[{"@type":"ReadAction","target":["https:\/\/www.csj-emballages.com\/es\/produit\/300-bolsas-de-matadero-liadas-60-x-100-cm-50-%c2%b5\/"]}]},{"@type":"ImageObject","inLanguage":"es","@id":"https:\/\/www.csj-emballages.com\/es\/produit\/300-bolsas-de-matadero-liadas-60-x-100-cm-50-%c2%b5\/#primaryimage","url":"https:\/\/www.csj-emballages.com\/wp-content\/uploads\/2024\/03\/sac-abattoir.webp","contentUrl":"https:\/\/www.csj-emballages.com\/wp-content\/uploads\/2024\/03\/sac-abattoir.webp","width":801,"height":800,"caption":"sac abattoir"},{"@type":"BreadcrumbList","@id":"https:\/\/www.csj-emballages.com\/es\/produit\/300-bolsas-de-matadero-liadas-60-x-100-cm-50-%c2%b5\/#breadcrumb","itemListElement":[{"@type":"ListItem","position":1,"name":"Accueil","item":"https:\/\/www.csj-emballages.com\/es\/universo-del-envasado-alimentario\/"},{"@type":"ListItem","position":2,"name":"Tienda","item":"https:\/\/www.csj-emballages.com\/tienda\/"},{"@type":"ListItem","position":3,"name":"Bolsa para matadero plegada 60 x 100 cm 50 \u00b5 por 250"}]},{"@type":"WebSite","@id":"https:\/\/www.csj-emballages.com\/es\/#website","url":"https:\/\/www.csj-emballages.com\/es\/","name":"CSJ Emballages","description":"","publisher":{"@id":"https:\/\/www.csj-emballages.com\/es\/#organization"},"potentialAction":[{"@type":"SearchAction","target":{"@type":"EntryPoint","urlTemplate":"https:\/\/www.csj-emballages.com\/es\/?s={search_term_string}"},"query-input":{"@type":"PropertyValueSpecification","valueRequired":true,"valueName":"search_term_string"}}],"inLanguage":"es"},{"@type":"Organization","@id":"https:\/\/www.csj-emballages.com\/es\/#Organization\/","name":"CSJ Emballages","url":"https:\/\/www.csj-emballages.com\/es\/","logo":{"@type":"ImageObject","inLanguage":"es","@id":"https:\/\/www.csj-emballages.com\/es\/#\/schema\/logo\/image\/","url":"https:\/\/www.csj-emballages.com\/wp-content\/uploads\/2023\/10\/logo_csj.webp","contentUrl":"https:\/\/www.csj-emballages.com\/wp-content\/uploads\/2023\/10\/logo_csj.webp","width":250,"height":95,"caption":"CSJ Emballages"},"image":{"@id":"https:\/\/www.csj-emballages.com\/es\/#\/schema\/logo\/image\/"},"sameAs":["https:\/\/www.facebook.com\/csjemballages"],"address":{"@type":"PostalAddress","streetAddress":"ZI La Lechere","addressLocality":"Patornay","postalCode":"39130","addressCountry":"FR"},"contactPoint":[{"@type":"ContactPoint","contactType":"Service client","telephone":"0384254272","email":"contact@csj-emballages.com"}]}]}},"df_price":82.8,"df_sale_price":"","df_regular_price":82.8,"df_image_link":"https:\/\/www.csj-emballages.com\/wp-content\/uploads\/2024\/03\/sac-abattoir-300x300.webp","tiered_pricing_type":"fixed","tiered_pricing_fixed_rules":[],"tiered_pricing_percentage_rules":[],"tiered_pricing_minimum":1,"tiered_pricing_roles_data":[],"_links":{"self":[{"href":"https:\/\/www.csj-emballages.com\/es\/wp-json\/wp\/v2\/product\/23102","targetHints":{"allow":["GET"]}}],"collection":[{"href":"https:\/\/www.csj-emballages.com\/es\/wp-json\/wp\/v2\/product"}],"about":[{"href":"https:\/\/www.csj-emballages.com\/es\/wp-json\/wp\/v2\/types\/product"}],"wp:featuredmedia":[{"embeddable":true,"href":"https:\/\/www.csj-emballages.com\/es\/wp-json\/wp\/v2\/media\/209353"}],"wp:attachment":[{"href":"https:\/\/www.csj-emballages.com\/es\/wp-json\/wp\/v2\/media?parent=23102"}],"wp:term":[{"taxonomy":"product_brand","embeddable":true,"href":"https:\/\/www.csj-emballages.com\/es\/wp-json\/wp\/v2\/product_brand?post=23102"},{"taxonomy":"product_cat","embeddable":true,"href":"https:\/\/www.csj-emballages.com\/es\/wp-json\/wp\/v2\/product_cat?post=23102"},{"taxonomy":"product_tag","embeddable":true,"href":"https:\/\/www.csj-emballages.com\/es\/wp-json\/wp\/v2\/product_tag?post=23102"}],"curies":[{"name":"wp","href":"https:\/\/api.w.org\/{rel}","templated":true}]}}