{"id":23096,"date":"2024-03-01T16:50:10","date_gmt":"2024-03-01T15:50:10","guid":{"rendered":"https:\/\/u15jnbdpoq.preview.infomaniak.website\/produit\/100-bandoleras-biodegradables-26-12-x-45-cm-14-%c2%b5\/"},"modified":"2026-04-28T16:01:40","modified_gmt":"2026-04-28T14:01:40","slug":"100-bandoleras-biodegradables-26-12-x-45-cm-14-%c2%b5","status":"publish","type":"product","link":"https:\/\/www.csj-emballages.com\/es\/produit\/100-bandoleras-biodegradables-26-12-x-45-cm-14-%c2%b5\/","title":{"rendered":"Bolsa bandolera biodegradable 26 + 12 x 45 cm 14 \u00b5 por 100"},"content":{"rendered":"<h2>Bolsa biodegradable<\/h2>\n<hr>\n<h3><strong>Descripci\u00f3n de nuestra bolsa bandolera biodegradable 26 + 12 x 45 cm 14 \u00b5 por 100<\/strong><\/h3>\n<p><!--more--><\/p>\n<p data-start=\"260\" data-end=\"661\">Esta <strong>bolsa biodegradable con asas<\/strong> es una soluci\u00f3n sencilla y eficaz para transportar productos cotidianos a la vez que se realiza un gesto concreto por el medio ambiente. Con su formato de <strong data-start=\"443\" data-end=\"462\">26 + 12 x 45 cm<\/strong>, ofrece un buen volumen de carga sin ser voluminosa. Se pueden deslizar f\u00e1cilmente art\u00edculos alimenticios, productos de mercado, platos para llevar o incluso compras ligeras o medianas.  <\/p>\n<p data-start=\"663\" data-end=\"1061\">Gracias a sus <strong data-start=\"675\" data-end=\"698\">asas integradas<\/strong>, el <strong>agarre sigue siendo c\u00f3modo<\/strong>. La <strong>bolsa<\/strong> se transporta f\u00e1cilmente, incluso cuando el contenido empieza a pesar un poco. Su grosor de <strong data-start=\"827\" data-end=\"841\">14 micras<\/strong> garantiza una buena resistencia para un uso corriente, sin dejar de ser flexible y agradable de manipular. No da esa sensaci\u00f3n de bolsa demasiado r\u00edgida o fr\u00e1gil: se nota que est\u00e1 pensada para un uso profesional regular.   <\/p>\n<p data-start=\"1063\" data-end=\"1434\">Pero lo que realmente marca la diferencia es su <strong data-start=\"1114\" data-end=\"1141\">car\u00e1cter biodegradable<\/strong>. Esta bolsa est\u00e1 dise\u00f1ada para limitar el impacto en el medio ambiente, lo que la convierte en una opci\u00f3n coherente para los comercios comprometidos, los mercados, las tiendas de comestibles, los restaurantes o las colectividades. Su aspecto visual sobrio, con un mensaje ecol\u00f3gico claro, refuerza esta imagen responsable ante los clientes.  <\/p>\n<p data-start=\"1436\" data-end=\"1693\">Se vende <strong data-start=\"1442\" data-end=\"1460\">en lote de 100<\/strong>, lo que permite gestionar f\u00e1cilmente el stock sin sobrecargar el espacio de almacenamiento. Es un formato pr\u00e1ctico para los profesionales que buscan un buen compromiso entre funcionalidad, conciencia ecol\u00f3gica y sencillez de uso. <\/p>\n<p data-start=\"1695\" data-end=\"1907\">En resumen, esta <strong>bolsa biodegradable con asas<\/strong> cumple todos los requisitos: pr\u00e1ctica, resistente para un uso corriente, f\u00e1cil de distribuir y acorde con las expectativas actuales en materia de embalajes m\u00e1s responsables.<\/p>\n<p data-start=\"1695\" data-end=\"1907\">\n<p data-start=\"1695\" data-end=\"1907\"><!--more--><\/p>\n<h4 data-start=\"1695\" data-end=\"1907\">Ventajas :<\/h4>\n<ul>\n<li data-start=\"1935\" data-end=\"1983\">Formato polivalente adaptado a numerosos usos.<\/li>\n<li data-start=\"1986\" data-end=\"2022\"><strong>Asas s\u00f3lidas<\/strong> y c\u00f3modas.<\/li>\n<li data-start=\"2025\" data-end=\"2067\"><strong>Grosor de 14 \u00b5<\/strong> ideal para el d\u00eda a d\u00eda.<\/li>\n<li data-start=\"2070\" data-end=\"2127\">Bolsa biodegradable, m\u00e1s respetuosa con el medio ambiente.<\/li>\n<li data-start=\"2130\" data-end=\"2174\">Lote de <strong>100<\/strong> pr\u00e1ctico para los profesionales.<\/li>\n<\/ul>\n<p>&nbsp;<\/p>\n<p><!--more--><\/p>\n<h4>Informaci\u00f3n adicional :<\/h4>\n<ul>\n<li><strong>Embalaje<\/strong>: Paquete de 100<\/li>\n<li><strong>Resistencia<\/strong>: 14 micras<\/li>\n<li><strong>Dimensiones<\/strong>: 260 mm x 120 x 450 mm<\/li>\n<li><strong>Material<\/strong>: m\u00ednimo 50% de material biodegradable<\/li>\n<\/ul>\n<h2><\/h2>\n<p><!--more--><\/p>\n<p><a href=\"https:\/\/www.csj-emballages.com\/es\/categorie-produit\/envasado-de-alimentos\/catering-es\/bolsas-y-papel\/bolsos-bandolera-artesania-es\/bolsas-de-plastico\/\">Ver el resto de nuestra gama de bolsas de pl\u00e1stico<\/a><\/p>\n","protected":false},"excerpt":{"rendered":"<p>Bolsa biodegradable Descripci\u00f3n de nuestra bolsa bandolera biodegradable 26 + 12 x 45 cm 14 \u00b5 por 100<\/p>\n","protected":false},"featured_media":207234,"template":"","meta":{"_acf_changed":false},"product_brand":[],"product_cat":[1150,1179,3880,2804,9201,1488,1881,3278,1163,6694],"product_tag":[],"class_list":{"0":"post-23096","1":"product","2":"type-product","3":"status-publish","4":"has-post-thumbnail","6":"product_cat-envasado-de-alimentos","7":"product_cat-catering-es","8":"product_cat-bolsas-y-papel","9":"product_cat-bolsos-bandolera-artesania-es","10":"product_cat-bolsas-de-plastico","11":"product_cat-tienda-y-almacen","12":"product_cat-bolsos-bandolera-artesania","13":"product_cat-bandoleras","14":"product_cat-gama-ecologica","15":"product_cat-bolsas-ecologicas-es","17":"first","18":"instock","19":"taxable","20":"shipping-taxable","21":"purchasable","22":"product-type-simple"},"acf":[],"yoast_head":"<!-- This site is optimized with the Yoast SEO Premium plugin v26.6 (Yoast SEO v26.6) - https:\/\/yoast.com\/wordpress\/plugins\/seo\/ -->\n<title>Bolsa Biodegradable con Asas 26 + 12 x 45 cm 14 \u00b5 por 100<\/title>\n<meta name=\"description\" content=\"Bolsa biodegradable con asas 26+12x45 cm, 14 \u00b5, se vende por 100. Pr\u00e1ctica, resistente e ideal para comercios comprometidos con un enfoque eco-responsable.\" \/>\n<meta name=\"robots\" content=\"index, follow, max-snippet:-1, max-image-preview:large, max-video-preview:-1\" \/>\n<link rel=\"canonical\" href=\"https:\/\/www.csj-emballages.com\/es\/produit\/100-bandoleras-biodegradables-26-12-x-45-cm-14-%c2%b5\/\" \/>\n<meta property=\"og:locale\" content=\"es_ES\" \/>\n<meta property=\"og:type\" content=\"article\" \/>\n<meta property=\"og:title\" content=\"Bolsa bandolera biodegradable 26 + 12 x 45 cm 14 \u00b5 por 100\" \/>\n<meta property=\"og:description\" content=\"Bolsa biodegradable con asas 26+12x45 cm, 14 \u00b5, se vende por 100. Pr\u00e1ctica, resistente e ideal para comercios comprometidos con un enfoque eco-responsable.\" \/>\n<meta property=\"og:url\" content=\"https:\/\/www.csj-emballages.com\/es\/produit\/100-bandoleras-biodegradables-26-12-x-45-cm-14-%c2%b5\/\" \/>\n<meta property=\"og:site_name\" content=\"CSJ Emballages\" \/>\n<meta property=\"article:publisher\" content=\"https:\/\/www.facebook.com\/csjemballages\" \/>\n<meta property=\"article:modified_time\" content=\"2026-04-28T14:01:40+00:00\" \/>\n<meta property=\"og:image\" content=\"https:\/\/www.csj-emballages.com\/wp-content\/uploads\/2024\/03\/SAC5045BIO.webp\" \/>\n\t<meta property=\"og:image:width\" content=\"801\" \/>\n\t<meta property=\"og:image:height\" content=\"801\" \/>\n\t<meta property=\"og:image:type\" content=\"image\/webp\" \/>\n<meta name=\"twitter:card\" content=\"summary_large_image\" \/>\n<meta name=\"twitter:label1\" content=\"Tiempo de lectura\" \/>\n\t<meta name=\"twitter:data1\" content=\"2 minutos\" \/>\n<script type=\"application\/ld+json\" class=\"yoast-schema-graph\">{\"@context\":\"https:\/\/schema.org\",\"@graph\":[{\"@type\":\"WebPage\",\"@id\":\"https:\/\/www.csj-emballages.com\/es\/produit\/100-bandoleras-biodegradables-26-12-x-45-cm-14-%c2%b5\/\",\"url\":\"https:\/\/www.csj-emballages.com\/es\/produit\/100-bandoleras-biodegradables-26-12-x-45-cm-14-%c2%b5\/\",\"name\":\"Bolsa Biodegradable con Asas 26 + 12 x 45 cm 14 \u00b5 por 100\",\"isPartOf\":{\"@id\":\"https:\/\/www.csj-emballages.com\/es\/#website\"},\"primaryImageOfPage\":{\"@id\":\"https:\/\/www.csj-emballages.com\/es\/produit\/100-bandoleras-biodegradables-26-12-x-45-cm-14-%c2%b5\/#primaryimage\"},\"image\":{\"@id\":\"https:\/\/www.csj-emballages.com\/es\/produit\/100-bandoleras-biodegradables-26-12-x-45-cm-14-%c2%b5\/#primaryimage\"},\"thumbnailUrl\":\"https:\/\/www.csj-emballages.com\/wp-content\/uploads\/2024\/03\/SAC5045BIO.webp\",\"datePublished\":\"2024-03-01T15:50:10+00:00\",\"dateModified\":\"2026-04-28T14:01:40+00:00\",\"description\":\"Bolsa biodegradable con asas 26+12x45 cm, 14 \u00b5, se vende por 100. Pr\u00e1ctica, resistente e ideal para comercios comprometidos con un enfoque eco-responsable.\",\"breadcrumb\":{\"@id\":\"https:\/\/www.csj-emballages.com\/es\/produit\/100-bandoleras-biodegradables-26-12-x-45-cm-14-%c2%b5\/#breadcrumb\"},\"inLanguage\":\"es\",\"potentialAction\":[{\"@type\":\"ReadAction\",\"target\":[\"https:\/\/www.csj-emballages.com\/es\/produit\/100-bandoleras-biodegradables-26-12-x-45-cm-14-%c2%b5\/\"]}]},{\"@type\":\"ImageObject\",\"inLanguage\":\"es\",\"@id\":\"https:\/\/www.csj-emballages.com\/es\/produit\/100-bandoleras-biodegradables-26-12-x-45-cm-14-%c2%b5\/#primaryimage\",\"url\":\"https:\/\/www.csj-emballages.com\/wp-content\/uploads\/2024\/03\/SAC5045BIO.webp\",\"contentUrl\":\"https:\/\/www.csj-emballages.com\/wp-content\/uploads\/2024\/03\/SAC5045BIO.webp\",\"width\":801,\"height\":801,\"caption\":\"sac biod\u00e9gradable\"},{\"@type\":\"BreadcrumbList\",\"@id\":\"https:\/\/www.csj-emballages.com\/es\/produit\/100-bandoleras-biodegradables-26-12-x-45-cm-14-%c2%b5\/#breadcrumb\",\"itemListElement\":[{\"@type\":\"ListItem\",\"position\":1,\"name\":\"Accueil\",\"item\":\"https:\/\/www.csj-emballages.com\/es\/universo-del-envasado-alimentario\/\"},{\"@type\":\"ListItem\",\"position\":2,\"name\":\"Tienda\",\"item\":\"https:\/\/www.csj-emballages.com\/tienda\/\"},{\"@type\":\"ListItem\",\"position\":3,\"name\":\"Bolsa bandolera biodegradable 26 + 12 x 45 cm 14 \u00b5 por 100\"}]},{\"@type\":\"WebSite\",\"@id\":\"https:\/\/www.csj-emballages.com\/es\/#website\",\"url\":\"https:\/\/www.csj-emballages.com\/es\/\",\"name\":\"CSJ Emballages\",\"description\":\"\",\"publisher\":{\"@id\":\"https:\/\/www.csj-emballages.com\/es\/#organization\"},\"potentialAction\":[{\"@type\":\"SearchAction\",\"target\":{\"@type\":\"EntryPoint\",\"urlTemplate\":\"https:\/\/www.csj-emballages.com\/es\/?s={search_term_string}\"},\"query-input\":{\"@type\":\"PropertyValueSpecification\",\"valueRequired\":true,\"valueName\":\"search_term_string\"}}],\"inLanguage\":\"es\"},{\"@type\":\"Organization\",\"@id\":\"https:\/\/www.csj-emballages.com\/es\/#Organization\/\",\"name\":\"CSJ Emballages\",\"url\":\"https:\/\/www.csj-emballages.com\/es\/\",\"logo\":{\"@type\":\"ImageObject\",\"inLanguage\":\"es\",\"@id\":\"https:\/\/www.csj-emballages.com\/es\/#\/schema\/logo\/image\/\",\"url\":\"https:\/\/www.csj-emballages.com\/wp-content\/uploads\/2023\/10\/logo_csj.webp\",\"contentUrl\":\"https:\/\/www.csj-emballages.com\/wp-content\/uploads\/2023\/10\/logo_csj.webp\",\"width\":250,\"height\":95,\"caption\":\"CSJ Emballages\"},\"image\":{\"@id\":\"https:\/\/www.csj-emballages.com\/es\/#\/schema\/logo\/image\/\"},\"sameAs\":[\"https:\/\/www.facebook.com\/csjemballages\"],\"address\":{\"@type\":\"PostalAddress\",\"streetAddress\":\"ZI La Lechere\",\"addressLocality\":\"Patornay\",\"postalCode\":\"39130\",\"addressCountry\":\"FR\"},\"contactPoint\":[{\"@type\":\"ContactPoint\",\"contactType\":\"Service client\",\"telephone\":\"0384254272\",\"email\":\"contact@csj-emballages.com\"}]}]}<\/script>\n<!-- \/ Yoast SEO Premium plugin. -->","yoast_head_json":{"title":"Bolsa Biodegradable con Asas 26 + 12 x 45 cm 14 \u00b5 por 100","description":"Bolsa biodegradable con asas 26+12x45 cm, 14 \u00b5, se vende por 100. Pr\u00e1ctica, resistente e ideal para comercios comprometidos con un enfoque eco-responsable.","robots":{"index":"index","follow":"follow","max-snippet":"max-snippet:-1","max-image-preview":"max-image-preview:large","max-video-preview":"max-video-preview:-1"},"canonical":"https:\/\/www.csj-emballages.com\/es\/produit\/100-bandoleras-biodegradables-26-12-x-45-cm-14-%c2%b5\/","og_locale":"es_ES","og_type":"article","og_title":"Bolsa bandolera biodegradable 26 + 12 x 45 cm 14 \u00b5 por 100","og_description":"Bolsa biodegradable con asas 26+12x45 cm, 14 \u00b5, se vende por 100. Pr\u00e1ctica, resistente e ideal para comercios comprometidos con un enfoque eco-responsable.","og_url":"https:\/\/www.csj-emballages.com\/es\/produit\/100-bandoleras-biodegradables-26-12-x-45-cm-14-%c2%b5\/","og_site_name":"CSJ Emballages","article_publisher":"https:\/\/www.facebook.com\/csjemballages","article_modified_time":"2026-04-28T14:01:40+00:00","og_image":[{"width":801,"height":801,"url":"https:\/\/www.csj-emballages.com\/wp-content\/uploads\/2024\/03\/SAC5045BIO.webp","type":"image\/webp"}],"twitter_card":"summary_large_image","twitter_misc":{"Tiempo de lectura":"2 minutos"},"schema":{"@context":"https:\/\/schema.org","@graph":[{"@type":"WebPage","@id":"https:\/\/www.csj-emballages.com\/es\/produit\/100-bandoleras-biodegradables-26-12-x-45-cm-14-%c2%b5\/","url":"https:\/\/www.csj-emballages.com\/es\/produit\/100-bandoleras-biodegradables-26-12-x-45-cm-14-%c2%b5\/","name":"Bolsa Biodegradable con Asas 26 + 12 x 45 cm 14 \u00b5 por 100","isPartOf":{"@id":"https:\/\/www.csj-emballages.com\/es\/#website"},"primaryImageOfPage":{"@id":"https:\/\/www.csj-emballages.com\/es\/produit\/100-bandoleras-biodegradables-26-12-x-45-cm-14-%c2%b5\/#primaryimage"},"image":{"@id":"https:\/\/www.csj-emballages.com\/es\/produit\/100-bandoleras-biodegradables-26-12-x-45-cm-14-%c2%b5\/#primaryimage"},"thumbnailUrl":"https:\/\/www.csj-emballages.com\/wp-content\/uploads\/2024\/03\/SAC5045BIO.webp","datePublished":"2024-03-01T15:50:10+00:00","dateModified":"2026-04-28T14:01:40+00:00","description":"Bolsa biodegradable con asas 26+12x45 cm, 14 \u00b5, se vende por 100. Pr\u00e1ctica, resistente e ideal para comercios comprometidos con un enfoque eco-responsable.","breadcrumb":{"@id":"https:\/\/www.csj-emballages.com\/es\/produit\/100-bandoleras-biodegradables-26-12-x-45-cm-14-%c2%b5\/#breadcrumb"},"inLanguage":"es","potentialAction":[{"@type":"ReadAction","target":["https:\/\/www.csj-emballages.com\/es\/produit\/100-bandoleras-biodegradables-26-12-x-45-cm-14-%c2%b5\/"]}]},{"@type":"ImageObject","inLanguage":"es","@id":"https:\/\/www.csj-emballages.com\/es\/produit\/100-bandoleras-biodegradables-26-12-x-45-cm-14-%c2%b5\/#primaryimage","url":"https:\/\/www.csj-emballages.com\/wp-content\/uploads\/2024\/03\/SAC5045BIO.webp","contentUrl":"https:\/\/www.csj-emballages.com\/wp-content\/uploads\/2024\/03\/SAC5045BIO.webp","width":801,"height":801,"caption":"sac biod\u00e9gradable"},{"@type":"BreadcrumbList","@id":"https:\/\/www.csj-emballages.com\/es\/produit\/100-bandoleras-biodegradables-26-12-x-45-cm-14-%c2%b5\/#breadcrumb","itemListElement":[{"@type":"ListItem","position":1,"name":"Accueil","item":"https:\/\/www.csj-emballages.com\/es\/universo-del-envasado-alimentario\/"},{"@type":"ListItem","position":2,"name":"Tienda","item":"https:\/\/www.csj-emballages.com\/tienda\/"},{"@type":"ListItem","position":3,"name":"Bolsa bandolera biodegradable 26 + 12 x 45 cm 14 \u00b5 por 100"}]},{"@type":"WebSite","@id":"https:\/\/www.csj-emballages.com\/es\/#website","url":"https:\/\/www.csj-emballages.com\/es\/","name":"CSJ Emballages","description":"","publisher":{"@id":"https:\/\/www.csj-emballages.com\/es\/#organization"},"potentialAction":[{"@type":"SearchAction","target":{"@type":"EntryPoint","urlTemplate":"https:\/\/www.csj-emballages.com\/es\/?s={search_term_string}"},"query-input":{"@type":"PropertyValueSpecification","valueRequired":true,"valueName":"search_term_string"}}],"inLanguage":"es"},{"@type":"Organization","@id":"https:\/\/www.csj-emballages.com\/es\/#Organization\/","name":"CSJ Emballages","url":"https:\/\/www.csj-emballages.com\/es\/","logo":{"@type":"ImageObject","inLanguage":"es","@id":"https:\/\/www.csj-emballages.com\/es\/#\/schema\/logo\/image\/","url":"https:\/\/www.csj-emballages.com\/wp-content\/uploads\/2023\/10\/logo_csj.webp","contentUrl":"https:\/\/www.csj-emballages.com\/wp-content\/uploads\/2023\/10\/logo_csj.webp","width":250,"height":95,"caption":"CSJ Emballages"},"image":{"@id":"https:\/\/www.csj-emballages.com\/es\/#\/schema\/logo\/image\/"},"sameAs":["https:\/\/www.facebook.com\/csjemballages"],"address":{"@type":"PostalAddress","streetAddress":"ZI La Lechere","addressLocality":"Patornay","postalCode":"39130","addressCountry":"FR"},"contactPoint":[{"@type":"ContactPoint","contactType":"Service client","telephone":"0384254272","email":"contact@csj-emballages.com"}]}]}},"df_price":6.25,"df_sale_price":"","df_regular_price":6.25,"df_image_link":"https:\/\/www.csj-emballages.com\/wp-content\/uploads\/2024\/03\/SAC5045BIO-300x300.webp","tiered_pricing_type":"fixed","tiered_pricing_fixed_rules":[],"tiered_pricing_percentage_rules":[],"tiered_pricing_minimum":1,"tiered_pricing_roles_data":[],"_links":{"self":[{"href":"https:\/\/www.csj-emballages.com\/es\/wp-json\/wp\/v2\/product\/23096","targetHints":{"allow":["GET"]}}],"collection":[{"href":"https:\/\/www.csj-emballages.com\/es\/wp-json\/wp\/v2\/product"}],"about":[{"href":"https:\/\/www.csj-emballages.com\/es\/wp-json\/wp\/v2\/types\/product"}],"wp:featuredmedia":[{"embeddable":true,"href":"https:\/\/www.csj-emballages.com\/es\/wp-json\/wp\/v2\/media\/207234"}],"wp:attachment":[{"href":"https:\/\/www.csj-emballages.com\/es\/wp-json\/wp\/v2\/media?parent=23096"}],"wp:term":[{"taxonomy":"product_brand","embeddable":true,"href":"https:\/\/www.csj-emballages.com\/es\/wp-json\/wp\/v2\/product_brand?post=23096"},{"taxonomy":"product_cat","embeddable":true,"href":"https:\/\/www.csj-emballages.com\/es\/wp-json\/wp\/v2\/product_cat?post=23096"},{"taxonomy":"product_tag","embeddable":true,"href":"https:\/\/www.csj-emballages.com\/es\/wp-json\/wp\/v2\/product_tag?post=23096"}],"curies":[{"name":"wp","href":"https:\/\/api.w.org\/{rel}","templated":true}]}}