{"id":23081,"date":"2024-03-01T16:50:11","date_gmt":"2024-03-01T15:50:11","guid":{"rendered":"https:\/\/u15jnbdpoq.preview.infomaniak.website\/produit\/500-bolsas-de-plastico-pescadero-26-12-x-45-cm-50-%c2%b5\/"},"modified":"2026-04-24T02:16:07","modified_gmt":"2026-04-24T00:16:07","slug":"500-bolsas-de-plastico-pescadero-26-12-x-45-cm-50-%c2%b5","status":"publish","type":"product","link":"https:\/\/www.csj-emballages.com\/es\/produit\/500-bolsas-de-plastico-pescadero-26-12-x-45-cm-50-%c2%b5\/","title":{"rendered":"Bolsa bandolera \u00abpescadero\u00bb 26 + 12 x 45 cm 50 \u00b5 PEBD por 500"},"content":{"rendered":"<h2>Bolso bandolera de pescadero<\/h2>\n<hr>\n<h3>Descripci\u00f3n de nuestra bolsa bandolera de polietileno de baja densidad \u00abPoissonnerie\u00bb 26 + 12 x 45 cm 50 \u00b5, paquete de 500 unidades<\/h3>\n<p><!--more--><\/p>\n<div style=\"box-sizing: inherit; font-family: Roboto, sans-serif;\">\n<p>Descubre la <strong>bolsa bandolera \u00abPescader\u00eda<\/strong> \u00bb de <strong>PEBD<\/strong> (polietileno de baja densidad), dise\u00f1ada para transportar tus productos frescos con practicidad y robustez. Con sus generosas dimensiones de <strong>26 + 12 x 45 cm<\/strong> y su grosor de <strong>50 \u00b5<\/strong>, ofrece una resistencia \u00f3ptima para tus necesidades diarias. <\/p>\n<p>Esta <strong>bolsa<\/strong>, con su dise\u00f1o tradicional<strong>de \u00abPoissonnerie<\/strong>\u00ab, a\u00f1ade un toque aut\u00e9ntico a tu envasado, al tiempo que realza el valor de tus productos. Envasada en lotes de <strong>500<\/strong> unidades, es perfecta para tiendas de alimentaci\u00f3n, mercados y tiendas delicatessen. <\/p>\n<\/div>\n<p>&nbsp;<\/p>\n<p><!--more--><\/p>\n<div style=\"box-sizing: inherit; font-family: Roboto, sans-serif;\">\n<p>Estas <strong>bolsas para peces<\/strong> son a\u00fan m\u00e1s pr\u00e1cticas, con 2 fuelles laterales para mayor capacidad de almacenamiento.<\/p>\n<\/div>\n<p>&nbsp;<\/p>\n<p><!--more--><\/p>\n<div style=\"box-sizing: inherit; font-family: Roboto, sans-serif;\">\n<div style=\"box-sizing: inherit; font-family: Roboto, sans-serif;\">\n<div style=\"box-sizing: inherit; font-family: Roboto, sans-serif;\">\n<div style=\"box-sizing: inherit; font-family: Roboto, sans-serif;\">\n<h4>Informaci\u00f3n adicional :<\/h4>\n<ul>\n<li><strong>Dimensiones: <\/strong>260 + 120 x 450 mm<\/li>\n<li><strong>Material : <\/strong>LDPE<\/li>\n<li><strong>Resistencia<\/strong>: 50 micras<\/li>\n<li><strong>Embalaje : <\/strong>Caja de 500<\/li>\n<li><strong>Color: <\/strong>Azul con estampados<\/li>\n<\/ul>\n<\/div>\n<p>&nbsp;<\/p>\n<\/div>\n<\/div>\n<\/div>\n<p><!--more--><\/p>\n<p>Este producto est\u00e1 disponible en distintas versiones, adaptadas a diferentes profesiones: <span style=\"color: #d12727;\"><a style=\"color: #d12727;\" href=\"https:\/\/www.csj-emballages.com\/es\/produit\/500-bolsas-de-polietileno-de-baja-densidad-fromage-de-pays-26-12-x-45-cm-50-%c2%b5\/\">Queso l\u00e1cteo<\/a><\/span> \/ <span style=\"color: #d12727;\"><a style=\"color: #d12727;\" href=\"https:\/\/www.csj-emballages.com\/produit\/500-sacs-bretelles-boucherie-26-12-x-45-cm-50-%c2%b5-en-plastique\/\">Carniceros<\/a><\/span> \/ <span style=\"color: #d12727;\"><a style=\"color: #d12727;\" href=\"https:\/\/www.csj-emballages.com\/produit\/500-sacs-bretelles-primeurs-26-12-x-45-cm-50-%c2%b5-en-pebd\/\">Primeur<\/a><\/span><\/p>\n<p>&nbsp;<\/p>\n<p><!--more--><\/p>\n<p><a href=\"https:\/\/www.csj-emballages.com\/es\/categorie-produit\/envasado-de-alimentos\/catering-es\/bolsas-y-papel\/bolsos-bandolera-artesania-es\/bolsas-de-plastico\/\">Ver el resto de nuestra gama de bolsas de pl\u00e1stico<\/a><\/p>\n","protected":false},"excerpt":{"rendered":"<p>Bolso bandolera de pescadero Descripci\u00f3n de nuestra bolsa bandolera de polietileno de baja densidad \u00abPoissonnerie\u00bb 26 + 12 x 45 cm 50 \u00b5, paquete de 500 unidades<\/p>\n","protected":false},"featured_media":255644,"template":"","meta":{"_acf_changed":false},"product_brand":[],"product_cat":[1150,1179,3880,2804,9201,1488,1881,3278],"product_tag":[],"class_list":{"0":"post-23081","1":"product","2":"type-product","3":"status-publish","4":"has-post-thumbnail","6":"product_cat-envasado-de-alimentos","7":"product_cat-catering-es","8":"product_cat-bolsas-y-papel","9":"product_cat-bolsos-bandolera-artesania-es","10":"product_cat-bolsas-de-plastico","11":"product_cat-tienda-y-almacen","12":"product_cat-bolsos-bandolera-artesania","13":"product_cat-bandoleras","15":"first","16":"instock","17":"taxable","18":"shipping-taxable","19":"purchasable","20":"product-type-simple"},"acf":[],"yoast_head":"<!-- This site is optimized with the Yoast SEO Premium plugin v26.6 (Yoast SEO v26.6) - https:\/\/yoast.com\/wordpress\/plugins\/seo\/ -->\n<title>Bolsa bandolera de pescadero de polietileno de baja densidad de 50\u00b5 - 26 + 12 x 45 cm<\/title>\n<meta name=\"description\" content=\"Bolsa bandolera &quot;pescadero&quot; 26 + 12 x 45 cm, 50 \u00b5 LDPE, ideal para envasar sus productos del mar. Resistentes y pr\u00e1cticas, se venden en paquetes de 500 unidades.\" \/>\n<meta name=\"robots\" content=\"index, follow, max-snippet:-1, max-image-preview:large, max-video-preview:-1\" \/>\n<link rel=\"canonical\" href=\"https:\/\/www.csj-emballages.com\/es\/produit\/500-bolsas-de-plastico-pescadero-26-12-x-45-cm-50-%c2%b5\/\" \/>\n<meta property=\"og:locale\" content=\"es_ES\" \/>\n<meta property=\"og:type\" content=\"article\" \/>\n<meta property=\"og:title\" content=\"Bolsa bandolera &quot;pescadero&quot; 26 + 12 x 45 cm 50 \u00b5 PEBD por 500\" \/>\n<meta property=\"og:description\" content=\"Bolsa bandolera &quot;pescadero&quot; 26 + 12 x 45 cm, 50 \u00b5 LDPE, ideal para envasar sus productos del mar. Resistentes y pr\u00e1cticas, se venden en paquetes de 500 unidades.\" \/>\n<meta property=\"og:url\" content=\"https:\/\/www.csj-emballages.com\/es\/produit\/500-bolsas-de-plastico-pescadero-26-12-x-45-cm-50-%c2%b5\/\" \/>\n<meta property=\"og:site_name\" content=\"CSJ Emballages\" \/>\n<meta property=\"article:publisher\" content=\"https:\/\/www.facebook.com\/csjemballages\" \/>\n<meta property=\"article:modified_time\" content=\"2026-04-24T00:16:07+00:00\" \/>\n<meta property=\"og:image\" content=\"https:\/\/www.csj-emballages.com\/wp-content\/uploads\/2024\/03\/SAC2645POI.webp\" \/>\n\t<meta property=\"og:image:width\" content=\"800\" \/>\n\t<meta property=\"og:image:height\" content=\"800\" \/>\n\t<meta property=\"og:image:type\" content=\"image\/webp\" \/>\n<meta name=\"twitter:card\" content=\"summary_large_image\" \/>\n<meta name=\"twitter:label1\" content=\"Tiempo de lectura\" \/>\n\t<meta name=\"twitter:data1\" content=\"1 minuto\" \/>\n<script type=\"application\/ld+json\" class=\"yoast-schema-graph\">{\"@context\":\"https:\/\/schema.org\",\"@graph\":[{\"@type\":\"WebPage\",\"@id\":\"https:\/\/www.csj-emballages.com\/es\/produit\/500-bolsas-de-plastico-pescadero-26-12-x-45-cm-50-%c2%b5\/\",\"url\":\"https:\/\/www.csj-emballages.com\/es\/produit\/500-bolsas-de-plastico-pescadero-26-12-x-45-cm-50-%c2%b5\/\",\"name\":\"Bolsa bandolera de pescadero de polietileno de baja densidad de 50\u00b5 - 26 + 12 x 45 cm\",\"isPartOf\":{\"@id\":\"https:\/\/www.csj-emballages.com\/es\/#website\"},\"primaryImageOfPage\":{\"@id\":\"https:\/\/www.csj-emballages.com\/es\/produit\/500-bolsas-de-plastico-pescadero-26-12-x-45-cm-50-%c2%b5\/#primaryimage\"},\"image\":{\"@id\":\"https:\/\/www.csj-emballages.com\/es\/produit\/500-bolsas-de-plastico-pescadero-26-12-x-45-cm-50-%c2%b5\/#primaryimage\"},\"thumbnailUrl\":\"https:\/\/www.csj-emballages.com\/wp-content\/uploads\/2024\/03\/SAC2645POI.webp\",\"datePublished\":\"2024-03-01T15:50:11+00:00\",\"dateModified\":\"2026-04-24T00:16:07+00:00\",\"description\":\"Bolsa bandolera \\\"pescadero\\\" 26 + 12 x 45 cm, 50 \u00b5 LDPE, ideal para envasar sus productos del mar. Resistentes y pr\u00e1cticas, se venden en paquetes de 500 unidades.\",\"breadcrumb\":{\"@id\":\"https:\/\/www.csj-emballages.com\/es\/produit\/500-bolsas-de-plastico-pescadero-26-12-x-45-cm-50-%c2%b5\/#breadcrumb\"},\"inLanguage\":\"es\",\"potentialAction\":[{\"@type\":\"ReadAction\",\"target\":[\"https:\/\/www.csj-emballages.com\/es\/produit\/500-bolsas-de-plastico-pescadero-26-12-x-45-cm-50-%c2%b5\/\"]}]},{\"@type\":\"ImageObject\",\"inLanguage\":\"es\",\"@id\":\"https:\/\/www.csj-emballages.com\/es\/produit\/500-bolsas-de-plastico-pescadero-26-12-x-45-cm-50-%c2%b5\/#primaryimage\",\"url\":\"https:\/\/www.csj-emballages.com\/wp-content\/uploads\/2024\/03\/SAC2645POI.webp\",\"contentUrl\":\"https:\/\/www.csj-emballages.com\/wp-content\/uploads\/2024\/03\/SAC2645POI.webp\",\"width\":800,\"height\":800,\"caption\":\"Sac bretelle \\\"Poissonnerie\\\"\"},{\"@type\":\"BreadcrumbList\",\"@id\":\"https:\/\/www.csj-emballages.com\/es\/produit\/500-bolsas-de-plastico-pescadero-26-12-x-45-cm-50-%c2%b5\/#breadcrumb\",\"itemListElement\":[{\"@type\":\"ListItem\",\"position\":1,\"name\":\"Accueil\",\"item\":\"https:\/\/www.csj-emballages.com\/es\/universo-del-envasado-alimentario\/\"},{\"@type\":\"ListItem\",\"position\":2,\"name\":\"Tienda\",\"item\":\"https:\/\/www.csj-emballages.com\/tienda\/\"},{\"@type\":\"ListItem\",\"position\":3,\"name\":\"Bolsa bandolera \u00ab\u00a0pescadero\u00a0\u00bb 26 + 12 x 45 cm 50 \u00b5 PEBD por 500\"}]},{\"@type\":\"WebSite\",\"@id\":\"https:\/\/www.csj-emballages.com\/es\/#website\",\"url\":\"https:\/\/www.csj-emballages.com\/es\/\",\"name\":\"CSJ Emballages\",\"description\":\"\",\"publisher\":{\"@id\":\"https:\/\/www.csj-emballages.com\/es\/#organization\"},\"potentialAction\":[{\"@type\":\"SearchAction\",\"target\":{\"@type\":\"EntryPoint\",\"urlTemplate\":\"https:\/\/www.csj-emballages.com\/es\/?s={search_term_string}\"},\"query-input\":{\"@type\":\"PropertyValueSpecification\",\"valueRequired\":true,\"valueName\":\"search_term_string\"}}],\"inLanguage\":\"es\"},{\"@type\":\"Organization\",\"@id\":\"https:\/\/www.csj-emballages.com\/es\/#Organization\/\",\"name\":\"CSJ Emballages\",\"url\":\"https:\/\/www.csj-emballages.com\/es\/\",\"logo\":{\"@type\":\"ImageObject\",\"inLanguage\":\"es\",\"@id\":\"https:\/\/www.csj-emballages.com\/es\/#\/schema\/logo\/image\/\",\"url\":\"https:\/\/www.csj-emballages.com\/wp-content\/uploads\/2023\/10\/logo_csj.webp\",\"contentUrl\":\"https:\/\/www.csj-emballages.com\/wp-content\/uploads\/2023\/10\/logo_csj.webp\",\"width\":250,\"height\":95,\"caption\":\"CSJ Emballages\"},\"image\":{\"@id\":\"https:\/\/www.csj-emballages.com\/es\/#\/schema\/logo\/image\/\"},\"sameAs\":[\"https:\/\/www.facebook.com\/csjemballages\"],\"address\":{\"@type\":\"PostalAddress\",\"streetAddress\":\"ZI La Lechere\",\"addressLocality\":\"Patornay\",\"postalCode\":\"39130\",\"addressCountry\":\"FR\"},\"contactPoint\":[{\"@type\":\"ContactPoint\",\"contactType\":\"Service client\",\"telephone\":\"0384254272\",\"email\":\"contact@csj-emballages.com\"}]}]}<\/script>\n<!-- \/ Yoast SEO Premium plugin. -->","yoast_head_json":{"title":"Bolsa bandolera de pescadero de polietileno de baja densidad de 50\u00b5 - 26 + 12 x 45 cm","description":"Bolsa bandolera \"pescadero\" 26 + 12 x 45 cm, 50 \u00b5 LDPE, ideal para envasar sus productos del mar. Resistentes y pr\u00e1cticas, se venden en paquetes de 500 unidades.","robots":{"index":"index","follow":"follow","max-snippet":"max-snippet:-1","max-image-preview":"max-image-preview:large","max-video-preview":"max-video-preview:-1"},"canonical":"https:\/\/www.csj-emballages.com\/es\/produit\/500-bolsas-de-plastico-pescadero-26-12-x-45-cm-50-%c2%b5\/","og_locale":"es_ES","og_type":"article","og_title":"Bolsa bandolera \"pescadero\" 26 + 12 x 45 cm 50 \u00b5 PEBD por 500","og_description":"Bolsa bandolera \"pescadero\" 26 + 12 x 45 cm, 50 \u00b5 LDPE, ideal para envasar sus productos del mar. Resistentes y pr\u00e1cticas, se venden en paquetes de 500 unidades.","og_url":"https:\/\/www.csj-emballages.com\/es\/produit\/500-bolsas-de-plastico-pescadero-26-12-x-45-cm-50-%c2%b5\/","og_site_name":"CSJ Emballages","article_publisher":"https:\/\/www.facebook.com\/csjemballages","article_modified_time":"2026-04-24T00:16:07+00:00","og_image":[{"width":800,"height":800,"url":"https:\/\/www.csj-emballages.com\/wp-content\/uploads\/2024\/03\/SAC2645POI.webp","type":"image\/webp"}],"twitter_card":"summary_large_image","twitter_misc":{"Tiempo de lectura":"1 minuto"},"schema":{"@context":"https:\/\/schema.org","@graph":[{"@type":"WebPage","@id":"https:\/\/www.csj-emballages.com\/es\/produit\/500-bolsas-de-plastico-pescadero-26-12-x-45-cm-50-%c2%b5\/","url":"https:\/\/www.csj-emballages.com\/es\/produit\/500-bolsas-de-plastico-pescadero-26-12-x-45-cm-50-%c2%b5\/","name":"Bolsa bandolera de pescadero de polietileno de baja densidad de 50\u00b5 - 26 + 12 x 45 cm","isPartOf":{"@id":"https:\/\/www.csj-emballages.com\/es\/#website"},"primaryImageOfPage":{"@id":"https:\/\/www.csj-emballages.com\/es\/produit\/500-bolsas-de-plastico-pescadero-26-12-x-45-cm-50-%c2%b5\/#primaryimage"},"image":{"@id":"https:\/\/www.csj-emballages.com\/es\/produit\/500-bolsas-de-plastico-pescadero-26-12-x-45-cm-50-%c2%b5\/#primaryimage"},"thumbnailUrl":"https:\/\/www.csj-emballages.com\/wp-content\/uploads\/2024\/03\/SAC2645POI.webp","datePublished":"2024-03-01T15:50:11+00:00","dateModified":"2026-04-24T00:16:07+00:00","description":"Bolsa bandolera \"pescadero\" 26 + 12 x 45 cm, 50 \u00b5 LDPE, ideal para envasar sus productos del mar. Resistentes y pr\u00e1cticas, se venden en paquetes de 500 unidades.","breadcrumb":{"@id":"https:\/\/www.csj-emballages.com\/es\/produit\/500-bolsas-de-plastico-pescadero-26-12-x-45-cm-50-%c2%b5\/#breadcrumb"},"inLanguage":"es","potentialAction":[{"@type":"ReadAction","target":["https:\/\/www.csj-emballages.com\/es\/produit\/500-bolsas-de-plastico-pescadero-26-12-x-45-cm-50-%c2%b5\/"]}]},{"@type":"ImageObject","inLanguage":"es","@id":"https:\/\/www.csj-emballages.com\/es\/produit\/500-bolsas-de-plastico-pescadero-26-12-x-45-cm-50-%c2%b5\/#primaryimage","url":"https:\/\/www.csj-emballages.com\/wp-content\/uploads\/2024\/03\/SAC2645POI.webp","contentUrl":"https:\/\/www.csj-emballages.com\/wp-content\/uploads\/2024\/03\/SAC2645POI.webp","width":800,"height":800,"caption":"Sac bretelle \"Poissonnerie\""},{"@type":"BreadcrumbList","@id":"https:\/\/www.csj-emballages.com\/es\/produit\/500-bolsas-de-plastico-pescadero-26-12-x-45-cm-50-%c2%b5\/#breadcrumb","itemListElement":[{"@type":"ListItem","position":1,"name":"Accueil","item":"https:\/\/www.csj-emballages.com\/es\/universo-del-envasado-alimentario\/"},{"@type":"ListItem","position":2,"name":"Tienda","item":"https:\/\/www.csj-emballages.com\/tienda\/"},{"@type":"ListItem","position":3,"name":"Bolsa bandolera \u00ab\u00a0pescadero\u00a0\u00bb 26 + 12 x 45 cm 50 \u00b5 PEBD por 500"}]},{"@type":"WebSite","@id":"https:\/\/www.csj-emballages.com\/es\/#website","url":"https:\/\/www.csj-emballages.com\/es\/","name":"CSJ Emballages","description":"","publisher":{"@id":"https:\/\/www.csj-emballages.com\/es\/#organization"},"potentialAction":[{"@type":"SearchAction","target":{"@type":"EntryPoint","urlTemplate":"https:\/\/www.csj-emballages.com\/es\/?s={search_term_string}"},"query-input":{"@type":"PropertyValueSpecification","valueRequired":true,"valueName":"search_term_string"}}],"inLanguage":"es"},{"@type":"Organization","@id":"https:\/\/www.csj-emballages.com\/es\/#Organization\/","name":"CSJ Emballages","url":"https:\/\/www.csj-emballages.com\/es\/","logo":{"@type":"ImageObject","inLanguage":"es","@id":"https:\/\/www.csj-emballages.com\/es\/#\/schema\/logo\/image\/","url":"https:\/\/www.csj-emballages.com\/wp-content\/uploads\/2023\/10\/logo_csj.webp","contentUrl":"https:\/\/www.csj-emballages.com\/wp-content\/uploads\/2023\/10\/logo_csj.webp","width":250,"height":95,"caption":"CSJ Emballages"},"image":{"@id":"https:\/\/www.csj-emballages.com\/es\/#\/schema\/logo\/image\/"},"sameAs":["https:\/\/www.facebook.com\/csjemballages"],"address":{"@type":"PostalAddress","streetAddress":"ZI La Lechere","addressLocality":"Patornay","postalCode":"39130","addressCountry":"FR"},"contactPoint":[{"@type":"ContactPoint","contactType":"Service client","telephone":"0384254272","email":"contact@csj-emballages.com"}]}]}},"df_price":28.63,"df_sale_price":"","df_regular_price":28.63,"df_image_link":"https:\/\/www.csj-emballages.com\/wp-content\/uploads\/2024\/03\/SAC2645POI-300x300.webp","tiered_pricing_type":"fixed","tiered_pricing_fixed_rules":[],"tiered_pricing_percentage_rules":[],"tiered_pricing_minimum":1,"tiered_pricing_roles_data":[],"_links":{"self":[{"href":"https:\/\/www.csj-emballages.com\/es\/wp-json\/wp\/v2\/product\/23081","targetHints":{"allow":["GET"]}}],"collection":[{"href":"https:\/\/www.csj-emballages.com\/es\/wp-json\/wp\/v2\/product"}],"about":[{"href":"https:\/\/www.csj-emballages.com\/es\/wp-json\/wp\/v2\/types\/product"}],"wp:featuredmedia":[{"embeddable":true,"href":"https:\/\/www.csj-emballages.com\/es\/wp-json\/wp\/v2\/media\/255644"}],"wp:attachment":[{"href":"https:\/\/www.csj-emballages.com\/es\/wp-json\/wp\/v2\/media?parent=23081"}],"wp:term":[{"taxonomy":"product_brand","embeddable":true,"href":"https:\/\/www.csj-emballages.com\/es\/wp-json\/wp\/v2\/product_brand?post=23081"},{"taxonomy":"product_cat","embeddable":true,"href":"https:\/\/www.csj-emballages.com\/es\/wp-json\/wp\/v2\/product_cat?post=23081"},{"taxonomy":"product_tag","embeddable":true,"href":"https:\/\/www.csj-emballages.com\/es\/wp-json\/wp\/v2\/product_tag?post=23081"}],"curies":[{"name":"wp","href":"https:\/\/api.w.org\/{rel}","templated":true}]}}