{"id":23057,"date":"2024-03-01T16:50:11","date_gmt":"2024-03-01T15:50:11","guid":{"rendered":"https:\/\/u15jnbdpoq.preview.infomaniak.website\/produit\/rollo-de-7-kg-de-papel-de-seda-de-33-cm-de-ancho\/"},"modified":"2026-03-12T16:37:16","modified_gmt":"2026-03-12T15:37:16","slug":"rollo-de-7-kg-de-papel-de-seda-de-33-cm-de-ancho","status":"publish","type":"product","link":"https:\/\/www.csj-emballages.com\/es\/produit\/rollo-de-7-kg-de-papel-de-seda-de-33-cm-de-ancho\/","title":{"rendered":"Rollo de papel tis\u00fa 33 cm ancho 7kg"},"content":{"rendered":"<h2>Rollo de papel de seda<\/h2>\n<hr>\n<h3>Descripci\u00f3n de nuestro rollo de papel tis\u00fa 33 cm ancho 7kg<\/h3>\n<p><!--more--><\/p>\n<p data-start=\"189\" data-end=\"640\">\u00bfBusca una soluci\u00f3n pr\u00e1ctica, econ\u00f3mica y ecol\u00f3gica para proteger sus productos? El <g id=\"gid_0\">rollo de papel tis\u00fa kraft de 33 cm &#8211; 7 kg<\/g> es el aliado ideal para todas sus necesidades de embalaje. Gracias a su <strong data-start=\"408\" data-end=\"419\">finura<\/strong> y <strong data-start=\"428\" data-end=\"441\">flexibilidad<\/strong>, puede utilizarse para multitud de fines, ya sea envolver art\u00edculos fr\u00e1giles, proteger superficies delicadas o a\u00f1adir un toque de presentaci\u00f3n natural a sus paquetes.  <\/p>\n<p data-start=\"642\" data-end=\"1100\">Este <strong>rollo de papel tis\u00fa kraft<\/strong> es famoso por su <strong data-start=\"693\" data-end=\"707\">resistencia<\/strong> a pesar de su ligereza. Permite crear embalajes ordenados y profesionales sin dejar de ser f\u00e1cil de manejar. Sus <g id=\"gid_2\">33 cm de anchura<\/g> se adaptan perfectamente a objetos peque\u00f1os y medianos, lo que lo convierte en un formato muy vers\u00e1til para el uso diario. Adem\u00e1s, los <strong data-start=\"1002\" data-end=\"1010\">7 kg de<\/strong> peso del rollo le permitir\u00e1n utilizarlo durante mucho tiempo, incluso en uso profesional intensivo.   <\/p>\n<p data-start=\"1102\" data-end=\"1458\">Adem\u00e1s de pr\u00e1ctico, este <strong>papel tis\u00fa<\/strong> tambi\u00e9n es apreciado por sus credenciales <strong data-start=\"1174\" data-end=\"1188\">ecol\u00f3gicas<\/strong>: es reciclable y responde a su compromiso con un embalaje m\u00e1s responsable. Puede utilizarlo tanto en el sector alimentario (panader\u00edas, pasteler\u00edas, catering) como en el no alimentario (textil, complementos, decoraci\u00f3n). <\/p>\n<p data-start=\"1460\" data-end=\"1846\">Al elegir un <strong>rollo de papel tis\u00fa kraft<\/strong>, podr\u00e1 combinar <strong data-start=\"1521\" data-end=\"1535\">eficacia<\/strong>, <strong data-start=\"1537\" data-end=\"1551\">est\u00e9tica<\/strong> y <strong data-start=\"1555\" data-end=\"1585\">respeto por el medio ambiente<\/strong>. Ya sea artesano, comerciante o restaurador, este rollo le ahorrar\u00e1 tiempo al tiempo que realzar\u00e1 el valor de sus productos. Optar por este papel le garantiza una presentaci\u00f3n cuidada, una protecci\u00f3n \u00f3ptima y un gesto sencillo pero comprometido con el planeta.  <\/p>\n<p data-start=\"1460\" data-end=\"1846\">\n<p data-start=\"1506\" data-end=\"1740\"><!--more--><\/p>\n<h4 data-start=\"1506\" data-end=\"1740\">Ventajas :<\/h4>\n<ul>\n<li data-start=\"1506\" data-end=\"1740\"><strong data-start=\"2079\" data-end=\"2102\">Resistente y flexible<\/strong>: protege eficazmente sus productos sin sobrecargarlos.<\/li>\n<li data-start=\"1506\" data-end=\"1740\"><strong data-start=\"2162\" data-end=\"2181\">Formato pr\u00e1ctico<\/strong>: 33 cm de ancho, ideal para una amplia gama de usos.<\/li>\n<li data-start=\"1506\" data-end=\"1740\"><strong data-start=\"2235\" data-end=\"2249\">Econ\u00f3mico<\/strong>: rollo de 7 kg para una larga vida \u00fatil.<\/li>\n<li data-start=\"1506\" data-end=\"1740\"><strong data-start=\"2309\" data-end=\"2323\">Vers\u00e1til<\/strong>: adecuada para los sectores alimentario y no alimentario.<\/li>\n<li data-start=\"1506\" data-end=\"1740\"><strong data-start=\"2382\" data-end=\"2396\">Ecol\u00f3gico<\/strong>: reciclable y respetuoso con el medio ambiente.<\/li>\n<\/ul>\n<p>&nbsp;<\/p>\n<p><!--more--><\/p>\n<h4>Informaci\u00f3n adicional :<\/h4>\n<ul>\n<li><strong>Envase<\/strong>: rollo de 7 kg<\/li>\n<li><strong>Material<\/strong>: Papel<\/li>\n<li><strong>Longitud<\/strong>: 19 cm<\/li>\n<li><strong>Anchura<\/strong>: 33 cm<\/li>\n<li><strong>Color<\/strong>: Kraft<\/li>\n<\/ul>\n<p>&nbsp;<\/p>\n<p><!--more--><\/p>\n<p>Este rollo tambi\u00e9n est\u00e1 disponible en formato de hoja: <span style=\"color: #d12727;\"><a style=\"color: #d12727;\" href=\"https:\/\/www.csj-emballages.com\/es\/produit\/papel-de-seda-40x60cm-10-kg\/\">MOUSS4060<\/a><\/span><\/p>\n<p>&nbsp;<\/p>\n<p><!--more--><\/p>\n<p><a href=\"https:\/\/www.csj-emballages.com\/es\/categorie-produit\/envasado-de-alimentos\/panaderia-y-pasteleria\/bolsas-sobres-y-papel\/papel-de-seda-es\/\">Ver el resto de nuestra gama de papeles tis\u00fa<\/a><\/p>\n","protected":false},"excerpt":{"rendered":"<p>Rollo de papel de seda Descripci\u00f3n de nuestro rollo de papel tis\u00fa 33 cm ancho 7kg<\/p>\n","protected":false},"featured_media":245436,"template":"","meta":{"_acf_changed":false},"product_brand":[],"product_cat":[1145,2891],"product_tag":[],"class_list":{"0":"post-23057","1":"product","2":"type-product","3":"status-publish","4":"has-post-thumbnail","6":"product_cat-panaderia-y-pasteleria","7":"product_cat-papel-de-seda-es","9":"first","10":"instock","11":"taxable","12":"shipping-taxable","13":"purchasable","14":"product-type-simple"},"acf":[],"yoast_head":"<!-- This site is optimized with the Yoast SEO Premium plugin v26.6 (Yoast SEO v26.6) - https:\/\/yoast.com\/wordpress\/plugins\/seo\/ -->\n<title>Rollo de papel de seda 33 cm 7kg<\/title>\n<meta name=\"description\" content=\"Rollo de papel tis\u00fa kraft de 33 cm - 7 kg: pr\u00e1ctico, resistente y respetuoso con el medio ambiente para proteger y realzar sus envases profesionales.\" \/>\n<meta name=\"robots\" content=\"index, follow, max-snippet:-1, max-image-preview:large, max-video-preview:-1\" \/>\n<link rel=\"canonical\" href=\"https:\/\/www.csj-emballages.com\/es\/produit\/rollo-de-7-kg-de-papel-de-seda-de-33-cm-de-ancho\/\" \/>\n<meta property=\"og:locale\" content=\"es_ES\" \/>\n<meta property=\"og:type\" content=\"article\" \/>\n<meta property=\"og:title\" content=\"Rollo de papel tis\u00fa 33 cm ancho 7kg\" \/>\n<meta property=\"og:description\" content=\"Rollo de papel tis\u00fa kraft de 33 cm - 7 kg: pr\u00e1ctico, resistente y respetuoso con el medio ambiente para proteger y realzar sus envases profesionales.\" \/>\n<meta property=\"og:url\" content=\"https:\/\/www.csj-emballages.com\/es\/produit\/rollo-de-7-kg-de-papel-de-seda-de-33-cm-de-ancho\/\" \/>\n<meta property=\"og:site_name\" content=\"CSJ Emballages\" \/>\n<meta property=\"article:publisher\" content=\"https:\/\/www.facebook.com\/csjemballages\" \/>\n<meta property=\"article:modified_time\" content=\"2026-03-12T15:37:16+00:00\" \/>\n<meta property=\"og:image\" content=\"https:\/\/www.csj-emballages.com\/wp-content\/uploads\/2024\/03\/ROUMOUSS27.webp\" \/>\n\t<meta property=\"og:image:width\" content=\"800\" \/>\n\t<meta property=\"og:image:height\" content=\"800\" \/>\n\t<meta property=\"og:image:type\" content=\"image\/webp\" \/>\n<meta name=\"twitter:card\" content=\"summary_large_image\" \/>\n<meta name=\"twitter:label1\" content=\"Tiempo de lectura\" \/>\n\t<meta name=\"twitter:data1\" content=\"2 minutos\" \/>\n<script type=\"application\/ld+json\" class=\"yoast-schema-graph\">{\"@context\":\"https:\/\/schema.org\",\"@graph\":[{\"@type\":\"WebPage\",\"@id\":\"https:\/\/www.csj-emballages.com\/es\/produit\/rollo-de-7-kg-de-papel-de-seda-de-33-cm-de-ancho\/\",\"url\":\"https:\/\/www.csj-emballages.com\/es\/produit\/rollo-de-7-kg-de-papel-de-seda-de-33-cm-de-ancho\/\",\"name\":\"Rollo de papel de seda 33 cm 7kg\",\"isPartOf\":{\"@id\":\"https:\/\/www.csj-emballages.com\/es\/#website\"},\"primaryImageOfPage\":{\"@id\":\"https:\/\/www.csj-emballages.com\/es\/produit\/rollo-de-7-kg-de-papel-de-seda-de-33-cm-de-ancho\/#primaryimage\"},\"image\":{\"@id\":\"https:\/\/www.csj-emballages.com\/es\/produit\/rollo-de-7-kg-de-papel-de-seda-de-33-cm-de-ancho\/#primaryimage\"},\"thumbnailUrl\":\"https:\/\/www.csj-emballages.com\/wp-content\/uploads\/2024\/03\/ROUMOUSS27.webp\",\"datePublished\":\"2024-03-01T15:50:11+00:00\",\"dateModified\":\"2026-03-12T15:37:16+00:00\",\"description\":\"Rollo de papel tis\u00fa kraft de 33 cm - 7 kg: pr\u00e1ctico, resistente y respetuoso con el medio ambiente para proteger y realzar sus envases profesionales.\",\"breadcrumb\":{\"@id\":\"https:\/\/www.csj-emballages.com\/es\/produit\/rollo-de-7-kg-de-papel-de-seda-de-33-cm-de-ancho\/#breadcrumb\"},\"inLanguage\":\"es\",\"potentialAction\":[{\"@type\":\"ReadAction\",\"target\":[\"https:\/\/www.csj-emballages.com\/es\/produit\/rollo-de-7-kg-de-papel-de-seda-de-33-cm-de-ancho\/\"]}]},{\"@type\":\"ImageObject\",\"inLanguage\":\"es\",\"@id\":\"https:\/\/www.csj-emballages.com\/es\/produit\/rollo-de-7-kg-de-papel-de-seda-de-33-cm-de-ancho\/#primaryimage\",\"url\":\"https:\/\/www.csj-emballages.com\/wp-content\/uploads\/2024\/03\/ROUMOUSS27.webp\",\"contentUrl\":\"https:\/\/www.csj-emballages.com\/wp-content\/uploads\/2024\/03\/ROUMOUSS27.webp\",\"width\":800,\"height\":800,\"caption\":\"Rouleau de papier mousseline\"},{\"@type\":\"BreadcrumbList\",\"@id\":\"https:\/\/www.csj-emballages.com\/es\/produit\/rollo-de-7-kg-de-papel-de-seda-de-33-cm-de-ancho\/#breadcrumb\",\"itemListElement\":[{\"@type\":\"ListItem\",\"position\":1,\"name\":\"Accueil\",\"item\":\"https:\/\/www.csj-emballages.com\/es\/universo-del-envasado-alimentario\/\"},{\"@type\":\"ListItem\",\"position\":2,\"name\":\"Tienda\",\"item\":\"https:\/\/www.csj-emballages.com\/tienda\/\"},{\"@type\":\"ListItem\",\"position\":3,\"name\":\"Rollo de papel tis\u00fa 33 cm ancho 7kg\"}]},{\"@type\":\"WebSite\",\"@id\":\"https:\/\/www.csj-emballages.com\/es\/#website\",\"url\":\"https:\/\/www.csj-emballages.com\/es\/\",\"name\":\"CSJ Emballages\",\"description\":\"\",\"publisher\":{\"@id\":\"https:\/\/www.csj-emballages.com\/es\/#organization\"},\"potentialAction\":[{\"@type\":\"SearchAction\",\"target\":{\"@type\":\"EntryPoint\",\"urlTemplate\":\"https:\/\/www.csj-emballages.com\/es\/?s={search_term_string}\"},\"query-input\":{\"@type\":\"PropertyValueSpecification\",\"valueRequired\":true,\"valueName\":\"search_term_string\"}}],\"inLanguage\":\"es\"},{\"@type\":\"Organization\",\"@id\":\"https:\/\/www.csj-emballages.com\/es\/#Organization\/\",\"name\":\"CSJ Emballages\",\"url\":\"https:\/\/www.csj-emballages.com\/es\/\",\"logo\":{\"@type\":\"ImageObject\",\"inLanguage\":\"es\",\"@id\":\"https:\/\/www.csj-emballages.com\/es\/#\/schema\/logo\/image\/\",\"url\":\"https:\/\/www.csj-emballages.com\/wp-content\/uploads\/2023\/10\/logo_csj.webp\",\"contentUrl\":\"https:\/\/www.csj-emballages.com\/wp-content\/uploads\/2023\/10\/logo_csj.webp\",\"width\":250,\"height\":95,\"caption\":\"CSJ Emballages\"},\"image\":{\"@id\":\"https:\/\/www.csj-emballages.com\/es\/#\/schema\/logo\/image\/\"},\"sameAs\":[\"https:\/\/www.facebook.com\/csjemballages\"],\"address\":{\"@type\":\"PostalAddress\",\"streetAddress\":\"ZI La Lechere\",\"addressLocality\":\"Patornay\",\"postalCode\":\"39130\",\"addressCountry\":\"FR\"},\"contactPoint\":[{\"@type\":\"ContactPoint\",\"contactType\":\"Service client\",\"telephone\":\"0384254272\",\"email\":\"contact@csj-emballages.com\"}]}]}<\/script>\n<!-- \/ Yoast SEO Premium plugin. -->","yoast_head_json":{"title":"Rollo de papel de seda 33 cm 7kg","description":"Rollo de papel tis\u00fa kraft de 33 cm - 7 kg: pr\u00e1ctico, resistente y respetuoso con el medio ambiente para proteger y realzar sus envases profesionales.","robots":{"index":"index","follow":"follow","max-snippet":"max-snippet:-1","max-image-preview":"max-image-preview:large","max-video-preview":"max-video-preview:-1"},"canonical":"https:\/\/www.csj-emballages.com\/es\/produit\/rollo-de-7-kg-de-papel-de-seda-de-33-cm-de-ancho\/","og_locale":"es_ES","og_type":"article","og_title":"Rollo de papel tis\u00fa 33 cm ancho 7kg","og_description":"Rollo de papel tis\u00fa kraft de 33 cm - 7 kg: pr\u00e1ctico, resistente y respetuoso con el medio ambiente para proteger y realzar sus envases profesionales.","og_url":"https:\/\/www.csj-emballages.com\/es\/produit\/rollo-de-7-kg-de-papel-de-seda-de-33-cm-de-ancho\/","og_site_name":"CSJ Emballages","article_publisher":"https:\/\/www.facebook.com\/csjemballages","article_modified_time":"2026-03-12T15:37:16+00:00","og_image":[{"width":800,"height":800,"url":"https:\/\/www.csj-emballages.com\/wp-content\/uploads\/2024\/03\/ROUMOUSS27.webp","type":"image\/webp"}],"twitter_card":"summary_large_image","twitter_misc":{"Tiempo de lectura":"2 minutos"},"schema":{"@context":"https:\/\/schema.org","@graph":[{"@type":"WebPage","@id":"https:\/\/www.csj-emballages.com\/es\/produit\/rollo-de-7-kg-de-papel-de-seda-de-33-cm-de-ancho\/","url":"https:\/\/www.csj-emballages.com\/es\/produit\/rollo-de-7-kg-de-papel-de-seda-de-33-cm-de-ancho\/","name":"Rollo de papel de seda 33 cm 7kg","isPartOf":{"@id":"https:\/\/www.csj-emballages.com\/es\/#website"},"primaryImageOfPage":{"@id":"https:\/\/www.csj-emballages.com\/es\/produit\/rollo-de-7-kg-de-papel-de-seda-de-33-cm-de-ancho\/#primaryimage"},"image":{"@id":"https:\/\/www.csj-emballages.com\/es\/produit\/rollo-de-7-kg-de-papel-de-seda-de-33-cm-de-ancho\/#primaryimage"},"thumbnailUrl":"https:\/\/www.csj-emballages.com\/wp-content\/uploads\/2024\/03\/ROUMOUSS27.webp","datePublished":"2024-03-01T15:50:11+00:00","dateModified":"2026-03-12T15:37:16+00:00","description":"Rollo de papel tis\u00fa kraft de 33 cm - 7 kg: pr\u00e1ctico, resistente y respetuoso con el medio ambiente para proteger y realzar sus envases profesionales.","breadcrumb":{"@id":"https:\/\/www.csj-emballages.com\/es\/produit\/rollo-de-7-kg-de-papel-de-seda-de-33-cm-de-ancho\/#breadcrumb"},"inLanguage":"es","potentialAction":[{"@type":"ReadAction","target":["https:\/\/www.csj-emballages.com\/es\/produit\/rollo-de-7-kg-de-papel-de-seda-de-33-cm-de-ancho\/"]}]},{"@type":"ImageObject","inLanguage":"es","@id":"https:\/\/www.csj-emballages.com\/es\/produit\/rollo-de-7-kg-de-papel-de-seda-de-33-cm-de-ancho\/#primaryimage","url":"https:\/\/www.csj-emballages.com\/wp-content\/uploads\/2024\/03\/ROUMOUSS27.webp","contentUrl":"https:\/\/www.csj-emballages.com\/wp-content\/uploads\/2024\/03\/ROUMOUSS27.webp","width":800,"height":800,"caption":"Rouleau de papier mousseline"},{"@type":"BreadcrumbList","@id":"https:\/\/www.csj-emballages.com\/es\/produit\/rollo-de-7-kg-de-papel-de-seda-de-33-cm-de-ancho\/#breadcrumb","itemListElement":[{"@type":"ListItem","position":1,"name":"Accueil","item":"https:\/\/www.csj-emballages.com\/es\/universo-del-envasado-alimentario\/"},{"@type":"ListItem","position":2,"name":"Tienda","item":"https:\/\/www.csj-emballages.com\/tienda\/"},{"@type":"ListItem","position":3,"name":"Rollo de papel tis\u00fa 33 cm ancho 7kg"}]},{"@type":"WebSite","@id":"https:\/\/www.csj-emballages.com\/es\/#website","url":"https:\/\/www.csj-emballages.com\/es\/","name":"CSJ Emballages","description":"","publisher":{"@id":"https:\/\/www.csj-emballages.com\/es\/#organization"},"potentialAction":[{"@type":"SearchAction","target":{"@type":"EntryPoint","urlTemplate":"https:\/\/www.csj-emballages.com\/es\/?s={search_term_string}"},"query-input":{"@type":"PropertyValueSpecification","valueRequired":true,"valueName":"search_term_string"}}],"inLanguage":"es"},{"@type":"Organization","@id":"https:\/\/www.csj-emballages.com\/es\/#Organization\/","name":"CSJ Emballages","url":"https:\/\/www.csj-emballages.com\/es\/","logo":{"@type":"ImageObject","inLanguage":"es","@id":"https:\/\/www.csj-emballages.com\/es\/#\/schema\/logo\/image\/","url":"https:\/\/www.csj-emballages.com\/wp-content\/uploads\/2023\/10\/logo_csj.webp","contentUrl":"https:\/\/www.csj-emballages.com\/wp-content\/uploads\/2023\/10\/logo_csj.webp","width":250,"height":95,"caption":"CSJ Emballages"},"image":{"@id":"https:\/\/www.csj-emballages.com\/es\/#\/schema\/logo\/image\/"},"sameAs":["https:\/\/www.facebook.com\/csjemballages"],"address":{"@type":"PostalAddress","streetAddress":"ZI La Lechere","addressLocality":"Patornay","postalCode":"39130","addressCountry":"FR"},"contactPoint":[{"@type":"ContactPoint","contactType":"Service client","telephone":"0384254272","email":"contact@csj-emballages.com"}]}]}},"df_price":40.19,"df_sale_price":"","df_regular_price":40.19,"df_image_link":"https:\/\/www.csj-emballages.com\/wp-content\/uploads\/2024\/03\/ROUMOUSS27-300x300.webp","tiered_pricing_type":"fixed","tiered_pricing_fixed_rules":[],"tiered_pricing_percentage_rules":[],"tiered_pricing_minimum":1,"tiered_pricing_roles_data":[],"_links":{"self":[{"href":"https:\/\/www.csj-emballages.com\/es\/wp-json\/wp\/v2\/product\/23057","targetHints":{"allow":["GET"]}}],"collection":[{"href":"https:\/\/www.csj-emballages.com\/es\/wp-json\/wp\/v2\/product"}],"about":[{"href":"https:\/\/www.csj-emballages.com\/es\/wp-json\/wp\/v2\/types\/product"}],"wp:featuredmedia":[{"embeddable":true,"href":"https:\/\/www.csj-emballages.com\/es\/wp-json\/wp\/v2\/media\/245436"}],"wp:attachment":[{"href":"https:\/\/www.csj-emballages.com\/es\/wp-json\/wp\/v2\/media?parent=23057"}],"wp:term":[{"taxonomy":"product_brand","embeddable":true,"href":"https:\/\/www.csj-emballages.com\/es\/wp-json\/wp\/v2\/product_brand?post=23057"},{"taxonomy":"product_cat","embeddable":true,"href":"https:\/\/www.csj-emballages.com\/es\/wp-json\/wp\/v2\/product_cat?post=23057"},{"taxonomy":"product_tag","embeddable":true,"href":"https:\/\/www.csj-emballages.com\/es\/wp-json\/wp\/v2\/product_tag?post=23057"}],"curies":[{"name":"wp","href":"https:\/\/api.w.org\/{rel}","templated":true}]}}