{"id":23056,"date":"2024-03-01T16:50:10","date_gmt":"2024-03-01T15:50:10","guid":{"rendered":"https:\/\/u15jnbdpoq.preview.infomaniak.website\/produit\/500-26-12-x-45-cm-50-%c2%b5-bolsas-de-polietileno-de-baja-densidad-early-bird\/"},"modified":"2026-03-12T16:37:28","modified_gmt":"2026-03-12T15:37:28","slug":"500-26-12-x-45-cm-50-%c2%b5-bolsas-de-polietileno-de-baja-densidad-early-bird","status":"publish","type":"product","link":"https:\/\/www.csj-emballages.com\/es\/produit\/500-26-12-x-45-cm-50-%c2%b5-bolsas-de-polietileno-de-baja-densidad-early-bird\/","title":{"rendered":"Bolsa bandolera \u00abPrimeur\u00bb 26 + 12 x 45 cm 50 \u00b5 PEBD por 500"},"content":{"rendered":"<h2>Bandolera<\/h2>\n<hr>\n<h3>Descripci\u00f3n de nuestra bolsa bandolera de polietileno de baja densidad \u00abPrimeur\u00bb 26 + 12 x 45 cm 50 \u00b5, paquete de 500 unidades<\/h3>\n<p><!--more--><\/p>\n<div style=\"box-sizing: inherit; font-family: Roboto, sans-serif;\">\n<p data-start=\"285\" data-end=\"635\">Simple, pr\u00e1ctica y reconocible a primera vista, la <strong>bolsa camiseta<\/strong> <strong data-start=\"359\" data-end=\"374\">\u00abPrimeur\u00bb<\/strong> sigue siendo un elemento indispensable para los comercios de alimentaci\u00f3n. Con su formato de <strong data-start=\"447\" data-end=\"466\">26 + 12 x 45 cm<\/strong>, se adapta f\u00e1cilmente a frutas, verduras y otros productos de uso diario. En ella se pueden meter r\u00e1pidamente manzanas, pl\u00e1tanos, ensaladas o c\u00edtricos, sin tener que forzar ni apilar.  <\/p>\n<p data-start=\"637\" data-end=\"953\">Gracias a su grosor de <strong data-start=\"659\" data-end=\"673\">50 micras<\/strong>, esta bolsa ofrece una buena sujeci\u00f3n. Soporta el peso de la compra sin deformarse y limita el riesgo de desgarro, incluso cuando la bolsa est\u00e1 bien llena. Las <strong>asas anchas<\/strong> permiten un transporte c\u00f3modo, ya sea para el cliente o para un uso r\u00e1pido en la caja.  <\/p>\n<p data-start=\"955\" data-end=\"1273\">Su <strong>dise\u00f1o colorido<\/strong>, con ilustraciones de frutas, habla por s\u00ed solo. Evoca inmediatamente la frescura y la secci\u00f3n de fruter\u00eda, lo que facilita la identificaci\u00f3n en la tienda. Del mismo modo, su aspecto transl\u00facido permite ver el contenido de un vistazo, lo que sigue siendo muy pr\u00e1ctico tanto para los comerciantes como para los clientes.  <\/p>\n<p data-start=\"1275\" data-end=\"1538\">Vendida <strong data-start=\"1281\" data-end=\"1299\">en lotes de 500<\/strong>, esta bolsa es perfectamente adecuada para un uso intensivo. Es apta tanto para mercados, tiendas de comestibles y fruter\u00edas como para supermercados. Se ahorra tiempo, se trabaja eficazmente y siempre se dispone de un stock fiable a mano.  <\/p>\n<p data-start=\"1540\" data-end=\"1745\">En resumen, esta <strong>bolsa camiseta \u00abPrimeur\u00bb<\/strong> va a lo esencial: es s\u00f3lida, funcional y est\u00e1 pensada para el d\u00eda a d\u00eda de los profesionales que desean un embalaje sencillo, eficaz e inmediatamente reconocible.<\/p>\n<\/div>\n<p data-start=\"1540\" data-end=\"1745\">\n<p data-start=\"1540\" data-end=\"1745\"><!--more--><\/p>\n<h4 data-start=\"1540\" data-end=\"1745\">Ventajas :<\/h4>\n<div style=\"box-sizing: inherit; font-family: Roboto, sans-serif;\">\n<ul>\n<li data-start=\"1770\" data-end=\"1807\">Formato ideal para frutas y verduras.<\/li>\n<li data-start=\"1810\" data-end=\"1853\">Buena resistencia gracias al grosor de <strong>50 \u00b5<\/strong>.<\/li>\n<li data-start=\"1856\" data-end=\"1891\"><strong>Asas<\/strong> <strong>s\u00f3lidas<\/strong> y c\u00f3modas.<\/li>\n<li data-start=\"1894\" data-end=\"1929\">Dise\u00f1o de fruter\u00eda claro y atractivo.<\/li>\n<li data-start=\"1932\" data-end=\"1960\">Lote econ\u00f3mico de <strong>500 bolsas<\/strong>.<\/li>\n<\/ul>\n<p>&nbsp;<\/p>\n<\/div>\n<p><!--more--><\/p>\n<div style=\"box-sizing: inherit; font-family: Roboto, sans-serif;\">\n<div style=\"box-sizing: inherit; font-family: Roboto, sans-serif;\">\n<div style=\"box-sizing: inherit; font-family: Roboto, sans-serif;\">\n<div style=\"box-sizing: inherit; font-family: Roboto, sans-serif;\">\n<h4>Informaci\u00f3n adicional :<\/h4>\n<ul>\n<li><strong>Embalaje : <\/strong>Caja de 500<\/li>\n<li><strong>Dimensiones: <\/strong>260 + 120 x 450 mm<\/li>\n<li><strong>Material : <\/strong>LDPE<\/li>\n<li><strong>Resistencia<\/strong>: 50 micras<\/li>\n<li><strong>Color: <\/strong>Blanco con estampados<\/li>\n<\/ul>\n<\/div>\n<p>&nbsp;<\/p>\n<\/div>\n<\/div>\n<\/div>\n<p><!--more--><\/p>\n<p>Este producto est\u00e1 disponible en distintas versiones, adaptadas a diferentes profesiones: <span style=\"color: #d12727;\"><a style=\"color: #d12727;\" href=\"https:\/\/www.csj-emballages.com\/es\/produit\/500-bolsas-de-polietileno-de-baja-densidad-fromage-de-pays-26-12-x-45-cm-50-%c2%b5\/\">Queso l\u00e1cteo<\/a><\/span> \/ <span style=\"color: #d12727;\"><a style=\"color: #d12727;\" href=\"https:\/\/www.csj-emballages.com\/produit\/500-sacs-bretelles-poissonnerie-26-12-x-45-cm-50-%c2%b5-en-plastique\/\">Pescader\u00eda<\/a><\/span> \/ <span style=\"color: #d12727;\"><a style=\"color: #d12727;\" href=\"https:\/\/www.csj-emballages.com\/es\/produit\/500-bolsas-de-plastico-carniceria-26-12-x-45-cm-50-%c2%b5\/\">Carnicer\u00eda<\/a><\/span><\/p>\n<p>&nbsp;<\/p>\n<p><!--more--><\/p>\n<p><a href=\"https:\/\/www.csj-emballages.com\/es\/categorie-produit\/envasado-de-alimentos\/catering-es\/bolsas-y-papel\/bolsos-bandolera-artesania-es\/bolsas-de-plastico\/\">Ver el resto de nuestra gama de bolsas de pl\u00e1stico<\/a><\/p>\n","protected":false},"excerpt":{"rendered":"<p>Bandolera Descripci\u00f3n de nuestra bolsa bandolera de polietileno de baja densidad \u00abPrimeur\u00bb 26 + 12 x 45 cm 50 \u00b5, paquete de 500 unidades<\/p>\n","protected":false},"featured_media":207352,"template":"","meta":{"_acf_changed":false},"product_brand":[],"product_cat":[1150,1179,3880,2804,9201,1488,1881,3278],"product_tag":[],"class_list":{"0":"post-23056","1":"product","2":"type-product","3":"status-publish","4":"has-post-thumbnail","6":"product_cat-envasado-de-alimentos","7":"product_cat-catering-es","8":"product_cat-bolsas-y-papel","9":"product_cat-bolsos-bandolera-artesania-es","10":"product_cat-bolsas-de-plastico","11":"product_cat-tienda-y-almacen","12":"product_cat-bolsos-bandolera-artesania","13":"product_cat-bandoleras","15":"first","16":"instock","17":"taxable","18":"shipping-taxable","19":"purchasable","20":"product-type-simple"},"acf":[],"yoast_head":"<!-- This site is optimized with the Yoast SEO Premium plugin v26.6 (Yoast SEO v26.6) - https:\/\/yoast.com\/wordpress\/plugins\/seo\/ -->\n<title>Bolsa bandolera PEBD 50\u00b5 &quot;Primeur&quot; - 26 + 12 x 45 cm<\/title>\n<meta name=\"description\" content=\"Bolsa camiseta &quot;Primeur&quot; de 26 + 12 x 45 cm, 50 \u00b5 de PEBD, resistente y pr\u00e1ctica para envasar sus productos de carnicer\u00eda. Lote de 500 unidades.\" \/>\n<meta name=\"robots\" content=\"index, follow, max-snippet:-1, max-image-preview:large, max-video-preview:-1\" \/>\n<link rel=\"canonical\" href=\"https:\/\/www.csj-emballages.com\/es\/produit\/500-26-12-x-45-cm-50-%c2%b5-bolsas-de-polietileno-de-baja-densidad-early-bird\/\" \/>\n<meta property=\"og:locale\" content=\"es_ES\" \/>\n<meta property=\"og:type\" content=\"article\" \/>\n<meta property=\"og:title\" content=\"Bolsa bandolera &quot;Primeur&quot; 26 + 12 x 45 cm 50 \u00b5 PEBD por 500\" \/>\n<meta property=\"og:description\" content=\"Bolsa camiseta &quot;Primeur&quot; de 26 + 12 x 45 cm, 50 \u00b5 de PEBD, resistente y pr\u00e1ctica para envasar sus productos de carnicer\u00eda. Lote de 500 unidades.\" \/>\n<meta property=\"og:url\" content=\"https:\/\/www.csj-emballages.com\/es\/produit\/500-26-12-x-45-cm-50-%c2%b5-bolsas-de-polietileno-de-baja-densidad-early-bird\/\" \/>\n<meta property=\"og:site_name\" content=\"CSJ Emballages\" \/>\n<meta property=\"article:publisher\" content=\"https:\/\/www.facebook.com\/csjemballages\" \/>\n<meta property=\"article:modified_time\" content=\"2026-03-12T15:37:28+00:00\" \/>\n<meta property=\"og:image\" content=\"https:\/\/www.csj-emballages.com\/wp-content\/uploads\/2024\/03\/SAC2645PRI.webp\" \/>\n\t<meta property=\"og:image:width\" content=\"800\" \/>\n\t<meta property=\"og:image:height\" content=\"800\" \/>\n\t<meta property=\"og:image:type\" content=\"image\/webp\" \/>\n<meta name=\"twitter:card\" content=\"summary_large_image\" \/>\n<meta name=\"twitter:label1\" content=\"Tiempo de lectura\" \/>\n\t<meta name=\"twitter:data1\" content=\"2 minutos\" \/>\n<script type=\"application\/ld+json\" class=\"yoast-schema-graph\">{\"@context\":\"https:\/\/schema.org\",\"@graph\":[{\"@type\":\"WebPage\",\"@id\":\"https:\/\/www.csj-emballages.com\/es\/produit\/500-26-12-x-45-cm-50-%c2%b5-bolsas-de-polietileno-de-baja-densidad-early-bird\/\",\"url\":\"https:\/\/www.csj-emballages.com\/es\/produit\/500-26-12-x-45-cm-50-%c2%b5-bolsas-de-polietileno-de-baja-densidad-early-bird\/\",\"name\":\"Bolsa bandolera PEBD 50\u00b5 \\\"Primeur\\\" - 26 + 12 x 45 cm\",\"isPartOf\":{\"@id\":\"https:\/\/www.csj-emballages.com\/es\/#website\"},\"primaryImageOfPage\":{\"@id\":\"https:\/\/www.csj-emballages.com\/es\/produit\/500-26-12-x-45-cm-50-%c2%b5-bolsas-de-polietileno-de-baja-densidad-early-bird\/#primaryimage\"},\"image\":{\"@id\":\"https:\/\/www.csj-emballages.com\/es\/produit\/500-26-12-x-45-cm-50-%c2%b5-bolsas-de-polietileno-de-baja-densidad-early-bird\/#primaryimage\"},\"thumbnailUrl\":\"https:\/\/www.csj-emballages.com\/wp-content\/uploads\/2024\/03\/SAC2645PRI.webp\",\"datePublished\":\"2024-03-01T15:50:10+00:00\",\"dateModified\":\"2026-03-12T15:37:28+00:00\",\"description\":\"Bolsa camiseta \\\"Primeur\\\" de 26 + 12 x 45 cm, 50 \u00b5 de PEBD, resistente y pr\u00e1ctica para envasar sus productos de carnicer\u00eda. Lote de 500 unidades.\",\"breadcrumb\":{\"@id\":\"https:\/\/www.csj-emballages.com\/es\/produit\/500-26-12-x-45-cm-50-%c2%b5-bolsas-de-polietileno-de-baja-densidad-early-bird\/#breadcrumb\"},\"inLanguage\":\"es\",\"potentialAction\":[{\"@type\":\"ReadAction\",\"target\":[\"https:\/\/www.csj-emballages.com\/es\/produit\/500-26-12-x-45-cm-50-%c2%b5-bolsas-de-polietileno-de-baja-densidad-early-bird\/\"]}]},{\"@type\":\"ImageObject\",\"inLanguage\":\"es\",\"@id\":\"https:\/\/www.csj-emballages.com\/es\/produit\/500-26-12-x-45-cm-50-%c2%b5-bolsas-de-polietileno-de-baja-densidad-early-bird\/#primaryimage\",\"url\":\"https:\/\/www.csj-emballages.com\/wp-content\/uploads\/2024\/03\/SAC2645PRI.webp\",\"contentUrl\":\"https:\/\/www.csj-emballages.com\/wp-content\/uploads\/2024\/03\/SAC2645PRI.webp\",\"width\":800,\"height\":800,\"caption\":\"sac bretelle\"},{\"@type\":\"BreadcrumbList\",\"@id\":\"https:\/\/www.csj-emballages.com\/es\/produit\/500-26-12-x-45-cm-50-%c2%b5-bolsas-de-polietileno-de-baja-densidad-early-bird\/#breadcrumb\",\"itemListElement\":[{\"@type\":\"ListItem\",\"position\":1,\"name\":\"Accueil\",\"item\":\"https:\/\/www.csj-emballages.com\/es\/universo-del-envasado-alimentario\/\"},{\"@type\":\"ListItem\",\"position\":2,\"name\":\"Tienda\",\"item\":\"https:\/\/www.csj-emballages.com\/tienda\/\"},{\"@type\":\"ListItem\",\"position\":3,\"name\":\"Bolsa bandolera \u00ab\u00a0Primeur\u00a0\u00bb 26 + 12 x 45 cm 50 \u00b5 PEBD por 500\"}]},{\"@type\":\"WebSite\",\"@id\":\"https:\/\/www.csj-emballages.com\/es\/#website\",\"url\":\"https:\/\/www.csj-emballages.com\/es\/\",\"name\":\"CSJ Emballages\",\"description\":\"\",\"publisher\":{\"@id\":\"https:\/\/www.csj-emballages.com\/es\/#organization\"},\"potentialAction\":[{\"@type\":\"SearchAction\",\"target\":{\"@type\":\"EntryPoint\",\"urlTemplate\":\"https:\/\/www.csj-emballages.com\/es\/?s={search_term_string}\"},\"query-input\":{\"@type\":\"PropertyValueSpecification\",\"valueRequired\":true,\"valueName\":\"search_term_string\"}}],\"inLanguage\":\"es\"},{\"@type\":\"Organization\",\"@id\":\"https:\/\/www.csj-emballages.com\/es\/#Organization\/\",\"name\":\"CSJ Emballages\",\"url\":\"https:\/\/www.csj-emballages.com\/es\/\",\"logo\":{\"@type\":\"ImageObject\",\"inLanguage\":\"es\",\"@id\":\"https:\/\/www.csj-emballages.com\/es\/#\/schema\/logo\/image\/\",\"url\":\"https:\/\/www.csj-emballages.com\/wp-content\/uploads\/2023\/10\/logo_csj.webp\",\"contentUrl\":\"https:\/\/www.csj-emballages.com\/wp-content\/uploads\/2023\/10\/logo_csj.webp\",\"width\":250,\"height\":95,\"caption\":\"CSJ Emballages\"},\"image\":{\"@id\":\"https:\/\/www.csj-emballages.com\/es\/#\/schema\/logo\/image\/\"},\"sameAs\":[\"https:\/\/www.facebook.com\/csjemballages\"],\"address\":{\"@type\":\"PostalAddress\",\"streetAddress\":\"ZI La Lechere\",\"addressLocality\":\"Patornay\",\"postalCode\":\"39130\",\"addressCountry\":\"FR\"},\"contactPoint\":[{\"@type\":\"ContactPoint\",\"contactType\":\"Service client\",\"telephone\":\"0384254272\",\"email\":\"contact@csj-emballages.com\"}]}]}<\/script>\n<!-- \/ Yoast SEO Premium plugin. -->","yoast_head_json":{"title":"Bolsa bandolera PEBD 50\u00b5 \"Primeur\" - 26 + 12 x 45 cm","description":"Bolsa camiseta \"Primeur\" de 26 + 12 x 45 cm, 50 \u00b5 de PEBD, resistente y pr\u00e1ctica para envasar sus productos de carnicer\u00eda. Lote de 500 unidades.","robots":{"index":"index","follow":"follow","max-snippet":"max-snippet:-1","max-image-preview":"max-image-preview:large","max-video-preview":"max-video-preview:-1"},"canonical":"https:\/\/www.csj-emballages.com\/es\/produit\/500-26-12-x-45-cm-50-%c2%b5-bolsas-de-polietileno-de-baja-densidad-early-bird\/","og_locale":"es_ES","og_type":"article","og_title":"Bolsa bandolera \"Primeur\" 26 + 12 x 45 cm 50 \u00b5 PEBD por 500","og_description":"Bolsa camiseta \"Primeur\" de 26 + 12 x 45 cm, 50 \u00b5 de PEBD, resistente y pr\u00e1ctica para envasar sus productos de carnicer\u00eda. Lote de 500 unidades.","og_url":"https:\/\/www.csj-emballages.com\/es\/produit\/500-26-12-x-45-cm-50-%c2%b5-bolsas-de-polietileno-de-baja-densidad-early-bird\/","og_site_name":"CSJ Emballages","article_publisher":"https:\/\/www.facebook.com\/csjemballages","article_modified_time":"2026-03-12T15:37:28+00:00","og_image":[{"width":800,"height":800,"url":"https:\/\/www.csj-emballages.com\/wp-content\/uploads\/2024\/03\/SAC2645PRI.webp","type":"image\/webp"}],"twitter_card":"summary_large_image","twitter_misc":{"Tiempo de lectura":"2 minutos"},"schema":{"@context":"https:\/\/schema.org","@graph":[{"@type":"WebPage","@id":"https:\/\/www.csj-emballages.com\/es\/produit\/500-26-12-x-45-cm-50-%c2%b5-bolsas-de-polietileno-de-baja-densidad-early-bird\/","url":"https:\/\/www.csj-emballages.com\/es\/produit\/500-26-12-x-45-cm-50-%c2%b5-bolsas-de-polietileno-de-baja-densidad-early-bird\/","name":"Bolsa bandolera PEBD 50\u00b5 \"Primeur\" - 26 + 12 x 45 cm","isPartOf":{"@id":"https:\/\/www.csj-emballages.com\/es\/#website"},"primaryImageOfPage":{"@id":"https:\/\/www.csj-emballages.com\/es\/produit\/500-26-12-x-45-cm-50-%c2%b5-bolsas-de-polietileno-de-baja-densidad-early-bird\/#primaryimage"},"image":{"@id":"https:\/\/www.csj-emballages.com\/es\/produit\/500-26-12-x-45-cm-50-%c2%b5-bolsas-de-polietileno-de-baja-densidad-early-bird\/#primaryimage"},"thumbnailUrl":"https:\/\/www.csj-emballages.com\/wp-content\/uploads\/2024\/03\/SAC2645PRI.webp","datePublished":"2024-03-01T15:50:10+00:00","dateModified":"2026-03-12T15:37:28+00:00","description":"Bolsa camiseta \"Primeur\" de 26 + 12 x 45 cm, 50 \u00b5 de PEBD, resistente y pr\u00e1ctica para envasar sus productos de carnicer\u00eda. Lote de 500 unidades.","breadcrumb":{"@id":"https:\/\/www.csj-emballages.com\/es\/produit\/500-26-12-x-45-cm-50-%c2%b5-bolsas-de-polietileno-de-baja-densidad-early-bird\/#breadcrumb"},"inLanguage":"es","potentialAction":[{"@type":"ReadAction","target":["https:\/\/www.csj-emballages.com\/es\/produit\/500-26-12-x-45-cm-50-%c2%b5-bolsas-de-polietileno-de-baja-densidad-early-bird\/"]}]},{"@type":"ImageObject","inLanguage":"es","@id":"https:\/\/www.csj-emballages.com\/es\/produit\/500-26-12-x-45-cm-50-%c2%b5-bolsas-de-polietileno-de-baja-densidad-early-bird\/#primaryimage","url":"https:\/\/www.csj-emballages.com\/wp-content\/uploads\/2024\/03\/SAC2645PRI.webp","contentUrl":"https:\/\/www.csj-emballages.com\/wp-content\/uploads\/2024\/03\/SAC2645PRI.webp","width":800,"height":800,"caption":"sac bretelle"},{"@type":"BreadcrumbList","@id":"https:\/\/www.csj-emballages.com\/es\/produit\/500-26-12-x-45-cm-50-%c2%b5-bolsas-de-polietileno-de-baja-densidad-early-bird\/#breadcrumb","itemListElement":[{"@type":"ListItem","position":1,"name":"Accueil","item":"https:\/\/www.csj-emballages.com\/es\/universo-del-envasado-alimentario\/"},{"@type":"ListItem","position":2,"name":"Tienda","item":"https:\/\/www.csj-emballages.com\/tienda\/"},{"@type":"ListItem","position":3,"name":"Bolsa bandolera \u00ab\u00a0Primeur\u00a0\u00bb 26 + 12 x 45 cm 50 \u00b5 PEBD por 500"}]},{"@type":"WebSite","@id":"https:\/\/www.csj-emballages.com\/es\/#website","url":"https:\/\/www.csj-emballages.com\/es\/","name":"CSJ Emballages","description":"","publisher":{"@id":"https:\/\/www.csj-emballages.com\/es\/#organization"},"potentialAction":[{"@type":"SearchAction","target":{"@type":"EntryPoint","urlTemplate":"https:\/\/www.csj-emballages.com\/es\/?s={search_term_string}"},"query-input":{"@type":"PropertyValueSpecification","valueRequired":true,"valueName":"search_term_string"}}],"inLanguage":"es"},{"@type":"Organization","@id":"https:\/\/www.csj-emballages.com\/es\/#Organization\/","name":"CSJ Emballages","url":"https:\/\/www.csj-emballages.com\/es\/","logo":{"@type":"ImageObject","inLanguage":"es","@id":"https:\/\/www.csj-emballages.com\/es\/#\/schema\/logo\/image\/","url":"https:\/\/www.csj-emballages.com\/wp-content\/uploads\/2023\/10\/logo_csj.webp","contentUrl":"https:\/\/www.csj-emballages.com\/wp-content\/uploads\/2023\/10\/logo_csj.webp","width":250,"height":95,"caption":"CSJ Emballages"},"image":{"@id":"https:\/\/www.csj-emballages.com\/es\/#\/schema\/logo\/image\/"},"sameAs":["https:\/\/www.facebook.com\/csjemballages"],"address":{"@type":"PostalAddress","streetAddress":"ZI La Lechere","addressLocality":"Patornay","postalCode":"39130","addressCountry":"FR"},"contactPoint":[{"@type":"ContactPoint","contactType":"Service client","telephone":"0384254272","email":"contact@csj-emballages.com"}]}]}},"df_price":53.69,"df_sale_price":"","df_regular_price":53.69,"df_image_link":"https:\/\/www.csj-emballages.com\/wp-content\/uploads\/2024\/03\/SAC2645PRI-300x300.webp","tiered_pricing_type":"fixed","tiered_pricing_fixed_rules":[],"tiered_pricing_percentage_rules":[],"tiered_pricing_minimum":1,"tiered_pricing_roles_data":[],"_links":{"self":[{"href":"https:\/\/www.csj-emballages.com\/es\/wp-json\/wp\/v2\/product\/23056","targetHints":{"allow":["GET"]}}],"collection":[{"href":"https:\/\/www.csj-emballages.com\/es\/wp-json\/wp\/v2\/product"}],"about":[{"href":"https:\/\/www.csj-emballages.com\/es\/wp-json\/wp\/v2\/types\/product"}],"wp:featuredmedia":[{"embeddable":true,"href":"https:\/\/www.csj-emballages.com\/es\/wp-json\/wp\/v2\/media\/207352"}],"wp:attachment":[{"href":"https:\/\/www.csj-emballages.com\/es\/wp-json\/wp\/v2\/media?parent=23056"}],"wp:term":[{"taxonomy":"product_brand","embeddable":true,"href":"https:\/\/www.csj-emballages.com\/es\/wp-json\/wp\/v2\/product_brand?post=23056"},{"taxonomy":"product_cat","embeddable":true,"href":"https:\/\/www.csj-emballages.com\/es\/wp-json\/wp\/v2\/product_cat?post=23056"},{"taxonomy":"product_tag","embeddable":true,"href":"https:\/\/www.csj-emballages.com\/es\/wp-json\/wp\/v2\/product_tag?post=23056"}],"curies":[{"name":"wp","href":"https:\/\/api.w.org\/{rel}","templated":true}]}}