{"id":23050,"date":"2024-03-01T16:50:12","date_gmt":"2024-03-01T15:50:12","guid":{"rendered":"https:\/\/u15jnbdpoq.preview.infomaniak.website\/produit\/100-redondos-gruesos-de-oro-o28-cm\/"},"modified":"2026-04-14T02:20:31","modified_gmt":"2026-04-14T00:20:31","slug":"100-redondos-gruesos-de-oro-o28-cm","status":"publish","type":"product","link":"https:\/\/www.csj-emballages.com\/es\/produit\/100-redondos-gruesos-de-oro-o28-cm\/","title":{"rendered":"Cart\u00f3n grueso dorado redondo \u00f828 cm por 100"},"content":{"rendered":"<h2>Oro redondo<\/h2>\n<hr>\n<h3>Descripci\u00f3n de nuestro cart\u00f3n grueso redondo dorado \u00f828 cm por 100<\/h3>\n<p><!--more--><\/p>\n<p data-start=\"0\" data-end=\"490\">A\u00f1ada un toque de elegancia a sus creaciones dulces con nuestro <strong data-start=\"96\" data-end=\"130\">redondo dorado de cart\u00f3n grueso de \u00f828 cm<\/strong> por <strong>100<\/strong>. Especialmente dise\u00f1ado para <strong data-start=\"168\" data-end=\"182\">pasteleros<\/strong>, <strong data-start=\"184\" data-end=\"198\">panaderos<\/strong> y <strong data-start=\"202\" data-end=\"215\">servicios de catering<\/strong>, este <strong>soporte para tartas<\/strong> combina robustez y refinamiento. Gracias a su <strong data-start=\"323\" data-end=\"338\">luminoso<\/strong> <strong data-start=\"291\" data-end=\"311\" data-is-only-node=\"\">revestimiento de pl\u00e1stico<\/strong> <strong data-start=\"323\" data-end=\"338\">dorado<\/strong>, realza cualquier postre, ya sea una charlotte de fresa, un vacherin helado, una tarta gourmet o un fondant de chocolate.  <\/p>\n<p data-start=\"492\" data-end=\"922\">Fabricada en <strong data-start=\"509\" data-end=\"533\">cart\u00f3n grueso<\/strong>, esta <strong>bandeja redonda<\/strong> ofrece <strong data-start=\"553\" data-end=\"574\">una rigidez \u00f3ptima<\/strong>, garantizando una presentaci\u00f3n impecable de principio a fin. Adem\u00e1s, su superficie plastificada protege de la humedad y evita que las preparaciones se peguen, facilitando el corte y el servicio. <strong data-start=\"790\" data-end=\"802\">Pr\u00e1ctica,<\/strong> encaja perfectamente en <span style=\"color: #d12727;\"><a style=\"color: #d12727;\" href=\"https:\/\/www.csj-emballages.com\/es\/categorie-produit\/envasado-de-alimentos\/panaderia-y-pasteleria\/cajas-y-estuches\/cajas-para-pasteles\/\"><strong>cajas de pasteler\u00eda<\/strong><\/a><\/span>para transportar con seguridad incluso los dulces m\u00e1s delicados. <\/p>\n<p data-start=\"924\" data-end=\"1335\">Pero eso no es todo: este <strong>soporte<\/strong> <strong data-start=\"960\" data-end=\"977\">biodegradable<\/strong> responde a las exigencias actuales en materia de respeto del medio ambiente. As\u00ed, podr\u00e1 combinar una est\u00e9tica dorada con un enfoque eco-responsable, una ventaja apreciada por los clientes sensibles al desarrollo sostenible. Adem\u00e1s, su formato <strong>de 28 cm<\/strong> lo convierte en la elecci\u00f3n ideal para pasteles individuales o de tama\u00f1o medio, ya que ofrece una base estable y elegante.  <\/p>\n<p data-start=\"1337\" data-end=\"1767\">Al elegir este <strong data-start=\"1355\" data-end=\"1373\">redondo dorado de \u00f828 cm<\/strong>, obtendr\u00e1 un producto <strong data-start=\"1402\" data-end=\"1416\">vers\u00e1til<\/strong> y <strong data-start=\"1420\" data-end=\"1430\">fiable<\/strong> que realza sus creaciones a la vez que simplifica su organizaci\u00f3n. Se presta por igual a los eventos festivos y a las ventas cotidianas, a\u00f1adiendo ese <strong data-start=\"1587\" data-end=\"1609\">toque de prestigio<\/strong> que marca la diferencia. Apueste <strong data-start=\"1640\" data-end=\"1665\">por la calidad<\/strong> y realce cada postre con este soporte que combina belleza, practicidad y respeto por el planeta. <\/p>\n<p><!--more--><\/p>\n<h4><strong>Ventajas :<\/strong><\/h4>\n<ul>\n<li><strong data-start=\"1992\" data-end=\"2004\">Elegancia<\/strong>: un color dorado que realza todos los pasteles.<\/li>\n<li><strong data-start=\"2053\" data-end=\"2065\">Solidez<\/strong>: cart\u00f3n grueso para un ajuste perfecto.<\/li>\n<li><strong data-start=\"2119\" data-end=\"2132\">Pr\u00e1ctico<\/strong>: superficie de pl\u00e1stico resistente a la humedad para facilitar el transporte.<\/li>\n<li><strong data-start=\"2191\" data-end=\"2209\">Ecol\u00f3gico<\/strong>: base redonda biodegradable.<\/li>\n<li><strong data-start=\"2244\" data-end=\"2258\">Vers\u00e1til<\/strong>: ideal para pasteles, tartas, vacherins y mucho m\u00e1s.<\/li>\n<\/ul>\n<p>&nbsp;<\/p>\n<p><!--more--><\/p>\n<h4>Informaci\u00f3n adicional :<\/h4>\n<ul>\n<li><strong>Embalaje<\/strong>: Paquete de 100<\/li>\n<li><strong>Di\u00e1metro<\/strong>: 28 cm<\/li>\n<li><strong>Material<\/strong>: Cart\u00f3n<\/li>\n<li><strong>Color<\/strong>: dorado<\/li>\n<\/ul>\n<p>&nbsp;<\/p>\n<p><!--more--><\/p>\n<p>Este soporte para tartas redondo y liso de color blanco est\u00e1 disponible en diferentes tama\u00f1os: <span style=\"color: #d12727;\"><a style=\"color: #d12727;\" href=\"https:\/\/www.csj-emballages.com\/de\/produit\/100-dicke-goldene-ringe-o16-cm\/\">\u00d816 cm<\/a><\/span> \/ <span style=\"color: #d12727;\"><a style=\"color: #d12727;\" href=\"https:\/\/www.csj-emballages.com\/produit\/100-ronds-or-epais-o18-cm\/\">\u00d818 cm<\/a><\/span> \/ <span style=\"color: #d12727;\"><a style=\"color: #d12727;\" href=\"https:\/\/www.csj-emballages.com\/produit\/100-ronds-or-epais-o20-cm\/\">\u00d820 cm<\/a><\/span> \/ <span style=\"color: #d12727;\"><a style=\"color: #d12727;\" href=\"https:\/\/www.csj-emballages.com\/produit\/100-ronds-or-epais-o22-cm\/\">\u00d822 cm<\/a><\/span> \/ <span style=\"color: #d12727;\"><a style=\"color: #d12727;\" href=\"https:\/\/www.csj-emballages.com\/produit\/100-ronds-or-epais-o24-cm\/\">\u00d824 cm<\/a><\/span> \/ <span style=\"color: #d12727;\"> <a style=\"color: #d12727;\" href=\"https:\/\/www.csj-emballages.com\/produit\/100-ronds-or-epais-o30-cm\/\">\u00d826<\/a><a style=\"color: #d12727;\" href=\"https:\/\/www.csj-emballages.com\/produit\/100-ronds-or-epais-o26-cm\/\">cm<\/a> \/ \u00d830 cm \/ <a style=\"color: #d12727;\" href=\"https:\/\/www.csj-emballages.com\/produit\/100-ronds-or-epais-o32-cm\/\">\u00d832 cm<\/a><\/span><\/p>\n<p>&nbsp;<\/p>\n<p><!--more--><\/p>\n<p><a href=\"https:\/\/www.csj-emballages.com\/es\/categorie-produit\/envasado-de-alimentos\/panaderia-y-pasteleria\/soportes-de-base-para-tartas\/soportes-redondos-para-tartas\/soportes-dorados-para-tartas\/redondos-de-tarta-dorados\/\">Consulte el resto de nuestra gama de soportes redondos dorados aqu\u00ed<\/a><\/p>\n","protected":false},"excerpt":{"rendered":"<p>Oro redondo Descripci\u00f3n de nuestro cart\u00f3n grueso redondo dorado \u00f828 cm por 100<\/p>\n","protected":false},"featured_media":0,"template":"","meta":{"_acf_changed":false},"product_brand":[],"product_cat":[1150,1145,1911,3121,3274],"product_tag":[],"class_list":{"0":"post-23050","1":"product","2":"type-product","3":"status-publish","5":"product_cat-envasado-de-alimentos","6":"product_cat-panaderia-y-pasteleria","7":"product_cat-soportes-de-base-para-tartas","8":"product_cat-soportes-dorados-para-tartas","9":"product_cat-redondos-de-tarta-dorados","11":"first","12":"instock","13":"taxable","14":"shipping-taxable","15":"purchasable","16":"product-type-simple"},"acf":[],"yoast_head":"<!-- This site is optimized with the Yoast SEO Premium plugin v26.6 (Yoast SEO v26.6) - https:\/\/yoast.com\/wordpress\/plugins\/seo\/ -->\n<title>Redondo Oro Cart\u00f3n grueso \u00f828 cm por 100<\/title>\n<meta name=\"description\" content=\"Redondo dorado de \u00d828 cm en cart\u00f3n grueso plastificado biodegradable. Ideal para pasteleros, panaderos y servicios de catering para realzar tartas y postres.\" \/>\n<meta name=\"robots\" content=\"index, follow, max-snippet:-1, max-image-preview:large, max-video-preview:-1\" \/>\n<link rel=\"canonical\" href=\"https:\/\/www.csj-emballages.com\/es\/produit\/100-redondos-gruesos-de-oro-o28-cm\/\" \/>\n<meta property=\"og:locale\" content=\"es_ES\" \/>\n<meta property=\"og:type\" content=\"article\" \/>\n<meta property=\"og:title\" content=\"Cart\u00f3n grueso dorado redondo \u00f828 cm por 100\" \/>\n<meta property=\"og:description\" content=\"Redondo dorado de \u00d828 cm en cart\u00f3n grueso plastificado biodegradable. Ideal para pasteleros, panaderos y servicios de catering para realzar tartas y postres.\" \/>\n<meta property=\"og:url\" content=\"https:\/\/www.csj-emballages.com\/es\/produit\/100-redondos-gruesos-de-oro-o28-cm\/\" \/>\n<meta property=\"og:site_name\" content=\"CSJ Emballages\" \/>\n<meta property=\"article:publisher\" content=\"https:\/\/www.facebook.com\/csjemballages\" \/>\n<meta property=\"article:modified_time\" content=\"2026-04-14T00:20:31+00:00\" \/>\n<meta property=\"og:image\" content=\"https:\/\/www.csj-emballages.com\/wp-content\/uploads\/2024\/03\/Rond-or.webp\" \/>\n\t<meta property=\"og:image:width\" content=\"800\" \/>\n\t<meta property=\"og:image:height\" content=\"800\" \/>\n\t<meta property=\"og:image:type\" content=\"image\/webp\" \/>\n<meta name=\"twitter:card\" content=\"summary_large_image\" \/>\n<meta name=\"twitter:label1\" content=\"Tiempo de lectura\" \/>\n\t<meta name=\"twitter:data1\" content=\"2 minutos\" \/>\n<script type=\"application\/ld+json\" class=\"yoast-schema-graph\">{\"@context\":\"https:\/\/schema.org\",\"@graph\":[{\"@type\":\"WebPage\",\"@id\":\"https:\/\/www.csj-emballages.com\/es\/produit\/100-redondos-gruesos-de-oro-o28-cm\/\",\"url\":\"https:\/\/www.csj-emballages.com\/es\/produit\/100-redondos-gruesos-de-oro-o28-cm\/\",\"name\":\"Redondo Oro Cart\u00f3n grueso \u00f828 cm por 100\",\"isPartOf\":{\"@id\":\"https:\/\/www.csj-emballages.com\/es\/#website\"},\"datePublished\":\"2024-03-01T15:50:12+00:00\",\"dateModified\":\"2026-04-14T00:20:31+00:00\",\"description\":\"Redondo dorado de \u00d828 cm en cart\u00f3n grueso plastificado biodegradable. Ideal para pasteleros, panaderos y servicios de catering para realzar tartas y postres.\",\"breadcrumb\":{\"@id\":\"https:\/\/www.csj-emballages.com\/es\/produit\/100-redondos-gruesos-de-oro-o28-cm\/#breadcrumb\"},\"inLanguage\":\"es\",\"potentialAction\":[{\"@type\":\"ReadAction\",\"target\":[\"https:\/\/www.csj-emballages.com\/es\/produit\/100-redondos-gruesos-de-oro-o28-cm\/\"]}]},{\"@type\":\"BreadcrumbList\",\"@id\":\"https:\/\/www.csj-emballages.com\/es\/produit\/100-redondos-gruesos-de-oro-o28-cm\/#breadcrumb\",\"itemListElement\":[{\"@type\":\"ListItem\",\"position\":1,\"name\":\"Accueil\",\"item\":\"https:\/\/www.csj-emballages.com\/es\/universo-del-envasado-alimentario\/\"},{\"@type\":\"ListItem\",\"position\":2,\"name\":\"Tienda\",\"item\":\"https:\/\/www.csj-emballages.com\/tienda\/\"},{\"@type\":\"ListItem\",\"position\":3,\"name\":\"Cart\u00f3n grueso dorado redondo \u00f828 cm por 100\"}]},{\"@type\":\"WebSite\",\"@id\":\"https:\/\/www.csj-emballages.com\/es\/#website\",\"url\":\"https:\/\/www.csj-emballages.com\/es\/\",\"name\":\"CSJ Emballages\",\"description\":\"\",\"publisher\":{\"@id\":\"https:\/\/www.csj-emballages.com\/es\/#organization\"},\"potentialAction\":[{\"@type\":\"SearchAction\",\"target\":{\"@type\":\"EntryPoint\",\"urlTemplate\":\"https:\/\/www.csj-emballages.com\/es\/?s={search_term_string}\"},\"query-input\":{\"@type\":\"PropertyValueSpecification\",\"valueRequired\":true,\"valueName\":\"search_term_string\"}}],\"inLanguage\":\"es\"},{\"@type\":\"Organization\",\"@id\":\"https:\/\/www.csj-emballages.com\/es\/#Organization\/\",\"name\":\"CSJ Emballages\",\"url\":\"https:\/\/www.csj-emballages.com\/es\/\",\"logo\":{\"@type\":\"ImageObject\",\"inLanguage\":\"es\",\"@id\":\"https:\/\/www.csj-emballages.com\/es\/#\/schema\/logo\/image\/\",\"url\":\"https:\/\/www.csj-emballages.com\/wp-content\/uploads\/2023\/10\/logo_csj.webp\",\"contentUrl\":\"https:\/\/www.csj-emballages.com\/wp-content\/uploads\/2023\/10\/logo_csj.webp\",\"width\":250,\"height\":95,\"caption\":\"CSJ Emballages\"},\"image\":{\"@id\":\"https:\/\/www.csj-emballages.com\/es\/#\/schema\/logo\/image\/\"},\"sameAs\":[\"https:\/\/www.facebook.com\/csjemballages\"],\"address\":{\"@type\":\"PostalAddress\",\"streetAddress\":\"ZI La Lechere\",\"addressLocality\":\"Patornay\",\"postalCode\":\"39130\",\"addressCountry\":\"FR\"},\"contactPoint\":[{\"@type\":\"ContactPoint\",\"contactType\":\"Service client\",\"telephone\":\"0384254272\",\"email\":\"contact@csj-emballages.com\"}]}]}<\/script>\n<!-- \/ Yoast SEO Premium plugin. -->","yoast_head_json":{"title":"Redondo Oro Cart\u00f3n grueso \u00f828 cm por 100","description":"Redondo dorado de \u00d828 cm en cart\u00f3n grueso plastificado biodegradable. Ideal para pasteleros, panaderos y servicios de catering para realzar tartas y postres.","robots":{"index":"index","follow":"follow","max-snippet":"max-snippet:-1","max-image-preview":"max-image-preview:large","max-video-preview":"max-video-preview:-1"},"canonical":"https:\/\/www.csj-emballages.com\/es\/produit\/100-redondos-gruesos-de-oro-o28-cm\/","og_locale":"es_ES","og_type":"article","og_title":"Cart\u00f3n grueso dorado redondo \u00f828 cm por 100","og_description":"Redondo dorado de \u00d828 cm en cart\u00f3n grueso plastificado biodegradable. Ideal para pasteleros, panaderos y servicios de catering para realzar tartas y postres.","og_url":"https:\/\/www.csj-emballages.com\/es\/produit\/100-redondos-gruesos-de-oro-o28-cm\/","og_site_name":"CSJ Emballages","article_publisher":"https:\/\/www.facebook.com\/csjemballages","article_modified_time":"2026-04-14T00:20:31+00:00","og_image":[{"width":800,"height":800,"url":"https:\/\/www.csj-emballages.com\/wp-content\/uploads\/2024\/03\/Rond-or.webp","type":"image\/webp"}],"twitter_card":"summary_large_image","twitter_misc":{"Tiempo de lectura":"2 minutos"},"schema":{"@context":"https:\/\/schema.org","@graph":[{"@type":"WebPage","@id":"https:\/\/www.csj-emballages.com\/es\/produit\/100-redondos-gruesos-de-oro-o28-cm\/","url":"https:\/\/www.csj-emballages.com\/es\/produit\/100-redondos-gruesos-de-oro-o28-cm\/","name":"Redondo Oro Cart\u00f3n grueso \u00f828 cm por 100","isPartOf":{"@id":"https:\/\/www.csj-emballages.com\/es\/#website"},"datePublished":"2024-03-01T15:50:12+00:00","dateModified":"2026-04-14T00:20:31+00:00","description":"Redondo dorado de \u00d828 cm en cart\u00f3n grueso plastificado biodegradable. Ideal para pasteleros, panaderos y servicios de catering para realzar tartas y postres.","breadcrumb":{"@id":"https:\/\/www.csj-emballages.com\/es\/produit\/100-redondos-gruesos-de-oro-o28-cm\/#breadcrumb"},"inLanguage":"es","potentialAction":[{"@type":"ReadAction","target":["https:\/\/www.csj-emballages.com\/es\/produit\/100-redondos-gruesos-de-oro-o28-cm\/"]}]},{"@type":"BreadcrumbList","@id":"https:\/\/www.csj-emballages.com\/es\/produit\/100-redondos-gruesos-de-oro-o28-cm\/#breadcrumb","itemListElement":[{"@type":"ListItem","position":1,"name":"Accueil","item":"https:\/\/www.csj-emballages.com\/es\/universo-del-envasado-alimentario\/"},{"@type":"ListItem","position":2,"name":"Tienda","item":"https:\/\/www.csj-emballages.com\/tienda\/"},{"@type":"ListItem","position":3,"name":"Cart\u00f3n grueso dorado redondo \u00f828 cm por 100"}]},{"@type":"WebSite","@id":"https:\/\/www.csj-emballages.com\/es\/#website","url":"https:\/\/www.csj-emballages.com\/es\/","name":"CSJ Emballages","description":"","publisher":{"@id":"https:\/\/www.csj-emballages.com\/es\/#organization"},"potentialAction":[{"@type":"SearchAction","target":{"@type":"EntryPoint","urlTemplate":"https:\/\/www.csj-emballages.com\/es\/?s={search_term_string}"},"query-input":{"@type":"PropertyValueSpecification","valueRequired":true,"valueName":"search_term_string"}}],"inLanguage":"es"},{"@type":"Organization","@id":"https:\/\/www.csj-emballages.com\/es\/#Organization\/","name":"CSJ Emballages","url":"https:\/\/www.csj-emballages.com\/es\/","logo":{"@type":"ImageObject","inLanguage":"es","@id":"https:\/\/www.csj-emballages.com\/es\/#\/schema\/logo\/image\/","url":"https:\/\/www.csj-emballages.com\/wp-content\/uploads\/2023\/10\/logo_csj.webp","contentUrl":"https:\/\/www.csj-emballages.com\/wp-content\/uploads\/2023\/10\/logo_csj.webp","width":250,"height":95,"caption":"CSJ Emballages"},"image":{"@id":"https:\/\/www.csj-emballages.com\/es\/#\/schema\/logo\/image\/"},"sameAs":["https:\/\/www.facebook.com\/csjemballages"],"address":{"@type":"PostalAddress","streetAddress":"ZI La Lechere","addressLocality":"Patornay","postalCode":"39130","addressCountry":"FR"},"contactPoint":[{"@type":"ContactPoint","contactType":"Service client","telephone":"0384254272","email":"contact@csj-emballages.com"}]}]}},"df_price":23.65,"df_sale_price":"","df_regular_price":23.65,"df_image_link":"https:\/\/www.csj-emballages.com\/wp-content\/uploads\/woocommerce-placeholder-300x300.png","tiered_pricing_type":"fixed","tiered_pricing_fixed_rules":[],"tiered_pricing_percentage_rules":[],"tiered_pricing_minimum":1,"tiered_pricing_roles_data":[],"_links":{"self":[{"href":"https:\/\/www.csj-emballages.com\/es\/wp-json\/wp\/v2\/product\/23050","targetHints":{"allow":["GET"]}}],"collection":[{"href":"https:\/\/www.csj-emballages.com\/es\/wp-json\/wp\/v2\/product"}],"about":[{"href":"https:\/\/www.csj-emballages.com\/es\/wp-json\/wp\/v2\/types\/product"}],"wp:attachment":[{"href":"https:\/\/www.csj-emballages.com\/es\/wp-json\/wp\/v2\/media?parent=23050"}],"wp:term":[{"taxonomy":"product_brand","embeddable":true,"href":"https:\/\/www.csj-emballages.com\/es\/wp-json\/wp\/v2\/product_brand?post=23050"},{"taxonomy":"product_cat","embeddable":true,"href":"https:\/\/www.csj-emballages.com\/es\/wp-json\/wp\/v2\/product_cat?post=23050"},{"taxonomy":"product_tag","embeddable":true,"href":"https:\/\/www.csj-emballages.com\/es\/wp-json\/wp\/v2\/product_tag?post=23050"}],"curies":[{"name":"wp","href":"https:\/\/api.w.org\/{rel}","templated":true}]}}