{"id":23029,"date":"2024-03-01T16:50:12","date_gmt":"2024-03-01T15:50:12","guid":{"rendered":"https:\/\/u15jnbdpoq.preview.infomaniak.website\/produit\/100-redondos-gruesos-de-oro-o32-cm\/"},"modified":"2026-04-18T02:16:14","modified_gmt":"2026-04-18T00:16:14","slug":"100-redondos-gruesos-de-oro-o32-cm","status":"publish","type":"product","link":"https:\/\/www.csj-emballages.com\/es\/produit\/100-redondos-gruesos-de-oro-o32-cm\/","title":{"rendered":"Cart\u00f3n grueso dorado redondo \u00f832 cm por 100"},"content":{"rendered":"<h2>Oro redondo<\/h2>\n<hr>\n<h3>Descripci\u00f3n de nuestro cart\u00f3n grueso redondo dorado \u00f832 cm por 100<\/h3>\n<p><!--more--><\/p>\n<p data-start=\"0\" data-end=\"493\">A\u00f1ada un toque de elegancia y solidez a sus presentaciones culinarias con nuestro <strong data-start=\"120\" data-end=\"154\">cart\u00f3n grueso dorado redondo \u00f832 cm<\/strong>, vendido en <strong data-start=\"165\" data-end=\"179\">paquetes de 100<\/strong>. Dise\u00f1ado para profesionales de la restauraci\u00f3n exigentes, restauradores o pasteleros, este soporte combina <strong data-start=\"291\" data-end=\"303\">solidez<\/strong>, <strong data-start=\"305\" data-end=\"319\">est\u00e9tica<\/strong> y <strong data-start=\"323\" data-end=\"336\">practicidad<\/strong>. Con su <strong data-start=\"350\" data-end=\"380\">generoso di\u00e1metro de 32 cm<\/strong>, es perfecto para exponer sus <strong data-start=\"423\" data-end=\"434\" data-is-only-node=\"\">tartas<\/strong>, <strong data-start=\"436\" data-end=\"449\">entremeses<\/strong>, <strong data-start=\"451\" data-end=\"468\">buffets salados<\/strong> o <strong data-start=\"472\" data-end=\"490\">platos combinados<\/strong>.  <\/p>\n<p data-start=\"495\" data-end=\"930\">En primer lugar, su acabado <strong data-start=\"516\" data-end=\"525\">dorado<\/strong> crea inmediatamente un llamativo <strong data-start=\"551\" data-end=\"568\">efecto premium<\/strong>, ya sea en un escaparate, en un evento o para servicio de comida para llevar. En segundo lugar, su <g id=\"gid_2\">cart\u00f3n grueso<\/g> garantiza <g id=\"gid_3\">una<\/g> excelente <g id=\"gid_3\">resistencia<\/g>, incluso para creaciones gourmet pesadas. No hay que preocuparse por deformaciones o pliegues: sus preparaciones permanecen impecables desde el horno hasta la mesa de sus clientes.  <\/p>\n<p data-start=\"932\" data-end=\"1387\">Adem\u00e1s, este aro dorado es <strong data-start=\"956\" data-end=\"970\">vers\u00e1til<\/strong>: puede utilizarse para <strong data-start=\"1006\" data-end=\"1025\">postres congelados<\/strong>, <strong data-start=\"1031\" data-end=\"1041\">tartas<\/strong> o <strong data-start=\"1049\" data-end=\"1068\">entremeses frescos<\/strong>. Su superficie lisa facilita el <strong data-start=\"1099\" data-end=\"1110\">servicio<\/strong> y el <strong data-start=\"1117\" data-end=\"1130\">transporte<\/strong>, al tiempo que proporciona una barrera eficaz contra la humedad. Al elegir este <strong data-start=\"1207\" data-end=\"1239\">econ\u00f3mico paquete de 100 piezas<\/strong>, podr\u00e1 ahorrar tiempo y optimizar sus compras, una ventaja innegable para los profesionales que buscan una excelente <strong data-start=\"1360\" data-end=\"1384\">relaci\u00f3n calidad-precio<\/strong>.  <\/p>\n<p data-start=\"1389\" data-end=\"1725\">En resumen, este <strong data-start=\"1403\" data-end=\"1437\">anillo de cart\u00f3n dorado de \u00f832 cm de grosor<\/strong> combina <strong data-start=\"1446\" data-end=\"1458\">elegancia<\/strong>, <strong data-start=\"1460\" data-end=\"1473\">fiabilidad<\/strong> y <strong data-start=\"1477\" data-end=\"1502\">facilidad de uso<\/strong>. Realzar\u00e1 sus creaciones al tiempo que reforzar\u00e1 su imagen profesional ante sus clientes. Imprescindible para todos aquellos que deseen combinar <strong data-start=\"1655\" data-end=\"1669\">est\u00e9tica<\/strong> y <strong data-start=\"1673\" data-end=\"1686\">practicidad<\/strong> en sus presentaciones culinarias.  <\/p>\n<p data-start=\"1389\" data-end=\"1725\">\n<p><!--more--><\/p>\n<h4><strong>Ventajas :<\/strong><\/h4>\n<ul>\n<li><strong data-start=\"1992\" data-end=\"2004\">Elegancia<\/strong>: un color dorado que realza todos los pasteles.<\/li>\n<li><strong data-start=\"2053\" data-end=\"2065\">Solidez<\/strong>: cart\u00f3n grueso para un ajuste perfecto.<\/li>\n<li><strong data-start=\"2119\" data-end=\"2132\">Pr\u00e1ctico<\/strong>: superficie de pl\u00e1stico resistente a la humedad para facilitar el transporte.<\/li>\n<li><strong data-start=\"2191\" data-end=\"2209\">Ecol\u00f3gico<\/strong>: base redonda biodegradable.<\/li>\n<li><strong data-start=\"2244\" data-end=\"2258\">Vers\u00e1til<\/strong>: ideal para pasteles, tartas, vacherins y mucho m\u00e1s.<\/li>\n<\/ul>\n<p>&nbsp;<\/p>\n<p><!--more--><\/p>\n<h4>Informaci\u00f3n adicional :<\/h4>\n<ul>\n<li><strong>Embalaje<\/strong>: Paquete de 100<\/li>\n<li><strong>Di\u00e1metro<\/strong>: 32 cm<\/li>\n<li><strong>Material<\/strong>: Cart\u00f3n<\/li>\n<li><strong>Color<\/strong>: dorado<\/li>\n<\/ul>\n<p>&nbsp;<\/p>\n<p><!--more--><\/p>\n<p>Este soporte para tartas redondo de color blanco liso est\u00e1 disponible en diferentes tama\u00f1os: <span style=\"color: #d12727;\"><a style=\"color: #d12727;\" href=\"https:\/\/www.csj-emballages.com\/es\/produit\/100-redondos-gruesos-de-oro-o16-cm\/\">\u00d816 cm<\/a><\/span> \/ <span style=\"color: #d12727;\"><a style=\"color: #d12727;\" href=\"https:\/\/www.csj-emballages.com\/produit\/100-ronds-or-epais-o18-cm\/\">\u00d818 cm<\/a><\/span> \/ <span style=\"color: #d12727;\"><a style=\"color: #d12727;\" href=\"https:\/\/www.csj-emballages.com\/produit\/100-ronds-or-epais-o20-cm\/\">\u00d820 cm<\/a><\/span> \/ <span style=\"color: #d12727;\"><a style=\"color: #d12727;\" href=\"https:\/\/www.csj-emballages.com\/produit\/100-ronds-or-epais-o22-cm\/\">\u00d822 cm<\/a><\/span> \/ <span style=\"color: #d12727;\"><a style=\"color: #d12727;\" href=\"https:\/\/www.csj-emballages.com\/produit\/100-ronds-or-epais-o24-cm\/\">\u00d824 cm<\/a><\/span> \/ <span style=\"color: #d12727;\"> <a style=\"color: #d12727;\" href=\"https:\/\/www.csj-emballages.com\/produit\/100-ronds-or-epais-o32-cm\/\">\u00d826<\/a><a style=\"color: #d12727;\" href=\"https:\/\/www.csj-emballages.com\/produit\/100-ronds-or-epais-o26-cm\/\">cm<\/a> \/ <a style=\"color: #d12727;\" href=\"https:\/\/www.csj-emballages.com\/produit\/100-ronds-or-epais-o28-cm\/\">\u00d828 cm<\/a> \/ \u00d830 cm<\/span><\/p>\n<p>&nbsp;<\/p>\n<p><!--more--><\/p>\n<p><a href=\"https:\/\/www.csj-emballages.com\/es\/categorie-produit\/envasado-de-alimentos\/panaderia-y-pasteleria\/soportes-de-base-para-tartas\/soportes-redondos-para-tartas\/soportes-dorados-para-tartas\/redondos-de-tarta-dorados\/\">Consulte el resto de nuestra gama de soportes redondos dorados aqu\u00ed<\/a><\/p>\n","protected":false},"excerpt":{"rendered":"<p>Oro redondo Descripci\u00f3n de nuestro cart\u00f3n grueso redondo dorado \u00f832 cm por 100<\/p>\n","protected":false},"featured_media":0,"template":"","meta":{"_acf_changed":false},"product_brand":[],"product_cat":[1150,1145,1911,3121,3274],"product_tag":[],"class_list":{"0":"post-23029","1":"product","2":"type-product","3":"status-publish","5":"product_cat-envasado-de-alimentos","6":"product_cat-panaderia-y-pasteleria","7":"product_cat-soportes-de-base-para-tartas","8":"product_cat-soportes-dorados-para-tartas","9":"product_cat-redondos-de-tarta-dorados","11":"first","12":"instock","13":"taxable","14":"shipping-taxable","15":"purchasable","16":"product-type-simple"},"acf":[],"yoast_head":"<!-- This site is optimized with the Yoast SEO Premium plugin v26.6 (Yoast SEO v26.6) - https:\/\/yoast.com\/wordpress\/plugins\/seo\/ -->\n<title>Redondo Oro Cart\u00f3n grueso \u00f832 cm por 100<\/title>\n<meta name=\"description\" content=\"Oro redondo \u00d832 cm en cart\u00f3n grueso plastificado biodegradable. Ideal para pasteleros, panaderos y servicios de catering para realzar tartas y postres.\" \/>\n<meta name=\"robots\" content=\"index, follow, max-snippet:-1, max-image-preview:large, max-video-preview:-1\" \/>\n<link rel=\"canonical\" href=\"https:\/\/www.csj-emballages.com\/es\/produit\/100-redondos-gruesos-de-oro-o32-cm\/\" \/>\n<meta property=\"og:locale\" content=\"es_ES\" \/>\n<meta property=\"og:type\" content=\"article\" \/>\n<meta property=\"og:title\" content=\"Cart\u00f3n grueso dorado redondo \u00f832 cm por 100\" \/>\n<meta property=\"og:description\" content=\"Oro redondo \u00d832 cm en cart\u00f3n grueso plastificado biodegradable. Ideal para pasteleros, panaderos y servicios de catering para realzar tartas y postres.\" \/>\n<meta property=\"og:url\" content=\"https:\/\/www.csj-emballages.com\/es\/produit\/100-redondos-gruesos-de-oro-o32-cm\/\" \/>\n<meta property=\"og:site_name\" content=\"CSJ Emballages\" \/>\n<meta property=\"article:publisher\" content=\"https:\/\/www.facebook.com\/csjemballages\" \/>\n<meta property=\"article:modified_time\" content=\"2026-04-18T00:16:14+00:00\" \/>\n<meta property=\"og:image\" content=\"https:\/\/www.csj-emballages.com\/wp-content\/uploads\/2024\/03\/Rond-or.webp\" \/>\n\t<meta property=\"og:image:width\" content=\"800\" \/>\n\t<meta property=\"og:image:height\" content=\"800\" \/>\n\t<meta property=\"og:image:type\" content=\"image\/webp\" \/>\n<meta name=\"twitter:card\" content=\"summary_large_image\" \/>\n<meta name=\"twitter:label1\" content=\"Tiempo de lectura\" \/>\n\t<meta name=\"twitter:data1\" content=\"2 minutos\" \/>\n<script type=\"application\/ld+json\" class=\"yoast-schema-graph\">{\"@context\":\"https:\/\/schema.org\",\"@graph\":[{\"@type\":\"WebPage\",\"@id\":\"https:\/\/www.csj-emballages.com\/es\/produit\/100-redondos-gruesos-de-oro-o32-cm\/\",\"url\":\"https:\/\/www.csj-emballages.com\/es\/produit\/100-redondos-gruesos-de-oro-o32-cm\/\",\"name\":\"Redondo Oro Cart\u00f3n grueso \u00f832 cm por 100\",\"isPartOf\":{\"@id\":\"https:\/\/www.csj-emballages.com\/es\/#website\"},\"datePublished\":\"2024-03-01T15:50:12+00:00\",\"dateModified\":\"2026-04-18T00:16:14+00:00\",\"description\":\"Oro redondo \u00d832 cm en cart\u00f3n grueso plastificado biodegradable. Ideal para pasteleros, panaderos y servicios de catering para realzar tartas y postres.\",\"breadcrumb\":{\"@id\":\"https:\/\/www.csj-emballages.com\/es\/produit\/100-redondos-gruesos-de-oro-o32-cm\/#breadcrumb\"},\"inLanguage\":\"es\",\"potentialAction\":[{\"@type\":\"ReadAction\",\"target\":[\"https:\/\/www.csj-emballages.com\/es\/produit\/100-redondos-gruesos-de-oro-o32-cm\/\"]}]},{\"@type\":\"BreadcrumbList\",\"@id\":\"https:\/\/www.csj-emballages.com\/es\/produit\/100-redondos-gruesos-de-oro-o32-cm\/#breadcrumb\",\"itemListElement\":[{\"@type\":\"ListItem\",\"position\":1,\"name\":\"Accueil\",\"item\":\"https:\/\/www.csj-emballages.com\/es\/universo-del-envasado-alimentario\/\"},{\"@type\":\"ListItem\",\"position\":2,\"name\":\"Tienda\",\"item\":\"https:\/\/www.csj-emballages.com\/tienda\/\"},{\"@type\":\"ListItem\",\"position\":3,\"name\":\"Cart\u00f3n grueso dorado redondo \u00f832 cm por 100\"}]},{\"@type\":\"WebSite\",\"@id\":\"https:\/\/www.csj-emballages.com\/es\/#website\",\"url\":\"https:\/\/www.csj-emballages.com\/es\/\",\"name\":\"CSJ Emballages\",\"description\":\"\",\"publisher\":{\"@id\":\"https:\/\/www.csj-emballages.com\/es\/#organization\"},\"potentialAction\":[{\"@type\":\"SearchAction\",\"target\":{\"@type\":\"EntryPoint\",\"urlTemplate\":\"https:\/\/www.csj-emballages.com\/es\/?s={search_term_string}\"},\"query-input\":{\"@type\":\"PropertyValueSpecification\",\"valueRequired\":true,\"valueName\":\"search_term_string\"}}],\"inLanguage\":\"es\"},{\"@type\":\"Organization\",\"@id\":\"https:\/\/www.csj-emballages.com\/es\/#Organization\/\",\"name\":\"CSJ Emballages\",\"url\":\"https:\/\/www.csj-emballages.com\/es\/\",\"logo\":{\"@type\":\"ImageObject\",\"inLanguage\":\"es\",\"@id\":\"https:\/\/www.csj-emballages.com\/es\/#\/schema\/logo\/image\/\",\"url\":\"https:\/\/www.csj-emballages.com\/wp-content\/uploads\/2023\/10\/logo_csj.webp\",\"contentUrl\":\"https:\/\/www.csj-emballages.com\/wp-content\/uploads\/2023\/10\/logo_csj.webp\",\"width\":250,\"height\":95,\"caption\":\"CSJ Emballages\"},\"image\":{\"@id\":\"https:\/\/www.csj-emballages.com\/es\/#\/schema\/logo\/image\/\"},\"sameAs\":[\"https:\/\/www.facebook.com\/csjemballages\"],\"address\":{\"@type\":\"PostalAddress\",\"streetAddress\":\"ZI La Lechere\",\"addressLocality\":\"Patornay\",\"postalCode\":\"39130\",\"addressCountry\":\"FR\"},\"contactPoint\":[{\"@type\":\"ContactPoint\",\"contactType\":\"Service client\",\"telephone\":\"0384254272\",\"email\":\"contact@csj-emballages.com\"}]}]}<\/script>\n<!-- \/ Yoast SEO Premium plugin. -->","yoast_head_json":{"title":"Redondo Oro Cart\u00f3n grueso \u00f832 cm por 100","description":"Oro redondo \u00d832 cm en cart\u00f3n grueso plastificado biodegradable. Ideal para pasteleros, panaderos y servicios de catering para realzar tartas y postres.","robots":{"index":"index","follow":"follow","max-snippet":"max-snippet:-1","max-image-preview":"max-image-preview:large","max-video-preview":"max-video-preview:-1"},"canonical":"https:\/\/www.csj-emballages.com\/es\/produit\/100-redondos-gruesos-de-oro-o32-cm\/","og_locale":"es_ES","og_type":"article","og_title":"Cart\u00f3n grueso dorado redondo \u00f832 cm por 100","og_description":"Oro redondo \u00d832 cm en cart\u00f3n grueso plastificado biodegradable. Ideal para pasteleros, panaderos y servicios de catering para realzar tartas y postres.","og_url":"https:\/\/www.csj-emballages.com\/es\/produit\/100-redondos-gruesos-de-oro-o32-cm\/","og_site_name":"CSJ Emballages","article_publisher":"https:\/\/www.facebook.com\/csjemballages","article_modified_time":"2026-04-18T00:16:14+00:00","og_image":[{"width":800,"height":800,"url":"https:\/\/www.csj-emballages.com\/wp-content\/uploads\/2024\/03\/Rond-or.webp","type":"image\/webp"}],"twitter_card":"summary_large_image","twitter_misc":{"Tiempo de lectura":"2 minutos"},"schema":{"@context":"https:\/\/schema.org","@graph":[{"@type":"WebPage","@id":"https:\/\/www.csj-emballages.com\/es\/produit\/100-redondos-gruesos-de-oro-o32-cm\/","url":"https:\/\/www.csj-emballages.com\/es\/produit\/100-redondos-gruesos-de-oro-o32-cm\/","name":"Redondo Oro Cart\u00f3n grueso \u00f832 cm por 100","isPartOf":{"@id":"https:\/\/www.csj-emballages.com\/es\/#website"},"datePublished":"2024-03-01T15:50:12+00:00","dateModified":"2026-04-18T00:16:14+00:00","description":"Oro redondo \u00d832 cm en cart\u00f3n grueso plastificado biodegradable. Ideal para pasteleros, panaderos y servicios de catering para realzar tartas y postres.","breadcrumb":{"@id":"https:\/\/www.csj-emballages.com\/es\/produit\/100-redondos-gruesos-de-oro-o32-cm\/#breadcrumb"},"inLanguage":"es","potentialAction":[{"@type":"ReadAction","target":["https:\/\/www.csj-emballages.com\/es\/produit\/100-redondos-gruesos-de-oro-o32-cm\/"]}]},{"@type":"BreadcrumbList","@id":"https:\/\/www.csj-emballages.com\/es\/produit\/100-redondos-gruesos-de-oro-o32-cm\/#breadcrumb","itemListElement":[{"@type":"ListItem","position":1,"name":"Accueil","item":"https:\/\/www.csj-emballages.com\/es\/universo-del-envasado-alimentario\/"},{"@type":"ListItem","position":2,"name":"Tienda","item":"https:\/\/www.csj-emballages.com\/tienda\/"},{"@type":"ListItem","position":3,"name":"Cart\u00f3n grueso dorado redondo \u00f832 cm por 100"}]},{"@type":"WebSite","@id":"https:\/\/www.csj-emballages.com\/es\/#website","url":"https:\/\/www.csj-emballages.com\/es\/","name":"CSJ Emballages","description":"","publisher":{"@id":"https:\/\/www.csj-emballages.com\/es\/#organization"},"potentialAction":[{"@type":"SearchAction","target":{"@type":"EntryPoint","urlTemplate":"https:\/\/www.csj-emballages.com\/es\/?s={search_term_string}"},"query-input":{"@type":"PropertyValueSpecification","valueRequired":true,"valueName":"search_term_string"}}],"inLanguage":"es"},{"@type":"Organization","@id":"https:\/\/www.csj-emballages.com\/es\/#Organization\/","name":"CSJ Emballages","url":"https:\/\/www.csj-emballages.com\/es\/","logo":{"@type":"ImageObject","inLanguage":"es","@id":"https:\/\/www.csj-emballages.com\/es\/#\/schema\/logo\/image\/","url":"https:\/\/www.csj-emballages.com\/wp-content\/uploads\/2023\/10\/logo_csj.webp","contentUrl":"https:\/\/www.csj-emballages.com\/wp-content\/uploads\/2023\/10\/logo_csj.webp","width":250,"height":95,"caption":"CSJ Emballages"},"image":{"@id":"https:\/\/www.csj-emballages.com\/es\/#\/schema\/logo\/image\/"},"sameAs":["https:\/\/www.facebook.com\/csjemballages"],"address":{"@type":"PostalAddress","streetAddress":"ZI La Lechere","addressLocality":"Patornay","postalCode":"39130","addressCountry":"FR"},"contactPoint":[{"@type":"ContactPoint","contactType":"Service client","telephone":"0384254272","email":"contact@csj-emballages.com"}]}]}},"df_price":29.51,"df_sale_price":"","df_regular_price":29.51,"df_image_link":"https:\/\/www.csj-emballages.com\/wp-content\/uploads\/woocommerce-placeholder-300x300.png","tiered_pricing_type":"fixed","tiered_pricing_fixed_rules":[],"tiered_pricing_percentage_rules":[],"tiered_pricing_minimum":1,"tiered_pricing_roles_data":[],"_links":{"self":[{"href":"https:\/\/www.csj-emballages.com\/es\/wp-json\/wp\/v2\/product\/23029","targetHints":{"allow":["GET"]}}],"collection":[{"href":"https:\/\/www.csj-emballages.com\/es\/wp-json\/wp\/v2\/product"}],"about":[{"href":"https:\/\/www.csj-emballages.com\/es\/wp-json\/wp\/v2\/types\/product"}],"wp:attachment":[{"href":"https:\/\/www.csj-emballages.com\/es\/wp-json\/wp\/v2\/media?parent=23029"}],"wp:term":[{"taxonomy":"product_brand","embeddable":true,"href":"https:\/\/www.csj-emballages.com\/es\/wp-json\/wp\/v2\/product_brand?post=23029"},{"taxonomy":"product_cat","embeddable":true,"href":"https:\/\/www.csj-emballages.com\/es\/wp-json\/wp\/v2\/product_cat?post=23029"},{"taxonomy":"product_tag","embeddable":true,"href":"https:\/\/www.csj-emballages.com\/es\/wp-json\/wp\/v2\/product_tag?post=23029"}],"curies":[{"name":"wp","href":"https:\/\/api.w.org\/{rel}","templated":true}]}}