{"id":230179,"date":"2025-04-09T09:24:09","date_gmt":"2025-04-09T07:24:09","guid":{"rendered":"https:\/\/www.csj-emballages.com\/produit\/3-4-de-lata-de-rodajas-de-pina-entera-en-conserva\/"},"modified":"2026-03-12T16:01:52","modified_gmt":"2026-03-12T15:01:52","slug":"3-4-de-lata-de-rodajas-de-pina-entera-en-conserva","status":"publish","type":"product","link":"https:\/\/www.csj-emballages.com\/es\/produit\/3-4-de-lata-de-rodajas-de-pina-entera-en-conserva\/","title":{"rendered":"Pi\u00f1a en rodajas enteras conservada en lata 3\/4"},"content":{"rendered":"<h2>Pi\u00f1a en rodajas<\/h2>\n<hr>\n<h3>Descubra nuestra pi\u00f1a en rodajas enteras conservada en lata 3\/4<\/h3>\n<p><!--more--><\/p>\n<p data-start=\"241\" data-end=\"693\">Pr\u00e1cticas, sabrosas y siempre listas para usar, esta <strong>lata<\/strong> <strong>de pi\u00f1a en<\/strong> <strong data-start=\"299\" data-end=\"353\">rodajas enteras conservada en lata 3\/4<\/strong> es ideal para ahorrar tiempo sin renunciar al sabor. De hecho, al abrirla, encontramos <strong>rodajas regulares<\/strong>, bien formadas y ba\u00f1adas en un jugo ligero que conserva toda la frescura de la fruta. Su textura sigue siendo agradable, ni demasiado firme ni demasiado blanda, lo que las hace f\u00e1ciles de usar en numerosas preparaciones.  <\/p>\n<p data-start=\"695\" data-end=\"1042\">Gracias a su formato en <strong>rodajas enteras<\/strong>, se trabajan muy f\u00e1cilmente. Puede colocarlas directamente sobre una pizza hawaiana, integrarlas en un postre, caramelizarlas o incluso servirlas tal cual como acompa\u00f1amiento. Del mismo modo, su sabor dulce y ligeramente \u00e1cido aporta un verdadero toque ex\u00f3tico, sin ser demasiado azucarado.  <\/p>\n<p data-start=\"1044\" data-end=\"1456\">La <strong data-start=\"1047\" data-end=\"1060\">lata 3\/4<\/strong> es particularmente adecuada para un uso profesional. Permite servir varias porciones limitando las p\u00e9rdidas. Por lo tanto, es una opci\u00f3n inteligente para los restaurantes, snacks, caterings o cocinas colectivas que buscan un producto fiable y constante durante todo el a\u00f1o. De hecho, el envasado en conserva asegura una larga duraci\u00f3n de conservaci\u00f3n, lo que facilita la gesti\u00f3n de las existencias.   <\/p>\n<p data-start=\"1458\" data-end=\"1719\">En resumen, estas <strong>rodajas de pi\u00f1a<\/strong> son una soluci\u00f3n sencilla y eficaz para a\u00f1adir fruta a sus recetas, sin preparaci\u00f3n fastidiosa. Ofrecen un buen equilibrio entre practicidad, regularidad y placer gustativo, ya sea para platos dulces o salados. <\/p>\n<p><!--more--><\/p>\n<div style=\"font-family: Roboto, sans-serif;\">\n<div style=\"font-family: Roboto, sans-serif;\">\n<div style=\"font-family: Roboto, sans-serif;\">\n<div style=\"font-family: Roboto, sans-serif;\">\n<div style=\"font-family: Roboto, sans-serif;\">\n<div style=\"font-family: Roboto, sans-serif;\">\n<p style=\"text-align: left;\"><strong>Ventajas :<\/strong><\/p>\n<ul>\n<li data-start=\"1748\" data-end=\"1799\"><strong>Rodajas enteras<\/strong> regulares y listas para usar.<\/li>\n<li data-start=\"1802\" data-end=\"1826\">Sabor dulce y equilibrado.<\/li>\n<li data-start=\"1829\" data-end=\"1868\">Textura agradable, f\u00e1cil de trabajar.<\/li>\n<li data-start=\"1871\" data-end=\"1909\"><strong>Formato 3\/4<\/strong> adaptado a los profesionales.<\/li>\n<li data-start=\"1912\" data-end=\"1945\">Larga conservaci\u00f3n en conserva.<\/li>\n<\/ul>\n<\/div>\n<div style=\"font-family: Roboto, sans-serif;\"><\/div>\n<\/div>\n<\/div>\n<\/div>\n<\/div>\n<\/div>\n<p><!--more--><\/p>\n<div style=\"font-family: Roboto, sans-serif;\">\n<div style=\"font-family: Roboto, sans-serif;\">\n<div style=\"font-family: Roboto, sans-serif;\">\n<h4>Informaci\u00f3n adicional :<\/h4>\n<ul>\n<li><strong>Embalaje<\/strong>: Caja de 3\/4<\/li>\n<li><strong>Dimensiones<\/strong>: 85 x 115 (\u00d8 x h en mm)<\/li>\n<li><strong>Capacidad<\/strong>: 580 ml<\/li>\n<li><strong>Peso neto escurrido<\/strong>: 340 g<\/li>\n<li><strong>Tipo<\/strong>: Loncha entera en conserva<\/li>\n<\/ul>\n<\/div>\n<\/div>\n<\/div>\n<p>&nbsp;<\/p>\n<p><!--more--><\/p>\n<p>Haga clic aqu\u00ed para ver la siguiente talla de este producto: <span style=\"color: #d12727;\"><a style=\"color: #d12727;\" href=\"https:\/\/www.csj-emballages.com\/produit\/12-boites-4-4-de-12-tranches-entieres-dananas-preservees\/\">Caja 4\/4<\/a><\/span><\/p>\n<p>&nbsp;<\/p>\n<div style=\"font-family: Roboto, sans-serif;\">\n<div style=\"font-family: Roboto, sans-serif;\">\n<div style=\"font-family: Roboto, sans-serif;\">\n<p><!--more--><\/p>\n<p><a href=\"https:\/\/www.csj-emballages.com\/es\/categorie-produit\/alimentacion-es\/alimentacion\/fruta-seca-y-fruta-en-almibar\/pina\/\">Consultar el resto de nuestra gama de pi\u00f1a en alm\u00edbar<\/a><\/p>\n<\/div>\n<\/div>\n<\/div>\n","protected":false},"excerpt":{"rendered":"<p>Pi\u00f1a en rodajas Descubra nuestra pi\u00f1a en rodajas enteras conservada en lata 3\/4<\/p>\n","protected":false},"featured_media":260851,"template":"","meta":{"_acf_changed":false},"product_brand":[],"product_cat":[1150,1162,1189,1200,5895],"product_tag":[],"class_list":{"0":"post-230179","1":"product","2":"type-product","3":"status-publish","4":"has-post-thumbnail","6":"product_cat-envasado-de-alimentos","7":"product_cat-alimentacion-es","8":"product_cat-alimentacion","9":"product_cat-fruta-seca-y-fruta-en-almibar","10":"product_cat-pina","12":"first","13":"instock","14":"taxable","15":"shipping-taxable","16":"purchasable","17":"product-type-simple"},"acf":[],"yoast_head":"<!-- This site is optimized with the Yoast SEO Premium plugin v26.6 (Yoast SEO v26.6) - https:\/\/yoast.com\/wordpress\/plugins\/seo\/ -->\n<title>Pi\u00f1a en Rodajas Enteras Conservada en Lata 3\/4<\/title>\n<meta name=\"description\" content=\"Pi\u00f1a en rodajas enteras conservada en lata 3\/4. Listas para usar, regulares y sabrosas, ideales para postres, pizzas y recetas profesionales.\" \/>\n<meta name=\"robots\" content=\"index, follow, max-snippet:-1, max-image-preview:large, max-video-preview:-1\" \/>\n<link rel=\"canonical\" href=\"https:\/\/www.csj-emballages.com\/es\/produit\/3-4-de-lata-de-rodajas-de-pina-entera-en-conserva\/\" \/>\n<meta property=\"og:locale\" content=\"es_ES\" \/>\n<meta property=\"og:type\" content=\"article\" \/>\n<meta property=\"og:title\" content=\"Pi\u00f1a en rodajas enteras conservada en lata 3\/4\" \/>\n<meta property=\"og:description\" content=\"Pi\u00f1a en rodajas enteras conservada en lata 3\/4. Listas para usar, regulares y sabrosas, ideales para postres, pizzas y recetas profesionales.\" \/>\n<meta property=\"og:url\" content=\"https:\/\/www.csj-emballages.com\/es\/produit\/3-4-de-lata-de-rodajas-de-pina-entera-en-conserva\/\" \/>\n<meta property=\"og:site_name\" content=\"CSJ Emballages\" \/>\n<meta property=\"article:publisher\" content=\"https:\/\/www.facebook.com\/csjemballages\" \/>\n<meta property=\"article:modified_time\" content=\"2026-03-12T15:01:52+00:00\" \/>\n<meta property=\"og:image\" content=\"https:\/\/www.csj-emballages.com\/wp-content\/uploads\/2025\/04\/100095-1.webp\" \/>\n\t<meta property=\"og:image:width\" content=\"800\" \/>\n\t<meta property=\"og:image:height\" content=\"800\" \/>\n\t<meta property=\"og:image:type\" content=\"image\/webp\" \/>\n<meta name=\"twitter:card\" content=\"summary_large_image\" \/>\n<meta name=\"twitter:label1\" content=\"Tiempo de lectura\" \/>\n\t<meta name=\"twitter:data1\" content=\"2 minutos\" \/>\n<script type=\"application\/ld+json\" class=\"yoast-schema-graph\">{\"@context\":\"https:\/\/schema.org\",\"@graph\":[{\"@type\":\"WebPage\",\"@id\":\"https:\/\/www.csj-emballages.com\/es\/produit\/3-4-de-lata-de-rodajas-de-pina-entera-en-conserva\/\",\"url\":\"https:\/\/www.csj-emballages.com\/es\/produit\/3-4-de-lata-de-rodajas-de-pina-entera-en-conserva\/\",\"name\":\"Pi\u00f1a en Rodajas Enteras Conservada en Lata 3\/4\",\"isPartOf\":{\"@id\":\"https:\/\/www.csj-emballages.com\/es\/#website\"},\"primaryImageOfPage\":{\"@id\":\"https:\/\/www.csj-emballages.com\/es\/produit\/3-4-de-lata-de-rodajas-de-pina-entera-en-conserva\/#primaryimage\"},\"image\":{\"@id\":\"https:\/\/www.csj-emballages.com\/es\/produit\/3-4-de-lata-de-rodajas-de-pina-entera-en-conserva\/#primaryimage\"},\"thumbnailUrl\":\"https:\/\/www.csj-emballages.com\/wp-content\/uploads\/2025\/04\/100095-2.webp\",\"datePublished\":\"2025-04-09T07:24:09+00:00\",\"dateModified\":\"2026-03-12T15:01:52+00:00\",\"description\":\"Pi\u00f1a en rodajas enteras conservada en lata 3\/4. Listas para usar, regulares y sabrosas, ideales para postres, pizzas y recetas profesionales.\",\"breadcrumb\":{\"@id\":\"https:\/\/www.csj-emballages.com\/es\/produit\/3-4-de-lata-de-rodajas-de-pina-entera-en-conserva\/#breadcrumb\"},\"inLanguage\":\"es\",\"potentialAction\":[{\"@type\":\"ReadAction\",\"target\":[\"https:\/\/www.csj-emballages.com\/es\/produit\/3-4-de-lata-de-rodajas-de-pina-entera-en-conserva\/\"]}]},{\"@type\":\"ImageObject\",\"inLanguage\":\"es\",\"@id\":\"https:\/\/www.csj-emballages.com\/es\/produit\/3-4-de-lata-de-rodajas-de-pina-entera-en-conserva\/#primaryimage\",\"url\":\"https:\/\/www.csj-emballages.com\/wp-content\/uploads\/2025\/04\/100095-2.webp\",\"contentUrl\":\"https:\/\/www.csj-emballages.com\/wp-content\/uploads\/2025\/04\/100095-2.webp\",\"width\":800,\"height\":800,\"caption\":\"Ananas en tranches\"},{\"@type\":\"BreadcrumbList\",\"@id\":\"https:\/\/www.csj-emballages.com\/es\/produit\/3-4-de-lata-de-rodajas-de-pina-entera-en-conserva\/#breadcrumb\",\"itemListElement\":[{\"@type\":\"ListItem\",\"position\":1,\"name\":\"Accueil\",\"item\":\"https:\/\/www.csj-emballages.com\/es\/universo-del-envasado-alimentario\/\"},{\"@type\":\"ListItem\",\"position\":2,\"name\":\"Tienda\",\"item\":\"https:\/\/www.csj-emballages.com\/tienda\/\"},{\"@type\":\"ListItem\",\"position\":3,\"name\":\"Pi\u00f1a en rodajas enteras conservada en lata 3\/4\"}]},{\"@type\":\"WebSite\",\"@id\":\"https:\/\/www.csj-emballages.com\/es\/#website\",\"url\":\"https:\/\/www.csj-emballages.com\/es\/\",\"name\":\"CSJ Emballages\",\"description\":\"\",\"publisher\":{\"@id\":\"https:\/\/www.csj-emballages.com\/es\/#organization\"},\"potentialAction\":[{\"@type\":\"SearchAction\",\"target\":{\"@type\":\"EntryPoint\",\"urlTemplate\":\"https:\/\/www.csj-emballages.com\/es\/?s={search_term_string}\"},\"query-input\":{\"@type\":\"PropertyValueSpecification\",\"valueRequired\":true,\"valueName\":\"search_term_string\"}}],\"inLanguage\":\"es\"},{\"@type\":\"Organization\",\"@id\":\"https:\/\/www.csj-emballages.com\/es\/#Organization\/\",\"name\":\"CSJ Emballages\",\"url\":\"https:\/\/www.csj-emballages.com\/es\/\",\"logo\":{\"@type\":\"ImageObject\",\"inLanguage\":\"es\",\"@id\":\"https:\/\/www.csj-emballages.com\/es\/#\/schema\/logo\/image\/\",\"url\":\"https:\/\/www.csj-emballages.com\/wp-content\/uploads\/2023\/10\/logo_csj.webp\",\"contentUrl\":\"https:\/\/www.csj-emballages.com\/wp-content\/uploads\/2023\/10\/logo_csj.webp\",\"width\":250,\"height\":95,\"caption\":\"CSJ Emballages\"},\"image\":{\"@id\":\"https:\/\/www.csj-emballages.com\/es\/#\/schema\/logo\/image\/\"},\"sameAs\":[\"https:\/\/www.facebook.com\/csjemballages\"],\"address\":{\"@type\":\"PostalAddress\",\"streetAddress\":\"ZI La Lechere\",\"addressLocality\":\"Patornay\",\"postalCode\":\"39130\",\"addressCountry\":\"FR\"},\"contactPoint\":[{\"@type\":\"ContactPoint\",\"contactType\":\"Service client\",\"telephone\":\"0384254272\",\"email\":\"contact@csj-emballages.com\"}]}]}<\/script>\n<!-- \/ Yoast SEO Premium plugin. -->","yoast_head_json":{"title":"Pi\u00f1a en Rodajas Enteras Conservada en Lata 3\/4","description":"Pi\u00f1a en rodajas enteras conservada en lata 3\/4. Listas para usar, regulares y sabrosas, ideales para postres, pizzas y recetas profesionales.","robots":{"index":"index","follow":"follow","max-snippet":"max-snippet:-1","max-image-preview":"max-image-preview:large","max-video-preview":"max-video-preview:-1"},"canonical":"https:\/\/www.csj-emballages.com\/es\/produit\/3-4-de-lata-de-rodajas-de-pina-entera-en-conserva\/","og_locale":"es_ES","og_type":"article","og_title":"Pi\u00f1a en rodajas enteras conservada en lata 3\/4","og_description":"Pi\u00f1a en rodajas enteras conservada en lata 3\/4. Listas para usar, regulares y sabrosas, ideales para postres, pizzas y recetas profesionales.","og_url":"https:\/\/www.csj-emballages.com\/es\/produit\/3-4-de-lata-de-rodajas-de-pina-entera-en-conserva\/","og_site_name":"CSJ Emballages","article_publisher":"https:\/\/www.facebook.com\/csjemballages","article_modified_time":"2026-03-12T15:01:52+00:00","og_image":[{"width":800,"height":800,"url":"https:\/\/www.csj-emballages.com\/wp-content\/uploads\/2025\/04\/100095-1.webp","type":"image\/webp"}],"twitter_card":"summary_large_image","twitter_misc":{"Tiempo de lectura":"2 minutos"},"schema":{"@context":"https:\/\/schema.org","@graph":[{"@type":"WebPage","@id":"https:\/\/www.csj-emballages.com\/es\/produit\/3-4-de-lata-de-rodajas-de-pina-entera-en-conserva\/","url":"https:\/\/www.csj-emballages.com\/es\/produit\/3-4-de-lata-de-rodajas-de-pina-entera-en-conserva\/","name":"Pi\u00f1a en Rodajas Enteras Conservada en Lata 3\/4","isPartOf":{"@id":"https:\/\/www.csj-emballages.com\/es\/#website"},"primaryImageOfPage":{"@id":"https:\/\/www.csj-emballages.com\/es\/produit\/3-4-de-lata-de-rodajas-de-pina-entera-en-conserva\/#primaryimage"},"image":{"@id":"https:\/\/www.csj-emballages.com\/es\/produit\/3-4-de-lata-de-rodajas-de-pina-entera-en-conserva\/#primaryimage"},"thumbnailUrl":"https:\/\/www.csj-emballages.com\/wp-content\/uploads\/2025\/04\/100095-2.webp","datePublished":"2025-04-09T07:24:09+00:00","dateModified":"2026-03-12T15:01:52+00:00","description":"Pi\u00f1a en rodajas enteras conservada en lata 3\/4. Listas para usar, regulares y sabrosas, ideales para postres, pizzas y recetas profesionales.","breadcrumb":{"@id":"https:\/\/www.csj-emballages.com\/es\/produit\/3-4-de-lata-de-rodajas-de-pina-entera-en-conserva\/#breadcrumb"},"inLanguage":"es","potentialAction":[{"@type":"ReadAction","target":["https:\/\/www.csj-emballages.com\/es\/produit\/3-4-de-lata-de-rodajas-de-pina-entera-en-conserva\/"]}]},{"@type":"ImageObject","inLanguage":"es","@id":"https:\/\/www.csj-emballages.com\/es\/produit\/3-4-de-lata-de-rodajas-de-pina-entera-en-conserva\/#primaryimage","url":"https:\/\/www.csj-emballages.com\/wp-content\/uploads\/2025\/04\/100095-2.webp","contentUrl":"https:\/\/www.csj-emballages.com\/wp-content\/uploads\/2025\/04\/100095-2.webp","width":800,"height":800,"caption":"Ananas en tranches"},{"@type":"BreadcrumbList","@id":"https:\/\/www.csj-emballages.com\/es\/produit\/3-4-de-lata-de-rodajas-de-pina-entera-en-conserva\/#breadcrumb","itemListElement":[{"@type":"ListItem","position":1,"name":"Accueil","item":"https:\/\/www.csj-emballages.com\/es\/universo-del-envasado-alimentario\/"},{"@type":"ListItem","position":2,"name":"Tienda","item":"https:\/\/www.csj-emballages.com\/tienda\/"},{"@type":"ListItem","position":3,"name":"Pi\u00f1a en rodajas enteras conservada en lata 3\/4"}]},{"@type":"WebSite","@id":"https:\/\/www.csj-emballages.com\/es\/#website","url":"https:\/\/www.csj-emballages.com\/es\/","name":"CSJ Emballages","description":"","publisher":{"@id":"https:\/\/www.csj-emballages.com\/es\/#organization"},"potentialAction":[{"@type":"SearchAction","target":{"@type":"EntryPoint","urlTemplate":"https:\/\/www.csj-emballages.com\/es\/?s={search_term_string}"},"query-input":{"@type":"PropertyValueSpecification","valueRequired":true,"valueName":"search_term_string"}}],"inLanguage":"es"},{"@type":"Organization","@id":"https:\/\/www.csj-emballages.com\/es\/#Organization\/","name":"CSJ Emballages","url":"https:\/\/www.csj-emballages.com\/es\/","logo":{"@type":"ImageObject","inLanguage":"es","@id":"https:\/\/www.csj-emballages.com\/es\/#\/schema\/logo\/image\/","url":"https:\/\/www.csj-emballages.com\/wp-content\/uploads\/2023\/10\/logo_csj.webp","contentUrl":"https:\/\/www.csj-emballages.com\/wp-content\/uploads\/2023\/10\/logo_csj.webp","width":250,"height":95,"caption":"CSJ Emballages"},"image":{"@id":"https:\/\/www.csj-emballages.com\/es\/#\/schema\/logo\/image\/"},"sameAs":["https:\/\/www.facebook.com\/csjemballages"],"address":{"@type":"PostalAddress","streetAddress":"ZI La Lechere","addressLocality":"Patornay","postalCode":"39130","addressCountry":"FR"},"contactPoint":[{"@type":"ContactPoint","contactType":"Service client","telephone":"0384254272","email":"contact@csj-emballages.com"}]}]}},"df_price":2.82,"df_sale_price":"","df_regular_price":2.82,"df_image_link":"https:\/\/www.csj-emballages.com\/wp-content\/uploads\/2025\/04\/100095-2-300x300.webp","tiered_pricing_type":"fixed","tiered_pricing_fixed_rules":[],"tiered_pricing_percentage_rules":[],"tiered_pricing_minimum":1,"tiered_pricing_roles_data":[],"_links":{"self":[{"href":"https:\/\/www.csj-emballages.com\/es\/wp-json\/wp\/v2\/product\/230179","targetHints":{"allow":["GET"]}}],"collection":[{"href":"https:\/\/www.csj-emballages.com\/es\/wp-json\/wp\/v2\/product"}],"about":[{"href":"https:\/\/www.csj-emballages.com\/es\/wp-json\/wp\/v2\/types\/product"}],"wp:featuredmedia":[{"embeddable":true,"href":"https:\/\/www.csj-emballages.com\/es\/wp-json\/wp\/v2\/media\/260851"}],"wp:attachment":[{"href":"https:\/\/www.csj-emballages.com\/es\/wp-json\/wp\/v2\/media?parent=230179"}],"wp:term":[{"taxonomy":"product_brand","embeddable":true,"href":"https:\/\/www.csj-emballages.com\/es\/wp-json\/wp\/v2\/product_brand?post=230179"},{"taxonomy":"product_cat","embeddable":true,"href":"https:\/\/www.csj-emballages.com\/es\/wp-json\/wp\/v2\/product_cat?post=230179"},{"taxonomy":"product_tag","embeddable":true,"href":"https:\/\/www.csj-emballages.com\/es\/wp-json\/wp\/v2\/product_tag?post=230179"}],"curies":[{"name":"wp","href":"https:\/\/api.w.org\/{rel}","templated":true}]}}