{"id":23002,"date":"2024-03-01T16:50:13","date_gmt":"2024-03-01T15:50:13","guid":{"rendered":"https:\/\/u15jnbdpoq.preview.infomaniak.website\/produit\/soporte-para-tartas-redondo-de-carton-dorado-26-cm\/"},"modified":"2026-04-15T02:16:24","modified_gmt":"2026-04-15T00:16:24","slug":"soporte-para-tartas-redondo-de-carton-dorado-26-cm","status":"publish","type":"product","link":"https:\/\/www.csj-emballages.com\/es\/produit\/soporte-para-tartas-redondo-de-carton-dorado-26-cm\/","title":{"rendered":"Base para tarta redonda dorada de cart\u00f3n 26 cm"},"content":{"rendered":"<h2>Soporte redondo para tarta<\/h2>\n<hr>\n<h3>Descubra nuestra base para tarta redonda dorada de cart\u00f3n 26 cm<\/h3>\n<p><!--more--><\/p>\n<div class=\"flex flex-col text-sm pb-25\">\n<section class=\"text-token-text-primary w-full focus:outline-none [--shadow-height:45px] has-data-writing-block:pointer-events-none has-data-writing-block:-mt-(--shadow-height) has-data-writing-block:pt-(--shadow-height) [&amp;:has([data-writing-block])&gt;*]:pointer-events-auto scroll-mt-[calc(var(--header-height)+min(200px,max(70px,20svh)))]\" dir=\"auto\" data-turn-id=\"request-WEB:2f8f8990-5eb5-4184-86da-60fbedff0d66-15\" data-testid=\"conversation-turn-2\" data-scroll-anchor=\"true\" data-turn=\"assistant\">\n<div class=\"text-base my-auto mx-auto pb-10 [--thread-content-margin:var(--thread-content-margin-xs,calc(var(--spacing)*4))] @w-sm\/main:[--thread-content-margin:var(--thread-content-margin-sm,calc(var(--spacing)*6))] @w-lg\/main:[--thread-content-margin:var(--thread-content-margin-lg,calc(var(--spacing)*16))] px-(--thread-content-margin)\">\n<div class=\"[--thread-content-max-width:40rem] @w-lg\/main:[--thread-content-max-width:48rem] mx-auto max-w-(--thread-content-max-width) flex-1 group\/turn-messages focus-visible:outline-hidden relative flex w-full min-w-0 flex-col agent-turn\">\n<div class=\"flex max-w-full flex-col gap-4 grow\">\n<div class=\"min-h-8 text-message relative flex w-full flex-col items-end gap-2 text-start break-words whitespace-normal outline-none keyboard-focused:focus-ring [.text-message+&amp;]:mt-1\" dir=\"auto\" tabindex=\"0\" data-message-author-role=\"assistant\" data-message-id=\"0be06e28-6b3c-44b9-9ede-9ecdfb3a2c67\" data-message-model-slug=\"gpt-5-3\" data-turn-start-message=\"true\">\n<div class=\"flex w-full flex-col gap-1 empty:hidden\">\n<div class=\"markdown prose dark:prose-invert w-full wrap-break-word dark markdown-new-styling\">\n<div class=\"flex flex-col text-sm pb-25\">\n<section class=\"text-token-text-primary w-full focus:outline-none [--shadow-height:45px] has-data-writing-block:pointer-events-none has-data-writing-block:-mt-(--shadow-height) has-data-writing-block:pt-(--shadow-height) [&amp;:has([data-writing-block])&gt;*]:pointer-events-auto scroll-mt-[calc(var(--header-height)+min(200px,max(70px,20svh)))]\" dir=\"auto\" data-turn-id=\"request-WEB:2f8f8990-5eb5-4184-86da-60fbedff0d66-17\" data-testid=\"conversation-turn-6\" data-scroll-anchor=\"true\" data-turn=\"assistant\">\n<div class=\"text-base my-auto mx-auto pb-10 [--thread-content-margin:var(--thread-content-margin-xs,calc(var(--spacing)*4))] @w-sm\/main:[--thread-content-margin:var(--thread-content-margin-sm,calc(var(--spacing)*6))] @w-lg\/main:[--thread-content-margin:var(--thread-content-margin-lg,calc(var(--spacing)*16))] px-(--thread-content-margin)\">\n<div class=\"[--thread-content-max-width:40rem] @w-lg\/main:[--thread-content-max-width:48rem] mx-auto max-w-(--thread-content-max-width) flex-1 group\/turn-messages focus-visible:outline-hidden relative flex w-full min-w-0 flex-col agent-turn\">\n<div class=\"flex max-w-full flex-col gap-4 grow\">\n<div class=\"min-h-8 text-message relative flex w-full flex-col items-end gap-2 text-start break-words whitespace-normal outline-none keyboard-focused:focus-ring [.text-message+&amp;]:mt-1\" dir=\"auto\" tabindex=\"0\" data-message-author-role=\"assistant\" data-message-id=\"3473aab9-4046-4947-b538-99910e471d75\" data-message-model-slug=\"gpt-5-3\" data-turn-start-message=\"true\">\n<div class=\"flex w-full flex-col gap-1 empty:hidden\">\n<div class=\"markdown prose dark:prose-invert w-full wrap-break-word dark markdown-new-styling\">\n<p data-start=\"93\" data-end=\"429\">Aporte un aut\u00e9ntico toque de elegancia a sus creaciones de reposter\u00eda con esta <strong>base para tarta redonda de cart\u00f3n dorado de 26 cm<\/strong>. Ideal para realzar sus tartas, entremeses, tartas o cualquier otro postre casero, pone perfectamente en valor sus elaboraciones y garantiza una excelente estabilidad, tanto en vitrina como durante el transporte. <\/p>\n<p data-start=\"431\" data-end=\"721\">Su acabado <strong>dorado<\/strong> brillante ofrece un resultado chic y profesional que atrae inmediatamente la mirada. Realza sus pasteles d\u00e1ndoles un aspecto premium, perfecto para presentaciones cuidadas, eventos (cumplea\u00f1os, bodas, recepciones) o para la venta para llevar. <\/p>\n<p data-start=\"723\" data-end=\"992\">Fabricado en <strong>cart\u00f3n r\u00edgido<\/strong> de calidad, este soporte garantiza una buena resistencia al peso y a la humedad ligera, evitando as\u00ed cualquier deformaci\u00f3n durante el uso. Permite manipular f\u00e1cilmente sus postres sin riesgo de da\u00f1ar su estructura o decoraci\u00f3n. <\/p>\n<p data-start=\"994\" data-end=\"1191\">Gracias a su formato <strong>est\u00e1ndar de 26 cm<\/strong>, se adapta a la mayor\u00eda de las tartas y se integra perfectamente en su organizaci\u00f3n, tanto si es profesional de la reposter\u00eda como si es un aficionado en casa.<\/p>\n<p data-start=\"1193\" data-end=\"1365\" data-is-last-node=\"\" data-is-only-node=\"\">A la vez pr\u00e1ctico, est\u00e9tico y fiable, este <strong>soporte<\/strong> es un indispensable del d\u00eda a d\u00eda.<\/p>\n<\/div>\n<\/div>\n<\/div>\n<\/div>\n<div class=\"z-0 flex min-h-[46px] justify-start\"><\/div>\n<div class=\"mt-3 w-full empty:hidden\">\n<div class=\"text-center\"><\/div>\n<\/div>\n<\/div>\n<\/div>\n<\/section>\n<\/div>\n<\/div>\n<\/div>\n<\/div>\n<\/div>\n<div class=\"mt-3 w-full empty:hidden\">\n<div class=\"text-center\"><\/div>\n<\/div>\n<\/div>\n<\/div>\n<\/section>\n<\/div>\n<p><!--more--><\/p>\n<h4 aria-hidden=\"true\" data-edge=\"true\">Ventajas :<\/h4>\n<div aria-hidden=\"true\" data-edge=\"true\">\n<ul>\n<li data-section-id=\"xzmr70\" data-start=\"88\" data-end=\"163\">Acabado dorado para realzar sus postres<\/li>\n<li data-section-id=\"1t4ntma\" data-start=\"164\" data-end=\"237\"><strong data-start=\"169\" data-end=\"186\">Cart\u00f3n r\u00edgido<\/strong>: buena sujeci\u00f3n y resistencia al peso de los pasteles<\/li>\n<li data-section-id=\"cvqjir\" data-start=\"238\" data-end=\"324\"><strong>Formato pr\u00e1ctico (26 cm)<\/strong>: ideal para entremeses, tartas y pasteles est\u00e1ndar<\/li>\n<li data-section-id=\"152t6vd\" data-start=\"325\" data-end=\"398\">Asegura la estabilidad durante el desplazamiento<\/li>\n<li data-section-id=\"152t6vd\" data-start=\"325\" data-end=\"398\"><strong data-start=\"404\" data-end=\"418\">Polivalente<\/strong>: adecuado tanto para profesionales como para particulares<\/li>\n<\/ul>\n<p>&nbsp;<\/p>\n<\/div>\n<p><!--more--><\/p>\n<h4>Informaci\u00f3n adicional :<\/h4>\n<ul>\n<li><strong>Embalaje<\/strong>: Se vende individualmente<\/li>\n<li><strong>Material<\/strong>: Cart\u00f3n<\/li>\n<li><strong>Di\u00e1metro<\/strong>: 260 mm de di\u00e1metro<\/li>\n<\/ul>\n<p>&nbsp;<\/p>\n<p><!--more--><\/p>\n<p><a href=\"https:\/\/www.csj-emballages.com\/es\/categorie-produit\/envasado-de-alimentos\/panaderia-y-pasteleria\/soportes-de-base-para-tartas\/soportes-redondos-para-tartas\/soportes-dorados-para-tartas\/redondos-de-tarta-dorados-a-lunite\/\">Consulte el resto de nuestra gama de bases redondas doradas para tartas por unidad<\/a><\/p>\n","protected":false},"excerpt":{"rendered":"<p>Soporte redondo para tarta Descubra nuestra base para tarta redonda dorada de cart\u00f3n 26 cm<\/p>\n","protected":false},"featured_media":276126,"template":"","meta":{"_acf_changed":false},"product_brand":[],"product_cat":[1150,1145,1911,3121,3265],"product_tag":[],"class_list":{"0":"post-23002","1":"product","2":"type-product","3":"status-publish","4":"has-post-thumbnail","6":"product_cat-envasado-de-alimentos","7":"product_cat-panaderia-y-pasteleria","8":"product_cat-soportes-de-base-para-tartas","9":"product_cat-soportes-dorados-para-tartas","10":"product_cat-redondos-de-tarta-dorados-a-lunite","12":"first","13":"instock","14":"taxable","15":"shipping-taxable","16":"purchasable","17":"product-type-simple"},"acf":[],"yoast_head":"<!-- This site is optimized with the Yoast SEO Premium plugin v26.6 (Yoast SEO v26.6) - https:\/\/yoast.com\/wordpress\/plugins\/seo\/ -->\n<title>Base para tarta redonda dorada de cart\u00f3n 26 cm<\/title>\n<meta name=\"description\" content=\"Base para tarta redonda de cart\u00f3n dorado de 26 cm, ideal para presentar y transportar sus pasteles con elegancia. Resistente, pr\u00e1ctica y est\u00e9tica.\" \/>\n<meta name=\"robots\" content=\"index, follow, max-snippet:-1, max-image-preview:large, max-video-preview:-1\" \/>\n<link rel=\"canonical\" href=\"https:\/\/www.csj-emballages.com\/es\/produit\/soporte-para-tartas-redondo-de-carton-dorado-26-cm\/\" \/>\n<meta property=\"og:locale\" content=\"es_ES\" \/>\n<meta property=\"og:type\" content=\"article\" \/>\n<meta property=\"og:title\" content=\"Base para tarta redonda dorada de cart\u00f3n 26 cm\" \/>\n<meta property=\"og:description\" content=\"Base para tarta redonda de cart\u00f3n dorado de 26 cm, ideal para presentar y transportar sus pasteles con elegancia. Resistente, pr\u00e1ctica y est\u00e9tica.\" \/>\n<meta property=\"og:url\" content=\"https:\/\/www.csj-emballages.com\/es\/produit\/soporte-para-tartas-redondo-de-carton-dorado-26-cm\/\" \/>\n<meta property=\"og:site_name\" content=\"CSJ Emballages\" \/>\n<meta property=\"article:publisher\" content=\"https:\/\/www.facebook.com\/csjemballages\" \/>\n<meta property=\"article:modified_time\" content=\"2026-04-15T00:16:24+00:00\" \/>\n<meta property=\"og:image\" content=\"https:\/\/www.csj-emballages.com\/wp-content\/uploads\/2024\/03\/RONDOR.webp\" \/>\n\t<meta property=\"og:image:width\" content=\"800\" \/>\n\t<meta property=\"og:image:height\" content=\"800\" \/>\n\t<meta property=\"og:image:type\" content=\"image\/webp\" \/>\n<meta name=\"twitter:card\" content=\"summary_large_image\" \/>\n<meta name=\"twitter:label1\" content=\"Tiempo de lectura\" \/>\n\t<meta name=\"twitter:data1\" content=\"1 minuto\" \/>\n<script type=\"application\/ld+json\" class=\"yoast-schema-graph\">{\"@context\":\"https:\/\/schema.org\",\"@graph\":[{\"@type\":\"WebPage\",\"@id\":\"https:\/\/www.csj-emballages.com\/es\/produit\/soporte-para-tartas-redondo-de-carton-dorado-26-cm\/\",\"url\":\"https:\/\/www.csj-emballages.com\/es\/produit\/soporte-para-tartas-redondo-de-carton-dorado-26-cm\/\",\"name\":\"Base para tarta redonda dorada de cart\u00f3n 26 cm\",\"isPartOf\":{\"@id\":\"https:\/\/www.csj-emballages.com\/es\/#website\"},\"primaryImageOfPage\":{\"@id\":\"https:\/\/www.csj-emballages.com\/es\/produit\/soporte-para-tartas-redondo-de-carton-dorado-26-cm\/#primaryimage\"},\"image\":{\"@id\":\"https:\/\/www.csj-emballages.com\/es\/produit\/soporte-para-tartas-redondo-de-carton-dorado-26-cm\/#primaryimage\"},\"thumbnailUrl\":\"https:\/\/www.csj-emballages.com\/wp-content\/uploads\/2024\/03\/RONDOR.webp\",\"datePublished\":\"2024-03-01T15:50:13+00:00\",\"dateModified\":\"2026-04-15T00:16:24+00:00\",\"description\":\"Base para tarta redonda de cart\u00f3n dorado de 26 cm, ideal para presentar y transportar sus pasteles con elegancia. Resistente, pr\u00e1ctica y est\u00e9tica.\",\"breadcrumb\":{\"@id\":\"https:\/\/www.csj-emballages.com\/es\/produit\/soporte-para-tartas-redondo-de-carton-dorado-26-cm\/#breadcrumb\"},\"inLanguage\":\"es\",\"potentialAction\":[{\"@type\":\"ReadAction\",\"target\":[\"https:\/\/www.csj-emballages.com\/es\/produit\/soporte-para-tartas-redondo-de-carton-dorado-26-cm\/\"]}]},{\"@type\":\"ImageObject\",\"inLanguage\":\"es\",\"@id\":\"https:\/\/www.csj-emballages.com\/es\/produit\/soporte-para-tartas-redondo-de-carton-dorado-26-cm\/#primaryimage\",\"url\":\"https:\/\/www.csj-emballages.com\/wp-content\/uploads\/2024\/03\/RONDOR.webp\",\"contentUrl\":\"https:\/\/www.csj-emballages.com\/wp-content\/uploads\/2024\/03\/RONDOR.webp\",\"width\":800,\"height\":800,\"caption\":\"Support g\u00e2teau rond\"},{\"@type\":\"BreadcrumbList\",\"@id\":\"https:\/\/www.csj-emballages.com\/es\/produit\/soporte-para-tartas-redondo-de-carton-dorado-26-cm\/#breadcrumb\",\"itemListElement\":[{\"@type\":\"ListItem\",\"position\":1,\"name\":\"Accueil\",\"item\":\"https:\/\/www.csj-emballages.com\/es\/universo-del-envasado-alimentario\/\"},{\"@type\":\"ListItem\",\"position\":2,\"name\":\"Tienda\",\"item\":\"https:\/\/www.csj-emballages.com\/tienda\/\"},{\"@type\":\"ListItem\",\"position\":3,\"name\":\"Base para tarta redonda dorada de cart\u00f3n 26 cm\"}]},{\"@type\":\"WebSite\",\"@id\":\"https:\/\/www.csj-emballages.com\/es\/#website\",\"url\":\"https:\/\/www.csj-emballages.com\/es\/\",\"name\":\"CSJ Emballages\",\"description\":\"\",\"publisher\":{\"@id\":\"https:\/\/www.csj-emballages.com\/es\/#organization\"},\"potentialAction\":[{\"@type\":\"SearchAction\",\"target\":{\"@type\":\"EntryPoint\",\"urlTemplate\":\"https:\/\/www.csj-emballages.com\/es\/?s={search_term_string}\"},\"query-input\":{\"@type\":\"PropertyValueSpecification\",\"valueRequired\":true,\"valueName\":\"search_term_string\"}}],\"inLanguage\":\"es\"},{\"@type\":\"Organization\",\"@id\":\"https:\/\/www.csj-emballages.com\/es\/#Organization\/\",\"name\":\"CSJ Emballages\",\"url\":\"https:\/\/www.csj-emballages.com\/es\/\",\"logo\":{\"@type\":\"ImageObject\",\"inLanguage\":\"es\",\"@id\":\"https:\/\/www.csj-emballages.com\/es\/#\/schema\/logo\/image\/\",\"url\":\"https:\/\/www.csj-emballages.com\/wp-content\/uploads\/2023\/10\/logo_csj.webp\",\"contentUrl\":\"https:\/\/www.csj-emballages.com\/wp-content\/uploads\/2023\/10\/logo_csj.webp\",\"width\":250,\"height\":95,\"caption\":\"CSJ Emballages\"},\"image\":{\"@id\":\"https:\/\/www.csj-emballages.com\/es\/#\/schema\/logo\/image\/\"},\"sameAs\":[\"https:\/\/www.facebook.com\/csjemballages\"],\"address\":{\"@type\":\"PostalAddress\",\"streetAddress\":\"ZI La Lechere\",\"addressLocality\":\"Patornay\",\"postalCode\":\"39130\",\"addressCountry\":\"FR\"},\"contactPoint\":[{\"@type\":\"ContactPoint\",\"contactType\":\"Service client\",\"telephone\":\"0384254272\",\"email\":\"contact@csj-emballages.com\"}]}]}<\/script>\n<!-- \/ Yoast SEO Premium plugin. -->","yoast_head_json":{"title":"Base para tarta redonda dorada de cart\u00f3n 26 cm","description":"Base para tarta redonda de cart\u00f3n dorado de 26 cm, ideal para presentar y transportar sus pasteles con elegancia. Resistente, pr\u00e1ctica y est\u00e9tica.","robots":{"index":"index","follow":"follow","max-snippet":"max-snippet:-1","max-image-preview":"max-image-preview:large","max-video-preview":"max-video-preview:-1"},"canonical":"https:\/\/www.csj-emballages.com\/es\/produit\/soporte-para-tartas-redondo-de-carton-dorado-26-cm\/","og_locale":"es_ES","og_type":"article","og_title":"Base para tarta redonda dorada de cart\u00f3n 26 cm","og_description":"Base para tarta redonda de cart\u00f3n dorado de 26 cm, ideal para presentar y transportar sus pasteles con elegancia. Resistente, pr\u00e1ctica y est\u00e9tica.","og_url":"https:\/\/www.csj-emballages.com\/es\/produit\/soporte-para-tartas-redondo-de-carton-dorado-26-cm\/","og_site_name":"CSJ Emballages","article_publisher":"https:\/\/www.facebook.com\/csjemballages","article_modified_time":"2026-04-15T00:16:24+00:00","og_image":[{"width":800,"height":800,"url":"https:\/\/www.csj-emballages.com\/wp-content\/uploads\/2024\/03\/RONDOR.webp","type":"image\/webp"}],"twitter_card":"summary_large_image","twitter_misc":{"Tiempo de lectura":"1 minuto"},"schema":{"@context":"https:\/\/schema.org","@graph":[{"@type":"WebPage","@id":"https:\/\/www.csj-emballages.com\/es\/produit\/soporte-para-tartas-redondo-de-carton-dorado-26-cm\/","url":"https:\/\/www.csj-emballages.com\/es\/produit\/soporte-para-tartas-redondo-de-carton-dorado-26-cm\/","name":"Base para tarta redonda dorada de cart\u00f3n 26 cm","isPartOf":{"@id":"https:\/\/www.csj-emballages.com\/es\/#website"},"primaryImageOfPage":{"@id":"https:\/\/www.csj-emballages.com\/es\/produit\/soporte-para-tartas-redondo-de-carton-dorado-26-cm\/#primaryimage"},"image":{"@id":"https:\/\/www.csj-emballages.com\/es\/produit\/soporte-para-tartas-redondo-de-carton-dorado-26-cm\/#primaryimage"},"thumbnailUrl":"https:\/\/www.csj-emballages.com\/wp-content\/uploads\/2024\/03\/RONDOR.webp","datePublished":"2024-03-01T15:50:13+00:00","dateModified":"2026-04-15T00:16:24+00:00","description":"Base para tarta redonda de cart\u00f3n dorado de 26 cm, ideal para presentar y transportar sus pasteles con elegancia. Resistente, pr\u00e1ctica y est\u00e9tica.","breadcrumb":{"@id":"https:\/\/www.csj-emballages.com\/es\/produit\/soporte-para-tartas-redondo-de-carton-dorado-26-cm\/#breadcrumb"},"inLanguage":"es","potentialAction":[{"@type":"ReadAction","target":["https:\/\/www.csj-emballages.com\/es\/produit\/soporte-para-tartas-redondo-de-carton-dorado-26-cm\/"]}]},{"@type":"ImageObject","inLanguage":"es","@id":"https:\/\/www.csj-emballages.com\/es\/produit\/soporte-para-tartas-redondo-de-carton-dorado-26-cm\/#primaryimage","url":"https:\/\/www.csj-emballages.com\/wp-content\/uploads\/2024\/03\/RONDOR.webp","contentUrl":"https:\/\/www.csj-emballages.com\/wp-content\/uploads\/2024\/03\/RONDOR.webp","width":800,"height":800,"caption":"Support g\u00e2teau rond"},{"@type":"BreadcrumbList","@id":"https:\/\/www.csj-emballages.com\/es\/produit\/soporte-para-tartas-redondo-de-carton-dorado-26-cm\/#breadcrumb","itemListElement":[{"@type":"ListItem","position":1,"name":"Accueil","item":"https:\/\/www.csj-emballages.com\/es\/universo-del-envasado-alimentario\/"},{"@type":"ListItem","position":2,"name":"Tienda","item":"https:\/\/www.csj-emballages.com\/tienda\/"},{"@type":"ListItem","position":3,"name":"Base para tarta redonda dorada de cart\u00f3n 26 cm"}]},{"@type":"WebSite","@id":"https:\/\/www.csj-emballages.com\/es\/#website","url":"https:\/\/www.csj-emballages.com\/es\/","name":"CSJ Emballages","description":"","publisher":{"@id":"https:\/\/www.csj-emballages.com\/es\/#organization"},"potentialAction":[{"@type":"SearchAction","target":{"@type":"EntryPoint","urlTemplate":"https:\/\/www.csj-emballages.com\/es\/?s={search_term_string}"},"query-input":{"@type":"PropertyValueSpecification","valueRequired":true,"valueName":"search_term_string"}}],"inLanguage":"es"},{"@type":"Organization","@id":"https:\/\/www.csj-emballages.com\/es\/#Organization\/","name":"CSJ Emballages","url":"https:\/\/www.csj-emballages.com\/es\/","logo":{"@type":"ImageObject","inLanguage":"es","@id":"https:\/\/www.csj-emballages.com\/es\/#\/schema\/logo\/image\/","url":"https:\/\/www.csj-emballages.com\/wp-content\/uploads\/2023\/10\/logo_csj.webp","contentUrl":"https:\/\/www.csj-emballages.com\/wp-content\/uploads\/2023\/10\/logo_csj.webp","width":250,"height":95,"caption":"CSJ Emballages"},"image":{"@id":"https:\/\/www.csj-emballages.com\/es\/#\/schema\/logo\/image\/"},"sameAs":["https:\/\/www.facebook.com\/csjemballages"],"address":{"@type":"PostalAddress","streetAddress":"ZI La Lechere","addressLocality":"Patornay","postalCode":"39130","addressCountry":"FR"},"contactPoint":[{"@type":"ContactPoint","contactType":"Service client","telephone":"0384254272","email":"contact@csj-emballages.com"}]}]}},"df_price":0.62,"df_sale_price":"","df_regular_price":0.62,"df_image_link":"https:\/\/www.csj-emballages.com\/wp-content\/uploads\/2024\/03\/RONDOR-300x300.webp","tiered_pricing_type":"fixed","tiered_pricing_fixed_rules":[],"tiered_pricing_percentage_rules":[],"tiered_pricing_minimum":1,"tiered_pricing_roles_data":[],"_links":{"self":[{"href":"https:\/\/www.csj-emballages.com\/es\/wp-json\/wp\/v2\/product\/23002","targetHints":{"allow":["GET"]}}],"collection":[{"href":"https:\/\/www.csj-emballages.com\/es\/wp-json\/wp\/v2\/product"}],"about":[{"href":"https:\/\/www.csj-emballages.com\/es\/wp-json\/wp\/v2\/types\/product"}],"wp:featuredmedia":[{"embeddable":true,"href":"https:\/\/www.csj-emballages.com\/es\/wp-json\/wp\/v2\/media\/276126"}],"wp:attachment":[{"href":"https:\/\/www.csj-emballages.com\/es\/wp-json\/wp\/v2\/media?parent=23002"}],"wp:term":[{"taxonomy":"product_brand","embeddable":true,"href":"https:\/\/www.csj-emballages.com\/es\/wp-json\/wp\/v2\/product_brand?post=23002"},{"taxonomy":"product_cat","embeddable":true,"href":"https:\/\/www.csj-emballages.com\/es\/wp-json\/wp\/v2\/product_cat?post=23002"},{"taxonomy":"product_tag","embeddable":true,"href":"https:\/\/www.csj-emballages.com\/es\/wp-json\/wp\/v2\/product_tag?post=23002"}],"curies":[{"name":"wp","href":"https:\/\/api.w.org\/{rel}","templated":true}]}}