{"id":22979,"date":"2024-03-01T16:50:14","date_gmt":"2024-03-01T15:50:14","guid":{"rendered":"https:\/\/u15jnbdpoq.preview.infomaniak.website\/produit\/100-cazuelas-ovaladas-desechables-de-aluminio-260-ml\/"},"modified":"2026-04-28T14:01:54","modified_gmt":"2026-04-28T12:01:54","slug":"100-cazuelas-ovaladas-desechables-de-aluminio-260-ml","status":"publish","type":"product","link":"https:\/\/www.csj-emballages.com\/es\/produit\/100-cazuelas-ovaladas-desechables-de-aluminio-260-ml\/","title":{"rendered":"Ramekin oval de aluminio 260 ml por 100"},"content":{"rendered":"<h2 class=\"p1\">Montante de aluminio<\/h2>\n<hr>\n<h3>Descripci\u00f3n de nuestra cazuela ovalada de aluminio 260 ml por 100<\/h3>\n<p><!--more--><\/p>\n<p data-start=\"28\" data-end=\"639\">Ideal para empresas de catering, restaurantes y particulares, esta <strong data-start=\"96\" data-end=\"131\">cazuela ovalada de aluminio de 260 ml<\/strong> es perfecta para cocinar, presentar y transportar sus platos. Su <strong data-start=\"217\" data-end=\"241\">elegante forma ovalada<\/strong> permite una presentaci\u00f3n cuidada y original. Dise\u00f1ada para soportar altas temperaturas, es compatible con el horno tradicional, garantizando una cocci\u00f3n homog\u00e9nea de sus platos. Su material de aluminio garantiza una excelente conducci\u00f3n del calor, ideal para gratinados individuales, cr\u00e8me br\u00fbl\u00e9es, postres o porciones individuales de platos fr\u00edos y calientes.   <\/p>\n<p data-start=\"641\" data-end=\"971\">Gracias a su ligereza y robustez, esta cazuela es perfecta para la comida r\u00e1pida y para llevar. Se vende <strong data-start=\"876\" data-end=\"890\">en paquetes de 100<\/strong> unidades y responde a las necesidades de los profesionales que buscan eficacia y calidad. <\/p>\n<p><!--more--><\/p>\n<h4>Ventajas :<\/h4>\n<ul>\n<li data-start=\"1063\" data-end=\"1163\">Apto para horno y parrilla, ideal para platos fr\u00edos y calientes.<\/li>\n<li data-start=\"1164\" data-end=\"1241\">F\u00e1cil de transportar y sin riesgo de rotura.<\/li>\n<li data-start=\"1328\" data-end=\"1424\">Ideal para profesionales de la restauraci\u00f3n y caterings.<\/li>\n<li data-start=\"1425\" data-end=\"1500\">Se vende en lotes de 100 unidades para satisfacer las necesidades de los profesionales.<\/li>\n<\/ul>\n<p>&nbsp;<\/p>\n<p><!--more--><\/p>\n<h4>Informaci\u00f3n adicional :<\/h4>\n<ul>\n<li><strong>Embalaje<\/strong>: Paquete de 100<\/li>\n<li><strong>Dimensiones<\/strong>: 122 x 80 x 40 (L x A x A en mm)<\/li>\n<li><strong>Volumen<\/strong>: 260 ml<\/li>\n<li><strong>Forma<\/strong>: Oval<\/li>\n<li><strong>Material<\/strong>: Aluminio<\/li>\n<li><strong>Temperatura de funcionamiento<\/strong>: -40\u00b0C \/ +350\u00b0C<\/li>\n<\/ul>\n<p>&nbsp;<\/p>\n<p><!--more--><\/p>\n<p>Este producto est\u00e1 disponible en varios tama\u00f1os:<span style=\"color: #d12727;\"> <a style=\"color: #d12727;\" href=\"https:\/\/www.csj-emballages.com\/produit\/100-ramequins-jetables-aluminium-ronds-251-ml\/\">RA251<\/a> <\/span> <\/p>\n<p>&nbsp;<\/p>\n<p><!--more--><\/p>\n<p><a href=\"https:\/\/www.csj-emballages.com\/es\/categorie-produit\/envasado-de-alimentos\/carniceria-y-charcuteria\/bandejas-latas-y-tarros\/bandejas-platos-moldes-bandejas-de-comida-tazas-ramequines-pasteles-de-carne-de-aluminio\/platos-gourmet\/\">Ver el resto de nuestra gama de platos gourmet de aluminio<\/a><\/p>\n","protected":false},"excerpt":{"rendered":"<p>Montante de aluminio Descripci\u00f3n de nuestra cazuela ovalada de aluminio 260 ml por 100<\/p>\n","protected":false},"featured_media":228982,"template":"","meta":{"_acf_changed":false},"product_brand":[],"product_cat":[1143,2006,3237],"product_tag":[],"class_list":{"0":"post-22979","1":"product","2":"type-product","3":"status-publish","4":"has-post-thumbnail","6":"product_cat-carniceria-y-charcuteria","7":"product_cat-bandejas-platos-moldes-bandejas-de-comida-tazas-ramequines-pasteles-de-carne-de-aluminio","8":"product_cat-ramequines","10":"first","11":"outofstock","12":"taxable","13":"shipping-taxable","14":"purchasable","15":"product-type-simple"},"acf":[],"yoast_head":"<!-- This site is optimized with the Yoast SEO Premium plugin v26.6 (Yoast SEO v26.6) - https:\/\/yoast.com\/wordpress\/plugins\/seo\/ -->\n<title>Ramequin Aluminio Oval 260 ml por 100<\/title>\n<meta name=\"description\" content=\"Ramequ\u00edn de aluminio ovalado de 260 ml, lote de 100 unidades, ideal para cocinar y transportar. Ligero, resistente y reciclable, perfecto para caterings y restaurantes.\" \/>\n<meta name=\"robots\" content=\"index, follow, max-snippet:-1, max-image-preview:large, max-video-preview:-1\" \/>\n<link rel=\"canonical\" href=\"https:\/\/www.csj-emballages.com\/es\/produit\/100-cazuelas-ovaladas-desechables-de-aluminio-260-ml\/\" \/>\n<meta property=\"og:locale\" content=\"es_ES\" \/>\n<meta property=\"og:type\" content=\"article\" \/>\n<meta property=\"og:title\" content=\"Ramekin oval de aluminio 260 ml por 100\" \/>\n<meta property=\"og:description\" content=\"Ramequ\u00edn de aluminio ovalado de 260 ml, lote de 100 unidades, ideal para cocinar y transportar. Ligero, resistente y reciclable, perfecto para caterings y restaurantes.\" \/>\n<meta property=\"og:url\" content=\"https:\/\/www.csj-emballages.com\/es\/produit\/100-cazuelas-ovaladas-desechables-de-aluminio-260-ml\/\" \/>\n<meta property=\"og:site_name\" content=\"CSJ Emballages\" \/>\n<meta property=\"article:publisher\" content=\"https:\/\/www.facebook.com\/csjemballages\" \/>\n<meta property=\"article:modified_time\" content=\"2026-04-28T12:01:54+00:00\" \/>\n<meta property=\"og:image\" content=\"https:\/\/www.csj-emballages.com\/wp-content\/uploads\/2024\/03\/RO-251.webp\" \/>\n\t<meta property=\"og:image:width\" content=\"800\" \/>\n\t<meta property=\"og:image:height\" content=\"800\" \/>\n\t<meta property=\"og:image:type\" content=\"image\/webp\" \/>\n<meta name=\"twitter:card\" content=\"summary_large_image\" \/>\n<meta name=\"twitter:label1\" content=\"Tiempo de lectura\" \/>\n\t<meta name=\"twitter:data1\" content=\"1 minuto\" \/>\n<script type=\"application\/ld+json\" class=\"yoast-schema-graph\">{\"@context\":\"https:\/\/schema.org\",\"@graph\":[{\"@type\":\"WebPage\",\"@id\":\"https:\/\/www.csj-emballages.com\/es\/produit\/100-cazuelas-ovaladas-desechables-de-aluminio-260-ml\/\",\"url\":\"https:\/\/www.csj-emballages.com\/es\/produit\/100-cazuelas-ovaladas-desechables-de-aluminio-260-ml\/\",\"name\":\"Ramequin Aluminio Oval 260 ml por 100\",\"isPartOf\":{\"@id\":\"https:\/\/www.csj-emballages.com\/es\/#website\"},\"primaryImageOfPage\":{\"@id\":\"https:\/\/www.csj-emballages.com\/es\/produit\/100-cazuelas-ovaladas-desechables-de-aluminio-260-ml\/#primaryimage\"},\"image\":{\"@id\":\"https:\/\/www.csj-emballages.com\/es\/produit\/100-cazuelas-ovaladas-desechables-de-aluminio-260-ml\/#primaryimage\"},\"thumbnailUrl\":\"https:\/\/www.csj-emballages.com\/wp-content\/uploads\/2024\/03\/RO-251.webp\",\"datePublished\":\"2024-03-01T15:50:14+00:00\",\"dateModified\":\"2026-04-28T12:01:54+00:00\",\"description\":\"Ramequ\u00edn de aluminio ovalado de 260 ml, lote de 100 unidades, ideal para cocinar y transportar. Ligero, resistente y reciclable, perfecto para caterings y restaurantes.\",\"breadcrumb\":{\"@id\":\"https:\/\/www.csj-emballages.com\/es\/produit\/100-cazuelas-ovaladas-desechables-de-aluminio-260-ml\/#breadcrumb\"},\"inLanguage\":\"es\",\"potentialAction\":[{\"@type\":\"ReadAction\",\"target\":[\"https:\/\/www.csj-emballages.com\/es\/produit\/100-cazuelas-ovaladas-desechables-de-aluminio-260-ml\/\"]}]},{\"@type\":\"ImageObject\",\"inLanguage\":\"es\",\"@id\":\"https:\/\/www.csj-emballages.com\/es\/produit\/100-cazuelas-ovaladas-desechables-de-aluminio-260-ml\/#primaryimage\",\"url\":\"https:\/\/www.csj-emballages.com\/wp-content\/uploads\/2024\/03\/RO-251.webp\",\"contentUrl\":\"https:\/\/www.csj-emballages.com\/wp-content\/uploads\/2024\/03\/RO-251.webp\",\"width\":800,\"height\":800,\"caption\":\"Ramequin aluminium\"},{\"@type\":\"BreadcrumbList\",\"@id\":\"https:\/\/www.csj-emballages.com\/es\/produit\/100-cazuelas-ovaladas-desechables-de-aluminio-260-ml\/#breadcrumb\",\"itemListElement\":[{\"@type\":\"ListItem\",\"position\":1,\"name\":\"Accueil\",\"item\":\"https:\/\/www.csj-emballages.com\/es\/universo-del-envasado-alimentario\/\"},{\"@type\":\"ListItem\",\"position\":2,\"name\":\"Tienda\",\"item\":\"https:\/\/www.csj-emballages.com\/tienda\/\"},{\"@type\":\"ListItem\",\"position\":3,\"name\":\"Ramekin oval de aluminio 260 ml por 100\"}]},{\"@type\":\"WebSite\",\"@id\":\"https:\/\/www.csj-emballages.com\/es\/#website\",\"url\":\"https:\/\/www.csj-emballages.com\/es\/\",\"name\":\"CSJ Emballages\",\"description\":\"\",\"publisher\":{\"@id\":\"https:\/\/www.csj-emballages.com\/es\/#organization\"},\"potentialAction\":[{\"@type\":\"SearchAction\",\"target\":{\"@type\":\"EntryPoint\",\"urlTemplate\":\"https:\/\/www.csj-emballages.com\/es\/?s={search_term_string}\"},\"query-input\":{\"@type\":\"PropertyValueSpecification\",\"valueRequired\":true,\"valueName\":\"search_term_string\"}}],\"inLanguage\":\"es\"},{\"@type\":\"Organization\",\"@id\":\"https:\/\/www.csj-emballages.com\/es\/#Organization\/\",\"name\":\"CSJ Emballages\",\"url\":\"https:\/\/www.csj-emballages.com\/es\/\",\"logo\":{\"@type\":\"ImageObject\",\"inLanguage\":\"es\",\"@id\":\"https:\/\/www.csj-emballages.com\/es\/#\/schema\/logo\/image\/\",\"url\":\"https:\/\/www.csj-emballages.com\/wp-content\/uploads\/2023\/10\/logo_csj.webp\",\"contentUrl\":\"https:\/\/www.csj-emballages.com\/wp-content\/uploads\/2023\/10\/logo_csj.webp\",\"width\":250,\"height\":95,\"caption\":\"CSJ Emballages\"},\"image\":{\"@id\":\"https:\/\/www.csj-emballages.com\/es\/#\/schema\/logo\/image\/\"},\"sameAs\":[\"https:\/\/www.facebook.com\/csjemballages\"],\"address\":{\"@type\":\"PostalAddress\",\"streetAddress\":\"ZI La Lechere\",\"addressLocality\":\"Patornay\",\"postalCode\":\"39130\",\"addressCountry\":\"FR\"},\"contactPoint\":[{\"@type\":\"ContactPoint\",\"contactType\":\"Service client\",\"telephone\":\"0384254272\",\"email\":\"contact@csj-emballages.com\"}]}]}<\/script>\n<!-- \/ Yoast SEO Premium plugin. -->","yoast_head_json":{"title":"Ramequin Aluminio Oval 260 ml por 100","description":"Ramequ\u00edn de aluminio ovalado de 260 ml, lote de 100 unidades, ideal para cocinar y transportar. Ligero, resistente y reciclable, perfecto para caterings y restaurantes.","robots":{"index":"index","follow":"follow","max-snippet":"max-snippet:-1","max-image-preview":"max-image-preview:large","max-video-preview":"max-video-preview:-1"},"canonical":"https:\/\/www.csj-emballages.com\/es\/produit\/100-cazuelas-ovaladas-desechables-de-aluminio-260-ml\/","og_locale":"es_ES","og_type":"article","og_title":"Ramekin oval de aluminio 260 ml por 100","og_description":"Ramequ\u00edn de aluminio ovalado de 260 ml, lote de 100 unidades, ideal para cocinar y transportar. Ligero, resistente y reciclable, perfecto para caterings y restaurantes.","og_url":"https:\/\/www.csj-emballages.com\/es\/produit\/100-cazuelas-ovaladas-desechables-de-aluminio-260-ml\/","og_site_name":"CSJ Emballages","article_publisher":"https:\/\/www.facebook.com\/csjemballages","article_modified_time":"2026-04-28T12:01:54+00:00","og_image":[{"width":800,"height":800,"url":"https:\/\/www.csj-emballages.com\/wp-content\/uploads\/2024\/03\/RO-251.webp","type":"image\/webp"}],"twitter_card":"summary_large_image","twitter_misc":{"Tiempo de lectura":"1 minuto"},"schema":{"@context":"https:\/\/schema.org","@graph":[{"@type":"WebPage","@id":"https:\/\/www.csj-emballages.com\/es\/produit\/100-cazuelas-ovaladas-desechables-de-aluminio-260-ml\/","url":"https:\/\/www.csj-emballages.com\/es\/produit\/100-cazuelas-ovaladas-desechables-de-aluminio-260-ml\/","name":"Ramequin Aluminio Oval 260 ml por 100","isPartOf":{"@id":"https:\/\/www.csj-emballages.com\/es\/#website"},"primaryImageOfPage":{"@id":"https:\/\/www.csj-emballages.com\/es\/produit\/100-cazuelas-ovaladas-desechables-de-aluminio-260-ml\/#primaryimage"},"image":{"@id":"https:\/\/www.csj-emballages.com\/es\/produit\/100-cazuelas-ovaladas-desechables-de-aluminio-260-ml\/#primaryimage"},"thumbnailUrl":"https:\/\/www.csj-emballages.com\/wp-content\/uploads\/2024\/03\/RO-251.webp","datePublished":"2024-03-01T15:50:14+00:00","dateModified":"2026-04-28T12:01:54+00:00","description":"Ramequ\u00edn de aluminio ovalado de 260 ml, lote de 100 unidades, ideal para cocinar y transportar. Ligero, resistente y reciclable, perfecto para caterings y restaurantes.","breadcrumb":{"@id":"https:\/\/www.csj-emballages.com\/es\/produit\/100-cazuelas-ovaladas-desechables-de-aluminio-260-ml\/#breadcrumb"},"inLanguage":"es","potentialAction":[{"@type":"ReadAction","target":["https:\/\/www.csj-emballages.com\/es\/produit\/100-cazuelas-ovaladas-desechables-de-aluminio-260-ml\/"]}]},{"@type":"ImageObject","inLanguage":"es","@id":"https:\/\/www.csj-emballages.com\/es\/produit\/100-cazuelas-ovaladas-desechables-de-aluminio-260-ml\/#primaryimage","url":"https:\/\/www.csj-emballages.com\/wp-content\/uploads\/2024\/03\/RO-251.webp","contentUrl":"https:\/\/www.csj-emballages.com\/wp-content\/uploads\/2024\/03\/RO-251.webp","width":800,"height":800,"caption":"Ramequin aluminium"},{"@type":"BreadcrumbList","@id":"https:\/\/www.csj-emballages.com\/es\/produit\/100-cazuelas-ovaladas-desechables-de-aluminio-260-ml\/#breadcrumb","itemListElement":[{"@type":"ListItem","position":1,"name":"Accueil","item":"https:\/\/www.csj-emballages.com\/es\/universo-del-envasado-alimentario\/"},{"@type":"ListItem","position":2,"name":"Tienda","item":"https:\/\/www.csj-emballages.com\/tienda\/"},{"@type":"ListItem","position":3,"name":"Ramekin oval de aluminio 260 ml por 100"}]},{"@type":"WebSite","@id":"https:\/\/www.csj-emballages.com\/es\/#website","url":"https:\/\/www.csj-emballages.com\/es\/","name":"CSJ Emballages","description":"","publisher":{"@id":"https:\/\/www.csj-emballages.com\/es\/#organization"},"potentialAction":[{"@type":"SearchAction","target":{"@type":"EntryPoint","urlTemplate":"https:\/\/www.csj-emballages.com\/es\/?s={search_term_string}"},"query-input":{"@type":"PropertyValueSpecification","valueRequired":true,"valueName":"search_term_string"}}],"inLanguage":"es"},{"@type":"Organization","@id":"https:\/\/www.csj-emballages.com\/es\/#Organization\/","name":"CSJ Emballages","url":"https:\/\/www.csj-emballages.com\/es\/","logo":{"@type":"ImageObject","inLanguage":"es","@id":"https:\/\/www.csj-emballages.com\/es\/#\/schema\/logo\/image\/","url":"https:\/\/www.csj-emballages.com\/wp-content\/uploads\/2023\/10\/logo_csj.webp","contentUrl":"https:\/\/www.csj-emballages.com\/wp-content\/uploads\/2023\/10\/logo_csj.webp","width":250,"height":95,"caption":"CSJ Emballages"},"image":{"@id":"https:\/\/www.csj-emballages.com\/es\/#\/schema\/logo\/image\/"},"sameAs":["https:\/\/www.facebook.com\/csjemballages"],"address":{"@type":"PostalAddress","streetAddress":"ZI La Lechere","addressLocality":"Patornay","postalCode":"39130","addressCountry":"FR"},"contactPoint":[{"@type":"ContactPoint","contactType":"Service client","telephone":"0384254272","email":"contact@csj-emballages.com"}]}]}},"df_price":21.01,"df_sale_price":"","df_regular_price":21.01,"df_image_link":"https:\/\/www.csj-emballages.com\/wp-content\/uploads\/2024\/03\/RO-251-300x300.webp","tiered_pricing_type":"fixed","tiered_pricing_fixed_rules":[],"tiered_pricing_percentage_rules":[],"tiered_pricing_minimum":1,"tiered_pricing_roles_data":[],"_links":{"self":[{"href":"https:\/\/www.csj-emballages.com\/es\/wp-json\/wp\/v2\/product\/22979","targetHints":{"allow":["GET"]}}],"collection":[{"href":"https:\/\/www.csj-emballages.com\/es\/wp-json\/wp\/v2\/product"}],"about":[{"href":"https:\/\/www.csj-emballages.com\/es\/wp-json\/wp\/v2\/types\/product"}],"wp:featuredmedia":[{"embeddable":true,"href":"https:\/\/www.csj-emballages.com\/es\/wp-json\/wp\/v2\/media\/228982"}],"wp:attachment":[{"href":"https:\/\/www.csj-emballages.com\/es\/wp-json\/wp\/v2\/media?parent=22979"}],"wp:term":[{"taxonomy":"product_brand","embeddable":true,"href":"https:\/\/www.csj-emballages.com\/es\/wp-json\/wp\/v2\/product_brand?post=22979"},{"taxonomy":"product_cat","embeddable":true,"href":"https:\/\/www.csj-emballages.com\/es\/wp-json\/wp\/v2\/product_cat?post=22979"},{"taxonomy":"product_tag","embeddable":true,"href":"https:\/\/www.csj-emballages.com\/es\/wp-json\/wp\/v2\/product_tag?post=22979"}],"curies":[{"name":"wp","href":"https:\/\/api.w.org\/{rel}","templated":true}]}}