{"id":22948,"date":"2024-03-01T16:50:15","date_gmt":"2024-03-01T15:50:15","guid":{"rendered":"https:\/\/u15jnbdpoq.preview.infomaniak.website\/produit\/250-redondeles-blancos-lisos-o22-cm\/"},"modified":"2026-04-14T02:20:01","modified_gmt":"2026-04-14T00:20:01","slug":"250-redondeles-blancos-lisos-o22-cm","status":"publish","type":"product","link":"https:\/\/www.csj-emballages.com\/es\/produit\/250-redondeles-blancos-lisos-o22-cm\/","title":{"rendered":"Redondo blanco liso \u00f822 cm por 250"},"content":{"rendered":"<h2>Blanco redondo<\/h2>\n<hr>\n<h3>Descripci\u00f3n de nuestro redondo blanco liso \u00f822 cm por 250<\/h3>\n<p><!--more--><\/p>\n<p data-start=\"137\" data-end=\"570\">Descubra nuestro <strong data-start=\"153\" data-end=\"188\">cake stand redondo blanco liso \u00f822 cm por 250<\/strong>, el aliado indispensable para todas sus presentaciones culinarias. Tanto si es <g id=\"gid_1\">hostelero, restaurador, pastelero<\/g> u organizador de eventos, este pr\u00e1ctico y elegante <g id=\"gid_2\">soporte redondo para tartas<\/g> satisfar\u00e1 todas sus necesidades. Con sus <strong data-start=\"411\" data-end=\"432\">22 cm de di\u00e1metro<\/strong>, es perfecto para pasteles, entremeses, pizzas, tartas o cualquier otra creaci\u00f3n gourmet que desee lucir.  <\/p>\n<p data-start=\"572\" data-end=\"983\">En primer lugar, su <strong data-start=\"590\" data-end=\"616\">color blanco inmaculado<\/strong> aporta un toque de sobriedad y elegancia, ideal para mostrar sus preparaciones sin distraer la atenci\u00f3n. Adem\u00e1s, su superficie <g id=\"gid_1\">lisa y uniforme<\/g> garantiza un acabado siempre limpio y profesional. Esta bandeja redonda tambi\u00e9n puede utilizarse para facilitar el <strong data-start=\"896\" data-end=\"928\">transporte y la presentaci\u00f3n<\/strong> de postres, ya que ofrece una base estable y resistente.  <\/p>\n<p data-start=\"985\" data-end=\"1280\">En segundo lugar, su formato de <strong data-start=\"1008\" data-end=\"1029\">envase de 250 unidades<\/strong> le permite beneficiarse de unas existencias generosas, perfectamente adaptadas a los profesionales de la restauraci\u00f3n y a los eventos a gran escala. No tiene que preocuparse por si se le acaban: siempre tendr\u00e1 a mano la ayuda que necesita. <\/p>\n<p data-start=\"1282\" data-end=\"1571\">Adem\u00e1s, este <strong data-start=\"1299\" data-end=\"1319\">redondo blanco liso<\/strong> no s\u00f3lo es pr\u00e1ctico, sino tambi\u00e9n higi\u00e9nico, ya que est\u00e1 dise\u00f1ado para cumplir las normas alimentarias. Ligero pero robusto, ofrece <strong data-start=\"1462\" data-end=\"1496\">una excelente relaci\u00f3n calidad-precio<\/strong> y es imprescindible en el mundo del envasado de alimentos. <\/p>\n<p data-start=\"1573\" data-end=\"1751\">En resumen, elegir este <strong>soporte para tartas<\/strong> significa optar por la <strong data-start=\"1624\" data-end=\"1638\">sencillez<\/strong>, la <strong data-start=\"1643\" data-end=\"1654\">calidad<\/strong> y la<strong data-start=\"1660\" data-end=\"1674\">eficacia<\/strong>.<\/p>\n<p><!--more--><\/p>\n<h4><strong>Ventajas :<\/strong><\/h4>\n<ul>\n<li><strong data-start=\"1980\" data-end=\"2000\">Elegante y sobrio<\/strong>: para realzar todas sus creaciones.<\/li>\n<li><strong data-start=\"2043\" data-end=\"2055\">Pr\u00e1ctico<\/strong>: <strong>22 cm de<\/strong> di\u00e1metro ideal para pasteles, tartas y pizzas.<\/li>\n<li><strong data-start=\"2115\" data-end=\"2142\">Resistente e higi\u00e9nico<\/strong>: dise\u00f1ado para uso alimentario.<\/li>\n<li>Envase <strong data-start=\"2182\" data-end=\"2212\">econ\u00f3mico<\/strong>: paquete de <strong>250 unidades<\/strong> adecuado para profesionales.<\/li>\n<li><strong data-start=\"2247\" data-end=\"2261\">Vers\u00e1til<\/strong>: presentaci\u00f3n, transporte y exposici\u00f3n.<\/li>\n<\/ul>\n<p>&nbsp;<\/p>\n<p><!--more--><\/p>\n<h4>Informaci\u00f3n adicional :<\/h4>\n<ul>\n<li><strong>Envase<\/strong>: Paquete de 250<\/li>\n<li><strong>Di\u00e1metro<\/strong>: 22 cm<\/li>\n<li><strong>Material<\/strong>: Cart\u00f3n<\/li>\n<li><strong>Color<\/strong>: blanco<\/li>\n<\/ul>\n<p>&nbsp;<\/p>\n<p><!--more--><\/p>\n<p>Este soporte para tartas redondo de color blanco liso est\u00e1 disponible en diferentes tama\u00f1os: <g id=\"gid_0\"><g id=\"gid_1\">\u00d814 cm<\/g><\/g> \/ <g id=\"gid_2\"><g id=\"gid_3\">\u00d816 cm<\/g><\/g> \/ <g id=\"gid_4\"><g id=\"gid_5\">\u00d818 cm<\/g><\/g> \/ <g id=\"gid_6\"><g id=\"gid_7\">\u00d820 cm<\/g><\/g> \/ <g id=\"gid_8\"><g id=\"gid_9\">\u00d824 cm<\/g><\/g> \/ <span style=\"color: #d12727;\"><a style=\"color: #d12727;\" href=\"https:\/\/www.csj-emballages.com\/produit\/250-ronds-blancs-lisses-o26-cm\/\">\u00d826 cm<\/a><\/span> \/        <span style=\"color: #d12727;\"><a style=\"color: #d12727;\" href=\"https:\/\/www.csj-emballages.com\/produit\/250-ronds-blancs-lisses-o28-cm\/\">\u00d828 cm<\/a> \/ <a style=\"color: #d12727;\" href=\"https:\/\/www.csj-emballages.com\/produit\/250-ronds-blancs-lisses-o30-cm\/\">\u00d830 cm<\/a> \/ <a style=\"color: #d12727;\" href=\"https:\/\/www.csj-emballages.com\/produit\/250-ronds-blancs-lisses-o32-cm\/\">\u00d832 cm<\/a><\/span><\/p>\n<p>&nbsp;<\/p>\n<p><!--more--><\/p>\n<p><a href=\"\/?product_cat=supports-a-gateaux-non-festonnes\">Consulte el resto de nuestra gama de redondeles blancos lisos aqu\u00ed<\/a><\/p>\n","protected":false},"excerpt":{"rendered":"<p>Blanco redondo Descripci\u00f3n de nuestro redondo blanco liso \u00f822 cm por 250<\/p>\n","protected":false},"featured_media":242602,"template":"","meta":{"_acf_changed":false},"product_brand":[],"product_cat":[1150,1145,1911,3255],"product_tag":[],"class_list":{"0":"post-22948","1":"product","2":"type-product","3":"status-publish","4":"has-post-thumbnail","6":"product_cat-envasado-de-alimentos","7":"product_cat-panaderia-y-pasteleria","8":"product_cat-soportes-de-base-para-tartas","9":"product_cat-soportes-para-tartas-sin-feston","11":"first","12":"instock","13":"taxable","14":"shipping-taxable","15":"purchasable","16":"product-type-simple"},"acf":[],"yoast_head":"<!-- This site is optimized with the Yoast SEO Premium plugin v26.6 (Yoast SEO v26.6) - https:\/\/yoast.com\/wordpress\/plugins\/seo\/ -->\n<title>Redondo blanco liso \u00f822 cm por 250<\/title>\n<meta name=\"description\" content=\"Redondo blanco liso \u00f822 cm por 250 - soporte pr\u00e1ctico y elegante para pasteles, pizzas, tartas y entremeses. Ideal para empresas de catering y restaurantes.\" \/>\n<meta name=\"robots\" content=\"index, follow, max-snippet:-1, max-image-preview:large, max-video-preview:-1\" \/>\n<link rel=\"canonical\" href=\"https:\/\/www.csj-emballages.com\/es\/produit\/250-redondeles-blancos-lisos-o22-cm\/\" \/>\n<meta property=\"og:locale\" content=\"es_ES\" \/>\n<meta property=\"og:type\" content=\"article\" \/>\n<meta property=\"og:title\" content=\"Redondo blanco liso \u00f822 cm por 250\" \/>\n<meta property=\"og:description\" content=\"Redondo blanco liso \u00f822 cm por 250 - soporte pr\u00e1ctico y elegante para pasteles, pizzas, tartas y entremeses. Ideal para empresas de catering y restaurantes.\" \/>\n<meta property=\"og:url\" content=\"https:\/\/www.csj-emballages.com\/es\/produit\/250-redondeles-blancos-lisos-o22-cm\/\" \/>\n<meta property=\"og:site_name\" content=\"CSJ Emballages\" \/>\n<meta property=\"article:publisher\" content=\"https:\/\/www.facebook.com\/csjemballages\" \/>\n<meta property=\"article:modified_time\" content=\"2026-04-14T00:20:01+00:00\" \/>\n<meta property=\"og:image\" content=\"https:\/\/www.csj-emballages.com\/wp-content\/uploads\/2024\/03\/Rond-blanc-3.webp\" \/>\n\t<meta property=\"og:image:width\" content=\"800\" \/>\n\t<meta property=\"og:image:height\" content=\"800\" \/>\n\t<meta property=\"og:image:type\" content=\"image\/webp\" \/>\n<meta name=\"twitter:card\" content=\"summary_large_image\" \/>\n<meta name=\"twitter:label1\" content=\"Tiempo de lectura\" \/>\n\t<meta name=\"twitter:data1\" content=\"2 minutos\" \/>\n<script type=\"application\/ld+json\" class=\"yoast-schema-graph\">{\"@context\":\"https:\/\/schema.org\",\"@graph\":[{\"@type\":\"WebPage\",\"@id\":\"https:\/\/www.csj-emballages.com\/es\/produit\/250-redondeles-blancos-lisos-o22-cm\/\",\"url\":\"https:\/\/www.csj-emballages.com\/es\/produit\/250-redondeles-blancos-lisos-o22-cm\/\",\"name\":\"Redondo blanco liso \u00f822 cm por 250\",\"isPartOf\":{\"@id\":\"https:\/\/www.csj-emballages.com\/es\/#website\"},\"primaryImageOfPage\":{\"@id\":\"https:\/\/www.csj-emballages.com\/es\/produit\/250-redondeles-blancos-lisos-o22-cm\/#primaryimage\"},\"image\":{\"@id\":\"https:\/\/www.csj-emballages.com\/es\/produit\/250-redondeles-blancos-lisos-o22-cm\/#primaryimage\"},\"thumbnailUrl\":\"https:\/\/www.csj-emballages.com\/wp-content\/uploads\/2024\/03\/Rond-blanc-3.webp\",\"datePublished\":\"2024-03-01T15:50:15+00:00\",\"dateModified\":\"2026-04-14T00:20:01+00:00\",\"description\":\"Redondo blanco liso \u00f822 cm por 250 - soporte pr\u00e1ctico y elegante para pasteles, pizzas, tartas y entremeses. Ideal para empresas de catering y restaurantes.\",\"breadcrumb\":{\"@id\":\"https:\/\/www.csj-emballages.com\/es\/produit\/250-redondeles-blancos-lisos-o22-cm\/#breadcrumb\"},\"inLanguage\":\"es\",\"potentialAction\":[{\"@type\":\"ReadAction\",\"target\":[\"https:\/\/www.csj-emballages.com\/es\/produit\/250-redondeles-blancos-lisos-o22-cm\/\"]}]},{\"@type\":\"ImageObject\",\"inLanguage\":\"es\",\"@id\":\"https:\/\/www.csj-emballages.com\/es\/produit\/250-redondeles-blancos-lisos-o22-cm\/#primaryimage\",\"url\":\"https:\/\/www.csj-emballages.com\/wp-content\/uploads\/2024\/03\/Rond-blanc-3.webp\",\"contentUrl\":\"https:\/\/www.csj-emballages.com\/wp-content\/uploads\/2024\/03\/Rond-blanc-3.webp\",\"width\":800,\"height\":800,\"caption\":\"Rond blanc\"},{\"@type\":\"BreadcrumbList\",\"@id\":\"https:\/\/www.csj-emballages.com\/es\/produit\/250-redondeles-blancos-lisos-o22-cm\/#breadcrumb\",\"itemListElement\":[{\"@type\":\"ListItem\",\"position\":1,\"name\":\"Accueil\",\"item\":\"https:\/\/www.csj-emballages.com\/es\/universo-del-envasado-alimentario\/\"},{\"@type\":\"ListItem\",\"position\":2,\"name\":\"Tienda\",\"item\":\"https:\/\/www.csj-emballages.com\/tienda\/\"},{\"@type\":\"ListItem\",\"position\":3,\"name\":\"Redondo blanco liso \u00f822 cm por 250\"}]},{\"@type\":\"WebSite\",\"@id\":\"https:\/\/www.csj-emballages.com\/es\/#website\",\"url\":\"https:\/\/www.csj-emballages.com\/es\/\",\"name\":\"CSJ Emballages\",\"description\":\"\",\"publisher\":{\"@id\":\"https:\/\/www.csj-emballages.com\/es\/#organization\"},\"potentialAction\":[{\"@type\":\"SearchAction\",\"target\":{\"@type\":\"EntryPoint\",\"urlTemplate\":\"https:\/\/www.csj-emballages.com\/es\/?s={search_term_string}\"},\"query-input\":{\"@type\":\"PropertyValueSpecification\",\"valueRequired\":true,\"valueName\":\"search_term_string\"}}],\"inLanguage\":\"es\"},{\"@type\":\"Organization\",\"@id\":\"https:\/\/www.csj-emballages.com\/es\/#Organization\/\",\"name\":\"CSJ Emballages\",\"url\":\"https:\/\/www.csj-emballages.com\/es\/\",\"logo\":{\"@type\":\"ImageObject\",\"inLanguage\":\"es\",\"@id\":\"https:\/\/www.csj-emballages.com\/es\/#\/schema\/logo\/image\/\",\"url\":\"https:\/\/www.csj-emballages.com\/wp-content\/uploads\/2023\/10\/logo_csj.webp\",\"contentUrl\":\"https:\/\/www.csj-emballages.com\/wp-content\/uploads\/2023\/10\/logo_csj.webp\",\"width\":250,\"height\":95,\"caption\":\"CSJ Emballages\"},\"image\":{\"@id\":\"https:\/\/www.csj-emballages.com\/es\/#\/schema\/logo\/image\/\"},\"sameAs\":[\"https:\/\/www.facebook.com\/csjemballages\"],\"address\":{\"@type\":\"PostalAddress\",\"streetAddress\":\"ZI La Lechere\",\"addressLocality\":\"Patornay\",\"postalCode\":\"39130\",\"addressCountry\":\"FR\"},\"contactPoint\":[{\"@type\":\"ContactPoint\",\"contactType\":\"Service client\",\"telephone\":\"0384254272\",\"email\":\"contact@csj-emballages.com\"}]}]}<\/script>\n<!-- \/ Yoast SEO Premium plugin. -->","yoast_head_json":{"title":"Redondo blanco liso \u00f822 cm por 250","description":"Redondo blanco liso \u00f822 cm por 250 - soporte pr\u00e1ctico y elegante para pasteles, pizzas, tartas y entremeses. Ideal para empresas de catering y restaurantes.","robots":{"index":"index","follow":"follow","max-snippet":"max-snippet:-1","max-image-preview":"max-image-preview:large","max-video-preview":"max-video-preview:-1"},"canonical":"https:\/\/www.csj-emballages.com\/es\/produit\/250-redondeles-blancos-lisos-o22-cm\/","og_locale":"es_ES","og_type":"article","og_title":"Redondo blanco liso \u00f822 cm por 250","og_description":"Redondo blanco liso \u00f822 cm por 250 - soporte pr\u00e1ctico y elegante para pasteles, pizzas, tartas y entremeses. Ideal para empresas de catering y restaurantes.","og_url":"https:\/\/www.csj-emballages.com\/es\/produit\/250-redondeles-blancos-lisos-o22-cm\/","og_site_name":"CSJ Emballages","article_publisher":"https:\/\/www.facebook.com\/csjemballages","article_modified_time":"2026-04-14T00:20:01+00:00","og_image":[{"width":800,"height":800,"url":"https:\/\/www.csj-emballages.com\/wp-content\/uploads\/2024\/03\/Rond-blanc-3.webp","type":"image\/webp"}],"twitter_card":"summary_large_image","twitter_misc":{"Tiempo de lectura":"2 minutos"},"schema":{"@context":"https:\/\/schema.org","@graph":[{"@type":"WebPage","@id":"https:\/\/www.csj-emballages.com\/es\/produit\/250-redondeles-blancos-lisos-o22-cm\/","url":"https:\/\/www.csj-emballages.com\/es\/produit\/250-redondeles-blancos-lisos-o22-cm\/","name":"Redondo blanco liso \u00f822 cm por 250","isPartOf":{"@id":"https:\/\/www.csj-emballages.com\/es\/#website"},"primaryImageOfPage":{"@id":"https:\/\/www.csj-emballages.com\/es\/produit\/250-redondeles-blancos-lisos-o22-cm\/#primaryimage"},"image":{"@id":"https:\/\/www.csj-emballages.com\/es\/produit\/250-redondeles-blancos-lisos-o22-cm\/#primaryimage"},"thumbnailUrl":"https:\/\/www.csj-emballages.com\/wp-content\/uploads\/2024\/03\/Rond-blanc-3.webp","datePublished":"2024-03-01T15:50:15+00:00","dateModified":"2026-04-14T00:20:01+00:00","description":"Redondo blanco liso \u00f822 cm por 250 - soporte pr\u00e1ctico y elegante para pasteles, pizzas, tartas y entremeses. Ideal para empresas de catering y restaurantes.","breadcrumb":{"@id":"https:\/\/www.csj-emballages.com\/es\/produit\/250-redondeles-blancos-lisos-o22-cm\/#breadcrumb"},"inLanguage":"es","potentialAction":[{"@type":"ReadAction","target":["https:\/\/www.csj-emballages.com\/es\/produit\/250-redondeles-blancos-lisos-o22-cm\/"]}]},{"@type":"ImageObject","inLanguage":"es","@id":"https:\/\/www.csj-emballages.com\/es\/produit\/250-redondeles-blancos-lisos-o22-cm\/#primaryimage","url":"https:\/\/www.csj-emballages.com\/wp-content\/uploads\/2024\/03\/Rond-blanc-3.webp","contentUrl":"https:\/\/www.csj-emballages.com\/wp-content\/uploads\/2024\/03\/Rond-blanc-3.webp","width":800,"height":800,"caption":"Rond blanc"},{"@type":"BreadcrumbList","@id":"https:\/\/www.csj-emballages.com\/es\/produit\/250-redondeles-blancos-lisos-o22-cm\/#breadcrumb","itemListElement":[{"@type":"ListItem","position":1,"name":"Accueil","item":"https:\/\/www.csj-emballages.com\/es\/universo-del-envasado-alimentario\/"},{"@type":"ListItem","position":2,"name":"Tienda","item":"https:\/\/www.csj-emballages.com\/tienda\/"},{"@type":"ListItem","position":3,"name":"Redondo blanco liso \u00f822 cm por 250"}]},{"@type":"WebSite","@id":"https:\/\/www.csj-emballages.com\/es\/#website","url":"https:\/\/www.csj-emballages.com\/es\/","name":"CSJ Emballages","description":"","publisher":{"@id":"https:\/\/www.csj-emballages.com\/es\/#organization"},"potentialAction":[{"@type":"SearchAction","target":{"@type":"EntryPoint","urlTemplate":"https:\/\/www.csj-emballages.com\/es\/?s={search_term_string}"},"query-input":{"@type":"PropertyValueSpecification","valueRequired":true,"valueName":"search_term_string"}}],"inLanguage":"es"},{"@type":"Organization","@id":"https:\/\/www.csj-emballages.com\/es\/#Organization\/","name":"CSJ Emballages","url":"https:\/\/www.csj-emballages.com\/es\/","logo":{"@type":"ImageObject","inLanguage":"es","@id":"https:\/\/www.csj-emballages.com\/es\/#\/schema\/logo\/image\/","url":"https:\/\/www.csj-emballages.com\/wp-content\/uploads\/2023\/10\/logo_csj.webp","contentUrl":"https:\/\/www.csj-emballages.com\/wp-content\/uploads\/2023\/10\/logo_csj.webp","width":250,"height":95,"caption":"CSJ Emballages"},"image":{"@id":"https:\/\/www.csj-emballages.com\/es\/#\/schema\/logo\/image\/"},"sameAs":["https:\/\/www.facebook.com\/csjemballages"],"address":{"@type":"PostalAddress","streetAddress":"ZI La Lechere","addressLocality":"Patornay","postalCode":"39130","addressCountry":"FR"},"contactPoint":[{"@type":"ContactPoint","contactType":"Service client","telephone":"0384254272","email":"contact@csj-emballages.com"}]}]}},"df_price":14.68,"df_sale_price":"","df_regular_price":14.68,"df_image_link":"https:\/\/www.csj-emballages.com\/wp-content\/uploads\/2024\/03\/Rond-blanc-3-300x300.webp","tiered_pricing_type":"fixed","tiered_pricing_fixed_rules":[],"tiered_pricing_percentage_rules":[],"tiered_pricing_minimum":1,"tiered_pricing_roles_data":[],"_links":{"self":[{"href":"https:\/\/www.csj-emballages.com\/es\/wp-json\/wp\/v2\/product\/22948","targetHints":{"allow":["GET"]}}],"collection":[{"href":"https:\/\/www.csj-emballages.com\/es\/wp-json\/wp\/v2\/product"}],"about":[{"href":"https:\/\/www.csj-emballages.com\/es\/wp-json\/wp\/v2\/types\/product"}],"wp:featuredmedia":[{"embeddable":true,"href":"https:\/\/www.csj-emballages.com\/es\/wp-json\/wp\/v2\/media\/242602"}],"wp:attachment":[{"href":"https:\/\/www.csj-emballages.com\/es\/wp-json\/wp\/v2\/media?parent=22948"}],"wp:term":[{"taxonomy":"product_brand","embeddable":true,"href":"https:\/\/www.csj-emballages.com\/es\/wp-json\/wp\/v2\/product_brand?post=22948"},{"taxonomy":"product_cat","embeddable":true,"href":"https:\/\/www.csj-emballages.com\/es\/wp-json\/wp\/v2\/product_cat?post=22948"},{"taxonomy":"product_tag","embeddable":true,"href":"https:\/\/www.csj-emballages.com\/es\/wp-json\/wp\/v2\/product_tag?post=22948"}],"curies":[{"name":"wp","href":"https:\/\/api.w.org\/{rel}","templated":true}]}}