{"id":229464,"date":"2025-03-26T16:49:20","date_gmt":"2025-03-26T15:49:20","guid":{"rendered":"https:\/\/www.csj-emballages.com\/?post_type=product&#038;p=229464"},"modified":"2026-03-12T16:11:16","modified_gmt":"2026-03-12T15:11:16","slug":"caja-de-troncos-gourmandise-50-x-115-x-105-cm-paquete-de-25","status":"publish","type":"product","link":"https:\/\/www.csj-emballages.com\/es\/produit\/caja-de-troncos-gourmandise-50-x-115-x-105-cm-paquete-de-25\/","title":{"rendered":"Caja de troncos \u00abGourmandise\u00bb 50 x 11,5 x 10,5 cm, paquete de 25"},"content":{"rendered":"<h2 class=\"ai-optimize-26\">Caja de registro<\/h2>\n<hr>\n<h3 class=\"ai-optimize-27\">Descripci\u00f3n de nuestra caja de troncos \u00abGourmandise\u00bb 50 x 11,5 x 10,5 cm, paquete de 25<\/h3>\n<p><!--more--><\/p>\n<p class=\"ai-optimize-28 ai-optimize-introduction\" data-start=\"0\" data-end=\"330\">Realce sus postres con la <strong>caja para troncos \u00abGourmandise<\/strong>\u00ab, especialmente dise\u00f1ada para exhibir sus creaciones de reposter\u00eda al tiempo que les proporciona una protecci\u00f3n \u00f3ptima. Con unas dimensiones <strong>de 50 x 11,5 x 10,5 cm<\/strong>, es ideal para troncos de <strong>Navidad<\/strong>, entremeses y otros postres largos. Fabricada en <strong>cart\u00f3n<\/strong>, esta <strong>caja de Navidad<\/strong> garantiza una excelente solidez y resistencia durante el transporte. Su dise\u00f1o refinado y colorido aporta un toque alegre, perfecto para la reposter\u00eda artesanal y los escaparates. La <strong>tapa abatible con solapa<\/strong> ofrece un cierre seguro y una forma ordenada de exponer el producto.    <\/p>\n<p class=\"ai-optimize-29\" data-start=\"678\" data-end=\"860\">Dise\u00f1ada para panaderos, pasteleros, restauradores y aficionados particulares, esta <strong>caja de troncos<\/strong> combina practicidad y est\u00e9tica para garantizar un efecto \u00ab\u00a1guau!\u00bb cada vez que la coma.<\/p>\n<p>&nbsp;<\/p>\n<p><!--more--><\/p>\n<p class=\"ai-optimize-30\">Satisfecho con su calidad, \u00a1no querr\u00e1s prescindir de ellos!<\/p>\n<p>&nbsp;<\/p>\n<p><!--more--><\/p>\n<p class=\"ai-optimize-31\"><strong>Sus ventajas:<\/strong><\/p>\n<ul>\n<li class=\"ai-optimize-32\" data-start=\"880\" data-end=\"947\"><strong data-start=\"882\" data-end=\"898\">Formato ideal<\/strong>: Dimensiones adecuadas para troncos y postres.<\/li>\n<li class=\"ai-optimize-33\" data-start=\"948\" data-end=\"1019\"><strong data-start=\"950\" data-end=\"964\">Robustez<\/strong>: Cart\u00f3n s\u00f3lido para un transporte seguro.<\/li>\n<li class=\"ai-optimize-34\" data-start=\"1020\" data-end=\"1085\"><strong data-start=\"1022\" data-end=\"1040\">Dise\u00f1o elegante<\/strong>: Un aspecto limpio y profesional.<\/li>\n<li class=\"ai-optimize-35\" data-start=\"1086\" data-end=\"1152\"><strong data-start=\"1088\" data-end=\"1114\">F\u00e1cil de usar<\/strong>: apertura y cierre pr\u00e1cticos.<\/li>\n<li class=\"ai-optimize-36\" data-start=\"1153\" data-end=\"1225\"><strong data-start=\"1155\" data-end=\"1175\">Uso vers\u00e1til<\/strong>: Esta caja de troncos es adecuada tanto para comerciantes como para particulares.<\/li>\n<\/ul>\n<p>&nbsp;<\/p>\n<p><!--more--><\/p>\n<h4 class=\"ai-optimize-37\">Informaci\u00f3n adicional :<\/h4>\n<ul>\n<li class=\"ai-optimize-38\"><strong>Envase<\/strong>: Paquete de 25<\/li>\n<li class=\"ai-optimize-39\"><strong>Dimensiones<\/strong>: 50 x 11,5 x 10,5 cm<\/li>\n<li class=\"ai-optimize-40\"><strong>Material<\/strong>: Cart\u00f3n<\/li>\n<li class=\"ai-optimize-41\"><strong>Color<\/strong>: Blanco \/ Amarillo \/ Verde \/ Rojo<\/li>\n<\/ul>\n<p>&nbsp;<\/p>\n<p><!--more--><\/p>\n<p class=\"ai-optimize-42\">Este producto tambi\u00e9n est\u00e1 disponible en otro tama\u00f1o: <span style=\"color: #d12727;\"><a style=\"color: #d12727;\" href=\"https:\/\/www.csj-emballages.com\/es\/produit\/25-cajas-de-troncos-gourmandise-20-x-115-x-105-cm\/\">20 x 11,5 x 10,5 cm<\/a> <span style=\"color: #000000;\">\/<\/span> <a style=\"color: #d12727;\" href=\"https:\/\/www.csj-emballages.com\/es\/produit\/caja-de-troncos-gourmandise-35-x-115-x-105-cm-paquete-de-25\/\">35 x 11,5 x 10,5 cm<\/a> <\/span> <\/p>\n<p>&nbsp;<\/p>\n<p><!--more--><\/p>\n<p class=\"ai-optimize-43\"><a href=\"https:\/\/www.csj-emballages.com\/es\/categorie-produit\/envasado-de-alimentos\/panaderia-y-pasteleria\/cajas-y-estuches\/cajas-de-troncos\/cajas-de-troncos-gourmet\/\">Ver el resto de nuestra gama de cajas de troncos \u00abGourmandise<\/a><\/p>\n","protected":false},"excerpt":{"rendered":"<p>Caja de registro Descripci\u00f3n de nuestra caja de troncos \u00abGourmandise\u00bb 50 x 11,5 x 10,5 cm, paquete de 25<\/p>\n","protected":false},"featured_media":227909,"template":"","meta":{"_acf_changed":false},"product_brand":[],"product_cat":[1150,1145,3868,2085,2089,1270],"product_tag":[],"class_list":{"0":"post-229464","1":"product","2":"type-product","3":"status-publish","4":"has-post-thumbnail","6":"product_cat-envasado-de-alimentos","7":"product_cat-panaderia-y-pasteleria","8":"product_cat-cajas-y-estuches","9":"product_cat-cajas-de-troncos","10":"product_cat-cajas-de-troncos-gourmet","11":"product_cat-descuentos","13":"first","14":"instock","15":"sale","16":"taxable","17":"shipping-taxable","18":"purchasable","19":"product-type-simple"},"acf":[],"yoast_head":"<!-- This site is optimized with the Yoast SEO Premium plugin v26.6 (Yoast SEO v26.6) - https:\/\/yoast.com\/wordpress\/plugins\/seo\/ -->\n<title>Caja de troncos &quot;Gourmandise&quot; 50 x 11,5 x 10,5 cm, paquete de 25<\/title>\n<meta name=\"description\" content=\"Caja de troncos &quot;Gourmandise&quot; 50 x 11,5 x 10,5 cm x 25 - Ideal para transportar y exponer sus postres festivos con elegancia y seguridad.\" \/>\n<meta name=\"robots\" content=\"index, follow, max-snippet:-1, max-image-preview:large, max-video-preview:-1\" \/>\n<link rel=\"canonical\" href=\"https:\/\/www.csj-emballages.com\/es\/produit\/caja-de-troncos-gourmandise-50-x-115-x-105-cm-paquete-de-25\/\" \/>\n<meta property=\"og:locale\" content=\"es_ES\" \/>\n<meta property=\"og:type\" content=\"article\" \/>\n<meta property=\"og:title\" content=\"Caja de troncos &quot;Gourmandise&quot; 50 x 11,5 x 10,5 cm, paquete de 25\" \/>\n<meta property=\"og:description\" content=\"Caja de troncos &quot;Gourmandise&quot; 50 x 11,5 x 10,5 cm x 25 - Ideal para transportar y exponer sus postres festivos con elegancia y seguridad.\" \/>\n<meta property=\"og:url\" content=\"https:\/\/www.csj-emballages.com\/es\/produit\/caja-de-troncos-gourmandise-50-x-115-x-105-cm-paquete-de-25\/\" \/>\n<meta property=\"og:site_name\" content=\"CSJ Emballages\" \/>\n<meta property=\"article:publisher\" content=\"https:\/\/www.facebook.com\/csjemballages\" \/>\n<meta property=\"article:modified_time\" content=\"2026-03-12T15:11:16+00:00\" \/>\n<meta property=\"og:image\" content=\"https:\/\/www.csj-emballages.com\/wp-content\/uploads\/2025\/03\/BBGOUR35.webp\" \/>\n\t<meta property=\"og:image:width\" content=\"801\" \/>\n\t<meta property=\"og:image:height\" content=\"800\" \/>\n\t<meta property=\"og:image:type\" content=\"image\/webp\" \/>\n<meta name=\"twitter:card\" content=\"summary_large_image\" \/>\n<meta name=\"twitter:label1\" content=\"Tiempo de lectura\" \/>\n\t<meta name=\"twitter:data1\" content=\"1 minuto\" \/>\n<script type=\"application\/ld+json\" class=\"yoast-schema-graph\">{\"@context\":\"https:\/\/schema.org\",\"@graph\":[{\"@type\":\"WebPage\",\"@id\":\"https:\/\/www.csj-emballages.com\/es\/produit\/caja-de-troncos-gourmandise-50-x-115-x-105-cm-paquete-de-25\/\",\"url\":\"https:\/\/www.csj-emballages.com\/es\/produit\/caja-de-troncos-gourmandise-50-x-115-x-105-cm-paquete-de-25\/\",\"name\":\"Caja de troncos \\\"Gourmandise\\\" 50 x 11,5 x 10,5 cm, paquete de 25\",\"isPartOf\":{\"@id\":\"https:\/\/www.csj-emballages.com\/es\/#website\"},\"primaryImageOfPage\":{\"@id\":\"https:\/\/www.csj-emballages.com\/es\/produit\/caja-de-troncos-gourmandise-50-x-115-x-105-cm-paquete-de-25\/#primaryimage\"},\"image\":{\"@id\":\"https:\/\/www.csj-emballages.com\/es\/produit\/caja-de-troncos-gourmandise-50-x-115-x-105-cm-paquete-de-25\/#primaryimage\"},\"thumbnailUrl\":\"https:\/\/www.csj-emballages.com\/wp-content\/uploads\/2025\/03\/BBGOUR35.webp\",\"datePublished\":\"2025-03-26T15:49:20+00:00\",\"dateModified\":\"2026-03-12T15:11:16+00:00\",\"description\":\"Caja de troncos \\\"Gourmandise\\\" 50 x 11,5 x 10,5 cm x 25 - Ideal para transportar y exponer sus postres festivos con elegancia y seguridad.\",\"breadcrumb\":{\"@id\":\"https:\/\/www.csj-emballages.com\/es\/produit\/caja-de-troncos-gourmandise-50-x-115-x-105-cm-paquete-de-25\/#breadcrumb\"},\"inLanguage\":\"es\",\"potentialAction\":[{\"@type\":\"ReadAction\",\"target\":[\"https:\/\/www.csj-emballages.com\/es\/produit\/caja-de-troncos-gourmandise-50-x-115-x-105-cm-paquete-de-25\/\"]}]},{\"@type\":\"ImageObject\",\"inLanguage\":\"es\",\"@id\":\"https:\/\/www.csj-emballages.com\/es\/produit\/caja-de-troncos-gourmandise-50-x-115-x-105-cm-paquete-de-25\/#primaryimage\",\"url\":\"https:\/\/www.csj-emballages.com\/wp-content\/uploads\/2025\/03\/BBGOUR35.webp\",\"contentUrl\":\"https:\/\/www.csj-emballages.com\/wp-content\/uploads\/2025\/03\/BBGOUR35.webp\",\"width\":801,\"height\":800,\"caption\":\"boite \u00e0 buche\"},{\"@type\":\"BreadcrumbList\",\"@id\":\"https:\/\/www.csj-emballages.com\/es\/produit\/caja-de-troncos-gourmandise-50-x-115-x-105-cm-paquete-de-25\/#breadcrumb\",\"itemListElement\":[{\"@type\":\"ListItem\",\"position\":1,\"name\":\"Accueil\",\"item\":\"https:\/\/www.csj-emballages.com\/es\/universo-del-envasado-alimentario\/\"},{\"@type\":\"ListItem\",\"position\":2,\"name\":\"Tienda\",\"item\":\"https:\/\/www.csj-emballages.com\/tienda\/\"},{\"@type\":\"ListItem\",\"position\":3,\"name\":\"Caja de troncos \u00ab\u00a0Gourmandise\u00a0\u00bb 50 x 11,5 x 10,5 cm, paquete de 25\"}]},{\"@type\":\"WebSite\",\"@id\":\"https:\/\/www.csj-emballages.com\/es\/#website\",\"url\":\"https:\/\/www.csj-emballages.com\/es\/\",\"name\":\"CSJ Emballages\",\"description\":\"\",\"publisher\":{\"@id\":\"https:\/\/www.csj-emballages.com\/es\/#organization\"},\"potentialAction\":[{\"@type\":\"SearchAction\",\"target\":{\"@type\":\"EntryPoint\",\"urlTemplate\":\"https:\/\/www.csj-emballages.com\/es\/?s={search_term_string}\"},\"query-input\":{\"@type\":\"PropertyValueSpecification\",\"valueRequired\":true,\"valueName\":\"search_term_string\"}}],\"inLanguage\":\"es\"},{\"@type\":\"Organization\",\"@id\":\"https:\/\/www.csj-emballages.com\/es\/#Organization\/\",\"name\":\"CSJ Emballages\",\"url\":\"https:\/\/www.csj-emballages.com\/es\/\",\"logo\":{\"@type\":\"ImageObject\",\"inLanguage\":\"es\",\"@id\":\"https:\/\/www.csj-emballages.com\/es\/#\/schema\/logo\/image\/\",\"url\":\"https:\/\/www.csj-emballages.com\/wp-content\/uploads\/2023\/10\/logo_csj.webp\",\"contentUrl\":\"https:\/\/www.csj-emballages.com\/wp-content\/uploads\/2023\/10\/logo_csj.webp\",\"width\":250,\"height\":95,\"caption\":\"CSJ Emballages\"},\"image\":{\"@id\":\"https:\/\/www.csj-emballages.com\/es\/#\/schema\/logo\/image\/\"},\"sameAs\":[\"https:\/\/www.facebook.com\/csjemballages\"],\"address\":{\"@type\":\"PostalAddress\",\"streetAddress\":\"ZI La Lechere\",\"addressLocality\":\"Patornay\",\"postalCode\":\"39130\",\"addressCountry\":\"FR\"},\"contactPoint\":[{\"@type\":\"ContactPoint\",\"contactType\":\"Service client\",\"telephone\":\"0384254272\",\"email\":\"contact@csj-emballages.com\"}]}]}<\/script>\n<!-- \/ Yoast SEO Premium plugin. -->","yoast_head_json":{"title":"Caja de troncos \"Gourmandise\" 50 x 11,5 x 10,5 cm, paquete de 25","description":"Caja de troncos \"Gourmandise\" 50 x 11,5 x 10,5 cm x 25 - Ideal para transportar y exponer sus postres festivos con elegancia y seguridad.","robots":{"index":"index","follow":"follow","max-snippet":"max-snippet:-1","max-image-preview":"max-image-preview:large","max-video-preview":"max-video-preview:-1"},"canonical":"https:\/\/www.csj-emballages.com\/es\/produit\/caja-de-troncos-gourmandise-50-x-115-x-105-cm-paquete-de-25\/","og_locale":"es_ES","og_type":"article","og_title":"Caja de troncos \"Gourmandise\" 50 x 11,5 x 10,5 cm, paquete de 25","og_description":"Caja de troncos \"Gourmandise\" 50 x 11,5 x 10,5 cm x 25 - Ideal para transportar y exponer sus postres festivos con elegancia y seguridad.","og_url":"https:\/\/www.csj-emballages.com\/es\/produit\/caja-de-troncos-gourmandise-50-x-115-x-105-cm-paquete-de-25\/","og_site_name":"CSJ Emballages","article_publisher":"https:\/\/www.facebook.com\/csjemballages","article_modified_time":"2026-03-12T15:11:16+00:00","og_image":[{"width":801,"height":800,"url":"https:\/\/www.csj-emballages.com\/wp-content\/uploads\/2025\/03\/BBGOUR35.webp","type":"image\/webp"}],"twitter_card":"summary_large_image","twitter_misc":{"Tiempo de lectura":"1 minuto"},"schema":{"@context":"https:\/\/schema.org","@graph":[{"@type":"WebPage","@id":"https:\/\/www.csj-emballages.com\/es\/produit\/caja-de-troncos-gourmandise-50-x-115-x-105-cm-paquete-de-25\/","url":"https:\/\/www.csj-emballages.com\/es\/produit\/caja-de-troncos-gourmandise-50-x-115-x-105-cm-paquete-de-25\/","name":"Caja de troncos \"Gourmandise\" 50 x 11,5 x 10,5 cm, paquete de 25","isPartOf":{"@id":"https:\/\/www.csj-emballages.com\/es\/#website"},"primaryImageOfPage":{"@id":"https:\/\/www.csj-emballages.com\/es\/produit\/caja-de-troncos-gourmandise-50-x-115-x-105-cm-paquete-de-25\/#primaryimage"},"image":{"@id":"https:\/\/www.csj-emballages.com\/es\/produit\/caja-de-troncos-gourmandise-50-x-115-x-105-cm-paquete-de-25\/#primaryimage"},"thumbnailUrl":"https:\/\/www.csj-emballages.com\/wp-content\/uploads\/2025\/03\/BBGOUR35.webp","datePublished":"2025-03-26T15:49:20+00:00","dateModified":"2026-03-12T15:11:16+00:00","description":"Caja de troncos \"Gourmandise\" 50 x 11,5 x 10,5 cm x 25 - Ideal para transportar y exponer sus postres festivos con elegancia y seguridad.","breadcrumb":{"@id":"https:\/\/www.csj-emballages.com\/es\/produit\/caja-de-troncos-gourmandise-50-x-115-x-105-cm-paquete-de-25\/#breadcrumb"},"inLanguage":"es","potentialAction":[{"@type":"ReadAction","target":["https:\/\/www.csj-emballages.com\/es\/produit\/caja-de-troncos-gourmandise-50-x-115-x-105-cm-paquete-de-25\/"]}]},{"@type":"ImageObject","inLanguage":"es","@id":"https:\/\/www.csj-emballages.com\/es\/produit\/caja-de-troncos-gourmandise-50-x-115-x-105-cm-paquete-de-25\/#primaryimage","url":"https:\/\/www.csj-emballages.com\/wp-content\/uploads\/2025\/03\/BBGOUR35.webp","contentUrl":"https:\/\/www.csj-emballages.com\/wp-content\/uploads\/2025\/03\/BBGOUR35.webp","width":801,"height":800,"caption":"boite \u00e0 buche"},{"@type":"BreadcrumbList","@id":"https:\/\/www.csj-emballages.com\/es\/produit\/caja-de-troncos-gourmandise-50-x-115-x-105-cm-paquete-de-25\/#breadcrumb","itemListElement":[{"@type":"ListItem","position":1,"name":"Accueil","item":"https:\/\/www.csj-emballages.com\/es\/universo-del-envasado-alimentario\/"},{"@type":"ListItem","position":2,"name":"Tienda","item":"https:\/\/www.csj-emballages.com\/tienda\/"},{"@type":"ListItem","position":3,"name":"Caja de troncos \u00ab\u00a0Gourmandise\u00a0\u00bb 50 x 11,5 x 10,5 cm, paquete de 25"}]},{"@type":"WebSite","@id":"https:\/\/www.csj-emballages.com\/es\/#website","url":"https:\/\/www.csj-emballages.com\/es\/","name":"CSJ Emballages","description":"","publisher":{"@id":"https:\/\/www.csj-emballages.com\/es\/#organization"},"potentialAction":[{"@type":"SearchAction","target":{"@type":"EntryPoint","urlTemplate":"https:\/\/www.csj-emballages.com\/es\/?s={search_term_string}"},"query-input":{"@type":"PropertyValueSpecification","valueRequired":true,"valueName":"search_term_string"}}],"inLanguage":"es"},{"@type":"Organization","@id":"https:\/\/www.csj-emballages.com\/es\/#Organization\/","name":"CSJ Emballages","url":"https:\/\/www.csj-emballages.com\/es\/","logo":{"@type":"ImageObject","inLanguage":"es","@id":"https:\/\/www.csj-emballages.com\/es\/#\/schema\/logo\/image\/","url":"https:\/\/www.csj-emballages.com\/wp-content\/uploads\/2023\/10\/logo_csj.webp","contentUrl":"https:\/\/www.csj-emballages.com\/wp-content\/uploads\/2023\/10\/logo_csj.webp","width":250,"height":95,"caption":"CSJ Emballages"},"image":{"@id":"https:\/\/www.csj-emballages.com\/es\/#\/schema\/logo\/image\/"},"sameAs":["https:\/\/www.facebook.com\/csjemballages"],"address":{"@type":"PostalAddress","streetAddress":"ZI La Lechere","addressLocality":"Patornay","postalCode":"39130","addressCountry":"FR"},"contactPoint":[{"@type":"ContactPoint","contactType":"Service client","telephone":"0384254272","email":"contact@csj-emballages.com"}]}]}},"df_price":11.42,"df_sale_price":11.42,"df_regular_price":12.68,"df_image_link":"https:\/\/www.csj-emballages.com\/wp-content\/uploads\/2025\/03\/BBGOUR35-300x300.webp","tiered_pricing_type":"fixed","tiered_pricing_fixed_rules":[],"tiered_pricing_percentage_rules":[],"tiered_pricing_minimum":1,"tiered_pricing_roles_data":[],"_links":{"self":[{"href":"https:\/\/www.csj-emballages.com\/es\/wp-json\/wp\/v2\/product\/229464","targetHints":{"allow":["GET"]}}],"collection":[{"href":"https:\/\/www.csj-emballages.com\/es\/wp-json\/wp\/v2\/product"}],"about":[{"href":"https:\/\/www.csj-emballages.com\/es\/wp-json\/wp\/v2\/types\/product"}],"wp:featuredmedia":[{"embeddable":true,"href":"https:\/\/www.csj-emballages.com\/es\/wp-json\/wp\/v2\/media\/227909"}],"wp:attachment":[{"href":"https:\/\/www.csj-emballages.com\/es\/wp-json\/wp\/v2\/media?parent=229464"}],"wp:term":[{"taxonomy":"product_brand","embeddable":true,"href":"https:\/\/www.csj-emballages.com\/es\/wp-json\/wp\/v2\/product_brand?post=229464"},{"taxonomy":"product_cat","embeddable":true,"href":"https:\/\/www.csj-emballages.com\/es\/wp-json\/wp\/v2\/product_cat?post=229464"},{"taxonomy":"product_tag","embeddable":true,"href":"https:\/\/www.csj-emballages.com\/es\/wp-json\/wp\/v2\/product_tag?post=229464"}],"curies":[{"name":"wp","href":"https:\/\/api.w.org\/{rel}","templated":true}]}}