{"id":22941,"date":"2024-03-01T16:50:16","date_gmt":"2024-03-01T15:50:16","guid":{"rendered":"https:\/\/u15jnbdpoq.preview.infomaniak.website\/produit\/rollo-de-rodoide-45-mm-x-200-m\/"},"modified":"2026-04-17T02:15:49","modified_gmt":"2026-04-17T00:15:49","slug":"rollo-de-rodoide-45-mm-x-200-m","status":"publish","type":"product","link":"https:\/\/www.csj-emballages.com\/es\/produit\/rollo-de-rodoide-45-mm-x-200-m\/","title":{"rendered":"Rollo de rodoide 45 mm x 200 m"},"content":{"rendered":"<h2>Rollo rodoide<\/h2>\n<hr>\n<h3>Descripci\u00f3n de nuestro rollo de rodoide de 45 mm x 200 m<\/h3>\n<p><!--more--><\/p>\n<p data-start=\"0\" data-end=\"522\">Descubra nuestro <strong data-start=\"46\" data-end=\"79\">rollo de 45 mm x 200 m de rodo\u00efd<\/strong>, el aliado indispensable tanto de los pasteleros profesionales como de los aficionados a los postres caseros. Gracias a su <g id=\"gid_1\">transparencia cristalina<\/g> y a su notable <g id=\"gid_2\">flexibilidad<\/g>, esta <g id=\"gid_3\">cinta de rodo\u00efd<\/g> <g id=\"gid_4\">alimentario<\/g> <g id=\"gid_5\">de 60 micras de<\/g> espesor se adapta perfectamente a las creaciones m\u00e1s delicadas. Tanto si prepara un entremets afrutado como un bavarois cremoso o una charlotte refinada, le garantiza <strong data-start=\"468\" data-end=\"485\">un desmolde limpio<\/strong>.  <\/p>\n<p data-start=\"524\" data-end=\"973\">Su <strong data-start=\"537\" data-end=\"565\">generoso formato de 200 m<\/strong> le permite trabajar en una amplia gama de proyectos sin preocuparse de que se rompa durante el montaje. Su <strong data-start=\"667\" data-end=\"687\">anchura de 45 mm<\/strong> es ideal para postres en capas o tartas de tama\u00f1o medio, ya que proporciona una sujeci\u00f3n firme al tiempo que preserva la delicadeza de sus decoraciones. Este <strong>rollo de rodo\u00efd<\/strong>, que se vende <strong data-start=\"841\" data-end=\"854\">por unidades<\/strong>, es f\u00e1cil de guardar y desenrollar, lo que facilita la organizaci\u00f3n de su taller o cocina.  <\/p>\n<p data-start=\"975\" data-end=\"1266\">Adem\u00e1s, su <strong data-start=\"988\" data-end=\"1027\">resistencia a la humedad y al fr\u00edo<\/strong> la hacen perfecta para preparaciones refrigeradas o congeladas. Es f\u00e1cil de cortar a la longitud deseada, lo que le da <strong data-start=\"1222\" data-end=\"1244\">total flexibilidad<\/strong> en sus creaciones. <\/p>\n<p data-start=\"1268\" data-end=\"1704\">Adopte el <strong data-start=\"1279\" data-end=\"1298\">rodillo<\/strong> rhodo\u00efd para dar a sus pasteles un aspecto profesional, proteger sus preparaciones y simplificar cada etapa del montaje. Tanto si es un pastelero artesano como un aficionado exigente, este rodillo <g id=\"gid_1\">rhodo\u00efd<\/g> le ahorrar\u00e1 tiempo a la vez que har\u00e1 que sus postres sean sublimes. Con \u00e9l, sus entremeses y mousses revelar\u00e1n por fin todo su potencial visual y gustativo, para unas presentaciones que impresionar\u00e1n a sus invitados o clientes.  <\/p>\n<p data-start=\"1268\" data-end=\"1704\"><!--more--><\/p>\n<h4 data-start=\"1268\" data-end=\"1704\">Ventajas :<\/h4>\n<ul>\n<li><strong data-start=\"1922\" data-end=\"1938\">Transparencia<\/strong> para una presentaci\u00f3n elegante.<\/li>\n<li><strong data-start=\"1975\" data-end=\"2003\">200 m de largo<\/strong>, econ\u00f3mico y pr\u00e1ctico.<\/li>\n<li><strong data-start=\"2033\" data-end=\"2057\">60 micras de grosor<\/strong>, s\u00f3lido y fiable.<\/li>\n<li><strong data-start=\"2081\" data-end=\"2099\">F\u00e1cil de cortar<\/strong> para todos los tama\u00f1os de tarta.<\/li>\n<li>Resistente al fr\u00edo y a la humedad.<\/li>\n<\/ul>\n<p>&nbsp;<\/p>\n<p><!--more--><\/p>\n<h4>Informaci\u00f3n adicional :<\/h4>\n<ul>\n<li><strong>Embalaje<\/strong>: Por unidad<\/li>\n<li><strong>Dimensiones<\/strong>: 45 mm x 200 m<\/li>\n<\/ul>\n<p>&nbsp;<\/p>\n<p><!--more--><\/p>\n<p>Este rollo de rodoide est\u00e1 disponible en diferentes tama\u00f1os: <span style=\"color: #d12727;\"><a style=\"color: #d12727;\" href=\"https:\/\/www.csj-emballages.com\/es\/produit\/rollo-de-rodoide-35-mm-x-200-m\/\">35 mm x 200 m<\/a> <\/span>\/ <span style=\"color: #d12727;\"><a style=\"color: #d12727;\" href=\"https:\/\/www.csj-emballages.com\/es\/produit\/rollo-de-rodoide-40-mm-x-200-m\/\">40 mm x 200 m<\/a><\/span><\/p>\n<p>&nbsp;<\/p>\n<p><!--more--><\/p>\n<p><a href=\"https:\/\/www.csj-emballages.com\/es\/categorie-produit\/envasado-de-alimentos\/panaderia-y-pasteleria\/accesorios-y-equipamiento\/cinta-de-hojaldre\/\">Ver el resto de nuestra gama de rodoides<\/a><\/p>\n","protected":false},"excerpt":{"rendered":"<p>Rollo rodoide Descripci\u00f3n de nuestro rollo de rodoide de 45 mm x 200 m<\/p>\n","protected":false},"featured_media":244812,"template":"","meta":{"_acf_changed":false},"product_brand":[],"product_cat":[1145,3259],"product_tag":[],"class_list":{"0":"post-22941","1":"product","2":"type-product","3":"status-publish","4":"has-post-thumbnail","6":"product_cat-panaderia-y-pasteleria","7":"product_cat-cinta-de-hojaldre","9":"first","10":"instock","11":"taxable","12":"shipping-taxable","13":"purchasable","14":"product-type-simple"},"acf":[],"yoast_head":"<!-- This site is optimized with the Yoast SEO Premium plugin v26.6 (Yoast SEO v26.6) - https:\/\/yoast.com\/wordpress\/plugins\/seo\/ -->\n<title>45 mm x 200 m Rollo de rodoide<\/title>\n<meta name=\"description\" content=\"Rollo Rhodo\u00efd 45 mm x 200 m, 60 micras: ideal para entremets y pasteles. Desmoldeo perfecto, transparencia y fijaci\u00f3n profesional.\" \/>\n<meta name=\"robots\" content=\"index, follow, max-snippet:-1, max-image-preview:large, max-video-preview:-1\" \/>\n<link rel=\"canonical\" href=\"https:\/\/www.csj-emballages.com\/es\/produit\/rollo-de-rodoide-45-mm-x-200-m\/\" \/>\n<meta property=\"og:locale\" content=\"es_ES\" \/>\n<meta property=\"og:type\" content=\"article\" \/>\n<meta property=\"og:title\" content=\"Rollo de rodoide 45 mm x 200 m\" \/>\n<meta property=\"og:description\" content=\"Rollo Rhodo\u00efd 45 mm x 200 m, 60 micras: ideal para entremets y pasteles. Desmoldeo perfecto, transparencia y fijaci\u00f3n profesional.\" \/>\n<meta property=\"og:url\" content=\"https:\/\/www.csj-emballages.com\/es\/produit\/rollo-de-rodoide-45-mm-x-200-m\/\" \/>\n<meta property=\"og:site_name\" content=\"CSJ Emballages\" \/>\n<meta property=\"article:publisher\" content=\"https:\/\/www.facebook.com\/csjemballages\" \/>\n<meta property=\"article:modified_time\" content=\"2026-04-17T00:15:49+00:00\" \/>\n<meta property=\"og:image\" content=\"https:\/\/www.csj-emballages.com\/wp-content\/uploads\/2024\/03\/RHODOID.webp\" \/>\n\t<meta property=\"og:image:width\" content=\"800\" \/>\n\t<meta property=\"og:image:height\" content=\"800\" \/>\n\t<meta property=\"og:image:type\" content=\"image\/webp\" \/>\n<meta name=\"twitter:card\" content=\"summary_large_image\" \/>\n<meta name=\"twitter:label1\" content=\"Tiempo de lectura\" \/>\n\t<meta name=\"twitter:data1\" content=\"2 minutos\" \/>\n<script type=\"application\/ld+json\" class=\"yoast-schema-graph\">{\"@context\":\"https:\/\/schema.org\",\"@graph\":[{\"@type\":\"WebPage\",\"@id\":\"https:\/\/www.csj-emballages.com\/es\/produit\/rollo-de-rodoide-45-mm-x-200-m\/\",\"url\":\"https:\/\/www.csj-emballages.com\/es\/produit\/rollo-de-rodoide-45-mm-x-200-m\/\",\"name\":\"45 mm x 200 m Rollo de rodoide\",\"isPartOf\":{\"@id\":\"https:\/\/www.csj-emballages.com\/es\/#website\"},\"primaryImageOfPage\":{\"@id\":\"https:\/\/www.csj-emballages.com\/es\/produit\/rollo-de-rodoide-45-mm-x-200-m\/#primaryimage\"},\"image\":{\"@id\":\"https:\/\/www.csj-emballages.com\/es\/produit\/rollo-de-rodoide-45-mm-x-200-m\/#primaryimage\"},\"thumbnailUrl\":\"https:\/\/www.csj-emballages.com\/wp-content\/uploads\/2024\/03\/RHODOID.webp\",\"datePublished\":\"2024-03-01T15:50:16+00:00\",\"dateModified\":\"2026-04-17T00:15:49+00:00\",\"description\":\"Rollo Rhodo\u00efd 45 mm x 200 m, 60 micras: ideal para entremets y pasteles. Desmoldeo perfecto, transparencia y fijaci\u00f3n profesional.\",\"breadcrumb\":{\"@id\":\"https:\/\/www.csj-emballages.com\/es\/produit\/rollo-de-rodoide-45-mm-x-200-m\/#breadcrumb\"},\"inLanguage\":\"es\",\"potentialAction\":[{\"@type\":\"ReadAction\",\"target\":[\"https:\/\/www.csj-emballages.com\/es\/produit\/rollo-de-rodoide-45-mm-x-200-m\/\"]}]},{\"@type\":\"ImageObject\",\"inLanguage\":\"es\",\"@id\":\"https:\/\/www.csj-emballages.com\/es\/produit\/rollo-de-rodoide-45-mm-x-200-m\/#primaryimage\",\"url\":\"https:\/\/www.csj-emballages.com\/wp-content\/uploads\/2024\/03\/RHODOID.webp\",\"contentUrl\":\"https:\/\/www.csj-emballages.com\/wp-content\/uploads\/2024\/03\/RHODOID.webp\",\"width\":800,\"height\":800,\"caption\":\"Chi Mai\"},{\"@type\":\"BreadcrumbList\",\"@id\":\"https:\/\/www.csj-emballages.com\/es\/produit\/rollo-de-rodoide-45-mm-x-200-m\/#breadcrumb\",\"itemListElement\":[{\"@type\":\"ListItem\",\"position\":1,\"name\":\"Accueil\",\"item\":\"https:\/\/www.csj-emballages.com\/es\/universo-del-envasado-alimentario\/\"},{\"@type\":\"ListItem\",\"position\":2,\"name\":\"Tienda\",\"item\":\"https:\/\/www.csj-emballages.com\/tienda\/\"},{\"@type\":\"ListItem\",\"position\":3,\"name\":\"Rollo de rodoide 45 mm x 200 m\"}]},{\"@type\":\"WebSite\",\"@id\":\"https:\/\/www.csj-emballages.com\/es\/#website\",\"url\":\"https:\/\/www.csj-emballages.com\/es\/\",\"name\":\"CSJ Emballages\",\"description\":\"\",\"publisher\":{\"@id\":\"https:\/\/www.csj-emballages.com\/es\/#organization\"},\"potentialAction\":[{\"@type\":\"SearchAction\",\"target\":{\"@type\":\"EntryPoint\",\"urlTemplate\":\"https:\/\/www.csj-emballages.com\/es\/?s={search_term_string}\"},\"query-input\":{\"@type\":\"PropertyValueSpecification\",\"valueRequired\":true,\"valueName\":\"search_term_string\"}}],\"inLanguage\":\"es\"},{\"@type\":\"Organization\",\"@id\":\"https:\/\/www.csj-emballages.com\/es\/#Organization\/\",\"name\":\"CSJ Emballages\",\"url\":\"https:\/\/www.csj-emballages.com\/es\/\",\"logo\":{\"@type\":\"ImageObject\",\"inLanguage\":\"es\",\"@id\":\"https:\/\/www.csj-emballages.com\/es\/#\/schema\/logo\/image\/\",\"url\":\"https:\/\/www.csj-emballages.com\/wp-content\/uploads\/2023\/10\/logo_csj.webp\",\"contentUrl\":\"https:\/\/www.csj-emballages.com\/wp-content\/uploads\/2023\/10\/logo_csj.webp\",\"width\":250,\"height\":95,\"caption\":\"CSJ Emballages\"},\"image\":{\"@id\":\"https:\/\/www.csj-emballages.com\/es\/#\/schema\/logo\/image\/\"},\"sameAs\":[\"https:\/\/www.facebook.com\/csjemballages\"],\"address\":{\"@type\":\"PostalAddress\",\"streetAddress\":\"ZI La Lechere\",\"addressLocality\":\"Patornay\",\"postalCode\":\"39130\",\"addressCountry\":\"FR\"},\"contactPoint\":[{\"@type\":\"ContactPoint\",\"contactType\":\"Service client\",\"telephone\":\"0384254272\",\"email\":\"contact@csj-emballages.com\"}]}]}<\/script>\n<!-- \/ Yoast SEO Premium plugin. -->","yoast_head_json":{"title":"45 mm x 200 m Rollo de rodoide","description":"Rollo Rhodo\u00efd 45 mm x 200 m, 60 micras: ideal para entremets y pasteles. Desmoldeo perfecto, transparencia y fijaci\u00f3n profesional.","robots":{"index":"index","follow":"follow","max-snippet":"max-snippet:-1","max-image-preview":"max-image-preview:large","max-video-preview":"max-video-preview:-1"},"canonical":"https:\/\/www.csj-emballages.com\/es\/produit\/rollo-de-rodoide-45-mm-x-200-m\/","og_locale":"es_ES","og_type":"article","og_title":"Rollo de rodoide 45 mm x 200 m","og_description":"Rollo Rhodo\u00efd 45 mm x 200 m, 60 micras: ideal para entremets y pasteles. Desmoldeo perfecto, transparencia y fijaci\u00f3n profesional.","og_url":"https:\/\/www.csj-emballages.com\/es\/produit\/rollo-de-rodoide-45-mm-x-200-m\/","og_site_name":"CSJ Emballages","article_publisher":"https:\/\/www.facebook.com\/csjemballages","article_modified_time":"2026-04-17T00:15:49+00:00","og_image":[{"width":800,"height":800,"url":"https:\/\/www.csj-emballages.com\/wp-content\/uploads\/2024\/03\/RHODOID.webp","type":"image\/webp"}],"twitter_card":"summary_large_image","twitter_misc":{"Tiempo de lectura":"2 minutos"},"schema":{"@context":"https:\/\/schema.org","@graph":[{"@type":"WebPage","@id":"https:\/\/www.csj-emballages.com\/es\/produit\/rollo-de-rodoide-45-mm-x-200-m\/","url":"https:\/\/www.csj-emballages.com\/es\/produit\/rollo-de-rodoide-45-mm-x-200-m\/","name":"45 mm x 200 m Rollo de rodoide","isPartOf":{"@id":"https:\/\/www.csj-emballages.com\/es\/#website"},"primaryImageOfPage":{"@id":"https:\/\/www.csj-emballages.com\/es\/produit\/rollo-de-rodoide-45-mm-x-200-m\/#primaryimage"},"image":{"@id":"https:\/\/www.csj-emballages.com\/es\/produit\/rollo-de-rodoide-45-mm-x-200-m\/#primaryimage"},"thumbnailUrl":"https:\/\/www.csj-emballages.com\/wp-content\/uploads\/2024\/03\/RHODOID.webp","datePublished":"2024-03-01T15:50:16+00:00","dateModified":"2026-04-17T00:15:49+00:00","description":"Rollo Rhodo\u00efd 45 mm x 200 m, 60 micras: ideal para entremets y pasteles. Desmoldeo perfecto, transparencia y fijaci\u00f3n profesional.","breadcrumb":{"@id":"https:\/\/www.csj-emballages.com\/es\/produit\/rollo-de-rodoide-45-mm-x-200-m\/#breadcrumb"},"inLanguage":"es","potentialAction":[{"@type":"ReadAction","target":["https:\/\/www.csj-emballages.com\/es\/produit\/rollo-de-rodoide-45-mm-x-200-m\/"]}]},{"@type":"ImageObject","inLanguage":"es","@id":"https:\/\/www.csj-emballages.com\/es\/produit\/rollo-de-rodoide-45-mm-x-200-m\/#primaryimage","url":"https:\/\/www.csj-emballages.com\/wp-content\/uploads\/2024\/03\/RHODOID.webp","contentUrl":"https:\/\/www.csj-emballages.com\/wp-content\/uploads\/2024\/03\/RHODOID.webp","width":800,"height":800,"caption":"Chi Mai"},{"@type":"BreadcrumbList","@id":"https:\/\/www.csj-emballages.com\/es\/produit\/rollo-de-rodoide-45-mm-x-200-m\/#breadcrumb","itemListElement":[{"@type":"ListItem","position":1,"name":"Accueil","item":"https:\/\/www.csj-emballages.com\/es\/universo-del-envasado-alimentario\/"},{"@type":"ListItem","position":2,"name":"Tienda","item":"https:\/\/www.csj-emballages.com\/tienda\/"},{"@type":"ListItem","position":3,"name":"Rollo de rodoide 45 mm x 200 m"}]},{"@type":"WebSite","@id":"https:\/\/www.csj-emballages.com\/es\/#website","url":"https:\/\/www.csj-emballages.com\/es\/","name":"CSJ Emballages","description":"","publisher":{"@id":"https:\/\/www.csj-emballages.com\/es\/#organization"},"potentialAction":[{"@type":"SearchAction","target":{"@type":"EntryPoint","urlTemplate":"https:\/\/www.csj-emballages.com\/es\/?s={search_term_string}"},"query-input":{"@type":"PropertyValueSpecification","valueRequired":true,"valueName":"search_term_string"}}],"inLanguage":"es"},{"@type":"Organization","@id":"https:\/\/www.csj-emballages.com\/es\/#Organization\/","name":"CSJ Emballages","url":"https:\/\/www.csj-emballages.com\/es\/","logo":{"@type":"ImageObject","inLanguage":"es","@id":"https:\/\/www.csj-emballages.com\/es\/#\/schema\/logo\/image\/","url":"https:\/\/www.csj-emballages.com\/wp-content\/uploads\/2023\/10\/logo_csj.webp","contentUrl":"https:\/\/www.csj-emballages.com\/wp-content\/uploads\/2023\/10\/logo_csj.webp","width":250,"height":95,"caption":"CSJ Emballages"},"image":{"@id":"https:\/\/www.csj-emballages.com\/es\/#\/schema\/logo\/image\/"},"sameAs":["https:\/\/www.facebook.com\/csjemballages"],"address":{"@type":"PostalAddress","streetAddress":"ZI La Lechere","addressLocality":"Patornay","postalCode":"39130","addressCountry":"FR"},"contactPoint":[{"@type":"ContactPoint","contactType":"Service client","telephone":"0384254272","email":"contact@csj-emballages.com"}]}]}},"df_price":23.5,"df_sale_price":"","df_regular_price":23.5,"df_image_link":"https:\/\/www.csj-emballages.com\/wp-content\/uploads\/2024\/03\/RHODOID-300x300.webp","tiered_pricing_type":"fixed","tiered_pricing_fixed_rules":[],"tiered_pricing_percentage_rules":[],"tiered_pricing_minimum":1,"tiered_pricing_roles_data":[],"_links":{"self":[{"href":"https:\/\/www.csj-emballages.com\/es\/wp-json\/wp\/v2\/product\/22941","targetHints":{"allow":["GET"]}}],"collection":[{"href":"https:\/\/www.csj-emballages.com\/es\/wp-json\/wp\/v2\/product"}],"about":[{"href":"https:\/\/www.csj-emballages.com\/es\/wp-json\/wp\/v2\/types\/product"}],"wp:featuredmedia":[{"embeddable":true,"href":"https:\/\/www.csj-emballages.com\/es\/wp-json\/wp\/v2\/media\/244812"}],"wp:attachment":[{"href":"https:\/\/www.csj-emballages.com\/es\/wp-json\/wp\/v2\/media?parent=22941"}],"wp:term":[{"taxonomy":"product_brand","embeddable":true,"href":"https:\/\/www.csj-emballages.com\/es\/wp-json\/wp\/v2\/product_brand?post=22941"},{"taxonomy":"product_cat","embeddable":true,"href":"https:\/\/www.csj-emballages.com\/es\/wp-json\/wp\/v2\/product_cat?post=22941"},{"taxonomy":"product_tag","embeddable":true,"href":"https:\/\/www.csj-emballages.com\/es\/wp-json\/wp\/v2\/product_tag?post=22941"}],"curies":[{"name":"wp","href":"https:\/\/api.w.org\/{rel}","templated":true}]}}