{"id":22923,"date":"2024-03-01T16:50:16","date_gmt":"2024-03-01T15:50:16","guid":{"rendered":"https:\/\/u15jnbdpoq.preview.infomaniak.website\/produit\/500-circulos-blancos-lisos-o16-cm\/"},"modified":"2026-04-13T15:14:35","modified_gmt":"2026-04-13T13:14:35","slug":"500-circulos-blancos-lisos-o16-cm","status":"publish","type":"product","link":"https:\/\/www.csj-emballages.com\/es\/produit\/500-circulos-blancos-lisos-o16-cm\/","title":{"rendered":"Redondo blanco liso \u00f816 cm por 500"},"content":{"rendered":"<h2>Blanco redondo<\/h2>\n<hr>\n<h3>Descripci\u00f3n de nuestro redondo blanco liso \u00f816 cm por 500<\/h3>\n<p><!--more--><\/p>\n<p data-start=\"138\" data-end=\"451\">\u00bfBusca una forma pr\u00e1ctica y discreta de mostrar sus creaciones culinarias? El <strong data-start=\"238\" data-end=\"265\">redondo liso blanco \u00f816 cm<\/strong> es la soluci\u00f3n ideal para los profesionales de la restauraci\u00f3n, la pasteler\u00eda o los eventos. Disponible en paquetes de <strong>500<\/strong> unidades, combina sencillez, eficacia e higiene.  <\/p>\n<p data-start=\"453\" data-end=\"885\">Fabricado con un material resistente, este <strong data-start=\"493\" data-end=\"515\">aro blanco desechable<\/strong> es perfecto para multitud de usos. Tanto si lo utiliza para colocar porciones de tarta, entremets, tartas, mignardises o platos salados, ofrece una presentaci\u00f3n limpia y profesional. Gracias a su superficie <strong data-start=\"761\" data-end=\"781\">lisa y blanca<\/strong>, resalta los colores y texturas de los alimentos sin robar protagonismo a sus creaciones.  <\/p>\n<p data-start=\"887\" data-end=\"1180\">Adem\u00e1s, sus <strong data-start=\"900\" data-end=\"921\">16 cm de di\u00e1metro<\/strong> lo convierten en un formato vers\u00e1til: ni demasiado grande ni demasiado peque\u00f1o, es ideal para cualquier ocasi\u00f3n. Gracias a su robusto dise\u00f1o, no se deforma con facilidad y garantiza un soporte \u00f3ptimo, incluso para preparaciones algo m\u00e1s pesadas. <\/p>\n<p data-start=\"1182\" data-end=\"1495\">Este <strong>soporte redondo<\/strong> tambi\u00e9n est\u00e1 dise\u00f1ado para ahorrarle tiempo. F\u00e1cil de manipular, apilar y almacenar, le permite trabajar eficazmente en la cocina o el laboratorio. Si elige este paquete de <strong>500 unidades<\/strong>, tendr\u00e1 la seguridad de disponer siempre de las existencias necesarias para sus servicios, buf\u00e9s o eventos.  <\/p>\n<p data-start=\"1497\" data-end=\"1825\">En resumen, este <strong>soporte para tartas<\/strong> <strong data-start=\"1511\" data-end=\"1538\">redondo blanco liso \u00d816 cm<\/strong> no es solo un simple soporte: es un verdadero aliado para presentar sus elaboraciones con cuidado y profesionalidad, a la vez que simplifica su organizaci\u00f3n. Un imprescindible para todos los profesionales de la alimentaci\u00f3n que desean aunar <strong data-start=\"1771\" data-end=\"1809\">practicidad, est\u00e9tica y fiabilidad<\/strong> en el d\u00eda a d\u00eda. <\/p>\n<p><!--more--><\/p>\n<h4><strong>Ventajas :<\/strong><\/h4>\n<ul>\n<li>Presentaci\u00f3n elegante y neutra para realzar sus creaciones.<\/li>\n<li><strong>Formato vers\u00e1til de \u00f816 cm<\/strong>, adecuado tanto para platos dulces como salados.<\/li>\n<li>Duradero y f\u00e1cil de manejar.<\/li>\n<li>En paquetes de <strong>500<\/strong> unidades.<\/li>\n<\/ul>\n<p>&nbsp;<\/p>\n<p><!--more--><\/p>\n<h4>Informaci\u00f3n adicional :<\/h4>\n<ul>\n<li><strong>Envase<\/strong>: Paquete de 500 unidades<\/li>\n<li><strong>Di\u00e1metro<\/strong>: 16 cm<\/li>\n<li><strong>Material<\/strong>: Cart\u00f3n<\/li>\n<li><strong>Color<\/strong>: blanco<\/li>\n<\/ul>\n<p>&nbsp;<\/p>\n<p><!--more--><\/p>\n<p>Este soporte para tartas redondo blanco liso est\u00e1 disponible en diferentes tama\u00f1os: <span style=\"color: #d12727;\"><a style=\"color: #d12727;\" href=\"https:\/\/www.csj-emballages.com\/produit\/250-ronds-blancs-lisses-o14-cm\/\">\u00d814 cm<\/a><\/span> \/ <span style=\"color: #d12727;\"><a style=\"color: #d12727;\" href=\"https:\/\/www.csj-emballages.com\/produit\/500-ronds-blancs-lisses-o18-cm\/\">\u00d818 cm<\/a><\/span> \/ <span style=\"color: #d12727;\"><a style=\"color: #d12727;\" href=\"https:\/\/www.csj-emballages.com\/produit\/250-ronds-blancs-lisses-o20-cm\/\">\u00d820 cm<\/a><\/span> \/ <span style=\"color: #d12727;\"><a style=\"color: #d12727;\" href=\"https:\/\/www.csj-emballages.com\/produit\/250-ronds-blancs-lisses-o22-cm\/\">\u00d822 cm<\/a><\/span> \/ <span style=\"color: #d12727;\"><a style=\"color: #d12727;\" href=\"https:\/\/www.csj-emballages.com\/produit\/250-ronds-blancs-lisses-o24-cm\/\">\u00d824 cm<\/a><\/span> \/       <span style=\"color: #d12727;\"><a style=\"color: #d12727;\" href=\"https:\/\/www.csj-emballages.com\/produit\/250-ronds-blancs-lisses-o26-cm\/\">\u00d826 cm<\/a><\/span> \/ <span style=\"color: #d12727;\"><a style=\"color: #d12727;\" href=\"https:\/\/www.csj-emballages.com\/produit\/250-ronds-blancs-lisses-o28-cm\/\">\u00d828 cm<\/a> \/ <a style=\"color: #d12727;\" href=\"https:\/\/www.csj-emballages.com\/produit\/250-ronds-blancs-lisses-o30-cm\/\">\u00d830 cm<\/a> \/ <a style=\"color: #d12727;\" href=\"https:\/\/www.csj-emballages.com\/produit\/250-ronds-blancs-lisses-o32-cm\/\">\u00d832 cm<\/a><\/span><\/p>\n<p>&nbsp;<\/p>\n<p><!--more--><\/p>\n<p><a href=\"\/?product_cat=supports-a-gateaux-non-festonnes\">Consulte aqu\u00ed el resto de nuestra gama de redondos blancos lisos<\/a><\/p>\n","protected":false},"excerpt":{"rendered":"<p>Blanco redondo Descripci\u00f3n de nuestro redondo blanco liso \u00f816 cm por 500<\/p>\n","protected":false},"featured_media":242602,"template":"","meta":{"_acf_changed":false},"product_brand":[],"product_cat":[1150,1145,1911,3255],"product_tag":[],"class_list":{"0":"post-22923","1":"product","2":"type-product","3":"status-publish","4":"has-post-thumbnail","6":"product_cat-envasado-de-alimentos","7":"product_cat-panaderia-y-pasteleria","8":"product_cat-soportes-de-base-para-tartas","9":"product_cat-soportes-para-tartas-sin-feston","11":"first","12":"instock","13":"taxable","14":"shipping-taxable","15":"purchasable","16":"product-type-simple"},"acf":[],"yoast_head":"<!-- This site is optimized with the Yoast SEO Premium plugin v26.6 (Yoast SEO v26.6) - https:\/\/yoast.com\/wordpress\/plugins\/seo\/ -->\n<title>Redondo blanco liso \u00f816 cm por 500<\/title>\n<meta name=\"description\" content=\"Redondo blanco liso \u00d816 cm en lote de 250. Soporte pr\u00e1ctico y elegante para tartas, postres y preparaciones saladas. Ideal para profesionales y eventos.\" \/>\n<meta name=\"robots\" content=\"index, follow, max-snippet:-1, max-image-preview:large, max-video-preview:-1\" \/>\n<link rel=\"canonical\" href=\"https:\/\/www.csj-emballages.com\/es\/produit\/500-circulos-blancos-lisos-o16-cm\/\" \/>\n<meta property=\"og:locale\" content=\"es_ES\" \/>\n<meta property=\"og:type\" content=\"article\" \/>\n<meta property=\"og:title\" content=\"Redondo blanco liso \u00f816 cm por 500\" \/>\n<meta property=\"og:description\" content=\"Redondo blanco liso \u00d816 cm en lote de 250. Soporte pr\u00e1ctico y elegante para tartas, postres y preparaciones saladas. Ideal para profesionales y eventos.\" \/>\n<meta property=\"og:url\" content=\"https:\/\/www.csj-emballages.com\/es\/produit\/500-circulos-blancos-lisos-o16-cm\/\" \/>\n<meta property=\"og:site_name\" content=\"CSJ Emballages\" \/>\n<meta property=\"article:publisher\" content=\"https:\/\/www.facebook.com\/csjemballages\" \/>\n<meta property=\"article:modified_time\" content=\"2026-04-13T13:14:35+00:00\" \/>\n<meta property=\"og:image\" content=\"https:\/\/www.csj-emballages.com\/wp-content\/uploads\/2024\/03\/Rond-blanc-3.webp\" \/>\n\t<meta property=\"og:image:width\" content=\"800\" \/>\n\t<meta property=\"og:image:height\" content=\"800\" \/>\n\t<meta property=\"og:image:type\" content=\"image\/webp\" \/>\n<meta name=\"twitter:card\" content=\"summary_large_image\" \/>\n<meta name=\"twitter:label1\" content=\"Tiempo de lectura\" \/>\n\t<meta name=\"twitter:data1\" content=\"2 minutos\" \/>\n<script type=\"application\/ld+json\" class=\"yoast-schema-graph\">{\"@context\":\"https:\/\/schema.org\",\"@graph\":[{\"@type\":\"WebPage\",\"@id\":\"https:\/\/www.csj-emballages.com\/es\/produit\/500-circulos-blancos-lisos-o16-cm\/\",\"url\":\"https:\/\/www.csj-emballages.com\/es\/produit\/500-circulos-blancos-lisos-o16-cm\/\",\"name\":\"Redondo blanco liso \u00f816 cm por 500\",\"isPartOf\":{\"@id\":\"https:\/\/www.csj-emballages.com\/es\/#website\"},\"primaryImageOfPage\":{\"@id\":\"https:\/\/www.csj-emballages.com\/es\/produit\/500-circulos-blancos-lisos-o16-cm\/#primaryimage\"},\"image\":{\"@id\":\"https:\/\/www.csj-emballages.com\/es\/produit\/500-circulos-blancos-lisos-o16-cm\/#primaryimage\"},\"thumbnailUrl\":\"https:\/\/www.csj-emballages.com\/wp-content\/uploads\/2024\/03\/Rond-blanc-3.webp\",\"datePublished\":\"2024-03-01T15:50:16+00:00\",\"dateModified\":\"2026-04-13T13:14:35+00:00\",\"description\":\"Redondo blanco liso \u00d816 cm en lote de 250. Soporte pr\u00e1ctico y elegante para tartas, postres y preparaciones saladas. Ideal para profesionales y eventos.\",\"breadcrumb\":{\"@id\":\"https:\/\/www.csj-emballages.com\/es\/produit\/500-circulos-blancos-lisos-o16-cm\/#breadcrumb\"},\"inLanguage\":\"es\",\"potentialAction\":[{\"@type\":\"ReadAction\",\"target\":[\"https:\/\/www.csj-emballages.com\/es\/produit\/500-circulos-blancos-lisos-o16-cm\/\"]}]},{\"@type\":\"ImageObject\",\"inLanguage\":\"es\",\"@id\":\"https:\/\/www.csj-emballages.com\/es\/produit\/500-circulos-blancos-lisos-o16-cm\/#primaryimage\",\"url\":\"https:\/\/www.csj-emballages.com\/wp-content\/uploads\/2024\/03\/Rond-blanc-3.webp\",\"contentUrl\":\"https:\/\/www.csj-emballages.com\/wp-content\/uploads\/2024\/03\/Rond-blanc-3.webp\",\"width\":800,\"height\":800,\"caption\":\"Rond blanc\"},{\"@type\":\"BreadcrumbList\",\"@id\":\"https:\/\/www.csj-emballages.com\/es\/produit\/500-circulos-blancos-lisos-o16-cm\/#breadcrumb\",\"itemListElement\":[{\"@type\":\"ListItem\",\"position\":1,\"name\":\"Accueil\",\"item\":\"https:\/\/www.csj-emballages.com\/es\/universo-del-envasado-alimentario\/\"},{\"@type\":\"ListItem\",\"position\":2,\"name\":\"Tienda\",\"item\":\"https:\/\/www.csj-emballages.com\/tienda\/\"},{\"@type\":\"ListItem\",\"position\":3,\"name\":\"Redondo blanco liso \u00f816 cm por 500\"}]},{\"@type\":\"WebSite\",\"@id\":\"https:\/\/www.csj-emballages.com\/es\/#website\",\"url\":\"https:\/\/www.csj-emballages.com\/es\/\",\"name\":\"CSJ Emballages\",\"description\":\"\",\"publisher\":{\"@id\":\"https:\/\/www.csj-emballages.com\/es\/#organization\"},\"potentialAction\":[{\"@type\":\"SearchAction\",\"target\":{\"@type\":\"EntryPoint\",\"urlTemplate\":\"https:\/\/www.csj-emballages.com\/es\/?s={search_term_string}\"},\"query-input\":{\"@type\":\"PropertyValueSpecification\",\"valueRequired\":true,\"valueName\":\"search_term_string\"}}],\"inLanguage\":\"es\"},{\"@type\":\"Organization\",\"@id\":\"https:\/\/www.csj-emballages.com\/es\/#Organization\/\",\"name\":\"CSJ Emballages\",\"url\":\"https:\/\/www.csj-emballages.com\/es\/\",\"logo\":{\"@type\":\"ImageObject\",\"inLanguage\":\"es\",\"@id\":\"https:\/\/www.csj-emballages.com\/es\/#\/schema\/logo\/image\/\",\"url\":\"https:\/\/www.csj-emballages.com\/wp-content\/uploads\/2023\/10\/logo_csj.webp\",\"contentUrl\":\"https:\/\/www.csj-emballages.com\/wp-content\/uploads\/2023\/10\/logo_csj.webp\",\"width\":250,\"height\":95,\"caption\":\"CSJ Emballages\"},\"image\":{\"@id\":\"https:\/\/www.csj-emballages.com\/es\/#\/schema\/logo\/image\/\"},\"sameAs\":[\"https:\/\/www.facebook.com\/csjemballages\"],\"address\":{\"@type\":\"PostalAddress\",\"streetAddress\":\"ZI La Lechere\",\"addressLocality\":\"Patornay\",\"postalCode\":\"39130\",\"addressCountry\":\"FR\"},\"contactPoint\":[{\"@type\":\"ContactPoint\",\"contactType\":\"Service client\",\"telephone\":\"0384254272\",\"email\":\"contact@csj-emballages.com\"}]}]}<\/script>\n<!-- \/ Yoast SEO Premium plugin. -->","yoast_head_json":{"title":"Redondo blanco liso \u00f816 cm por 500","description":"Redondo blanco liso \u00d816 cm en lote de 250. Soporte pr\u00e1ctico y elegante para tartas, postres y preparaciones saladas. Ideal para profesionales y eventos.","robots":{"index":"index","follow":"follow","max-snippet":"max-snippet:-1","max-image-preview":"max-image-preview:large","max-video-preview":"max-video-preview:-1"},"canonical":"https:\/\/www.csj-emballages.com\/es\/produit\/500-circulos-blancos-lisos-o16-cm\/","og_locale":"es_ES","og_type":"article","og_title":"Redondo blanco liso \u00f816 cm por 500","og_description":"Redondo blanco liso \u00d816 cm en lote de 250. Soporte pr\u00e1ctico y elegante para tartas, postres y preparaciones saladas. Ideal para profesionales y eventos.","og_url":"https:\/\/www.csj-emballages.com\/es\/produit\/500-circulos-blancos-lisos-o16-cm\/","og_site_name":"CSJ Emballages","article_publisher":"https:\/\/www.facebook.com\/csjemballages","article_modified_time":"2026-04-13T13:14:35+00:00","og_image":[{"width":800,"height":800,"url":"https:\/\/www.csj-emballages.com\/wp-content\/uploads\/2024\/03\/Rond-blanc-3.webp","type":"image\/webp"}],"twitter_card":"summary_large_image","twitter_misc":{"Tiempo de lectura":"2 minutos"},"schema":{"@context":"https:\/\/schema.org","@graph":[{"@type":"WebPage","@id":"https:\/\/www.csj-emballages.com\/es\/produit\/500-circulos-blancos-lisos-o16-cm\/","url":"https:\/\/www.csj-emballages.com\/es\/produit\/500-circulos-blancos-lisos-o16-cm\/","name":"Redondo blanco liso \u00f816 cm por 500","isPartOf":{"@id":"https:\/\/www.csj-emballages.com\/es\/#website"},"primaryImageOfPage":{"@id":"https:\/\/www.csj-emballages.com\/es\/produit\/500-circulos-blancos-lisos-o16-cm\/#primaryimage"},"image":{"@id":"https:\/\/www.csj-emballages.com\/es\/produit\/500-circulos-blancos-lisos-o16-cm\/#primaryimage"},"thumbnailUrl":"https:\/\/www.csj-emballages.com\/wp-content\/uploads\/2024\/03\/Rond-blanc-3.webp","datePublished":"2024-03-01T15:50:16+00:00","dateModified":"2026-04-13T13:14:35+00:00","description":"Redondo blanco liso \u00d816 cm en lote de 250. Soporte pr\u00e1ctico y elegante para tartas, postres y preparaciones saladas. Ideal para profesionales y eventos.","breadcrumb":{"@id":"https:\/\/www.csj-emballages.com\/es\/produit\/500-circulos-blancos-lisos-o16-cm\/#breadcrumb"},"inLanguage":"es","potentialAction":[{"@type":"ReadAction","target":["https:\/\/www.csj-emballages.com\/es\/produit\/500-circulos-blancos-lisos-o16-cm\/"]}]},{"@type":"ImageObject","inLanguage":"es","@id":"https:\/\/www.csj-emballages.com\/es\/produit\/500-circulos-blancos-lisos-o16-cm\/#primaryimage","url":"https:\/\/www.csj-emballages.com\/wp-content\/uploads\/2024\/03\/Rond-blanc-3.webp","contentUrl":"https:\/\/www.csj-emballages.com\/wp-content\/uploads\/2024\/03\/Rond-blanc-3.webp","width":800,"height":800,"caption":"Rond blanc"},{"@type":"BreadcrumbList","@id":"https:\/\/www.csj-emballages.com\/es\/produit\/500-circulos-blancos-lisos-o16-cm\/#breadcrumb","itemListElement":[{"@type":"ListItem","position":1,"name":"Accueil","item":"https:\/\/www.csj-emballages.com\/es\/universo-del-envasado-alimentario\/"},{"@type":"ListItem","position":2,"name":"Tienda","item":"https:\/\/www.csj-emballages.com\/tienda\/"},{"@type":"ListItem","position":3,"name":"Redondo blanco liso \u00f816 cm por 500"}]},{"@type":"WebSite","@id":"https:\/\/www.csj-emballages.com\/es\/#website","url":"https:\/\/www.csj-emballages.com\/es\/","name":"CSJ Emballages","description":"","publisher":{"@id":"https:\/\/www.csj-emballages.com\/es\/#organization"},"potentialAction":[{"@type":"SearchAction","target":{"@type":"EntryPoint","urlTemplate":"https:\/\/www.csj-emballages.com\/es\/?s={search_term_string}"},"query-input":{"@type":"PropertyValueSpecification","valueRequired":true,"valueName":"search_term_string"}}],"inLanguage":"es"},{"@type":"Organization","@id":"https:\/\/www.csj-emballages.com\/es\/#Organization\/","name":"CSJ Emballages","url":"https:\/\/www.csj-emballages.com\/es\/","logo":{"@type":"ImageObject","inLanguage":"es","@id":"https:\/\/www.csj-emballages.com\/es\/#\/schema\/logo\/image\/","url":"https:\/\/www.csj-emballages.com\/wp-content\/uploads\/2023\/10\/logo_csj.webp","contentUrl":"https:\/\/www.csj-emballages.com\/wp-content\/uploads\/2023\/10\/logo_csj.webp","width":250,"height":95,"caption":"CSJ Emballages"},"image":{"@id":"https:\/\/www.csj-emballages.com\/es\/#\/schema\/logo\/image\/"},"sameAs":["https:\/\/www.facebook.com\/csjemballages"],"address":{"@type":"PostalAddress","streetAddress":"ZI La Lechere","addressLocality":"Patornay","postalCode":"39130","addressCountry":"FR"},"contactPoint":[{"@type":"ContactPoint","contactType":"Service client","telephone":"0384254272","email":"contact@csj-emballages.com"}]}]}},"df_price":18.48,"df_sale_price":"","df_regular_price":18.48,"df_image_link":"https:\/\/www.csj-emballages.com\/wp-content\/uploads\/2024\/03\/Rond-blanc-3-300x300.webp","tiered_pricing_type":"fixed","tiered_pricing_fixed_rules":[],"tiered_pricing_percentage_rules":[],"tiered_pricing_minimum":1,"tiered_pricing_roles_data":[],"_links":{"self":[{"href":"https:\/\/www.csj-emballages.com\/es\/wp-json\/wp\/v2\/product\/22923","targetHints":{"allow":["GET"]}}],"collection":[{"href":"https:\/\/www.csj-emballages.com\/es\/wp-json\/wp\/v2\/product"}],"about":[{"href":"https:\/\/www.csj-emballages.com\/es\/wp-json\/wp\/v2\/types\/product"}],"wp:featuredmedia":[{"embeddable":true,"href":"https:\/\/www.csj-emballages.com\/es\/wp-json\/wp\/v2\/media\/242602"}],"wp:attachment":[{"href":"https:\/\/www.csj-emballages.com\/es\/wp-json\/wp\/v2\/media?parent=22923"}],"wp:term":[{"taxonomy":"product_brand","embeddable":true,"href":"https:\/\/www.csj-emballages.com\/es\/wp-json\/wp\/v2\/product_brand?post=22923"},{"taxonomy":"product_cat","embeddable":true,"href":"https:\/\/www.csj-emballages.com\/es\/wp-json\/wp\/v2\/product_cat?post=22923"},{"taxonomy":"product_tag","embeddable":true,"href":"https:\/\/www.csj-emballages.com\/es\/wp-json\/wp\/v2\/product_tag?post=22923"}],"curies":[{"name":"wp","href":"https:\/\/api.w.org\/{rel}","templated":true}]}}