{"id":22896,"date":"2024-03-01T16:50:18","date_gmt":"2024-03-01T15:50:18","guid":{"rendered":"https:\/\/u15jnbdpoq.preview.infomaniak.website\/produit\/1000-toallitas-de-limon-para-enjuagar-los-dedos\/"},"modified":"2026-04-29T02:17:08","modified_gmt":"2026-04-29T00:17:08","slug":"1000-toallitas-de-limon-para-enjuagar-los-dedos","status":"publish","type":"product","link":"https:\/\/www.csj-emballages.com\/es\/produit\/1000-toallitas-de-limon-para-enjuagar-los-dedos\/","title":{"rendered":"Juego de 1000 enjuagues de lim\u00f3n para los dedos"},"content":{"rendered":"<h2>Enjuague de dedos<\/h2>\n<hr>\n<h3>Descubre nuestro enjuague de dedos al lim\u00f3n por 1000<\/h3>\n<p><!--more--><\/p>\n<p data-start=\"255\" data-end=\"578\">El <strong data-start=\"258\" data-end=\"290\">enjuague de dedos Lemon by<\/strong> 1000 es indispensable para todos los profesionales de la restauraci\u00f3n y los eventos, e incluso para los particulares a los que les gusta agasajar con esmero. Pr\u00e1ctico e higi\u00e9nico, ofrece una soluci\u00f3n sencilla para que sus clientes o invitados se limpien las manos despu\u00e9s de comer. <\/p>\n<p data-start=\"580\" data-end=\"936\">Especialmente popular cuando se come marisco, crust\u00e1ceos, carnes a la parrilla o alimentos para comer con los dedos, el <strong data-start=\"715\" data-end=\"738\">enjuague de dedos de lim\u00f3n<\/strong> a\u00f1ade un verdadero toque de comodidad y limpieza. Cada <strong>toallita<\/strong> est\u00e1 impregnada de una soluci\u00f3n <strong>perfumada con lim\u00f3n<\/strong> que limpia eficazmente a la vez que deja una agradable sensaci\u00f3n de frescor. <\/p>\n<p data-start=\"938\" data-end=\"1232\">Envasado en econ\u00f3micos lotes de <strong data-start=\"971\" data-end=\"986\">1.000 unidades<\/strong>, este producto es ideal para <strong data-start=\"1018\" data-end=\"1033\">restaurantes<\/strong>, <strong data-start=\"1035\" data-end=\"1048\">empresas de catering<\/strong>, <strong data-start=\"1050\" data-end=\"1063\">bares de aperitivos<\/strong> y organizadores de fiestas. Con este formato, puede estar seguro de tener siempre suficiente para satisfacer a sus clientes, sin quedarse sin existencias. <\/p>\n<p data-start=\"1234\" data-end=\"1519\">Su formato individual en sobre cerrado garantiza una higiene perfecta: cada cliente tiene su propio <strong data-start=\"1333\" data-end=\"1349\">enjuague de dedos<\/strong> listo para usar. F\u00e1cil de dispensar y transportar, puede utilizarse en cualquier situaci\u00f3n, ya sea en el comedor, para llevar, en la terraza o en eventos festivos. <\/p>\n<p data-start=\"1521\" data-end=\"1843\">Adem\u00e1s de ser pr\u00e1ctico, este peque\u00f1o detalle demuestra tu profesionalidad y la atenci\u00f3n que prestas a tus invitados. Porque en el sector de la restauraci\u00f3n, a menudo es este tipo de atenci\u00f3n el que marca la diferencia. Con el <strong data-start=\"1738\" data-end=\"1770\">enjuague de dedos 1000 limones<\/strong>, podr\u00e1 combinar <strong data-start=\"1786\" data-end=\"1821\">limpieza, comodidad y eficacia<\/strong> en un solo gesto.  <\/p>\n<p>&nbsp;<\/p>\n<p><!--more--><\/p>\n<h4>Ventajas :<\/h4>\n<ul>\n<li>Higiene garantizada gracias al envasado individual.<\/li>\n<li>R\u00e1pido y f\u00e1cil de usar.<\/li>\n<li>Fragancia de lim\u00f3n fresco que deja una agradable sensaci\u00f3n.<\/li>\n<li>Formato econ\u00f3mico con 1000 unidades.<\/li>\n<li><strong data-start=\"2074\" data-end=\"2088\">Vers\u00e1til<\/strong>: adecuado para catering, eventos y comidas con amigos.<\/li>\n<\/ul>\n<p>&nbsp;<\/p>\n<p><!--more--><\/p>\n<h4>Informaci\u00f3n adicional :<\/h4>\n<ul>\n<li><strong>Embalaje<\/strong>: Caja de 1000<\/li>\n<li><strong>Dimensiones<\/strong>: 135 x 130 mm<\/li>\n<li>Soluci\u00f3n perfumada de lim\u00f3n<\/li>\n<\/ul>\n<p>&nbsp;<\/p>\n<p><!--more--><\/p>\n<p><a href=\"https:\/\/www.csj-emballages.com\/es\/categorie-produit\/envasado-de-alimentos\/catering-es\/servilletas-manteles-individuales-manteles\/toallitas-para-los-dedos\/\">Ver el resto de nuestra gama de toallitas para los dedos<\/a><\/p>\n","protected":false},"excerpt":{"rendered":"<p>Enjuague de dedos Descubre nuestro enjuague de dedos al lim\u00f3n por 1000<\/p>\n","protected":false},"featured_media":215575,"template":"","meta":{"_acf_changed":false},"product_brand":[],"product_cat":[1150,1179,1182,3253],"product_tag":[],"class_list":{"0":"post-22896","1":"product","2":"type-product","3":"status-publish","4":"has-post-thumbnail","6":"product_cat-envasado-de-alimentos","7":"product_cat-catering-es","8":"product_cat-servilletas-manteles-individuales-manteles","9":"product_cat-toallitas-para-los-dedos","11":"first","12":"instock","13":"taxable","14":"shipping-taxable","15":"purchasable","16":"product-type-simple"},"acf":[],"yoast_head":"<!-- This site is optimized with the Yoast SEO Premium plugin v26.6 (Yoast SEO v26.6) - https:\/\/yoast.com\/wordpress\/plugins\/seo\/ -->\n<title>Toalla Enjuague Lim\u00f3n - Por 1000<\/title>\n<meta name=\"description\" content=\"Descubra nuestras toallitas de ducha con aroma a lim\u00f3n. Se venden en cajas de 1000 unidades, son pr\u00e1cticas y huelen bien.\" \/>\n<meta name=\"robots\" content=\"index, follow, max-snippet:-1, max-image-preview:large, max-video-preview:-1\" \/>\n<link rel=\"canonical\" href=\"https:\/\/www.csj-emballages.com\/es\/produit\/1000-toallitas-de-limon-para-enjuagar-los-dedos\/\" \/>\n<meta property=\"og:locale\" content=\"es_ES\" \/>\n<meta property=\"og:type\" content=\"article\" \/>\n<meta property=\"og:title\" content=\"Juego de 1000 enjuagues de lim\u00f3n para los dedos\" \/>\n<meta property=\"og:description\" content=\"Descubra nuestras toallitas de ducha con aroma a lim\u00f3n. Se venden en cajas de 1000 unidades, son pr\u00e1cticas y huelen bien.\" \/>\n<meta property=\"og:url\" content=\"https:\/\/www.csj-emballages.com\/es\/produit\/1000-toallitas-de-limon-para-enjuagar-los-dedos\/\" \/>\n<meta property=\"og:site_name\" content=\"CSJ Emballages\" \/>\n<meta property=\"article:publisher\" content=\"https:\/\/www.facebook.com\/csjemballages\" \/>\n<meta property=\"article:modified_time\" content=\"2026-04-29T00:17:08+00:00\" \/>\n<meta property=\"og:image\" content=\"https:\/\/www.csj-emballages.com\/wp-content\/uploads\/2024\/03\/rince-doigt.webp\" \/>\n\t<meta property=\"og:image:width\" content=\"800\" \/>\n\t<meta property=\"og:image:height\" content=\"800\" \/>\n\t<meta property=\"og:image:type\" content=\"image\/webp\" \/>\n<meta name=\"twitter:card\" content=\"summary_large_image\" \/>\n<meta name=\"twitter:label1\" content=\"Tiempo de lectura\" \/>\n\t<meta name=\"twitter:data1\" content=\"2 minutos\" \/>\n<script type=\"application\/ld+json\" class=\"yoast-schema-graph\">{\"@context\":\"https:\/\/schema.org\",\"@graph\":[{\"@type\":\"WebPage\",\"@id\":\"https:\/\/www.csj-emballages.com\/es\/produit\/1000-toallitas-de-limon-para-enjuagar-los-dedos\/\",\"url\":\"https:\/\/www.csj-emballages.com\/es\/produit\/1000-toallitas-de-limon-para-enjuagar-los-dedos\/\",\"name\":\"Toalla Enjuague Lim\u00f3n - Por 1000\",\"isPartOf\":{\"@id\":\"https:\/\/www.csj-emballages.com\/es\/#website\"},\"primaryImageOfPage\":{\"@id\":\"https:\/\/www.csj-emballages.com\/es\/produit\/1000-toallitas-de-limon-para-enjuagar-los-dedos\/#primaryimage\"},\"image\":{\"@id\":\"https:\/\/www.csj-emballages.com\/es\/produit\/1000-toallitas-de-limon-para-enjuagar-los-dedos\/#primaryimage\"},\"thumbnailUrl\":\"https:\/\/www.csj-emballages.com\/wp-content\/uploads\/2024\/03\/rince-doigt.webp\",\"datePublished\":\"2024-03-01T15:50:18+00:00\",\"dateModified\":\"2026-04-29T00:17:08+00:00\",\"description\":\"Descubra nuestras toallitas de ducha con aroma a lim\u00f3n. Se venden en cajas de 1000 unidades, son pr\u00e1cticas y huelen bien.\",\"breadcrumb\":{\"@id\":\"https:\/\/www.csj-emballages.com\/es\/produit\/1000-toallitas-de-limon-para-enjuagar-los-dedos\/#breadcrumb\"},\"inLanguage\":\"es\",\"potentialAction\":[{\"@type\":\"ReadAction\",\"target\":[\"https:\/\/www.csj-emballages.com\/es\/produit\/1000-toallitas-de-limon-para-enjuagar-los-dedos\/\"]}]},{\"@type\":\"ImageObject\",\"inLanguage\":\"es\",\"@id\":\"https:\/\/www.csj-emballages.com\/es\/produit\/1000-toallitas-de-limon-para-enjuagar-los-dedos\/#primaryimage\",\"url\":\"https:\/\/www.csj-emballages.com\/wp-content\/uploads\/2024\/03\/rince-doigt.webp\",\"contentUrl\":\"https:\/\/www.csj-emballages.com\/wp-content\/uploads\/2024\/03\/rince-doigt.webp\",\"width\":800,\"height\":800,\"caption\":\"Rince doigt\"},{\"@type\":\"BreadcrumbList\",\"@id\":\"https:\/\/www.csj-emballages.com\/es\/produit\/1000-toallitas-de-limon-para-enjuagar-los-dedos\/#breadcrumb\",\"itemListElement\":[{\"@type\":\"ListItem\",\"position\":1,\"name\":\"Accueil\",\"item\":\"https:\/\/www.csj-emballages.com\/es\/universo-del-envasado-alimentario\/\"},{\"@type\":\"ListItem\",\"position\":2,\"name\":\"Tienda\",\"item\":\"https:\/\/www.csj-emballages.com\/tienda\/\"},{\"@type\":\"ListItem\",\"position\":3,\"name\":\"Juego de 1000 enjuagues de lim\u00f3n para los dedos\"}]},{\"@type\":\"WebSite\",\"@id\":\"https:\/\/www.csj-emballages.com\/es\/#website\",\"url\":\"https:\/\/www.csj-emballages.com\/es\/\",\"name\":\"CSJ Emballages\",\"description\":\"\",\"publisher\":{\"@id\":\"https:\/\/www.csj-emballages.com\/es\/#organization\"},\"potentialAction\":[{\"@type\":\"SearchAction\",\"target\":{\"@type\":\"EntryPoint\",\"urlTemplate\":\"https:\/\/www.csj-emballages.com\/es\/?s={search_term_string}\"},\"query-input\":{\"@type\":\"PropertyValueSpecification\",\"valueRequired\":true,\"valueName\":\"search_term_string\"}}],\"inLanguage\":\"es\"},{\"@type\":\"Organization\",\"@id\":\"https:\/\/www.csj-emballages.com\/es\/#Organization\/\",\"name\":\"CSJ Emballages\",\"url\":\"https:\/\/www.csj-emballages.com\/es\/\",\"logo\":{\"@type\":\"ImageObject\",\"inLanguage\":\"es\",\"@id\":\"https:\/\/www.csj-emballages.com\/es\/#\/schema\/logo\/image\/\",\"url\":\"https:\/\/www.csj-emballages.com\/wp-content\/uploads\/2023\/10\/logo_csj.webp\",\"contentUrl\":\"https:\/\/www.csj-emballages.com\/wp-content\/uploads\/2023\/10\/logo_csj.webp\",\"width\":250,\"height\":95,\"caption\":\"CSJ Emballages\"},\"image\":{\"@id\":\"https:\/\/www.csj-emballages.com\/es\/#\/schema\/logo\/image\/\"},\"sameAs\":[\"https:\/\/www.facebook.com\/csjemballages\"],\"address\":{\"@type\":\"PostalAddress\",\"streetAddress\":\"ZI La Lechere\",\"addressLocality\":\"Patornay\",\"postalCode\":\"39130\",\"addressCountry\":\"FR\"},\"contactPoint\":[{\"@type\":\"ContactPoint\",\"contactType\":\"Service client\",\"telephone\":\"0384254272\",\"email\":\"contact@csj-emballages.com\"}]}]}<\/script>\n<!-- \/ Yoast SEO Premium plugin. -->","yoast_head_json":{"title":"Toalla Enjuague Lim\u00f3n - Por 1000","description":"Descubra nuestras toallitas de ducha con aroma a lim\u00f3n. Se venden en cajas de 1000 unidades, son pr\u00e1cticas y huelen bien.","robots":{"index":"index","follow":"follow","max-snippet":"max-snippet:-1","max-image-preview":"max-image-preview:large","max-video-preview":"max-video-preview:-1"},"canonical":"https:\/\/www.csj-emballages.com\/es\/produit\/1000-toallitas-de-limon-para-enjuagar-los-dedos\/","og_locale":"es_ES","og_type":"article","og_title":"Juego de 1000 enjuagues de lim\u00f3n para los dedos","og_description":"Descubra nuestras toallitas de ducha con aroma a lim\u00f3n. Se venden en cajas de 1000 unidades, son pr\u00e1cticas y huelen bien.","og_url":"https:\/\/www.csj-emballages.com\/es\/produit\/1000-toallitas-de-limon-para-enjuagar-los-dedos\/","og_site_name":"CSJ Emballages","article_publisher":"https:\/\/www.facebook.com\/csjemballages","article_modified_time":"2026-04-29T00:17:08+00:00","og_image":[{"width":800,"height":800,"url":"https:\/\/www.csj-emballages.com\/wp-content\/uploads\/2024\/03\/rince-doigt.webp","type":"image\/webp"}],"twitter_card":"summary_large_image","twitter_misc":{"Tiempo de lectura":"2 minutos"},"schema":{"@context":"https:\/\/schema.org","@graph":[{"@type":"WebPage","@id":"https:\/\/www.csj-emballages.com\/es\/produit\/1000-toallitas-de-limon-para-enjuagar-los-dedos\/","url":"https:\/\/www.csj-emballages.com\/es\/produit\/1000-toallitas-de-limon-para-enjuagar-los-dedos\/","name":"Toalla Enjuague Lim\u00f3n - Por 1000","isPartOf":{"@id":"https:\/\/www.csj-emballages.com\/es\/#website"},"primaryImageOfPage":{"@id":"https:\/\/www.csj-emballages.com\/es\/produit\/1000-toallitas-de-limon-para-enjuagar-los-dedos\/#primaryimage"},"image":{"@id":"https:\/\/www.csj-emballages.com\/es\/produit\/1000-toallitas-de-limon-para-enjuagar-los-dedos\/#primaryimage"},"thumbnailUrl":"https:\/\/www.csj-emballages.com\/wp-content\/uploads\/2024\/03\/rince-doigt.webp","datePublished":"2024-03-01T15:50:18+00:00","dateModified":"2026-04-29T00:17:08+00:00","description":"Descubra nuestras toallitas de ducha con aroma a lim\u00f3n. Se venden en cajas de 1000 unidades, son pr\u00e1cticas y huelen bien.","breadcrumb":{"@id":"https:\/\/www.csj-emballages.com\/es\/produit\/1000-toallitas-de-limon-para-enjuagar-los-dedos\/#breadcrumb"},"inLanguage":"es","potentialAction":[{"@type":"ReadAction","target":["https:\/\/www.csj-emballages.com\/es\/produit\/1000-toallitas-de-limon-para-enjuagar-los-dedos\/"]}]},{"@type":"ImageObject","inLanguage":"es","@id":"https:\/\/www.csj-emballages.com\/es\/produit\/1000-toallitas-de-limon-para-enjuagar-los-dedos\/#primaryimage","url":"https:\/\/www.csj-emballages.com\/wp-content\/uploads\/2024\/03\/rince-doigt.webp","contentUrl":"https:\/\/www.csj-emballages.com\/wp-content\/uploads\/2024\/03\/rince-doigt.webp","width":800,"height":800,"caption":"Rince doigt"},{"@type":"BreadcrumbList","@id":"https:\/\/www.csj-emballages.com\/es\/produit\/1000-toallitas-de-limon-para-enjuagar-los-dedos\/#breadcrumb","itemListElement":[{"@type":"ListItem","position":1,"name":"Accueil","item":"https:\/\/www.csj-emballages.com\/es\/universo-del-envasado-alimentario\/"},{"@type":"ListItem","position":2,"name":"Tienda","item":"https:\/\/www.csj-emballages.com\/tienda\/"},{"@type":"ListItem","position":3,"name":"Juego de 1000 enjuagues de lim\u00f3n para los dedos"}]},{"@type":"WebSite","@id":"https:\/\/www.csj-emballages.com\/es\/#website","url":"https:\/\/www.csj-emballages.com\/es\/","name":"CSJ Emballages","description":"","publisher":{"@id":"https:\/\/www.csj-emballages.com\/es\/#organization"},"potentialAction":[{"@type":"SearchAction","target":{"@type":"EntryPoint","urlTemplate":"https:\/\/www.csj-emballages.com\/es\/?s={search_term_string}"},"query-input":{"@type":"PropertyValueSpecification","valueRequired":true,"valueName":"search_term_string"}}],"inLanguage":"es"},{"@type":"Organization","@id":"https:\/\/www.csj-emballages.com\/es\/#Organization\/","name":"CSJ Emballages","url":"https:\/\/www.csj-emballages.com\/es\/","logo":{"@type":"ImageObject","inLanguage":"es","@id":"https:\/\/www.csj-emballages.com\/es\/#\/schema\/logo\/image\/","url":"https:\/\/www.csj-emballages.com\/wp-content\/uploads\/2023\/10\/logo_csj.webp","contentUrl":"https:\/\/www.csj-emballages.com\/wp-content\/uploads\/2023\/10\/logo_csj.webp","width":250,"height":95,"caption":"CSJ Emballages"},"image":{"@id":"https:\/\/www.csj-emballages.com\/es\/#\/schema\/logo\/image\/"},"sameAs":["https:\/\/www.facebook.com\/csjemballages"],"address":{"@type":"PostalAddress","streetAddress":"ZI La Lechere","addressLocality":"Patornay","postalCode":"39130","addressCountry":"FR"},"contactPoint":[{"@type":"ContactPoint","contactType":"Service client","telephone":"0384254272","email":"contact@csj-emballages.com"}]}]}},"df_price":29.62,"df_sale_price":"","df_regular_price":29.62,"df_image_link":"https:\/\/www.csj-emballages.com\/wp-content\/uploads\/2024\/03\/rince-doigt-300x300.webp","tiered_pricing_type":"fixed","tiered_pricing_fixed_rules":[],"tiered_pricing_percentage_rules":[],"tiered_pricing_minimum":1,"tiered_pricing_roles_data":[],"_links":{"self":[{"href":"https:\/\/www.csj-emballages.com\/es\/wp-json\/wp\/v2\/product\/22896","targetHints":{"allow":["GET"]}}],"collection":[{"href":"https:\/\/www.csj-emballages.com\/es\/wp-json\/wp\/v2\/product"}],"about":[{"href":"https:\/\/www.csj-emballages.com\/es\/wp-json\/wp\/v2\/types\/product"}],"wp:featuredmedia":[{"embeddable":true,"href":"https:\/\/www.csj-emballages.com\/es\/wp-json\/wp\/v2\/media\/215575"}],"wp:attachment":[{"href":"https:\/\/www.csj-emballages.com\/es\/wp-json\/wp\/v2\/media?parent=22896"}],"wp:term":[{"taxonomy":"product_brand","embeddable":true,"href":"https:\/\/www.csj-emballages.com\/es\/wp-json\/wp\/v2\/product_brand?post=22896"},{"taxonomy":"product_cat","embeddable":true,"href":"https:\/\/www.csj-emballages.com\/es\/wp-json\/wp\/v2\/product_cat?post=22896"},{"taxonomy":"product_tag","embeddable":true,"href":"https:\/\/www.csj-emballages.com\/es\/wp-json\/wp\/v2\/product_tag?post=22896"}],"curies":[{"name":"wp","href":"https:\/\/api.w.org\/{rel}","templated":true}]}}